{"id":4953,"date":"2026-03-10T19:33:50","date_gmt":"2026-03-10T19:33:50","guid":{"rendered":"https:\/\/publicacionesaquila.com\/?post_type=product&#038;p=4953"},"modified":"2026-03-10T19:37:10","modified_gmt":"2026-03-10T19:37:10","slug":"habacuc-el-triunfo-de-la-fe-sobre-el-temor","status":"publish","type":"product","link":"https:\/\/publicacionesaquila.com\/en\/product\/habacuc-el-triunfo-de-la-fe-sobre-el-temor\/","title":{"rendered":"Habacuc: El Triunfo de la Fe sobre el Temor"},"content":{"rendered":"","protected":false},"excerpt":{"rendered":"<p>&nbsp;<\/p>\n<p><a style=\"display: inline-block; padding: 12px 24px; font-size: 14px; color: black; background-color: white; border: 2px solid #000; border-radius: 5px; text-decoration: none; transition: all 0.3s ease; cursor: pointer;\" href=\"https:\/\/www.cristianismohist.com\/habacuc-el-triunfo-de-la-fe-sobre-el-temor\/\" target=\"_blank\" rel=\"noopener\">Order this book<br \/>\n<\/a><\/p>\n<p>&nbsp;<\/p>\n<p>Habacuc pudo ver que la sociedad jud\u00eda se hab\u00eda convertido en un verdadero desastre moral. Le repugnaba contemplar que el pueblo teocr\u00e1tico de Dios, el pueblo del Antiguo Pacto, viviera como si no conociera al Se\u00f1or. Todo cuanto ve\u00eda a su alrededor lo desconcertaba profundamente.<\/p>\n<p>Al comienzo de su libro, encontramos a Habacuc en oraci\u00f3n. Desde all\u00ed levanta dos de las preguntas m\u00e1s dif\u00edciles y m\u00e1s humanas que pueden brotar del coraz\u00f3n: <strong>\u00bfHasta cu\u00e1ndo?<\/strong> y <strong>\u00bfPor qu\u00e9?<\/strong>. \u00bfQui\u00e9n no ha llevado alguna vez estas mismas preguntas delante del Se\u00f1or? \u201c\u00bfPor qu\u00e9 est\u00e1 ocurriendo esto?\u201d \u201c\u00bfCu\u00e1nto tiempo durar\u00e1 esta situaci\u00f3n?\u201d<\/p>\n<p>Habacuc expresa su carga en una s\u00faplica po\u00e9tica, intensa y conmovedora. Al mirar la condici\u00f3n de la sociedad jud\u00eda, se ve rodeado de violencia, iniquidad, impiedad, destrucci\u00f3n, pleitos y contiendas. Su clamor parece surgir desde lo m\u00e1s profundo del alma: \u201cSe\u00f1or, \u00bfno lo ves? \u00bfPor qu\u00e9 lo permites? \u00bfCu\u00e1ndo actuar\u00e1s? \u00bfNo eres bueno? \u00bfNo eres poderoso? \u00bfNo eres el Dios de Tu pueblo? Tu nombre est\u00e1 en juego. \u00bfPor qu\u00e9 prevalece el mal? \u00bfCu\u00e1nto tiempo ha de pasar antes que corrijas toda esta maldad?\u201d<\/p>\n<p>Acercarse al Santo Dios del cielo con preguntas como estas parece, a primera vista, algo arriesgado. \u00bfEst\u00e1 Habacuc cruzando la l\u00ednea? \u00bfEst\u00e1 hablando con irreverencia? \u00bfC\u00f3mo responder\u00e1 el Se\u00f1or a un siervo que, en medio de su perplejidad, se atreve a llevar delante de \u00c9l las preguntas m\u00e1s dolorosas del coraz\u00f3n?<\/p>","protected":false},"featured_media":4954,"comment_status":"open","ping_status":"closed","template":"","meta":[],"product_brand":[757],"product_cat":[139],"product_tag":[],"class_list":{"0":"post-4953","1":"product","2":"type-product","3":"status-publish","4":"has-post-thumbnail","6":"product_brand-alan-dunn","7":"product_cat-aquila","9":"first","10":"instock","11":"sale","12":"shipping-taxable","13":"product-type-simple"},"yoast_head":"<!-- This site is optimized with the Yoast SEO plugin v27.5 - https:\/\/yoast.com\/product\/yoast-seo-wordpress\/ -->\n<title>Habacuc: El Triunfo de la Fe sobre el Temor - Publicaciones Aquila<\/title>\n<meta name=\"robots\" content=\"index, follow, max-snippet:-1, max-image-preview:large, max-video-preview:-1\" \/>\n<link rel=\"canonical\" href=\"https:\/\/publicacionesaquila.com\/en\/product\/habacuc-el-triunfo-de-la-fe-sobre-el-temor\/\" \/>\n<meta property=\"og:locale\" content=\"en_US\" \/>\n<meta property=\"og:type\" content=\"article\" \/>\n<meta property=\"og:title\" content=\"Habacuc: El Triunfo de la Fe sobre el Temor - Publicaciones Aquila\" \/>\n<meta property=\"og:description\" content=\"&nbsp;  Ordenar este libro   &nbsp;  Habacuc pudo ver que la sociedad jud\u00eda se hab\u00eda convertido en un verdadero desastre moral. Le repugnaba contemplar que el pueblo teocr\u00e1tico de Dios, el pueblo del Antiguo Pacto, viviera como si no conociera al Se\u00f1or. Todo cuanto ve\u00eda a su alrededor lo desconcertaba profundamente.  Al comienzo de su libro, encontramos a Habacuc en oraci\u00f3n. Desde all\u00ed levanta dos de las preguntas m\u00e1s dif\u00edciles y m\u00e1s humanas que pueden brotar del coraz\u00f3n: \u00bfHasta cu\u00e1ndo? y \u00bfPor qu\u00e9?. \u00bfQui\u00e9n no ha llevado alguna vez estas mismas preguntas delante del Se\u00f1or? \u201c\u00bfPor qu\u00e9 est\u00e1 ocurriendo esto?\u201d \u201c\u00bfCu\u00e1nto tiempo durar\u00e1 esta situaci\u00f3n?\u201d  Habacuc expresa su carga en una s\u00faplica po\u00e9tica, intensa y conmovedora. Al mirar la condici\u00f3n de la sociedad jud\u00eda, se ve rodeado de violencia, iniquidad, impiedad, destrucci\u00f3n, pleitos y contiendas. Su clamor parece surgir desde lo m\u00e1s profundo del alma: \u201cSe\u00f1or, \u00bfno lo ves? \u00bfPor qu\u00e9 lo permites? \u00bfCu\u00e1ndo actuar\u00e1s? \u00bfNo eres bueno? \u00bfNo eres poderoso? \u00bfNo eres el Dios de Tu pueblo? Tu nombre est\u00e1 en juego. \u00bfPor qu\u00e9 prevalece el mal? \u00bfCu\u00e1nto tiempo ha de pasar antes que corrijas toda esta maldad?\u201d  Acercarse al Santo Dios del cielo con preguntas como estas parece, a primera vista, algo arriesgado. \u00bfEst\u00e1 Habacuc cruzando la l\u00ednea? \u00bfEst\u00e1 hablando con irreverencia? \u00bfC\u00f3mo responder\u00e1 el Se\u00f1or a un siervo que, en medio de su perplejidad, se atreve a llevar delante de \u00c9l las preguntas m\u00e1s dolorosas del coraz\u00f3n?\" \/>\n<meta property=\"og:url\" content=\"https:\/\/publicacionesaquila.com\/en\/product\/habacuc-el-triunfo-de-la-fe-sobre-el-temor\/\" \/>\n<meta property=\"og:site_name\" content=\"Publicaciones Aquila\" \/>\n<meta property=\"article:modified_time\" content=\"2026-03-10T19:37:10+00:00\" \/>\n<meta property=\"og:image\" content=\"https:\/\/publicacionesaquila.com\/wp-content\/uploads\/2026\/03\/Habacuc.jpg\" \/>\n\t<meta property=\"og:image:width\" content=\"1080\" \/>\n\t<meta property=\"og:image:height\" content=\"1080\" \/>\n\t<meta property=\"og:image:type\" content=\"image\/jpeg\" \/>\n<meta name=\"twitter:card\" content=\"summary_large_image\" \/>\n<meta name=\"twitter:label1\" content=\"Est. reading time\" \/>\n\t<meta name=\"twitter:data1\" content=\"1 minute\" \/>\n<script type=\"application\/ld+json\" class=\"yoast-schema-graph\">{\"@context\":\"https:\\\/\\\/schema.org\",\"@graph\":[{\"@type\":\"WebPage\",\"@id\":\"https:\\\/\\\/publicacionesaquila.com\\\/producto\\\/habacuc-el-triunfo-de-la-fe-sobre-el-temor\\\/\",\"url\":\"https:\\\/\\\/publicacionesaquila.com\\\/producto\\\/habacuc-el-triunfo-de-la-fe-sobre-el-temor\\\/\",\"name\":\"Habacuc: El Triunfo de la Fe sobre el Temor - Publicaciones Aquila\",\"isPartOf\":{\"@id\":\"https:\\\/\\\/publicacionesaquila.com\\\/#website\"},\"primaryImageOfPage\":{\"@id\":\"https:\\\/\\\/publicacionesaquila.com\\\/producto\\\/habacuc-el-triunfo-de-la-fe-sobre-el-temor\\\/#primaryimage\"},\"image\":{\"@id\":\"https:\\\/\\\/publicacionesaquila.com\\\/producto\\\/habacuc-el-triunfo-de-la-fe-sobre-el-temor\\\/#primaryimage\"},\"thumbnailUrl\":\"https:\\\/\\\/publicacionesaquila.com\\\/wp-content\\\/uploads\\\/2026\\\/03\\\/Habacuc.jpg\",\"datePublished\":\"2026-03-10T19:33:50+00:00\",\"dateModified\":\"2026-03-10T19:37:10+00:00\",\"breadcrumb\":{\"@id\":\"https:\\\/\\\/publicacionesaquila.com\\\/producto\\\/habacuc-el-triunfo-de-la-fe-sobre-el-temor\\\/#breadcrumb\"},\"inLanguage\":\"en-US\",\"potentialAction\":[{\"@type\":\"ReadAction\",\"target\":[\"https:\\\/\\\/publicacionesaquila.com\\\/producto\\\/habacuc-el-triunfo-de-la-fe-sobre-el-temor\\\/\"]}]},{\"@type\":\"ImageObject\",\"inLanguage\":\"en-US\",\"@id\":\"https:\\\/\\\/publicacionesaquila.com\\\/producto\\\/habacuc-el-triunfo-de-la-fe-sobre-el-temor\\\/#primaryimage\",\"url\":\"https:\\\/\\\/publicacionesaquila.com\\\/wp-content\\\/uploads\\\/2026\\\/03\\\/Habacuc.jpg\",\"contentUrl\":\"https:\\\/\\\/publicacionesaquila.com\\\/wp-content\\\/uploads\\\/2026\\\/03\\\/Habacuc.jpg\",\"width\":1080,\"height\":1080},{\"@type\":\"BreadcrumbList\",\"@id\":\"https:\\\/\\\/publicacionesaquila.com\\\/producto\\\/habacuc-el-triunfo-de-la-fe-sobre-el-temor\\\/#breadcrumb\",\"itemListElement\":[{\"@type\":\"ListItem\",\"position\":1,\"name\":\"Portada\",\"item\":\"https:\\\/\\\/publicacionesaquila.com\\\/\"},{\"@type\":\"ListItem\",\"position\":2,\"name\":\"Publicaciones\",\"item\":\"https:\\\/\\\/publicacionesaquila.com\\\/publicaciones\\\/\"},{\"@type\":\"ListItem\",\"position\":3,\"name\":\"Habacuc: El Triunfo de la Fe sobre el Temor\"}]},{\"@type\":\"WebSite\",\"@id\":\"https:\\\/\\\/publicacionesaquila.com\\\/#website\",\"url\":\"https:\\\/\\\/publicacionesaquila.com\\\/\",\"name\":\"Publicaciones Aquila\",\"description\":\"Cat\u00e1logo de Libros\",\"potentialAction\":[{\"@type\":\"SearchAction\",\"target\":{\"@type\":\"EntryPoint\",\"urlTemplate\":\"https:\\\/\\\/publicacionesaquila.com\\\/?s={search_term_string}\"},\"query-input\":{\"@type\":\"PropertyValueSpecification\",\"valueRequired\":true,\"valueName\":\"search_term_string\"}}],\"inLanguage\":\"en-US\"}]}<\/script>\n<!-- \/ Yoast SEO plugin. -->","yoast_head_json":{"title":"Habacuc: El Triunfo de la Fe sobre el Temor - Publicaciones Aquila","robots":{"index":"index","follow":"follow","max-snippet":"max-snippet:-1","max-image-preview":"max-image-preview:large","max-video-preview":"max-video-preview:-1"},"canonical":"https:\/\/publicacionesaquila.com\/en\/product\/habacuc-el-triunfo-de-la-fe-sobre-el-temor\/","og_locale":"en_US","og_type":"article","og_title":"Habacuc: El Triunfo de la Fe sobre el Temor - Publicaciones Aquila","og_description":"&nbsp;  Ordenar este libro   &nbsp;  Habacuc pudo ver que la sociedad jud\u00eda se hab\u00eda convertido en un verdadero desastre moral. Le repugnaba contemplar que el pueblo teocr\u00e1tico de Dios, el pueblo del Antiguo Pacto, viviera como si no conociera al Se\u00f1or. Todo cuanto ve\u00eda a su alrededor lo desconcertaba profundamente.  Al comienzo de su libro, encontramos a Habacuc en oraci\u00f3n. Desde all\u00ed levanta dos de las preguntas m\u00e1s dif\u00edciles y m\u00e1s humanas que pueden brotar del coraz\u00f3n: \u00bfHasta cu\u00e1ndo? y \u00bfPor qu\u00e9?. \u00bfQui\u00e9n no ha llevado alguna vez estas mismas preguntas delante del Se\u00f1or? \u201c\u00bfPor qu\u00e9 est\u00e1 ocurriendo esto?\u201d \u201c\u00bfCu\u00e1nto tiempo durar\u00e1 esta situaci\u00f3n?\u201d  Habacuc expresa su carga en una s\u00faplica po\u00e9tica, intensa y conmovedora. Al mirar la condici\u00f3n de la sociedad jud\u00eda, se ve rodeado de violencia, iniquidad, impiedad, destrucci\u00f3n, pleitos y contiendas. Su clamor parece surgir desde lo m\u00e1s profundo del alma: \u201cSe\u00f1or, \u00bfno lo ves? \u00bfPor qu\u00e9 lo permites? \u00bfCu\u00e1ndo actuar\u00e1s? \u00bfNo eres bueno? \u00bfNo eres poderoso? \u00bfNo eres el Dios de Tu pueblo? Tu nombre est\u00e1 en juego. \u00bfPor qu\u00e9 prevalece el mal? \u00bfCu\u00e1nto tiempo ha de pasar antes que corrijas toda esta maldad?\u201d  Acercarse al Santo Dios del cielo con preguntas como estas parece, a primera vista, algo arriesgado. \u00bfEst\u00e1 Habacuc cruzando la l\u00ednea? \u00bfEst\u00e1 hablando con irreverencia? \u00bfC\u00f3mo responder\u00e1 el Se\u00f1or a un siervo que, en medio de su perplejidad, se atreve a llevar delante de \u00c9l las preguntas m\u00e1s dolorosas del coraz\u00f3n?","og_url":"https:\/\/publicacionesaquila.com\/en\/product\/habacuc-el-triunfo-de-la-fe-sobre-el-temor\/","og_site_name":"Publicaciones Aquila","article_modified_time":"2026-03-10T19:37:10+00:00","og_image":[{"width":1080,"height":1080,"url":"https:\/\/publicacionesaquila.com\/wp-content\/uploads\/2026\/03\/Habacuc.jpg","type":"image\/jpeg"}],"twitter_card":"summary_large_image","twitter_misc":{"Est. reading time":"1 minute"},"schema":{"@context":"https:\/\/schema.org","@graph":[{"@type":"WebPage","@id":"https:\/\/publicacionesaquila.com\/producto\/habacuc-el-triunfo-de-la-fe-sobre-el-temor\/","url":"https:\/\/publicacionesaquila.com\/producto\/habacuc-el-triunfo-de-la-fe-sobre-el-temor\/","name":"Habacuc: El Triunfo de la Fe sobre el Temor - Publicaciones Aquila","isPartOf":{"@id":"https:\/\/publicacionesaquila.com\/#website"},"primaryImageOfPage":{"@id":"https:\/\/publicacionesaquila.com\/producto\/habacuc-el-triunfo-de-la-fe-sobre-el-temor\/#primaryimage"},"image":{"@id":"https:\/\/publicacionesaquila.com\/producto\/habacuc-el-triunfo-de-la-fe-sobre-el-temor\/#primaryimage"},"thumbnailUrl":"https:\/\/publicacionesaquila.com\/wp-content\/uploads\/2026\/03\/Habacuc.jpg","datePublished":"2026-03-10T19:33:50+00:00","dateModified":"2026-03-10T19:37:10+00:00","breadcrumb":{"@id":"https:\/\/publicacionesaquila.com\/producto\/habacuc-el-triunfo-de-la-fe-sobre-el-temor\/#breadcrumb"},"inLanguage":"en-US","potentialAction":[{"@type":"ReadAction","target":["https:\/\/publicacionesaquila.com\/producto\/habacuc-el-triunfo-de-la-fe-sobre-el-temor\/"]}]},{"@type":"ImageObject","inLanguage":"en-US","@id":"https:\/\/publicacionesaquila.com\/producto\/habacuc-el-triunfo-de-la-fe-sobre-el-temor\/#primaryimage","url":"https:\/\/publicacionesaquila.com\/wp-content\/uploads\/2026\/03\/Habacuc.jpg","contentUrl":"https:\/\/publicacionesaquila.com\/wp-content\/uploads\/2026\/03\/Habacuc.jpg","width":1080,"height":1080},{"@type":"BreadcrumbList","@id":"https:\/\/publicacionesaquila.com\/producto\/habacuc-el-triunfo-de-la-fe-sobre-el-temor\/#breadcrumb","itemListElement":[{"@type":"ListItem","position":1,"name":"Portada","item":"https:\/\/publicacionesaquila.com\/"},{"@type":"ListItem","position":2,"name":"Publicaciones","item":"https:\/\/publicacionesaquila.com\/publicaciones\/"},{"@type":"ListItem","position":3,"name":"Habacuc: El Triunfo de la Fe sobre el Temor"}]},{"@type":"WebSite","@id":"https:\/\/publicacionesaquila.com\/#website","url":"https:\/\/publicacionesaquila.com\/","name":"Aquila Publications","description":"Cat\u00e1logo de Libros","potentialAction":[{"@type":"SearchAction","target":{"@type":"EntryPoint","urlTemplate":"https:\/\/publicacionesaquila.com\/?s={search_term_string}"},"query-input":{"@type":"PropertyValueSpecification","valueRequired":true,"valueName":"search_term_string"}}],"inLanguage":"en-US"}]}},"_links":{"self":[{"href":"https:\/\/publicacionesaquila.com\/en\/wp-json\/wp\/v2\/product\/4953","targetHints":{"allow":["GET"]}}],"collection":[{"href":"https:\/\/publicacionesaquila.com\/en\/wp-json\/wp\/v2\/product"}],"about":[{"href":"https:\/\/publicacionesaquila.com\/en\/wp-json\/wp\/v2\/types\/product"}],"replies":[{"embeddable":true,"href":"https:\/\/publicacionesaquila.com\/en\/wp-json\/wp\/v2\/comments?post=4953"}],"wp:featuredmedia":[{"embeddable":true,"href":"https:\/\/publicacionesaquila.com\/en\/wp-json\/wp\/v2\/media\/4954"}],"wp:attachment":[{"href":"https:\/\/publicacionesaquila.com\/en\/wp-json\/wp\/v2\/media?parent=4953"}],"wp:term":[{"taxonomy":"product_brand","embeddable":true,"href":"https:\/\/publicacionesaquila.com\/en\/wp-json\/wp\/v2\/product_brand?post=4953"},{"taxonomy":"product_cat","embeddable":true,"href":"https:\/\/publicacionesaquila.com\/en\/wp-json\/wp\/v2\/product_cat?post=4953"},{"taxonomy":"product_tag","embeddable":true,"href":"https:\/\/publicacionesaquila.com\/en\/wp-json\/wp\/v2\/product_tag?post=4953"}],"curies":[{"name":"wp","href":"https:\/\/api.w.org\/{rel}","templated":true}]}}