{"id":4948,"date":"2026-03-10T19:14:37","date_gmt":"2026-03-10T19:14:37","guid":{"rendered":"https:\/\/publicacionesaquila.com\/?post_type=product&#038;p=4948"},"modified":"2026-03-10T19:39:21","modified_gmt":"2026-03-10T19:39:21","slug":"la-biblia-y-el-lugar-de-oracion","status":"publish","type":"product","link":"https:\/\/publicacionesaquila.com\/en\/product\/la-biblia-y-el-lugar-de-oracion\/","title":{"rendered":"La Biblia y el Lugar de Oraci\u00f3n"},"content":{"rendered":"","protected":false},"excerpt":{"rendered":"<p>&nbsp;<\/p>\n<p><a style=\"display: inline-block; padding: 12px 24px; font-size: 14px; color: black; background-color: white; border: 2px solid #000; border-radius: 5px; text-decoration: none; transition: all 0.3s ease; cursor: pointer;\" href=\"https:\/\/www.cristianismohist.com\/la-biblia-y-el-lugar-de-oracion\/\" target=\"_blank\" rel=\"noopener\">Order this book<br \/>\n<\/a><\/p>\n<p>&nbsp;<\/p>\n<p>\u00bfAmamos la <strong>Palabra de Dios<\/strong>? \u00bfLa atesoramos con todo nuestro coraz\u00f3n, \u201cm\u00e1s que a nuestra propia comida\u201d? (Job 23:12). Los puritanos eran santos que as\u00ed lo hac\u00edan. Sus escritos est\u00e1n hermosamente permeados con la fragancia de la Biblia, a tal punto que de uno de ellos se dijo: \u201c\u00a1Este hombre es una <strong>Biblia andante<\/strong>! P\u00ednchalo en cualquier lugar, y ver\u00e1s que sangrar\u00e1 la Biblia\u201d. Hacemos bien en aprender de ellos, y nuestras mentes y corazones ser\u00e1n grandemente nutridos si asimilamos su forma de leer, estudiar, memorizar, aplicar y vivir la Palabra de Dios. Nuestros pensamientos ser\u00e1n ordenados, nuestros corazones afirmados y nuestros pasos enderezados cuando atesoremos la Escritura como lo hicieron aquellos santos del pasado.<\/p>\n<p>De igual manera, la <strong>oraci\u00f3n<\/strong> es vital para nuestra salud espiritual. La oraci\u00f3n, as\u00ed como la Escritura, es un <strong>tesoro de incalculable valor<\/strong>. Si la Biblia es la sangre, la oraci\u00f3n es el coraz\u00f3n que impulsa la Palabra de Dios a nuestros pensamientos y la hace vida en nuestro interior. El momento m\u00e1s \u00edntimo del d\u00eda, de lectura y oraci\u00f3n, es donde Dios nos ense\u00f1a sabidur\u00eda (Sal. 51:6). Conocer al Sant\u00edsimo es la inteligencia (Prov. 9:10), y solo podemos conocer a Cristo por medio de Su Palabra, con la ayuda de Su Santo Esp\u00edritu, en oraci\u00f3n sincera.<\/p>\n<p>Y he aqu\u00ed que <strong>dos hombres de Dios<\/strong> nos comparten de su conocimiento y experiencia para fortalecernos en nuestra carrera cristiana.<\/p>","protected":false},"featured_media":4952,"comment_status":"closed","ping_status":"closed","template":"","meta":[],"product_brand":[879],"product_cat":[139],"product_tag":[],"class_list":{"0":"post-4948","1":"product","2":"type-product","3":"status-publish","4":"has-post-thumbnail","6":"product_brand-thomas-watson-samuel-lee","7":"product_cat-aquila","9":"first","10":"instock","11":"sale","12":"shipping-taxable","13":"product-type-simple"},"yoast_head":"<!-- This site is optimized with the Yoast SEO plugin v27.5 - https:\/\/yoast.com\/product\/yoast-seo-wordpress\/ -->\n<title>La Biblia y el Lugar de Oraci\u00f3n - Publicaciones Aquila<\/title>\n<meta name=\"robots\" content=\"index, follow, max-snippet:-1, max-image-preview:large, max-video-preview:-1\" \/>\n<link rel=\"canonical\" href=\"https:\/\/publicacionesaquila.com\/en\/product\/la-biblia-y-el-lugar-de-oracion\/\" \/>\n<meta property=\"og:locale\" content=\"en_US\" \/>\n<meta property=\"og:type\" content=\"article\" \/>\n<meta property=\"og:title\" content=\"La Biblia y el Lugar de Oraci\u00f3n - Publicaciones Aquila\" \/>\n<meta property=\"og:description\" content=\"&nbsp;  Ordenar este libro   &nbsp;  \u00bfAmamos la Palabra de Dios? \u00bfLa atesoramos con todo nuestro coraz\u00f3n, \u201cm\u00e1s que a nuestra propia comida\u201d? (Job 23:12). Los puritanos eran santos que as\u00ed lo hac\u00edan. Sus escritos est\u00e1n hermosamente permeados con la fragancia de la Biblia, a tal punto que de uno de ellos se dijo: \u201c\u00a1Este hombre es una Biblia andante! P\u00ednchalo en cualquier lugar, y ver\u00e1s que sangrar\u00e1 la Biblia\u201d. Hacemos bien en aprender de ellos, y nuestras mentes y corazones ser\u00e1n grandemente nutridos si asimilamos su forma de leer, estudiar, memorizar, aplicar y vivir la Palabra de Dios. Nuestros pensamientos ser\u00e1n ordenados, nuestros corazones afirmados y nuestros pasos enderezados cuando atesoremos la Escritura como lo hicieron aquellos santos del pasado.  De igual manera, la oraci\u00f3n es vital para nuestra salud espiritual. La oraci\u00f3n, as\u00ed como la Escritura, es un tesoro de incalculable valor. Si la Biblia es la sangre, la oraci\u00f3n es el coraz\u00f3n que impulsa la Palabra de Dios a nuestros pensamientos y la hace vida en nuestro interior. El momento m\u00e1s \u00edntimo del d\u00eda, de lectura y oraci\u00f3n, es donde Dios nos ense\u00f1a sabidur\u00eda (Sal. 51:6). Conocer al Sant\u00edsimo es la inteligencia (Prov. 9:10), y solo podemos conocer a Cristo por medio de Su Palabra, con la ayuda de Su Santo Esp\u00edritu, en oraci\u00f3n sincera.  Y he aqu\u00ed que dos hombres de Dios nos comparten de su conocimiento y experiencia para fortalecernos en nuestra carrera cristiana.\" \/>\n<meta property=\"og:url\" content=\"https:\/\/publicacionesaquila.com\/en\/product\/la-biblia-y-el-lugar-de-oracion\/\" \/>\n<meta property=\"og:site_name\" content=\"Publicaciones Aquila\" \/>\n<meta property=\"article:modified_time\" content=\"2026-03-10T19:39:21+00:00\" \/>\n<meta property=\"og:image\" content=\"https:\/\/publicacionesaquila.com\/wp-content\/uploads\/2026\/03\/LaBibliaOracion.jpg\" \/>\n\t<meta property=\"og:image:width\" content=\"1080\" \/>\n\t<meta property=\"og:image:height\" content=\"1080\" \/>\n\t<meta property=\"og:image:type\" content=\"image\/jpeg\" \/>\n<meta name=\"twitter:card\" content=\"summary_large_image\" \/>\n<meta name=\"twitter:label1\" content=\"Est. reading time\" \/>\n\t<meta name=\"twitter:data1\" content=\"1 minute\" \/>\n<script type=\"application\/ld+json\" class=\"yoast-schema-graph\">{\"@context\":\"https:\\\/\\\/schema.org\",\"@graph\":[{\"@type\":\"WebPage\",\"@id\":\"https:\\\/\\\/publicacionesaquila.com\\\/producto\\\/la-biblia-y-el-lugar-de-oracion\\\/\",\"url\":\"https:\\\/\\\/publicacionesaquila.com\\\/producto\\\/la-biblia-y-el-lugar-de-oracion\\\/\",\"name\":\"La Biblia y el Lugar de Oraci\u00f3n - Publicaciones Aquila\",\"isPartOf\":{\"@id\":\"https:\\\/\\\/publicacionesaquila.com\\\/#website\"},\"primaryImageOfPage\":{\"@id\":\"https:\\\/\\\/publicacionesaquila.com\\\/producto\\\/la-biblia-y-el-lugar-de-oracion\\\/#primaryimage\"},\"image\":{\"@id\":\"https:\\\/\\\/publicacionesaquila.com\\\/producto\\\/la-biblia-y-el-lugar-de-oracion\\\/#primaryimage\"},\"thumbnailUrl\":\"https:\\\/\\\/publicacionesaquila.com\\\/wp-content\\\/uploads\\\/2026\\\/03\\\/LaBibliaOracion.jpg\",\"datePublished\":\"2026-03-10T19:14:37+00:00\",\"dateModified\":\"2026-03-10T19:39:21+00:00\",\"breadcrumb\":{\"@id\":\"https:\\\/\\\/publicacionesaquila.com\\\/producto\\\/la-biblia-y-el-lugar-de-oracion\\\/#breadcrumb\"},\"inLanguage\":\"en-US\",\"potentialAction\":[{\"@type\":\"ReadAction\",\"target\":[\"https:\\\/\\\/publicacionesaquila.com\\\/producto\\\/la-biblia-y-el-lugar-de-oracion\\\/\"]}]},{\"@type\":\"ImageObject\",\"inLanguage\":\"en-US\",\"@id\":\"https:\\\/\\\/publicacionesaquila.com\\\/producto\\\/la-biblia-y-el-lugar-de-oracion\\\/#primaryimage\",\"url\":\"https:\\\/\\\/publicacionesaquila.com\\\/wp-content\\\/uploads\\\/2026\\\/03\\\/LaBibliaOracion.jpg\",\"contentUrl\":\"https:\\\/\\\/publicacionesaquila.com\\\/wp-content\\\/uploads\\\/2026\\\/03\\\/LaBibliaOracion.jpg\",\"width\":1080,\"height\":1080},{\"@type\":\"BreadcrumbList\",\"@id\":\"https:\\\/\\\/publicacionesaquila.com\\\/producto\\\/la-biblia-y-el-lugar-de-oracion\\\/#breadcrumb\",\"itemListElement\":[{\"@type\":\"ListItem\",\"position\":1,\"name\":\"Portada\",\"item\":\"https:\\\/\\\/publicacionesaquila.com\\\/\"},{\"@type\":\"ListItem\",\"position\":2,\"name\":\"Publicaciones\",\"item\":\"https:\\\/\\\/publicacionesaquila.com\\\/publicaciones\\\/\"},{\"@type\":\"ListItem\",\"position\":3,\"name\":\"La Biblia y el Lugar de Oraci\u00f3n\"}]},{\"@type\":\"WebSite\",\"@id\":\"https:\\\/\\\/publicacionesaquila.com\\\/#website\",\"url\":\"https:\\\/\\\/publicacionesaquila.com\\\/\",\"name\":\"Publicaciones Aquila\",\"description\":\"Cat\u00e1logo de Libros\",\"potentialAction\":[{\"@type\":\"SearchAction\",\"target\":{\"@type\":\"EntryPoint\",\"urlTemplate\":\"https:\\\/\\\/publicacionesaquila.com\\\/?s={search_term_string}\"},\"query-input\":{\"@type\":\"PropertyValueSpecification\",\"valueRequired\":true,\"valueName\":\"search_term_string\"}}],\"inLanguage\":\"en-US\"}]}<\/script>\n<!-- \/ Yoast SEO plugin. -->","yoast_head_json":{"title":"La Biblia y el Lugar de Oraci\u00f3n - Publicaciones Aquila","robots":{"index":"index","follow":"follow","max-snippet":"max-snippet:-1","max-image-preview":"max-image-preview:large","max-video-preview":"max-video-preview:-1"},"canonical":"https:\/\/publicacionesaquila.com\/en\/product\/la-biblia-y-el-lugar-de-oracion\/","og_locale":"en_US","og_type":"article","og_title":"La Biblia y el Lugar de Oraci\u00f3n - Publicaciones Aquila","og_description":"&nbsp;  Ordenar este libro   &nbsp;  \u00bfAmamos la Palabra de Dios? \u00bfLa atesoramos con todo nuestro coraz\u00f3n, \u201cm\u00e1s que a nuestra propia comida\u201d? (Job 23:12). Los puritanos eran santos que as\u00ed lo hac\u00edan. Sus escritos est\u00e1n hermosamente permeados con la fragancia de la Biblia, a tal punto que de uno de ellos se dijo: \u201c\u00a1Este hombre es una Biblia andante! P\u00ednchalo en cualquier lugar, y ver\u00e1s que sangrar\u00e1 la Biblia\u201d. Hacemos bien en aprender de ellos, y nuestras mentes y corazones ser\u00e1n grandemente nutridos si asimilamos su forma de leer, estudiar, memorizar, aplicar y vivir la Palabra de Dios. Nuestros pensamientos ser\u00e1n ordenados, nuestros corazones afirmados y nuestros pasos enderezados cuando atesoremos la Escritura como lo hicieron aquellos santos del pasado.  De igual manera, la oraci\u00f3n es vital para nuestra salud espiritual. La oraci\u00f3n, as\u00ed como la Escritura, es un tesoro de incalculable valor. Si la Biblia es la sangre, la oraci\u00f3n es el coraz\u00f3n que impulsa la Palabra de Dios a nuestros pensamientos y la hace vida en nuestro interior. El momento m\u00e1s \u00edntimo del d\u00eda, de lectura y oraci\u00f3n, es donde Dios nos ense\u00f1a sabidur\u00eda (Sal. 51:6). Conocer al Sant\u00edsimo es la inteligencia (Prov. 9:10), y solo podemos conocer a Cristo por medio de Su Palabra, con la ayuda de Su Santo Esp\u00edritu, en oraci\u00f3n sincera.  Y he aqu\u00ed que dos hombres de Dios nos comparten de su conocimiento y experiencia para fortalecernos en nuestra carrera cristiana.","og_url":"https:\/\/publicacionesaquila.com\/en\/product\/la-biblia-y-el-lugar-de-oracion\/","og_site_name":"Publicaciones Aquila","article_modified_time":"2026-03-10T19:39:21+00:00","og_image":[{"width":1080,"height":1080,"url":"https:\/\/publicacionesaquila.com\/wp-content\/uploads\/2026\/03\/LaBibliaOracion.jpg","type":"image\/jpeg"}],"twitter_card":"summary_large_image","twitter_misc":{"Est. reading time":"1 minute"},"schema":{"@context":"https:\/\/schema.org","@graph":[{"@type":"WebPage","@id":"https:\/\/publicacionesaquila.com\/producto\/la-biblia-y-el-lugar-de-oracion\/","url":"https:\/\/publicacionesaquila.com\/producto\/la-biblia-y-el-lugar-de-oracion\/","name":"La Biblia y el Lugar de Oraci\u00f3n - Publicaciones Aquila","isPartOf":{"@id":"https:\/\/publicacionesaquila.com\/#website"},"primaryImageOfPage":{"@id":"https:\/\/publicacionesaquila.com\/producto\/la-biblia-y-el-lugar-de-oracion\/#primaryimage"},"image":{"@id":"https:\/\/publicacionesaquila.com\/producto\/la-biblia-y-el-lugar-de-oracion\/#primaryimage"},"thumbnailUrl":"https:\/\/publicacionesaquila.com\/wp-content\/uploads\/2026\/03\/LaBibliaOracion.jpg","datePublished":"2026-03-10T19:14:37+00:00","dateModified":"2026-03-10T19:39:21+00:00","breadcrumb":{"@id":"https:\/\/publicacionesaquila.com\/producto\/la-biblia-y-el-lugar-de-oracion\/#breadcrumb"},"inLanguage":"en-US","potentialAction":[{"@type":"ReadAction","target":["https:\/\/publicacionesaquila.com\/producto\/la-biblia-y-el-lugar-de-oracion\/"]}]},{"@type":"ImageObject","inLanguage":"en-US","@id":"https:\/\/publicacionesaquila.com\/producto\/la-biblia-y-el-lugar-de-oracion\/#primaryimage","url":"https:\/\/publicacionesaquila.com\/wp-content\/uploads\/2026\/03\/LaBibliaOracion.jpg","contentUrl":"https:\/\/publicacionesaquila.com\/wp-content\/uploads\/2026\/03\/LaBibliaOracion.jpg","width":1080,"height":1080},{"@type":"BreadcrumbList","@id":"https:\/\/publicacionesaquila.com\/producto\/la-biblia-y-el-lugar-de-oracion\/#breadcrumb","itemListElement":[{"@type":"ListItem","position":1,"name":"Portada","item":"https:\/\/publicacionesaquila.com\/"},{"@type":"ListItem","position":2,"name":"Publicaciones","item":"https:\/\/publicacionesaquila.com\/publicaciones\/"},{"@type":"ListItem","position":3,"name":"La Biblia y el Lugar de Oraci\u00f3n"}]},{"@type":"WebSite","@id":"https:\/\/publicacionesaquila.com\/#website","url":"https:\/\/publicacionesaquila.com\/","name":"Aquila Publications","description":"Cat\u00e1logo de Libros","potentialAction":[{"@type":"SearchAction","target":{"@type":"EntryPoint","urlTemplate":"https:\/\/publicacionesaquila.com\/?s={search_term_string}"},"query-input":{"@type":"PropertyValueSpecification","valueRequired":true,"valueName":"search_term_string"}}],"inLanguage":"en-US"}]}},"_links":{"self":[{"href":"https:\/\/publicacionesaquila.com\/en\/wp-json\/wp\/v2\/product\/4948","targetHints":{"allow":["GET"]}}],"collection":[{"href":"https:\/\/publicacionesaquila.com\/en\/wp-json\/wp\/v2\/product"}],"about":[{"href":"https:\/\/publicacionesaquila.com\/en\/wp-json\/wp\/v2\/types\/product"}],"replies":[{"embeddable":true,"href":"https:\/\/publicacionesaquila.com\/en\/wp-json\/wp\/v2\/comments?post=4948"}],"wp:featuredmedia":[{"embeddable":true,"href":"https:\/\/publicacionesaquila.com\/en\/wp-json\/wp\/v2\/media\/4952"}],"wp:attachment":[{"href":"https:\/\/publicacionesaquila.com\/en\/wp-json\/wp\/v2\/media?parent=4948"}],"wp:term":[{"taxonomy":"product_brand","embeddable":true,"href":"https:\/\/publicacionesaquila.com\/en\/wp-json\/wp\/v2\/product_brand?post=4948"},{"taxonomy":"product_cat","embeddable":true,"href":"https:\/\/publicacionesaquila.com\/en\/wp-json\/wp\/v2\/product_cat?post=4948"},{"taxonomy":"product_tag","embeddable":true,"href":"https:\/\/publicacionesaquila.com\/en\/wp-json\/wp\/v2\/product_tag?post=4948"}],"curies":[{"name":"wp","href":"https:\/\/api.w.org\/{rel}","templated":true}]}}