{"id":4947,"date":"2026-03-10T18:40:29","date_gmt":"2026-03-10T18:40:29","guid":{"rendered":"https:\/\/publicacionesaquila.com\/?post_type=product&#038;p=4947"},"modified":"2026-03-11T13:17:56","modified_gmt":"2026-03-11T13:17:56","slug":"el-buscador-ansioso-de-la-salvacion","status":"publish","type":"product","link":"https:\/\/publicacionesaquila.com\/en\/product\/el-buscador-ansioso-de-la-salvacion\/","title":{"rendered":"El Buscador Ansioso de la Salvaci\u00f3n"},"content":{"rendered":"","protected":false},"excerpt":{"rendered":"<p>&nbsp;<\/p>\n<p><a style=\"display: inline-block; padding: 12px 24px; font-size: 14px; color: black; background-color: white; border: 2px solid #000; border-radius: 5px; text-decoration: none; transition: all 0.3s ease; cursor: pointer;\" href=\"https:\/\/www.cristianismohist.com\/el-buscador-ansioso-de-la-salvacion\/\" target=\"_blank\" rel=\"noopener\">Order this book<br \/>\n<\/a><\/p>\n<p>&nbsp;<\/p>\n<p><strong>Estimado lector:<\/strong><\/p>\n<p>Has sido despertado recientemente, por la gracia de Dios, a considerar con seriedad aquella gran pregunta: <strong>\u201c\u00bfQu\u00e9 debo hacer para ser salvo?\u201d<\/strong>. No es extra\u00f1o que esta inquietud llene tu coraz\u00f3n, pues la eternidad est\u00e1 delante de ti, y cada d\u00eda que pasa te acerca m\u00e1s a tu destino eterno.<\/p>\n<p>Ser\u00eda cruel despertar tal ansiedad y no mostrar el remedio. Pero tu caso no es desesperado. A\u00fan puedes ser salvo. Cristo ha muerto para salvar pecadores, y Dios llama a los hombres al arrepentimiento y a la fe. La salvaci\u00f3n no est\u00e1 lejos de ti; el evangelio la pone delante de tus ojos con toda claridad y ternura.<\/p>\n<p>A tu alrededor est\u00e1n las oportunidades, los medios y los est\u00edmulos para venir a Cristo. La bendici\u00f3n est\u00e1 cerca. La puerta de la misericordia permanece abierta. Y esta obra ha sido escrita precisamente para guiar al alma ansiosa hacia la \u00fanica respuesta verdadera: Jesucristo, poderoso para salvar a todo aquel que viene a \u00c9l.<\/p>","protected":false},"featured_media":4949,"comment_status":"closed","ping_status":"closed","template":"","meta":[],"product_brand":[880],"product_cat":[139],"product_tag":[],"class_list":{"0":"post-4947","1":"product","2":"type-product","3":"status-publish","4":"has-post-thumbnail","6":"product_brand-john-a-james","7":"product_cat-aquila","9":"first","10":"instock","11":"sale","12":"shipping-taxable","13":"product-type-simple"},"yoast_head":"<!-- This site is optimized with the Yoast SEO plugin v27.5 - https:\/\/yoast.com\/product\/yoast-seo-wordpress\/ -->\n<title>El Buscador Ansioso de la Salvaci\u00f3n - Publicaciones Aquila<\/title>\n<meta name=\"robots\" content=\"index, follow, max-snippet:-1, max-image-preview:large, max-video-preview:-1\" \/>\n<link rel=\"canonical\" href=\"https:\/\/publicacionesaquila.com\/en\/product\/el-buscador-ansioso-de-la-salvacion\/\" \/>\n<meta property=\"og:locale\" content=\"en_US\" \/>\n<meta property=\"og:type\" content=\"article\" \/>\n<meta property=\"og:title\" content=\"El Buscador Ansioso de la Salvaci\u00f3n - Publicaciones Aquila\" \/>\n<meta property=\"og:description\" content=\"&nbsp;  Ordenar este libro   &nbsp;  Estimado lector:  Has sido despertado recientemente, por la gracia de Dios, a considerar con seriedad aquella gran pregunta: \u201c\u00bfQu\u00e9 debo hacer para ser salvo?\u201d. No es extra\u00f1o que esta inquietud llene tu coraz\u00f3n, pues la eternidad est\u00e1 delante de ti, y cada d\u00eda que pasa te acerca m\u00e1s a tu destino eterno.  Ser\u00eda cruel despertar tal ansiedad y no mostrar el remedio. Pero tu caso no es desesperado. A\u00fan puedes ser salvo. Cristo ha muerto para salvar pecadores, y Dios llama a los hombres al arrepentimiento y a la fe. La salvaci\u00f3n no est\u00e1 lejos de ti; el evangelio la pone delante de tus ojos con toda claridad y ternura.  A tu alrededor est\u00e1n las oportunidades, los medios y los est\u00edmulos para venir a Cristo. La bendici\u00f3n est\u00e1 cerca. La puerta de la misericordia permanece abierta. Y esta obra ha sido escrita precisamente para guiar al alma ansiosa hacia la \u00fanica respuesta verdadera: Jesucristo, poderoso para salvar a todo aquel que viene a \u00c9l.\" \/>\n<meta property=\"og:url\" content=\"https:\/\/publicacionesaquila.com\/en\/product\/el-buscador-ansioso-de-la-salvacion\/\" \/>\n<meta property=\"og:site_name\" content=\"Publicaciones Aquila\" \/>\n<meta property=\"article:modified_time\" content=\"2026-03-11T13:17:56+00:00\" \/>\n<meta property=\"og:image\" content=\"https:\/\/publicacionesaquila.com\/wp-content\/uploads\/2026\/03\/ElbuscadorSalvacion.jpg\" \/>\n\t<meta property=\"og:image:width\" content=\"1080\" \/>\n\t<meta property=\"og:image:height\" content=\"1080\" \/>\n\t<meta property=\"og:image:type\" content=\"image\/jpeg\" \/>\n<meta name=\"twitter:card\" content=\"summary_large_image\" \/>\n<meta name=\"twitter:label1\" content=\"Est. reading time\" \/>\n\t<meta name=\"twitter:data1\" content=\"1 minute\" \/>\n<script type=\"application\/ld+json\" class=\"yoast-schema-graph\">{\"@context\":\"https:\\\/\\\/schema.org\",\"@graph\":[{\"@type\":\"WebPage\",\"@id\":\"https:\\\/\\\/publicacionesaquila.com\\\/producto\\\/el-buscador-ansioso-de-la-salvacion\\\/\",\"url\":\"https:\\\/\\\/publicacionesaquila.com\\\/producto\\\/el-buscador-ansioso-de-la-salvacion\\\/\",\"name\":\"El Buscador Ansioso de la Salvaci\u00f3n - Publicaciones Aquila\",\"isPartOf\":{\"@id\":\"https:\\\/\\\/publicacionesaquila.com\\\/#website\"},\"primaryImageOfPage\":{\"@id\":\"https:\\\/\\\/publicacionesaquila.com\\\/producto\\\/el-buscador-ansioso-de-la-salvacion\\\/#primaryimage\"},\"image\":{\"@id\":\"https:\\\/\\\/publicacionesaquila.com\\\/producto\\\/el-buscador-ansioso-de-la-salvacion\\\/#primaryimage\"},\"thumbnailUrl\":\"https:\\\/\\\/publicacionesaquila.com\\\/wp-content\\\/uploads\\\/2026\\\/03\\\/ElbuscadorSalvacion.jpg\",\"datePublished\":\"2026-03-10T18:40:29+00:00\",\"dateModified\":\"2026-03-11T13:17:56+00:00\",\"breadcrumb\":{\"@id\":\"https:\\\/\\\/publicacionesaquila.com\\\/producto\\\/el-buscador-ansioso-de-la-salvacion\\\/#breadcrumb\"},\"inLanguage\":\"en-US\",\"potentialAction\":[{\"@type\":\"ReadAction\",\"target\":[\"https:\\\/\\\/publicacionesaquila.com\\\/producto\\\/el-buscador-ansioso-de-la-salvacion\\\/\"]}]},{\"@type\":\"ImageObject\",\"inLanguage\":\"en-US\",\"@id\":\"https:\\\/\\\/publicacionesaquila.com\\\/producto\\\/el-buscador-ansioso-de-la-salvacion\\\/#primaryimage\",\"url\":\"https:\\\/\\\/publicacionesaquila.com\\\/wp-content\\\/uploads\\\/2026\\\/03\\\/ElbuscadorSalvacion.jpg\",\"contentUrl\":\"https:\\\/\\\/publicacionesaquila.com\\\/wp-content\\\/uploads\\\/2026\\\/03\\\/ElbuscadorSalvacion.jpg\",\"width\":1080,\"height\":1080},{\"@type\":\"BreadcrumbList\",\"@id\":\"https:\\\/\\\/publicacionesaquila.com\\\/producto\\\/el-buscador-ansioso-de-la-salvacion\\\/#breadcrumb\",\"itemListElement\":[{\"@type\":\"ListItem\",\"position\":1,\"name\":\"Portada\",\"item\":\"https:\\\/\\\/publicacionesaquila.com\\\/\"},{\"@type\":\"ListItem\",\"position\":2,\"name\":\"Publicaciones\",\"item\":\"https:\\\/\\\/publicacionesaquila.com\\\/publicaciones\\\/\"},{\"@type\":\"ListItem\",\"position\":3,\"name\":\"El Buscador Ansioso de la Salvaci\u00f3n\"}]},{\"@type\":\"WebSite\",\"@id\":\"https:\\\/\\\/publicacionesaquila.com\\\/#website\",\"url\":\"https:\\\/\\\/publicacionesaquila.com\\\/\",\"name\":\"Publicaciones Aquila\",\"description\":\"Cat\u00e1logo de Libros\",\"potentialAction\":[{\"@type\":\"SearchAction\",\"target\":{\"@type\":\"EntryPoint\",\"urlTemplate\":\"https:\\\/\\\/publicacionesaquila.com\\\/?s={search_term_string}\"},\"query-input\":{\"@type\":\"PropertyValueSpecification\",\"valueRequired\":true,\"valueName\":\"search_term_string\"}}],\"inLanguage\":\"en-US\"}]}<\/script>\n<!-- \/ Yoast SEO plugin. -->","yoast_head_json":{"title":"El Buscador Ansioso de la Salvaci\u00f3n - Publicaciones Aquila","robots":{"index":"index","follow":"follow","max-snippet":"max-snippet:-1","max-image-preview":"max-image-preview:large","max-video-preview":"max-video-preview:-1"},"canonical":"https:\/\/publicacionesaquila.com\/en\/product\/el-buscador-ansioso-de-la-salvacion\/","og_locale":"en_US","og_type":"article","og_title":"El Buscador Ansioso de la Salvaci\u00f3n - Publicaciones Aquila","og_description":"&nbsp;  Ordenar este libro   &nbsp;  Estimado lector:  Has sido despertado recientemente, por la gracia de Dios, a considerar con seriedad aquella gran pregunta: \u201c\u00bfQu\u00e9 debo hacer para ser salvo?\u201d. No es extra\u00f1o que esta inquietud llene tu coraz\u00f3n, pues la eternidad est\u00e1 delante de ti, y cada d\u00eda que pasa te acerca m\u00e1s a tu destino eterno.  Ser\u00eda cruel despertar tal ansiedad y no mostrar el remedio. Pero tu caso no es desesperado. A\u00fan puedes ser salvo. Cristo ha muerto para salvar pecadores, y Dios llama a los hombres al arrepentimiento y a la fe. La salvaci\u00f3n no est\u00e1 lejos de ti; el evangelio la pone delante de tus ojos con toda claridad y ternura.  A tu alrededor est\u00e1n las oportunidades, los medios y los est\u00edmulos para venir a Cristo. La bendici\u00f3n est\u00e1 cerca. La puerta de la misericordia permanece abierta. Y esta obra ha sido escrita precisamente para guiar al alma ansiosa hacia la \u00fanica respuesta verdadera: Jesucristo, poderoso para salvar a todo aquel que viene a \u00c9l.","og_url":"https:\/\/publicacionesaquila.com\/en\/product\/el-buscador-ansioso-de-la-salvacion\/","og_site_name":"Publicaciones Aquila","article_modified_time":"2026-03-11T13:17:56+00:00","og_image":[{"width":1080,"height":1080,"url":"https:\/\/publicacionesaquila.com\/wp-content\/uploads\/2026\/03\/ElbuscadorSalvacion.jpg","type":"image\/jpeg"}],"twitter_card":"summary_large_image","twitter_misc":{"Est. reading time":"1 minute"},"schema":{"@context":"https:\/\/schema.org","@graph":[{"@type":"WebPage","@id":"https:\/\/publicacionesaquila.com\/producto\/el-buscador-ansioso-de-la-salvacion\/","url":"https:\/\/publicacionesaquila.com\/producto\/el-buscador-ansioso-de-la-salvacion\/","name":"El Buscador Ansioso de la Salvaci\u00f3n - Publicaciones Aquila","isPartOf":{"@id":"https:\/\/publicacionesaquila.com\/#website"},"primaryImageOfPage":{"@id":"https:\/\/publicacionesaquila.com\/producto\/el-buscador-ansioso-de-la-salvacion\/#primaryimage"},"image":{"@id":"https:\/\/publicacionesaquila.com\/producto\/el-buscador-ansioso-de-la-salvacion\/#primaryimage"},"thumbnailUrl":"https:\/\/publicacionesaquila.com\/wp-content\/uploads\/2026\/03\/ElbuscadorSalvacion.jpg","datePublished":"2026-03-10T18:40:29+00:00","dateModified":"2026-03-11T13:17:56+00:00","breadcrumb":{"@id":"https:\/\/publicacionesaquila.com\/producto\/el-buscador-ansioso-de-la-salvacion\/#breadcrumb"},"inLanguage":"en-US","potentialAction":[{"@type":"ReadAction","target":["https:\/\/publicacionesaquila.com\/producto\/el-buscador-ansioso-de-la-salvacion\/"]}]},{"@type":"ImageObject","inLanguage":"en-US","@id":"https:\/\/publicacionesaquila.com\/producto\/el-buscador-ansioso-de-la-salvacion\/#primaryimage","url":"https:\/\/publicacionesaquila.com\/wp-content\/uploads\/2026\/03\/ElbuscadorSalvacion.jpg","contentUrl":"https:\/\/publicacionesaquila.com\/wp-content\/uploads\/2026\/03\/ElbuscadorSalvacion.jpg","width":1080,"height":1080},{"@type":"BreadcrumbList","@id":"https:\/\/publicacionesaquila.com\/producto\/el-buscador-ansioso-de-la-salvacion\/#breadcrumb","itemListElement":[{"@type":"ListItem","position":1,"name":"Portada","item":"https:\/\/publicacionesaquila.com\/"},{"@type":"ListItem","position":2,"name":"Publicaciones","item":"https:\/\/publicacionesaquila.com\/publicaciones\/"},{"@type":"ListItem","position":3,"name":"El Buscador Ansioso de la Salvaci\u00f3n"}]},{"@type":"WebSite","@id":"https:\/\/publicacionesaquila.com\/#website","url":"https:\/\/publicacionesaquila.com\/","name":"Aquila Publications","description":"Cat\u00e1logo de Libros","potentialAction":[{"@type":"SearchAction","target":{"@type":"EntryPoint","urlTemplate":"https:\/\/publicacionesaquila.com\/?s={search_term_string}"},"query-input":{"@type":"PropertyValueSpecification","valueRequired":true,"valueName":"search_term_string"}}],"inLanguage":"en-US"}]}},"_links":{"self":[{"href":"https:\/\/publicacionesaquila.com\/en\/wp-json\/wp\/v2\/product\/4947","targetHints":{"allow":["GET"]}}],"collection":[{"href":"https:\/\/publicacionesaquila.com\/en\/wp-json\/wp\/v2\/product"}],"about":[{"href":"https:\/\/publicacionesaquila.com\/en\/wp-json\/wp\/v2\/types\/product"}],"replies":[{"embeddable":true,"href":"https:\/\/publicacionesaquila.com\/en\/wp-json\/wp\/v2\/comments?post=4947"}],"wp:featuredmedia":[{"embeddable":true,"href":"https:\/\/publicacionesaquila.com\/en\/wp-json\/wp\/v2\/media\/4949"}],"wp:attachment":[{"href":"https:\/\/publicacionesaquila.com\/en\/wp-json\/wp\/v2\/media?parent=4947"}],"wp:term":[{"taxonomy":"product_brand","embeddable":true,"href":"https:\/\/publicacionesaquila.com\/en\/wp-json\/wp\/v2\/product_brand?post=4947"},{"taxonomy":"product_cat","embeddable":true,"href":"https:\/\/publicacionesaquila.com\/en\/wp-json\/wp\/v2\/product_cat?post=4947"},{"taxonomy":"product_tag","embeddable":true,"href":"https:\/\/publicacionesaquila.com\/en\/wp-json\/wp\/v2\/product_tag?post=4947"}],"curies":[{"name":"wp","href":"https:\/\/api.w.org\/{rel}","templated":true}]}}