{"id":4944,"date":"2026-03-10T18:27:08","date_gmt":"2026-03-10T18:27:08","guid":{"rendered":"https:\/\/publicacionesaquila.com\/?post_type=product&#038;p=4944"},"modified":"2026-03-11T13:19:09","modified_gmt":"2026-03-11T13:19:09","slug":"la-vida-emocional-de-nuestro-senor","status":"publish","type":"product","link":"https:\/\/publicacionesaquila.com\/en\/product\/la-vida-emocional-de-nuestro-senor\/","title":{"rendered":"La Vida Emocional de Nuestro Se\u00f1or"},"content":{"rendered":"","protected":false},"excerpt":{"rendered":"<p>&nbsp;<\/p>\n<p><a style=\"display: inline-block; padding: 12px 24px; font-size: 14px; color: black; background-color: white; border: 2px solid #000; border-radius: 5px; text-decoration: none; transition: all 0.3s ease; cursor: pointer;\" href=\"https:\/\/www.cristianismohist.com\/la-vida-emocional-de-nuestro-senor\/\" target=\"_blank\" rel=\"noopener\">Order this book<br \/>\n<\/a><\/p>\n<p>&nbsp;<\/p>\n<p><strong>Jesucristo, el unig\u00e9nito Hijo de Dios,<\/strong> engendrado del Padre antes de todos los siglos; Dios de Dios, Luz de Luz, verdadero Dios de verdadero Dios, vino a ser tambi\u00e9n el \u00fanico Hombre perfecto. Su Deidad y su perfecci\u00f3n no anulan las emociones de su coraz\u00f3n; antes bien, nos muestran en \u00c9l la pureza, el orden y la santidad con que toda afecci\u00f3n humana debe manifestarse.<\/p>\n<p>Cuando nos alegramos, \u00bflo hacemos por motivos santos? Cuando nos entristecemos, \u00bfes nuestra tristeza conforme a la voluntad de Dios? Cuando nos enojamos, \u00bfes nuestro enojo puro y justo? Nosotros estamos manchados por el pecado, y aun nuestras emociones llevan esa huella. Pero nuestro Se\u00f1or Jesucristo, verdadero Dios y verdadero Hombre, en todas Sus emociones permaneci\u00f3 sin pecado. En \u00c9l contemplamos, por tanto, el modelo perfecto que har\u00edamos bien en imitar.<\/p>\n<p>En este profundo y conmovedor libro, <strong>Benjamin Warfield,<\/strong> con la precisi\u00f3n de un h\u00e1bil cirujano, extrae de los relatos de los Evangelios diversos pasajes en los que contemplamos el alma de nuestro Se\u00f1or y la perfecci\u00f3n de Sus afectos. Con reverencia, sensibilidad y santo temor, la pluma de Warfield nos acerca al coraz\u00f3n de Cristo.<\/p>","protected":false},"featured_media":4945,"comment_status":"closed","ping_status":"closed","template":"","meta":[],"product_brand":[881],"product_cat":[139],"product_tag":[],"class_list":{"0":"post-4944","1":"product","2":"type-product","3":"status-publish","4":"has-post-thumbnail","6":"product_brand-benjamin-b-warfield","7":"product_cat-aquila","9":"first","10":"instock","11":"sale","12":"shipping-taxable","13":"product-type-simple"},"yoast_head":"<!-- This site is optimized with the Yoast SEO plugin v27.5 - https:\/\/yoast.com\/product\/yoast-seo-wordpress\/ -->\n<title>La Vida Emocional de Nuestro Se\u00f1or - Publicaciones Aquila<\/title>\n<meta name=\"robots\" content=\"index, follow, max-snippet:-1, max-image-preview:large, max-video-preview:-1\" \/>\n<link rel=\"canonical\" href=\"https:\/\/publicacionesaquila.com\/en\/product\/la-vida-emocional-de-nuestro-senor\/\" \/>\n<meta property=\"og:locale\" content=\"en_US\" \/>\n<meta property=\"og:type\" content=\"article\" \/>\n<meta property=\"og:title\" content=\"La Vida Emocional de Nuestro Se\u00f1or - Publicaciones Aquila\" \/>\n<meta property=\"og:description\" content=\"&nbsp;  Ordenar este libro   &nbsp;  Jesucristo, el unig\u00e9nito Hijo de Dios, engendrado del Padre antes de todos los siglos; Dios de Dios, Luz de Luz, verdadero Dios de verdadero Dios, vino a ser tambi\u00e9n el \u00fanico Hombre perfecto. Su Deidad y su perfecci\u00f3n no anulan las emociones de su coraz\u00f3n; antes bien, nos muestran en \u00c9l la pureza, el orden y la santidad con que toda afecci\u00f3n humana debe manifestarse.  Cuando nos alegramos, \u00bflo hacemos por motivos santos? Cuando nos entristecemos, \u00bfes nuestra tristeza conforme a la voluntad de Dios? Cuando nos enojamos, \u00bfes nuestro enojo puro y justo? Nosotros estamos manchados por el pecado, y aun nuestras emociones llevan esa huella. Pero nuestro Se\u00f1or Jesucristo, verdadero Dios y verdadero Hombre, en todas Sus emociones permaneci\u00f3 sin pecado. En \u00c9l contemplamos, por tanto, el modelo perfecto que har\u00edamos bien en imitar.  En este profundo y conmovedor libro, Benjamin Warfield, con la precisi\u00f3n de un h\u00e1bil cirujano, extrae de los relatos de los Evangelios diversos pasajes en los que contemplamos el alma de nuestro Se\u00f1or y la perfecci\u00f3n de Sus afectos. Con reverencia, sensibilidad y santo temor, la pluma de Warfield nos acerca al coraz\u00f3n de Cristo.\" \/>\n<meta property=\"og:url\" content=\"https:\/\/publicacionesaquila.com\/en\/product\/la-vida-emocional-de-nuestro-senor\/\" \/>\n<meta property=\"og:site_name\" content=\"Publicaciones Aquila\" \/>\n<meta property=\"article:modified_time\" content=\"2026-03-11T13:19:09+00:00\" \/>\n<meta property=\"og:image\" content=\"https:\/\/publicacionesaquila.com\/wp-content\/uploads\/2026\/03\/LaVidaEmocionalSenor.jpg\" \/>\n\t<meta property=\"og:image:width\" content=\"1080\" \/>\n\t<meta property=\"og:image:height\" content=\"1080\" \/>\n\t<meta property=\"og:image:type\" content=\"image\/jpeg\" \/>\n<meta name=\"twitter:card\" content=\"summary_large_image\" \/>\n<meta name=\"twitter:label1\" content=\"Est. reading time\" \/>\n\t<meta name=\"twitter:data1\" content=\"1 minute\" \/>\n<script type=\"application\/ld+json\" class=\"yoast-schema-graph\">{\"@context\":\"https:\\\/\\\/schema.org\",\"@graph\":[{\"@type\":\"WebPage\",\"@id\":\"https:\\\/\\\/publicacionesaquila.com\\\/producto\\\/la-vida-emocional-de-nuestro-senor\\\/\",\"url\":\"https:\\\/\\\/publicacionesaquila.com\\\/producto\\\/la-vida-emocional-de-nuestro-senor\\\/\",\"name\":\"La Vida Emocional de Nuestro Se\u00f1or - Publicaciones Aquila\",\"isPartOf\":{\"@id\":\"https:\\\/\\\/publicacionesaquila.com\\\/#website\"},\"primaryImageOfPage\":{\"@id\":\"https:\\\/\\\/publicacionesaquila.com\\\/producto\\\/la-vida-emocional-de-nuestro-senor\\\/#primaryimage\"},\"image\":{\"@id\":\"https:\\\/\\\/publicacionesaquila.com\\\/producto\\\/la-vida-emocional-de-nuestro-senor\\\/#primaryimage\"},\"thumbnailUrl\":\"https:\\\/\\\/publicacionesaquila.com\\\/wp-content\\\/uploads\\\/2026\\\/03\\\/LaVidaEmocionalSenor.jpg\",\"datePublished\":\"2026-03-10T18:27:08+00:00\",\"dateModified\":\"2026-03-11T13:19:09+00:00\",\"breadcrumb\":{\"@id\":\"https:\\\/\\\/publicacionesaquila.com\\\/producto\\\/la-vida-emocional-de-nuestro-senor\\\/#breadcrumb\"},\"inLanguage\":\"en-US\",\"potentialAction\":[{\"@type\":\"ReadAction\",\"target\":[\"https:\\\/\\\/publicacionesaquila.com\\\/producto\\\/la-vida-emocional-de-nuestro-senor\\\/\"]}]},{\"@type\":\"ImageObject\",\"inLanguage\":\"en-US\",\"@id\":\"https:\\\/\\\/publicacionesaquila.com\\\/producto\\\/la-vida-emocional-de-nuestro-senor\\\/#primaryimage\",\"url\":\"https:\\\/\\\/publicacionesaquila.com\\\/wp-content\\\/uploads\\\/2026\\\/03\\\/LaVidaEmocionalSenor.jpg\",\"contentUrl\":\"https:\\\/\\\/publicacionesaquila.com\\\/wp-content\\\/uploads\\\/2026\\\/03\\\/LaVidaEmocionalSenor.jpg\",\"width\":1080,\"height\":1080},{\"@type\":\"BreadcrumbList\",\"@id\":\"https:\\\/\\\/publicacionesaquila.com\\\/producto\\\/la-vida-emocional-de-nuestro-senor\\\/#breadcrumb\",\"itemListElement\":[{\"@type\":\"ListItem\",\"position\":1,\"name\":\"Portada\",\"item\":\"https:\\\/\\\/publicacionesaquila.com\\\/\"},{\"@type\":\"ListItem\",\"position\":2,\"name\":\"Publicaciones\",\"item\":\"https:\\\/\\\/publicacionesaquila.com\\\/publicaciones\\\/\"},{\"@type\":\"ListItem\",\"position\":3,\"name\":\"La Vida Emocional de Nuestro Se\u00f1or\"}]},{\"@type\":\"WebSite\",\"@id\":\"https:\\\/\\\/publicacionesaquila.com\\\/#website\",\"url\":\"https:\\\/\\\/publicacionesaquila.com\\\/\",\"name\":\"Publicaciones Aquila\",\"description\":\"Cat\u00e1logo de Libros\",\"potentialAction\":[{\"@type\":\"SearchAction\",\"target\":{\"@type\":\"EntryPoint\",\"urlTemplate\":\"https:\\\/\\\/publicacionesaquila.com\\\/?s={search_term_string}\"},\"query-input\":{\"@type\":\"PropertyValueSpecification\",\"valueRequired\":true,\"valueName\":\"search_term_string\"}}],\"inLanguage\":\"en-US\"}]}<\/script>\n<!-- \/ Yoast SEO plugin. -->","yoast_head_json":{"title":"La Vida Emocional de Nuestro Se\u00f1or - Publicaciones Aquila","robots":{"index":"index","follow":"follow","max-snippet":"max-snippet:-1","max-image-preview":"max-image-preview:large","max-video-preview":"max-video-preview:-1"},"canonical":"https:\/\/publicacionesaquila.com\/en\/product\/la-vida-emocional-de-nuestro-senor\/","og_locale":"en_US","og_type":"article","og_title":"La Vida Emocional de Nuestro Se\u00f1or - Publicaciones Aquila","og_description":"&nbsp;  Ordenar este libro   &nbsp;  Jesucristo, el unig\u00e9nito Hijo de Dios, engendrado del Padre antes de todos los siglos; Dios de Dios, Luz de Luz, verdadero Dios de verdadero Dios, vino a ser tambi\u00e9n el \u00fanico Hombre perfecto. Su Deidad y su perfecci\u00f3n no anulan las emociones de su coraz\u00f3n; antes bien, nos muestran en \u00c9l la pureza, el orden y la santidad con que toda afecci\u00f3n humana debe manifestarse.  Cuando nos alegramos, \u00bflo hacemos por motivos santos? Cuando nos entristecemos, \u00bfes nuestra tristeza conforme a la voluntad de Dios? Cuando nos enojamos, \u00bfes nuestro enojo puro y justo? Nosotros estamos manchados por el pecado, y aun nuestras emociones llevan esa huella. Pero nuestro Se\u00f1or Jesucristo, verdadero Dios y verdadero Hombre, en todas Sus emociones permaneci\u00f3 sin pecado. En \u00c9l contemplamos, por tanto, el modelo perfecto que har\u00edamos bien en imitar.  En este profundo y conmovedor libro, Benjamin Warfield, con la precisi\u00f3n de un h\u00e1bil cirujano, extrae de los relatos de los Evangelios diversos pasajes en los que contemplamos el alma de nuestro Se\u00f1or y la perfecci\u00f3n de Sus afectos. Con reverencia, sensibilidad y santo temor, la pluma de Warfield nos acerca al coraz\u00f3n de Cristo.","og_url":"https:\/\/publicacionesaquila.com\/en\/product\/la-vida-emocional-de-nuestro-senor\/","og_site_name":"Publicaciones Aquila","article_modified_time":"2026-03-11T13:19:09+00:00","og_image":[{"width":1080,"height":1080,"url":"https:\/\/publicacionesaquila.com\/wp-content\/uploads\/2026\/03\/LaVidaEmocionalSenor.jpg","type":"image\/jpeg"}],"twitter_card":"summary_large_image","twitter_misc":{"Est. reading time":"1 minute"},"schema":{"@context":"https:\/\/schema.org","@graph":[{"@type":"WebPage","@id":"https:\/\/publicacionesaquila.com\/producto\/la-vida-emocional-de-nuestro-senor\/","url":"https:\/\/publicacionesaquila.com\/producto\/la-vida-emocional-de-nuestro-senor\/","name":"La Vida Emocional de Nuestro Se\u00f1or - Publicaciones Aquila","isPartOf":{"@id":"https:\/\/publicacionesaquila.com\/#website"},"primaryImageOfPage":{"@id":"https:\/\/publicacionesaquila.com\/producto\/la-vida-emocional-de-nuestro-senor\/#primaryimage"},"image":{"@id":"https:\/\/publicacionesaquila.com\/producto\/la-vida-emocional-de-nuestro-senor\/#primaryimage"},"thumbnailUrl":"https:\/\/publicacionesaquila.com\/wp-content\/uploads\/2026\/03\/LaVidaEmocionalSenor.jpg","datePublished":"2026-03-10T18:27:08+00:00","dateModified":"2026-03-11T13:19:09+00:00","breadcrumb":{"@id":"https:\/\/publicacionesaquila.com\/producto\/la-vida-emocional-de-nuestro-senor\/#breadcrumb"},"inLanguage":"en-US","potentialAction":[{"@type":"ReadAction","target":["https:\/\/publicacionesaquila.com\/producto\/la-vida-emocional-de-nuestro-senor\/"]}]},{"@type":"ImageObject","inLanguage":"en-US","@id":"https:\/\/publicacionesaquila.com\/producto\/la-vida-emocional-de-nuestro-senor\/#primaryimage","url":"https:\/\/publicacionesaquila.com\/wp-content\/uploads\/2026\/03\/LaVidaEmocionalSenor.jpg","contentUrl":"https:\/\/publicacionesaquila.com\/wp-content\/uploads\/2026\/03\/LaVidaEmocionalSenor.jpg","width":1080,"height":1080},{"@type":"BreadcrumbList","@id":"https:\/\/publicacionesaquila.com\/producto\/la-vida-emocional-de-nuestro-senor\/#breadcrumb","itemListElement":[{"@type":"ListItem","position":1,"name":"Portada","item":"https:\/\/publicacionesaquila.com\/"},{"@type":"ListItem","position":2,"name":"Publicaciones","item":"https:\/\/publicacionesaquila.com\/publicaciones\/"},{"@type":"ListItem","position":3,"name":"La Vida Emocional de Nuestro Se\u00f1or"}]},{"@type":"WebSite","@id":"https:\/\/publicacionesaquila.com\/#website","url":"https:\/\/publicacionesaquila.com\/","name":"Aquila Publications","description":"Cat\u00e1logo de Libros","potentialAction":[{"@type":"SearchAction","target":{"@type":"EntryPoint","urlTemplate":"https:\/\/publicacionesaquila.com\/?s={search_term_string}"},"query-input":{"@type":"PropertyValueSpecification","valueRequired":true,"valueName":"search_term_string"}}],"inLanguage":"en-US"}]}},"_links":{"self":[{"href":"https:\/\/publicacionesaquila.com\/en\/wp-json\/wp\/v2\/product\/4944","targetHints":{"allow":["GET"]}}],"collection":[{"href":"https:\/\/publicacionesaquila.com\/en\/wp-json\/wp\/v2\/product"}],"about":[{"href":"https:\/\/publicacionesaquila.com\/en\/wp-json\/wp\/v2\/types\/product"}],"replies":[{"embeddable":true,"href":"https:\/\/publicacionesaquila.com\/en\/wp-json\/wp\/v2\/comments?post=4944"}],"wp:featuredmedia":[{"embeddable":true,"href":"https:\/\/publicacionesaquila.com\/en\/wp-json\/wp\/v2\/media\/4945"}],"wp:attachment":[{"href":"https:\/\/publicacionesaquila.com\/en\/wp-json\/wp\/v2\/media?parent=4944"}],"wp:term":[{"taxonomy":"product_brand","embeddable":true,"href":"https:\/\/publicacionesaquila.com\/en\/wp-json\/wp\/v2\/product_brand?post=4944"},{"taxonomy":"product_cat","embeddable":true,"href":"https:\/\/publicacionesaquila.com\/en\/wp-json\/wp\/v2\/product_cat?post=4944"},{"taxonomy":"product_tag","embeddable":true,"href":"https:\/\/publicacionesaquila.com\/en\/wp-json\/wp\/v2\/product_tag?post=4944"}],"curies":[{"name":"wp","href":"https:\/\/api.w.org\/{rel}","templated":true}]}}