{"id":4381,"date":"2025-07-08T15:00:58","date_gmt":"2025-07-08T15:00:58","guid":{"rendered":"https:\/\/publicacionesaquila.com\/?post_type=product&#038;p=4381"},"modified":"2025-07-15T02:37:26","modified_gmt":"2025-07-15T02:37:26","slug":"heraldo-de-la-gracia-anunciando-la-verdad-salvadora-de-dios-revista","status":"publish","type":"product","link":"https:\/\/publicacionesaquila.com\/en\/product\/heraldo-de-la-gracia-anunciando-la-verdad-salvadora-de-dios-revista\/","title":{"rendered":"Herald of Grace: Heralding God's saving truth (MAGAZINE)"},"content":{"rendered":"","protected":false},"excerpt":{"rendered":"<p>&nbsp;<\/p>\n<p><a style=\"display: inline-block; padding: 12px 24px; font-size: 14px; color: black; background-color: white; border: 2px solid #000; border-radius: 5px; text-decoration: none; transition: all 0.3s ease; cursor: pointer;\" href=\"https:\/\/www.trinitybookservice.com\/herald-of-grace-heralding-gods-saving-truth-magazine\/\" target=\"_blank\" rel=\"noopener\">Order this book<br \/>\n<\/a><\/p>\n<p>&nbsp;<\/p>\n<p class=\" translation-block\">We are now pleased to be able to offer the first issue, with the theme <em>The Reform Continues<\/em>..... Of course, the activities and events commemorating the 2017 Quincentenary are old news by now. However, for biblical Christians the work of reformation, both personal and ecclesiastical, does not and should not end.<\/p>\n<p class=\" translation-block\">The Psalmist (Psalm 119:59) described this ongoing work of reformation in these words: <em><strong>I have reflected on my ways, and turned my feet unto thy testimonies.<\/strong><\/em><\/p>\n<p class=\" translation-block\">In the New Testament, James (James 1:25) described it as<strong> looking at<em> the perfect law of liberty<\/em> and going on, <em>not being a forgetful hearer, but a doer of the work<\/em>.<\/strong><\/p>\n<p class=\" translation-block\">This first issue<em> of the Herald of Grace<\/em> presents articles designed to remind us of some of the key biblical themes that were emphasized during the historic Reformation movement, but which are in continual danger of being forgotten and neglected.<\/p>\n<p>Other articles focus on specific areas of ongoing biblical reformation that claim the attention of God's people today, in the 21st century.<\/p>\n<p>We pray that God will bless these articles as a means to help his people stimulate one another to love and good works.<\/p>","protected":false},"featured_media":4679,"comment_status":"closed","ping_status":"closed","template":"","meta":[],"product_brand":[871],"product_cat":[798],"product_tag":[],"class_list":{"0":"post-4381","1":"product","2":"type-product","3":"status-publish","4":"has-post-thumbnail","6":"product_brand-heraldo-de-gracia","7":"product_cat-revista","9":"first","10":"instock","11":"sale","12":"shipping-taxable","13":"product-type-simple"},"yoast_head":"<!-- This site is optimized with the Yoast SEO plugin v27.4 - https:\/\/yoast.com\/product\/yoast-seo-wordpress\/ -->\n<title>Heraldo de la Gracia: Anunciando la verdad salvadora de Dios (REVISTA) - Publicaciones Aquila<\/title>\n<meta name=\"robots\" content=\"index, follow, max-snippet:-1, max-image-preview:large, max-video-preview:-1\" \/>\n<link rel=\"canonical\" href=\"https:\/\/publicacionesaquila.com\/en\/product\/heraldo-de-la-gracia-anunciando-la-verdad-salvadora-de-dios-revista\/\" \/>\n<meta property=\"og:locale\" content=\"en_US\" \/>\n<meta property=\"og:type\" content=\"article\" \/>\n<meta property=\"og:title\" content=\"Heraldo de la Gracia: Anunciando la verdad salvadora de Dios (REVISTA) - Publicaciones Aquila\" \/>\n<meta property=\"og:description\" content=\"&nbsp;  Ordenar este libro   &nbsp;  Ahora nos complace poder ofrecer el primer n\u00famero, con el tema La Reforma contin\u00faa.... Por supuesto, las actividades y eventos conmemorativos del Quincenario de 2017 son ya noticia vieja. Sin embargo, para los cristianos b\u00edblicos la labor de reforma, tanto personal como eclesi\u00e1stica, no termina ni debe terminar.  El Salmista (Salmo 119:59) describi\u00f3 este trabajo continuo de reforma con estas palabras: Reflexion\u00e9 sobre mis caminos, y volv\u00ed mis pies a tus testimonios.  En el Nuevo Testamento, Santiago (Santiago 1:25) lo describi\u00f3 como mirar la perfecta ley de la libertad y continuar, no siendo oidor olvidadizo, sino hacedor de la obra.  Este primer n\u00famero del Heraldo de la Gracia presenta art\u00edculos dise\u00f1ados para recordarnos algunos de los temas b\u00edblicos clave que fueron enfatizados durante el movimiento hist\u00f3rico de la Reforma, pero que est\u00e1n en continuo peligro de ser olvidados y descuidados.  Otros art\u00edculos se centran en \u00e1reas espec\u00edficas de la reforma b\u00edblica en curso que reclaman la atenci\u00f3n del pueblo de Dios hoy, en el siglo XXI.  Oramos para que Dios bendiga estos art\u00edculos como medio para ayudar a su pueblo a estimularse mutuamente al amor y a las buenas obras.\" \/>\n<meta property=\"og:url\" content=\"https:\/\/publicacionesaquila.com\/en\/product\/heraldo-de-la-gracia-anunciando-la-verdad-salvadora-de-dios-revista\/\" \/>\n<meta property=\"og:site_name\" content=\"Publicaciones Aquila\" \/>\n<meta property=\"article:modified_time\" content=\"2025-07-15T02:37:26+00:00\" \/>\n<meta property=\"og:image\" content=\"https:\/\/publicacionesaquila.com\/wp-content\/uploads\/2025\/07\/79-1.jpg\" \/>\n\t<meta property=\"og:image:width\" content=\"1080\" \/>\n\t<meta property=\"og:image:height\" content=\"1080\" \/>\n\t<meta property=\"og:image:type\" content=\"image\/jpeg\" \/>\n<meta name=\"twitter:card\" content=\"summary_large_image\" \/>\n<meta name=\"twitter:label1\" content=\"Est. reading time\" \/>\n\t<meta name=\"twitter:data1\" content=\"1 minute\" \/>\n<script type=\"application\/ld+json\" class=\"yoast-schema-graph\">{\"@context\":\"https:\\\/\\\/schema.org\",\"@graph\":[{\"@type\":\"WebPage\",\"@id\":\"https:\\\/\\\/publicacionesaquila.com\\\/producto\\\/heraldo-de-la-gracia-anunciando-la-verdad-salvadora-de-dios-revista\\\/\",\"url\":\"https:\\\/\\\/publicacionesaquila.com\\\/producto\\\/heraldo-de-la-gracia-anunciando-la-verdad-salvadora-de-dios-revista\\\/\",\"name\":\"Heraldo de la Gracia: Anunciando la verdad salvadora de Dios (REVISTA) - Publicaciones Aquila\",\"isPartOf\":{\"@id\":\"https:\\\/\\\/publicacionesaquila.com\\\/#website\"},\"primaryImageOfPage\":{\"@id\":\"https:\\\/\\\/publicacionesaquila.com\\\/producto\\\/heraldo-de-la-gracia-anunciando-la-verdad-salvadora-de-dios-revista\\\/#primaryimage\"},\"image\":{\"@id\":\"https:\\\/\\\/publicacionesaquila.com\\\/producto\\\/heraldo-de-la-gracia-anunciando-la-verdad-salvadora-de-dios-revista\\\/#primaryimage\"},\"thumbnailUrl\":\"https:\\\/\\\/publicacionesaquila.com\\\/wp-content\\\/uploads\\\/2025\\\/07\\\/79-1.jpg\",\"datePublished\":\"2025-07-08T15:00:58+00:00\",\"dateModified\":\"2025-07-15T02:37:26+00:00\",\"breadcrumb\":{\"@id\":\"https:\\\/\\\/publicacionesaquila.com\\\/producto\\\/heraldo-de-la-gracia-anunciando-la-verdad-salvadora-de-dios-revista\\\/#breadcrumb\"},\"inLanguage\":\"en-US\",\"potentialAction\":[{\"@type\":\"ReadAction\",\"target\":[\"https:\\\/\\\/publicacionesaquila.com\\\/producto\\\/heraldo-de-la-gracia-anunciando-la-verdad-salvadora-de-dios-revista\\\/\"]}]},{\"@type\":\"ImageObject\",\"inLanguage\":\"en-US\",\"@id\":\"https:\\\/\\\/publicacionesaquila.com\\\/producto\\\/heraldo-de-la-gracia-anunciando-la-verdad-salvadora-de-dios-revista\\\/#primaryimage\",\"url\":\"https:\\\/\\\/publicacionesaquila.com\\\/wp-content\\\/uploads\\\/2025\\\/07\\\/79-1.jpg\",\"contentUrl\":\"https:\\\/\\\/publicacionesaquila.com\\\/wp-content\\\/uploads\\\/2025\\\/07\\\/79-1.jpg\",\"width\":1080,\"height\":1080},{\"@type\":\"BreadcrumbList\",\"@id\":\"https:\\\/\\\/publicacionesaquila.com\\\/producto\\\/heraldo-de-la-gracia-anunciando-la-verdad-salvadora-de-dios-revista\\\/#breadcrumb\",\"itemListElement\":[{\"@type\":\"ListItem\",\"position\":1,\"name\":\"Portada\",\"item\":\"https:\\\/\\\/publicacionesaquila.com\\\/\"},{\"@type\":\"ListItem\",\"position\":2,\"name\":\"Publicaciones\",\"item\":\"https:\\\/\\\/publicacionesaquila.com\\\/publicaciones\\\/\"},{\"@type\":\"ListItem\",\"position\":3,\"name\":\"Heraldo de la Gracia: Anunciando la verdad salvadora de Dios (REVISTA)\"}]},{\"@type\":\"WebSite\",\"@id\":\"https:\\\/\\\/publicacionesaquila.com\\\/#website\",\"url\":\"https:\\\/\\\/publicacionesaquila.com\\\/\",\"name\":\"Publicaciones Aquila\",\"description\":\"Cat\u00e1logo de Libros\",\"potentialAction\":[{\"@type\":\"SearchAction\",\"target\":{\"@type\":\"EntryPoint\",\"urlTemplate\":\"https:\\\/\\\/publicacionesaquila.com\\\/?s={search_term_string}\"},\"query-input\":{\"@type\":\"PropertyValueSpecification\",\"valueRequired\":true,\"valueName\":\"search_term_string\"}}],\"inLanguage\":\"en-US\"}]}<\/script>\n<!-- \/ Yoast SEO plugin. -->","yoast_head_json":{"title":"Heraldo de la Gracia: Anunciando la verdad salvadora de Dios (REVISTA) - Publicaciones Aquila","robots":{"index":"index","follow":"follow","max-snippet":"max-snippet:-1","max-image-preview":"max-image-preview:large","max-video-preview":"max-video-preview:-1"},"canonical":"https:\/\/publicacionesaquila.com\/en\/product\/heraldo-de-la-gracia-anunciando-la-verdad-salvadora-de-dios-revista\/","og_locale":"en_US","og_type":"article","og_title":"Heraldo de la Gracia: Anunciando la verdad salvadora de Dios (REVISTA) - Publicaciones Aquila","og_description":"&nbsp;  Ordenar este libro   &nbsp;  Ahora nos complace poder ofrecer el primer n\u00famero, con el tema La Reforma contin\u00faa.... Por supuesto, las actividades y eventos conmemorativos del Quincenario de 2017 son ya noticia vieja. Sin embargo, para los cristianos b\u00edblicos la labor de reforma, tanto personal como eclesi\u00e1stica, no termina ni debe terminar.  El Salmista (Salmo 119:59) describi\u00f3 este trabajo continuo de reforma con estas palabras: Reflexion\u00e9 sobre mis caminos, y volv\u00ed mis pies a tus testimonios.  En el Nuevo Testamento, Santiago (Santiago 1:25) lo describi\u00f3 como mirar la perfecta ley de la libertad y continuar, no siendo oidor olvidadizo, sino hacedor de la obra.  Este primer n\u00famero del Heraldo de la Gracia presenta art\u00edculos dise\u00f1ados para recordarnos algunos de los temas b\u00edblicos clave que fueron enfatizados durante el movimiento hist\u00f3rico de la Reforma, pero que est\u00e1n en continuo peligro de ser olvidados y descuidados.  Otros art\u00edculos se centran en \u00e1reas espec\u00edficas de la reforma b\u00edblica en curso que reclaman la atenci\u00f3n del pueblo de Dios hoy, en el siglo XXI.  Oramos para que Dios bendiga estos art\u00edculos como medio para ayudar a su pueblo a estimularse mutuamente al amor y a las buenas obras.","og_url":"https:\/\/publicacionesaquila.com\/en\/product\/heraldo-de-la-gracia-anunciando-la-verdad-salvadora-de-dios-revista\/","og_site_name":"Publicaciones Aquila","article_modified_time":"2025-07-15T02:37:26+00:00","og_image":[{"width":1080,"height":1080,"url":"https:\/\/publicacionesaquila.com\/wp-content\/uploads\/2025\/07\/79-1.jpg","type":"image\/jpeg"}],"twitter_card":"summary_large_image","twitter_misc":{"Est. reading time":"1 minute"},"schema":{"@context":"https:\/\/schema.org","@graph":[{"@type":"WebPage","@id":"https:\/\/publicacionesaquila.com\/producto\/heraldo-de-la-gracia-anunciando-la-verdad-salvadora-de-dios-revista\/","url":"https:\/\/publicacionesaquila.com\/producto\/heraldo-de-la-gracia-anunciando-la-verdad-salvadora-de-dios-revista\/","name":"Heraldo de la Gracia: Anunciando la verdad salvadora de Dios (REVISTA) - Publicaciones Aquila","isPartOf":{"@id":"https:\/\/publicacionesaquila.com\/#website"},"primaryImageOfPage":{"@id":"https:\/\/publicacionesaquila.com\/producto\/heraldo-de-la-gracia-anunciando-la-verdad-salvadora-de-dios-revista\/#primaryimage"},"image":{"@id":"https:\/\/publicacionesaquila.com\/producto\/heraldo-de-la-gracia-anunciando-la-verdad-salvadora-de-dios-revista\/#primaryimage"},"thumbnailUrl":"https:\/\/publicacionesaquila.com\/wp-content\/uploads\/2025\/07\/79-1.jpg","datePublished":"2025-07-08T15:00:58+00:00","dateModified":"2025-07-15T02:37:26+00:00","breadcrumb":{"@id":"https:\/\/publicacionesaquila.com\/producto\/heraldo-de-la-gracia-anunciando-la-verdad-salvadora-de-dios-revista\/#breadcrumb"},"inLanguage":"en-US","potentialAction":[{"@type":"ReadAction","target":["https:\/\/publicacionesaquila.com\/producto\/heraldo-de-la-gracia-anunciando-la-verdad-salvadora-de-dios-revista\/"]}]},{"@type":"ImageObject","inLanguage":"en-US","@id":"https:\/\/publicacionesaquila.com\/producto\/heraldo-de-la-gracia-anunciando-la-verdad-salvadora-de-dios-revista\/#primaryimage","url":"https:\/\/publicacionesaquila.com\/wp-content\/uploads\/2025\/07\/79-1.jpg","contentUrl":"https:\/\/publicacionesaquila.com\/wp-content\/uploads\/2025\/07\/79-1.jpg","width":1080,"height":1080},{"@type":"BreadcrumbList","@id":"https:\/\/publicacionesaquila.com\/producto\/heraldo-de-la-gracia-anunciando-la-verdad-salvadora-de-dios-revista\/#breadcrumb","itemListElement":[{"@type":"ListItem","position":1,"name":"Portada","item":"https:\/\/publicacionesaquila.com\/"},{"@type":"ListItem","position":2,"name":"Publicaciones","item":"https:\/\/publicacionesaquila.com\/publicaciones\/"},{"@type":"ListItem","position":3,"name":"Heraldo de la Gracia: Anunciando la verdad salvadora de Dios (REVISTA)"}]},{"@type":"WebSite","@id":"https:\/\/publicacionesaquila.com\/#website","url":"https:\/\/publicacionesaquila.com\/","name":"Aquila Publications","description":"Cat\u00e1logo de Libros","potentialAction":[{"@type":"SearchAction","target":{"@type":"EntryPoint","urlTemplate":"https:\/\/publicacionesaquila.com\/?s={search_term_string}"},"query-input":{"@type":"PropertyValueSpecification","valueRequired":true,"valueName":"search_term_string"}}],"inLanguage":"en-US"}]}},"_links":{"self":[{"href":"https:\/\/publicacionesaquila.com\/en\/wp-json\/wp\/v2\/product\/4381","targetHints":{"allow":["GET"]}}],"collection":[{"href":"https:\/\/publicacionesaquila.com\/en\/wp-json\/wp\/v2\/product"}],"about":[{"href":"https:\/\/publicacionesaquila.com\/en\/wp-json\/wp\/v2\/types\/product"}],"replies":[{"embeddable":true,"href":"https:\/\/publicacionesaquila.com\/en\/wp-json\/wp\/v2\/comments?post=4381"}],"wp:featuredmedia":[{"embeddable":true,"href":"https:\/\/publicacionesaquila.com\/en\/wp-json\/wp\/v2\/media\/4679"}],"wp:attachment":[{"href":"https:\/\/publicacionesaquila.com\/en\/wp-json\/wp\/v2\/media?parent=4381"}],"wp:term":[{"taxonomy":"product_brand","embeddable":true,"href":"https:\/\/publicacionesaquila.com\/en\/wp-json\/wp\/v2\/product_brand?post=4381"},{"taxonomy":"product_cat","embeddable":true,"href":"https:\/\/publicacionesaquila.com\/en\/wp-json\/wp\/v2\/product_cat?post=4381"},{"taxonomy":"product_tag","embeddable":true,"href":"https:\/\/publicacionesaquila.com\/en\/wp-json\/wp\/v2\/product_tag?post=4381"}],"curies":[{"name":"wp","href":"https:\/\/api.w.org\/{rel}","templated":true}]}}