{"id":4341,"date":"2025-07-07T19:31:30","date_gmt":"2025-07-07T19:31:30","guid":{"rendered":"https:\/\/publicacionesaquila.com\/?post_type=product&#038;p=4341"},"modified":"2025-07-15T02:01:02","modified_gmt":"2025-07-15T02:01:02","slug":"el-liderazgo-en-el-matrimonio-ebook","status":"publish","type":"product","link":"https:\/\/publicacionesaquila.com\/en\/product\/el-liderazgo-en-el-matrimonio-ebook\/","title":{"rendered":"Headship in Marriage"},"content":{"rendered":"","protected":false},"excerpt":{"rendered":"<p>&nbsp;<\/p>\n<p><a style=\"display: inline-block; padding: 12px 24px; font-size: 14px; color: black; background-color: white; border: 2px solid #000; border-radius: 5px; text-decoration: none; transition: all 0.3s ease; cursor: pointer;\" href=\"https:\/\/www.cristianismohist.com\/el-liderazgo-en-el-matrimonio-ebook-headship-in-marriage-alan-j-dunn\/\" target=\"_blank\" rel=\"noopener\">Order this book<br \/>\n<\/a><\/p>\n<p>&nbsp;<\/p>\n<p>This book invites us on a reflective and spiritual journey to the very origin of male and female identity: Eden. At a time when today's society faces profound confusion about what it means to be male or female, the author offers a clear, biblical and theologically grounded look at what God designed from the beginning.<\/p>\n<div class=\"my-2\"><\/div>\n<p>With penetrating and persuasive analysis, Pastor Dunn explores the divine designs for masculinity and femininity according to God's creative purpose. Through careful and faithful exegesis of Scripture, he delves into what it means to be male or female according to the Creator's will, what it means to be a husband or wife in harmony with the divine plan, and why, as fallen beings, we naturally tend to reject our God-established identity and roles.<\/p>\n<div class=\"my-2\"><\/div>\n<p>Following the example and method of our Lord Jesus Christ-who, when questioned about marriage, referred his listeners back to the beginning (Matthew 19:3-9)-as well as the apostolic teaching of the Apostle Paul in his first letter to the Corinthians (11:2-16), Pastor Dunn summons us to return symbolically and spiritually to Eden. There, in the purity of God's original design, we can rediscover fundamental truths about our identity, vocation and relationships as men and women created in the image of God.<\/p>\n<div class=\"my-2\"><\/div>\n<p>This is not only a theological study, but an urgent call to recover a biblical and balanced vision of masculinity and femininity in the midst of a world that has lost its way. A must-read for those who wish to fully understand and live out the purpose God has established from the beginning.<\/p>\n<p>&nbsp;<\/p>","protected":false},"featured_media":4668,"comment_status":"closed","ping_status":"closed","template":"","meta":[],"product_brand":[757],"product_cat":[800],"product_tag":[],"class_list":{"0":"post-4341","1":"product","2":"type-product","3":"status-publish","4":"has-post-thumbnail","6":"product_brand-alan-dunn","7":"product_cat-ebook","9":"first","10":"instock","11":"sale","12":"shipping-taxable","13":"product-type-simple"},"yoast_head":"<!-- This site is optimized with the Yoast SEO plugin v27.4 - https:\/\/yoast.com\/product\/yoast-seo-wordpress\/ -->\n<title>El liderazgo en el matrimonio (Ebook) - Publicaciones Aquila<\/title>\n<meta name=\"robots\" content=\"index, follow, max-snippet:-1, max-image-preview:large, max-video-preview:-1\" \/>\n<link rel=\"canonical\" href=\"https:\/\/publicacionesaquila.com\/en\/product\/el-liderazgo-en-el-matrimonio-ebook\/\" \/>\n<meta property=\"og:locale\" content=\"en_US\" \/>\n<meta property=\"og:type\" content=\"article\" \/>\n<meta property=\"og:title\" content=\"El liderazgo en el matrimonio (Ebook) - Publicaciones Aquila\" \/>\n<meta property=\"og:description\" content=\"&nbsp;  Ordenar este libro   &nbsp;  Este libro nos invita a emprender un viaje reflexivo y espiritual hacia el origen mismo de la identidad masculina y femenina: el Ed\u00e9n. En un momento en que la sociedad actual enfrenta una profunda confusi\u00f3n acerca del significado de ser hombre o mujer, el autor ofrece una mirada clara, b\u00edblica y teol\u00f3gicamente fundamentada sobre lo que Dios dise\u00f1\u00f3 desde el principio.  Con un an\u00e1lisis penetrante y persuasivo, el Pastor Dunn explora los designios divinos para la masculinidad y la feminidad seg\u00fan el prop\u00f3sito creador de Dios. A trav\u00e9s de una ex\u00e9gesis cuidadosa y fiel a las Escrituras, se adentra en lo que significa ser hombre o mujer seg\u00fan la voluntad del Creador, qu\u00e9 implica ser esposo o esposa en armon\u00eda con el plan divino, y por qu\u00e9, como seres ca\u00eddos, tendemos naturalmente a rechazar nuestra identidad y funciones establecidas por Dios.  Siguiendo el ejemplo y m\u00e9todo de nuestro Se\u00f1or Jesucristo \u2014quien, al ser interrogado sobre el matrimonio, remiti\u00f3 a sus oyentes al principio (Mateo 19:3-9)\u2014, as\u00ed como tambi\u00e9n la ense\u00f1anza apost\u00f3lica del Ap\u00f3stol Pablo en su primera carta a los Corintios (11:2-16), el Pastor Dunn nos convoca a regresar simb\u00f3lica y espiritualmente al Ed\u00e9n. All\u00ed, en la pureza del dise\u00f1o original de Dios, podemos redescubrir verdades fundamentales sobre nuestra identidad, vocaci\u00f3n y relaciones como hombres y mujeres creados a imagen de Dios.  Este no es solo un estudio teol\u00f3gico, sino una llamada urgente a recuperar una visi\u00f3n b\u00edblica y equilibrada de la masculinidad y la feminidad en medio de un mundo que ha perdido su rumbo. Una lectura indispensable para quienes desean entender y vivir plenamente el prop\u00f3sito que Dios ha establecido desde el principio.  &nbsp;\" \/>\n<meta property=\"og:url\" content=\"https:\/\/publicacionesaquila.com\/en\/product\/el-liderazgo-en-el-matrimonio-ebook\/\" \/>\n<meta property=\"og:site_name\" content=\"Publicaciones Aquila\" \/>\n<meta property=\"article:modified_time\" content=\"2025-07-15T02:01:02+00:00\" \/>\n<meta property=\"og:image\" content=\"https:\/\/publicacionesaquila.com\/wp-content\/uploads\/2025\/07\/13-1.jpg\" \/>\n\t<meta property=\"og:image:width\" content=\"1080\" \/>\n\t<meta property=\"og:image:height\" content=\"1080\" \/>\n\t<meta property=\"og:image:type\" content=\"image\/jpeg\" \/>\n<meta name=\"twitter:card\" content=\"summary_large_image\" \/>\n<meta name=\"twitter:label1\" content=\"Est. reading time\" \/>\n\t<meta name=\"twitter:data1\" content=\"1 minute\" \/>\n<script type=\"application\/ld+json\" class=\"yoast-schema-graph\">{\"@context\":\"https:\\\/\\\/schema.org\",\"@graph\":[{\"@type\":\"WebPage\",\"@id\":\"https:\\\/\\\/publicacionesaquila.com\\\/producto\\\/el-liderazgo-en-el-matrimonio-ebook\\\/\",\"url\":\"https:\\\/\\\/publicacionesaquila.com\\\/producto\\\/el-liderazgo-en-el-matrimonio-ebook\\\/\",\"name\":\"El liderazgo en el matrimonio (Ebook) - Publicaciones Aquila\",\"isPartOf\":{\"@id\":\"https:\\\/\\\/publicacionesaquila.com\\\/#website\"},\"primaryImageOfPage\":{\"@id\":\"https:\\\/\\\/publicacionesaquila.com\\\/producto\\\/el-liderazgo-en-el-matrimonio-ebook\\\/#primaryimage\"},\"image\":{\"@id\":\"https:\\\/\\\/publicacionesaquila.com\\\/producto\\\/el-liderazgo-en-el-matrimonio-ebook\\\/#primaryimage\"},\"thumbnailUrl\":\"https:\\\/\\\/publicacionesaquila.com\\\/wp-content\\\/uploads\\\/2025\\\/07\\\/13-1.jpg\",\"datePublished\":\"2025-07-07T19:31:30+00:00\",\"dateModified\":\"2025-07-15T02:01:02+00:00\",\"breadcrumb\":{\"@id\":\"https:\\\/\\\/publicacionesaquila.com\\\/producto\\\/el-liderazgo-en-el-matrimonio-ebook\\\/#breadcrumb\"},\"inLanguage\":\"en-US\",\"potentialAction\":[{\"@type\":\"ReadAction\",\"target\":[\"https:\\\/\\\/publicacionesaquila.com\\\/producto\\\/el-liderazgo-en-el-matrimonio-ebook\\\/\"]}]},{\"@type\":\"ImageObject\",\"inLanguage\":\"en-US\",\"@id\":\"https:\\\/\\\/publicacionesaquila.com\\\/producto\\\/el-liderazgo-en-el-matrimonio-ebook\\\/#primaryimage\",\"url\":\"https:\\\/\\\/publicacionesaquila.com\\\/wp-content\\\/uploads\\\/2025\\\/07\\\/13-1.jpg\",\"contentUrl\":\"https:\\\/\\\/publicacionesaquila.com\\\/wp-content\\\/uploads\\\/2025\\\/07\\\/13-1.jpg\",\"width\":1080,\"height\":1080},{\"@type\":\"BreadcrumbList\",\"@id\":\"https:\\\/\\\/publicacionesaquila.com\\\/producto\\\/el-liderazgo-en-el-matrimonio-ebook\\\/#breadcrumb\",\"itemListElement\":[{\"@type\":\"ListItem\",\"position\":1,\"name\":\"Portada\",\"item\":\"https:\\\/\\\/publicacionesaquila.com\\\/\"},{\"@type\":\"ListItem\",\"position\":2,\"name\":\"Publicaciones\",\"item\":\"https:\\\/\\\/publicacionesaquila.com\\\/publicaciones\\\/\"},{\"@type\":\"ListItem\",\"position\":3,\"name\":\"El liderazgo en el matrimonio (Ebook)\"}]},{\"@type\":\"WebSite\",\"@id\":\"https:\\\/\\\/publicacionesaquila.com\\\/#website\",\"url\":\"https:\\\/\\\/publicacionesaquila.com\\\/\",\"name\":\"Publicaciones Aquila\",\"description\":\"Cat\u00e1logo de Libros\",\"potentialAction\":[{\"@type\":\"SearchAction\",\"target\":{\"@type\":\"EntryPoint\",\"urlTemplate\":\"https:\\\/\\\/publicacionesaquila.com\\\/?s={search_term_string}\"},\"query-input\":{\"@type\":\"PropertyValueSpecification\",\"valueRequired\":true,\"valueName\":\"search_term_string\"}}],\"inLanguage\":\"en-US\"}]}<\/script>\n<!-- \/ Yoast SEO plugin. -->","yoast_head_json":{"title":"El liderazgo en el matrimonio (Ebook) - Publicaciones Aquila","robots":{"index":"index","follow":"follow","max-snippet":"max-snippet:-1","max-image-preview":"max-image-preview:large","max-video-preview":"max-video-preview:-1"},"canonical":"https:\/\/publicacionesaquila.com\/en\/product\/el-liderazgo-en-el-matrimonio-ebook\/","og_locale":"en_US","og_type":"article","og_title":"El liderazgo en el matrimonio (Ebook) - Publicaciones Aquila","og_description":"&nbsp;  Ordenar este libro   &nbsp;  Este libro nos invita a emprender un viaje reflexivo y espiritual hacia el origen mismo de la identidad masculina y femenina: el Ed\u00e9n. En un momento en que la sociedad actual enfrenta una profunda confusi\u00f3n acerca del significado de ser hombre o mujer, el autor ofrece una mirada clara, b\u00edblica y teol\u00f3gicamente fundamentada sobre lo que Dios dise\u00f1\u00f3 desde el principio.  Con un an\u00e1lisis penetrante y persuasivo, el Pastor Dunn explora los designios divinos para la masculinidad y la feminidad seg\u00fan el prop\u00f3sito creador de Dios. A trav\u00e9s de una ex\u00e9gesis cuidadosa y fiel a las Escrituras, se adentra en lo que significa ser hombre o mujer seg\u00fan la voluntad del Creador, qu\u00e9 implica ser esposo o esposa en armon\u00eda con el plan divino, y por qu\u00e9, como seres ca\u00eddos, tendemos naturalmente a rechazar nuestra identidad y funciones establecidas por Dios.  Siguiendo el ejemplo y m\u00e9todo de nuestro Se\u00f1or Jesucristo \u2014quien, al ser interrogado sobre el matrimonio, remiti\u00f3 a sus oyentes al principio (Mateo 19:3-9)\u2014, as\u00ed como tambi\u00e9n la ense\u00f1anza apost\u00f3lica del Ap\u00f3stol Pablo en su primera carta a los Corintios (11:2-16), el Pastor Dunn nos convoca a regresar simb\u00f3lica y espiritualmente al Ed\u00e9n. All\u00ed, en la pureza del dise\u00f1o original de Dios, podemos redescubrir verdades fundamentales sobre nuestra identidad, vocaci\u00f3n y relaciones como hombres y mujeres creados a imagen de Dios.  Este no es solo un estudio teol\u00f3gico, sino una llamada urgente a recuperar una visi\u00f3n b\u00edblica y equilibrada de la masculinidad y la feminidad en medio de un mundo que ha perdido su rumbo. Una lectura indispensable para quienes desean entender y vivir plenamente el prop\u00f3sito que Dios ha establecido desde el principio.  &nbsp;","og_url":"https:\/\/publicacionesaquila.com\/en\/product\/el-liderazgo-en-el-matrimonio-ebook\/","og_site_name":"Publicaciones Aquila","article_modified_time":"2025-07-15T02:01:02+00:00","og_image":[{"width":1080,"height":1080,"url":"https:\/\/publicacionesaquila.com\/wp-content\/uploads\/2025\/07\/13-1.jpg","type":"image\/jpeg"}],"twitter_card":"summary_large_image","twitter_misc":{"Est. reading time":"1 minute"},"schema":{"@context":"https:\/\/schema.org","@graph":[{"@type":"WebPage","@id":"https:\/\/publicacionesaquila.com\/producto\/el-liderazgo-en-el-matrimonio-ebook\/","url":"https:\/\/publicacionesaquila.com\/producto\/el-liderazgo-en-el-matrimonio-ebook\/","name":"El liderazgo en el matrimonio (Ebook) - Publicaciones Aquila","isPartOf":{"@id":"https:\/\/publicacionesaquila.com\/#website"},"primaryImageOfPage":{"@id":"https:\/\/publicacionesaquila.com\/producto\/el-liderazgo-en-el-matrimonio-ebook\/#primaryimage"},"image":{"@id":"https:\/\/publicacionesaquila.com\/producto\/el-liderazgo-en-el-matrimonio-ebook\/#primaryimage"},"thumbnailUrl":"https:\/\/publicacionesaquila.com\/wp-content\/uploads\/2025\/07\/13-1.jpg","datePublished":"2025-07-07T19:31:30+00:00","dateModified":"2025-07-15T02:01:02+00:00","breadcrumb":{"@id":"https:\/\/publicacionesaquila.com\/producto\/el-liderazgo-en-el-matrimonio-ebook\/#breadcrumb"},"inLanguage":"en-US","potentialAction":[{"@type":"ReadAction","target":["https:\/\/publicacionesaquila.com\/producto\/el-liderazgo-en-el-matrimonio-ebook\/"]}]},{"@type":"ImageObject","inLanguage":"en-US","@id":"https:\/\/publicacionesaquila.com\/producto\/el-liderazgo-en-el-matrimonio-ebook\/#primaryimage","url":"https:\/\/publicacionesaquila.com\/wp-content\/uploads\/2025\/07\/13-1.jpg","contentUrl":"https:\/\/publicacionesaquila.com\/wp-content\/uploads\/2025\/07\/13-1.jpg","width":1080,"height":1080},{"@type":"BreadcrumbList","@id":"https:\/\/publicacionesaquila.com\/producto\/el-liderazgo-en-el-matrimonio-ebook\/#breadcrumb","itemListElement":[{"@type":"ListItem","position":1,"name":"Portada","item":"https:\/\/publicacionesaquila.com\/"},{"@type":"ListItem","position":2,"name":"Publicaciones","item":"https:\/\/publicacionesaquila.com\/publicaciones\/"},{"@type":"ListItem","position":3,"name":"El liderazgo en el matrimonio (Ebook)"}]},{"@type":"WebSite","@id":"https:\/\/publicacionesaquila.com\/#website","url":"https:\/\/publicacionesaquila.com\/","name":"Aquila Publications","description":"Cat\u00e1logo de Libros","potentialAction":[{"@type":"SearchAction","target":{"@type":"EntryPoint","urlTemplate":"https:\/\/publicacionesaquila.com\/?s={search_term_string}"},"query-input":{"@type":"PropertyValueSpecification","valueRequired":true,"valueName":"search_term_string"}}],"inLanguage":"en-US"}]}},"_links":{"self":[{"href":"https:\/\/publicacionesaquila.com\/en\/wp-json\/wp\/v2\/product\/4341","targetHints":{"allow":["GET"]}}],"collection":[{"href":"https:\/\/publicacionesaquila.com\/en\/wp-json\/wp\/v2\/product"}],"about":[{"href":"https:\/\/publicacionesaquila.com\/en\/wp-json\/wp\/v2\/types\/product"}],"replies":[{"embeddable":true,"href":"https:\/\/publicacionesaquila.com\/en\/wp-json\/wp\/v2\/comments?post=4341"}],"wp:featuredmedia":[{"embeddable":true,"href":"https:\/\/publicacionesaquila.com\/en\/wp-json\/wp\/v2\/media\/4668"}],"wp:attachment":[{"href":"https:\/\/publicacionesaquila.com\/en\/wp-json\/wp\/v2\/media?parent=4341"}],"wp:term":[{"taxonomy":"product_brand","embeddable":true,"href":"https:\/\/publicacionesaquila.com\/en\/wp-json\/wp\/v2\/product_brand?post=4341"},{"taxonomy":"product_cat","embeddable":true,"href":"https:\/\/publicacionesaquila.com\/en\/wp-json\/wp\/v2\/product_cat?post=4341"},{"taxonomy":"product_tag","embeddable":true,"href":"https:\/\/publicacionesaquila.com\/en\/wp-json\/wp\/v2\/product_tag?post=4341"}],"curies":[{"name":"wp","href":"https:\/\/api.w.org\/{rel}","templated":true}]}}