{"id":4340,"date":"2025-07-07T19:29:01","date_gmt":"2025-07-07T19:29:01","guid":{"rendered":"https:\/\/publicacionesaquila.com\/?post_type=product&#038;p=4340"},"modified":"2025-07-15T02:01:49","modified_gmt":"2025-07-15T02:01:49","slug":"la-asombrosa-gracia-de-dios-ebook","status":"publish","type":"product","link":"https:\/\/publicacionesaquila.com\/en\/product\/la-asombrosa-gracia-de-dios-ebook\/","title":{"rendered":"God's Astounding Grace (Ebook)"},"content":{"rendered":"","protected":false},"excerpt":{"rendered":"<p>&nbsp;<\/p>\n<p><a style=\"display: inline-block; padding: 12px 24px; font-size: 14px; color: black; background-color: white; border: 2px solid #000; border-radius: 5px; text-decoration: none; transition: all 0.3s ease; cursor: pointer;\" href=\"https:\/\/www.cristianismohist.com\/la-asombrosa-gracia-de-dios-ebook-gods-astounding-grace-d-s-meadows\/\" target=\"_blank\" rel=\"noopener\">Order this book<br \/>\n<\/a><\/p>\n<p>&nbsp;<\/p>\n<p class=\" translation-block\">\"God's Astounding Grace\" is a clear, humble, and deeply biblical work written by Pastor D. Scott Meadows, who has devoted his life to pastoral ministry since leaving behind his career as an electrical engineer to answer the call to ministry in 1989. With over three decades leading Calvary Baptist Church in Exeter, New Hampshire, Meadows combines an analytical mind with a heart fully committed to the Word of God\u2014something evident on every page of this book.<\/p>\n<div class=\"my-2\"><\/div>\n<p class=\" translation-block\">This volume offers more than just an accessible introduction to the doctrines of grace (also known as \u201cirresistible grace,\u201d \u201cunconditional election,\u201d \u201cparticular redemption,\u201d and others); it also invites the reader to explore the gospel from a perspective that exalts God above all things. Far from being an inaccessible academic treatise, Meadows presents these truths with simplicity and pastoral tenderness, making them understandable both to new believers and to mature Christians seeking to deepen their faith.<\/p>\n<div class=\"my-2\"><\/div>\n<p>The author addresses fundamental questions many people raise when they hear about God\u2019s sovereignty in salvation, such as:<\/p>\n<div class=\"my-2\"><\/div>\n<ul>\n<li>Does God really choose whom He will save?<\/li>\n<li>How does this relate to human responsibility?<\/li>\n<li>Can anyone resist God\u2019s saving will?<\/li>\n<\/ul>\n<p>&nbsp;<\/p>\n<p>Meadows responds with patience and faithfulness to Scripture, avoiding unnecessary technical jargon or complex philosophical debates. Instead, he lets the Bible speak for itself, using its own words to promote a vision of the gospel that glorifies God in all His majesty and goodness.<\/p>\n<div class=\"my-2\"><\/div>\n<p class=\" translation-block\">Endorsed by respected ministers such as Albert N. Martin and Dr. Steven J. Lawson, \"The Amazing Grace of God\" not only fulfills its purpose as a doctrinal tool but also serves as a powerful resource for personal and communal spiritual growth. This book awakens gratitude, worship, and a renewed commitment to the message of the pure and transforming gospel.<\/p>\n<div class=\"my-2\"><\/div>\n<p class=\" translation-block\">Ideal for both personal study and group discussion, \"The Amazing Grace of God\" is a must-read for those longing to contemplate the infinite mercy of a God who saves\u2014not because of human merit, but by grace: a grace that is amazing, sovereign, and sufficient.<\/p>","protected":false},"featured_media":4669,"comment_status":"closed","ping_status":"closed","template":"","meta":[],"product_brand":[117],"product_cat":[800],"product_tag":[486,160,476,478,384,481,485,477,484,487,475,483,482,479,155,480,282,80],"class_list":{"0":"post-4340","1":"product","2":"type-product","3":"status-publish","4":"has-post-thumbnail","6":"product_brand-d-s-meadows","7":"product_cat-ebook","8":"product_tag-arminianismo-vs-calvinismo","9":"product_tag-devocional-cristiano","10":"product_tag-doctrinas-de-la-gracia","11":"product_tag-eleccion-incondicional","12":"product_tag-estudio-biblico","13":"product_tag-evangelio-verdadero","14":"product_tag-fe-y-doctrina","15":"product_tag-gracia-irresistible","16":"product_tag-gracia-soberana","17":"product_tag-iglesia-bautista","18":"product_tag-la-asombrosa-gracia-de-dios","19":"product_tag-libro-cristiano","20":"product_tag-redencion-particular","21":"product_tag-salvacion-por-gracia","22":"product_tag-soberania-de-dios","23":"product_tag-teologia-biblica","24":"product_tag-teologia-reformada","25":"product_tag-vida-cristiana","27":"first","28":"instock","29":"sale","30":"shipping-taxable","31":"product-type-simple"},"yoast_head":"<!-- This site is optimized with the Yoast SEO plugin v27.4 - https:\/\/yoast.com\/product\/yoast-seo-wordpress\/ -->\n<title>La asombrosa gracia de Dios (Ebook) - Publicaciones Aquila<\/title>\n<meta name=\"robots\" content=\"index, follow, max-snippet:-1, max-image-preview:large, max-video-preview:-1\" \/>\n<link rel=\"canonical\" href=\"https:\/\/publicacionesaquila.com\/en\/product\/la-asombrosa-gracia-de-dios-ebook\/\" \/>\n<meta property=\"og:locale\" content=\"en_US\" \/>\n<meta property=\"og:type\" content=\"article\" \/>\n<meta property=\"og:title\" content=\"La asombrosa gracia de Dios (Ebook) - Publicaciones Aquila\" \/>\n<meta property=\"og:description\" content=\"&nbsp;  Ordenar este libro   &nbsp;  &quot;La Asombrosa Gracia de Dios&quot; es una obra clara, humilde y profundamente b\u00edblica escrita por el pastor D. Scott Meadows , quien ha dedicado su vida al servicio pastoral desde que dej\u00f3 atr\u00e1s su carrera como ingeniero el\u00e9ctrico para responder al llamado al ministerio en 1989. Con m\u00e1s de tres d\u00e9cadas liderando a la iglesia bautista Calvary en Exeter, New Hampshire, Meadows combina una mente anal\u00edtica con un coraz\u00f3n entregado a la Palabra de Dios, lo cual se refleja en cada p\u00e1gina de este libro.  Este volumen no solo ofrece una introducci\u00f3n accesible a las doctrinas de la gracia (tambi\u00e9n conocidas como \u201cgracia irresistible\u201d , \u201celecci\u00f3n incondicional\u201d , \u201credenci\u00f3n particular\u201d , entre otras), sino que tambi\u00e9n invita al lector a explorar el evangelio desde una perspectiva que exalta a Dios sobre todas las cosas. Lejos de ser un tratado acad\u00e9mico inaccesible, Meadows presenta estas verdades con sencillez y ternura pastoral, permitiendo que sean comprensibles tanto para nuevos creyentes como para cristianos maduros que buscan profundizar en su fe.  El autor aborda preguntas fundamentales que muchas personas han formulado al escuchar hablar de la soberan\u00eda de Dios en la salvaci\u00f3n, como:    \u00bfRealmente Dios elige a qui\u00e9n salvar?  \u00bfC\u00f3mo se relaciona esto con la responsabilidad humana?  \u00bfPuede alguien resistir la voluntad salv\u00edfica de Dios?  &nbsp;  Meadows responde con paciencia y fidelidad a la Escritura, sin recurrir a tecnicismos innecesarios ni debates filos\u00f3ficos complejos. En lugar de eso, deja que sea la Biblia misma quien hable, utilizando sus propias palabras y promoviendo una visi\u00f3n del evangelio que glorifica a Dios en toda su majestad y bondad.  Con el respaldo de reconocidos ministros como Albert N. Martin y Dr. Steven J. Lawson, &quot;La Asombrosa Gracia de Dios&quot; no solo cumple su prop\u00f3sito como herramienta doctrinal, sino que tambi\u00e9n sirve como un poderoso recurso para la edificaci\u00f3n espiritual personal y comunitaria. Este libro despierta gratitud, adoraci\u00f3n y un renovado compromiso con el mensaje del evangelio puro y transformador.  Ideal tanto para estudio personal como grupal, &quot;La Asombrosa Gracia de Dios&quot; es una lectura que invita a contemplar la infinita misericordia de un Dios que salva no por m\u00e9ritos humanos, sino por gracia \u2014una gracia asombrosa, soberana y suficiente.\" \/>\n<meta property=\"og:url\" content=\"https:\/\/publicacionesaquila.com\/en\/product\/la-asombrosa-gracia-de-dios-ebook\/\" \/>\n<meta property=\"og:site_name\" content=\"Publicaciones Aquila\" \/>\n<meta property=\"article:modified_time\" content=\"2025-07-15T02:01:49+00:00\" \/>\n<meta property=\"og:image\" content=\"https:\/\/publicacionesaquila.com\/wp-content\/uploads\/2025\/07\/14-1.jpg\" \/>\n\t<meta property=\"og:image:width\" content=\"1080\" \/>\n\t<meta property=\"og:image:height\" content=\"1080\" \/>\n\t<meta property=\"og:image:type\" content=\"image\/jpeg\" \/>\n<meta name=\"twitter:card\" content=\"summary_large_image\" \/>\n<meta name=\"twitter:label1\" content=\"Est. reading time\" \/>\n\t<meta name=\"twitter:data1\" content=\"1 minute\" \/>\n<script type=\"application\/ld+json\" class=\"yoast-schema-graph\">{\"@context\":\"https:\\\/\\\/schema.org\",\"@graph\":[{\"@type\":\"WebPage\",\"@id\":\"https:\\\/\\\/publicacionesaquila.com\\\/producto\\\/la-asombrosa-gracia-de-dios-ebook\\\/\",\"url\":\"https:\\\/\\\/publicacionesaquila.com\\\/producto\\\/la-asombrosa-gracia-de-dios-ebook\\\/\",\"name\":\"La asombrosa gracia de Dios (Ebook) - Publicaciones Aquila\",\"isPartOf\":{\"@id\":\"https:\\\/\\\/publicacionesaquila.com\\\/#website\"},\"primaryImageOfPage\":{\"@id\":\"https:\\\/\\\/publicacionesaquila.com\\\/producto\\\/la-asombrosa-gracia-de-dios-ebook\\\/#primaryimage\"},\"image\":{\"@id\":\"https:\\\/\\\/publicacionesaquila.com\\\/producto\\\/la-asombrosa-gracia-de-dios-ebook\\\/#primaryimage\"},\"thumbnailUrl\":\"https:\\\/\\\/publicacionesaquila.com\\\/wp-content\\\/uploads\\\/2025\\\/07\\\/14-1.jpg\",\"datePublished\":\"2025-07-07T19:29:01+00:00\",\"dateModified\":\"2025-07-15T02:01:49+00:00\",\"breadcrumb\":{\"@id\":\"https:\\\/\\\/publicacionesaquila.com\\\/producto\\\/la-asombrosa-gracia-de-dios-ebook\\\/#breadcrumb\"},\"inLanguage\":\"en-US\",\"potentialAction\":[{\"@type\":\"ReadAction\",\"target\":[\"https:\\\/\\\/publicacionesaquila.com\\\/producto\\\/la-asombrosa-gracia-de-dios-ebook\\\/\"]}]},{\"@type\":\"ImageObject\",\"inLanguage\":\"en-US\",\"@id\":\"https:\\\/\\\/publicacionesaquila.com\\\/producto\\\/la-asombrosa-gracia-de-dios-ebook\\\/#primaryimage\",\"url\":\"https:\\\/\\\/publicacionesaquila.com\\\/wp-content\\\/uploads\\\/2025\\\/07\\\/14-1.jpg\",\"contentUrl\":\"https:\\\/\\\/publicacionesaquila.com\\\/wp-content\\\/uploads\\\/2025\\\/07\\\/14-1.jpg\",\"width\":1080,\"height\":1080},{\"@type\":\"BreadcrumbList\",\"@id\":\"https:\\\/\\\/publicacionesaquila.com\\\/producto\\\/la-asombrosa-gracia-de-dios-ebook\\\/#breadcrumb\",\"itemListElement\":[{\"@type\":\"ListItem\",\"position\":1,\"name\":\"Portada\",\"item\":\"https:\\\/\\\/publicacionesaquila.com\\\/\"},{\"@type\":\"ListItem\",\"position\":2,\"name\":\"Publicaciones\",\"item\":\"https:\\\/\\\/publicacionesaquila.com\\\/publicaciones\\\/\"},{\"@type\":\"ListItem\",\"position\":3,\"name\":\"La asombrosa gracia de Dios (Ebook)\"}]},{\"@type\":\"WebSite\",\"@id\":\"https:\\\/\\\/publicacionesaquila.com\\\/#website\",\"url\":\"https:\\\/\\\/publicacionesaquila.com\\\/\",\"name\":\"Publicaciones Aquila\",\"description\":\"Cat\u00e1logo de Libros\",\"potentialAction\":[{\"@type\":\"SearchAction\",\"target\":{\"@type\":\"EntryPoint\",\"urlTemplate\":\"https:\\\/\\\/publicacionesaquila.com\\\/?s={search_term_string}\"},\"query-input\":{\"@type\":\"PropertyValueSpecification\",\"valueRequired\":true,\"valueName\":\"search_term_string\"}}],\"inLanguage\":\"en-US\"}]}<\/script>\n<!-- \/ Yoast SEO plugin. -->","yoast_head_json":{"title":"La asombrosa gracia de Dios (Ebook) - Publicaciones Aquila","robots":{"index":"index","follow":"follow","max-snippet":"max-snippet:-1","max-image-preview":"max-image-preview:large","max-video-preview":"max-video-preview:-1"},"canonical":"https:\/\/publicacionesaquila.com\/en\/product\/la-asombrosa-gracia-de-dios-ebook\/","og_locale":"en_US","og_type":"article","og_title":"La asombrosa gracia de Dios (Ebook) - Publicaciones Aquila","og_description":"&nbsp;  Ordenar este libro   &nbsp;  \"La Asombrosa Gracia de Dios\" es una obra clara, humilde y profundamente b\u00edblica escrita por el pastor D. Scott Meadows , quien ha dedicado su vida al servicio pastoral desde que dej\u00f3 atr\u00e1s su carrera como ingeniero el\u00e9ctrico para responder al llamado al ministerio en 1989. Con m\u00e1s de tres d\u00e9cadas liderando a la iglesia bautista Calvary en Exeter, New Hampshire, Meadows combina una mente anal\u00edtica con un coraz\u00f3n entregado a la Palabra de Dios, lo cual se refleja en cada p\u00e1gina de este libro.  Este volumen no solo ofrece una introducci\u00f3n accesible a las doctrinas de la gracia (tambi\u00e9n conocidas como \u201cgracia irresistible\u201d , \u201celecci\u00f3n incondicional\u201d , \u201credenci\u00f3n particular\u201d , entre otras), sino que tambi\u00e9n invita al lector a explorar el evangelio desde una perspectiva que exalta a Dios sobre todas las cosas. Lejos de ser un tratado acad\u00e9mico inaccesible, Meadows presenta estas verdades con sencillez y ternura pastoral, permitiendo que sean comprensibles tanto para nuevos creyentes como para cristianos maduros que buscan profundizar en su fe.  El autor aborda preguntas fundamentales que muchas personas han formulado al escuchar hablar de la soberan\u00eda de Dios en la salvaci\u00f3n, como:    \u00bfRealmente Dios elige a qui\u00e9n salvar?  \u00bfC\u00f3mo se relaciona esto con la responsabilidad humana?  \u00bfPuede alguien resistir la voluntad salv\u00edfica de Dios?  &nbsp;  Meadows responde con paciencia y fidelidad a la Escritura, sin recurrir a tecnicismos innecesarios ni debates filos\u00f3ficos complejos. En lugar de eso, deja que sea la Biblia misma quien hable, utilizando sus propias palabras y promoviendo una visi\u00f3n del evangelio que glorifica a Dios en toda su majestad y bondad.  Con el respaldo de reconocidos ministros como Albert N. Martin y Dr. Steven J. Lawson, \"La Asombrosa Gracia de Dios\" no solo cumple su prop\u00f3sito como herramienta doctrinal, sino que tambi\u00e9n sirve como un poderoso recurso para la edificaci\u00f3n espiritual personal y comunitaria. Este libro despierta gratitud, adoraci\u00f3n y un renovado compromiso con el mensaje del evangelio puro y transformador.  Ideal tanto para estudio personal como grupal, \"La Asombrosa Gracia de Dios\" es una lectura que invita a contemplar la infinita misericordia de un Dios que salva no por m\u00e9ritos humanos, sino por gracia \u2014una gracia asombrosa, soberana y suficiente.","og_url":"https:\/\/publicacionesaquila.com\/en\/product\/la-asombrosa-gracia-de-dios-ebook\/","og_site_name":"Publicaciones Aquila","article_modified_time":"2025-07-15T02:01:49+00:00","og_image":[{"width":1080,"height":1080,"url":"https:\/\/publicacionesaquila.com\/wp-content\/uploads\/2025\/07\/14-1.jpg","type":"image\/jpeg"}],"twitter_card":"summary_large_image","twitter_misc":{"Est. reading time":"1 minute"},"schema":{"@context":"https:\/\/schema.org","@graph":[{"@type":"WebPage","@id":"https:\/\/publicacionesaquila.com\/producto\/la-asombrosa-gracia-de-dios-ebook\/","url":"https:\/\/publicacionesaquila.com\/producto\/la-asombrosa-gracia-de-dios-ebook\/","name":"La asombrosa gracia de Dios (Ebook) - Publicaciones Aquila","isPartOf":{"@id":"https:\/\/publicacionesaquila.com\/#website"},"primaryImageOfPage":{"@id":"https:\/\/publicacionesaquila.com\/producto\/la-asombrosa-gracia-de-dios-ebook\/#primaryimage"},"image":{"@id":"https:\/\/publicacionesaquila.com\/producto\/la-asombrosa-gracia-de-dios-ebook\/#primaryimage"},"thumbnailUrl":"https:\/\/publicacionesaquila.com\/wp-content\/uploads\/2025\/07\/14-1.jpg","datePublished":"2025-07-07T19:29:01+00:00","dateModified":"2025-07-15T02:01:49+00:00","breadcrumb":{"@id":"https:\/\/publicacionesaquila.com\/producto\/la-asombrosa-gracia-de-dios-ebook\/#breadcrumb"},"inLanguage":"en-US","potentialAction":[{"@type":"ReadAction","target":["https:\/\/publicacionesaquila.com\/producto\/la-asombrosa-gracia-de-dios-ebook\/"]}]},{"@type":"ImageObject","inLanguage":"en-US","@id":"https:\/\/publicacionesaquila.com\/producto\/la-asombrosa-gracia-de-dios-ebook\/#primaryimage","url":"https:\/\/publicacionesaquila.com\/wp-content\/uploads\/2025\/07\/14-1.jpg","contentUrl":"https:\/\/publicacionesaquila.com\/wp-content\/uploads\/2025\/07\/14-1.jpg","width":1080,"height":1080},{"@type":"BreadcrumbList","@id":"https:\/\/publicacionesaquila.com\/producto\/la-asombrosa-gracia-de-dios-ebook\/#breadcrumb","itemListElement":[{"@type":"ListItem","position":1,"name":"Portada","item":"https:\/\/publicacionesaquila.com\/"},{"@type":"ListItem","position":2,"name":"Publicaciones","item":"https:\/\/publicacionesaquila.com\/publicaciones\/"},{"@type":"ListItem","position":3,"name":"La asombrosa gracia de Dios (Ebook)"}]},{"@type":"WebSite","@id":"https:\/\/publicacionesaquila.com\/#website","url":"https:\/\/publicacionesaquila.com\/","name":"Aquila Publications","description":"Cat\u00e1logo de Libros","potentialAction":[{"@type":"SearchAction","target":{"@type":"EntryPoint","urlTemplate":"https:\/\/publicacionesaquila.com\/?s={search_term_string}"},"query-input":{"@type":"PropertyValueSpecification","valueRequired":true,"valueName":"search_term_string"}}],"inLanguage":"en-US"}]}},"_links":{"self":[{"href":"https:\/\/publicacionesaquila.com\/en\/wp-json\/wp\/v2\/product\/4340","targetHints":{"allow":["GET"]}}],"collection":[{"href":"https:\/\/publicacionesaquila.com\/en\/wp-json\/wp\/v2\/product"}],"about":[{"href":"https:\/\/publicacionesaquila.com\/en\/wp-json\/wp\/v2\/types\/product"}],"replies":[{"embeddable":true,"href":"https:\/\/publicacionesaquila.com\/en\/wp-json\/wp\/v2\/comments?post=4340"}],"wp:featuredmedia":[{"embeddable":true,"href":"https:\/\/publicacionesaquila.com\/en\/wp-json\/wp\/v2\/media\/4669"}],"wp:attachment":[{"href":"https:\/\/publicacionesaquila.com\/en\/wp-json\/wp\/v2\/media?parent=4340"}],"wp:term":[{"taxonomy":"product_brand","embeddable":true,"href":"https:\/\/publicacionesaquila.com\/en\/wp-json\/wp\/v2\/product_brand?post=4340"},{"taxonomy":"product_cat","embeddable":true,"href":"https:\/\/publicacionesaquila.com\/en\/wp-json\/wp\/v2\/product_cat?post=4340"},{"taxonomy":"product_tag","embeddable":true,"href":"https:\/\/publicacionesaquila.com\/en\/wp-json\/wp\/v2\/product_tag?post=4340"}],"curies":[{"name":"wp","href":"https:\/\/api.w.org\/{rel}","templated":true}]}}