{"id":4148,"date":"2025-07-01T03:33:44","date_gmt":"2025-07-01T03:33:44","guid":{"rendered":"https:\/\/publicacionesaquila.com\/?post_type=product&#038;p=4148"},"modified":"2025-07-15T02:14:54","modified_gmt":"2025-07-15T02:14:54","slug":"el-temor-olvidado-ebook","status":"publish","type":"product","link":"https:\/\/publicacionesaquila.com\/en\/product\/el-temor-olvidado-ebook\/","title":{"rendered":"The Forgotten Fear (Ebook)"},"content":{"rendered":"","protected":false},"excerpt":{"rendered":"<p>&nbsp;<\/p>\n<p><a style=\"display: inline-block; padding: 12px 24px; font-size: 14px; color: black; background-color: white; border: 2px solid #000; border-radius: 5px; text-decoration: none; transition: all 0.3s ease; cursor: pointer;\" href=\"https:\/\/www.cristianismohist.com\/el-temor-olvidado-ebook-the-forgotten-fear-albert-n-martin\/\" target=\"_blank\" rel=\"noopener\">Order this book<br \/>\n<\/a><\/p>\n<p>&nbsp;<\/p>\n<p data-spm-anchor-id=\"a2ty_o01.29997173.0.i52.5195c921OxiTpX\" class=\" translation-block\">In an age when many expressions of the Christian faith have been softened or focused almost exclusively on God\u2019s grace and love, this book recovers an essential dimension of true biblical piety: the fear of God. Written by Albert N. Martin, a respected pastor and theologian known for his commitment to the authority of Scripture, The Forgotten Fear offers a clear, biblical, and pastoral exposition of a grace that has been neglected\u2014or even avoided\u2014by many contemporary believers.<\/p>\n<div class=\"my-2\"><\/div>\n<p class=\" translation-block\">The author reminds us that the fear of God is not optional or reserved only for a few special saints; it is a distinguishing mark of everyone who claims to have a genuine relationship with the Lord. As he states from the outset: \"A stranger to the fear of God is a stranger to the living God Himself.\"<\/p>\n<div class=\"my-2\"><\/div>\n<p>Throughout the book, Martin:<\/p>\n<ul>\n<li>Establishes the biblical foundation of the fear of God in both the Old and New Testaments.<\/li>\n<li>Clearly defines what it means to \"fear the Lord\" and how this attitude shapes our spiritual life.<\/li>\n<li>Shows how the fear of God is deeply connected to holiness, wisdom, and true worship.<\/li>\n<li>Offers practical applications based on biblical examples such as Abraham and Joseph.<\/li>\n<li>Invites today\u2019s believers to cultivate and grow in this fear through meditation on Scripture, prayer, and obedience.<\/li>\n<\/ul>\n<p>&nbsp;<\/p>\n<p>This short but powerful book not only challenges the reader to reconsider their view of God, but also helps recover a holy reverence that transforms the Christian life at its very roots.<\/p>\n<div class=\"my-2\"><\/div>\n<p class=\" translation-block\">Ideal for both personal study and group discussion, The Forgotten Fear is a powerful tool for those who desire a deeper, humbler, and God-glorifying faith.<\/p>\n<p>&nbsp;<\/p>","protected":false},"featured_media":4675,"comment_status":"closed","ping_status":"closed","template":"","meta":[],"product_brand":[66],"product_cat":[800],"product_tag":[389,149,160,330,240,335,251,239,390,311,388,391,288,80],"class_list":{"0":"post-4148","1":"product","2":"type-product","3":"status-publish","4":"has-post-thumbnail","6":"product_brand-albert-n-martin","7":"product_cat-ebook","8":"product_tag-adoracion-autentica","9":"product_tag-crecimiento-espiritual","10":"product_tag-devocional-cristiano","11":"product_tag-doctrina-cristiana","12":"product_tag-espiritualidad-reformada","13":"product_tag-fe-y-obediencia","14":"product_tag-libros-cristianos-breves","15":"product_tag-piedad-biblica","16":"product_tag-reverencia-a-dios","17":"product_tag-santidad-personal","18":"product_tag-temor-de-dios","19":"product_tag-temor-y-sabiduria","20":"product_tag-testimonio-cristiano","21":"product_tag-vida-cristiana","23":"first","24":"instock","25":"sale","26":"shipping-taxable","27":"product-type-simple"},"yoast_head":"<!-- This site is optimized with the Yoast SEO plugin v27.4 - https:\/\/yoast.com\/product\/yoast-seo-wordpress\/ -->\n<title>El Temor Olvidado (Ebook) - Publicaciones Aquila<\/title>\n<meta name=\"robots\" content=\"index, follow, max-snippet:-1, max-image-preview:large, max-video-preview:-1\" \/>\n<link rel=\"canonical\" href=\"https:\/\/publicacionesaquila.com\/en\/product\/el-temor-olvidado-ebook\/\" \/>\n<meta property=\"og:locale\" content=\"en_US\" \/>\n<meta property=\"og:type\" content=\"article\" \/>\n<meta property=\"og:title\" content=\"El Temor Olvidado (Ebook) - Publicaciones Aquila\" \/>\n<meta property=\"og:description\" content=\"&nbsp;  Ordenar este libro   &nbsp; En un tiempo en que muchas expresiones de la fe cristiana se han suavizado o centrado \u00fanicamente en la gracia y el amor de Dios, este libro recupera una dimensi\u00f3n esencial de la verdadera piedad b\u00edblica: el temor de Dios . Escrito por Albert N. Martin , reconocido pastor y te\u00f3logo por su fidelidad a la Palabra de Dios, El Temor Olvidado ofrece una exposici\u00f3n clara, b\u00edblica y pastoral sobre una gracia que ha sido ignorada o incluso evitada por muchos creyentes contempor\u00e1neos.   El autor nos recuerda que el temor de Dios no es algo opcional ni exclusivo de unos pocos santos especiales; es una marca distintiva de todo aquel que profesa tener una relaci\u00f3n genuina con el Se\u00f1or . Como afirma desde el inicio: &quot;Un extra\u00f1o al temor de Dios es un extra\u00f1o al Dios vivo mismo.&quot;  A lo largo del libro, Martin:   Establece las bases b\u00edblicas del temor de Dios en el Antiguo y el Nuevo Testamento.  Define con claridad qu\u00e9 significa &quot;temer al Se\u00f1or&quot; y c\u00f3mo esta actitud afecta nuestra vida espiritual.  Muestra c\u00f3mo el temor de Dios est\u00e1 vinculado profundamente con la santidad, la sabidur\u00eda y la adoraci\u00f3n verdadera.  Ofrece aplicaciones pr\u00e1cticas basadas en ejemplos b\u00edblicos como Abraham y Jos\u00e9.  Invita a los creyentes de hoy a cultivar y aumentar este temor mediante la meditaci\u00f3n en la Palabra, la oraci\u00f3n y la obediencia.  &nbsp;  Este librito no solo desaf\u00eda al lector a reconsiderar su visi\u00f3n de Dios, sino que tambi\u00e9n ayuda a recuperar una reverencia santa que transforma la vida cristiana desde sus ra\u00edces.  Ideal tanto para estudio personal como grupal, El Temor Olvidado es una herramienta poderosa para quienes desean vivir una fe m\u00e1s profunda, humilde y centrada en la gloria de Dios.  &nbsp;\" \/>\n<meta property=\"og:url\" content=\"https:\/\/publicacionesaquila.com\/en\/product\/el-temor-olvidado-ebook\/\" \/>\n<meta property=\"og:site_name\" content=\"Publicaciones Aquila\" \/>\n<meta property=\"article:modified_time\" content=\"2025-07-15T02:14:54+00:00\" \/>\n<meta property=\"og:image\" content=\"https:\/\/publicacionesaquila.com\/wp-content\/uploads\/2025\/07\/20-1.jpg\" \/>\n\t<meta property=\"og:image:width\" content=\"1080\" \/>\n\t<meta property=\"og:image:height\" content=\"1080\" \/>\n\t<meta property=\"og:image:type\" content=\"image\/jpeg\" \/>\n<meta name=\"twitter:card\" content=\"summary_large_image\" \/>\n<meta name=\"twitter:label1\" content=\"Est. reading time\" \/>\n\t<meta name=\"twitter:data1\" content=\"1 minute\" \/>\n<script type=\"application\/ld+json\" class=\"yoast-schema-graph\">{\"@context\":\"https:\\\/\\\/schema.org\",\"@graph\":[{\"@type\":\"WebPage\",\"@id\":\"https:\\\/\\\/publicacionesaquila.com\\\/producto\\\/el-temor-olvidado-ebook\\\/\",\"url\":\"https:\\\/\\\/publicacionesaquila.com\\\/producto\\\/el-temor-olvidado-ebook\\\/\",\"name\":\"El Temor Olvidado (Ebook) - Publicaciones Aquila\",\"isPartOf\":{\"@id\":\"https:\\\/\\\/publicacionesaquila.com\\\/#website\"},\"primaryImageOfPage\":{\"@id\":\"https:\\\/\\\/publicacionesaquila.com\\\/producto\\\/el-temor-olvidado-ebook\\\/#primaryimage\"},\"image\":{\"@id\":\"https:\\\/\\\/publicacionesaquila.com\\\/producto\\\/el-temor-olvidado-ebook\\\/#primaryimage\"},\"thumbnailUrl\":\"https:\\\/\\\/publicacionesaquila.com\\\/wp-content\\\/uploads\\\/2025\\\/07\\\/20-1.jpg\",\"datePublished\":\"2025-07-01T03:33:44+00:00\",\"dateModified\":\"2025-07-15T02:14:54+00:00\",\"breadcrumb\":{\"@id\":\"https:\\\/\\\/publicacionesaquila.com\\\/producto\\\/el-temor-olvidado-ebook\\\/#breadcrumb\"},\"inLanguage\":\"en-US\",\"potentialAction\":[{\"@type\":\"ReadAction\",\"target\":[\"https:\\\/\\\/publicacionesaquila.com\\\/producto\\\/el-temor-olvidado-ebook\\\/\"]}]},{\"@type\":\"ImageObject\",\"inLanguage\":\"en-US\",\"@id\":\"https:\\\/\\\/publicacionesaquila.com\\\/producto\\\/el-temor-olvidado-ebook\\\/#primaryimage\",\"url\":\"https:\\\/\\\/publicacionesaquila.com\\\/wp-content\\\/uploads\\\/2025\\\/07\\\/20-1.jpg\",\"contentUrl\":\"https:\\\/\\\/publicacionesaquila.com\\\/wp-content\\\/uploads\\\/2025\\\/07\\\/20-1.jpg\",\"width\":1080,\"height\":1080},{\"@type\":\"BreadcrumbList\",\"@id\":\"https:\\\/\\\/publicacionesaquila.com\\\/producto\\\/el-temor-olvidado-ebook\\\/#breadcrumb\",\"itemListElement\":[{\"@type\":\"ListItem\",\"position\":1,\"name\":\"Portada\",\"item\":\"https:\\\/\\\/publicacionesaquila.com\\\/\"},{\"@type\":\"ListItem\",\"position\":2,\"name\":\"Publicaciones\",\"item\":\"https:\\\/\\\/publicacionesaquila.com\\\/publicaciones\\\/\"},{\"@type\":\"ListItem\",\"position\":3,\"name\":\"El Temor Olvidado (Ebook)\"}]},{\"@type\":\"WebSite\",\"@id\":\"https:\\\/\\\/publicacionesaquila.com\\\/#website\",\"url\":\"https:\\\/\\\/publicacionesaquila.com\\\/\",\"name\":\"Publicaciones Aquila\",\"description\":\"Cat\u00e1logo de Libros\",\"potentialAction\":[{\"@type\":\"SearchAction\",\"target\":{\"@type\":\"EntryPoint\",\"urlTemplate\":\"https:\\\/\\\/publicacionesaquila.com\\\/?s={search_term_string}\"},\"query-input\":{\"@type\":\"PropertyValueSpecification\",\"valueRequired\":true,\"valueName\":\"search_term_string\"}}],\"inLanguage\":\"en-US\"}]}<\/script>\n<!-- \/ Yoast SEO plugin. -->","yoast_head_json":{"title":"El Temor Olvidado (Ebook) - Publicaciones Aquila","robots":{"index":"index","follow":"follow","max-snippet":"max-snippet:-1","max-image-preview":"max-image-preview:large","max-video-preview":"max-video-preview:-1"},"canonical":"https:\/\/publicacionesaquila.com\/en\/product\/el-temor-olvidado-ebook\/","og_locale":"en_US","og_type":"article","og_title":"El Temor Olvidado (Ebook) - Publicaciones Aquila","og_description":"&nbsp;  Ordenar este libro   &nbsp; En un tiempo en que muchas expresiones de la fe cristiana se han suavizado o centrado \u00fanicamente en la gracia y el amor de Dios, este libro recupera una dimensi\u00f3n esencial de la verdadera piedad b\u00edblica: el temor de Dios . Escrito por Albert N. Martin , reconocido pastor y te\u00f3logo por su fidelidad a la Palabra de Dios, El Temor Olvidado ofrece una exposici\u00f3n clara, b\u00edblica y pastoral sobre una gracia que ha sido ignorada o incluso evitada por muchos creyentes contempor\u00e1neos.   El autor nos recuerda que el temor de Dios no es algo opcional ni exclusivo de unos pocos santos especiales; es una marca distintiva de todo aquel que profesa tener una relaci\u00f3n genuina con el Se\u00f1or . Como afirma desde el inicio: \"Un extra\u00f1o al temor de Dios es un extra\u00f1o al Dios vivo mismo.\"  A lo largo del libro, Martin:   Establece las bases b\u00edblicas del temor de Dios en el Antiguo y el Nuevo Testamento.  Define con claridad qu\u00e9 significa \"temer al Se\u00f1or\" y c\u00f3mo esta actitud afecta nuestra vida espiritual.  Muestra c\u00f3mo el temor de Dios est\u00e1 vinculado profundamente con la santidad, la sabidur\u00eda y la adoraci\u00f3n verdadera.  Ofrece aplicaciones pr\u00e1cticas basadas en ejemplos b\u00edblicos como Abraham y Jos\u00e9.  Invita a los creyentes de hoy a cultivar y aumentar este temor mediante la meditaci\u00f3n en la Palabra, la oraci\u00f3n y la obediencia.  &nbsp;  Este librito no solo desaf\u00eda al lector a reconsiderar su visi\u00f3n de Dios, sino que tambi\u00e9n ayuda a recuperar una reverencia santa que transforma la vida cristiana desde sus ra\u00edces.  Ideal tanto para estudio personal como grupal, El Temor Olvidado es una herramienta poderosa para quienes desean vivir una fe m\u00e1s profunda, humilde y centrada en la gloria de Dios.  &nbsp;","og_url":"https:\/\/publicacionesaquila.com\/en\/product\/el-temor-olvidado-ebook\/","og_site_name":"Publicaciones Aquila","article_modified_time":"2025-07-15T02:14:54+00:00","og_image":[{"width":1080,"height":1080,"url":"https:\/\/publicacionesaquila.com\/wp-content\/uploads\/2025\/07\/20-1.jpg","type":"image\/jpeg"}],"twitter_card":"summary_large_image","twitter_misc":{"Est. reading time":"1 minute"},"schema":{"@context":"https:\/\/schema.org","@graph":[{"@type":"WebPage","@id":"https:\/\/publicacionesaquila.com\/producto\/el-temor-olvidado-ebook\/","url":"https:\/\/publicacionesaquila.com\/producto\/el-temor-olvidado-ebook\/","name":"El Temor Olvidado (Ebook) - Publicaciones Aquila","isPartOf":{"@id":"https:\/\/publicacionesaquila.com\/#website"},"primaryImageOfPage":{"@id":"https:\/\/publicacionesaquila.com\/producto\/el-temor-olvidado-ebook\/#primaryimage"},"image":{"@id":"https:\/\/publicacionesaquila.com\/producto\/el-temor-olvidado-ebook\/#primaryimage"},"thumbnailUrl":"https:\/\/publicacionesaquila.com\/wp-content\/uploads\/2025\/07\/20-1.jpg","datePublished":"2025-07-01T03:33:44+00:00","dateModified":"2025-07-15T02:14:54+00:00","breadcrumb":{"@id":"https:\/\/publicacionesaquila.com\/producto\/el-temor-olvidado-ebook\/#breadcrumb"},"inLanguage":"en-US","potentialAction":[{"@type":"ReadAction","target":["https:\/\/publicacionesaquila.com\/producto\/el-temor-olvidado-ebook\/"]}]},{"@type":"ImageObject","inLanguage":"en-US","@id":"https:\/\/publicacionesaquila.com\/producto\/el-temor-olvidado-ebook\/#primaryimage","url":"https:\/\/publicacionesaquila.com\/wp-content\/uploads\/2025\/07\/20-1.jpg","contentUrl":"https:\/\/publicacionesaquila.com\/wp-content\/uploads\/2025\/07\/20-1.jpg","width":1080,"height":1080},{"@type":"BreadcrumbList","@id":"https:\/\/publicacionesaquila.com\/producto\/el-temor-olvidado-ebook\/#breadcrumb","itemListElement":[{"@type":"ListItem","position":1,"name":"Portada","item":"https:\/\/publicacionesaquila.com\/"},{"@type":"ListItem","position":2,"name":"Publicaciones","item":"https:\/\/publicacionesaquila.com\/publicaciones\/"},{"@type":"ListItem","position":3,"name":"El Temor Olvidado (Ebook)"}]},{"@type":"WebSite","@id":"https:\/\/publicacionesaquila.com\/#website","url":"https:\/\/publicacionesaquila.com\/","name":"Aquila Publications","description":"Cat\u00e1logo de Libros","potentialAction":[{"@type":"SearchAction","target":{"@type":"EntryPoint","urlTemplate":"https:\/\/publicacionesaquila.com\/?s={search_term_string}"},"query-input":{"@type":"PropertyValueSpecification","valueRequired":true,"valueName":"search_term_string"}}],"inLanguage":"en-US"}]}},"_links":{"self":[{"href":"https:\/\/publicacionesaquila.com\/en\/wp-json\/wp\/v2\/product\/4148","targetHints":{"allow":["GET"]}}],"collection":[{"href":"https:\/\/publicacionesaquila.com\/en\/wp-json\/wp\/v2\/product"}],"about":[{"href":"https:\/\/publicacionesaquila.com\/en\/wp-json\/wp\/v2\/types\/product"}],"replies":[{"embeddable":true,"href":"https:\/\/publicacionesaquila.com\/en\/wp-json\/wp\/v2\/comments?post=4148"}],"wp:featuredmedia":[{"embeddable":true,"href":"https:\/\/publicacionesaquila.com\/en\/wp-json\/wp\/v2\/media\/4675"}],"wp:attachment":[{"href":"https:\/\/publicacionesaquila.com\/en\/wp-json\/wp\/v2\/media?parent=4148"}],"wp:term":[{"taxonomy":"product_brand","embeddable":true,"href":"https:\/\/publicacionesaquila.com\/en\/wp-json\/wp\/v2\/product_brand?post=4148"},{"taxonomy":"product_cat","embeddable":true,"href":"https:\/\/publicacionesaquila.com\/en\/wp-json\/wp\/v2\/product_cat?post=4148"},{"taxonomy":"product_tag","embeddable":true,"href":"https:\/\/publicacionesaquila.com\/en\/wp-json\/wp\/v2\/product_tag?post=4148"}],"curies":[{"name":"wp","href":"https:\/\/api.w.org\/{rel}","templated":true}]}}