{"id":4145,"date":"2025-07-01T03:28:06","date_gmt":"2025-07-01T03:28:06","guid":{"rendered":"https:\/\/publicacionesaquila.com\/?post_type=product&#038;p=4145"},"modified":"2025-07-15T02:16:12","modified_gmt":"2025-07-15T02:16:12","slug":"comentario-a-proverbios-ebook","status":"publish","type":"product","link":"https:\/\/publicacionesaquila.com\/en\/product\/comentario-a-proverbios-ebook\/","title":{"rendered":"Commentary on Proverbs (Ebook)"},"content":{"rendered":"","protected":false},"excerpt":{"rendered":"<p>&nbsp;<\/p>\n<p><a style=\"display: inline-block; padding: 12px 24px; font-size: 14px; color: black; background-color: white; border: 2px solid #000; border-radius: 5px; text-decoration: none; transition: all 0.3s ease; cursor: pointer;\" href=\"https:\/\/www.cristianismohist.com\/comentario-a-proverbios-ebook-exposition-of-the-book-of-proverbs-george-lawson\/\" target=\"_blank\" rel=\"noopener\">Order this book<br \/>\n<\/a><\/p>\n<p>&nbsp;<\/p>\n<p data-spm-anchor-id=\"a2ty_o01.29997173.0.i17.2540c921tY8VfB\" class=\" translation-block\">George Lawson\u2019s Commentary on Proverbs is a classic work that transcends its time and remains deeply relevant for believers today. Written with a theologically sharp mind and a pastoral heart, this commentary not only unpacks the rich content of the Book of Proverbs, but also powerfully applies it to the reader\u2019s heart, helping them live in the light of divine wisdom.<\/p>\n<div class=\"my-2\"><\/div>\n<p>Lawson understands that the proverbs are not simply popular sayings or isolated practical tips, but part of a biblical system of wisdom that reflects the character of God and His will for the lives of His children. In a world where human opinion is often exalted above the Word of God, this commentary arrives as a powerful reminder that true wisdom comes from Above and can only be received through the fear of the Lord.<\/p>\n<div class=\"my-2\"><\/div>\n<p>Beyond academic exegesis, Lawson offers a godly and applicable exposition, ideal for both personal study and group settings. Each reflection is filled with devotion, instruction, and an evangelistic call. The author not only helps the reader understand the biblical text, but also invites them to examine themselves and respond in obedience to what God reveals.<\/p>\n<div class=\"my-2\"><\/div>\n<p class=\" translation-block\">One special strength of this work is its focus on Christian family life. For Lawson, the proverbs have much to say about how to raise children in the discipline and instruction of the Lord, and how parents must exemplify that wisdom in their own lives. This makes the book especially useful for those leading family worship or seeking to build a home founded on the Word of God.<\/p>\n<div class=\"my-2\"><\/div>\n<p>Furthermore, though written primarily for Christians, the commentary contains a strong call to unbelievers, inviting them to abandon the path of foolishness and find in Christ\u2014the Incarnate Wisdom\u2014the only sure way to eternal life.<\/p>\n<div class=\"my-2\"><\/div>\n<p class=\" translation-block\">Commentary on Proverbs is a work that unites the intellectual with the devotional, the doctrinal with the practical, and the pastoral with the evangelistic. It is highly recommended reading for pastors, teachers, parents, and any believer who desires to learn how to walk daily in the path of biblical wisdom.<\/p>\n<p>&nbsp;<\/p>","protected":false},"featured_media":4677,"comment_status":"closed","ping_status":"closed","template":"","meta":[],"product_brand":[65],"product_cat":[800],"product_tag":[562,570,564,160,566,572,569,250,573,568,571,424,565,563,246,567,499,498,80],"class_list":{"0":"post-4145","1":"product","2":"type-product","3":"status-publish","4":"has-post-thumbnail","6":"product_brand-george-lawson","7":"product_cat-ebook","8":"product_tag-comentario-a-proverbios","9":"product_tag-comentario-biblico","10":"product_tag-culto-familiar","11":"product_tag-devocional-cristiano","12":"product_tag-educacion-cristiana","13":"product_tag-evangelio-y-sabiduria","14":"product_tag-exegesis-biblica","15":"product_tag-formacion-espiritual","16":"product_tag-hogar-cristiano","17":"product_tag-instruccion-biblica","18":"product_tag-libro-de-proverbios","19":"product_tag-liderazgo-espiritual","20":"product_tag-padres-cristianos","21":"product_tag-proverbios","22":"product_tag-sabiduria-biblica","23":"product_tag-temor-del-senor","24":"product_tag-teologia-practica","25":"product_tag-vida-con-proposito","26":"product_tag-vida-cristiana","28":"first","29":"instock","30":"sale","31":"shipping-taxable","32":"product-type-simple"},"yoast_head":"<!-- This site is optimized with the Yoast SEO plugin v27.4 - https:\/\/yoast.com\/product\/yoast-seo-wordpress\/ -->\n<title>Comentario a Proverbios (Ebook) - Publicaciones Aquila<\/title>\n<meta name=\"robots\" content=\"index, follow, max-snippet:-1, max-image-preview:large, max-video-preview:-1\" \/>\n<link rel=\"canonical\" href=\"https:\/\/publicacionesaquila.com\/en\/product\/comentario-a-proverbios-ebook\/\" \/>\n<meta property=\"og:locale\" content=\"en_US\" \/>\n<meta property=\"og:type\" content=\"article\" \/>\n<meta property=\"og:title\" content=\"Comentario a Proverbios (Ebook) - Publicaciones Aquila\" \/>\n<meta property=\"og:description\" content=\"&nbsp;  Ordenar este libro   &nbsp; El &quot;Comentario a Proverbios&quot; de George Lawson es una obra cl\u00e1sica que trasciende su \u00e9poca y sigue siendo profundamente relevante para los creyentes de hoy. Escrito con una mente teol\u00f3gica l\u00facida y un coraz\u00f3n pastoral, este comentario no solo desglosa el rico contenido del libro de Proverbios, sino que lo aplica con poder al coraz\u00f3n del lector, ayud\u00e1ndolo a vivir bajo la luz de la sabidur\u00eda divina.   Lawson entiende que los proverbios no son simples dichos populares ni consejos pr\u00e1cticos aislados, sino parte de un sistema b\u00edblico de sabidur\u00eda que refleja el car\u00e1cter de Dios y su voluntad para la vida de sus hijos. En un mundo donde muchas veces se prioriza la opini\u00f3n humana por encima de la Palabra de Dios, este comentario llega como un recordatorio poderoso de que la verdadera sabidur\u00eda viene del Alto y solo puede ser recibida por medio del temor del Se\u00f1or.  M\u00e1s all\u00e1 de una ex\u00e9gesis acad\u00e9mica, Lawson ofrece una exposici\u00f3n piadosa y aplicable, ideal tanto para estudio personal como grupal. Cada reflexi\u00f3n est\u00e1 cargada de devoci\u00f3n, instrucci\u00f3n y llamado evangel\u00edstico. El autor no solo ayuda al lector a comprender el texto b\u00edblico, sino que tambi\u00e9n lo invita a examinarse a s\u00ed mismo y a responder con obediencia a lo que Dios revela.  Una de las fortalezas especiales de esta obra es su enfoque en la formaci\u00f3n cristiana de la familia . Para Lawson, los proverbios tienen mucho que decir sobre c\u00f3mo criar a los hijos en la disciplina y la ense\u00f1anza del Se\u00f1or, y c\u00f3mo los padres deben ejemplificar esa sabidur\u00eda en su propia vida. Esto convierte al libro en una herramienta especialmente \u00fatil para quienes lideran el culto familiar o buscan construir un hogar fundado en la Palabra de Dios.  Adem\u00e1s, aunque escrito principalmente para cristianos, el comentario contiene un fuerte llamado a los incr\u00e9dulos, invit\u00e1ndolos a abandonar el camino de la necedad y encontrar en Cristo \u2014la Sabidur\u00eda encarnada\u2014 el \u00fanico sendero seguro hacia la vida eterna.  &quot;Comentario a Proverbios&quot; es una obra que une lo intelectual con lo devocional, lo doctrinal con lo pr\u00e1ctico, y lo pastoral con lo evangel\u00edstico. Es una lectura recomendada para pastores, maestros, padres y cualquier creyente que desee aprender a caminar en la senda de la sabidur\u00eda b\u00edblica, d\u00eda a d\u00eda.  &nbsp;\" \/>\n<meta property=\"og:url\" content=\"https:\/\/publicacionesaquila.com\/en\/product\/comentario-a-proverbios-ebook\/\" \/>\n<meta property=\"og:site_name\" content=\"Publicaciones Aquila\" \/>\n<meta property=\"article:modified_time\" content=\"2025-07-15T02:16:12+00:00\" \/>\n<meta property=\"og:image\" content=\"https:\/\/publicacionesaquila.com\/wp-content\/uploads\/2025\/07\/22-1.jpg\" \/>\n\t<meta property=\"og:image:width\" content=\"1080\" \/>\n\t<meta property=\"og:image:height\" content=\"1080\" \/>\n\t<meta property=\"og:image:type\" content=\"image\/jpeg\" \/>\n<meta name=\"twitter:card\" content=\"summary_large_image\" \/>\n<meta name=\"twitter:label1\" content=\"Est. reading time\" \/>\n\t<meta name=\"twitter:data1\" content=\"1 minute\" \/>\n<script type=\"application\/ld+json\" class=\"yoast-schema-graph\">{\"@context\":\"https:\\\/\\\/schema.org\",\"@graph\":[{\"@type\":\"WebPage\",\"@id\":\"https:\\\/\\\/publicacionesaquila.com\\\/producto\\\/comentario-a-proverbios-ebook\\\/\",\"url\":\"https:\\\/\\\/publicacionesaquila.com\\\/producto\\\/comentario-a-proverbios-ebook\\\/\",\"name\":\"Comentario a Proverbios (Ebook) - Publicaciones Aquila\",\"isPartOf\":{\"@id\":\"https:\\\/\\\/publicacionesaquila.com\\\/#website\"},\"primaryImageOfPage\":{\"@id\":\"https:\\\/\\\/publicacionesaquila.com\\\/producto\\\/comentario-a-proverbios-ebook\\\/#primaryimage\"},\"image\":{\"@id\":\"https:\\\/\\\/publicacionesaquila.com\\\/producto\\\/comentario-a-proverbios-ebook\\\/#primaryimage\"},\"thumbnailUrl\":\"https:\\\/\\\/publicacionesaquila.com\\\/wp-content\\\/uploads\\\/2025\\\/07\\\/22-1.jpg\",\"datePublished\":\"2025-07-01T03:28:06+00:00\",\"dateModified\":\"2025-07-15T02:16:12+00:00\",\"breadcrumb\":{\"@id\":\"https:\\\/\\\/publicacionesaquila.com\\\/producto\\\/comentario-a-proverbios-ebook\\\/#breadcrumb\"},\"inLanguage\":\"en-US\",\"potentialAction\":[{\"@type\":\"ReadAction\",\"target\":[\"https:\\\/\\\/publicacionesaquila.com\\\/producto\\\/comentario-a-proverbios-ebook\\\/\"]}]},{\"@type\":\"ImageObject\",\"inLanguage\":\"en-US\",\"@id\":\"https:\\\/\\\/publicacionesaquila.com\\\/producto\\\/comentario-a-proverbios-ebook\\\/#primaryimage\",\"url\":\"https:\\\/\\\/publicacionesaquila.com\\\/wp-content\\\/uploads\\\/2025\\\/07\\\/22-1.jpg\",\"contentUrl\":\"https:\\\/\\\/publicacionesaquila.com\\\/wp-content\\\/uploads\\\/2025\\\/07\\\/22-1.jpg\",\"width\":1080,\"height\":1080},{\"@type\":\"BreadcrumbList\",\"@id\":\"https:\\\/\\\/publicacionesaquila.com\\\/producto\\\/comentario-a-proverbios-ebook\\\/#breadcrumb\",\"itemListElement\":[{\"@type\":\"ListItem\",\"position\":1,\"name\":\"Portada\",\"item\":\"https:\\\/\\\/publicacionesaquila.com\\\/\"},{\"@type\":\"ListItem\",\"position\":2,\"name\":\"Publicaciones\",\"item\":\"https:\\\/\\\/publicacionesaquila.com\\\/publicaciones\\\/\"},{\"@type\":\"ListItem\",\"position\":3,\"name\":\"Comentario a Proverbios (Ebook)\"}]},{\"@type\":\"WebSite\",\"@id\":\"https:\\\/\\\/publicacionesaquila.com\\\/#website\",\"url\":\"https:\\\/\\\/publicacionesaquila.com\\\/\",\"name\":\"Publicaciones Aquila\",\"description\":\"Cat\u00e1logo de Libros\",\"potentialAction\":[{\"@type\":\"SearchAction\",\"target\":{\"@type\":\"EntryPoint\",\"urlTemplate\":\"https:\\\/\\\/publicacionesaquila.com\\\/?s={search_term_string}\"},\"query-input\":{\"@type\":\"PropertyValueSpecification\",\"valueRequired\":true,\"valueName\":\"search_term_string\"}}],\"inLanguage\":\"en-US\"}]}<\/script>\n<!-- \/ Yoast SEO plugin. -->","yoast_head_json":{"title":"Comentario a Proverbios (Ebook) - Publicaciones Aquila","robots":{"index":"index","follow":"follow","max-snippet":"max-snippet:-1","max-image-preview":"max-image-preview:large","max-video-preview":"max-video-preview:-1"},"canonical":"https:\/\/publicacionesaquila.com\/en\/product\/comentario-a-proverbios-ebook\/","og_locale":"en_US","og_type":"article","og_title":"Comentario a Proverbios (Ebook) - Publicaciones Aquila","og_description":"&nbsp;  Ordenar este libro   &nbsp; El \"Comentario a Proverbios\" de George Lawson es una obra cl\u00e1sica que trasciende su \u00e9poca y sigue siendo profundamente relevante para los creyentes de hoy. Escrito con una mente teol\u00f3gica l\u00facida y un coraz\u00f3n pastoral, este comentario no solo desglosa el rico contenido del libro de Proverbios, sino que lo aplica con poder al coraz\u00f3n del lector, ayud\u00e1ndolo a vivir bajo la luz de la sabidur\u00eda divina.   Lawson entiende que los proverbios no son simples dichos populares ni consejos pr\u00e1cticos aislados, sino parte de un sistema b\u00edblico de sabidur\u00eda que refleja el car\u00e1cter de Dios y su voluntad para la vida de sus hijos. En un mundo donde muchas veces se prioriza la opini\u00f3n humana por encima de la Palabra de Dios, este comentario llega como un recordatorio poderoso de que la verdadera sabidur\u00eda viene del Alto y solo puede ser recibida por medio del temor del Se\u00f1or.  M\u00e1s all\u00e1 de una ex\u00e9gesis acad\u00e9mica, Lawson ofrece una exposici\u00f3n piadosa y aplicable, ideal tanto para estudio personal como grupal. Cada reflexi\u00f3n est\u00e1 cargada de devoci\u00f3n, instrucci\u00f3n y llamado evangel\u00edstico. El autor no solo ayuda al lector a comprender el texto b\u00edblico, sino que tambi\u00e9n lo invita a examinarse a s\u00ed mismo y a responder con obediencia a lo que Dios revela.  Una de las fortalezas especiales de esta obra es su enfoque en la formaci\u00f3n cristiana de la familia . Para Lawson, los proverbios tienen mucho que decir sobre c\u00f3mo criar a los hijos en la disciplina y la ense\u00f1anza del Se\u00f1or, y c\u00f3mo los padres deben ejemplificar esa sabidur\u00eda en su propia vida. Esto convierte al libro en una herramienta especialmente \u00fatil para quienes lideran el culto familiar o buscan construir un hogar fundado en la Palabra de Dios.  Adem\u00e1s, aunque escrito principalmente para cristianos, el comentario contiene un fuerte llamado a los incr\u00e9dulos, invit\u00e1ndolos a abandonar el camino de la necedad y encontrar en Cristo \u2014la Sabidur\u00eda encarnada\u2014 el \u00fanico sendero seguro hacia la vida eterna.  \"Comentario a Proverbios\" es una obra que une lo intelectual con lo devocional, lo doctrinal con lo pr\u00e1ctico, y lo pastoral con lo evangel\u00edstico. Es una lectura recomendada para pastores, maestros, padres y cualquier creyente que desee aprender a caminar en la senda de la sabidur\u00eda b\u00edblica, d\u00eda a d\u00eda.  &nbsp;","og_url":"https:\/\/publicacionesaquila.com\/en\/product\/comentario-a-proverbios-ebook\/","og_site_name":"Publicaciones Aquila","article_modified_time":"2025-07-15T02:16:12+00:00","og_image":[{"width":1080,"height":1080,"url":"https:\/\/publicacionesaquila.com\/wp-content\/uploads\/2025\/07\/22-1.jpg","type":"image\/jpeg"}],"twitter_card":"summary_large_image","twitter_misc":{"Est. reading time":"1 minute"},"schema":{"@context":"https:\/\/schema.org","@graph":[{"@type":"WebPage","@id":"https:\/\/publicacionesaquila.com\/producto\/comentario-a-proverbios-ebook\/","url":"https:\/\/publicacionesaquila.com\/producto\/comentario-a-proverbios-ebook\/","name":"Comentario a Proverbios (Ebook) - Publicaciones Aquila","isPartOf":{"@id":"https:\/\/publicacionesaquila.com\/#website"},"primaryImageOfPage":{"@id":"https:\/\/publicacionesaquila.com\/producto\/comentario-a-proverbios-ebook\/#primaryimage"},"image":{"@id":"https:\/\/publicacionesaquila.com\/producto\/comentario-a-proverbios-ebook\/#primaryimage"},"thumbnailUrl":"https:\/\/publicacionesaquila.com\/wp-content\/uploads\/2025\/07\/22-1.jpg","datePublished":"2025-07-01T03:28:06+00:00","dateModified":"2025-07-15T02:16:12+00:00","breadcrumb":{"@id":"https:\/\/publicacionesaquila.com\/producto\/comentario-a-proverbios-ebook\/#breadcrumb"},"inLanguage":"en-US","potentialAction":[{"@type":"ReadAction","target":["https:\/\/publicacionesaquila.com\/producto\/comentario-a-proverbios-ebook\/"]}]},{"@type":"ImageObject","inLanguage":"en-US","@id":"https:\/\/publicacionesaquila.com\/producto\/comentario-a-proverbios-ebook\/#primaryimage","url":"https:\/\/publicacionesaquila.com\/wp-content\/uploads\/2025\/07\/22-1.jpg","contentUrl":"https:\/\/publicacionesaquila.com\/wp-content\/uploads\/2025\/07\/22-1.jpg","width":1080,"height":1080},{"@type":"BreadcrumbList","@id":"https:\/\/publicacionesaquila.com\/producto\/comentario-a-proverbios-ebook\/#breadcrumb","itemListElement":[{"@type":"ListItem","position":1,"name":"Portada","item":"https:\/\/publicacionesaquila.com\/"},{"@type":"ListItem","position":2,"name":"Publicaciones","item":"https:\/\/publicacionesaquila.com\/publicaciones\/"},{"@type":"ListItem","position":3,"name":"Comentario a Proverbios (Ebook)"}]},{"@type":"WebSite","@id":"https:\/\/publicacionesaquila.com\/#website","url":"https:\/\/publicacionesaquila.com\/","name":"Aquila Publications","description":"Cat\u00e1logo de Libros","potentialAction":[{"@type":"SearchAction","target":{"@type":"EntryPoint","urlTemplate":"https:\/\/publicacionesaquila.com\/?s={search_term_string}"},"query-input":{"@type":"PropertyValueSpecification","valueRequired":true,"valueName":"search_term_string"}}],"inLanguage":"en-US"}]}},"_links":{"self":[{"href":"https:\/\/publicacionesaquila.com\/en\/wp-json\/wp\/v2\/product\/4145","targetHints":{"allow":["GET"]}}],"collection":[{"href":"https:\/\/publicacionesaquila.com\/en\/wp-json\/wp\/v2\/product"}],"about":[{"href":"https:\/\/publicacionesaquila.com\/en\/wp-json\/wp\/v2\/types\/product"}],"replies":[{"embeddable":true,"href":"https:\/\/publicacionesaquila.com\/en\/wp-json\/wp\/v2\/comments?post=4145"}],"wp:featuredmedia":[{"embeddable":true,"href":"https:\/\/publicacionesaquila.com\/en\/wp-json\/wp\/v2\/media\/4677"}],"wp:attachment":[{"href":"https:\/\/publicacionesaquila.com\/en\/wp-json\/wp\/v2\/media?parent=4145"}],"wp:term":[{"taxonomy":"product_brand","embeddable":true,"href":"https:\/\/publicacionesaquila.com\/en\/wp-json\/wp\/v2\/product_brand?post=4145"},{"taxonomy":"product_cat","embeddable":true,"href":"https:\/\/publicacionesaquila.com\/en\/wp-json\/wp\/v2\/product_cat?post=4145"},{"taxonomy":"product_tag","embeddable":true,"href":"https:\/\/publicacionesaquila.com\/en\/wp-json\/wp\/v2\/product_tag?post=4145"}],"curies":[{"name":"wp","href":"https:\/\/api.w.org\/{rel}","templated":true}]}}