{"id":4142,"date":"2025-07-01T03:16:58","date_gmt":"2025-07-01T03:16:58","guid":{"rendered":"https:\/\/publicacionesaquila.com\/?post_type=product&#038;p=4142"},"modified":"2025-07-15T01:47:51","modified_gmt":"2025-07-15T01:47:51","slug":"la-modestia-cristiana-ebook","status":"publish","type":"product","link":"https:\/\/publicacionesaquila.com\/en\/product\/la-modestia-cristiana-ebook\/","title":{"rendered":"Christian Modesty (Ebook)"},"content":{"rendered":"","protected":false},"excerpt":{"rendered":"<p>&nbsp;<\/p>\n<p><a style=\"display: inline-block; padding: 12px 24px; font-size: 14px; color: black; background-color: white; border: 2px solid #000; border-radius: 5px; text-decoration: none; transition: all 0.3s ease; cursor: pointer;\" href=\"https:\/\/www.cristianismohist.com\/la-modestia-cristiana-ebook-christian-modesty-jeff-pollard\/\" target=\"_blank\" rel=\"noopener\">Order this book<br \/>\n<\/a><\/p>\n<p>&nbsp;<\/p>\n<p class=\" translation-block\">\"Christian Modesty\" addresses a delicate yet essential topic in the life of every believer: how to live with integrity, simplicity, and reverence before God in the midst of a culture that exalts the opposite. In an increasingly image-driven, sensual, and self-glorifying world, this book calls God's people back to eternal principles that transcend passing fads.<\/p>\n<div class=\"my-2\"><\/div>\n<p class=\" translation-block\">From the outset, the author, Jeff Pollard, acknowledges that discussing modesty always stirs debate. Why? Because it touches deeply personal areas of life: how we dress, how we present ourselves to others, and how we understand our bodies and identity in Christ. Yet he also warns that, as servants of God, we cannot avoid this subject if we truly desire to glorify Him in all that we do.<\/p>\n<div class=\"my-2\"><\/div>\n<p class=\" translation-block\">Pollard does not stop at offering mere practical tips or external rules\u2014his approach goes much deeper. According to the author, modesty is not only about clothing, but about the heart. It is a spiritual attitude reflected in humility, respect for others, moral purity, and the desire not to offend God or His body, which is the Church.<\/p>\n<div class=\"my-2\"><\/div>\n<p>Among the topics explored are:<\/p>\n<div class=\"my-2\"><\/div>\n<ul>\n<li>What does the Bible say about modesty in dress and behavior?<\/li>\n<li>How does modern culture affect our perception of Christian dignity?<\/li>\n<li>Is modesty a matter of legalism or of love for our neighbor?<\/li>\n<li>How can modesty become a form of testimony and service within the church?<\/li>\n<\/ul>\n<p>&nbsp;<\/p>\n<p>This book is written for both men and women, inviting the entire Christian community to examine their lifestyle in the light of God\u2019s Word. It is not about imposing empty rules, but about cultivating a life marked by the fear of God, mutual edification, and separation from the spirit of the world.<\/p>\n<div class=\"my-2\"><\/div>\n<p class=\" translation-block\">\"Christian Modesty\" is ideal for both personal study and group discussion, especially useful for teachings on practical holiness, spiritual formation, or discipleship. It is a timely call to live with integrity, wisdom, and reverence before God in the midst of a society that grows ever more distant from Him.<\/p>\n<div class=\"my-2\"><\/div>","protected":false},"featured_media":4656,"comment_status":"closed","ping_status":"closed","template":"","meta":[],"product_brand":[114],"product_cat":[800],"product_tag":[721,715,160,250,579,720,713,483,719,311,718,717,388,499,288,716,714,498,80],"class_list":{"0":"post-4142","1":"product","2":"type-product","3":"status-publish","4":"has-post-thumbnail","6":"product_brand-jeff-pollard","7":"product_cat-ebook","8":"product_tag-autores-cristianos-contemporaneos","9":"product_tag-comportamiento-cristiano","10":"product_tag-devocional-cristiano","11":"product_tag-formacion-espiritual","12":"product_tag-humildad-espiritual","13":"product_tag-iglesia-y-cultura","14":"product_tag-la-modestia-cristiana","15":"product_tag-libro-cristiano","16":"product_tag-pureza-moral","17":"product_tag-santidad-personal","18":"product_tag-santidad-practica","19":"product_tag-separacion-del-mundo","20":"product_tag-temor-de-dios","21":"product_tag-teologia-practica","22":"product_tag-testimonio-cristiano","23":"product_tag-testimonio-de-pureza","24":"product_tag-vestimenta-cristiana","25":"product_tag-vida-con-proposito","26":"product_tag-vida-cristiana","28":"first","29":"instock","30":"sale","31":"shipping-taxable","32":"product-type-simple"},"yoast_head":"<!-- This site is optimized with the Yoast SEO plugin v27.4 - https:\/\/yoast.com\/product\/yoast-seo-wordpress\/ -->\n<title>La Modestia Cristiana (Ebook) - Publicaciones Aquila<\/title>\n<meta name=\"robots\" content=\"index, follow, max-snippet:-1, max-image-preview:large, max-video-preview:-1\" \/>\n<link rel=\"canonical\" href=\"https:\/\/publicacionesaquila.com\/en\/product\/la-modestia-cristiana-ebook\/\" \/>\n<meta property=\"og:locale\" content=\"en_US\" \/>\n<meta property=\"og:type\" content=\"article\" \/>\n<meta property=\"og:title\" content=\"La Modestia Cristiana (Ebook) - Publicaciones Aquila\" \/>\n<meta property=\"og:description\" content=\"&nbsp;  Ordenar este libro   &nbsp;  &quot;La Modestia Cristiana&quot; aborda un tema delicado pero fundamental en la vida del creyente: c\u00f3mo vivir con integridad, sencillez y reverencia ante Dios en medio de una cultura que exalta lo opuesto . En un mundo cada vez m\u00e1s centrado en la apariencia, la sensualidad y la autoglorificaci\u00f3n, este libro llama al pueblo de Dios a regresar a principios eternos que trascienden modas pasajeras.  El autor, Jeff Pollard , reconoce desde el comienzo que hablar sobre modestia siempre genera pol\u00e9mica. \u00bfPor qu\u00e9? Porque toca \u00e1reas muy personales de la vida: c\u00f3mo nos vestimos, c\u00f3mo nos presentamos ante los dem\u00e1s, c\u00f3mo entendemos nuestro cuerpo y nuestra identidad en Cristo. Pero tambi\u00e9n advierte que, como siervos de Dios, no podemos evitar este tema si queremos glorificarlo en todo lo que hacemos.  Pollard no se queda en simples consejos pr\u00e1cticos o reglas externas; su enfoque va mucho m\u00e1s all\u00e1. La modestia, seg\u00fan el autor, no es solo cuesti\u00f3n de ropa , sino de coraz\u00f3n. Es una actitud espiritual que se refleja en la humildad, el respeto al pr\u00f3jimo, la pureza moral y el deseo de no ofender a Dios ni a Su cuerpo, que es la iglesia.  Entre los temas que desarrolla:    \u00bfQu\u00e9 dice la Biblia sobre la modestia en el vestir y en el comportamiento?  \u00bfC\u00f3mo afecta la cultura moderna nuestra percepci\u00f3n de la dignidad cristiana?  \u00bfEs la modestia un asunto de legalismo o de amor al pr\u00f3jimo?  \u00bfC\u00f3mo puede la modestia ser una forma de testimonio y servicio en la iglesia?  &nbsp;  Este libro est\u00e1 dirigido tanto a hombres como a mujeres, ya que invita a toda la comunidad cristiana a examinar su estilo de vida bajo la luz de la Palabra de Dios. No se trata de imponer normas vac\u00edas, sino de cultivar una vida caracterizada por el temor a Dios, la edificaci\u00f3n mutua y la separaci\u00f3n del esp\u00edritu del mundo.  &quot;La Modestia Cristiana&quot; es ideal tanto para estudio personal como grupal, especialmente \u00fatil en ense\u00f1anzas sobre santidad pr\u00e1ctica, formaci\u00f3n espiritual o discipulado. Es un llamado urgente a vivir con integridad, sabidur\u00eda y reverencia ante Dios en medio de una sociedad que cada d\u00eda se aleja m\u00e1s de \u00c9l.\" \/>\n<meta property=\"og:url\" content=\"https:\/\/publicacionesaquila.com\/en\/product\/la-modestia-cristiana-ebook\/\" \/>\n<meta property=\"og:site_name\" content=\"Publicaciones Aquila\" \/>\n<meta property=\"article:modified_time\" content=\"2025-07-15T01:47:51+00:00\" \/>\n<meta property=\"og:image\" content=\"https:\/\/publicacionesaquila.com\/wp-content\/uploads\/2025\/07\/1-1.jpg\" \/>\n\t<meta property=\"og:image:width\" content=\"1080\" \/>\n\t<meta property=\"og:image:height\" content=\"1080\" \/>\n\t<meta property=\"og:image:type\" content=\"image\/jpeg\" \/>\n<meta name=\"twitter:card\" content=\"summary_large_image\" \/>\n<meta name=\"twitter:label1\" content=\"Est. reading time\" \/>\n\t<meta name=\"twitter:data1\" content=\"1 minute\" \/>\n<script type=\"application\/ld+json\" class=\"yoast-schema-graph\">{\"@context\":\"https:\\\/\\\/schema.org\",\"@graph\":[{\"@type\":\"WebPage\",\"@id\":\"https:\\\/\\\/publicacionesaquila.com\\\/producto\\\/la-modestia-cristiana-ebook\\\/\",\"url\":\"https:\\\/\\\/publicacionesaquila.com\\\/producto\\\/la-modestia-cristiana-ebook\\\/\",\"name\":\"La Modestia Cristiana (Ebook) - Publicaciones Aquila\",\"isPartOf\":{\"@id\":\"https:\\\/\\\/publicacionesaquila.com\\\/#website\"},\"primaryImageOfPage\":{\"@id\":\"https:\\\/\\\/publicacionesaquila.com\\\/producto\\\/la-modestia-cristiana-ebook\\\/#primaryimage\"},\"image\":{\"@id\":\"https:\\\/\\\/publicacionesaquila.com\\\/producto\\\/la-modestia-cristiana-ebook\\\/#primaryimage\"},\"thumbnailUrl\":\"https:\\\/\\\/publicacionesaquila.com\\\/wp-content\\\/uploads\\\/2025\\\/07\\\/1-1.jpg\",\"datePublished\":\"2025-07-01T03:16:58+00:00\",\"dateModified\":\"2025-07-15T01:47:51+00:00\",\"breadcrumb\":{\"@id\":\"https:\\\/\\\/publicacionesaquila.com\\\/producto\\\/la-modestia-cristiana-ebook\\\/#breadcrumb\"},\"inLanguage\":\"en-US\",\"potentialAction\":[{\"@type\":\"ReadAction\",\"target\":[\"https:\\\/\\\/publicacionesaquila.com\\\/producto\\\/la-modestia-cristiana-ebook\\\/\"]}]},{\"@type\":\"ImageObject\",\"inLanguage\":\"en-US\",\"@id\":\"https:\\\/\\\/publicacionesaquila.com\\\/producto\\\/la-modestia-cristiana-ebook\\\/#primaryimage\",\"url\":\"https:\\\/\\\/publicacionesaquila.com\\\/wp-content\\\/uploads\\\/2025\\\/07\\\/1-1.jpg\",\"contentUrl\":\"https:\\\/\\\/publicacionesaquila.com\\\/wp-content\\\/uploads\\\/2025\\\/07\\\/1-1.jpg\",\"width\":1080,\"height\":1080},{\"@type\":\"BreadcrumbList\",\"@id\":\"https:\\\/\\\/publicacionesaquila.com\\\/producto\\\/la-modestia-cristiana-ebook\\\/#breadcrumb\",\"itemListElement\":[{\"@type\":\"ListItem\",\"position\":1,\"name\":\"Portada\",\"item\":\"https:\\\/\\\/publicacionesaquila.com\\\/\"},{\"@type\":\"ListItem\",\"position\":2,\"name\":\"Publicaciones\",\"item\":\"https:\\\/\\\/publicacionesaquila.com\\\/publicaciones\\\/\"},{\"@type\":\"ListItem\",\"position\":3,\"name\":\"La Modestia Cristiana (Ebook)\"}]},{\"@type\":\"WebSite\",\"@id\":\"https:\\\/\\\/publicacionesaquila.com\\\/#website\",\"url\":\"https:\\\/\\\/publicacionesaquila.com\\\/\",\"name\":\"Publicaciones Aquila\",\"description\":\"Cat\u00e1logo de Libros\",\"potentialAction\":[{\"@type\":\"SearchAction\",\"target\":{\"@type\":\"EntryPoint\",\"urlTemplate\":\"https:\\\/\\\/publicacionesaquila.com\\\/?s={search_term_string}\"},\"query-input\":{\"@type\":\"PropertyValueSpecification\",\"valueRequired\":true,\"valueName\":\"search_term_string\"}}],\"inLanguage\":\"en-US\"}]}<\/script>\n<!-- \/ Yoast SEO plugin. -->","yoast_head_json":{"title":"La Modestia Cristiana (Ebook) - Publicaciones Aquila","robots":{"index":"index","follow":"follow","max-snippet":"max-snippet:-1","max-image-preview":"max-image-preview:large","max-video-preview":"max-video-preview:-1"},"canonical":"https:\/\/publicacionesaquila.com\/en\/product\/la-modestia-cristiana-ebook\/","og_locale":"en_US","og_type":"article","og_title":"La Modestia Cristiana (Ebook) - Publicaciones Aquila","og_description":"&nbsp;  Ordenar este libro   &nbsp;  \"La Modestia Cristiana\" aborda un tema delicado pero fundamental en la vida del creyente: c\u00f3mo vivir con integridad, sencillez y reverencia ante Dios en medio de una cultura que exalta lo opuesto . En un mundo cada vez m\u00e1s centrado en la apariencia, la sensualidad y la autoglorificaci\u00f3n, este libro llama al pueblo de Dios a regresar a principios eternos que trascienden modas pasajeras.  El autor, Jeff Pollard , reconoce desde el comienzo que hablar sobre modestia siempre genera pol\u00e9mica. \u00bfPor qu\u00e9? Porque toca \u00e1reas muy personales de la vida: c\u00f3mo nos vestimos, c\u00f3mo nos presentamos ante los dem\u00e1s, c\u00f3mo entendemos nuestro cuerpo y nuestra identidad en Cristo. Pero tambi\u00e9n advierte que, como siervos de Dios, no podemos evitar este tema si queremos glorificarlo en todo lo que hacemos.  Pollard no se queda en simples consejos pr\u00e1cticos o reglas externas; su enfoque va mucho m\u00e1s all\u00e1. La modestia, seg\u00fan el autor, no es solo cuesti\u00f3n de ropa , sino de coraz\u00f3n. Es una actitud espiritual que se refleja en la humildad, el respeto al pr\u00f3jimo, la pureza moral y el deseo de no ofender a Dios ni a Su cuerpo, que es la iglesia.  Entre los temas que desarrolla:    \u00bfQu\u00e9 dice la Biblia sobre la modestia en el vestir y en el comportamiento?  \u00bfC\u00f3mo afecta la cultura moderna nuestra percepci\u00f3n de la dignidad cristiana?  \u00bfEs la modestia un asunto de legalismo o de amor al pr\u00f3jimo?  \u00bfC\u00f3mo puede la modestia ser una forma de testimonio y servicio en la iglesia?  &nbsp;  Este libro est\u00e1 dirigido tanto a hombres como a mujeres, ya que invita a toda la comunidad cristiana a examinar su estilo de vida bajo la luz de la Palabra de Dios. No se trata de imponer normas vac\u00edas, sino de cultivar una vida caracterizada por el temor a Dios, la edificaci\u00f3n mutua y la separaci\u00f3n del esp\u00edritu del mundo.  \"La Modestia Cristiana\" es ideal tanto para estudio personal como grupal, especialmente \u00fatil en ense\u00f1anzas sobre santidad pr\u00e1ctica, formaci\u00f3n espiritual o discipulado. Es un llamado urgente a vivir con integridad, sabidur\u00eda y reverencia ante Dios en medio de una sociedad que cada d\u00eda se aleja m\u00e1s de \u00c9l.","og_url":"https:\/\/publicacionesaquila.com\/en\/product\/la-modestia-cristiana-ebook\/","og_site_name":"Publicaciones Aquila","article_modified_time":"2025-07-15T01:47:51+00:00","og_image":[{"width":1080,"height":1080,"url":"https:\/\/publicacionesaquila.com\/wp-content\/uploads\/2025\/07\/1-1.jpg","type":"image\/jpeg"}],"twitter_card":"summary_large_image","twitter_misc":{"Est. reading time":"1 minute"},"schema":{"@context":"https:\/\/schema.org","@graph":[{"@type":"WebPage","@id":"https:\/\/publicacionesaquila.com\/producto\/la-modestia-cristiana-ebook\/","url":"https:\/\/publicacionesaquila.com\/producto\/la-modestia-cristiana-ebook\/","name":"La Modestia Cristiana (Ebook) - Publicaciones Aquila","isPartOf":{"@id":"https:\/\/publicacionesaquila.com\/#website"},"primaryImageOfPage":{"@id":"https:\/\/publicacionesaquila.com\/producto\/la-modestia-cristiana-ebook\/#primaryimage"},"image":{"@id":"https:\/\/publicacionesaquila.com\/producto\/la-modestia-cristiana-ebook\/#primaryimage"},"thumbnailUrl":"https:\/\/publicacionesaquila.com\/wp-content\/uploads\/2025\/07\/1-1.jpg","datePublished":"2025-07-01T03:16:58+00:00","dateModified":"2025-07-15T01:47:51+00:00","breadcrumb":{"@id":"https:\/\/publicacionesaquila.com\/producto\/la-modestia-cristiana-ebook\/#breadcrumb"},"inLanguage":"en-US","potentialAction":[{"@type":"ReadAction","target":["https:\/\/publicacionesaquila.com\/producto\/la-modestia-cristiana-ebook\/"]}]},{"@type":"ImageObject","inLanguage":"en-US","@id":"https:\/\/publicacionesaquila.com\/producto\/la-modestia-cristiana-ebook\/#primaryimage","url":"https:\/\/publicacionesaquila.com\/wp-content\/uploads\/2025\/07\/1-1.jpg","contentUrl":"https:\/\/publicacionesaquila.com\/wp-content\/uploads\/2025\/07\/1-1.jpg","width":1080,"height":1080},{"@type":"BreadcrumbList","@id":"https:\/\/publicacionesaquila.com\/producto\/la-modestia-cristiana-ebook\/#breadcrumb","itemListElement":[{"@type":"ListItem","position":1,"name":"Portada","item":"https:\/\/publicacionesaquila.com\/"},{"@type":"ListItem","position":2,"name":"Publicaciones","item":"https:\/\/publicacionesaquila.com\/publicaciones\/"},{"@type":"ListItem","position":3,"name":"La Modestia Cristiana (Ebook)"}]},{"@type":"WebSite","@id":"https:\/\/publicacionesaquila.com\/#website","url":"https:\/\/publicacionesaquila.com\/","name":"Aquila Publications","description":"Cat\u00e1logo de Libros","potentialAction":[{"@type":"SearchAction","target":{"@type":"EntryPoint","urlTemplate":"https:\/\/publicacionesaquila.com\/?s={search_term_string}"},"query-input":{"@type":"PropertyValueSpecification","valueRequired":true,"valueName":"search_term_string"}}],"inLanguage":"en-US"}]}},"_links":{"self":[{"href":"https:\/\/publicacionesaquila.com\/en\/wp-json\/wp\/v2\/product\/4142","targetHints":{"allow":["GET"]}}],"collection":[{"href":"https:\/\/publicacionesaquila.com\/en\/wp-json\/wp\/v2\/product"}],"about":[{"href":"https:\/\/publicacionesaquila.com\/en\/wp-json\/wp\/v2\/types\/product"}],"replies":[{"embeddable":true,"href":"https:\/\/publicacionesaquila.com\/en\/wp-json\/wp\/v2\/comments?post=4142"}],"wp:featuredmedia":[{"embeddable":true,"href":"https:\/\/publicacionesaquila.com\/en\/wp-json\/wp\/v2\/media\/4656"}],"wp:attachment":[{"href":"https:\/\/publicacionesaquila.com\/en\/wp-json\/wp\/v2\/media?parent=4142"}],"wp:term":[{"taxonomy":"product_brand","embeddable":true,"href":"https:\/\/publicacionesaquila.com\/en\/wp-json\/wp\/v2\/product_brand?post=4142"},{"taxonomy":"product_cat","embeddable":true,"href":"https:\/\/publicacionesaquila.com\/en\/wp-json\/wp\/v2\/product_cat?post=4142"},{"taxonomy":"product_tag","embeddable":true,"href":"https:\/\/publicacionesaquila.com\/en\/wp-json\/wp\/v2\/product_tag?post=4142"}],"curies":[{"name":"wp","href":"https:\/\/api.w.org\/{rel}","templated":true}]}}