{"id":4140,"date":"2025-07-01T02:58:33","date_gmt":"2025-07-01T02:58:33","guid":{"rendered":"https:\/\/publicacionesaquila.com\/?post_type=product&#038;p=4140"},"modified":"2025-07-15T01:52:48","modified_gmt":"2025-07-15T01:52:48","slug":"el-hijo-en-el-hogar-ebook","status":"publish","type":"product","link":"https:\/\/publicacionesaquila.com\/en\/product\/el-hijo-en-el-hogar-ebook\/","title":{"rendered":"The Child at Home (Ebook)"},"content":{"rendered":"","protected":false},"excerpt":{"rendered":"<p>&nbsp;<\/p>\n<p><a style=\"display: inline-block; padding: 12px 24px; font-size: 14px; color: black; background-color: white; border: 2px solid #000; border-radius: 5px; text-decoration: none; transition: all 0.3s ease; cursor: pointer;\" href=\"https:\/\/www.cristianismohist.com\/el-hijo-en-el-hogar-ebook-the-child-at-home\/\" target=\"_blank\" rel=\"noopener\">Order this book<br \/>\n<\/a><\/p>\n<p>&nbsp;<\/p>\n<p data-spm-anchor-id=\"a2ty_o01.29997173.0.i54.5195c921OxiTpX\" class=\" translation-block\">Written in a simple, moving, and deeply biblical style, The Child at Home is a book designed to impact the hearts of young people and help them understand their moral, spiritual, and family responsibilities. Written by John S.C. Abbott, this classic not only teaches children to honor their parents but also invites them to reflect on the fear of God, sincere obedience, and the cultivation of genuine piety.<\/p>\n<div class=\"my-2\"><\/div>\n<p>This book is especially aimed at children and teenagers, using dozens of illustrative stories that capture their attention and help them grasp eternal truths in an accessible way. Each narrative is crafted to awaken the conscience, promote biblical values, and develop character traits such as honesty, responsibility, integrity, and a rejection of deceit.<\/p>\n<div class=\"my-2\"><\/div>\n<p>Throughout its pages, Abbott:<\/p>\n<ul>\n<li>Teaches the importance of honoring both God and parents.<\/li>\n<li>Teaches the importance of honoring both God and parents.<\/li>\n<li>Develops lessons on truthfulness, personal responsibility, and genuine repentance.<\/li>\n<li>Encourages the formation of Christian character from an early age.<\/li>\n<\/ul>\n<p>&nbsp;<\/p>\n<p class=\" translation-block\">Ideal for both family and individual reading, The Son in the Home is an invaluable tool for parents who desire to guide their children in faith and in the path of biblical wisdom. Dr. Joel R. Beeke himself recommends reading it aloud as a family and using it as a foundation for meaningful spiritual conversations.<\/p>\n<div class=\"my-2\"><\/div>\n<p>A timeless book that remains deeply relevant for the spiritual and moral formation of new generations.<\/p>","protected":false},"featured_media":4658,"comment_status":"closed","ping_status":"closed","template":"","meta":[],"product_brand":[112],"product_cat":[800],"product_tag":[402,399,403,393,394,392,251,396,400,401,397,288,398,395],"class_list":{"0":"post-4140","1":"product","2":"type-product","3":"status-publish","4":"has-post-thumbnail","6":"product_brand-john-s-c-abbott","7":"product_cat-ebook","8":"product_tag-adoracion-en-el-hogar","9":"product_tag-caracter-cristiano","10":"product_tag-crecimiento-espiritual-familiar","11":"product_tag-crianza-biblica","12":"product_tag-educacion-moral","13":"product_tag-formacion-infantil-cristiana","14":"product_tag-libros-cristianos-breves","15":"product_tag-libros-cristianos-para-ninos","16":"product_tag-obediencia-infantil","17":"product_tag-piedad-familiar","18":"product_tag-temor-de-dios-en-ninos","19":"product_tag-testimonio-cristiano","20":"product_tag-valores-biblicos","21":"product_tag-vida-cristiana-para-ninos","23":"first","24":"instock","25":"sale","26":"shipping-taxable","27":"product-type-simple"},"yoast_head":"<!-- This site is optimized with the Yoast SEO plugin v27.4 - https:\/\/yoast.com\/product\/yoast-seo-wordpress\/ -->\n<title>El hijo en el hogar (Ebook) - Publicaciones Aquila<\/title>\n<meta name=\"robots\" content=\"index, follow, max-snippet:-1, max-image-preview:large, max-video-preview:-1\" \/>\n<link rel=\"canonical\" href=\"https:\/\/publicacionesaquila.com\/en\/product\/el-hijo-en-el-hogar-ebook\/\" \/>\n<meta property=\"og:locale\" content=\"en_US\" \/>\n<meta property=\"og:type\" content=\"article\" \/>\n<meta property=\"og:title\" content=\"El hijo en el hogar (Ebook) - Publicaciones Aquila\" \/>\n<meta property=\"og:description\" content=\"&nbsp;  Ordenar este libro   &nbsp; Escrito con un estilo sencillo, conmovedor y profundamente b\u00edblico, El Hijo en el Hogar es un libro dise\u00f1ado para impactar los corazones de los j\u00f3venes y ayudarles a entender su responsabilidad moral, espiritual y familiar. Escrito por John S.C. Abbott , este cl\u00e1sico no solo ense\u00f1a a los hijos a honrar a sus padres, sino que tambi\u00e9n los invita a reflexionar sobre el temor de Dios, la obediencia sincera y el desarrollo de una piedad genuina.   Este libro se dirige especialmente a ni\u00f1os y adolescentes, utilizando decenas de historias ilustrativas que capturan su atenci\u00f3n y les ayudan a comprender verdades eternas de manera accesible. Cada relato est\u00e1 pensado para despertar la conciencia, fomentar valores b\u00edblicos y cultivar rasgos de car\u00e1cter como la honestidad, la responsabilidad, la integridad y el rechazo al enga\u00f1o.  A lo largo de sus p\u00e1ginas, Abbott:   Ense\u00f1a la importancia de honrar a Dios y a los padres.  Presenta ejemplos pr\u00e1cticos de obediencia, respeto y servicio.  Desarrolla lecciones sobre la verdad, la responsabilidad personal y el arrepentimiento genuino.  Incentiva la formaci\u00f3n de un car\u00e1cter cristiano desde la ni\u00f1ez.  &nbsp;  Ideal tanto para lectura familiar como individual, El Hijo en el Hogar es una herramienta invaluable para padres que buscan guiar a sus hijos en la fe y en el camino de la sabidur\u00eda b\u00edblica. El propio Dr. Joel R. Beeke recomienda leerlo en voz alta como familia y usarlo como base para conversaciones espirituales profundas.  Un libro atemporal que sigue siendo relevante para la formaci\u00f3n espiritual y moral de las nuevas generaciones.\" \/>\n<meta property=\"og:url\" content=\"https:\/\/publicacionesaquila.com\/en\/product\/el-hijo-en-el-hogar-ebook\/\" \/>\n<meta property=\"og:site_name\" content=\"Publicaciones Aquila\" \/>\n<meta property=\"article:modified_time\" content=\"2025-07-15T01:52:48+00:00\" \/>\n<meta property=\"og:image\" content=\"https:\/\/publicacionesaquila.com\/wp-content\/uploads\/2025\/07\/3-1.jpg\" \/>\n\t<meta property=\"og:image:width\" content=\"1080\" \/>\n\t<meta property=\"og:image:height\" content=\"1080\" \/>\n\t<meta property=\"og:image:type\" content=\"image\/jpeg\" \/>\n<meta name=\"twitter:card\" content=\"summary_large_image\" \/>\n<meta name=\"twitter:label1\" content=\"Est. reading time\" \/>\n\t<meta name=\"twitter:data1\" content=\"1 minute\" \/>\n<script type=\"application\/ld+json\" class=\"yoast-schema-graph\">{\"@context\":\"https:\\\/\\\/schema.org\",\"@graph\":[{\"@type\":\"WebPage\",\"@id\":\"https:\\\/\\\/publicacionesaquila.com\\\/producto\\\/el-hijo-en-el-hogar-ebook\\\/\",\"url\":\"https:\\\/\\\/publicacionesaquila.com\\\/producto\\\/el-hijo-en-el-hogar-ebook\\\/\",\"name\":\"El hijo en el hogar (Ebook) - Publicaciones Aquila\",\"isPartOf\":{\"@id\":\"https:\\\/\\\/publicacionesaquila.com\\\/#website\"},\"primaryImageOfPage\":{\"@id\":\"https:\\\/\\\/publicacionesaquila.com\\\/producto\\\/el-hijo-en-el-hogar-ebook\\\/#primaryimage\"},\"image\":{\"@id\":\"https:\\\/\\\/publicacionesaquila.com\\\/producto\\\/el-hijo-en-el-hogar-ebook\\\/#primaryimage\"},\"thumbnailUrl\":\"https:\\\/\\\/publicacionesaquila.com\\\/wp-content\\\/uploads\\\/2025\\\/07\\\/3-1.jpg\",\"datePublished\":\"2025-07-01T02:58:33+00:00\",\"dateModified\":\"2025-07-15T01:52:48+00:00\",\"breadcrumb\":{\"@id\":\"https:\\\/\\\/publicacionesaquila.com\\\/producto\\\/el-hijo-en-el-hogar-ebook\\\/#breadcrumb\"},\"inLanguage\":\"en-US\",\"potentialAction\":[{\"@type\":\"ReadAction\",\"target\":[\"https:\\\/\\\/publicacionesaquila.com\\\/producto\\\/el-hijo-en-el-hogar-ebook\\\/\"]}]},{\"@type\":\"ImageObject\",\"inLanguage\":\"en-US\",\"@id\":\"https:\\\/\\\/publicacionesaquila.com\\\/producto\\\/el-hijo-en-el-hogar-ebook\\\/#primaryimage\",\"url\":\"https:\\\/\\\/publicacionesaquila.com\\\/wp-content\\\/uploads\\\/2025\\\/07\\\/3-1.jpg\",\"contentUrl\":\"https:\\\/\\\/publicacionesaquila.com\\\/wp-content\\\/uploads\\\/2025\\\/07\\\/3-1.jpg\",\"width\":1080,\"height\":1080},{\"@type\":\"BreadcrumbList\",\"@id\":\"https:\\\/\\\/publicacionesaquila.com\\\/producto\\\/el-hijo-en-el-hogar-ebook\\\/#breadcrumb\",\"itemListElement\":[{\"@type\":\"ListItem\",\"position\":1,\"name\":\"Portada\",\"item\":\"https:\\\/\\\/publicacionesaquila.com\\\/\"},{\"@type\":\"ListItem\",\"position\":2,\"name\":\"Publicaciones\",\"item\":\"https:\\\/\\\/publicacionesaquila.com\\\/publicaciones\\\/\"},{\"@type\":\"ListItem\",\"position\":3,\"name\":\"El hijo en el hogar (Ebook)\"}]},{\"@type\":\"WebSite\",\"@id\":\"https:\\\/\\\/publicacionesaquila.com\\\/#website\",\"url\":\"https:\\\/\\\/publicacionesaquila.com\\\/\",\"name\":\"Publicaciones Aquila\",\"description\":\"Cat\u00e1logo de Libros\",\"potentialAction\":[{\"@type\":\"SearchAction\",\"target\":{\"@type\":\"EntryPoint\",\"urlTemplate\":\"https:\\\/\\\/publicacionesaquila.com\\\/?s={search_term_string}\"},\"query-input\":{\"@type\":\"PropertyValueSpecification\",\"valueRequired\":true,\"valueName\":\"search_term_string\"}}],\"inLanguage\":\"en-US\"}]}<\/script>\n<!-- \/ Yoast SEO plugin. -->","yoast_head_json":{"title":"El hijo en el hogar (Ebook) - Publicaciones Aquila","robots":{"index":"index","follow":"follow","max-snippet":"max-snippet:-1","max-image-preview":"max-image-preview:large","max-video-preview":"max-video-preview:-1"},"canonical":"https:\/\/publicacionesaquila.com\/en\/product\/el-hijo-en-el-hogar-ebook\/","og_locale":"en_US","og_type":"article","og_title":"El hijo en el hogar (Ebook) - Publicaciones Aquila","og_description":"&nbsp;  Ordenar este libro   &nbsp; Escrito con un estilo sencillo, conmovedor y profundamente b\u00edblico, El Hijo en el Hogar es un libro dise\u00f1ado para impactar los corazones de los j\u00f3venes y ayudarles a entender su responsabilidad moral, espiritual y familiar. Escrito por John S.C. Abbott , este cl\u00e1sico no solo ense\u00f1a a los hijos a honrar a sus padres, sino que tambi\u00e9n los invita a reflexionar sobre el temor de Dios, la obediencia sincera y el desarrollo de una piedad genuina.   Este libro se dirige especialmente a ni\u00f1os y adolescentes, utilizando decenas de historias ilustrativas que capturan su atenci\u00f3n y les ayudan a comprender verdades eternas de manera accesible. Cada relato est\u00e1 pensado para despertar la conciencia, fomentar valores b\u00edblicos y cultivar rasgos de car\u00e1cter como la honestidad, la responsabilidad, la integridad y el rechazo al enga\u00f1o.  A lo largo de sus p\u00e1ginas, Abbott:   Ense\u00f1a la importancia de honrar a Dios y a los padres.  Presenta ejemplos pr\u00e1cticos de obediencia, respeto y servicio.  Desarrolla lecciones sobre la verdad, la responsabilidad personal y el arrepentimiento genuino.  Incentiva la formaci\u00f3n de un car\u00e1cter cristiano desde la ni\u00f1ez.  &nbsp;  Ideal tanto para lectura familiar como individual, El Hijo en el Hogar es una herramienta invaluable para padres que buscan guiar a sus hijos en la fe y en el camino de la sabidur\u00eda b\u00edblica. El propio Dr. Joel R. Beeke recomienda leerlo en voz alta como familia y usarlo como base para conversaciones espirituales profundas.  Un libro atemporal que sigue siendo relevante para la formaci\u00f3n espiritual y moral de las nuevas generaciones.","og_url":"https:\/\/publicacionesaquila.com\/en\/product\/el-hijo-en-el-hogar-ebook\/","og_site_name":"Publicaciones Aquila","article_modified_time":"2025-07-15T01:52:48+00:00","og_image":[{"width":1080,"height":1080,"url":"https:\/\/publicacionesaquila.com\/wp-content\/uploads\/2025\/07\/3-1.jpg","type":"image\/jpeg"}],"twitter_card":"summary_large_image","twitter_misc":{"Est. reading time":"1 minute"},"schema":{"@context":"https:\/\/schema.org","@graph":[{"@type":"WebPage","@id":"https:\/\/publicacionesaquila.com\/producto\/el-hijo-en-el-hogar-ebook\/","url":"https:\/\/publicacionesaquila.com\/producto\/el-hijo-en-el-hogar-ebook\/","name":"El hijo en el hogar (Ebook) - Publicaciones Aquila","isPartOf":{"@id":"https:\/\/publicacionesaquila.com\/#website"},"primaryImageOfPage":{"@id":"https:\/\/publicacionesaquila.com\/producto\/el-hijo-en-el-hogar-ebook\/#primaryimage"},"image":{"@id":"https:\/\/publicacionesaquila.com\/producto\/el-hijo-en-el-hogar-ebook\/#primaryimage"},"thumbnailUrl":"https:\/\/publicacionesaquila.com\/wp-content\/uploads\/2025\/07\/3-1.jpg","datePublished":"2025-07-01T02:58:33+00:00","dateModified":"2025-07-15T01:52:48+00:00","breadcrumb":{"@id":"https:\/\/publicacionesaquila.com\/producto\/el-hijo-en-el-hogar-ebook\/#breadcrumb"},"inLanguage":"en-US","potentialAction":[{"@type":"ReadAction","target":["https:\/\/publicacionesaquila.com\/producto\/el-hijo-en-el-hogar-ebook\/"]}]},{"@type":"ImageObject","inLanguage":"en-US","@id":"https:\/\/publicacionesaquila.com\/producto\/el-hijo-en-el-hogar-ebook\/#primaryimage","url":"https:\/\/publicacionesaquila.com\/wp-content\/uploads\/2025\/07\/3-1.jpg","contentUrl":"https:\/\/publicacionesaquila.com\/wp-content\/uploads\/2025\/07\/3-1.jpg","width":1080,"height":1080},{"@type":"BreadcrumbList","@id":"https:\/\/publicacionesaquila.com\/producto\/el-hijo-en-el-hogar-ebook\/#breadcrumb","itemListElement":[{"@type":"ListItem","position":1,"name":"Portada","item":"https:\/\/publicacionesaquila.com\/"},{"@type":"ListItem","position":2,"name":"Publicaciones","item":"https:\/\/publicacionesaquila.com\/publicaciones\/"},{"@type":"ListItem","position":3,"name":"El hijo en el hogar (Ebook)"}]},{"@type":"WebSite","@id":"https:\/\/publicacionesaquila.com\/#website","url":"https:\/\/publicacionesaquila.com\/","name":"Aquila Publications","description":"Cat\u00e1logo de Libros","potentialAction":[{"@type":"SearchAction","target":{"@type":"EntryPoint","urlTemplate":"https:\/\/publicacionesaquila.com\/?s={search_term_string}"},"query-input":{"@type":"PropertyValueSpecification","valueRequired":true,"valueName":"search_term_string"}}],"inLanguage":"en-US"}]}},"_links":{"self":[{"href":"https:\/\/publicacionesaquila.com\/en\/wp-json\/wp\/v2\/product\/4140","targetHints":{"allow":["GET"]}}],"collection":[{"href":"https:\/\/publicacionesaquila.com\/en\/wp-json\/wp\/v2\/product"}],"about":[{"href":"https:\/\/publicacionesaquila.com\/en\/wp-json\/wp\/v2\/types\/product"}],"replies":[{"embeddable":true,"href":"https:\/\/publicacionesaquila.com\/en\/wp-json\/wp\/v2\/comments?post=4140"}],"wp:featuredmedia":[{"embeddable":true,"href":"https:\/\/publicacionesaquila.com\/en\/wp-json\/wp\/v2\/media\/4658"}],"wp:attachment":[{"href":"https:\/\/publicacionesaquila.com\/en\/wp-json\/wp\/v2\/media?parent=4140"}],"wp:term":[{"taxonomy":"product_brand","embeddable":true,"href":"https:\/\/publicacionesaquila.com\/en\/wp-json\/wp\/v2\/product_brand?post=4140"},{"taxonomy":"product_cat","embeddable":true,"href":"https:\/\/publicacionesaquila.com\/en\/wp-json\/wp\/v2\/product_cat?post=4140"},{"taxonomy":"product_tag","embeddable":true,"href":"https:\/\/publicacionesaquila.com\/en\/wp-json\/wp\/v2\/product_tag?post=4140"}],"curies":[{"name":"wp","href":"https:\/\/api.w.org\/{rel}","templated":true}]}}