{"id":4138,"date":"2025-07-01T02:54:24","date_gmt":"2025-07-01T02:54:24","guid":{"rendered":"https:\/\/publicacionesaquila.com\/?post_type=product&#038;p=4138"},"modified":"2025-07-15T01:54:13","modified_gmt":"2025-07-15T01:54:13","slug":"la-oracion-de-jabes-ebook","status":"publish","type":"product","link":"https:\/\/publicacionesaquila.com\/en\/product\/la-oracion-de-jabes-ebook\/","title":{"rendered":"The Prayer of Jabez (Ebook)"},"content":{"rendered":"","protected":false},"excerpt":{"rendered":"<p>&nbsp;<\/p>\n<p><a style=\"display: inline-block; padding: 12px 24px; font-size: 14px; color: black; background-color: white; border: 2px solid #000; border-radius: 5px; text-decoration: none; transition: all 0.3s ease; cursor: pointer;\" href=\"https:\/\/www.cristianismohist.com\/la-oracion-de-jabes-ebook-the-prayer-of-jabez\/\" target=\"_blank\" rel=\"noopener\">Order this book<br \/>\n<\/a><\/p>\n<p>&nbsp;<\/p>\n<p class=\" translation-block\">\"The Prayer of Jabez\" is a brief yet profound meditation written by one of the most influential preachers of all time: Charles Haddon Spurgeon . Known as the \u201cPrince of Preachers,\u201d Spurgeon was not only a passionate teacher of God\u2019s Word, but also a pastor deeply committed to the prayer life of his readers and listeners.<\/p>\n<div class=\"my-2\"><\/div>\n<p class=\" translation-block\">In this small book, Spurgeon explores two powerful prayers that have encouraged countless believers throughout the centuries: \u201cOh, that You would bless me indeed!\u201d (Jabez\u2019s prayer, 1 Chronicles 4:10), and \u201cLord, help me!\u201d \u2014 a universal and deeply humble plea.<\/p>\n<div class=\"my-2\"><\/div>\n<p>Spurgeon does not limit himself to abstract reflections, but instead invites the reader to examine their own relationship with God from the very heart of prayer. Through these two petitions, the author reminds us that every true blessing comes from the Lord, and that our total dependence on Him must be reflected in our knees.<\/p>\n<div class=\"my-2\"><\/div>\n<p>With his characteristic style\u2014clear, devotional, and full of spiritual vigor\u2014Spurgeon unpacks the practical and spiritual implications of lifting up sincere, persistent, and God-glorifying prayers. Beyond formulas or techniques, the central message is clear: authentic prayer rises from the recognition of our need and the joy of depending on a heavenly Father who hears and answers.<\/p>\n<div class=\"my-2\"><\/div>\n<p>This booklet is ideal both for those just beginning to develop a life of prayer, and for those seeking to renew their communion with God. It serves as a helpful resource for small groups, personal devotions, or even as a guide for teaching others how to pray with faith and hope.<\/p>\n<div class=\"my-2\"><\/div>\n<p class=\" translation-block\">\"The Prayer of Jabez\" not only helps us better understand what it means to cry out to God with sincerity, but also encourages us to live under His blessing, always relying on His grace.<\/p>\n<p>&nbsp;<\/p>","protected":false},"featured_media":4660,"comment_status":"closed","ping_status":"closed","template":"","meta":[],"product_brand":[122],"product_cat":[800],"product_tag":[578,577,581,576,585,160,584,307,579,586,574,405,575,580,582,588,587,583,464],"class_list":{"0":"post-4138","1":"product","2":"type-product","3":"status-publish","4":"has-post-thumbnail","6":"product_brand-charles-spurgeon","7":"product_cat-ebook","8":"product_tag-ayuda-de-dios","9":"product_tag-bendicion-divina","10":"product_tag-comunion-con-dios","11":"product_tag-dependencia-de-dios","12":"product_tag-dependencia-total","13":"product_tag-devocional-cristiano","14":"product_tag-espiritualidad-profunda","15":"product_tag-fe-en-accion","16":"product_tag-humildad-espiritual","17":"product_tag-intercesion-cristiana","18":"product_tag-la-oracion-de-jabes","19":"product_tag-libros-cristianos-clasicos","20":"product_tag-oracion-biblica","21":"product_tag-oracion-personal","22":"product_tag-oracion-y-esperanza","23":"product_tag-palabras-de-fe","24":"product_tag-peticion-de-bendicion","25":"product_tag-suplicas-biblicas","26":"product_tag-vida-de-oracion","28":"first","29":"instock","30":"sale","31":"shipping-taxable","32":"product-type-simple"},"yoast_head":"<!-- This site is optimized with the Yoast SEO plugin v27.4 - https:\/\/yoast.com\/product\/yoast-seo-wordpress\/ -->\n<title>La oraci\u00f3n de Jabes (Ebook) - Publicaciones Aquila<\/title>\n<meta name=\"robots\" content=\"index, follow, max-snippet:-1, max-image-preview:large, max-video-preview:-1\" \/>\n<link rel=\"canonical\" href=\"https:\/\/publicacionesaquila.com\/en\/product\/la-oracion-de-jabes-ebook\/\" \/>\n<meta property=\"og:locale\" content=\"en_US\" \/>\n<meta property=\"og:type\" content=\"article\" \/>\n<meta property=\"og:title\" content=\"La oraci\u00f3n de Jabes (Ebook) - Publicaciones Aquila\" \/>\n<meta property=\"og:description\" content=\"&nbsp;  Ordenar este libro   &nbsp;  &quot;La Oraci\u00f3n de Jabes&quot; es una breve pero profunda meditaci\u00f3n escrita por uno de los predicadores m\u00e1s influyentes de todos los tiempos: Charles Haddon Spurgeon . Conocido como el \u201cPr\u00edncipe de los Predicadores\u201d, Spurgeon no solo fue un maestro apasionado de la Palabra de Dios, sino tambi\u00e9n un pastor profundamente comprometido con la vida de oraci\u00f3n de sus lectores y oyentes.  En este peque\u00f1o libro, Spurgeon explora dos oraciones poderosas que han ayudado a innumerables creyentes a lo largo de los siglos: \u201c\u00a1Oh, si me bendijeras abundantemente!\u201d (la oraci\u00f3n de Jabes, 1 Cr\u00f3nicas 4:10), y \u201cSe\u00f1or, ay\u00fadame\u201d , una s\u00faplica universal y llena de humildad.  Spurgeon no se limita a ofrecer reflexiones abstractas, sino que invita al lector a examinar su propia relaci\u00f3n con Dios desde el coraz\u00f3n mismo de la oraci\u00f3n. A trav\u00e9s de estas dos peticiones, el autor nos recuerda que toda verdadera bendici\u00f3n proviene del Se\u00f1or, y que nuestra dependencia total de \u00c9l debe reflejarse en nuestras rodillas.  Con su estilo caracter\u00edstico \u2014claro, devocional y lleno de vigor espiritual\u2014, Spurgeon desglosa las implicaciones pr\u00e1cticas y espirituales de elevar oraciones sinceras, persistentes y centradas en la gloria de Dios. M\u00e1s all\u00e1 de f\u00f3rmulas o t\u00e9cnicas, el mensaje central es claro: la oraci\u00f3n aut\u00e9ntica surge del reconocimiento de nuestra necesidad y del gozo de depender de un Padre celestial que escucha y responde.  Este librito es ideal tanto para quienes est\u00e1n comenzando a desarrollar una vida de oraci\u00f3n como para aquellos que buscan renovar su comuni\u00f3n con Dios. Es una herramienta \u00fatil para grupos peque\u00f1os, devocionales personales o incluso como gu\u00eda para ense\u00f1ar a otros c\u00f3mo orar con fe y esperanza.  &quot;La Oraci\u00f3n de Jabes&quot; no solo nos ayuda a entender mejor lo que significa clamar a Dios con sinceridad, sino que tambi\u00e9n nos impulsa a vivir bajo Su bendici\u00f3n, dependiendo siempre de Su gracia.  &nbsp;\" \/>\n<meta property=\"og:url\" content=\"https:\/\/publicacionesaquila.com\/en\/product\/la-oracion-de-jabes-ebook\/\" \/>\n<meta property=\"og:site_name\" content=\"Publicaciones Aquila\" \/>\n<meta property=\"article:modified_time\" content=\"2025-07-15T01:54:13+00:00\" \/>\n<meta property=\"og:image\" content=\"https:\/\/publicacionesaquila.com\/wp-content\/uploads\/2025\/07\/5-1.jpg\" \/>\n\t<meta property=\"og:image:width\" content=\"1080\" \/>\n\t<meta property=\"og:image:height\" content=\"1080\" \/>\n\t<meta property=\"og:image:type\" content=\"image\/jpeg\" \/>\n<meta name=\"twitter:card\" content=\"summary_large_image\" \/>\n<meta name=\"twitter:label1\" content=\"Est. reading time\" \/>\n\t<meta name=\"twitter:data1\" content=\"1 minute\" \/>\n<script type=\"application\/ld+json\" class=\"yoast-schema-graph\">{\"@context\":\"https:\\\/\\\/schema.org\",\"@graph\":[{\"@type\":\"WebPage\",\"@id\":\"https:\\\/\\\/publicacionesaquila.com\\\/producto\\\/la-oracion-de-jabes-ebook\\\/\",\"url\":\"https:\\\/\\\/publicacionesaquila.com\\\/producto\\\/la-oracion-de-jabes-ebook\\\/\",\"name\":\"La oraci\u00f3n de Jabes (Ebook) - Publicaciones Aquila\",\"isPartOf\":{\"@id\":\"https:\\\/\\\/publicacionesaquila.com\\\/#website\"},\"primaryImageOfPage\":{\"@id\":\"https:\\\/\\\/publicacionesaquila.com\\\/producto\\\/la-oracion-de-jabes-ebook\\\/#primaryimage\"},\"image\":{\"@id\":\"https:\\\/\\\/publicacionesaquila.com\\\/producto\\\/la-oracion-de-jabes-ebook\\\/#primaryimage\"},\"thumbnailUrl\":\"https:\\\/\\\/publicacionesaquila.com\\\/wp-content\\\/uploads\\\/2025\\\/07\\\/5-1.jpg\",\"datePublished\":\"2025-07-01T02:54:24+00:00\",\"dateModified\":\"2025-07-15T01:54:13+00:00\",\"breadcrumb\":{\"@id\":\"https:\\\/\\\/publicacionesaquila.com\\\/producto\\\/la-oracion-de-jabes-ebook\\\/#breadcrumb\"},\"inLanguage\":\"en-US\",\"potentialAction\":[{\"@type\":\"ReadAction\",\"target\":[\"https:\\\/\\\/publicacionesaquila.com\\\/producto\\\/la-oracion-de-jabes-ebook\\\/\"]}]},{\"@type\":\"ImageObject\",\"inLanguage\":\"en-US\",\"@id\":\"https:\\\/\\\/publicacionesaquila.com\\\/producto\\\/la-oracion-de-jabes-ebook\\\/#primaryimage\",\"url\":\"https:\\\/\\\/publicacionesaquila.com\\\/wp-content\\\/uploads\\\/2025\\\/07\\\/5-1.jpg\",\"contentUrl\":\"https:\\\/\\\/publicacionesaquila.com\\\/wp-content\\\/uploads\\\/2025\\\/07\\\/5-1.jpg\",\"width\":1080,\"height\":1080},{\"@type\":\"BreadcrumbList\",\"@id\":\"https:\\\/\\\/publicacionesaquila.com\\\/producto\\\/la-oracion-de-jabes-ebook\\\/#breadcrumb\",\"itemListElement\":[{\"@type\":\"ListItem\",\"position\":1,\"name\":\"Portada\",\"item\":\"https:\\\/\\\/publicacionesaquila.com\\\/\"},{\"@type\":\"ListItem\",\"position\":2,\"name\":\"Publicaciones\",\"item\":\"https:\\\/\\\/publicacionesaquila.com\\\/publicaciones\\\/\"},{\"@type\":\"ListItem\",\"position\":3,\"name\":\"La oraci\u00f3n de Jabes (Ebook)\"}]},{\"@type\":\"WebSite\",\"@id\":\"https:\\\/\\\/publicacionesaquila.com\\\/#website\",\"url\":\"https:\\\/\\\/publicacionesaquila.com\\\/\",\"name\":\"Publicaciones Aquila\",\"description\":\"Cat\u00e1logo de Libros\",\"potentialAction\":[{\"@type\":\"SearchAction\",\"target\":{\"@type\":\"EntryPoint\",\"urlTemplate\":\"https:\\\/\\\/publicacionesaquila.com\\\/?s={search_term_string}\"},\"query-input\":{\"@type\":\"PropertyValueSpecification\",\"valueRequired\":true,\"valueName\":\"search_term_string\"}}],\"inLanguage\":\"en-US\"}]}<\/script>\n<!-- \/ Yoast SEO plugin. -->","yoast_head_json":{"title":"La oraci\u00f3n de Jabes (Ebook) - Publicaciones Aquila","robots":{"index":"index","follow":"follow","max-snippet":"max-snippet:-1","max-image-preview":"max-image-preview:large","max-video-preview":"max-video-preview:-1"},"canonical":"https:\/\/publicacionesaquila.com\/en\/product\/la-oracion-de-jabes-ebook\/","og_locale":"en_US","og_type":"article","og_title":"La oraci\u00f3n de Jabes (Ebook) - Publicaciones Aquila","og_description":"&nbsp;  Ordenar este libro   &nbsp;  \"La Oraci\u00f3n de Jabes\" es una breve pero profunda meditaci\u00f3n escrita por uno de los predicadores m\u00e1s influyentes de todos los tiempos: Charles Haddon Spurgeon . Conocido como el \u201cPr\u00edncipe de los Predicadores\u201d, Spurgeon no solo fue un maestro apasionado de la Palabra de Dios, sino tambi\u00e9n un pastor profundamente comprometido con la vida de oraci\u00f3n de sus lectores y oyentes.  En este peque\u00f1o libro, Spurgeon explora dos oraciones poderosas que han ayudado a innumerables creyentes a lo largo de los siglos: \u201c\u00a1Oh, si me bendijeras abundantemente!\u201d (la oraci\u00f3n de Jabes, 1 Cr\u00f3nicas 4:10), y \u201cSe\u00f1or, ay\u00fadame\u201d , una s\u00faplica universal y llena de humildad.  Spurgeon no se limita a ofrecer reflexiones abstractas, sino que invita al lector a examinar su propia relaci\u00f3n con Dios desde el coraz\u00f3n mismo de la oraci\u00f3n. A trav\u00e9s de estas dos peticiones, el autor nos recuerda que toda verdadera bendici\u00f3n proviene del Se\u00f1or, y que nuestra dependencia total de \u00c9l debe reflejarse en nuestras rodillas.  Con su estilo caracter\u00edstico \u2014claro, devocional y lleno de vigor espiritual\u2014, Spurgeon desglosa las implicaciones pr\u00e1cticas y espirituales de elevar oraciones sinceras, persistentes y centradas en la gloria de Dios. M\u00e1s all\u00e1 de f\u00f3rmulas o t\u00e9cnicas, el mensaje central es claro: la oraci\u00f3n aut\u00e9ntica surge del reconocimiento de nuestra necesidad y del gozo de depender de un Padre celestial que escucha y responde.  Este librito es ideal tanto para quienes est\u00e1n comenzando a desarrollar una vida de oraci\u00f3n como para aquellos que buscan renovar su comuni\u00f3n con Dios. Es una herramienta \u00fatil para grupos peque\u00f1os, devocionales personales o incluso como gu\u00eda para ense\u00f1ar a otros c\u00f3mo orar con fe y esperanza.  \"La Oraci\u00f3n de Jabes\" no solo nos ayuda a entender mejor lo que significa clamar a Dios con sinceridad, sino que tambi\u00e9n nos impulsa a vivir bajo Su bendici\u00f3n, dependiendo siempre de Su gracia.  &nbsp;","og_url":"https:\/\/publicacionesaquila.com\/en\/product\/la-oracion-de-jabes-ebook\/","og_site_name":"Publicaciones Aquila","article_modified_time":"2025-07-15T01:54:13+00:00","og_image":[{"width":1080,"height":1080,"url":"https:\/\/publicacionesaquila.com\/wp-content\/uploads\/2025\/07\/5-1.jpg","type":"image\/jpeg"}],"twitter_card":"summary_large_image","twitter_misc":{"Est. reading time":"1 minute"},"schema":{"@context":"https:\/\/schema.org","@graph":[{"@type":"WebPage","@id":"https:\/\/publicacionesaquila.com\/producto\/la-oracion-de-jabes-ebook\/","url":"https:\/\/publicacionesaquila.com\/producto\/la-oracion-de-jabes-ebook\/","name":"La oraci\u00f3n de Jabes (Ebook) - Publicaciones Aquila","isPartOf":{"@id":"https:\/\/publicacionesaquila.com\/#website"},"primaryImageOfPage":{"@id":"https:\/\/publicacionesaquila.com\/producto\/la-oracion-de-jabes-ebook\/#primaryimage"},"image":{"@id":"https:\/\/publicacionesaquila.com\/producto\/la-oracion-de-jabes-ebook\/#primaryimage"},"thumbnailUrl":"https:\/\/publicacionesaquila.com\/wp-content\/uploads\/2025\/07\/5-1.jpg","datePublished":"2025-07-01T02:54:24+00:00","dateModified":"2025-07-15T01:54:13+00:00","breadcrumb":{"@id":"https:\/\/publicacionesaquila.com\/producto\/la-oracion-de-jabes-ebook\/#breadcrumb"},"inLanguage":"en-US","potentialAction":[{"@type":"ReadAction","target":["https:\/\/publicacionesaquila.com\/producto\/la-oracion-de-jabes-ebook\/"]}]},{"@type":"ImageObject","inLanguage":"en-US","@id":"https:\/\/publicacionesaquila.com\/producto\/la-oracion-de-jabes-ebook\/#primaryimage","url":"https:\/\/publicacionesaquila.com\/wp-content\/uploads\/2025\/07\/5-1.jpg","contentUrl":"https:\/\/publicacionesaquila.com\/wp-content\/uploads\/2025\/07\/5-1.jpg","width":1080,"height":1080},{"@type":"BreadcrumbList","@id":"https:\/\/publicacionesaquila.com\/producto\/la-oracion-de-jabes-ebook\/#breadcrumb","itemListElement":[{"@type":"ListItem","position":1,"name":"Portada","item":"https:\/\/publicacionesaquila.com\/"},{"@type":"ListItem","position":2,"name":"Publicaciones","item":"https:\/\/publicacionesaquila.com\/publicaciones\/"},{"@type":"ListItem","position":3,"name":"La oraci\u00f3n de Jabes (Ebook)"}]},{"@type":"WebSite","@id":"https:\/\/publicacionesaquila.com\/#website","url":"https:\/\/publicacionesaquila.com\/","name":"Aquila Publications","description":"Cat\u00e1logo de Libros","potentialAction":[{"@type":"SearchAction","target":{"@type":"EntryPoint","urlTemplate":"https:\/\/publicacionesaquila.com\/?s={search_term_string}"},"query-input":{"@type":"PropertyValueSpecification","valueRequired":true,"valueName":"search_term_string"}}],"inLanguage":"en-US"}]}},"_links":{"self":[{"href":"https:\/\/publicacionesaquila.com\/en\/wp-json\/wp\/v2\/product\/4138","targetHints":{"allow":["GET"]}}],"collection":[{"href":"https:\/\/publicacionesaquila.com\/en\/wp-json\/wp\/v2\/product"}],"about":[{"href":"https:\/\/publicacionesaquila.com\/en\/wp-json\/wp\/v2\/types\/product"}],"replies":[{"embeddable":true,"href":"https:\/\/publicacionesaquila.com\/en\/wp-json\/wp\/v2\/comments?post=4138"}],"wp:featuredmedia":[{"embeddable":true,"href":"https:\/\/publicacionesaquila.com\/en\/wp-json\/wp\/v2\/media\/4660"}],"wp:attachment":[{"href":"https:\/\/publicacionesaquila.com\/en\/wp-json\/wp\/v2\/media?parent=4138"}],"wp:term":[{"taxonomy":"product_brand","embeddable":true,"href":"https:\/\/publicacionesaquila.com\/en\/wp-json\/wp\/v2\/product_brand?post=4138"},{"taxonomy":"product_cat","embeddable":true,"href":"https:\/\/publicacionesaquila.com\/en\/wp-json\/wp\/v2\/product_cat?post=4138"},{"taxonomy":"product_tag","embeddable":true,"href":"https:\/\/publicacionesaquila.com\/en\/wp-json\/wp\/v2\/product_tag?post=4138"}],"curies":[{"name":"wp","href":"https:\/\/api.w.org\/{rel}","templated":true}]}}