{"id":4134,"date":"2025-07-01T02:44:11","date_gmt":"2025-07-01T02:44:11","guid":{"rendered":"https:\/\/publicacionesaquila.com\/?post_type=product&#038;p=4134"},"modified":"2025-07-15T01:58:02","modified_gmt":"2025-07-15T01:58:02","slug":"mi-corazon-por-tu-causa-ebook","status":"publish","type":"product","link":"https:\/\/publicacionesaquila.com\/en\/product\/mi-corazon-por-tu-causa-ebook\/","title":{"rendered":"My Heart for Thy Cause (Ebook)"},"content":{"rendered":"","protected":false},"excerpt":{"rendered":"<p>&nbsp;<\/p>\n<p><a style=\"display: inline-block; padding: 12px 24px; font-size: 14px; color: black; background-color: white; border: 2px solid #000; border-radius: 5px; text-decoration: none; transition: all 0.3s ease; cursor: pointer;\" href=\"https:\/\/www.cristianismohist.com\/mi-corazon-por-tu-causa-ebook\/\" target=\"_blank\" rel=\"noopener\">Order this book<br \/>\n<\/a><\/p>\n<p>&nbsp;<\/p>\n<p class=\" translation-block\">\"My Heart for Thy Cause\" is not just a technical analysis of preaching; it is a compelling look into the heart of a man\u2014Albert N. Martin \u2014whose life and ministry have been shaped by a high view of God, an unwavering reverence for His Word, and a total commitment to the cause of the gospel.<\/p>\n<div class=\"my-2\"><\/div>\n<p class=\" translation-block\">Written by Brian Borgman , a pastor and theologian deeply committed to expository and Reformed preaching, this book emerges from years of study and reflection on what makes certain preachers powerfully used by God. Rather than focusing solely on modern techniques or methods, Borgman digs deeper\u2014to uncover a biblical theology of preaching.<\/p>\n<div class=\"my-2\"><\/div>\n<p class=\" translation-block\">The book centers on how a preacher\u2019s vision of God, of Scripture, and of God\u2019s people shapes his style, authority, and spiritual impact. Albert N. Martin \u2014recognized by figures such as John Murray as one of the most gifted and moving preachers of his time\u2014is the perfect example of this kind of preacher. His doctrinal faithfulness, passion for holiness, and unwavering devotion to the written Word reflect a theology of ministry that goes beyond the academic and touches the deeply pastoral.<\/p>\n<div class=\"my-2\"><\/div>\n<p>Borgman shows how Martin not only preaches with clarity and unction, but does so from a solid theological foundation, fully aware that:<\/p>\n<div class=\"my-2\"><\/div>\n<ul>\n<li>Preaching is an act of service before God.<\/li>\n<li>The message must arise from deep communion with Him.<\/li>\n<li>Power lies not in rhetoric, but in the Holy Spirit who blesses the faithfully proclaimed Word.<\/li>\n<\/ul>\n<p>&nbsp;<\/p>\n<p class=\" translation-block\">This book invites pastors, theology students, and Christian leaders to examine their motivations, priorities, and practices in ministry. Beyond practical tips, \"My Heart for Thy Cause\" calls for spiritual renewal, a restoration of love for truth, and a renewed commitment to the glory of God in preaching.<\/p>\n<div class=\"my-2\"><\/div>\n<p>Ideal for both personal formation and group study, this book has the potential to transform how many view the ministry of the Word, helping preachers around the world become more useful to God for His glory.<\/p>\n<p>&nbsp;<\/p>","protected":false},"featured_media":4664,"comment_status":"closed","ping_status":"closed","template":"","meta":[],"product_brand":[132],"product_cat":[800],"product_tag":[581,607,691,687,94,600,688,689,483,617,684,628,679,446,686,641,685,601,690],"class_list":{"0":"post-4134","1":"product","2":"type-product","3":"status-publish","4":"has-post-thumbnail","6":"product_brand-brian-borgman","7":"product_cat-ebook","8":"product_tag-comunion-con-dios","9":"product_tag-devocional-para-pastores","10":"product_tag-escuela-de-predicacion","11":"product_tag-espiritu-santo-y-predicacion","12":"product_tag-fidelidad-doctrinal","13":"product_tag-formacion-ministerial","14":"product_tag-homiletica-reformada","15":"product_tag-inspiracion-ministerial","16":"product_tag-libro-cristiano","17":"product_tag-liderazgo-cristiano","18":"product_tag-mi-corazon-por-tu-causa","19":"product_tag-ministerio-con-integridad","20":"product_tag-palabra-de-dios","21":"product_tag-predicacion-biblica","22":"product_tag-predicacion-expositiva","23":"product_tag-sabiduria-pastoral","24":"product_tag-teologia-de-la-predicacion","25":"product_tag-vida-espiritual-del-ministro","26":"product_tag-vocacion-al-ministerio","28":"first","29":"instock","30":"sale","31":"shipping-taxable","32":"product-type-simple"},"yoast_head":"<!-- This site is optimized with the Yoast SEO plugin v27.4 - https:\/\/yoast.com\/product\/yoast-seo-wordpress\/ -->\n<title>Mi Coraz\u00f3n por Tu Causa (Ebook) - Publicaciones Aquila<\/title>\n<meta name=\"robots\" content=\"index, follow, max-snippet:-1, max-image-preview:large, max-video-preview:-1\" \/>\n<link rel=\"canonical\" href=\"https:\/\/publicacionesaquila.com\/en\/product\/mi-corazon-por-tu-causa-ebook\/\" \/>\n<meta property=\"og:locale\" content=\"en_US\" \/>\n<meta property=\"og:type\" content=\"article\" \/>\n<meta property=\"og:title\" content=\"Mi Coraz\u00f3n por Tu Causa (Ebook) - Publicaciones Aquila\" \/>\n<meta property=\"og:description\" content=\"&nbsp;  Ordenar este libro   &nbsp;  &quot;Mi Coraz\u00f3n por Tu Causa&quot; no es solo un an\u00e1lisis t\u00e9cnico sobre la predicaci\u00f3n; es una mirada apasionante al coraz\u00f3n de un hombre llamado Albert N. Martin , cuya vida y ministerio han sido moldeados por una visi\u00f3n elevada de Dios, una reverencia inquebrantable por Su Palabra y una entrega total a la causa del evangelio.  Escrito por Brian Borgman , pastor y te\u00f3logo comprometido con la predicaci\u00f3n expositiva y reformada, este libro surge como resultado de a\u00f1os de estudio y reflexi\u00f3n sobre lo que hace que ciertos predicadores sean usados de manera poderosa por Dios. En lugar de enfocarse \u00fanicamente en t\u00e9cnicas o m\u00e9todos modernos, Borgman busca las ra\u00edces m\u00e1s profundas: una teolog\u00eda b\u00edblica de la predicaci\u00f3n .  La obra se centra en c\u00f3mo la visi\u00f3n que tiene un predicador de Dios, de la Palabra y del pueblo de Dios , moldea su estilo, su autoridad y su impacto espiritual. Albert N. Martin \u2014reconocido por figuras como John Murray como uno de los predicadores m\u00e1s capacitados y conmovedores\u2014 es el ejemplo perfecto de esta clase de predicador. Su fidelidad doctrinal, pasi\u00f3n por la santidad, y devoci\u00f3n inquebrantable a la Palabra escrita reflejan una teolog\u00eda del ministerio que trasciende lo acad\u00e9mico y toca lo pastoral.  Borgman nos muestra c\u00f3mo Martin no solo predica con claridad y unci\u00f3n, sino que lo hace desde una base teol\u00f3gica s\u00f3lida, consciente de que:    La predicaci\u00f3n es un acto de servicio ante Dios.  El mensaje debe surgir de una comuni\u00f3n profunda con \u00c9l.  El poder no est\u00e1 en la ret\u00f3rica, sino en el Esp\u00edritu Santo que bendice la Palabra fielmente proclamada.  &nbsp;  Este libro invita a predicadores, estudiantes de teolog\u00eda y l\u00edderes cristianos a examinar sus motivaciones, prioridades y pr\u00e1cticas de ministerio. M\u00e1s all\u00e1 de consejos t\u00e9cnicos, &quot;Mi Coraz\u00f3n por Tu Causa&quot; llama a una renovaci\u00f3n espiritual, una restauraci\u00f3n del amor por la verdad y un compromiso renovado con la gloria de Dios en la predicaci\u00f3n.  Ideal tanto para formaci\u00f3n personal como grupal, este libro puede transformar la forma en que muchos ven el ministerio de la palabra, ayudando a predicadores en todo lugar a ser m\u00e1s usados por Dios para Su gloria.  &nbsp;\" \/>\n<meta property=\"og:url\" content=\"https:\/\/publicacionesaquila.com\/en\/product\/mi-corazon-por-tu-causa-ebook\/\" \/>\n<meta property=\"og:site_name\" content=\"Publicaciones Aquila\" \/>\n<meta property=\"article:modified_time\" content=\"2025-07-15T01:58:02+00:00\" \/>\n<meta property=\"og:image\" content=\"https:\/\/publicacionesaquila.com\/wp-content\/uploads\/2025\/07\/9-1.jpg\" \/>\n\t<meta property=\"og:image:width\" content=\"1080\" \/>\n\t<meta property=\"og:image:height\" content=\"1080\" \/>\n\t<meta property=\"og:image:type\" content=\"image\/jpeg\" \/>\n<meta name=\"twitter:card\" content=\"summary_large_image\" \/>\n<meta name=\"twitter:label1\" content=\"Est. reading time\" \/>\n\t<meta name=\"twitter:data1\" content=\"1 minute\" \/>\n<script type=\"application\/ld+json\" class=\"yoast-schema-graph\">{\"@context\":\"https:\\\/\\\/schema.org\",\"@graph\":[{\"@type\":\"WebPage\",\"@id\":\"https:\\\/\\\/publicacionesaquila.com\\\/producto\\\/mi-corazon-por-tu-causa-ebook\\\/\",\"url\":\"https:\\\/\\\/publicacionesaquila.com\\\/producto\\\/mi-corazon-por-tu-causa-ebook\\\/\",\"name\":\"Mi Coraz\u00f3n por Tu Causa (Ebook) - Publicaciones Aquila\",\"isPartOf\":{\"@id\":\"https:\\\/\\\/publicacionesaquila.com\\\/#website\"},\"primaryImageOfPage\":{\"@id\":\"https:\\\/\\\/publicacionesaquila.com\\\/producto\\\/mi-corazon-por-tu-causa-ebook\\\/#primaryimage\"},\"image\":{\"@id\":\"https:\\\/\\\/publicacionesaquila.com\\\/producto\\\/mi-corazon-por-tu-causa-ebook\\\/#primaryimage\"},\"thumbnailUrl\":\"https:\\\/\\\/publicacionesaquila.com\\\/wp-content\\\/uploads\\\/2025\\\/07\\\/9-1.jpg\",\"datePublished\":\"2025-07-01T02:44:11+00:00\",\"dateModified\":\"2025-07-15T01:58:02+00:00\",\"breadcrumb\":{\"@id\":\"https:\\\/\\\/publicacionesaquila.com\\\/producto\\\/mi-corazon-por-tu-causa-ebook\\\/#breadcrumb\"},\"inLanguage\":\"en-US\",\"potentialAction\":[{\"@type\":\"ReadAction\",\"target\":[\"https:\\\/\\\/publicacionesaquila.com\\\/producto\\\/mi-corazon-por-tu-causa-ebook\\\/\"]}]},{\"@type\":\"ImageObject\",\"inLanguage\":\"en-US\",\"@id\":\"https:\\\/\\\/publicacionesaquila.com\\\/producto\\\/mi-corazon-por-tu-causa-ebook\\\/#primaryimage\",\"url\":\"https:\\\/\\\/publicacionesaquila.com\\\/wp-content\\\/uploads\\\/2025\\\/07\\\/9-1.jpg\",\"contentUrl\":\"https:\\\/\\\/publicacionesaquila.com\\\/wp-content\\\/uploads\\\/2025\\\/07\\\/9-1.jpg\",\"width\":1080,\"height\":1080},{\"@type\":\"BreadcrumbList\",\"@id\":\"https:\\\/\\\/publicacionesaquila.com\\\/producto\\\/mi-corazon-por-tu-causa-ebook\\\/#breadcrumb\",\"itemListElement\":[{\"@type\":\"ListItem\",\"position\":1,\"name\":\"Portada\",\"item\":\"https:\\\/\\\/publicacionesaquila.com\\\/\"},{\"@type\":\"ListItem\",\"position\":2,\"name\":\"Publicaciones\",\"item\":\"https:\\\/\\\/publicacionesaquila.com\\\/publicaciones\\\/\"},{\"@type\":\"ListItem\",\"position\":3,\"name\":\"Mi Coraz\u00f3n por Tu Causa (Ebook)\"}]},{\"@type\":\"WebSite\",\"@id\":\"https:\\\/\\\/publicacionesaquila.com\\\/#website\",\"url\":\"https:\\\/\\\/publicacionesaquila.com\\\/\",\"name\":\"Publicaciones Aquila\",\"description\":\"Cat\u00e1logo de Libros\",\"potentialAction\":[{\"@type\":\"SearchAction\",\"target\":{\"@type\":\"EntryPoint\",\"urlTemplate\":\"https:\\\/\\\/publicacionesaquila.com\\\/?s={search_term_string}\"},\"query-input\":{\"@type\":\"PropertyValueSpecification\",\"valueRequired\":true,\"valueName\":\"search_term_string\"}}],\"inLanguage\":\"en-US\"}]}<\/script>\n<!-- \/ Yoast SEO plugin. -->","yoast_head_json":{"title":"Mi Coraz\u00f3n por Tu Causa (Ebook) - Publicaciones Aquila","robots":{"index":"index","follow":"follow","max-snippet":"max-snippet:-1","max-image-preview":"max-image-preview:large","max-video-preview":"max-video-preview:-1"},"canonical":"https:\/\/publicacionesaquila.com\/en\/product\/mi-corazon-por-tu-causa-ebook\/","og_locale":"en_US","og_type":"article","og_title":"Mi Coraz\u00f3n por Tu Causa (Ebook) - Publicaciones Aquila","og_description":"&nbsp;  Ordenar este libro   &nbsp;  \"Mi Coraz\u00f3n por Tu Causa\" no es solo un an\u00e1lisis t\u00e9cnico sobre la predicaci\u00f3n; es una mirada apasionante al coraz\u00f3n de un hombre llamado Albert N. Martin , cuya vida y ministerio han sido moldeados por una visi\u00f3n elevada de Dios, una reverencia inquebrantable por Su Palabra y una entrega total a la causa del evangelio.  Escrito por Brian Borgman , pastor y te\u00f3logo comprometido con la predicaci\u00f3n expositiva y reformada, este libro surge como resultado de a\u00f1os de estudio y reflexi\u00f3n sobre lo que hace que ciertos predicadores sean usados de manera poderosa por Dios. En lugar de enfocarse \u00fanicamente en t\u00e9cnicas o m\u00e9todos modernos, Borgman busca las ra\u00edces m\u00e1s profundas: una teolog\u00eda b\u00edblica de la predicaci\u00f3n .  La obra se centra en c\u00f3mo la visi\u00f3n que tiene un predicador de Dios, de la Palabra y del pueblo de Dios , moldea su estilo, su autoridad y su impacto espiritual. Albert N. Martin \u2014reconocido por figuras como John Murray como uno de los predicadores m\u00e1s capacitados y conmovedores\u2014 es el ejemplo perfecto de esta clase de predicador. Su fidelidad doctrinal, pasi\u00f3n por la santidad, y devoci\u00f3n inquebrantable a la Palabra escrita reflejan una teolog\u00eda del ministerio que trasciende lo acad\u00e9mico y toca lo pastoral.  Borgman nos muestra c\u00f3mo Martin no solo predica con claridad y unci\u00f3n, sino que lo hace desde una base teol\u00f3gica s\u00f3lida, consciente de que:    La predicaci\u00f3n es un acto de servicio ante Dios.  El mensaje debe surgir de una comuni\u00f3n profunda con \u00c9l.  El poder no est\u00e1 en la ret\u00f3rica, sino en el Esp\u00edritu Santo que bendice la Palabra fielmente proclamada.  &nbsp;  Este libro invita a predicadores, estudiantes de teolog\u00eda y l\u00edderes cristianos a examinar sus motivaciones, prioridades y pr\u00e1cticas de ministerio. M\u00e1s all\u00e1 de consejos t\u00e9cnicos, \"Mi Coraz\u00f3n por Tu Causa\" llama a una renovaci\u00f3n espiritual, una restauraci\u00f3n del amor por la verdad y un compromiso renovado con la gloria de Dios en la predicaci\u00f3n.  Ideal tanto para formaci\u00f3n personal como grupal, este libro puede transformar la forma en que muchos ven el ministerio de la palabra, ayudando a predicadores en todo lugar a ser m\u00e1s usados por Dios para Su gloria.  &nbsp;","og_url":"https:\/\/publicacionesaquila.com\/en\/product\/mi-corazon-por-tu-causa-ebook\/","og_site_name":"Publicaciones Aquila","article_modified_time":"2025-07-15T01:58:02+00:00","og_image":[{"width":1080,"height":1080,"url":"https:\/\/publicacionesaquila.com\/wp-content\/uploads\/2025\/07\/9-1.jpg","type":"image\/jpeg"}],"twitter_card":"summary_large_image","twitter_misc":{"Est. reading time":"1 minute"},"schema":{"@context":"https:\/\/schema.org","@graph":[{"@type":"WebPage","@id":"https:\/\/publicacionesaquila.com\/producto\/mi-corazon-por-tu-causa-ebook\/","url":"https:\/\/publicacionesaquila.com\/producto\/mi-corazon-por-tu-causa-ebook\/","name":"Mi Coraz\u00f3n por Tu Causa (Ebook) - Publicaciones Aquila","isPartOf":{"@id":"https:\/\/publicacionesaquila.com\/#website"},"primaryImageOfPage":{"@id":"https:\/\/publicacionesaquila.com\/producto\/mi-corazon-por-tu-causa-ebook\/#primaryimage"},"image":{"@id":"https:\/\/publicacionesaquila.com\/producto\/mi-corazon-por-tu-causa-ebook\/#primaryimage"},"thumbnailUrl":"https:\/\/publicacionesaquila.com\/wp-content\/uploads\/2025\/07\/9-1.jpg","datePublished":"2025-07-01T02:44:11+00:00","dateModified":"2025-07-15T01:58:02+00:00","breadcrumb":{"@id":"https:\/\/publicacionesaquila.com\/producto\/mi-corazon-por-tu-causa-ebook\/#breadcrumb"},"inLanguage":"en-US","potentialAction":[{"@type":"ReadAction","target":["https:\/\/publicacionesaquila.com\/producto\/mi-corazon-por-tu-causa-ebook\/"]}]},{"@type":"ImageObject","inLanguage":"en-US","@id":"https:\/\/publicacionesaquila.com\/producto\/mi-corazon-por-tu-causa-ebook\/#primaryimage","url":"https:\/\/publicacionesaquila.com\/wp-content\/uploads\/2025\/07\/9-1.jpg","contentUrl":"https:\/\/publicacionesaquila.com\/wp-content\/uploads\/2025\/07\/9-1.jpg","width":1080,"height":1080},{"@type":"BreadcrumbList","@id":"https:\/\/publicacionesaquila.com\/producto\/mi-corazon-por-tu-causa-ebook\/#breadcrumb","itemListElement":[{"@type":"ListItem","position":1,"name":"Portada","item":"https:\/\/publicacionesaquila.com\/"},{"@type":"ListItem","position":2,"name":"Publicaciones","item":"https:\/\/publicacionesaquila.com\/publicaciones\/"},{"@type":"ListItem","position":3,"name":"Mi Coraz\u00f3n por Tu Causa (Ebook)"}]},{"@type":"WebSite","@id":"https:\/\/publicacionesaquila.com\/#website","url":"https:\/\/publicacionesaquila.com\/","name":"Aquila Publications","description":"Cat\u00e1logo de Libros","potentialAction":[{"@type":"SearchAction","target":{"@type":"EntryPoint","urlTemplate":"https:\/\/publicacionesaquila.com\/?s={search_term_string}"},"query-input":{"@type":"PropertyValueSpecification","valueRequired":true,"valueName":"search_term_string"}}],"inLanguage":"en-US"}]}},"_links":{"self":[{"href":"https:\/\/publicacionesaquila.com\/en\/wp-json\/wp\/v2\/product\/4134","targetHints":{"allow":["GET"]}}],"collection":[{"href":"https:\/\/publicacionesaquila.com\/en\/wp-json\/wp\/v2\/product"}],"about":[{"href":"https:\/\/publicacionesaquila.com\/en\/wp-json\/wp\/v2\/types\/product"}],"replies":[{"embeddable":true,"href":"https:\/\/publicacionesaquila.com\/en\/wp-json\/wp\/v2\/comments?post=4134"}],"wp:featuredmedia":[{"embeddable":true,"href":"https:\/\/publicacionesaquila.com\/en\/wp-json\/wp\/v2\/media\/4664"}],"wp:attachment":[{"href":"https:\/\/publicacionesaquila.com\/en\/wp-json\/wp\/v2\/media?parent=4134"}],"wp:term":[{"taxonomy":"product_brand","embeddable":true,"href":"https:\/\/publicacionesaquila.com\/en\/wp-json\/wp\/v2\/product_brand?post=4134"},{"taxonomy":"product_cat","embeddable":true,"href":"https:\/\/publicacionesaquila.com\/en\/wp-json\/wp\/v2\/product_cat?post=4134"},{"taxonomy":"product_tag","embeddable":true,"href":"https:\/\/publicacionesaquila.com\/en\/wp-json\/wp\/v2\/product_tag?post=4134"}],"curies":[{"name":"wp","href":"https:\/\/api.w.org\/{rel}","templated":true}]}}