{"id":3419,"date":"2025-06-26T19:55:52","date_gmt":"2025-06-26T19:55:52","guid":{"rendered":"https:\/\/publicacionesaquila.com\/?post_type=product&#038;p=3419"},"modified":"2025-07-14T22:05:52","modified_gmt":"2025-07-14T22:05:52","slug":"preparados-para-predicar","status":"publish","type":"product","link":"https:\/\/publicacionesaquila.com\/en\/product\/preparados-para-predicar\/","title":{"rendered":"Prepared to Preach"},"content":{"rendered":"","protected":false},"excerpt":{"rendered":"<p>&nbsp;<\/p>\n<p><a style=\"display: inline-block; padding: 12px 24px; font-size: 14px; color: black; background-color: white; border: 2px solid #000; border-radius: 5px; text-decoration: none; transition: all 0.3s ease; cursor: pointer;\" href=\"https:\/\/www.cristianismohist.com\/preparados-para-predicar-ebook-prepared-to-preach-albert-n-martin\/\" target=\"_blank\" rel=\"noopener\">Order this book<br \/>\n<\/a><\/p>\n<p>&nbsp;<\/p>\n<div id=\"ProductDescription\" class=\"Block Moveable Panel ProductDescription current\">\n<div class=\"ProductDescriptionContainer prodAccordionContent\">\n<p class=\" translation-block\">\"Prepared to Preach\" is a book that brings together four lectures delivered by Pastor Albert N. Martin at the Ministers\u2019 Conference organized by The Banner of Truth Trust in Sydney, Australia, in 1979. In this work, the author addresses with biblical fidelity and pastoral passion one of the most urgent and neglected issues in the life of the contemporary church: the theological and spiritual preparation of the gospel minister.<\/p>\n<div class=\"my-2\"><\/div>\n<p class=\" translation-block\">Far from offering a mere academic or methodological reflection, Martin presents a deep biblical exposition accompanied by an urgent call to ministerial repentance , radical reformation, and a faithful restoration of the principles established in Scripture regarding the training of those called to preach the Word.<\/p>\n<div class=\"my-2\"><\/div>\n<p class=\" translation-block\">The message not only challenges current ecclesiastical pragmatism but also confronts the church with its responsibility to form ministers according to the biblical model\u2014even if it means confronting deeply rooted practices such as tradition, convenience, or religious pragmatism. As the author himself puts it, such reform may require us to \"take the Sword of Truth and drive it into the belly of Lord Convenience, Prince Pragmatism, and Queen Tradition.\"<\/p>\n<div class=\"my-2\"><\/div>\n<p>This book remains a prophetic voice for the body of Christ\u2014especially in a time when superficiality and the professionalization of ministry threaten to eclipse holiness, faithfulness, and the urgency of biblical preaching.<\/p>\n<p>&nbsp;<\/p>\n<\/div>\n<\/div>","protected":false},"featured_media":4642,"comment_status":"closed","ping_status":"closed","template":"","meta":[],"product_brand":[758],"product_cat":[61],"product_tag":[613,792,788,791,386,94,600,786,787,449,795,790,794,446,796,785,789,77,793],"class_list":{"0":"post-3419","1":"product","2":"type-product","3":"status-publish","4":"has-post-thumbnail","6":"product_brand-john-bunyan","7":"product_cat-teologia-pastoral","8":"product_tag-banner-of-truth","9":"product_tag-conferencia-de-ministros-1979","10":"product_tag-critica-al-pragmatismo-religioso","11":"product_tag-espada-de-la-verdad","12":"product_tag-exposicion-biblica","13":"product_tag-fidelidad-doctrinal","14":"product_tag-formacion-ministerial","15":"product_tag-iglesia-reformada","16":"product_tag-llamado-al-arrepentimiento","17":"product_tag-ministerio-pastoral","18":"product_tag-movimiento-reformado","19":"product_tag-obediencia-a-la-palabra-de-dios","20":"product_tag-pastores-reformados","21":"product_tag-predicacion-biblica","22":"product_tag-predicacion-fiel","23":"product_tag-reforma-eclesiastica","24":"product_tag-santidad-del-ministro","25":"product_tag-teologia-pastoral","26":"product_tag-trinity-baptist-church","28":"first","29":"instock","30":"sale","31":"shipping-taxable","32":"product-type-simple"},"yoast_head":"<!-- This site is optimized with the Yoast SEO plugin v27.4 - https:\/\/yoast.com\/product\/yoast-seo-wordpress\/ -->\n<title>Preparados Para Predicar - Publicaciones Aquila<\/title>\n<meta name=\"robots\" content=\"index, follow, max-snippet:-1, max-image-preview:large, max-video-preview:-1\" \/>\n<link rel=\"canonical\" href=\"https:\/\/publicacionesaquila.com\/en\/product\/preparados-para-predicar\/\" \/>\n<meta property=\"og:locale\" content=\"en_US\" \/>\n<meta property=\"og:type\" content=\"article\" \/>\n<meta property=\"og:title\" content=\"Preparados Para Predicar - Publicaciones Aquila\" \/>\n<meta property=\"og:description\" content=\"&nbsp;  Ordenar este libro   &nbsp;    &quot;Preparados Para Predicar&quot; es un libro que re\u00fane cuatro conferencias pronunciadas por el pastor Albert N. Martin durante la Conferencia de Ministros organizada por The Banner of Truth Trust en 1979 en Sydney, Australia. En este trabajo, el autor aborda con fidelidad b\u00edblica y pasi\u00f3n pastoral uno de los temas m\u00e1s urgentes y descuidados en la vida de la iglesia contempor\u00e1nea: la preparaci\u00f3n teol\u00f3gica y espiritual del ministro del evangelio.  Lejos de ofrecer una simple reflexi\u00f3n acad\u00e9mica o metodol\u00f3gica, Martin presenta una exposici\u00f3n b\u00edblica profunda , acompa\u00f1ada de un llamado apremiante al arrepentimiento ministerial , a la reforma radical y a una restauraci\u00f3n fiel de los principios establecidos en las Escrituras sobre la formaci\u00f3n de aquellos llamados a predicar la Palabra.  El mensaje no solo desaf\u00eda la pragm\u00e1tica eclesi\u00e1stica actual, sino que tambi\u00e9n interpela a la iglesia sobre su responsabilidad de formar ministros seg\u00fan el modelo b\u00edblico, a\u00fan si ello implica enfrentar pr\u00e1cticas arraigadas como la tradici\u00f3n, la conveniencia o el pragmatismo religioso. Como dice el propio autor, tal reforma puede exigirnos &quot;tomar la Espada de la Verdad y clavarla en las tripas del Se\u00f1or Conveniencia, el Pr\u00edncipe Pragmatismo y la Reina Tradici\u00f3n&quot;.  Este libro sigue siendo una voz prof\u00e9tica para el cuerpo de Cristo, especialmente en un momento donde la superficialidad y la profesionalizaci\u00f3n del ministerio amenazan con eclipsar la santidad, la fidelidad y la urgencia de la predicaci\u00f3n b\u00edblica.  &nbsp;\" \/>\n<meta property=\"og:url\" content=\"https:\/\/publicacionesaquila.com\/en\/product\/preparados-para-predicar\/\" \/>\n<meta property=\"og:site_name\" content=\"Publicaciones Aquila\" \/>\n<meta property=\"article:modified_time\" content=\"2025-07-14T22:05:52+00:00\" \/>\n<meta property=\"og:image\" content=\"https:\/\/publicacionesaquila.com\/wp-content\/uploads\/2025\/07\/Untitled-design.jpg\" \/>\n\t<meta property=\"og:image:width\" content=\"1080\" \/>\n\t<meta property=\"og:image:height\" content=\"1080\" \/>\n\t<meta property=\"og:image:type\" content=\"image\/jpeg\" \/>\n<meta name=\"twitter:card\" content=\"summary_large_image\" \/>\n<meta name=\"twitter:label1\" content=\"Est. reading time\" \/>\n\t<meta name=\"twitter:data1\" content=\"1 minute\" \/>\n<script type=\"application\/ld+json\" class=\"yoast-schema-graph\">{\"@context\":\"https:\\\/\\\/schema.org\",\"@graph\":[{\"@type\":\"WebPage\",\"@id\":\"https:\\\/\\\/publicacionesaquila.com\\\/producto\\\/preparados-para-predicar\\\/\",\"url\":\"https:\\\/\\\/publicacionesaquila.com\\\/producto\\\/preparados-para-predicar\\\/\",\"name\":\"Preparados Para Predicar - Publicaciones Aquila\",\"isPartOf\":{\"@id\":\"https:\\\/\\\/publicacionesaquila.com\\\/#website\"},\"primaryImageOfPage\":{\"@id\":\"https:\\\/\\\/publicacionesaquila.com\\\/producto\\\/preparados-para-predicar\\\/#primaryimage\"},\"image\":{\"@id\":\"https:\\\/\\\/publicacionesaquila.com\\\/producto\\\/preparados-para-predicar\\\/#primaryimage\"},\"thumbnailUrl\":\"https:\\\/\\\/publicacionesaquila.com\\\/wp-content\\\/uploads\\\/2025\\\/07\\\/Untitled-design.jpg\",\"datePublished\":\"2025-06-26T19:55:52+00:00\",\"dateModified\":\"2025-07-14T22:05:52+00:00\",\"breadcrumb\":{\"@id\":\"https:\\\/\\\/publicacionesaquila.com\\\/producto\\\/preparados-para-predicar\\\/#breadcrumb\"},\"inLanguage\":\"en-US\",\"potentialAction\":[{\"@type\":\"ReadAction\",\"target\":[\"https:\\\/\\\/publicacionesaquila.com\\\/producto\\\/preparados-para-predicar\\\/\"]}]},{\"@type\":\"ImageObject\",\"inLanguage\":\"en-US\",\"@id\":\"https:\\\/\\\/publicacionesaquila.com\\\/producto\\\/preparados-para-predicar\\\/#primaryimage\",\"url\":\"https:\\\/\\\/publicacionesaquila.com\\\/wp-content\\\/uploads\\\/2025\\\/07\\\/Untitled-design.jpg\",\"contentUrl\":\"https:\\\/\\\/publicacionesaquila.com\\\/wp-content\\\/uploads\\\/2025\\\/07\\\/Untitled-design.jpg\",\"width\":1080,\"height\":1080},{\"@type\":\"BreadcrumbList\",\"@id\":\"https:\\\/\\\/publicacionesaquila.com\\\/producto\\\/preparados-para-predicar\\\/#breadcrumb\",\"itemListElement\":[{\"@type\":\"ListItem\",\"position\":1,\"name\":\"Portada\",\"item\":\"https:\\\/\\\/publicacionesaquila.com\\\/\"},{\"@type\":\"ListItem\",\"position\":2,\"name\":\"Publicaciones\",\"item\":\"https:\\\/\\\/publicacionesaquila.com\\\/publicaciones\\\/\"},{\"@type\":\"ListItem\",\"position\":3,\"name\":\"Preparados Para Predicar\"}]},{\"@type\":\"WebSite\",\"@id\":\"https:\\\/\\\/publicacionesaquila.com\\\/#website\",\"url\":\"https:\\\/\\\/publicacionesaquila.com\\\/\",\"name\":\"Publicaciones Aquila\",\"description\":\"Cat\u00e1logo de Libros\",\"potentialAction\":[{\"@type\":\"SearchAction\",\"target\":{\"@type\":\"EntryPoint\",\"urlTemplate\":\"https:\\\/\\\/publicacionesaquila.com\\\/?s={search_term_string}\"},\"query-input\":{\"@type\":\"PropertyValueSpecification\",\"valueRequired\":true,\"valueName\":\"search_term_string\"}}],\"inLanguage\":\"en-US\"}]}<\/script>\n<!-- \/ Yoast SEO plugin. -->","yoast_head_json":{"title":"Preparados Para Predicar - Publicaciones Aquila","robots":{"index":"index","follow":"follow","max-snippet":"max-snippet:-1","max-image-preview":"max-image-preview:large","max-video-preview":"max-video-preview:-1"},"canonical":"https:\/\/publicacionesaquila.com\/en\/product\/preparados-para-predicar\/","og_locale":"en_US","og_type":"article","og_title":"Preparados Para Predicar - Publicaciones Aquila","og_description":"&nbsp;  Ordenar este libro   &nbsp;    \"Preparados Para Predicar\" es un libro que re\u00fane cuatro conferencias pronunciadas por el pastor Albert N. Martin durante la Conferencia de Ministros organizada por The Banner of Truth Trust en 1979 en Sydney, Australia. En este trabajo, el autor aborda con fidelidad b\u00edblica y pasi\u00f3n pastoral uno de los temas m\u00e1s urgentes y descuidados en la vida de la iglesia contempor\u00e1nea: la preparaci\u00f3n teol\u00f3gica y espiritual del ministro del evangelio.  Lejos de ofrecer una simple reflexi\u00f3n acad\u00e9mica o metodol\u00f3gica, Martin presenta una exposici\u00f3n b\u00edblica profunda , acompa\u00f1ada de un llamado apremiante al arrepentimiento ministerial , a la reforma radical y a una restauraci\u00f3n fiel de los principios establecidos en las Escrituras sobre la formaci\u00f3n de aquellos llamados a predicar la Palabra.  El mensaje no solo desaf\u00eda la pragm\u00e1tica eclesi\u00e1stica actual, sino que tambi\u00e9n interpela a la iglesia sobre su responsabilidad de formar ministros seg\u00fan el modelo b\u00edblico, a\u00fan si ello implica enfrentar pr\u00e1cticas arraigadas como la tradici\u00f3n, la conveniencia o el pragmatismo religioso. Como dice el propio autor, tal reforma puede exigirnos \"tomar la Espada de la Verdad y clavarla en las tripas del Se\u00f1or Conveniencia, el Pr\u00edncipe Pragmatismo y la Reina Tradici\u00f3n\".  Este libro sigue siendo una voz prof\u00e9tica para el cuerpo de Cristo, especialmente en un momento donde la superficialidad y la profesionalizaci\u00f3n del ministerio amenazan con eclipsar la santidad, la fidelidad y la urgencia de la predicaci\u00f3n b\u00edblica.  &nbsp;","og_url":"https:\/\/publicacionesaquila.com\/en\/product\/preparados-para-predicar\/","og_site_name":"Publicaciones Aquila","article_modified_time":"2025-07-14T22:05:52+00:00","og_image":[{"width":1080,"height":1080,"url":"https:\/\/publicacionesaquila.com\/wp-content\/uploads\/2025\/07\/Untitled-design.jpg","type":"image\/jpeg"}],"twitter_card":"summary_large_image","twitter_misc":{"Est. reading time":"1 minute"},"schema":{"@context":"https:\/\/schema.org","@graph":[{"@type":"WebPage","@id":"https:\/\/publicacionesaquila.com\/producto\/preparados-para-predicar\/","url":"https:\/\/publicacionesaquila.com\/producto\/preparados-para-predicar\/","name":"Preparados Para Predicar - Publicaciones Aquila","isPartOf":{"@id":"https:\/\/publicacionesaquila.com\/#website"},"primaryImageOfPage":{"@id":"https:\/\/publicacionesaquila.com\/producto\/preparados-para-predicar\/#primaryimage"},"image":{"@id":"https:\/\/publicacionesaquila.com\/producto\/preparados-para-predicar\/#primaryimage"},"thumbnailUrl":"https:\/\/publicacionesaquila.com\/wp-content\/uploads\/2025\/07\/Untitled-design.jpg","datePublished":"2025-06-26T19:55:52+00:00","dateModified":"2025-07-14T22:05:52+00:00","breadcrumb":{"@id":"https:\/\/publicacionesaquila.com\/producto\/preparados-para-predicar\/#breadcrumb"},"inLanguage":"en-US","potentialAction":[{"@type":"ReadAction","target":["https:\/\/publicacionesaquila.com\/producto\/preparados-para-predicar\/"]}]},{"@type":"ImageObject","inLanguage":"en-US","@id":"https:\/\/publicacionesaquila.com\/producto\/preparados-para-predicar\/#primaryimage","url":"https:\/\/publicacionesaquila.com\/wp-content\/uploads\/2025\/07\/Untitled-design.jpg","contentUrl":"https:\/\/publicacionesaquila.com\/wp-content\/uploads\/2025\/07\/Untitled-design.jpg","width":1080,"height":1080},{"@type":"BreadcrumbList","@id":"https:\/\/publicacionesaquila.com\/producto\/preparados-para-predicar\/#breadcrumb","itemListElement":[{"@type":"ListItem","position":1,"name":"Portada","item":"https:\/\/publicacionesaquila.com\/"},{"@type":"ListItem","position":2,"name":"Publicaciones","item":"https:\/\/publicacionesaquila.com\/publicaciones\/"},{"@type":"ListItem","position":3,"name":"Preparados Para Predicar"}]},{"@type":"WebSite","@id":"https:\/\/publicacionesaquila.com\/#website","url":"https:\/\/publicacionesaquila.com\/","name":"Aquila Publications","description":"Cat\u00e1logo de Libros","potentialAction":[{"@type":"SearchAction","target":{"@type":"EntryPoint","urlTemplate":"https:\/\/publicacionesaquila.com\/?s={search_term_string}"},"query-input":{"@type":"PropertyValueSpecification","valueRequired":true,"valueName":"search_term_string"}}],"inLanguage":"en-US"}]}},"_links":{"self":[{"href":"https:\/\/publicacionesaquila.com\/en\/wp-json\/wp\/v2\/product\/3419","targetHints":{"allow":["GET"]}}],"collection":[{"href":"https:\/\/publicacionesaquila.com\/en\/wp-json\/wp\/v2\/product"}],"about":[{"href":"https:\/\/publicacionesaquila.com\/en\/wp-json\/wp\/v2\/types\/product"}],"replies":[{"embeddable":true,"href":"https:\/\/publicacionesaquila.com\/en\/wp-json\/wp\/v2\/comments?post=3419"}],"wp:featuredmedia":[{"embeddable":true,"href":"https:\/\/publicacionesaquila.com\/en\/wp-json\/wp\/v2\/media\/4642"}],"wp:attachment":[{"href":"https:\/\/publicacionesaquila.com\/en\/wp-json\/wp\/v2\/media?parent=3419"}],"wp:term":[{"taxonomy":"product_brand","embeddable":true,"href":"https:\/\/publicacionesaquila.com\/en\/wp-json\/wp\/v2\/product_brand?post=3419"},{"taxonomy":"product_cat","embeddable":true,"href":"https:\/\/publicacionesaquila.com\/en\/wp-json\/wp\/v2\/product_cat?post=3419"},{"taxonomy":"product_tag","embeddable":true,"href":"https:\/\/publicacionesaquila.com\/en\/wp-json\/wp\/v2\/product_tag?post=3419"}],"curies":[{"name":"wp","href":"https:\/\/api.w.org\/{rel}","templated":true}]}}