{"id":3247,"date":"2025-06-26T16:49:13","date_gmt":"2025-06-26T16:49:13","guid":{"rendered":"https:\/\/publicacionesaquila.com\/?post_type=product&#038;p=3247"},"modified":"2025-07-14T21:40:03","modified_gmt":"2025-07-14T21:40:03","slug":"la-intimidad-evangelica","status":"publish","type":"product","link":"https:\/\/publicacionesaquila.com\/en\/product\/la-intimidad-evangelica\/","title":{"rendered":"Evangelical intimacy"},"content":{"rendered":"","protected":false},"excerpt":{"rendered":"<p>&nbsp;<\/p>\n<p><a style=\"display: inline-block; padding: 12px 24px; font-size: 14px; color: black; background-color: white; border: 2px solid #000; border-radius: 5px; text-decoration: none; transition: all 0.3s ease; cursor: pointer;\" href=\"https:\/\/www.cristianismohist.com\/la-intimidad-evangelica\/\" target=\"_blank\" rel=\"noopener\">Order this book<br \/>\n<\/a><\/p>\n<p>&nbsp;<\/p>\n<div id=\"ProductDescription\" class=\"Block Moveable Panel ProductDescription current\">\n<div class=\"ProductDescriptionContainer prodAccordionContent\">\n<p data-spm-anchor-id=\"a2ty_o01.29997173.0.i2.6797c9218d2x8G\" class=\" translation-block\">At a time when marriage faces multiple cultural, emotional, and spiritual challenges, La intimidad evang\u00e9lica (Evangelical Intimacy) emerges as a deep and transformative guide for Christian couples seeking to build a strong relationship based on biblical principles. Written by Pastor Alan Dunn, this book goes beyond superficial practical advice; instead, it invites readers to explore the theological roots of marriage from an evangelical perspective, with the purpose of discovering the divine model designed by God for true intimacy between husband and wife.<\/p>\n<div class=\"my-2\"><\/div>\n<p class=\" translation-block\">Unlike many books on relationships that flood the shelves with quick formulas and temporary solutions, Evangelical Intimacy addresses the foundational issues of marital union from a comprehensive biblical viewpoint. This resource is especially valuable both for couples considering the commitment of marriage and for those already married who desire to strengthen their emotional, physical, and spiritual connection.<\/p>\n<div class=\"my-2\"><\/div>\n<p>Alan Dunn explores how the gospel not only saves the individual, but also has the power to restore and transform broken relationships. Through deep biblical reflection, the author shows how even marriages in crisis can find healing, reconciliation, and renewal when they allow the grace of Christ to be manifested in their shared life.<\/p>\n<div class=\"my-2\"><\/div>\n<p>This book fulfills not only a pastoral but also an educational and devotional role. It is a useful tool for church leaders, Christian counselors, engaged couples, and any believer interested in understanding how marital love can faithfully reflect the relationship between Christ and His Church.<\/p>\n<div class=\"my-2\"><\/div>\n<p class=\" translation-block\">Evangelical Intimacy is much more than a book about marriage\u2014it is an invitation to live a truly intimate and meaningful relationship in the light of the gospel.<\/p>\n<\/div>\n<\/div>","protected":false},"featured_media":4596,"comment_status":"closed","ping_status":"closed","template":"","meta":[],"product_brand":[757],"product_cat":[71],"product_tag":[773,781,775,779,778,772,780,783,777,768,776,316,784,170,774,771,782,769,770],"class_list":{"0":"post-3247","1":"product","2":"type-product","3":"status-publish","4":"has-post-thumbnail","6":"product_brand-alan-dunn","7":"product_cat-familia","8":"product_tag-amor-biblico","9":"product_tag-amor-cristiano","10":"product_tag-biblia-y-relaciones","11":"product_tag-consejeria-cristiana","12":"product_tag-devocional-para-parejas","13":"product_tag-evangelio-y-familia","14":"product_tag-familia-segun-la-biblia","15":"product_tag-gracia-y-perdon-en-el-matrimonio","16":"product_tag-iglesia-y-matrimonio","17":"product_tag-intimidad-matrimonial","18":"product_tag-libro-sobre-matrimonio","19":"product_tag-matrimonio-cristiano","20":"product_tag-matrimonio-segun-dios","21":"product_tag-preparacion-para-el-matrimonio","22":"product_tag-relacion-esposo-esposa","23":"product_tag-restauracion-matrimonial","24":"product_tag-sanidad-emocional-en-pareja","25":"product_tag-teologia-del-matrimonio","26":"product_tag-vida-espiritual-en-pareja","28":"first","29":"instock","30":"sale","31":"shipping-taxable","32":"product-type-simple"},"yoast_head":"<!-- This site is optimized with the Yoast SEO plugin v27.4 - https:\/\/yoast.com\/product\/yoast-seo-wordpress\/ -->\n<title>La intimidad Evang\u00e9lica - Publicaciones Aquila<\/title>\n<meta name=\"robots\" content=\"index, follow, max-snippet:-1, max-image-preview:large, max-video-preview:-1\" \/>\n<link rel=\"canonical\" href=\"https:\/\/publicacionesaquila.com\/en\/product\/la-intimidad-evangelica\/\" \/>\n<meta property=\"og:locale\" content=\"en_US\" \/>\n<meta property=\"og:type\" content=\"article\" \/>\n<meta property=\"og:title\" content=\"La intimidad Evang\u00e9lica - Publicaciones Aquila\" \/>\n<meta property=\"og:description\" content=\"&nbsp;  Ordenar este libro   &nbsp;   En un momento en que el matrimonio enfrenta m\u00faltiples desaf\u00edos culturales, emocionales y espirituales, &quot;La intimidad evang\u00e9lica&quot; surge como una gu\u00eda profunda y transformadora para parejas cristianas que buscan construir una relaci\u00f3n s\u00f3lida basada en los principios b\u00edblicos. Escrito por el pastor Alan Dunn, este libro no se limita a ofrecer consejos pr\u00e1cticos superficiales; m\u00e1s bien, invita a los lectores a explorar las ra\u00edces teol\u00f3gicas del matrimonio desde una perspectiva evang\u00e9lica, con el prop\u00f3sito de descubrir el modelo divino dise\u00f1ado por Dios para la verdadera intimidad entre esposo y esposa.   A diferencia de muchos libros sobre relaciones que inundan las estanter\u00edas con f\u00f3rmulas r\u00e1pidas y soluciones temporales, &quot;La intimidad evang\u00e9lica&quot; aborda las cuestiones fundamentales del v\u00ednculo matrimonial desde una visi\u00f3n b\u00edblica integral. Este recurso es especialmente valioso tanto para aquellas parejas que est\u00e1n considerando el compromiso del matrimonio como para quienes ya est\u00e1n casadas y desean fortalecer su conexi\u00f3n emocional, f\u00edsica y espiritual.  Alan Dunn explora c\u00f3mo el evangelio no solo salva al individuo, sino que tambi\u00e9n tiene el poder de restaurar y transformar relaciones da\u00f1adas. Mediante una reflexi\u00f3n b\u00edblica profunda, el autor muestra c\u00f3mo incluso los matrimonios en crisis pueden encontrar sanidad, reconciliaci\u00f3n y renovaci\u00f3n cuando permiten que la gracia de Cristo se manifieste en su vida conjunta.  Este libro no solo cumple una funci\u00f3n pastoral, sino tambi\u00e9n educativa y devocional. Es una herramienta \u00fatil para l\u00edderes ministeriales, consejeros cristianos, parejas comprometidas y cualquier creyente interesado en entender c\u00f3mo el amor matrimonial puede reflejar fielmente la relaci\u00f3n entre Cristo y Su iglesia.  &quot;La intimidad evang\u00e9lica&quot; es mucho m\u00e1s que un libro sobre el matrimonio: es una invitaci\u00f3n a vivir una relaci\u00f3n \u00edntima y significativa bajo la luz del evangelio.\" \/>\n<meta property=\"og:url\" content=\"https:\/\/publicacionesaquila.com\/en\/product\/la-intimidad-evangelica\/\" \/>\n<meta property=\"og:site_name\" content=\"Publicaciones Aquila\" \/>\n<meta property=\"article:modified_time\" content=\"2025-07-14T21:40:03+00:00\" \/>\n<meta property=\"og:image\" content=\"https:\/\/publicacionesaquila.com\/wp-content\/uploads\/2025\/06\/46.jpg\" \/>\n\t<meta property=\"og:image:width\" content=\"1080\" \/>\n\t<meta property=\"og:image:height\" content=\"1080\" \/>\n\t<meta property=\"og:image:type\" content=\"image\/jpeg\" \/>\n<meta name=\"twitter:card\" content=\"summary_large_image\" \/>\n<meta name=\"twitter:label1\" content=\"Est. reading time\" \/>\n\t<meta name=\"twitter:data1\" content=\"1 minute\" \/>\n<script type=\"application\/ld+json\" class=\"yoast-schema-graph\">{\"@context\":\"https:\\\/\\\/schema.org\",\"@graph\":[{\"@type\":\"WebPage\",\"@id\":\"https:\\\/\\\/publicacionesaquila.com\\\/producto\\\/la-intimidad-evangelica\\\/\",\"url\":\"https:\\\/\\\/publicacionesaquila.com\\\/producto\\\/la-intimidad-evangelica\\\/\",\"name\":\"La intimidad Evang\u00e9lica - Publicaciones Aquila\",\"isPartOf\":{\"@id\":\"https:\\\/\\\/publicacionesaquila.com\\\/#website\"},\"primaryImageOfPage\":{\"@id\":\"https:\\\/\\\/publicacionesaquila.com\\\/producto\\\/la-intimidad-evangelica\\\/#primaryimage\"},\"image\":{\"@id\":\"https:\\\/\\\/publicacionesaquila.com\\\/producto\\\/la-intimidad-evangelica\\\/#primaryimage\"},\"thumbnailUrl\":\"https:\\\/\\\/publicacionesaquila.com\\\/wp-content\\\/uploads\\\/2025\\\/06\\\/46.jpg\",\"datePublished\":\"2025-06-26T16:49:13+00:00\",\"dateModified\":\"2025-07-14T21:40:03+00:00\",\"breadcrumb\":{\"@id\":\"https:\\\/\\\/publicacionesaquila.com\\\/producto\\\/la-intimidad-evangelica\\\/#breadcrumb\"},\"inLanguage\":\"en-US\",\"potentialAction\":[{\"@type\":\"ReadAction\",\"target\":[\"https:\\\/\\\/publicacionesaquila.com\\\/producto\\\/la-intimidad-evangelica\\\/\"]}]},{\"@type\":\"ImageObject\",\"inLanguage\":\"en-US\",\"@id\":\"https:\\\/\\\/publicacionesaquila.com\\\/producto\\\/la-intimidad-evangelica\\\/#primaryimage\",\"url\":\"https:\\\/\\\/publicacionesaquila.com\\\/wp-content\\\/uploads\\\/2025\\\/06\\\/46.jpg\",\"contentUrl\":\"https:\\\/\\\/publicacionesaquila.com\\\/wp-content\\\/uploads\\\/2025\\\/06\\\/46.jpg\",\"width\":1080,\"height\":1080},{\"@type\":\"BreadcrumbList\",\"@id\":\"https:\\\/\\\/publicacionesaquila.com\\\/producto\\\/la-intimidad-evangelica\\\/#breadcrumb\",\"itemListElement\":[{\"@type\":\"ListItem\",\"position\":1,\"name\":\"Portada\",\"item\":\"https:\\\/\\\/publicacionesaquila.com\\\/\"},{\"@type\":\"ListItem\",\"position\":2,\"name\":\"Publicaciones\",\"item\":\"https:\\\/\\\/publicacionesaquila.com\\\/publicaciones\\\/\"},{\"@type\":\"ListItem\",\"position\":3,\"name\":\"La intimidad Evang\u00e9lica\"}]},{\"@type\":\"WebSite\",\"@id\":\"https:\\\/\\\/publicacionesaquila.com\\\/#website\",\"url\":\"https:\\\/\\\/publicacionesaquila.com\\\/\",\"name\":\"Publicaciones Aquila\",\"description\":\"Cat\u00e1logo de Libros\",\"potentialAction\":[{\"@type\":\"SearchAction\",\"target\":{\"@type\":\"EntryPoint\",\"urlTemplate\":\"https:\\\/\\\/publicacionesaquila.com\\\/?s={search_term_string}\"},\"query-input\":{\"@type\":\"PropertyValueSpecification\",\"valueRequired\":true,\"valueName\":\"search_term_string\"}}],\"inLanguage\":\"en-US\"}]}<\/script>\n<!-- \/ Yoast SEO plugin. -->","yoast_head_json":{"title":"La intimidad Evang\u00e9lica - Publicaciones Aquila","robots":{"index":"index","follow":"follow","max-snippet":"max-snippet:-1","max-image-preview":"max-image-preview:large","max-video-preview":"max-video-preview:-1"},"canonical":"https:\/\/publicacionesaquila.com\/en\/product\/la-intimidad-evangelica\/","og_locale":"en_US","og_type":"article","og_title":"La intimidad Evang\u00e9lica - Publicaciones Aquila","og_description":"&nbsp;  Ordenar este libro   &nbsp;   En un momento en que el matrimonio enfrenta m\u00faltiples desaf\u00edos culturales, emocionales y espirituales, \"La intimidad evang\u00e9lica\" surge como una gu\u00eda profunda y transformadora para parejas cristianas que buscan construir una relaci\u00f3n s\u00f3lida basada en los principios b\u00edblicos. Escrito por el pastor Alan Dunn, este libro no se limita a ofrecer consejos pr\u00e1cticos superficiales; m\u00e1s bien, invita a los lectores a explorar las ra\u00edces teol\u00f3gicas del matrimonio desde una perspectiva evang\u00e9lica, con el prop\u00f3sito de descubrir el modelo divino dise\u00f1ado por Dios para la verdadera intimidad entre esposo y esposa.   A diferencia de muchos libros sobre relaciones que inundan las estanter\u00edas con f\u00f3rmulas r\u00e1pidas y soluciones temporales, \"La intimidad evang\u00e9lica\" aborda las cuestiones fundamentales del v\u00ednculo matrimonial desde una visi\u00f3n b\u00edblica integral. Este recurso es especialmente valioso tanto para aquellas parejas que est\u00e1n considerando el compromiso del matrimonio como para quienes ya est\u00e1n casadas y desean fortalecer su conexi\u00f3n emocional, f\u00edsica y espiritual.  Alan Dunn explora c\u00f3mo el evangelio no solo salva al individuo, sino que tambi\u00e9n tiene el poder de restaurar y transformar relaciones da\u00f1adas. Mediante una reflexi\u00f3n b\u00edblica profunda, el autor muestra c\u00f3mo incluso los matrimonios en crisis pueden encontrar sanidad, reconciliaci\u00f3n y renovaci\u00f3n cuando permiten que la gracia de Cristo se manifieste en su vida conjunta.  Este libro no solo cumple una funci\u00f3n pastoral, sino tambi\u00e9n educativa y devocional. Es una herramienta \u00fatil para l\u00edderes ministeriales, consejeros cristianos, parejas comprometidas y cualquier creyente interesado en entender c\u00f3mo el amor matrimonial puede reflejar fielmente la relaci\u00f3n entre Cristo y Su iglesia.  \"La intimidad evang\u00e9lica\" es mucho m\u00e1s que un libro sobre el matrimonio: es una invitaci\u00f3n a vivir una relaci\u00f3n \u00edntima y significativa bajo la luz del evangelio.","og_url":"https:\/\/publicacionesaquila.com\/en\/product\/la-intimidad-evangelica\/","og_site_name":"Publicaciones Aquila","article_modified_time":"2025-07-14T21:40:03+00:00","og_image":[{"width":1080,"height":1080,"url":"https:\/\/publicacionesaquila.com\/wp-content\/uploads\/2025\/06\/46.jpg","type":"image\/jpeg"}],"twitter_card":"summary_large_image","twitter_misc":{"Est. reading time":"1 minute"},"schema":{"@context":"https:\/\/schema.org","@graph":[{"@type":"WebPage","@id":"https:\/\/publicacionesaquila.com\/producto\/la-intimidad-evangelica\/","url":"https:\/\/publicacionesaquila.com\/producto\/la-intimidad-evangelica\/","name":"La intimidad Evang\u00e9lica - Publicaciones Aquila","isPartOf":{"@id":"https:\/\/publicacionesaquila.com\/#website"},"primaryImageOfPage":{"@id":"https:\/\/publicacionesaquila.com\/producto\/la-intimidad-evangelica\/#primaryimage"},"image":{"@id":"https:\/\/publicacionesaquila.com\/producto\/la-intimidad-evangelica\/#primaryimage"},"thumbnailUrl":"https:\/\/publicacionesaquila.com\/wp-content\/uploads\/2025\/06\/46.jpg","datePublished":"2025-06-26T16:49:13+00:00","dateModified":"2025-07-14T21:40:03+00:00","breadcrumb":{"@id":"https:\/\/publicacionesaquila.com\/producto\/la-intimidad-evangelica\/#breadcrumb"},"inLanguage":"en-US","potentialAction":[{"@type":"ReadAction","target":["https:\/\/publicacionesaquila.com\/producto\/la-intimidad-evangelica\/"]}]},{"@type":"ImageObject","inLanguage":"en-US","@id":"https:\/\/publicacionesaquila.com\/producto\/la-intimidad-evangelica\/#primaryimage","url":"https:\/\/publicacionesaquila.com\/wp-content\/uploads\/2025\/06\/46.jpg","contentUrl":"https:\/\/publicacionesaquila.com\/wp-content\/uploads\/2025\/06\/46.jpg","width":1080,"height":1080},{"@type":"BreadcrumbList","@id":"https:\/\/publicacionesaquila.com\/producto\/la-intimidad-evangelica\/#breadcrumb","itemListElement":[{"@type":"ListItem","position":1,"name":"Portada","item":"https:\/\/publicacionesaquila.com\/"},{"@type":"ListItem","position":2,"name":"Publicaciones","item":"https:\/\/publicacionesaquila.com\/publicaciones\/"},{"@type":"ListItem","position":3,"name":"La intimidad Evang\u00e9lica"}]},{"@type":"WebSite","@id":"https:\/\/publicacionesaquila.com\/#website","url":"https:\/\/publicacionesaquila.com\/","name":"Aquila Publications","description":"Cat\u00e1logo de Libros","potentialAction":[{"@type":"SearchAction","target":{"@type":"EntryPoint","urlTemplate":"https:\/\/publicacionesaquila.com\/?s={search_term_string}"},"query-input":{"@type":"PropertyValueSpecification","valueRequired":true,"valueName":"search_term_string"}}],"inLanguage":"en-US"}]}},"_links":{"self":[{"href":"https:\/\/publicacionesaquila.com\/en\/wp-json\/wp\/v2\/product\/3247","targetHints":{"allow":["GET"]}}],"collection":[{"href":"https:\/\/publicacionesaquila.com\/en\/wp-json\/wp\/v2\/product"}],"about":[{"href":"https:\/\/publicacionesaquila.com\/en\/wp-json\/wp\/v2\/types\/product"}],"replies":[{"embeddable":true,"href":"https:\/\/publicacionesaquila.com\/en\/wp-json\/wp\/v2\/comments?post=3247"}],"wp:featuredmedia":[{"embeddable":true,"href":"https:\/\/publicacionesaquila.com\/en\/wp-json\/wp\/v2\/media\/4596"}],"wp:attachment":[{"href":"https:\/\/publicacionesaquila.com\/en\/wp-json\/wp\/v2\/media?parent=3247"}],"wp:term":[{"taxonomy":"product_brand","embeddable":true,"href":"https:\/\/publicacionesaquila.com\/en\/wp-json\/wp\/v2\/product_brand?post=3247"},{"taxonomy":"product_cat","embeddable":true,"href":"https:\/\/publicacionesaquila.com\/en\/wp-json\/wp\/v2\/product_cat?post=3247"},{"taxonomy":"product_tag","embeddable":true,"href":"https:\/\/publicacionesaquila.com\/en\/wp-json\/wp\/v2\/product_tag?post=3247"}],"curies":[{"name":"wp","href":"https:\/\/api.w.org\/{rel}","templated":true}]}}