{"id":2813,"date":"2025-06-24T22:48:24","date_gmt":"2025-06-24T22:48:24","guid":{"rendered":"https:\/\/publicacionesaquila.com\/?post_type=product&#038;p=2813"},"modified":"2025-07-14T22:12:19","modified_gmt":"2025-07-14T22:12:19","slug":"las-bendiciones-y-las-pruebas-de-la-enfermedad","status":"publish","type":"product","link":"https:\/\/publicacionesaquila.com\/en\/product\/las-bendiciones-y-las-pruebas-de-la-enfermedad\/","title":{"rendered":"The Blessings and trials of Sickness"},"content":{"rendered":"","protected":false},"excerpt":{"rendered":"<p>&nbsp;<\/p>\n<p><a style=\"display: inline-block; padding: 12px 24px; font-size: 14px; color: black; background-color: white; border: 2px solid #000; border-radius: 5px; text-decoration: none; transition: all 0.3s ease; cursor: pointer;\" href=\"https:\/\/www.cristianismohist.com\/las-bendiciones-y-las-pruebas-de-la-enfermedad-the-blessings-and-trials-of-sickness\/\" target=\"_blank\" rel=\"noopener\">Order this book<br \/>\n<\/a><\/p>\n<p>&nbsp;<\/p>\n<div id=\"ProductDescription\" class=\"Block Moveable Panel ProductDescription current\">\n<div class=\"ProductDescriptionContainer prodAccordionContent\">\n<p data-spm-anchor-id=\"a2ty_o01.29997173.0.i9.5195c921OxiTpX\" class=\" translation-block\">Written by Ashton Oxenden , this small but powerful book is addressed to all those who have been touched by illness and are seeking meaning, comfort, and hope in the midst of pain. With a deeply biblical and pastoral perspective, Oxenden invites readers to rethink their view of sickness\u2014not only as a time of suffering, but also as an opportunity for growth in faith, humility, and dependence on God.<\/p>\n<div class=\"my-2\"><\/div>\n<p>The author reminds us that although illness may seem at odds with God\u2019s love, it often comes precisely because of that very love. It is not a purposeless punishment nor a random accident, but an instrument used by divine grace to awaken our hearts, purify our souls, and draw us nearer to the Lord.<\/p>\n<div class=\"my-2\"><\/div>\n<p class=\" translation-block\">Through simple yet profound reflections, \"The Blessings and Trials of Illness\" helps readers:<\/p>\n<ul>\n<li>Recognize God\u2019s loving presence even in the darkest moments.<\/li>\n<li>Understand how pain can become a tool for spiritual transformation.<\/li>\n<li>Cultivate an attitude of trust and gratitude in the midst of trial.<\/li>\n<li>Find meaning and peace in the knowledge that nothing happens outside the sovereign and merciful purposes of God.<\/li>\n<\/ul>\n<p>&nbsp;<\/p>\n<p>This book offers neither superficial answers nor empty comfort. Rather, it presents a realistic and biblical view of suffering, providing genuine encouragement to those going through times of physical or emotional weakness.<\/p>\n<div class=\"my-2\"><\/div>\n<p>Ideal for personal reading, pastoral care, or devotional study, \"The Blessings and Trials of Illness\" is a gentle yet firm reminder that God is not only with us in affliction , but can also use it to produce in us an immeasurable richness of spiritual life. <em>The Blessings and trials of Sickness <\/em>es un recordatorio tierno y firme de que Dios no solo est\u00e1 con nosotros en la aflicci\u00f3n, sino que tambi\u00e9n puede usarla para producir en nosotros una riqueza espiritual inigualable.<\/p>\n<\/div>\n<\/div>","protected":false},"featured_media":4620,"comment_status":"closed","ping_status":"closed","template":"","meta":[],"product_brand":[137],"product_cat":[76],"product_tag":[204,212,206,213,211,217,201,210,207,205,216,214,203,219,209,218,208,202,215],"class_list":{"0":"post-2813","1":"product","2":"type-product","3":"status-publish","4":"has-post-thumbnail","6":"product_brand-ashton-oxenden","7":"product_cat-vida-cristiana","8":"product_tag-bendiciones-en-la-afliccion","9":"product_tag-confianza-en-dios","10":"product_tag-consuelo-biblico","11":"product_tag-crecimiento-espiritual-en-la-adversidad","12":"product_tag-devocional-en-tiempo-de-prueba","13":"product_tag-enfermedad-como-mensajero-de-dios","14":"product_tag-enfermedad-y-fe","15":"product_tag-enfermedad-y-proposito-divino","16":"product_tag-esperanza-en-la-enfermedad","17":"product_tag-gracia-de-dios","18":"product_tag-libro-cristiano-de-consuelo","19":"product_tag-oracion-en-la-enfermedad","20":"product_tag-pruebas-de-la-vida","21":"product_tag-salud-desde-la-fe","22":"product_tag-sanidad-interior","23":"product_tag-soledad-y-enfermedad","24":"product_tag-soporte-espiritual","25":"product_tag-sufrimiento-cristiano","26":"product_tag-testimonio-cristiano-en-la-prueba","28":"first","29":"instock","30":"sale","31":"shipping-taxable","32":"product-type-simple"},"yoast_head":"<!-- This site is optimized with the Yoast SEO plugin v27.4 - https:\/\/yoast.com\/product\/yoast-seo-wordpress\/ -->\n<title>Las bendiciones y las pruebas de la enfermedad - Publicaciones Aquila<\/title>\n<meta name=\"robots\" content=\"index, follow, max-snippet:-1, max-image-preview:large, max-video-preview:-1\" \/>\n<link rel=\"canonical\" href=\"https:\/\/publicacionesaquila.com\/en\/product\/las-bendiciones-y-las-pruebas-de-la-enfermedad\/\" \/>\n<meta property=\"og:locale\" content=\"en_US\" \/>\n<meta property=\"og:type\" content=\"article\" \/>\n<meta property=\"og:title\" content=\"Las bendiciones y las pruebas de la enfermedad - Publicaciones Aquila\" \/>\n<meta property=\"og:description\" content=\"&nbsp;  Ordenar este libro   &nbsp;   Escrito por Ashton Oxenden , este peque\u00f1o pero poderoso libro est\u00e1 dirigido a todos aquellos que han sido alcanzados por la enfermedad y buscan encontrar sentido, consuelo y esperanza en medio del dolor. Con una mirada profundamente b\u00edblica y pastoral, Oxenden nos invita a reconsiderar nuestra perspectiva sobre la enfermedad, no solo como un momento de sufrimiento, sino tambi\u00e9n como una oportunidad para crecer en fe, humildad y dependencia de Dios.   El autor nos recuerda que, aunque la enfermedad puede parecer contraria al amor de Dios, muchas veces llega precisamente por ese mismo amor. No es un castigo sin prop\u00f3sito ni un accidente fortuito, sino un instrumento usado por la gracia divina para despertar nuestro coraz\u00f3n, purificar nuestra alma y acercarnos m\u00e1s al Se\u00f1or.  A trav\u00e9s de reflexiones sencillas pero profundas, Las bendiciones y las pruebas de la enfermedad nos ayuda a:   Reconocer la presencia amorosa de Dios incluso en los momentos m\u00e1s oscuros.  Entender c\u00f3mo el dolor puede convertirse en una herramienta de transformaci\u00f3n espiritual.  Cultivar una actitud de confianza y gratitud en medio de la prueba.  Encontrar significado y paz al saber que nada ocurre fuera del control soberano y misericordioso de Dios.  &nbsp;  Este libro no ofrece respuestas superficiales ni consuelos vac\u00edos. M\u00e1s bien, presenta una visi\u00f3n b\u00edblica y realista del sufrimiento, ofreciendo \u00e1nimo genuino a quienes est\u00e1n pasando por momentos de debilidad f\u00edsica o emocional.  Ideal para lectura personal, acompa\u00f1amiento pastoral o estudio devocional, Las bendiciones y las pruebas de la enfermedad es un recordatorio tierno y firme de que Dios no solo est\u00e1 con nosotros en la aflicci\u00f3n, sino que tambi\u00e9n puede usarla para producir en nosotros una riqueza espiritual inigualable.\" \/>\n<meta property=\"og:url\" content=\"https:\/\/publicacionesaquila.com\/en\/product\/las-bendiciones-y-las-pruebas-de-la-enfermedad\/\" \/>\n<meta property=\"og:site_name\" content=\"Publicaciones Aquila\" \/>\n<meta property=\"article:modified_time\" content=\"2025-07-14T22:12:19+00:00\" \/>\n<meta property=\"og:image\" content=\"https:\/\/publicacionesaquila.com\/wp-content\/uploads\/2025\/06\/22.jpg\" \/>\n\t<meta property=\"og:image:width\" content=\"1080\" \/>\n\t<meta property=\"og:image:height\" content=\"1080\" \/>\n\t<meta property=\"og:image:type\" content=\"image\/jpeg\" \/>\n<meta name=\"twitter:card\" content=\"summary_large_image\" \/>\n<meta name=\"twitter:label1\" content=\"Est. reading time\" \/>\n\t<meta name=\"twitter:data1\" content=\"1 minute\" \/>\n<script type=\"application\/ld+json\" class=\"yoast-schema-graph\">{\"@context\":\"https:\\\/\\\/schema.org\",\"@graph\":[{\"@type\":\"WebPage\",\"@id\":\"https:\\\/\\\/publicacionesaquila.com\\\/producto\\\/las-bendiciones-y-las-pruebas-de-la-enfermedad\\\/\",\"url\":\"https:\\\/\\\/publicacionesaquila.com\\\/producto\\\/las-bendiciones-y-las-pruebas-de-la-enfermedad\\\/\",\"name\":\"Las bendiciones y las pruebas de la enfermedad - Publicaciones Aquila\",\"isPartOf\":{\"@id\":\"https:\\\/\\\/publicacionesaquila.com\\\/#website\"},\"primaryImageOfPage\":{\"@id\":\"https:\\\/\\\/publicacionesaquila.com\\\/producto\\\/las-bendiciones-y-las-pruebas-de-la-enfermedad\\\/#primaryimage\"},\"image\":{\"@id\":\"https:\\\/\\\/publicacionesaquila.com\\\/producto\\\/las-bendiciones-y-las-pruebas-de-la-enfermedad\\\/#primaryimage\"},\"thumbnailUrl\":\"https:\\\/\\\/publicacionesaquila.com\\\/wp-content\\\/uploads\\\/2025\\\/06\\\/22.jpg\",\"datePublished\":\"2025-06-24T22:48:24+00:00\",\"dateModified\":\"2025-07-14T22:12:19+00:00\",\"breadcrumb\":{\"@id\":\"https:\\\/\\\/publicacionesaquila.com\\\/producto\\\/las-bendiciones-y-las-pruebas-de-la-enfermedad\\\/#breadcrumb\"},\"inLanguage\":\"en-US\",\"potentialAction\":[{\"@type\":\"ReadAction\",\"target\":[\"https:\\\/\\\/publicacionesaquila.com\\\/producto\\\/las-bendiciones-y-las-pruebas-de-la-enfermedad\\\/\"]}]},{\"@type\":\"ImageObject\",\"inLanguage\":\"en-US\",\"@id\":\"https:\\\/\\\/publicacionesaquila.com\\\/producto\\\/las-bendiciones-y-las-pruebas-de-la-enfermedad\\\/#primaryimage\",\"url\":\"https:\\\/\\\/publicacionesaquila.com\\\/wp-content\\\/uploads\\\/2025\\\/06\\\/22.jpg\",\"contentUrl\":\"https:\\\/\\\/publicacionesaquila.com\\\/wp-content\\\/uploads\\\/2025\\\/06\\\/22.jpg\",\"width\":1080,\"height\":1080},{\"@type\":\"BreadcrumbList\",\"@id\":\"https:\\\/\\\/publicacionesaquila.com\\\/producto\\\/las-bendiciones-y-las-pruebas-de-la-enfermedad\\\/#breadcrumb\",\"itemListElement\":[{\"@type\":\"ListItem\",\"position\":1,\"name\":\"Portada\",\"item\":\"https:\\\/\\\/publicacionesaquila.com\\\/\"},{\"@type\":\"ListItem\",\"position\":2,\"name\":\"Publicaciones\",\"item\":\"https:\\\/\\\/publicacionesaquila.com\\\/publicaciones\\\/\"},{\"@type\":\"ListItem\",\"position\":3,\"name\":\"Las bendiciones y las pruebas de la enfermedad\"}]},{\"@type\":\"WebSite\",\"@id\":\"https:\\\/\\\/publicacionesaquila.com\\\/#website\",\"url\":\"https:\\\/\\\/publicacionesaquila.com\\\/\",\"name\":\"Publicaciones Aquila\",\"description\":\"Cat\u00e1logo de Libros\",\"potentialAction\":[{\"@type\":\"SearchAction\",\"target\":{\"@type\":\"EntryPoint\",\"urlTemplate\":\"https:\\\/\\\/publicacionesaquila.com\\\/?s={search_term_string}\"},\"query-input\":{\"@type\":\"PropertyValueSpecification\",\"valueRequired\":true,\"valueName\":\"search_term_string\"}}],\"inLanguage\":\"en-US\"}]}<\/script>\n<!-- \/ Yoast SEO plugin. -->","yoast_head_json":{"title":"Las bendiciones y las pruebas de la enfermedad - Publicaciones Aquila","robots":{"index":"index","follow":"follow","max-snippet":"max-snippet:-1","max-image-preview":"max-image-preview:large","max-video-preview":"max-video-preview:-1"},"canonical":"https:\/\/publicacionesaquila.com\/en\/product\/las-bendiciones-y-las-pruebas-de-la-enfermedad\/","og_locale":"en_US","og_type":"article","og_title":"Las bendiciones y las pruebas de la enfermedad - Publicaciones Aquila","og_description":"&nbsp;  Ordenar este libro   &nbsp;   Escrito por Ashton Oxenden , este peque\u00f1o pero poderoso libro est\u00e1 dirigido a todos aquellos que han sido alcanzados por la enfermedad y buscan encontrar sentido, consuelo y esperanza en medio del dolor. Con una mirada profundamente b\u00edblica y pastoral, Oxenden nos invita a reconsiderar nuestra perspectiva sobre la enfermedad, no solo como un momento de sufrimiento, sino tambi\u00e9n como una oportunidad para crecer en fe, humildad y dependencia de Dios.   El autor nos recuerda que, aunque la enfermedad puede parecer contraria al amor de Dios, muchas veces llega precisamente por ese mismo amor. No es un castigo sin prop\u00f3sito ni un accidente fortuito, sino un instrumento usado por la gracia divina para despertar nuestro coraz\u00f3n, purificar nuestra alma y acercarnos m\u00e1s al Se\u00f1or.  A trav\u00e9s de reflexiones sencillas pero profundas, Las bendiciones y las pruebas de la enfermedad nos ayuda a:   Reconocer la presencia amorosa de Dios incluso en los momentos m\u00e1s oscuros.  Entender c\u00f3mo el dolor puede convertirse en una herramienta de transformaci\u00f3n espiritual.  Cultivar una actitud de confianza y gratitud en medio de la prueba.  Encontrar significado y paz al saber que nada ocurre fuera del control soberano y misericordioso de Dios.  &nbsp;  Este libro no ofrece respuestas superficiales ni consuelos vac\u00edos. M\u00e1s bien, presenta una visi\u00f3n b\u00edblica y realista del sufrimiento, ofreciendo \u00e1nimo genuino a quienes est\u00e1n pasando por momentos de debilidad f\u00edsica o emocional.  Ideal para lectura personal, acompa\u00f1amiento pastoral o estudio devocional, Las bendiciones y las pruebas de la enfermedad es un recordatorio tierno y firme de que Dios no solo est\u00e1 con nosotros en la aflicci\u00f3n, sino que tambi\u00e9n puede usarla para producir en nosotros una riqueza espiritual inigualable.","og_url":"https:\/\/publicacionesaquila.com\/en\/product\/las-bendiciones-y-las-pruebas-de-la-enfermedad\/","og_site_name":"Publicaciones Aquila","article_modified_time":"2025-07-14T22:12:19+00:00","og_image":[{"width":1080,"height":1080,"url":"https:\/\/publicacionesaquila.com\/wp-content\/uploads\/2025\/06\/22.jpg","type":"image\/jpeg"}],"twitter_card":"summary_large_image","twitter_misc":{"Est. reading time":"1 minute"},"schema":{"@context":"https:\/\/schema.org","@graph":[{"@type":"WebPage","@id":"https:\/\/publicacionesaquila.com\/producto\/las-bendiciones-y-las-pruebas-de-la-enfermedad\/","url":"https:\/\/publicacionesaquila.com\/producto\/las-bendiciones-y-las-pruebas-de-la-enfermedad\/","name":"Las bendiciones y las pruebas de la enfermedad - Publicaciones Aquila","isPartOf":{"@id":"https:\/\/publicacionesaquila.com\/#website"},"primaryImageOfPage":{"@id":"https:\/\/publicacionesaquila.com\/producto\/las-bendiciones-y-las-pruebas-de-la-enfermedad\/#primaryimage"},"image":{"@id":"https:\/\/publicacionesaquila.com\/producto\/las-bendiciones-y-las-pruebas-de-la-enfermedad\/#primaryimage"},"thumbnailUrl":"https:\/\/publicacionesaquila.com\/wp-content\/uploads\/2025\/06\/22.jpg","datePublished":"2025-06-24T22:48:24+00:00","dateModified":"2025-07-14T22:12:19+00:00","breadcrumb":{"@id":"https:\/\/publicacionesaquila.com\/producto\/las-bendiciones-y-las-pruebas-de-la-enfermedad\/#breadcrumb"},"inLanguage":"en-US","potentialAction":[{"@type":"ReadAction","target":["https:\/\/publicacionesaquila.com\/producto\/las-bendiciones-y-las-pruebas-de-la-enfermedad\/"]}]},{"@type":"ImageObject","inLanguage":"en-US","@id":"https:\/\/publicacionesaquila.com\/producto\/las-bendiciones-y-las-pruebas-de-la-enfermedad\/#primaryimage","url":"https:\/\/publicacionesaquila.com\/wp-content\/uploads\/2025\/06\/22.jpg","contentUrl":"https:\/\/publicacionesaquila.com\/wp-content\/uploads\/2025\/06\/22.jpg","width":1080,"height":1080},{"@type":"BreadcrumbList","@id":"https:\/\/publicacionesaquila.com\/producto\/las-bendiciones-y-las-pruebas-de-la-enfermedad\/#breadcrumb","itemListElement":[{"@type":"ListItem","position":1,"name":"Portada","item":"https:\/\/publicacionesaquila.com\/"},{"@type":"ListItem","position":2,"name":"Publicaciones","item":"https:\/\/publicacionesaquila.com\/publicaciones\/"},{"@type":"ListItem","position":3,"name":"Las bendiciones y las pruebas de la enfermedad"}]},{"@type":"WebSite","@id":"https:\/\/publicacionesaquila.com\/#website","url":"https:\/\/publicacionesaquila.com\/","name":"Aquila Publications","description":"Cat\u00e1logo de Libros","potentialAction":[{"@type":"SearchAction","target":{"@type":"EntryPoint","urlTemplate":"https:\/\/publicacionesaquila.com\/?s={search_term_string}"},"query-input":{"@type":"PropertyValueSpecification","valueRequired":true,"valueName":"search_term_string"}}],"inLanguage":"en-US"}]}},"_links":{"self":[{"href":"https:\/\/publicacionesaquila.com\/en\/wp-json\/wp\/v2\/product\/2813","targetHints":{"allow":["GET"]}}],"collection":[{"href":"https:\/\/publicacionesaquila.com\/en\/wp-json\/wp\/v2\/product"}],"about":[{"href":"https:\/\/publicacionesaquila.com\/en\/wp-json\/wp\/v2\/types\/product"}],"replies":[{"embeddable":true,"href":"https:\/\/publicacionesaquila.com\/en\/wp-json\/wp\/v2\/comments?post=2813"}],"wp:featuredmedia":[{"embeddable":true,"href":"https:\/\/publicacionesaquila.com\/en\/wp-json\/wp\/v2\/media\/4620"}],"wp:attachment":[{"href":"https:\/\/publicacionesaquila.com\/en\/wp-json\/wp\/v2\/media?parent=2813"}],"wp:term":[{"taxonomy":"product_brand","embeddable":true,"href":"https:\/\/publicacionesaquila.com\/en\/wp-json\/wp\/v2\/product_brand?post=2813"},{"taxonomy":"product_cat","embeddable":true,"href":"https:\/\/publicacionesaquila.com\/en\/wp-json\/wp\/v2\/product_cat?post=2813"},{"taxonomy":"product_tag","embeddable":true,"href":"https:\/\/publicacionesaquila.com\/en\/wp-json\/wp\/v2\/product_tag?post=2813"}],"curies":[{"name":"wp","href":"https:\/\/api.w.org\/{rel}","templated":true}]}}