{"id":2812,"date":"2025-06-24T22:37:51","date_gmt":"2025-06-24T22:37:51","guid":{"rendered":"https:\/\/publicacionesaquila.com\/?post_type=product&#038;p=2812"},"modified":"2025-07-14T22:12:59","modified_gmt":"2025-07-14T22:12:59","slug":"dios-o-mamon","status":"publish","type":"product","link":"https:\/\/publicacionesaquila.com\/en\/product\/dios-o-mamon\/","title":{"rendered":"God or Mammon?"},"content":{"rendered":"","protected":false},"excerpt":{"rendered":"<p>&nbsp;<\/p>\n<p><a style=\"display: inline-block; padding: 12px 24px; font-size: 14px; color: black; background-color: white; border: 2px solid #000; border-radius: 5px; text-decoration: none; transition: all 0.3s ease; cursor: pointer;\" href=\"https:\/\/www.cristianismohist.com\/dios-o-mamon-god-or-mammon\/\" target=\"_blank\" rel=\"noopener\">Order this book<br \/>\n<\/a><\/p>\n<p>&nbsp;<\/p>\n<div id=\"ProductDescription\" class=\"Block Moveable Panel ProductDescription current\">\n<div class=\"ProductDescriptionContainer prodAccordionContent\">\n<p data-spm-anchor-id=\"a2ty_o01.29997173.0.i11.5195c921OxiTpX\" class=\" translation-block\">In an age when many churches are increasingly influenced by ideologies foreign to the biblical message, \u00bfDios o Mam\u00f3n? (\"God or Money?\" ) emerges as a prophetic and much-needed voice that exposes the false teachings of the so-called \"prosperity gospel.\" With clarity, courage, and solid biblical grounding, the author, Robin Compston, not only exposes the doctrinal errors of this movement but also helps readers recognize how it negatively affects the spiritual lives of many sincere believers.<\/p>\n<div class=\"my-2\"><\/div>\n<p>The book opens with a striking question: How is it possible that Christian churches have been overtaken by a teaching as clearly unbiblical as the prosperity gospel? This movement, which promises material wealth, success, and health as unmistakable signs of divine blessing, openly contradicts fundamental principles of Christianity\u2014including the Tenth Commandment, which forbids covetousness, and the clear warning of Jesus: \"No one can serve two masters... You cannot serve both God and money\" (Matthew 6:24).<\/p>\n<div class=\"my-2\"><\/div>\n<p>Robin Compston, a systems architect and ministry associate at the Metropolitan Tabernacle in central London, uses his analytical mind and pastoral heart to dismantle this dangerous distortion of the gospel step by step. Rather than settling for superficial criticism, the author identifies fourteen key principles of authentic Christian teaching that are ignored or replaced by deceptive ideas that lead people away from the true purpose of the gospel: the glory of God and salvation by grace through faith.<\/p>\n<div class=\"my-2\"><\/div>\n<p>This book is not only a powerful tool for discerning truth from error, but also a pressing call to return to sound doctrine and to live a life centered on Christ\u2014not on materialism disguised as spirituality.<\/p>\n<div class=\"my-2\"><\/div>\n<p class=\" translation-block\">Ideal for both personal study and group discussion, \"God or Money?\" is essential reading for all who seek to defend the purity of the gospel and help others avoid the traps of deception.<\/p>\n<\/div>\n<\/div>","protected":false},"featured_media":4619,"comment_status":"closed","ping_status":"closed","template":"","meta":[],"product_brand":[141],"product_cat":[76],"product_tag":[223,227,229,224,230,222,232,228,220,226,221,234,233,235,225,236,231,237],"class_list":{"0":"post-2812","1":"product","2":"type-product","3":"status-publish","4":"has-post-thumbnail","6":"product_brand-robin-compston","7":"product_cat-vida-cristiana","8":"product_tag-dios-o-mamon","9":"product_tag-alerta-espiritual","10":"product_tag-avidez-espiritual","11":"product_tag-critica-al-materialismo-cristiano","12":"product_tag-decalogo-cristiano","13":"product_tag-dinero-y-fe","14":"product_tag-discernimiento-espiritual","15":"product_tag-ensenanzas-antibiblicas","16":"product_tag-evangelio-de-la-prosperidad","17":"product_tag-falsos-maestros","18":"product_tag-herejia-cristiana","19":"product_tag-idolatria-del-dinero","20":"product_tag-libros-cristianos-de-advertencia","21":"product_tag-materialismo-en-la-iglesia","22":"product_tag-sana-doctrina","23":"product_tag-testimonio-cristiano-en-tiempos-dificiles","24":"product_tag-vida-cristiana-autentica","25":"product_tag-vida-de-fe-sin-engano","27":"first","28":"instock","29":"sale","30":"shipping-taxable","31":"product-type-simple"},"yoast_head":"<!-- This site is optimized with the Yoast SEO plugin v27.4 - https:\/\/yoast.com\/product\/yoast-seo-wordpress\/ -->\n<title>\u00bfDios o Mam\u00f3n? - Publicaciones Aquila<\/title>\n<meta name=\"robots\" content=\"index, follow, max-snippet:-1, max-image-preview:large, max-video-preview:-1\" \/>\n<link rel=\"canonical\" href=\"https:\/\/publicacionesaquila.com\/en\/product\/dios-o-mamon\/\" \/>\n<meta property=\"og:locale\" content=\"en_US\" \/>\n<meta property=\"og:type\" content=\"article\" \/>\n<meta property=\"og:title\" content=\"\u00bfDios o Mam\u00f3n? - Publicaciones Aquila\" \/>\n<meta property=\"og:description\" content=\"&nbsp;  Ordenar este libro   &nbsp;   En un momento en que muchas iglesias enfrentan una creciente influencia de ideolog\u00edas ajenas al mensaje b\u00edblico, \u00bfDios o Mam\u00f3n? surge como una voz prof\u00e9tica y necesaria que denuncia las falsas ense\u00f1anzas del llamado &quot;evangelio de la prosperidad&quot;. Con claridad, valent\u00eda y fundamento b\u00edblico, el autor, Robin Compston, no solo expone los errores doctrinales de este movimiento, sino que ayuda al lector a reconocer c\u00f3mo afecta negativamente la vida espiritual de muchos creyentes sinceros.   El libro comienza con una pregunta impactante: \u00bfc\u00f3mo es posible que iglesias cristianas hayan sido invadidas por una ense\u00f1anza tan claramente antib\u00edblica como el evangelio de la prosperidad? Esta corriente, que promete riquezas materiales, \u00e9xito y salud como signos inequ\u00edvocos de la bendici\u00f3n divina, contradice abiertamente principios fundamentales del cristianismo, incluyendo el d\u00e9cimo mandamiento \u2014que proh\u00edbe codiciar\u2014 y la clara advertencia de Jes\u00fas: \u00abNo pod\u00e9is servir a Dios y a las riquezas\u00bb (Mateo 6:24).  Robin Compston, arquitecto de sistemas y colaborador en el Tabern\u00e1culo Metropolitano del centro de Londres, utiliza su capacidad anal\u00edtica y su compromiso pastoral para desmantelar paso a paso esta peligrosa distorsi\u00f3n del evangelio. En lugar de conformarse con cr\u00edticas superficiales, el autor identifica catorce principios clave de la ense\u00f1anza cristiana que son ignorados o reemplazados por ideas enga\u00f1osas que alejan a las personas del verdadero prop\u00f3sito del evangelio: la gloria de Dios y la salvaci\u00f3n por gracia mediante la fe.  Este libro no solo es una herramienta poderosa para discernir entre lo falso y lo verdadero, sino tambi\u00e9n una llamada urgente a regresar a la sana doctrina y a vivir una vida centrada en Cristo, no en el materialismo disfrazado de espiritualidad.  Ideal tanto para estudio personal como grupal, \u00bfDios o Mam\u00f3n? es una lectura indispensable para todos aquellos que buscan defender la pureza del evangelio y ayudar a otros a no caer en las redes del error.\" \/>\n<meta property=\"og:url\" content=\"https:\/\/publicacionesaquila.com\/en\/product\/dios-o-mamon\/\" \/>\n<meta property=\"og:site_name\" content=\"Publicaciones Aquila\" \/>\n<meta property=\"article:modified_time\" content=\"2025-07-14T22:12:59+00:00\" \/>\n<meta property=\"og:image\" content=\"https:\/\/publicacionesaquila.com\/wp-content\/uploads\/2025\/06\/23.jpg\" \/>\n\t<meta property=\"og:image:width\" content=\"1080\" \/>\n\t<meta property=\"og:image:height\" content=\"1080\" \/>\n\t<meta property=\"og:image:type\" content=\"image\/jpeg\" \/>\n<meta name=\"twitter:card\" content=\"summary_large_image\" \/>\n<meta name=\"twitter:label1\" content=\"Est. reading time\" \/>\n\t<meta name=\"twitter:data1\" content=\"1 minute\" \/>\n<script type=\"application\/ld+json\" class=\"yoast-schema-graph\">{\"@context\":\"https:\\\/\\\/schema.org\",\"@graph\":[{\"@type\":\"WebPage\",\"@id\":\"https:\\\/\\\/publicacionesaquila.com\\\/producto\\\/dios-o-mamon\\\/\",\"url\":\"https:\\\/\\\/publicacionesaquila.com\\\/producto\\\/dios-o-mamon\\\/\",\"name\":\"\u00bfDios o Mam\u00f3n? - Publicaciones Aquila\",\"isPartOf\":{\"@id\":\"https:\\\/\\\/publicacionesaquila.com\\\/#website\"},\"primaryImageOfPage\":{\"@id\":\"https:\\\/\\\/publicacionesaquila.com\\\/producto\\\/dios-o-mamon\\\/#primaryimage\"},\"image\":{\"@id\":\"https:\\\/\\\/publicacionesaquila.com\\\/producto\\\/dios-o-mamon\\\/#primaryimage\"},\"thumbnailUrl\":\"https:\\\/\\\/publicacionesaquila.com\\\/wp-content\\\/uploads\\\/2025\\\/06\\\/23.jpg\",\"datePublished\":\"2025-06-24T22:37:51+00:00\",\"dateModified\":\"2025-07-14T22:12:59+00:00\",\"breadcrumb\":{\"@id\":\"https:\\\/\\\/publicacionesaquila.com\\\/producto\\\/dios-o-mamon\\\/#breadcrumb\"},\"inLanguage\":\"en-US\",\"potentialAction\":[{\"@type\":\"ReadAction\",\"target\":[\"https:\\\/\\\/publicacionesaquila.com\\\/producto\\\/dios-o-mamon\\\/\"]}]},{\"@type\":\"ImageObject\",\"inLanguage\":\"en-US\",\"@id\":\"https:\\\/\\\/publicacionesaquila.com\\\/producto\\\/dios-o-mamon\\\/#primaryimage\",\"url\":\"https:\\\/\\\/publicacionesaquila.com\\\/wp-content\\\/uploads\\\/2025\\\/06\\\/23.jpg\",\"contentUrl\":\"https:\\\/\\\/publicacionesaquila.com\\\/wp-content\\\/uploads\\\/2025\\\/06\\\/23.jpg\",\"width\":1080,\"height\":1080},{\"@type\":\"BreadcrumbList\",\"@id\":\"https:\\\/\\\/publicacionesaquila.com\\\/producto\\\/dios-o-mamon\\\/#breadcrumb\",\"itemListElement\":[{\"@type\":\"ListItem\",\"position\":1,\"name\":\"Portada\",\"item\":\"https:\\\/\\\/publicacionesaquila.com\\\/\"},{\"@type\":\"ListItem\",\"position\":2,\"name\":\"Publicaciones\",\"item\":\"https:\\\/\\\/publicacionesaquila.com\\\/publicaciones\\\/\"},{\"@type\":\"ListItem\",\"position\":3,\"name\":\"\u00bfDios o Mam\u00f3n?\"}]},{\"@type\":\"WebSite\",\"@id\":\"https:\\\/\\\/publicacionesaquila.com\\\/#website\",\"url\":\"https:\\\/\\\/publicacionesaquila.com\\\/\",\"name\":\"Publicaciones Aquila\",\"description\":\"Cat\u00e1logo de Libros\",\"potentialAction\":[{\"@type\":\"SearchAction\",\"target\":{\"@type\":\"EntryPoint\",\"urlTemplate\":\"https:\\\/\\\/publicacionesaquila.com\\\/?s={search_term_string}\"},\"query-input\":{\"@type\":\"PropertyValueSpecification\",\"valueRequired\":true,\"valueName\":\"search_term_string\"}}],\"inLanguage\":\"en-US\"}]}<\/script>\n<!-- \/ Yoast SEO plugin. -->","yoast_head_json":{"title":"\u00bfDios o Mam\u00f3n? - Publicaciones Aquila","robots":{"index":"index","follow":"follow","max-snippet":"max-snippet:-1","max-image-preview":"max-image-preview:large","max-video-preview":"max-video-preview:-1"},"canonical":"https:\/\/publicacionesaquila.com\/en\/product\/dios-o-mamon\/","og_locale":"en_US","og_type":"article","og_title":"\u00bfDios o Mam\u00f3n? - Publicaciones Aquila","og_description":"&nbsp;  Ordenar este libro   &nbsp;   En un momento en que muchas iglesias enfrentan una creciente influencia de ideolog\u00edas ajenas al mensaje b\u00edblico, \u00bfDios o Mam\u00f3n? surge como una voz prof\u00e9tica y necesaria que denuncia las falsas ense\u00f1anzas del llamado \"evangelio de la prosperidad\". Con claridad, valent\u00eda y fundamento b\u00edblico, el autor, Robin Compston, no solo expone los errores doctrinales de este movimiento, sino que ayuda al lector a reconocer c\u00f3mo afecta negativamente la vida espiritual de muchos creyentes sinceros.   El libro comienza con una pregunta impactante: \u00bfc\u00f3mo es posible que iglesias cristianas hayan sido invadidas por una ense\u00f1anza tan claramente antib\u00edblica como el evangelio de la prosperidad? Esta corriente, que promete riquezas materiales, \u00e9xito y salud como signos inequ\u00edvocos de la bendici\u00f3n divina, contradice abiertamente principios fundamentales del cristianismo, incluyendo el d\u00e9cimo mandamiento \u2014que proh\u00edbe codiciar\u2014 y la clara advertencia de Jes\u00fas: \u00abNo pod\u00e9is servir a Dios y a las riquezas\u00bb (Mateo 6:24).  Robin Compston, arquitecto de sistemas y colaborador en el Tabern\u00e1culo Metropolitano del centro de Londres, utiliza su capacidad anal\u00edtica y su compromiso pastoral para desmantelar paso a paso esta peligrosa distorsi\u00f3n del evangelio. En lugar de conformarse con cr\u00edticas superficiales, el autor identifica catorce principios clave de la ense\u00f1anza cristiana que son ignorados o reemplazados por ideas enga\u00f1osas que alejan a las personas del verdadero prop\u00f3sito del evangelio: la gloria de Dios y la salvaci\u00f3n por gracia mediante la fe.  Este libro no solo es una herramienta poderosa para discernir entre lo falso y lo verdadero, sino tambi\u00e9n una llamada urgente a regresar a la sana doctrina y a vivir una vida centrada en Cristo, no en el materialismo disfrazado de espiritualidad.  Ideal tanto para estudio personal como grupal, \u00bfDios o Mam\u00f3n? es una lectura indispensable para todos aquellos que buscan defender la pureza del evangelio y ayudar a otros a no caer en las redes del error.","og_url":"https:\/\/publicacionesaquila.com\/en\/product\/dios-o-mamon\/","og_site_name":"Publicaciones Aquila","article_modified_time":"2025-07-14T22:12:59+00:00","og_image":[{"width":1080,"height":1080,"url":"https:\/\/publicacionesaquila.com\/wp-content\/uploads\/2025\/06\/23.jpg","type":"image\/jpeg"}],"twitter_card":"summary_large_image","twitter_misc":{"Est. reading time":"1 minute"},"schema":{"@context":"https:\/\/schema.org","@graph":[{"@type":"WebPage","@id":"https:\/\/publicacionesaquila.com\/producto\/dios-o-mamon\/","url":"https:\/\/publicacionesaquila.com\/producto\/dios-o-mamon\/","name":"\u00bfDios o Mam\u00f3n? - Publicaciones Aquila","isPartOf":{"@id":"https:\/\/publicacionesaquila.com\/#website"},"primaryImageOfPage":{"@id":"https:\/\/publicacionesaquila.com\/producto\/dios-o-mamon\/#primaryimage"},"image":{"@id":"https:\/\/publicacionesaquila.com\/producto\/dios-o-mamon\/#primaryimage"},"thumbnailUrl":"https:\/\/publicacionesaquila.com\/wp-content\/uploads\/2025\/06\/23.jpg","datePublished":"2025-06-24T22:37:51+00:00","dateModified":"2025-07-14T22:12:59+00:00","breadcrumb":{"@id":"https:\/\/publicacionesaquila.com\/producto\/dios-o-mamon\/#breadcrumb"},"inLanguage":"en-US","potentialAction":[{"@type":"ReadAction","target":["https:\/\/publicacionesaquila.com\/producto\/dios-o-mamon\/"]}]},{"@type":"ImageObject","inLanguage":"en-US","@id":"https:\/\/publicacionesaquila.com\/producto\/dios-o-mamon\/#primaryimage","url":"https:\/\/publicacionesaquila.com\/wp-content\/uploads\/2025\/06\/23.jpg","contentUrl":"https:\/\/publicacionesaquila.com\/wp-content\/uploads\/2025\/06\/23.jpg","width":1080,"height":1080},{"@type":"BreadcrumbList","@id":"https:\/\/publicacionesaquila.com\/producto\/dios-o-mamon\/#breadcrumb","itemListElement":[{"@type":"ListItem","position":1,"name":"Portada","item":"https:\/\/publicacionesaquila.com\/"},{"@type":"ListItem","position":2,"name":"Publicaciones","item":"https:\/\/publicacionesaquila.com\/publicaciones\/"},{"@type":"ListItem","position":3,"name":"\u00bfDios o Mam\u00f3n?"}]},{"@type":"WebSite","@id":"https:\/\/publicacionesaquila.com\/#website","url":"https:\/\/publicacionesaquila.com\/","name":"Aquila Publications","description":"Cat\u00e1logo de Libros","potentialAction":[{"@type":"SearchAction","target":{"@type":"EntryPoint","urlTemplate":"https:\/\/publicacionesaquila.com\/?s={search_term_string}"},"query-input":{"@type":"PropertyValueSpecification","valueRequired":true,"valueName":"search_term_string"}}],"inLanguage":"en-US"}]}},"_links":{"self":[{"href":"https:\/\/publicacionesaquila.com\/en\/wp-json\/wp\/v2\/product\/2812","targetHints":{"allow":["GET"]}}],"collection":[{"href":"https:\/\/publicacionesaquila.com\/en\/wp-json\/wp\/v2\/product"}],"about":[{"href":"https:\/\/publicacionesaquila.com\/en\/wp-json\/wp\/v2\/types\/product"}],"replies":[{"embeddable":true,"href":"https:\/\/publicacionesaquila.com\/en\/wp-json\/wp\/v2\/comments?post=2812"}],"wp:featuredmedia":[{"embeddable":true,"href":"https:\/\/publicacionesaquila.com\/en\/wp-json\/wp\/v2\/media\/4619"}],"wp:attachment":[{"href":"https:\/\/publicacionesaquila.com\/en\/wp-json\/wp\/v2\/media?parent=2812"}],"wp:term":[{"taxonomy":"product_brand","embeddable":true,"href":"https:\/\/publicacionesaquila.com\/en\/wp-json\/wp\/v2\/product_brand?post=2812"},{"taxonomy":"product_cat","embeddable":true,"href":"https:\/\/publicacionesaquila.com\/en\/wp-json\/wp\/v2\/product_cat?post=2812"},{"taxonomy":"product_tag","embeddable":true,"href":"https:\/\/publicacionesaquila.com\/en\/wp-json\/wp\/v2\/product_tag?post=2812"}],"curies":[{"name":"wp","href":"https:\/\/api.w.org\/{rel}","templated":true}]}}