{"id":2810,"date":"2025-06-24T22:00:10","date_gmt":"2025-06-24T22:00:10","guid":{"rendered":"https:\/\/publicacionesaquila.com\/?post_type=product&#038;p=2810"},"modified":"2025-07-15T19:11:02","modified_gmt":"2025-07-15T19:11:02","slug":"2000-anos-del-poder-de-cristo-la-edad-media","status":"publish","type":"product","link":"https:\/\/publicacionesaquila.com\/en\/product\/2000-anos-del-poder-de-cristo-la-edad-media\/","title":{"rendered":"2,000 Years of Christ\u2019s Power Vol. 2: The Middle Ages"},"content":{"rendered":"","protected":false},"excerpt":{"rendered":"<p>&nbsp;<\/p>\n<p><a style=\"display: inline-block; padding: 12px 24px; font-size: 14px; color: black; background-color: white; border: 2px solid #000; border-radius: 5px; text-decoration: none; transition: all 0.3s ease; cursor: pointer;\" href=\"https:\/\/www.cristianismohist.com\/2000-a-os-del-poder-de-cristo-la-edad-media-volumen-2\/\" target=\"_blank\" rel=\"noopener\">Order this book<br \/>\n<\/a><\/p>\n<p>&nbsp;<\/p>\n<div id=\"ProductDescription\" class=\"Block Moveable Panel ProductDescription current\">\n<div class=\"ProductDescriptionContainer prodAccordionContent\">\n<p data-spm-anchor-id=\"a2ty_o01.29997173.0.i39.5195c921OxiTpX\" class=\" translation-block\">Church history is not just a collection of dates and forgotten names\u2014it is the living testimony of how Christ has built His church throughout the centuries. In this second volume of his acclaimed series, Nick Needham offers a clear, accessible, and deeply biblical view of the medieval period\u2014a time often misunderstood and unfairly labeled as \u201cthe dark ages.\u201d<\/p>\n<div class=\"my-2\"><\/div>\n<p class=\" translation-block\">While many have viewed this era as one of oppression, superstition, and spiritual stagnation, Needham invites us to rediscover how God used faithful men and women to prepare the way for the Protestant Reformation. Figures such as Bernard of Clairvaux\u2014known for his devotion and defense of holiness\u2014and John Wycliffe, a precursor of biblical reform, are examples of how the power of Christ worked even in difficult times.<\/p>\n<div class=\"my-2\"><\/div>\n<p>This book not only presents a solid historical narrative but also:<\/p>\n<ul>\n<li>Explains the doctrinal and political development of the Roman Catholic Church.<\/li>\n<li>Analyzes the impact of the Crusades, the papacy, and the spiritual movements of the age.<\/li>\n<li>Offers a balanced perspective between historical critique and evangelical faithfulness.<\/li>\n<li>Shows how the Middle Ages were a time of preparation\u2014not decline.<\/li>\n<\/ul>\n<p>&nbsp;<\/p>\n<p>Written with academic clarity yet accessible to all readers, this volume is ideal for both theology and history students, as well as any Christian who desires to understand how God has preserved and used His church through the centuries.<\/p>\n<h2><\/h2>\n<h2><strong>About the Author:<\/strong><\/h2>\n<p class=\" translation-block\">Nick Needham is pastor and lecturer in Church History at Highland Theological College in Dingwall, Scotland, and minister of the Reformed Baptist Church in Inverness. With extensive teaching experience, including posts in systematic theology, Needham combines academic rigor with engaging and clear exposition\u2014perfect for readers at every level.<\/p>\n<p>&nbsp;<\/p>\n<\/div>\n<\/div>","protected":false},"featured_media":4594,"comment_status":"closed","ping_status":"closed","template":"","meta":[],"product_brand":[135],"product_cat":[755],"product_tag":[349,341,339,351,343,338,350,345,342,348,346,340,344,347],"class_list":{"0":"post-2810","1":"product","2":"type-product","3":"status-publish","4":"has-post-thumbnail","6":"product_brand-nick-needham","7":"product_cat-historia","8":"product_tag-2000-anos-del-poder-de-cristo","9":"product_tag-bernardo-de-claraval","10":"product_tag-edad-media","11":"product_tag-estudio-historico-biblico","12":"product_tag-historia-cristiana","13":"product_tag-historia-de-la-iglesia","14":"product_tag-historia-eclesiastica","15":"product_tag-iglesia-catolica-medieval","16":"product_tag-juan-wiclif","17":"product_tag-libros-cristianos-de-historia","18":"product_tag-movimiento-reformador","19":"product_tag-reforma-protestante","20":"product_tag-teologia-historica","21":"product_tag-vida-cristiana-a-traves-de-la-historia","23":"first","24":"instock","25":"sale","26":"shipping-taxable","27":"product-type-simple"},"yoast_head":"<!-- This site is optimized with the Yoast SEO plugin v27.4 - https:\/\/yoast.com\/product\/yoast-seo-wordpress\/ -->\n<title>2000 a\u00f1os del poder de Cristo: La Edad Media - Publicaciones Aquila<\/title>\n<meta name=\"robots\" content=\"index, follow, max-snippet:-1, max-image-preview:large, max-video-preview:-1\" \/>\n<link rel=\"canonical\" href=\"https:\/\/publicacionesaquila.com\/en\/product\/2000-anos-del-poder-de-cristo-la-edad-media\/\" \/>\n<meta property=\"og:locale\" content=\"en_US\" \/>\n<meta property=\"og:type\" content=\"article\" \/>\n<meta property=\"og:title\" content=\"2000 a\u00f1os del poder de Cristo: La Edad Media - Publicaciones Aquila\" \/>\n<meta property=\"og:description\" content=\"&nbsp;  Ordenar este libro   &nbsp;   La historia de la Iglesia no es solo una colecci\u00f3n de fechas y nombres olvidados; es el testimonio viviente de c\u00f3mo Cristo ha edificado a Su iglesia a lo largo de los siglos. En este segundo volumen de su aclamada serie, Nick Needham ofrece una visi\u00f3n clara, accesible y profundamente b\u00edblica de la historia de la Iglesia durante la Edad Media, un per\u00edodo frecuentemente malentendido y tachado injustamente como &quot;la edad oscura&quot;.   Aunque muchos han visto esta \u00e9poca como un tiempo de opresi\u00f3n, superstici\u00f3n y estancamiento espiritual, Needham nos invita a redescubrir c\u00f3mo Dios us\u00f3 a hombres y mujeres fieles para preparar el camino hacia la Reforma protestante. Personajes como Bernardo de Claraval, conocido por su devoci\u00f3n y defensa de la santidad, y Juan Wiclif, precursor de la reforma b\u00edblica, son ejemplos de c\u00f3mo el poder de Cristo actu\u00f3 incluso en tiempos dif\u00edciles.  Este libro no solo presenta una narrativa hist\u00f3rica s\u00f3lida, sino que tambi\u00e9n:   Explica el desarrollo doctrinal y pol\u00edtico de la Iglesia Cat\u00f3lica Romana.  Analiza el impacto de las Cruzadas, el papado y los movimientos espirituales de la \u00e9poca.  Ofrece una visi\u00f3n equilibrada entre cr\u00edtica hist\u00f3rica y fidelidad evang\u00e9lica.  Muestra c\u00f3mo la Edad Media fue un periodo de preparaci\u00f3n, no de decadencia.  &nbsp;  Escrito con claridad acad\u00e9mica pero accesible para todo tipo de lectores, este volumen es ideal tanto para estudiantes de teolog\u00eda e historia como para cualquier cristiano interesado en comprender c\u00f3mo Dios ha preservado y usado a Su iglesia a trav\u00e9s de los siglos.  Sobre el autor: Nick Needham es pastor y profesor de Historia de la Iglesia en el Colegio Teol\u00f3gico Highland, en Dingwall, Escocia, y ministro en la Iglesia Bautista Reformada de Inverness. Con una vasta experiencia docente, incluyendo c\u00e1tedras en teolog\u00eda sistem\u00e1tica, Needham combina rigor acad\u00e9mico con una exposici\u00f3n amena y clara, ideal para lectores de todos los niveles.  &nbsp;\" \/>\n<meta property=\"og:url\" content=\"https:\/\/publicacionesaquila.com\/en\/product\/2000-anos-del-poder-de-cristo-la-edad-media\/\" \/>\n<meta property=\"og:site_name\" content=\"Publicaciones Aquila\" \/>\n<meta property=\"article:modified_time\" content=\"2025-07-15T19:11:02+00:00\" \/>\n<meta property=\"og:image\" content=\"https:\/\/publicacionesaquila.com\/wp-content\/uploads\/2025\/06\/48.jpg\" \/>\n\t<meta property=\"og:image:width\" content=\"1080\" \/>\n\t<meta property=\"og:image:height\" content=\"1080\" \/>\n\t<meta property=\"og:image:type\" content=\"image\/jpeg\" \/>\n<meta name=\"twitter:card\" content=\"summary_large_image\" \/>\n<meta name=\"twitter:label1\" content=\"Est. reading time\" \/>\n\t<meta name=\"twitter:data1\" content=\"1 minute\" \/>\n<script type=\"application\/ld+json\" class=\"yoast-schema-graph\">{\"@context\":\"https:\\\/\\\/schema.org\",\"@graph\":[{\"@type\":\"WebPage\",\"@id\":\"https:\\\/\\\/publicacionesaquila.com\\\/producto\\\/2000-anos-del-poder-de-cristo-la-edad-media\\\/\",\"url\":\"https:\\\/\\\/publicacionesaquila.com\\\/producto\\\/2000-anos-del-poder-de-cristo-la-edad-media\\\/\",\"name\":\"2000 a\u00f1os del poder de Cristo: La Edad Media - Publicaciones Aquila\",\"isPartOf\":{\"@id\":\"https:\\\/\\\/publicacionesaquila.com\\\/#website\"},\"primaryImageOfPage\":{\"@id\":\"https:\\\/\\\/publicacionesaquila.com\\\/producto\\\/2000-anos-del-poder-de-cristo-la-edad-media\\\/#primaryimage\"},\"image\":{\"@id\":\"https:\\\/\\\/publicacionesaquila.com\\\/producto\\\/2000-anos-del-poder-de-cristo-la-edad-media\\\/#primaryimage\"},\"thumbnailUrl\":\"https:\\\/\\\/publicacionesaquila.com\\\/wp-content\\\/uploads\\\/2025\\\/06\\\/48.jpg\",\"datePublished\":\"2025-06-24T22:00:10+00:00\",\"dateModified\":\"2025-07-15T19:11:02+00:00\",\"breadcrumb\":{\"@id\":\"https:\\\/\\\/publicacionesaquila.com\\\/producto\\\/2000-anos-del-poder-de-cristo-la-edad-media\\\/#breadcrumb\"},\"inLanguage\":\"en-US\",\"potentialAction\":[{\"@type\":\"ReadAction\",\"target\":[\"https:\\\/\\\/publicacionesaquila.com\\\/producto\\\/2000-anos-del-poder-de-cristo-la-edad-media\\\/\"]}]},{\"@type\":\"ImageObject\",\"inLanguage\":\"en-US\",\"@id\":\"https:\\\/\\\/publicacionesaquila.com\\\/producto\\\/2000-anos-del-poder-de-cristo-la-edad-media\\\/#primaryimage\",\"url\":\"https:\\\/\\\/publicacionesaquila.com\\\/wp-content\\\/uploads\\\/2025\\\/06\\\/48.jpg\",\"contentUrl\":\"https:\\\/\\\/publicacionesaquila.com\\\/wp-content\\\/uploads\\\/2025\\\/06\\\/48.jpg\",\"width\":1080,\"height\":1080},{\"@type\":\"BreadcrumbList\",\"@id\":\"https:\\\/\\\/publicacionesaquila.com\\\/producto\\\/2000-anos-del-poder-de-cristo-la-edad-media\\\/#breadcrumb\",\"itemListElement\":[{\"@type\":\"ListItem\",\"position\":1,\"name\":\"Portada\",\"item\":\"https:\\\/\\\/publicacionesaquila.com\\\/\"},{\"@type\":\"ListItem\",\"position\":2,\"name\":\"Publicaciones\",\"item\":\"https:\\\/\\\/publicacionesaquila.com\\\/publicaciones\\\/\"},{\"@type\":\"ListItem\",\"position\":3,\"name\":\"2000 a\u00f1os del poder de Cristo: La Edad Media\"}]},{\"@type\":\"WebSite\",\"@id\":\"https:\\\/\\\/publicacionesaquila.com\\\/#website\",\"url\":\"https:\\\/\\\/publicacionesaquila.com\\\/\",\"name\":\"Publicaciones Aquila\",\"description\":\"Cat\u00e1logo de Libros\",\"potentialAction\":[{\"@type\":\"SearchAction\",\"target\":{\"@type\":\"EntryPoint\",\"urlTemplate\":\"https:\\\/\\\/publicacionesaquila.com\\\/?s={search_term_string}\"},\"query-input\":{\"@type\":\"PropertyValueSpecification\",\"valueRequired\":true,\"valueName\":\"search_term_string\"}}],\"inLanguage\":\"en-US\"}]}<\/script>\n<!-- \/ Yoast SEO plugin. -->","yoast_head_json":{"title":"2000 a\u00f1os del poder de Cristo: La Edad Media - Publicaciones Aquila","robots":{"index":"index","follow":"follow","max-snippet":"max-snippet:-1","max-image-preview":"max-image-preview:large","max-video-preview":"max-video-preview:-1"},"canonical":"https:\/\/publicacionesaquila.com\/en\/product\/2000-anos-del-poder-de-cristo-la-edad-media\/","og_locale":"en_US","og_type":"article","og_title":"2000 a\u00f1os del poder de Cristo: La Edad Media - Publicaciones Aquila","og_description":"&nbsp;  Ordenar este libro   &nbsp;   La historia de la Iglesia no es solo una colecci\u00f3n de fechas y nombres olvidados; es el testimonio viviente de c\u00f3mo Cristo ha edificado a Su iglesia a lo largo de los siglos. En este segundo volumen de su aclamada serie, Nick Needham ofrece una visi\u00f3n clara, accesible y profundamente b\u00edblica de la historia de la Iglesia durante la Edad Media, un per\u00edodo frecuentemente malentendido y tachado injustamente como \"la edad oscura\".   Aunque muchos han visto esta \u00e9poca como un tiempo de opresi\u00f3n, superstici\u00f3n y estancamiento espiritual, Needham nos invita a redescubrir c\u00f3mo Dios us\u00f3 a hombres y mujeres fieles para preparar el camino hacia la Reforma protestante. Personajes como Bernardo de Claraval, conocido por su devoci\u00f3n y defensa de la santidad, y Juan Wiclif, precursor de la reforma b\u00edblica, son ejemplos de c\u00f3mo el poder de Cristo actu\u00f3 incluso en tiempos dif\u00edciles.  Este libro no solo presenta una narrativa hist\u00f3rica s\u00f3lida, sino que tambi\u00e9n:   Explica el desarrollo doctrinal y pol\u00edtico de la Iglesia Cat\u00f3lica Romana.  Analiza el impacto de las Cruzadas, el papado y los movimientos espirituales de la \u00e9poca.  Ofrece una visi\u00f3n equilibrada entre cr\u00edtica hist\u00f3rica y fidelidad evang\u00e9lica.  Muestra c\u00f3mo la Edad Media fue un periodo de preparaci\u00f3n, no de decadencia.  &nbsp;  Escrito con claridad acad\u00e9mica pero accesible para todo tipo de lectores, este volumen es ideal tanto para estudiantes de teolog\u00eda e historia como para cualquier cristiano interesado en comprender c\u00f3mo Dios ha preservado y usado a Su iglesia a trav\u00e9s de los siglos.  Sobre el autor: Nick Needham es pastor y profesor de Historia de la Iglesia en el Colegio Teol\u00f3gico Highland, en Dingwall, Escocia, y ministro en la Iglesia Bautista Reformada de Inverness. Con una vasta experiencia docente, incluyendo c\u00e1tedras en teolog\u00eda sistem\u00e1tica, Needham combina rigor acad\u00e9mico con una exposici\u00f3n amena y clara, ideal para lectores de todos los niveles.  &nbsp;","og_url":"https:\/\/publicacionesaquila.com\/en\/product\/2000-anos-del-poder-de-cristo-la-edad-media\/","og_site_name":"Publicaciones Aquila","article_modified_time":"2025-07-15T19:11:02+00:00","og_image":[{"width":1080,"height":1080,"url":"https:\/\/publicacionesaquila.com\/wp-content\/uploads\/2025\/06\/48.jpg","type":"image\/jpeg"}],"twitter_card":"summary_large_image","twitter_misc":{"Est. reading time":"1 minute"},"schema":{"@context":"https:\/\/schema.org","@graph":[{"@type":"WebPage","@id":"https:\/\/publicacionesaquila.com\/producto\/2000-anos-del-poder-de-cristo-la-edad-media\/","url":"https:\/\/publicacionesaquila.com\/producto\/2000-anos-del-poder-de-cristo-la-edad-media\/","name":"2000 a\u00f1os del poder de Cristo: La Edad Media - Publicaciones Aquila","isPartOf":{"@id":"https:\/\/publicacionesaquila.com\/#website"},"primaryImageOfPage":{"@id":"https:\/\/publicacionesaquila.com\/producto\/2000-anos-del-poder-de-cristo-la-edad-media\/#primaryimage"},"image":{"@id":"https:\/\/publicacionesaquila.com\/producto\/2000-anos-del-poder-de-cristo-la-edad-media\/#primaryimage"},"thumbnailUrl":"https:\/\/publicacionesaquila.com\/wp-content\/uploads\/2025\/06\/48.jpg","datePublished":"2025-06-24T22:00:10+00:00","dateModified":"2025-07-15T19:11:02+00:00","breadcrumb":{"@id":"https:\/\/publicacionesaquila.com\/producto\/2000-anos-del-poder-de-cristo-la-edad-media\/#breadcrumb"},"inLanguage":"en-US","potentialAction":[{"@type":"ReadAction","target":["https:\/\/publicacionesaquila.com\/producto\/2000-anos-del-poder-de-cristo-la-edad-media\/"]}]},{"@type":"ImageObject","inLanguage":"en-US","@id":"https:\/\/publicacionesaquila.com\/producto\/2000-anos-del-poder-de-cristo-la-edad-media\/#primaryimage","url":"https:\/\/publicacionesaquila.com\/wp-content\/uploads\/2025\/06\/48.jpg","contentUrl":"https:\/\/publicacionesaquila.com\/wp-content\/uploads\/2025\/06\/48.jpg","width":1080,"height":1080},{"@type":"BreadcrumbList","@id":"https:\/\/publicacionesaquila.com\/producto\/2000-anos-del-poder-de-cristo-la-edad-media\/#breadcrumb","itemListElement":[{"@type":"ListItem","position":1,"name":"Portada","item":"https:\/\/publicacionesaquila.com\/"},{"@type":"ListItem","position":2,"name":"Publicaciones","item":"https:\/\/publicacionesaquila.com\/publicaciones\/"},{"@type":"ListItem","position":3,"name":"2000 a\u00f1os del poder de Cristo: La Edad Media"}]},{"@type":"WebSite","@id":"https:\/\/publicacionesaquila.com\/#website","url":"https:\/\/publicacionesaquila.com\/","name":"Aquila Publications","description":"Cat\u00e1logo de Libros","potentialAction":[{"@type":"SearchAction","target":{"@type":"EntryPoint","urlTemplate":"https:\/\/publicacionesaquila.com\/?s={search_term_string}"},"query-input":{"@type":"PropertyValueSpecification","valueRequired":true,"valueName":"search_term_string"}}],"inLanguage":"en-US"}]}},"_links":{"self":[{"href":"https:\/\/publicacionesaquila.com\/en\/wp-json\/wp\/v2\/product\/2810","targetHints":{"allow":["GET"]}}],"collection":[{"href":"https:\/\/publicacionesaquila.com\/en\/wp-json\/wp\/v2\/product"}],"about":[{"href":"https:\/\/publicacionesaquila.com\/en\/wp-json\/wp\/v2\/types\/product"}],"replies":[{"embeddable":true,"href":"https:\/\/publicacionesaquila.com\/en\/wp-json\/wp\/v2\/comments?post=2810"}],"wp:featuredmedia":[{"embeddable":true,"href":"https:\/\/publicacionesaquila.com\/en\/wp-json\/wp\/v2\/media\/4594"}],"wp:attachment":[{"href":"https:\/\/publicacionesaquila.com\/en\/wp-json\/wp\/v2\/media?parent=2810"}],"wp:term":[{"taxonomy":"product_brand","embeddable":true,"href":"https:\/\/publicacionesaquila.com\/en\/wp-json\/wp\/v2\/product_brand?post=2810"},{"taxonomy":"product_cat","embeddable":true,"href":"https:\/\/publicacionesaquila.com\/en\/wp-json\/wp\/v2\/product_cat?post=2810"},{"taxonomy":"product_tag","embeddable":true,"href":"https:\/\/publicacionesaquila.com\/en\/wp-json\/wp\/v2\/product_tag?post=2810"}],"curies":[{"name":"wp","href":"https:\/\/api.w.org\/{rel}","templated":true}]}}