{"id":2809,"date":"2025-06-24T21:55:11","date_gmt":"2025-06-24T21:55:11","guid":{"rendered":"https:\/\/publicacionesaquila.com\/?post_type=product&#038;p=2809"},"modified":"2025-07-15T15:24:17","modified_gmt":"2025-07-15T15:24:17","slug":"conoce-a-los-puritanos-con-una-guia-de-las-reediciones-modernas","status":"publish","type":"product","link":"https:\/\/publicacionesaquila.com\/en\/product\/conoce-a-los-puritanos-con-una-guia-de-las-reediciones-modernas\/","title":{"rendered":"Meet the Puritans: with a guide to modern reprints"},"content":{"rendered":"","protected":false},"excerpt":{"rendered":"<p>&nbsp;<\/p>\n<p><a style=\"display: inline-block; padding: 12px 24px; font-size: 14px; color: black; background-color: white; border: 2px solid #000; border-radius: 5px; text-decoration: none; transition: all 0.3s ease; cursor: pointer;\" href=\"https:\/\/www.cristianismohist.com\/conoce-a-los-puritanos-con-una-guia-de-las-reediciones-modernas\/\" target=\"_blank\" rel=\"noopener\">Order this book<br \/>\n<\/a><\/p>\n<p>&nbsp;<\/p>\n<div id=\"ProductDescription\" class=\"Block Moveable Panel ProductDescription current\">\n<div class=\"ProductDescriptionContainer prodAccordionContent\">\n<p data-spm-anchor-id=\"a2ty_o01.29997173.0.i57.5195c921OxiTpX\" class=\" translation-block\">In an age when many churches face spiritual, doctrinal, and moral crises, the renewed interest in the rich theological and devotional heritage of the Puritans is not only encouraging\u2014it is essential. This book, written by Joel R. Beeke and Randall Pederson, emerges as an invaluable resource for all those who wish to discover or rediscover the spiritual depth, biblical fidelity, and practical piety of Puritan writers.<\/p>\n<div class=\"my-2\"><\/div>\n<p class=\" translation-block\">Meet the Puritans is much more than a simple historical introduction; it is a comprehensive yet accessible guide that introduces the principal thinkers, writers, and spiritual leaders of the Puritan movement\u2014English, Scottish, American, and Dutch\u2014highlighting their theological, pastoral, and practical contributions. Additionally, it offers a helpful guide to modern reprints, allowing readers easy access to the classic works of these giants of the faith.<\/p>\n<div class=\"my-2\"><\/div>\n<p>The book is structured in a clear and didactic way:<\/p>\n<ul>\n<li>Presents concise biographies of more than one hundred Puritan writers.<\/li>\n<li>Explain the theological and spiritual strengths of each author.<\/li>\n<li>It offers a critical evaluation of his most important works.<\/li>\n<li>Includes recommendations on modern editions available.<\/li>\n<\/ul>\n<p>&nbsp;<\/p>\n<p class=\" translation-block\">This volume combines academic rigor with an accessible style, making it ideal for both beginners and advanced scholars. As noted by leading theologians and pastors in its endorsements, this book can become an indispensable reference for every lover of Reformed theology and deep Christian piety.<\/p>\n<div class=\"my-2\"><\/div>\n<p class=\" translation-block\">The Puritans were not merely figures of the past; their writings continue to speak with prophetic voice to our time. Meet the Puritans not only helps us understand their legacy but also stirs in us a desire to read them, learn from them, and apply their teachings to our personal lives, families, and churches.<\/p>\n<div class=\"my-2\"><\/div>\n<p>A foundational book for those seeking to grow in biblical wisdom, personal holiness, and pastoral commitment.<\/p>\n<p>&nbsp;<\/p>\n<\/div>\n<\/div>","protected":false},"featured_media":4640,"comment_status":"closed","ping_status":"closed","template":"","meta":[],"product_brand":[140],"product_cat":[755],"product_tag":[407,408,409,338,406,405,412,239,404,344,282,411,410],"class_list":{"0":"post-2809","1":"product","2":"type-product","3":"status-publish","4":"has-post-thumbnail","6":"product_brand-joel-r-beeke-randall-j-pederson","7":"product_cat-historia","8":"product_tag-autores-cristianos-clasicos","9":"product_tag-devocionales-historicos","10":"product_tag-guia-de-lectura-cristiana","11":"product_tag-historia-de-la-iglesia","12":"product_tag-lecturas-recomendadas-cristianas","13":"product_tag-libros-cristianos-clasicos","14":"product_tag-libros-teologicos","15":"product_tag-piedad-biblica","16":"product_tag-puritanos","17":"product_tag-teologia-historica","18":"product_tag-teologia-reformada","19":"product_tag-tradicion-reformada","20":"product_tag-vida-cristiana-profunda","22":"first","23":"instock","24":"sale","25":"shipping-taxable","26":"product-type-simple"},"yoast_head":"<!-- This site is optimized with the Yoast SEO plugin v27.4 - https:\/\/yoast.com\/product\/yoast-seo-wordpress\/ -->\n<title>Conoce a los puritanos: con una gu\u00eda de las reediciones modernas - Publicaciones Aquila<\/title>\n<meta name=\"robots\" content=\"index, follow, max-snippet:-1, max-image-preview:large, max-video-preview:-1\" \/>\n<link rel=\"canonical\" href=\"https:\/\/publicacionesaquila.com\/en\/product\/conoce-a-los-puritanos-con-una-guia-de-las-reediciones-modernas\/\" \/>\n<meta property=\"og:locale\" content=\"en_US\" \/>\n<meta property=\"og:type\" content=\"article\" \/>\n<meta property=\"og:title\" content=\"Conoce a los puritanos: con una gu\u00eda de las reediciones modernas - Publicaciones Aquila\" \/>\n<meta property=\"og:description\" content=\"&nbsp;  Ordenar este libro   &nbsp;   En un tiempo en que muchas iglesias enfrentan una crisis espiritual, doctrinal y moral, el inter\u00e9s renovado por la rica tradici\u00f3n teol\u00f3gica y devocional de los puritanos no solo es alentador, sino necesario. Este libro, escrito por Joel R. Beeke y Randall Pederson , surge como una herramienta invaluable para todos aquellos que desean descubrir o redescubrir la profundidad espiritual, la fidelidad b\u00edblica y la piedad pr\u00e1ctica de los escritores puritanos.   Conoce a los Puritanos es mucho m\u00e1s que una simple introducci\u00f3n hist\u00f3rica; es una gu\u00eda completa y accesible que presenta a los principales pensadores, escritores y l\u00edderes espirituales del movimiento puritano \u2014ingleses, escoceses, americanos y holandeses\u2014, destacando sus contribuciones teol\u00f3gicas, pastorales y pr\u00e1cticas. Adem\u00e1s, ofrece una \u00fatil gu\u00eda de reediciones modernas , permitiendo al lector acceder f\u00e1cilmente a las obras cl\u00e1sicas de estos gigantes de la fe.  El libro est\u00e1 estructurado de manera clara y did\u00e1ctica:   Presenta biograf\u00edas concisas de m\u00e1s de cien escritores puritanos.  Explica las fortalezas teol\u00f3gicas y espirituales de cada autor.  Ofrece una evaluaci\u00f3n cr\u00edtica de sus obras m\u00e1s importantes.  Incluye recomendaciones sobre ediciones modernas disponibles.  &nbsp;  Este volumen combina rigor acad\u00e9mico con un estilo accesible, siendo ideal tanto para principiantes como para eruditos avanzados. Como se\u00f1alan destacados te\u00f3logos y pastores en las recomendaciones, este libro puede convertirse en un referente indispensable para todo amante de la teolog\u00eda reformada y la piedad profunda.  Los puritanos no fueron simplemente figuras del pasado; sus escritos siguen teniendo voz prof\u00e9tica para nuestra \u00e9poca. Conoce a los Puritanos no solo nos ayuda a entender su legado, sino que tambi\u00e9n enciende en nosotros el deseo de leerlos, aprender de ellos y aplicar sus ense\u00f1anzas a nuestras vidas personales, familiares y eclesi\u00e1sticas.  Un libro fundamental para quienes buscan crecer en sabidur\u00eda b\u00edblica, santidad personal y compromiso pastoral.  &nbsp;\" \/>\n<meta property=\"og:url\" content=\"https:\/\/publicacionesaquila.com\/en\/product\/conoce-a-los-puritanos-con-una-guia-de-las-reediciones-modernas\/\" \/>\n<meta property=\"og:site_name\" content=\"Publicaciones Aquila\" \/>\n<meta property=\"article:modified_time\" content=\"2025-07-15T15:24:17+00:00\" \/>\n<meta property=\"og:image\" content=\"https:\/\/publicacionesaquila.com\/wp-content\/uploads\/2025\/06\/2.jpg\" \/>\n\t<meta property=\"og:image:width\" content=\"1080\" \/>\n\t<meta property=\"og:image:height\" content=\"1080\" \/>\n\t<meta property=\"og:image:type\" content=\"image\/jpeg\" \/>\n<meta name=\"twitter:card\" content=\"summary_large_image\" \/>\n<meta name=\"twitter:label1\" content=\"Est. reading time\" \/>\n\t<meta name=\"twitter:data1\" content=\"1 minute\" \/>\n<script type=\"application\/ld+json\" class=\"yoast-schema-graph\">{\"@context\":\"https:\\\/\\\/schema.org\",\"@graph\":[{\"@type\":\"WebPage\",\"@id\":\"https:\\\/\\\/publicacionesaquila.com\\\/producto\\\/conoce-a-los-puritanos-con-una-guia-de-las-reediciones-modernas\\\/\",\"url\":\"https:\\\/\\\/publicacionesaquila.com\\\/producto\\\/conoce-a-los-puritanos-con-una-guia-de-las-reediciones-modernas\\\/\",\"name\":\"Conoce a los puritanos: con una gu\u00eda de las reediciones modernas - Publicaciones Aquila\",\"isPartOf\":{\"@id\":\"https:\\\/\\\/publicacionesaquila.com\\\/#website\"},\"primaryImageOfPage\":{\"@id\":\"https:\\\/\\\/publicacionesaquila.com\\\/producto\\\/conoce-a-los-puritanos-con-una-guia-de-las-reediciones-modernas\\\/#primaryimage\"},\"image\":{\"@id\":\"https:\\\/\\\/publicacionesaquila.com\\\/producto\\\/conoce-a-los-puritanos-con-una-guia-de-las-reediciones-modernas\\\/#primaryimage\"},\"thumbnailUrl\":\"https:\\\/\\\/publicacionesaquila.com\\\/wp-content\\\/uploads\\\/2025\\\/06\\\/2.jpg\",\"datePublished\":\"2025-06-24T21:55:11+00:00\",\"dateModified\":\"2025-07-15T15:24:17+00:00\",\"breadcrumb\":{\"@id\":\"https:\\\/\\\/publicacionesaquila.com\\\/producto\\\/conoce-a-los-puritanos-con-una-guia-de-las-reediciones-modernas\\\/#breadcrumb\"},\"inLanguage\":\"en-US\",\"potentialAction\":[{\"@type\":\"ReadAction\",\"target\":[\"https:\\\/\\\/publicacionesaquila.com\\\/producto\\\/conoce-a-los-puritanos-con-una-guia-de-las-reediciones-modernas\\\/\"]}]},{\"@type\":\"ImageObject\",\"inLanguage\":\"en-US\",\"@id\":\"https:\\\/\\\/publicacionesaquila.com\\\/producto\\\/conoce-a-los-puritanos-con-una-guia-de-las-reediciones-modernas\\\/#primaryimage\",\"url\":\"https:\\\/\\\/publicacionesaquila.com\\\/wp-content\\\/uploads\\\/2025\\\/06\\\/2.jpg\",\"contentUrl\":\"https:\\\/\\\/publicacionesaquila.com\\\/wp-content\\\/uploads\\\/2025\\\/06\\\/2.jpg\",\"width\":1080,\"height\":1080},{\"@type\":\"BreadcrumbList\",\"@id\":\"https:\\\/\\\/publicacionesaquila.com\\\/producto\\\/conoce-a-los-puritanos-con-una-guia-de-las-reediciones-modernas\\\/#breadcrumb\",\"itemListElement\":[{\"@type\":\"ListItem\",\"position\":1,\"name\":\"Portada\",\"item\":\"https:\\\/\\\/publicacionesaquila.com\\\/\"},{\"@type\":\"ListItem\",\"position\":2,\"name\":\"Publicaciones\",\"item\":\"https:\\\/\\\/publicacionesaquila.com\\\/publicaciones\\\/\"},{\"@type\":\"ListItem\",\"position\":3,\"name\":\"Conoce a los puritanos: con una gu\u00eda de las reediciones modernas\"}]},{\"@type\":\"WebSite\",\"@id\":\"https:\\\/\\\/publicacionesaquila.com\\\/#website\",\"url\":\"https:\\\/\\\/publicacionesaquila.com\\\/\",\"name\":\"Publicaciones Aquila\",\"description\":\"Cat\u00e1logo de Libros\",\"potentialAction\":[{\"@type\":\"SearchAction\",\"target\":{\"@type\":\"EntryPoint\",\"urlTemplate\":\"https:\\\/\\\/publicacionesaquila.com\\\/?s={search_term_string}\"},\"query-input\":{\"@type\":\"PropertyValueSpecification\",\"valueRequired\":true,\"valueName\":\"search_term_string\"}}],\"inLanguage\":\"en-US\"}]}<\/script>\n<!-- \/ Yoast SEO plugin. -->","yoast_head_json":{"title":"Conoce a los puritanos: con una gu\u00eda de las reediciones modernas - Publicaciones Aquila","robots":{"index":"index","follow":"follow","max-snippet":"max-snippet:-1","max-image-preview":"max-image-preview:large","max-video-preview":"max-video-preview:-1"},"canonical":"https:\/\/publicacionesaquila.com\/en\/product\/conoce-a-los-puritanos-con-una-guia-de-las-reediciones-modernas\/","og_locale":"en_US","og_type":"article","og_title":"Conoce a los puritanos: con una gu\u00eda de las reediciones modernas - Publicaciones Aquila","og_description":"&nbsp;  Ordenar este libro   &nbsp;   En un tiempo en que muchas iglesias enfrentan una crisis espiritual, doctrinal y moral, el inter\u00e9s renovado por la rica tradici\u00f3n teol\u00f3gica y devocional de los puritanos no solo es alentador, sino necesario. Este libro, escrito por Joel R. Beeke y Randall Pederson , surge como una herramienta invaluable para todos aquellos que desean descubrir o redescubrir la profundidad espiritual, la fidelidad b\u00edblica y la piedad pr\u00e1ctica de los escritores puritanos.   Conoce a los Puritanos es mucho m\u00e1s que una simple introducci\u00f3n hist\u00f3rica; es una gu\u00eda completa y accesible que presenta a los principales pensadores, escritores y l\u00edderes espirituales del movimiento puritano \u2014ingleses, escoceses, americanos y holandeses\u2014, destacando sus contribuciones teol\u00f3gicas, pastorales y pr\u00e1cticas. Adem\u00e1s, ofrece una \u00fatil gu\u00eda de reediciones modernas , permitiendo al lector acceder f\u00e1cilmente a las obras cl\u00e1sicas de estos gigantes de la fe.  El libro est\u00e1 estructurado de manera clara y did\u00e1ctica:   Presenta biograf\u00edas concisas de m\u00e1s de cien escritores puritanos.  Explica las fortalezas teol\u00f3gicas y espirituales de cada autor.  Ofrece una evaluaci\u00f3n cr\u00edtica de sus obras m\u00e1s importantes.  Incluye recomendaciones sobre ediciones modernas disponibles.  &nbsp;  Este volumen combina rigor acad\u00e9mico con un estilo accesible, siendo ideal tanto para principiantes como para eruditos avanzados. Como se\u00f1alan destacados te\u00f3logos y pastores en las recomendaciones, este libro puede convertirse en un referente indispensable para todo amante de la teolog\u00eda reformada y la piedad profunda.  Los puritanos no fueron simplemente figuras del pasado; sus escritos siguen teniendo voz prof\u00e9tica para nuestra \u00e9poca. Conoce a los Puritanos no solo nos ayuda a entender su legado, sino que tambi\u00e9n enciende en nosotros el deseo de leerlos, aprender de ellos y aplicar sus ense\u00f1anzas a nuestras vidas personales, familiares y eclesi\u00e1sticas.  Un libro fundamental para quienes buscan crecer en sabidur\u00eda b\u00edblica, santidad personal y compromiso pastoral.  &nbsp;","og_url":"https:\/\/publicacionesaquila.com\/en\/product\/conoce-a-los-puritanos-con-una-guia-de-las-reediciones-modernas\/","og_site_name":"Publicaciones Aquila","article_modified_time":"2025-07-15T15:24:17+00:00","og_image":[{"width":1080,"height":1080,"url":"https:\/\/publicacionesaquila.com\/wp-content\/uploads\/2025\/06\/2.jpg","type":"image\/jpeg"}],"twitter_card":"summary_large_image","twitter_misc":{"Est. reading time":"1 minute"},"schema":{"@context":"https:\/\/schema.org","@graph":[{"@type":"WebPage","@id":"https:\/\/publicacionesaquila.com\/producto\/conoce-a-los-puritanos-con-una-guia-de-las-reediciones-modernas\/","url":"https:\/\/publicacionesaquila.com\/producto\/conoce-a-los-puritanos-con-una-guia-de-las-reediciones-modernas\/","name":"Conoce a los puritanos: con una gu\u00eda de las reediciones modernas - Publicaciones Aquila","isPartOf":{"@id":"https:\/\/publicacionesaquila.com\/#website"},"primaryImageOfPage":{"@id":"https:\/\/publicacionesaquila.com\/producto\/conoce-a-los-puritanos-con-una-guia-de-las-reediciones-modernas\/#primaryimage"},"image":{"@id":"https:\/\/publicacionesaquila.com\/producto\/conoce-a-los-puritanos-con-una-guia-de-las-reediciones-modernas\/#primaryimage"},"thumbnailUrl":"https:\/\/publicacionesaquila.com\/wp-content\/uploads\/2025\/06\/2.jpg","datePublished":"2025-06-24T21:55:11+00:00","dateModified":"2025-07-15T15:24:17+00:00","breadcrumb":{"@id":"https:\/\/publicacionesaquila.com\/producto\/conoce-a-los-puritanos-con-una-guia-de-las-reediciones-modernas\/#breadcrumb"},"inLanguage":"en-US","potentialAction":[{"@type":"ReadAction","target":["https:\/\/publicacionesaquila.com\/producto\/conoce-a-los-puritanos-con-una-guia-de-las-reediciones-modernas\/"]}]},{"@type":"ImageObject","inLanguage":"en-US","@id":"https:\/\/publicacionesaquila.com\/producto\/conoce-a-los-puritanos-con-una-guia-de-las-reediciones-modernas\/#primaryimage","url":"https:\/\/publicacionesaquila.com\/wp-content\/uploads\/2025\/06\/2.jpg","contentUrl":"https:\/\/publicacionesaquila.com\/wp-content\/uploads\/2025\/06\/2.jpg","width":1080,"height":1080},{"@type":"BreadcrumbList","@id":"https:\/\/publicacionesaquila.com\/producto\/conoce-a-los-puritanos-con-una-guia-de-las-reediciones-modernas\/#breadcrumb","itemListElement":[{"@type":"ListItem","position":1,"name":"Portada","item":"https:\/\/publicacionesaquila.com\/"},{"@type":"ListItem","position":2,"name":"Publicaciones","item":"https:\/\/publicacionesaquila.com\/publicaciones\/"},{"@type":"ListItem","position":3,"name":"Conoce a los puritanos: con una gu\u00eda de las reediciones modernas"}]},{"@type":"WebSite","@id":"https:\/\/publicacionesaquila.com\/#website","url":"https:\/\/publicacionesaquila.com\/","name":"Aquila Publications","description":"Cat\u00e1logo de Libros","potentialAction":[{"@type":"SearchAction","target":{"@type":"EntryPoint","urlTemplate":"https:\/\/publicacionesaquila.com\/?s={search_term_string}"},"query-input":{"@type":"PropertyValueSpecification","valueRequired":true,"valueName":"search_term_string"}}],"inLanguage":"en-US"}]}},"_links":{"self":[{"href":"https:\/\/publicacionesaquila.com\/en\/wp-json\/wp\/v2\/product\/2809","targetHints":{"allow":["GET"]}}],"collection":[{"href":"https:\/\/publicacionesaquila.com\/en\/wp-json\/wp\/v2\/product"}],"about":[{"href":"https:\/\/publicacionesaquila.com\/en\/wp-json\/wp\/v2\/types\/product"}],"replies":[{"embeddable":true,"href":"https:\/\/publicacionesaquila.com\/en\/wp-json\/wp\/v2\/comments?post=2809"}],"wp:featuredmedia":[{"embeddable":true,"href":"https:\/\/publicacionesaquila.com\/en\/wp-json\/wp\/v2\/media\/4640"}],"wp:attachment":[{"href":"https:\/\/publicacionesaquila.com\/en\/wp-json\/wp\/v2\/media?parent=2809"}],"wp:term":[{"taxonomy":"product_brand","embeddable":true,"href":"https:\/\/publicacionesaquila.com\/en\/wp-json\/wp\/v2\/product_brand?post=2809"},{"taxonomy":"product_cat","embeddable":true,"href":"https:\/\/publicacionesaquila.com\/en\/wp-json\/wp\/v2\/product_cat?post=2809"},{"taxonomy":"product_tag","embeddable":true,"href":"https:\/\/publicacionesaquila.com\/en\/wp-json\/wp\/v2\/product_tag?post=2809"}],"curies":[{"name":"wp","href":"https:\/\/api.w.org\/{rel}","templated":true}]}}