{"id":2808,"date":"2025-06-24T21:50:49","date_gmt":"2025-06-24T21:50:49","guid":{"rendered":"https:\/\/publicacionesaquila.com\/?post_type=product&#038;p=2808"},"modified":"2025-07-14T22:14:51","modified_gmt":"2025-07-14T22:14:51","slug":"tiene-sentido-la-vida","status":"publish","type":"product","link":"https:\/\/publicacionesaquila.com\/en\/product\/tiene-sentido-la-vida\/","title":{"rendered":"Does Life Have Any Meaning?"},"content":{"rendered":"","protected":false},"excerpt":{"rendered":"<p>&nbsp;<\/p>\n<p><a style=\"display: inline-block; padding: 12px 24px; font-size: 14px; color: black; background-color: white; border: 2px solid #000; border-radius: 5px; text-decoration: none; transition: all 0.3s ease; cursor: pointer;\" href=\"https:\/\/www.cristianismohist.com\/tiene-sentido-la-vida\/\" target=\"_blank\" rel=\"noopener\">Order this book<br \/>\n<\/a><\/p>\n<p>&nbsp;<\/p>\n<div id=\"ProductDescription\" class=\"Block Moveable Panel ProductDescription current\">\n<div class=\"ProductDescriptionContainer prodAccordionContent\">\n<p>Why are we here? Does everything we do really have meaning? Is there a purpose behind our struggles, achievements, relationships, and emotions? These questions are not merely philosophical or academic\u2014they touch the very core of our existence as human beings. And although we often try to ignore them or push them aside, they always return\u2014insistent and deep.<\/p>\n<div class=\"my-2\"><\/div>\n<p class=\" translation-block\">In \"Does Life Make Sense?\" , John Blanchard addresses this universal concern with clarity and compassion. The author does not settle for superficial answers or temporary comforts, but invites the reader to explore the very roots of human meaning from a biblical and rational perspective. With accessible language and solid reasoning, Blanchard examines why so many people feel existential emptiness in the midst of success, loneliness in the midst of crowds, and uncertainty about life beyond the material.<\/p>\n<div class=\"my-2\"><\/div>\n<p>The book also explores how cultures, religions, and philosophies have attempted to answer humanity\u2019s longing for meaning, showing why only Jesus Christ offers a complete and transformative answer. For Blanchard, the purpose of life is not something we invent or discover through mere introspection\u2014it is a truth revealed by God and made known to us through His Word.<\/p>\n<div class=\"my-2\"><\/div>\n<p class=\" translation-block\">This book is ideal both for those seeking honest answers about the purpose of life and for those who desire to walk alongside others on that spiritual journey. \"Does Life Make Sense?\" not only helps readers understand God\u2019s original design for humanity, but also presents the gospel as the only real solution to the inner void we all carry.<\/p>\n<div class=\"my-2\"><\/div>\n<p>A thoughtful, profound, and much-needed read for times of doubt, searching, or personal transition.<\/p>\n<div class=\"my-2\"><\/div>\n<\/div>\n<\/div>\n<div id=\"ProductOtherDetails\" class=\"Block Moveable Panel ProductOtherDetails current\"><\/div>","protected":false},"featured_media":4641,"comment_status":"closed","ping_status":"closed","template":"","meta":[],"product_brand":[134],"product_cat":[797],"product_tag":[488,492,497,501,271,500,493,491,505,502,496,495,490,504,489,494,499,498,503],"class_list":{"0":"post-2808","1":"product","2":"type-product","3":"status-publish","4":"has-post-thumbnail","6":"product_brand-john-blanchard","7":"product_cat-evangelizacion","8":"product_tag-tiene-sentido-la-vida","9":"product_tag-busqueda-de-sentido","10":"product_tag-crisis-existencial","11":"product_tag-cuestionamiento-espiritual","12":"product_tag-desarrollo-espiritual","13":"product_tag-evangelio-y-vida","14":"product_tag-existencialismo-cristiano","15":"product_tag-filosofia-cristiana","16":"product_tag-guia-espiritual","17":"product_tag-inspiracion-cristiana","18":"product_tag-libros-de-apologetica","19":"product_tag-preguntas-de-fe","20":"product_tag-proposito-humano","21":"product_tag-respuestas-biblicas","22":"product_tag-sentido-de-la-vida","23":"product_tag-significado-de-la-vida","24":"product_tag-teologia-practica","25":"product_tag-vida-con-proposito","26":"product_tag-vida-significativa","28":"first","29":"instock","30":"sale","31":"shipping-taxable","32":"product-type-simple"},"yoast_head":"<!-- This site is optimized with the Yoast SEO plugin v27.4 - https:\/\/yoast.com\/product\/yoast-seo-wordpress\/ -->\n<title>Tiene Sentido la Vida - Publicaciones Aquila<\/title>\n<meta name=\"robots\" content=\"index, follow, max-snippet:-1, max-image-preview:large, max-video-preview:-1\" \/>\n<link rel=\"canonical\" href=\"https:\/\/publicacionesaquila.com\/en\/product\/tiene-sentido-la-vida\/\" \/>\n<meta property=\"og:locale\" content=\"en_US\" \/>\n<meta property=\"og:type\" content=\"article\" \/>\n<meta property=\"og:title\" content=\"Tiene Sentido la Vida - Publicaciones Aquila\" \/>\n<meta property=\"og:description\" content=\"&nbsp;  Ordenar este libro   &nbsp;    \u00bfPor qu\u00e9 estamos aqu\u00ed? \u00bfRealmente tiene sentido todo lo que hacemos? \u00bfExiste un prop\u00f3sito detr\u00e1s de nuestras luchas, logros, relaciones y emociones? Estas preguntas no son solo filos\u00f3ficas o acad\u00e9micas; tocan el coraz\u00f3n mismo de nuestra existencia como seres humanos. Y aunque muchas veces intentamos ignorarlas o relegarlas a un segundo plano, siempre vuelven, insistentes y profundas.  En &quot;\u00bfTiene Sentido la Vida?&quot; , John Blanchard aborda con claridad y sensibilidad esta inquietud universal que todos compartimos. El autor no se limita a ofrecer respuestas superficiales o consuelos temporales, sino que invita al lector a explorar las ra\u00edces mismas del significado humano desde una perspectiva b\u00edblica y racional. Con estilo accesible y argumentos s\u00f3lidos, Blanchard examina por qu\u00e9 tantas personas sienten vac\u00edo existencial en medio del \u00e9xito, soledad en medio de la multitud, e incertidumbre sobre su futuro m\u00e1s all\u00e1 de lo material.  El libro tambi\u00e9n explora c\u00f3mo las culturas, religiones y filosof\u00edas han intentado responder al anhelo por encontrar sentido, destacando por qu\u00e9 solo en Jesucristo se encuentra una respuesta completa y transformadora. Para Blanchard, el sentido de la vida no es algo que podamos inventar ni descubrir por pura introspecci\u00f3n; es una verdad revelada por Dios y accesible \u00fanicamente a trav\u00e9s de su Palabra.  Este libro es ideal tanto para quienes est\u00e1n buscando respuestas sinceras sobre el prop\u00f3sito de la vida, como para aquellos que desean acompa\u00f1ar a otros en ese viaje espiritual. &quot;\u00bfTiene Sentido la Vida?&quot; no solo ayuda a comprender el dise\u00f1o original del hombre seg\u00fan la voluntad de Dios, sino que tambi\u00e9n presenta el evangelio como la \u00fanica soluci\u00f3n real al vac\u00edo que todos llevamos dentro.  Una lectura honesta, profunda y necesaria para tiempos de duda, b\u00fasqueda o transici\u00f3n personal.\" \/>\n<meta property=\"og:url\" content=\"https:\/\/publicacionesaquila.com\/en\/product\/tiene-sentido-la-vida\/\" \/>\n<meta property=\"og:site_name\" content=\"Publicaciones Aquila\" \/>\n<meta property=\"article:modified_time\" content=\"2025-07-14T22:14:51+00:00\" \/>\n<meta property=\"og:image\" content=\"https:\/\/publicacionesaquila.com\/wp-content\/uploads\/2025\/06\/1.jpg\" \/>\n\t<meta property=\"og:image:width\" content=\"1080\" \/>\n\t<meta property=\"og:image:height\" content=\"1080\" \/>\n\t<meta property=\"og:image:type\" content=\"image\/jpeg\" \/>\n<meta name=\"twitter:card\" content=\"summary_large_image\" \/>\n<meta name=\"twitter:label1\" content=\"Est. reading time\" \/>\n\t<meta name=\"twitter:data1\" content=\"1 minute\" \/>\n<script type=\"application\/ld+json\" class=\"yoast-schema-graph\">{\"@context\":\"https:\\\/\\\/schema.org\",\"@graph\":[{\"@type\":\"WebPage\",\"@id\":\"https:\\\/\\\/publicacionesaquila.com\\\/producto\\\/tiene-sentido-la-vida\\\/\",\"url\":\"https:\\\/\\\/publicacionesaquila.com\\\/producto\\\/tiene-sentido-la-vida\\\/\",\"name\":\"Tiene Sentido la Vida - Publicaciones Aquila\",\"isPartOf\":{\"@id\":\"https:\\\/\\\/publicacionesaquila.com\\\/#website\"},\"primaryImageOfPage\":{\"@id\":\"https:\\\/\\\/publicacionesaquila.com\\\/producto\\\/tiene-sentido-la-vida\\\/#primaryimage\"},\"image\":{\"@id\":\"https:\\\/\\\/publicacionesaquila.com\\\/producto\\\/tiene-sentido-la-vida\\\/#primaryimage\"},\"thumbnailUrl\":\"https:\\\/\\\/publicacionesaquila.com\\\/wp-content\\\/uploads\\\/2025\\\/06\\\/1.jpg\",\"datePublished\":\"2025-06-24T21:50:49+00:00\",\"dateModified\":\"2025-07-14T22:14:51+00:00\",\"breadcrumb\":{\"@id\":\"https:\\\/\\\/publicacionesaquila.com\\\/producto\\\/tiene-sentido-la-vida\\\/#breadcrumb\"},\"inLanguage\":\"en-US\",\"potentialAction\":[{\"@type\":\"ReadAction\",\"target\":[\"https:\\\/\\\/publicacionesaquila.com\\\/producto\\\/tiene-sentido-la-vida\\\/\"]}]},{\"@type\":\"ImageObject\",\"inLanguage\":\"en-US\",\"@id\":\"https:\\\/\\\/publicacionesaquila.com\\\/producto\\\/tiene-sentido-la-vida\\\/#primaryimage\",\"url\":\"https:\\\/\\\/publicacionesaquila.com\\\/wp-content\\\/uploads\\\/2025\\\/06\\\/1.jpg\",\"contentUrl\":\"https:\\\/\\\/publicacionesaquila.com\\\/wp-content\\\/uploads\\\/2025\\\/06\\\/1.jpg\",\"width\":1080,\"height\":1080},{\"@type\":\"BreadcrumbList\",\"@id\":\"https:\\\/\\\/publicacionesaquila.com\\\/producto\\\/tiene-sentido-la-vida\\\/#breadcrumb\",\"itemListElement\":[{\"@type\":\"ListItem\",\"position\":1,\"name\":\"Portada\",\"item\":\"https:\\\/\\\/publicacionesaquila.com\\\/\"},{\"@type\":\"ListItem\",\"position\":2,\"name\":\"Publicaciones\",\"item\":\"https:\\\/\\\/publicacionesaquila.com\\\/publicaciones\\\/\"},{\"@type\":\"ListItem\",\"position\":3,\"name\":\"Tiene Sentido la Vida\"}]},{\"@type\":\"WebSite\",\"@id\":\"https:\\\/\\\/publicacionesaquila.com\\\/#website\",\"url\":\"https:\\\/\\\/publicacionesaquila.com\\\/\",\"name\":\"Publicaciones Aquila\",\"description\":\"Cat\u00e1logo de Libros\",\"potentialAction\":[{\"@type\":\"SearchAction\",\"target\":{\"@type\":\"EntryPoint\",\"urlTemplate\":\"https:\\\/\\\/publicacionesaquila.com\\\/?s={search_term_string}\"},\"query-input\":{\"@type\":\"PropertyValueSpecification\",\"valueRequired\":true,\"valueName\":\"search_term_string\"}}],\"inLanguage\":\"en-US\"}]}<\/script>\n<!-- \/ Yoast SEO plugin. -->","yoast_head_json":{"title":"Tiene Sentido la Vida - Publicaciones Aquila","robots":{"index":"index","follow":"follow","max-snippet":"max-snippet:-1","max-image-preview":"max-image-preview:large","max-video-preview":"max-video-preview:-1"},"canonical":"https:\/\/publicacionesaquila.com\/en\/product\/tiene-sentido-la-vida\/","og_locale":"en_US","og_type":"article","og_title":"Tiene Sentido la Vida - Publicaciones Aquila","og_description":"&nbsp;  Ordenar este libro   &nbsp;    \u00bfPor qu\u00e9 estamos aqu\u00ed? \u00bfRealmente tiene sentido todo lo que hacemos? \u00bfExiste un prop\u00f3sito detr\u00e1s de nuestras luchas, logros, relaciones y emociones? Estas preguntas no son solo filos\u00f3ficas o acad\u00e9micas; tocan el coraz\u00f3n mismo de nuestra existencia como seres humanos. Y aunque muchas veces intentamos ignorarlas o relegarlas a un segundo plano, siempre vuelven, insistentes y profundas.  En \"\u00bfTiene Sentido la Vida?\" , John Blanchard aborda con claridad y sensibilidad esta inquietud universal que todos compartimos. El autor no se limita a ofrecer respuestas superficiales o consuelos temporales, sino que invita al lector a explorar las ra\u00edces mismas del significado humano desde una perspectiva b\u00edblica y racional. Con estilo accesible y argumentos s\u00f3lidos, Blanchard examina por qu\u00e9 tantas personas sienten vac\u00edo existencial en medio del \u00e9xito, soledad en medio de la multitud, e incertidumbre sobre su futuro m\u00e1s all\u00e1 de lo material.  El libro tambi\u00e9n explora c\u00f3mo las culturas, religiones y filosof\u00edas han intentado responder al anhelo por encontrar sentido, destacando por qu\u00e9 solo en Jesucristo se encuentra una respuesta completa y transformadora. Para Blanchard, el sentido de la vida no es algo que podamos inventar ni descubrir por pura introspecci\u00f3n; es una verdad revelada por Dios y accesible \u00fanicamente a trav\u00e9s de su Palabra.  Este libro es ideal tanto para quienes est\u00e1n buscando respuestas sinceras sobre el prop\u00f3sito de la vida, como para aquellos que desean acompa\u00f1ar a otros en ese viaje espiritual. \"\u00bfTiene Sentido la Vida?\" no solo ayuda a comprender el dise\u00f1o original del hombre seg\u00fan la voluntad de Dios, sino que tambi\u00e9n presenta el evangelio como la \u00fanica soluci\u00f3n real al vac\u00edo que todos llevamos dentro.  Una lectura honesta, profunda y necesaria para tiempos de duda, b\u00fasqueda o transici\u00f3n personal.","og_url":"https:\/\/publicacionesaquila.com\/en\/product\/tiene-sentido-la-vida\/","og_site_name":"Publicaciones Aquila","article_modified_time":"2025-07-14T22:14:51+00:00","og_image":[{"width":1080,"height":1080,"url":"https:\/\/publicacionesaquila.com\/wp-content\/uploads\/2025\/06\/1.jpg","type":"image\/jpeg"}],"twitter_card":"summary_large_image","twitter_misc":{"Est. reading time":"1 minute"},"schema":{"@context":"https:\/\/schema.org","@graph":[{"@type":"WebPage","@id":"https:\/\/publicacionesaquila.com\/producto\/tiene-sentido-la-vida\/","url":"https:\/\/publicacionesaquila.com\/producto\/tiene-sentido-la-vida\/","name":"Tiene Sentido la Vida - Publicaciones Aquila","isPartOf":{"@id":"https:\/\/publicacionesaquila.com\/#website"},"primaryImageOfPage":{"@id":"https:\/\/publicacionesaquila.com\/producto\/tiene-sentido-la-vida\/#primaryimage"},"image":{"@id":"https:\/\/publicacionesaquila.com\/producto\/tiene-sentido-la-vida\/#primaryimage"},"thumbnailUrl":"https:\/\/publicacionesaquila.com\/wp-content\/uploads\/2025\/06\/1.jpg","datePublished":"2025-06-24T21:50:49+00:00","dateModified":"2025-07-14T22:14:51+00:00","breadcrumb":{"@id":"https:\/\/publicacionesaquila.com\/producto\/tiene-sentido-la-vida\/#breadcrumb"},"inLanguage":"en-US","potentialAction":[{"@type":"ReadAction","target":["https:\/\/publicacionesaquila.com\/producto\/tiene-sentido-la-vida\/"]}]},{"@type":"ImageObject","inLanguage":"en-US","@id":"https:\/\/publicacionesaquila.com\/producto\/tiene-sentido-la-vida\/#primaryimage","url":"https:\/\/publicacionesaquila.com\/wp-content\/uploads\/2025\/06\/1.jpg","contentUrl":"https:\/\/publicacionesaquila.com\/wp-content\/uploads\/2025\/06\/1.jpg","width":1080,"height":1080},{"@type":"BreadcrumbList","@id":"https:\/\/publicacionesaquila.com\/producto\/tiene-sentido-la-vida\/#breadcrumb","itemListElement":[{"@type":"ListItem","position":1,"name":"Portada","item":"https:\/\/publicacionesaquila.com\/"},{"@type":"ListItem","position":2,"name":"Publicaciones","item":"https:\/\/publicacionesaquila.com\/publicaciones\/"},{"@type":"ListItem","position":3,"name":"Tiene Sentido la Vida"}]},{"@type":"WebSite","@id":"https:\/\/publicacionesaquila.com\/#website","url":"https:\/\/publicacionesaquila.com\/","name":"Aquila Publications","description":"Cat\u00e1logo de Libros","potentialAction":[{"@type":"SearchAction","target":{"@type":"EntryPoint","urlTemplate":"https:\/\/publicacionesaquila.com\/?s={search_term_string}"},"query-input":{"@type":"PropertyValueSpecification","valueRequired":true,"valueName":"search_term_string"}}],"inLanguage":"en-US"}]}},"_links":{"self":[{"href":"https:\/\/publicacionesaquila.com\/en\/wp-json\/wp\/v2\/product\/2808","targetHints":{"allow":["GET"]}}],"collection":[{"href":"https:\/\/publicacionesaquila.com\/en\/wp-json\/wp\/v2\/product"}],"about":[{"href":"https:\/\/publicacionesaquila.com\/en\/wp-json\/wp\/v2\/types\/product"}],"replies":[{"embeddable":true,"href":"https:\/\/publicacionesaquila.com\/en\/wp-json\/wp\/v2\/comments?post=2808"}],"wp:featuredmedia":[{"embeddable":true,"href":"https:\/\/publicacionesaquila.com\/en\/wp-json\/wp\/v2\/media\/4641"}],"wp:attachment":[{"href":"https:\/\/publicacionesaquila.com\/en\/wp-json\/wp\/v2\/media?parent=2808"}],"wp:term":[{"taxonomy":"product_brand","embeddable":true,"href":"https:\/\/publicacionesaquila.com\/en\/wp-json\/wp\/v2\/product_brand?post=2808"},{"taxonomy":"product_cat","embeddable":true,"href":"https:\/\/publicacionesaquila.com\/en\/wp-json\/wp\/v2\/product_cat?post=2808"},{"taxonomy":"product_tag","embeddable":true,"href":"https:\/\/publicacionesaquila.com\/en\/wp-json\/wp\/v2\/product_tag?post=2808"}],"curies":[{"name":"wp","href":"https:\/\/api.w.org\/{rel}","templated":true}]}}