{"id":2807,"date":"2025-06-24T21:45:57","date_gmt":"2025-06-24T21:45:57","guid":{"rendered":"https:\/\/publicacionesaquila.com\/?post_type=product&#038;p=2807"},"modified":"2025-07-14T22:16:24","modified_gmt":"2025-07-14T22:16:24","slug":"como-vivir-la-vida-cristiana","status":"publish","type":"product","link":"https:\/\/publicacionesaquila.com\/en\/product\/como-vivir-la-vida-cristiana\/","title":{"rendered":"Living the Christian Life"},"content":{"rendered":"","protected":false},"excerpt":{"rendered":"<p>&nbsp;<\/p>\n<p><a style=\"display: inline-block; padding: 12px 24px; font-size: 14px; color: black; background-color: white; border: 2px solid #000; border-radius: 5px; text-decoration: none; transition: all 0.3s ease; cursor: pointer;\" href=\"https:\/\/www.cristianismohist.com\/como-vivir-la-vida-cristiana-living-the-christian-life-albert-n-martin\/\" target=\"_blank\" rel=\"noopener\">Order this book<br \/>\n<\/a><\/p>\n<p>&nbsp;<\/p>\n<p data-spm-anchor-id=\"a2ty_o01.29997173.0.i9.2540c921tY8VfB\" class=\" translation-block\">\"How can I live a fruitful and victorious Christian life?\" is a question many believers ask at some point\u2014especially when going through seasons of spiritual struggle, emotional dryness, or apparent failure in their walk with God. In \"How to Live the Christian Life\" , pastor Albert N. Martin offers a biblical, clear, and deeply pastoral answer to this deeply human and spiritual concern.<\/p>\n<div class=\"my-2\"><\/div>\n<p>This small but powerful book does not settle for superficial advice or quick formulas for spiritual success. Rather, Martin leads us to the very heart of the gospel and reminds us that true Christian living is not built on human techniques, but on a transforming relationship with Jesus Christ. With his characteristic style\u2014firm, clear, and full of grace\u2014the author examines what it means to follow Christ from a biblical perspective, rejecting popular trends that offer \u201cvictory\u201d without repentance, \u201cfreedom\u201d without discipline, or \u201cfaith\u201d without fruit.<\/p>\n<div class=\"my-2\"><\/div>\n<p>Through six foundational principles of genuine spiritual experience, Martin guides the reader toward a deeper understanding of what it means to walk with God day by day. He also courageously confronts imbalanced teachings that promise fast spiritual renewal without biblical depth. His focus always returns to Christ as the center of all authentic Christian living.<\/p>\n<div class=\"my-2\"><\/div>\n<p class=\" translation-block\">\"How to Live the Christian Life\" is ideal both for believers seeking stability in their faith and for those who desire to understand what it truly means to live a Christ-centered life. This book invites readers to reflect, examine themselves, and return to the foundations of God\u2019s Word\u2014helping us build a solid spiritual life centered on Christ and grounded in truth.<\/p>\n<div class=\"my-2\"><\/div>\n<p class=\" translation-block\">An essential read for every Christian who longs not just to live a religious life, but to live Life with a capital \"L\" \u2014a life born of the Spirit, lived by faith, and devoted to the glory of God.<\/p>\n<p>&nbsp;<\/p>","protected":false},"featured_media":4598,"comment_status":"closed","ping_status":"closed","template":"","meta":[],"product_brand":[66],"product_cat":[76],"product_tag":[512,506,149,513,160,508,515,517,514,507,510,505,483,511,516,480,80,509,148],"class_list":{"0":"post-2807","1":"product","2":"type-product","3":"status-publish","4":"has-post-thumbnail","6":"product_brand-albert-n-martin","7":"product_cat-vida-cristiana","8":"product_tag-camino-cristiano","9":"product_tag-como-vivir-la-vida-cristiana","10":"product_tag-crecimiento-espiritual","11":"product_tag-cristocentrismo","12":"product_tag-devocional-cristiano","13":"product_tag-discipulado-cristiano","14":"product_tag-escuela-de-fe","15":"product_tag-evangelio-y-practica","16":"product_tag-experiencia-cristiana","17":"product_tag-fe-autentica","18":"product_tag-fruto-del-espiritu","19":"product_tag-guia-espiritual","20":"product_tag-libro-cristiano","21":"product_tag-lucha-espiritual","22":"product_tag-oracion-y-vida-interior","23":"product_tag-teologia-biblica","24":"product_tag-vida-cristiana","25":"product_tag-vida-en-cristo","26":"product_tag-vida-espiritual","28":"first","29":"instock","30":"sale","31":"shipping-taxable","32":"product-type-simple"},"yoast_head":"<!-- This site is optimized with the Yoast SEO plugin v27.4 - https:\/\/yoast.com\/product\/yoast-seo-wordpress\/ -->\n<title>C\u00f3mo vivir la vida cristiana - Publicaciones Aquila<\/title>\n<meta name=\"robots\" content=\"index, follow, max-snippet:-1, max-image-preview:large, max-video-preview:-1\" \/>\n<link rel=\"canonical\" href=\"https:\/\/publicacionesaquila.com\/en\/product\/como-vivir-la-vida-cristiana\/\" \/>\n<meta property=\"og:locale\" content=\"en_US\" \/>\n<meta property=\"og:type\" content=\"article\" \/>\n<meta property=\"og:title\" content=\"C\u00f3mo vivir la vida cristiana - Publicaciones Aquila\" \/>\n<meta property=\"og:description\" content=\"&nbsp;  Ordenar este libro   &nbsp; &quot;\u00bfC\u00f3mo puedo vivir una vida cristiana fruct\u00edfera y victoriosa?&quot; es una pregunta que muchos creyentes se hacen en alg\u00fan momento, especialmente cuando atraviesan temporadas de lucha espiritual, sequedad emocional o fracaso aparente en su caminar con Dios. En &quot;C\u00f3mo vivir la vida cristiana&quot; , el pastor Albert N. Martin ofrece una respuesta b\u00edblica, clara y profundamente pastoral a esta inquietud tan humana como espiritual.   Este peque\u00f1o pero poderoso libro no se queda en consejos superficiales ni en f\u00f3rmulas r\u00e1pidas de \u00e9xito espiritual. M\u00e1s bien, Martin nos lleva al coraz\u00f3n mismo del evangelio y nos recuerda que la verdadera vida cristiana no se fundamenta en t\u00e9cnicas humanas, sino en una relaci\u00f3n transformadora con Jesucristo. Con su estilo caracter\u00edstico \u2014firme, claro y lleno de gracia\u2014, el autor examina lo que significa seguir a Cristo desde una perspectiva b\u00edblica, rechazando las corrientes populares que ofrecen \u201cvictorias\u201d sin arrepentimiento, &quot;libertad&quot; sin disciplina, o &quot;fe&quot; sin frutos.  A trav\u00e9s de seis principios fundamentales de experiencia espiritual genuina, Martin gu\u00eda al lector hacia una comprensi\u00f3n m\u00e1s profunda de lo que implica andar con Dios d\u00eda a d\u00eda. Tambi\u00e9n no teme denunciar ense\u00f1anzas desequilibradas que prometen un avivamiento espiritual r\u00e1pido pero vac\u00edo de contenido b\u00edblico. Su enfoque siempre regresa a Cristo como el centro de toda vida cristiana aut\u00e9ntica.  &quot;C\u00f3mo vivir la vida cristiana&quot; es ideal tanto para el creyente que busca estabilidad en su fe como para aquel que desea entender mejor qu\u00e9 significa llevar una vida verdaderamente cristoc\u00e9ntrica. Este libro invita a reflexionar, examinarse y retornar a los fundamentos de la Palabra de Dios, ayud\u00e1ndonos a construir una vida espiritual s\u00f3lida, centrada en Cristo y fundada en la verdad.  Una lectura indispensable para todo cristiano que anhele vivir no solo una vida religiosa , sino la Vida con V may\u00fascula : aquella que nace del Esp\u00edritu, vive por la fe y glorifica a Dios.  &nbsp;\" \/>\n<meta property=\"og:url\" content=\"https:\/\/publicacionesaquila.com\/en\/product\/como-vivir-la-vida-cristiana\/\" \/>\n<meta property=\"og:site_name\" content=\"Publicaciones Aquila\" \/>\n<meta property=\"article:modified_time\" content=\"2025-07-14T22:16:24+00:00\" \/>\n<meta property=\"og:image\" content=\"https:\/\/publicacionesaquila.com\/wp-content\/uploads\/2025\/06\/44.jpg\" \/>\n\t<meta property=\"og:image:width\" content=\"1080\" \/>\n\t<meta property=\"og:image:height\" content=\"1080\" \/>\n\t<meta property=\"og:image:type\" content=\"image\/jpeg\" \/>\n<meta name=\"twitter:card\" content=\"summary_large_image\" \/>\n<meta name=\"twitter:label1\" content=\"Est. reading time\" \/>\n\t<meta name=\"twitter:data1\" content=\"1 minute\" \/>\n<script type=\"application\/ld+json\" class=\"yoast-schema-graph\">{\"@context\":\"https:\\\/\\\/schema.org\",\"@graph\":[{\"@type\":\"WebPage\",\"@id\":\"https:\\\/\\\/publicacionesaquila.com\\\/producto\\\/como-vivir-la-vida-cristiana\\\/\",\"url\":\"https:\\\/\\\/publicacionesaquila.com\\\/producto\\\/como-vivir-la-vida-cristiana\\\/\",\"name\":\"C\u00f3mo vivir la vida cristiana - Publicaciones Aquila\",\"isPartOf\":{\"@id\":\"https:\\\/\\\/publicacionesaquila.com\\\/#website\"},\"primaryImageOfPage\":{\"@id\":\"https:\\\/\\\/publicacionesaquila.com\\\/producto\\\/como-vivir-la-vida-cristiana\\\/#primaryimage\"},\"image\":{\"@id\":\"https:\\\/\\\/publicacionesaquila.com\\\/producto\\\/como-vivir-la-vida-cristiana\\\/#primaryimage\"},\"thumbnailUrl\":\"https:\\\/\\\/publicacionesaquila.com\\\/wp-content\\\/uploads\\\/2025\\\/06\\\/44.jpg\",\"datePublished\":\"2025-06-24T21:45:57+00:00\",\"dateModified\":\"2025-07-14T22:16:24+00:00\",\"breadcrumb\":{\"@id\":\"https:\\\/\\\/publicacionesaquila.com\\\/producto\\\/como-vivir-la-vida-cristiana\\\/#breadcrumb\"},\"inLanguage\":\"en-US\",\"potentialAction\":[{\"@type\":\"ReadAction\",\"target\":[\"https:\\\/\\\/publicacionesaquila.com\\\/producto\\\/como-vivir-la-vida-cristiana\\\/\"]}]},{\"@type\":\"ImageObject\",\"inLanguage\":\"en-US\",\"@id\":\"https:\\\/\\\/publicacionesaquila.com\\\/producto\\\/como-vivir-la-vida-cristiana\\\/#primaryimage\",\"url\":\"https:\\\/\\\/publicacionesaquila.com\\\/wp-content\\\/uploads\\\/2025\\\/06\\\/44.jpg\",\"contentUrl\":\"https:\\\/\\\/publicacionesaquila.com\\\/wp-content\\\/uploads\\\/2025\\\/06\\\/44.jpg\",\"width\":1080,\"height\":1080},{\"@type\":\"BreadcrumbList\",\"@id\":\"https:\\\/\\\/publicacionesaquila.com\\\/producto\\\/como-vivir-la-vida-cristiana\\\/#breadcrumb\",\"itemListElement\":[{\"@type\":\"ListItem\",\"position\":1,\"name\":\"Portada\",\"item\":\"https:\\\/\\\/publicacionesaquila.com\\\/\"},{\"@type\":\"ListItem\",\"position\":2,\"name\":\"Publicaciones\",\"item\":\"https:\\\/\\\/publicacionesaquila.com\\\/publicaciones\\\/\"},{\"@type\":\"ListItem\",\"position\":3,\"name\":\"C\u00f3mo vivir la vida cristiana\"}]},{\"@type\":\"WebSite\",\"@id\":\"https:\\\/\\\/publicacionesaquila.com\\\/#website\",\"url\":\"https:\\\/\\\/publicacionesaquila.com\\\/\",\"name\":\"Publicaciones Aquila\",\"description\":\"Cat\u00e1logo de Libros\",\"potentialAction\":[{\"@type\":\"SearchAction\",\"target\":{\"@type\":\"EntryPoint\",\"urlTemplate\":\"https:\\\/\\\/publicacionesaquila.com\\\/?s={search_term_string}\"},\"query-input\":{\"@type\":\"PropertyValueSpecification\",\"valueRequired\":true,\"valueName\":\"search_term_string\"}}],\"inLanguage\":\"en-US\"}]}<\/script>\n<!-- \/ Yoast SEO plugin. -->","yoast_head_json":{"title":"C\u00f3mo vivir la vida cristiana - Publicaciones Aquila","robots":{"index":"index","follow":"follow","max-snippet":"max-snippet:-1","max-image-preview":"max-image-preview:large","max-video-preview":"max-video-preview:-1"},"canonical":"https:\/\/publicacionesaquila.com\/en\/product\/como-vivir-la-vida-cristiana\/","og_locale":"en_US","og_type":"article","og_title":"C\u00f3mo vivir la vida cristiana - Publicaciones Aquila","og_description":"&nbsp;  Ordenar este libro   &nbsp; \"\u00bfC\u00f3mo puedo vivir una vida cristiana fruct\u00edfera y victoriosa?\" es una pregunta que muchos creyentes se hacen en alg\u00fan momento, especialmente cuando atraviesan temporadas de lucha espiritual, sequedad emocional o fracaso aparente en su caminar con Dios. En \"C\u00f3mo vivir la vida cristiana\" , el pastor Albert N. Martin ofrece una respuesta b\u00edblica, clara y profundamente pastoral a esta inquietud tan humana como espiritual.   Este peque\u00f1o pero poderoso libro no se queda en consejos superficiales ni en f\u00f3rmulas r\u00e1pidas de \u00e9xito espiritual. M\u00e1s bien, Martin nos lleva al coraz\u00f3n mismo del evangelio y nos recuerda que la verdadera vida cristiana no se fundamenta en t\u00e9cnicas humanas, sino en una relaci\u00f3n transformadora con Jesucristo. Con su estilo caracter\u00edstico \u2014firme, claro y lleno de gracia\u2014, el autor examina lo que significa seguir a Cristo desde una perspectiva b\u00edblica, rechazando las corrientes populares que ofrecen \u201cvictorias\u201d sin arrepentimiento, \"libertad\" sin disciplina, o \"fe\" sin frutos.  A trav\u00e9s de seis principios fundamentales de experiencia espiritual genuina, Martin gu\u00eda al lector hacia una comprensi\u00f3n m\u00e1s profunda de lo que implica andar con Dios d\u00eda a d\u00eda. Tambi\u00e9n no teme denunciar ense\u00f1anzas desequilibradas que prometen un avivamiento espiritual r\u00e1pido pero vac\u00edo de contenido b\u00edblico. Su enfoque siempre regresa a Cristo como el centro de toda vida cristiana aut\u00e9ntica.  \"C\u00f3mo vivir la vida cristiana\" es ideal tanto para el creyente que busca estabilidad en su fe como para aquel que desea entender mejor qu\u00e9 significa llevar una vida verdaderamente cristoc\u00e9ntrica. Este libro invita a reflexionar, examinarse y retornar a los fundamentos de la Palabra de Dios, ayud\u00e1ndonos a construir una vida espiritual s\u00f3lida, centrada en Cristo y fundada en la verdad.  Una lectura indispensable para todo cristiano que anhele vivir no solo una vida religiosa , sino la Vida con V may\u00fascula : aquella que nace del Esp\u00edritu, vive por la fe y glorifica a Dios.  &nbsp;","og_url":"https:\/\/publicacionesaquila.com\/en\/product\/como-vivir-la-vida-cristiana\/","og_site_name":"Publicaciones Aquila","article_modified_time":"2025-07-14T22:16:24+00:00","og_image":[{"width":1080,"height":1080,"url":"https:\/\/publicacionesaquila.com\/wp-content\/uploads\/2025\/06\/44.jpg","type":"image\/jpeg"}],"twitter_card":"summary_large_image","twitter_misc":{"Est. reading time":"1 minute"},"schema":{"@context":"https:\/\/schema.org","@graph":[{"@type":"WebPage","@id":"https:\/\/publicacionesaquila.com\/producto\/como-vivir-la-vida-cristiana\/","url":"https:\/\/publicacionesaquila.com\/producto\/como-vivir-la-vida-cristiana\/","name":"C\u00f3mo vivir la vida cristiana - Publicaciones Aquila","isPartOf":{"@id":"https:\/\/publicacionesaquila.com\/#website"},"primaryImageOfPage":{"@id":"https:\/\/publicacionesaquila.com\/producto\/como-vivir-la-vida-cristiana\/#primaryimage"},"image":{"@id":"https:\/\/publicacionesaquila.com\/producto\/como-vivir-la-vida-cristiana\/#primaryimage"},"thumbnailUrl":"https:\/\/publicacionesaquila.com\/wp-content\/uploads\/2025\/06\/44.jpg","datePublished":"2025-06-24T21:45:57+00:00","dateModified":"2025-07-14T22:16:24+00:00","breadcrumb":{"@id":"https:\/\/publicacionesaquila.com\/producto\/como-vivir-la-vida-cristiana\/#breadcrumb"},"inLanguage":"en-US","potentialAction":[{"@type":"ReadAction","target":["https:\/\/publicacionesaquila.com\/producto\/como-vivir-la-vida-cristiana\/"]}]},{"@type":"ImageObject","inLanguage":"en-US","@id":"https:\/\/publicacionesaquila.com\/producto\/como-vivir-la-vida-cristiana\/#primaryimage","url":"https:\/\/publicacionesaquila.com\/wp-content\/uploads\/2025\/06\/44.jpg","contentUrl":"https:\/\/publicacionesaquila.com\/wp-content\/uploads\/2025\/06\/44.jpg","width":1080,"height":1080},{"@type":"BreadcrumbList","@id":"https:\/\/publicacionesaquila.com\/producto\/como-vivir-la-vida-cristiana\/#breadcrumb","itemListElement":[{"@type":"ListItem","position":1,"name":"Portada","item":"https:\/\/publicacionesaquila.com\/"},{"@type":"ListItem","position":2,"name":"Publicaciones","item":"https:\/\/publicacionesaquila.com\/publicaciones\/"},{"@type":"ListItem","position":3,"name":"C\u00f3mo vivir la vida cristiana"}]},{"@type":"WebSite","@id":"https:\/\/publicacionesaquila.com\/#website","url":"https:\/\/publicacionesaquila.com\/","name":"Aquila Publications","description":"Cat\u00e1logo de Libros","potentialAction":[{"@type":"SearchAction","target":{"@type":"EntryPoint","urlTemplate":"https:\/\/publicacionesaquila.com\/?s={search_term_string}"},"query-input":{"@type":"PropertyValueSpecification","valueRequired":true,"valueName":"search_term_string"}}],"inLanguage":"en-US"}]}},"_links":{"self":[{"href":"https:\/\/publicacionesaquila.com\/en\/wp-json\/wp\/v2\/product\/2807","targetHints":{"allow":["GET"]}}],"collection":[{"href":"https:\/\/publicacionesaquila.com\/en\/wp-json\/wp\/v2\/product"}],"about":[{"href":"https:\/\/publicacionesaquila.com\/en\/wp-json\/wp\/v2\/types\/product"}],"replies":[{"embeddable":true,"href":"https:\/\/publicacionesaquila.com\/en\/wp-json\/wp\/v2\/comments?post=2807"}],"wp:featuredmedia":[{"embeddable":true,"href":"https:\/\/publicacionesaquila.com\/en\/wp-json\/wp\/v2\/media\/4598"}],"wp:attachment":[{"href":"https:\/\/publicacionesaquila.com\/en\/wp-json\/wp\/v2\/media?parent=2807"}],"wp:term":[{"taxonomy":"product_brand","embeddable":true,"href":"https:\/\/publicacionesaquila.com\/en\/wp-json\/wp\/v2\/product_brand?post=2807"},{"taxonomy":"product_cat","embeddable":true,"href":"https:\/\/publicacionesaquila.com\/en\/wp-json\/wp\/v2\/product_cat?post=2807"},{"taxonomy":"product_tag","embeddable":true,"href":"https:\/\/publicacionesaquila.com\/en\/wp-json\/wp\/v2\/product_tag?post=2807"}],"curies":[{"name":"wp","href":"https:\/\/api.w.org\/{rel}","templated":true}]}}