{"id":2806,"date":"2025-06-24T21:40:45","date_gmt":"2025-06-24T21:40:45","guid":{"rendered":"https:\/\/publicacionesaquila.com\/?post_type=product&#038;p=2806"},"modified":"2025-07-14T22:17:29","modified_gmt":"2025-07-14T22:17:29","slug":"crecimiento-cristiano-saludable","status":"publish","type":"product","link":"https:\/\/publicacionesaquila.com\/en\/product\/crecimiento-cristiano-saludable\/","title":{"rendered":"Healthy Christian Growth"},"content":{"rendered":"","protected":false},"excerpt":{"rendered":"<p>&nbsp;<\/p>\n<p><a style=\"display: inline-block; padding: 12px 24px; font-size: 14px; color: black; background-color: white; border: 2px solid #000; border-radius: 5px; text-decoration: none; transition: all 0.3s ease; cursor: pointer;\" href=\"https:\/\/www.cristianismohist.com\/crecimiento-cristiano-saludable-healthy-christian-growth-sinclair-b-ferguson\/\" target=\"_blank\" rel=\"noopener\">Order this book<br \/>\n<\/a><\/p>\n<p>&nbsp;<\/p>\n<p data-spm-anchor-id=\"a2ty_o01.29997173.0.i11.2540c921tY8VfB\">How can a Christian grow spiritually? What does it mean to mature in the faith beyond simply attending church or knowing biblical doctrines? Why do some believers seem stuck in their walk with God, while others move forward with strength and joy?<\/p>\n<div class=\"my-2\"><\/div>\n<p class=\" translation-block\">In \"Healthy Christian Growth\" , respected theologian and pastor Sinclair B. Ferguson offers a clear, biblical, and deeply pastoral guide on how believers can progress toward spiritual maturity. Written especially for new believers but valuable for Christians at any stage of their spiritual journey, this booklet not only answers practical questions but also challenges readers to examine their personal relationship with Christ.<\/p>\n<div class=\"my-2\"><\/div>\n<p>Ferguson explores key themes such as:<\/p>\n<div class=\"my-2\"><\/div>\n<ul>\n<li>The role of the Holy Spirit in our growth.<\/li>\n<li>The importance of God\u2019s Word as daily nourishment.<\/li>\n<li>The balance between doctrine and practice in the Christian life.<\/li>\n<li>How to identify and overcome spiritual stagnation.<\/li>\n<li>The signs of genuine growth in Christ.<\/li>\n<\/ul>\n<p>&nbsp;<\/p>\n<p>With theological clarity and pastoral sensitivity, the author presents Christian growth not as a human achievement nor as an isolated mystical experience, but as a divine work that unfolds within us through grace\u2014using ordinary means such as prayer, preaching, worship, and fellowship with other believers.<\/p>\n<div class=\"my-2\"><\/div>\n<p class=\" translation-block\">The book also includes a helpful spiritual checkup \u2014a tool that allows readers to evaluate their own spiritual condition from a biblical perspective, avoiding superficial judgments or empty legalism. This feature makes it an ideal resource for both personal study and use in small groups, discipleship programs, or spiritual mentorship settings.<\/p>\n<div class=\"my-2\"><\/div>\n<p class=\" translation-block\">\"Healthy Christian Growth\" is essential reading for anyone who desires to understand how God transforms lives and how He calls us to grow\u2014not through human effort, but by His power and grace.<\/p>","protected":false},"featured_media":4599,"comment_status":"closed","ping_status":"closed","template":"","meta":[],"product_brand":[138],"product_cat":[72,76],"product_tag":[520,524,518,149,160,508,526,522,521,250,505,527,162,519,525,523,480,499,458],"class_list":{"0":"post-2806","1":"product","2":"type-product","3":"status-publish","4":"has-post-thumbnail","6":"product_brand-sinclair-b-ferguson","7":"product_cat-folletos","8":"product_cat-vida-cristiana","9":"product_tag-alimentando-la-fe","10":"product_tag-chequeo-espiritual","11":"product_tag-crecimiento-cristiano-saludable","12":"product_tag-crecimiento-espiritual","13":"product_tag-devocional-cristiano","14":"product_tag-discipulado-cristiano","15":"product_tag-escuela-de-oracion","16":"product_tag-espiritu-santo-y-crecimiento","17":"product_tag-estudio-biblico-personal","18":"product_tag-formacion-espiritual","19":"product_tag-guia-espiritual","20":"product_tag-libro-para-principiantes","21":"product_tag-libros-cristianos","22":"product_tag-madurez-cristiana","23":"product_tag-nuevos-creyentes","24":"product_tag-oracion-y-vida-cristiana","25":"product_tag-teologia-biblica","26":"product_tag-teologia-practica","27":"product_tag-vida-interior","29":"first","30":"instock","31":"sale","32":"shipping-taxable","33":"product-type-simple"},"yoast_head":"<!-- This site is optimized with the Yoast SEO plugin v27.4 - https:\/\/yoast.com\/product\/yoast-seo-wordpress\/ -->\n<title>Crecimiento Cristiano Saludable - Publicaciones Aquila<\/title>\n<meta name=\"robots\" content=\"index, follow, max-snippet:-1, max-image-preview:large, max-video-preview:-1\" \/>\n<link rel=\"canonical\" href=\"https:\/\/publicacionesaquila.com\/en\/product\/crecimiento-cristiano-saludable\/\" \/>\n<meta property=\"og:locale\" content=\"en_US\" \/>\n<meta property=\"og:type\" content=\"article\" \/>\n<meta property=\"og:title\" content=\"Crecimiento Cristiano Saludable - Publicaciones Aquila\" \/>\n<meta property=\"og:description\" content=\"&nbsp;  Ordenar este libro   &nbsp; \u00bfC\u00f3mo crecer espiritualmente como cristiano? \u00bfQu\u00e9 significa madurar en la fe m\u00e1s all\u00e1 de asistir a la iglesia o conocer doctrinas b\u00edblicas? \u00bfPor qu\u00e9 algunos creyentes parecen estancados en su caminar con Dios mientras otros avanzan con firmeza y gozo?   En &quot;Crecimiento Cristiano Saludable&quot; , el reconocido te\u00f3logo y pastor Sinclair B. Ferguson ofrece una gu\u00eda clara, b\u00edblica y profundamente pastoral sobre c\u00f3mo los creyentes pueden avanzar hacia la madurez espiritual. Dirigido especialmente a nuevos convertidos, pero \u00fatil para cristianos en cualquier etapa de su vida espiritual, este librito no solo responde preguntas pr\u00e1cticas, sino que tambi\u00e9n desaf\u00eda al lector a examinar su relaci\u00f3n personal con Cristo.  Ferguson aborda temas fundamentales como:    El papel del Esp\u00edritu Santo en nuestro crecimiento.  La importancia de la Palabra de Dios como alimento diario.  El equilibrio entre doctrina y pr\u00e1ctica en la vida cristiana.  C\u00f3mo identificar y superar estancamientos espirituales.  Las se\u00f1ales de un crecimiento genuino en Cristo.  &nbsp;  Con claridad teol\u00f3gica y sensibilidad pastoral, el autor presenta el crecimiento cristiano no como un logro humano ni como una experiencia m\u00edstica aislada, sino como una obra divina que se desarrolla en nosotros por medio de la gracia, mediante medios ordinarios como la oraci\u00f3n, la predicaci\u00f3n, la adoraci\u00f3n y la comuni\u00f3n con otros creyentes.  El libro incluye adem\u00e1s un pr\u00e1ctico chequeo espiritual , que permite al lector evaluar su propio estado espiritual desde una perspectiva b\u00edblica, sin caer en juicios superficiales o legalismos vac\u00edos. Este recurso lo convierte en una herramienta ideal tanto para estudio personal como para uso en grupos peque\u00f1os, discipulado o mentor\u00edas espirituales.  &quot;Crecimiento Cristiano Saludable&quot; es una lectura esencial para quienes desean entender c\u00f3mo Dios transforma vidas y c\u00f3mo \u00c9l desea que progresemos en la fe, no por esfuerzos humanos, sino por Su poder y gracia.\" \/>\n<meta property=\"og:url\" content=\"https:\/\/publicacionesaquila.com\/en\/product\/crecimiento-cristiano-saludable\/\" \/>\n<meta property=\"og:site_name\" content=\"Publicaciones Aquila\" \/>\n<meta property=\"article:modified_time\" content=\"2025-07-14T22:17:29+00:00\" \/>\n<meta property=\"og:image\" content=\"https:\/\/publicacionesaquila.com\/wp-content\/uploads\/2025\/06\/43.jpg\" \/>\n\t<meta property=\"og:image:width\" content=\"1080\" \/>\n\t<meta property=\"og:image:height\" content=\"1080\" \/>\n\t<meta property=\"og:image:type\" content=\"image\/jpeg\" \/>\n<meta name=\"twitter:card\" content=\"summary_large_image\" \/>\n<meta name=\"twitter:label1\" content=\"Est. reading time\" \/>\n\t<meta name=\"twitter:data1\" content=\"1 minute\" \/>\n<script type=\"application\/ld+json\" class=\"yoast-schema-graph\">{\"@context\":\"https:\\\/\\\/schema.org\",\"@graph\":[{\"@type\":\"WebPage\",\"@id\":\"https:\\\/\\\/publicacionesaquila.com\\\/producto\\\/crecimiento-cristiano-saludable\\\/\",\"url\":\"https:\\\/\\\/publicacionesaquila.com\\\/producto\\\/crecimiento-cristiano-saludable\\\/\",\"name\":\"Crecimiento Cristiano Saludable - Publicaciones Aquila\",\"isPartOf\":{\"@id\":\"https:\\\/\\\/publicacionesaquila.com\\\/#website\"},\"primaryImageOfPage\":{\"@id\":\"https:\\\/\\\/publicacionesaquila.com\\\/producto\\\/crecimiento-cristiano-saludable\\\/#primaryimage\"},\"image\":{\"@id\":\"https:\\\/\\\/publicacionesaquila.com\\\/producto\\\/crecimiento-cristiano-saludable\\\/#primaryimage\"},\"thumbnailUrl\":\"https:\\\/\\\/publicacionesaquila.com\\\/wp-content\\\/uploads\\\/2025\\\/06\\\/43.jpg\",\"datePublished\":\"2025-06-24T21:40:45+00:00\",\"dateModified\":\"2025-07-14T22:17:29+00:00\",\"breadcrumb\":{\"@id\":\"https:\\\/\\\/publicacionesaquila.com\\\/producto\\\/crecimiento-cristiano-saludable\\\/#breadcrumb\"},\"inLanguage\":\"en-US\",\"potentialAction\":[{\"@type\":\"ReadAction\",\"target\":[\"https:\\\/\\\/publicacionesaquila.com\\\/producto\\\/crecimiento-cristiano-saludable\\\/\"]}]},{\"@type\":\"ImageObject\",\"inLanguage\":\"en-US\",\"@id\":\"https:\\\/\\\/publicacionesaquila.com\\\/producto\\\/crecimiento-cristiano-saludable\\\/#primaryimage\",\"url\":\"https:\\\/\\\/publicacionesaquila.com\\\/wp-content\\\/uploads\\\/2025\\\/06\\\/43.jpg\",\"contentUrl\":\"https:\\\/\\\/publicacionesaquila.com\\\/wp-content\\\/uploads\\\/2025\\\/06\\\/43.jpg\",\"width\":1080,\"height\":1080},{\"@type\":\"BreadcrumbList\",\"@id\":\"https:\\\/\\\/publicacionesaquila.com\\\/producto\\\/crecimiento-cristiano-saludable\\\/#breadcrumb\",\"itemListElement\":[{\"@type\":\"ListItem\",\"position\":1,\"name\":\"Portada\",\"item\":\"https:\\\/\\\/publicacionesaquila.com\\\/\"},{\"@type\":\"ListItem\",\"position\":2,\"name\":\"Publicaciones\",\"item\":\"https:\\\/\\\/publicacionesaquila.com\\\/publicaciones\\\/\"},{\"@type\":\"ListItem\",\"position\":3,\"name\":\"Crecimiento Cristiano Saludable\"}]},{\"@type\":\"WebSite\",\"@id\":\"https:\\\/\\\/publicacionesaquila.com\\\/#website\",\"url\":\"https:\\\/\\\/publicacionesaquila.com\\\/\",\"name\":\"Publicaciones Aquila\",\"description\":\"Cat\u00e1logo de Libros\",\"potentialAction\":[{\"@type\":\"SearchAction\",\"target\":{\"@type\":\"EntryPoint\",\"urlTemplate\":\"https:\\\/\\\/publicacionesaquila.com\\\/?s={search_term_string}\"},\"query-input\":{\"@type\":\"PropertyValueSpecification\",\"valueRequired\":true,\"valueName\":\"search_term_string\"}}],\"inLanguage\":\"en-US\"}]}<\/script>\n<!-- \/ Yoast SEO plugin. -->","yoast_head_json":{"title":"Crecimiento Cristiano Saludable - Publicaciones Aquila","robots":{"index":"index","follow":"follow","max-snippet":"max-snippet:-1","max-image-preview":"max-image-preview:large","max-video-preview":"max-video-preview:-1"},"canonical":"https:\/\/publicacionesaquila.com\/en\/product\/crecimiento-cristiano-saludable\/","og_locale":"en_US","og_type":"article","og_title":"Crecimiento Cristiano Saludable - Publicaciones Aquila","og_description":"&nbsp;  Ordenar este libro   &nbsp; \u00bfC\u00f3mo crecer espiritualmente como cristiano? \u00bfQu\u00e9 significa madurar en la fe m\u00e1s all\u00e1 de asistir a la iglesia o conocer doctrinas b\u00edblicas? \u00bfPor qu\u00e9 algunos creyentes parecen estancados en su caminar con Dios mientras otros avanzan con firmeza y gozo?   En \"Crecimiento Cristiano Saludable\" , el reconocido te\u00f3logo y pastor Sinclair B. Ferguson ofrece una gu\u00eda clara, b\u00edblica y profundamente pastoral sobre c\u00f3mo los creyentes pueden avanzar hacia la madurez espiritual. Dirigido especialmente a nuevos convertidos, pero \u00fatil para cristianos en cualquier etapa de su vida espiritual, este librito no solo responde preguntas pr\u00e1cticas, sino que tambi\u00e9n desaf\u00eda al lector a examinar su relaci\u00f3n personal con Cristo.  Ferguson aborda temas fundamentales como:    El papel del Esp\u00edritu Santo en nuestro crecimiento.  La importancia de la Palabra de Dios como alimento diario.  El equilibrio entre doctrina y pr\u00e1ctica en la vida cristiana.  C\u00f3mo identificar y superar estancamientos espirituales.  Las se\u00f1ales de un crecimiento genuino en Cristo.  &nbsp;  Con claridad teol\u00f3gica y sensibilidad pastoral, el autor presenta el crecimiento cristiano no como un logro humano ni como una experiencia m\u00edstica aislada, sino como una obra divina que se desarrolla en nosotros por medio de la gracia, mediante medios ordinarios como la oraci\u00f3n, la predicaci\u00f3n, la adoraci\u00f3n y la comuni\u00f3n con otros creyentes.  El libro incluye adem\u00e1s un pr\u00e1ctico chequeo espiritual , que permite al lector evaluar su propio estado espiritual desde una perspectiva b\u00edblica, sin caer en juicios superficiales o legalismos vac\u00edos. Este recurso lo convierte en una herramienta ideal tanto para estudio personal como para uso en grupos peque\u00f1os, discipulado o mentor\u00edas espirituales.  \"Crecimiento Cristiano Saludable\" es una lectura esencial para quienes desean entender c\u00f3mo Dios transforma vidas y c\u00f3mo \u00c9l desea que progresemos en la fe, no por esfuerzos humanos, sino por Su poder y gracia.","og_url":"https:\/\/publicacionesaquila.com\/en\/product\/crecimiento-cristiano-saludable\/","og_site_name":"Publicaciones Aquila","article_modified_time":"2025-07-14T22:17:29+00:00","og_image":[{"width":1080,"height":1080,"url":"https:\/\/publicacionesaquila.com\/wp-content\/uploads\/2025\/06\/43.jpg","type":"image\/jpeg"}],"twitter_card":"summary_large_image","twitter_misc":{"Est. reading time":"1 minute"},"schema":{"@context":"https:\/\/schema.org","@graph":[{"@type":"WebPage","@id":"https:\/\/publicacionesaquila.com\/producto\/crecimiento-cristiano-saludable\/","url":"https:\/\/publicacionesaquila.com\/producto\/crecimiento-cristiano-saludable\/","name":"Crecimiento Cristiano Saludable - Publicaciones Aquila","isPartOf":{"@id":"https:\/\/publicacionesaquila.com\/#website"},"primaryImageOfPage":{"@id":"https:\/\/publicacionesaquila.com\/producto\/crecimiento-cristiano-saludable\/#primaryimage"},"image":{"@id":"https:\/\/publicacionesaquila.com\/producto\/crecimiento-cristiano-saludable\/#primaryimage"},"thumbnailUrl":"https:\/\/publicacionesaquila.com\/wp-content\/uploads\/2025\/06\/43.jpg","datePublished":"2025-06-24T21:40:45+00:00","dateModified":"2025-07-14T22:17:29+00:00","breadcrumb":{"@id":"https:\/\/publicacionesaquila.com\/producto\/crecimiento-cristiano-saludable\/#breadcrumb"},"inLanguage":"en-US","potentialAction":[{"@type":"ReadAction","target":["https:\/\/publicacionesaquila.com\/producto\/crecimiento-cristiano-saludable\/"]}]},{"@type":"ImageObject","inLanguage":"en-US","@id":"https:\/\/publicacionesaquila.com\/producto\/crecimiento-cristiano-saludable\/#primaryimage","url":"https:\/\/publicacionesaquila.com\/wp-content\/uploads\/2025\/06\/43.jpg","contentUrl":"https:\/\/publicacionesaquila.com\/wp-content\/uploads\/2025\/06\/43.jpg","width":1080,"height":1080},{"@type":"BreadcrumbList","@id":"https:\/\/publicacionesaquila.com\/producto\/crecimiento-cristiano-saludable\/#breadcrumb","itemListElement":[{"@type":"ListItem","position":1,"name":"Portada","item":"https:\/\/publicacionesaquila.com\/"},{"@type":"ListItem","position":2,"name":"Publicaciones","item":"https:\/\/publicacionesaquila.com\/publicaciones\/"},{"@type":"ListItem","position":3,"name":"Crecimiento Cristiano Saludable"}]},{"@type":"WebSite","@id":"https:\/\/publicacionesaquila.com\/#website","url":"https:\/\/publicacionesaquila.com\/","name":"Aquila Publications","description":"Cat\u00e1logo de Libros","potentialAction":[{"@type":"SearchAction","target":{"@type":"EntryPoint","urlTemplate":"https:\/\/publicacionesaquila.com\/?s={search_term_string}"},"query-input":{"@type":"PropertyValueSpecification","valueRequired":true,"valueName":"search_term_string"}}],"inLanguage":"en-US"}]}},"_links":{"self":[{"href":"https:\/\/publicacionesaquila.com\/en\/wp-json\/wp\/v2\/product\/2806","targetHints":{"allow":["GET"]}}],"collection":[{"href":"https:\/\/publicacionesaquila.com\/en\/wp-json\/wp\/v2\/product"}],"about":[{"href":"https:\/\/publicacionesaquila.com\/en\/wp-json\/wp\/v2\/types\/product"}],"replies":[{"embeddable":true,"href":"https:\/\/publicacionesaquila.com\/en\/wp-json\/wp\/v2\/comments?post=2806"}],"wp:featuredmedia":[{"embeddable":true,"href":"https:\/\/publicacionesaquila.com\/en\/wp-json\/wp\/v2\/media\/4599"}],"wp:attachment":[{"href":"https:\/\/publicacionesaquila.com\/en\/wp-json\/wp\/v2\/media?parent=2806"}],"wp:term":[{"taxonomy":"product_brand","embeddable":true,"href":"https:\/\/publicacionesaquila.com\/en\/wp-json\/wp\/v2\/product_brand?post=2806"},{"taxonomy":"product_cat","embeddable":true,"href":"https:\/\/publicacionesaquila.com\/en\/wp-json\/wp\/v2\/product_cat?post=2806"},{"taxonomy":"product_tag","embeddable":true,"href":"https:\/\/publicacionesaquila.com\/en\/wp-json\/wp\/v2\/product_tag?post=2806"}],"curies":[{"name":"wp","href":"https:\/\/api.w.org\/{rel}","templated":true}]}}