{"id":2802,"date":"2025-06-24T19:10:53","date_gmt":"2025-06-24T19:10:53","guid":{"rendered":"https:\/\/publicacionesaquila.com\/?post_type=product&#038;p=2802"},"modified":"2025-07-14T23:57:43","modified_gmt":"2025-07-14T23:57:43","slug":"guarda-tu-corazon","status":"publish","type":"product","link":"https:\/\/publicacionesaquila.com\/en\/product\/guarda-tu-corazon\/","title":{"rendered":"Keep your heart"},"content":{"rendered":"","protected":false},"excerpt":{"rendered":"<p>&nbsp;<\/p>\n<p><a style=\"display: inline-block; padding: 12px 24px; font-size: 14px; color: black; background-color: white; border: 2px solid #000; border-radius: 5px; text-decoration: none; transition: all 0.3s ease; cursor: pointer;\" href=\"https:\/\/www.cristianismohist.com\/guarda-tu-corazon-keeping-the-heart\/\" target=\"_blank\" rel=\"noopener\">Order this book<br \/>\n<\/a><\/p>\n<p>&nbsp;<\/p>\n<p data-spm-anchor-id=\"a2ty_o01.29997173.0.i1.2540c921tY8VfB\" class=\" translation-block\">\"Keep Your Heart\" , the classic work by the Puritan theologian John Flavel , is a deeply devotional and pastoral treatise addressing one of the Christian\u2019s most fundamental duties: the constant vigilance over his own heart. Quoting Proverbs 4:23 \u2014\u201cKeep your heart with all diligence, for out of it spring the issues of life\u201d\u2014Flavel unfolds this biblical command with an admirable blend of theological wisdom, pastoral sensitivity, and practical application.<\/p>\n<div class=\"my-2\"><\/div>\n<p class=\" translation-block\">Flavel not only defines what it means to \u201ckeep the heart\u201d\u2014to guard one\u2019s affections, desires, intentions, and inner motivations\u2014but also offers detailed guidance on when and how to do so. Through its pages, the reader will find healthy warnings, true comforts, and practical exhortations aimed at preserving a living communion with God amid the fluctuations of the Christian life.<\/p>\n<div class=\"my-2\"><\/div>\n<p class=\" translation-block\">The author skillfully identifies twelve critical moments in the believer\u2019s life when the heart is especially vulnerable: times of prosperity, adversity, danger, need, temptation, joy, sorrow, change, hope, doubt, spiritual comfort, and discouragement. In each of these contexts, Flavel offers clear, Scripture-based counsel that helps readers reflect, examine themselves, and realign their relationship with God.<\/p>\n<div class=\"my-2\"><\/div>\n<p class=\" translation-block\">More than a doctrinal book, \"Keep Your Heart\" is a spiritual tool for personal and communal growth. Though written in the 17th century, its message remains profoundly relevant today. Modern society\u2014with its many distractions, emotional pressures, and subtle temptations\u2014makes this kind of teaching even more necessary.<\/p>\n<div class=\"my-2\"><\/div>\n<p>This classic not only helps believers understand the importance of guarding their hearts but also provides practical means to do so. It is an invaluable resource for both pastors and ordinary Christians who desire to live lives marked by faithfulness, integrity, and love for God. Reading it carefully and applying it humbly can make a lasting difference in anyone\u2019s spiritual walk.<\/p>\n<div class=\"my-2\"><\/div>\n<p class=\" translation-block\">In short, \"Keep Your Heart\" is not merely a book that invites reflection\u2014it is an urgent call to practical holiness, inward watchfulness, and daily care for that which determines our Christian walk: the heart.<\/p>\n<p>&nbsp;<\/p>","protected":false},"featured_media":4629,"comment_status":"closed","ping_status":"closed","template":"","meta":[],"product_brand":[136],"product_cat":[76],"product_tag":[459,206,149,454,456,455,451,457,405,463,461,462,460,452,80,464,458,453],"class_list":{"0":"post-2802","1":"product","2":"type-product","3":"status-publish","4":"has-post-thumbnail","6":"product_brand-john-flavel","7":"product_cat-vida-cristiana","8":"product_tag-adversidad-cristiana","9":"product_tag-consuelo-biblico","10":"product_tag-crecimiento-espiritual","11":"product_tag-devocional-clasico","12":"product_tag-espiritualidad-biblica","13":"product_tag-guarda-el-corazon","14":"product_tag-guarda-tu-corazon","15":"product_tag-integridad-cristiana","16":"product_tag-libros-cristianos-clasicos","17":"product_tag-libros-para-creyentes","18":"product_tag-pastoral-cristiana","19":"product_tag-reflexion-espiritual","20":"product_tag-tentacion-y-fe","21":"product_tag-teologia-puritana","22":"product_tag-vida-cristiana","23":"product_tag-vida-de-oracion","24":"product_tag-vida-interior","25":"product_tag-vigilancia-espiritual","27":"first","28":"instock","29":"sale","30":"shipping-taxable","31":"product-type-simple"},"yoast_head":"<!-- This site is optimized with the Yoast SEO plugin v27.4 - https:\/\/yoast.com\/product\/yoast-seo-wordpress\/ -->\n<title>Guarda tu coraz\u00f3n - Publicaciones Aquila<\/title>\n<meta name=\"robots\" content=\"index, follow, max-snippet:-1, max-image-preview:large, max-video-preview:-1\" \/>\n<link rel=\"canonical\" href=\"https:\/\/publicacionesaquila.com\/en\/product\/guarda-tu-corazon\/\" \/>\n<meta property=\"og:locale\" content=\"en_US\" \/>\n<meta property=\"og:type\" content=\"article\" \/>\n<meta property=\"og:title\" content=\"Guarda tu coraz\u00f3n - Publicaciones Aquila\" \/>\n<meta property=\"og:description\" content=\"&nbsp;  Ordenar este libro   &nbsp; La obra cl\u00e1sica &quot;Guarda tu coraz\u00f3n&quot;, escrita por el te\u00f3logo puritano John Flavel , es un tratado devocional profundo y pastoral que aborda uno de los deberes m\u00e1s fundamentales del cristiano: la vigilancia constante sobre su propio coraz\u00f3n. Citando Proverbios 4:23, donde se nos exhorta a &quot;guardar el coraz\u00f3n con toda diligencia, porque de \u00e9l mana la vida&quot;, Flavel desarrolla este mandamiento b\u00edblico con una mezcla admirable de sabidur\u00eda teol\u00f3gica, sensibilidad pastoral y aplicaciones pr\u00e1cticas.   Flavel no solo define qu\u00e9 significa \u201cguardar el coraz\u00f3n\u201d \u2014vigilar los afectos, deseos, intenciones y motivaciones internas\u2014, sino que tambi\u00e9n ofrece una gu\u00eda detallada sobre cu\u00e1ndo y c\u00f3mo hacerlo. A trav\u00e9s de sus p\u00e1ginas, el lector encuentra advertencias sanas, consuelos verdaderos y exhortaciones pr\u00e1cticas dirigidas a mantener la comuni\u00f3n viva con Dios en medio de las fluctuaciones de la vida cristiana.  El autor identifica con precisi\u00f3n doce momentos cr\u00edticos en la vida del creyente donde el coraz\u00f3n est\u00e1 particularmente vulnerable: tiempos de prosperidad, adversidad, peligro, necesidad, tentaci\u00f3n, alegr\u00eda, tristeza, cambio, esperanza, duda, consuelo espiritual y des\u00e1nimo. En cada uno de estos contextos, Flavel ofrece consejos claros, basados en las Escrituras, que ayudan al lector a reflexionar, examinarse y reajustar su relaci\u00f3n con Dios.  M\u00e1s que un libro doctrinal, &quot;Guarda tu coraz\u00f3n&quot; es una herramienta espiritual para el crecimiento personal y comunitario. Su mensaje, aunque escrito en el siglo XVII, sigue siendo profundamente relevante en la actualidad. La sociedad moderna, con sus m\u00faltiples distracciones, presiones emocionales y tentaciones sutiles, hace a\u00fan m\u00e1s necesario este tipo de ense\u00f1anza.  Este cl\u00e1sico no solo ayuda al creyente a comprender la importancia de vigilar su coraz\u00f3n, sino que tambi\u00e9n provee medios pr\u00e1cticos para lograrlo. Es un recurso invaluable tanto para pastores como para cristianos comunes que desean vivir una vida de fidelidad, integridad y amor hacia Dios. Leerlo con atenci\u00f3n y aplicarlo con humildad puede marcar una diferencia significativa en la vida espiritual de cualquier persona.  En resumen, &quot;Guarda tu coraz\u00f3n&quot; no es solamente un libro que invita a la reflexi\u00f3n, sino un llamado urgente a la santidad pr\u00e1ctica, a la vigilancia interior y al cuidado diario de aquello que determina nuestro andar cristiano: el coraz\u00f3n.  &nbsp;\" \/>\n<meta property=\"og:url\" content=\"https:\/\/publicacionesaquila.com\/en\/product\/guarda-tu-corazon\/\" \/>\n<meta property=\"og:site_name\" content=\"Publicaciones Aquila\" \/>\n<meta property=\"article:modified_time\" content=\"2025-07-14T23:57:43+00:00\" \/>\n<meta property=\"og:image\" content=\"https:\/\/publicacionesaquila.com\/wp-content\/uploads\/2025\/06\/13.jpg\" \/>\n\t<meta property=\"og:image:width\" content=\"1080\" \/>\n\t<meta property=\"og:image:height\" content=\"1080\" \/>\n\t<meta property=\"og:image:type\" content=\"image\/jpeg\" \/>\n<meta name=\"twitter:card\" content=\"summary_large_image\" \/>\n<meta name=\"twitter:label1\" content=\"Est. reading time\" \/>\n\t<meta name=\"twitter:data1\" content=\"1 minute\" \/>\n<script type=\"application\/ld+json\" class=\"yoast-schema-graph\">{\"@context\":\"https:\\\/\\\/schema.org\",\"@graph\":[{\"@type\":\"WebPage\",\"@id\":\"https:\\\/\\\/publicacionesaquila.com\\\/producto\\\/guarda-tu-corazon\\\/\",\"url\":\"https:\\\/\\\/publicacionesaquila.com\\\/producto\\\/guarda-tu-corazon\\\/\",\"name\":\"Guarda tu coraz\u00f3n - Publicaciones Aquila\",\"isPartOf\":{\"@id\":\"https:\\\/\\\/publicacionesaquila.com\\\/#website\"},\"primaryImageOfPage\":{\"@id\":\"https:\\\/\\\/publicacionesaquila.com\\\/producto\\\/guarda-tu-corazon\\\/#primaryimage\"},\"image\":{\"@id\":\"https:\\\/\\\/publicacionesaquila.com\\\/producto\\\/guarda-tu-corazon\\\/#primaryimage\"},\"thumbnailUrl\":\"https:\\\/\\\/publicacionesaquila.com\\\/wp-content\\\/uploads\\\/2025\\\/06\\\/13.jpg\",\"datePublished\":\"2025-06-24T19:10:53+00:00\",\"dateModified\":\"2025-07-14T23:57:43+00:00\",\"breadcrumb\":{\"@id\":\"https:\\\/\\\/publicacionesaquila.com\\\/producto\\\/guarda-tu-corazon\\\/#breadcrumb\"},\"inLanguage\":\"en-US\",\"potentialAction\":[{\"@type\":\"ReadAction\",\"target\":[\"https:\\\/\\\/publicacionesaquila.com\\\/producto\\\/guarda-tu-corazon\\\/\"]}]},{\"@type\":\"ImageObject\",\"inLanguage\":\"en-US\",\"@id\":\"https:\\\/\\\/publicacionesaquila.com\\\/producto\\\/guarda-tu-corazon\\\/#primaryimage\",\"url\":\"https:\\\/\\\/publicacionesaquila.com\\\/wp-content\\\/uploads\\\/2025\\\/06\\\/13.jpg\",\"contentUrl\":\"https:\\\/\\\/publicacionesaquila.com\\\/wp-content\\\/uploads\\\/2025\\\/06\\\/13.jpg\",\"width\":1080,\"height\":1080},{\"@type\":\"BreadcrumbList\",\"@id\":\"https:\\\/\\\/publicacionesaquila.com\\\/producto\\\/guarda-tu-corazon\\\/#breadcrumb\",\"itemListElement\":[{\"@type\":\"ListItem\",\"position\":1,\"name\":\"Portada\",\"item\":\"https:\\\/\\\/publicacionesaquila.com\\\/\"},{\"@type\":\"ListItem\",\"position\":2,\"name\":\"Publicaciones\",\"item\":\"https:\\\/\\\/publicacionesaquila.com\\\/publicaciones\\\/\"},{\"@type\":\"ListItem\",\"position\":3,\"name\":\"Guarda tu coraz\u00f3n\"}]},{\"@type\":\"WebSite\",\"@id\":\"https:\\\/\\\/publicacionesaquila.com\\\/#website\",\"url\":\"https:\\\/\\\/publicacionesaquila.com\\\/\",\"name\":\"Publicaciones Aquila\",\"description\":\"Cat\u00e1logo de Libros\",\"potentialAction\":[{\"@type\":\"SearchAction\",\"target\":{\"@type\":\"EntryPoint\",\"urlTemplate\":\"https:\\\/\\\/publicacionesaquila.com\\\/?s={search_term_string}\"},\"query-input\":{\"@type\":\"PropertyValueSpecification\",\"valueRequired\":true,\"valueName\":\"search_term_string\"}}],\"inLanguage\":\"en-US\"}]}<\/script>\n<!-- \/ Yoast SEO plugin. -->","yoast_head_json":{"title":"Guarda tu coraz\u00f3n - Publicaciones Aquila","robots":{"index":"index","follow":"follow","max-snippet":"max-snippet:-1","max-image-preview":"max-image-preview:large","max-video-preview":"max-video-preview:-1"},"canonical":"https:\/\/publicacionesaquila.com\/en\/product\/guarda-tu-corazon\/","og_locale":"en_US","og_type":"article","og_title":"Guarda tu coraz\u00f3n - Publicaciones Aquila","og_description":"&nbsp;  Ordenar este libro   &nbsp; La obra cl\u00e1sica \"Guarda tu coraz\u00f3n\", escrita por el te\u00f3logo puritano John Flavel , es un tratado devocional profundo y pastoral que aborda uno de los deberes m\u00e1s fundamentales del cristiano: la vigilancia constante sobre su propio coraz\u00f3n. Citando Proverbios 4:23, donde se nos exhorta a \"guardar el coraz\u00f3n con toda diligencia, porque de \u00e9l mana la vida\", Flavel desarrolla este mandamiento b\u00edblico con una mezcla admirable de sabidur\u00eda teol\u00f3gica, sensibilidad pastoral y aplicaciones pr\u00e1cticas.   Flavel no solo define qu\u00e9 significa \u201cguardar el coraz\u00f3n\u201d \u2014vigilar los afectos, deseos, intenciones y motivaciones internas\u2014, sino que tambi\u00e9n ofrece una gu\u00eda detallada sobre cu\u00e1ndo y c\u00f3mo hacerlo. A trav\u00e9s de sus p\u00e1ginas, el lector encuentra advertencias sanas, consuelos verdaderos y exhortaciones pr\u00e1cticas dirigidas a mantener la comuni\u00f3n viva con Dios en medio de las fluctuaciones de la vida cristiana.  El autor identifica con precisi\u00f3n doce momentos cr\u00edticos en la vida del creyente donde el coraz\u00f3n est\u00e1 particularmente vulnerable: tiempos de prosperidad, adversidad, peligro, necesidad, tentaci\u00f3n, alegr\u00eda, tristeza, cambio, esperanza, duda, consuelo espiritual y des\u00e1nimo. En cada uno de estos contextos, Flavel ofrece consejos claros, basados en las Escrituras, que ayudan al lector a reflexionar, examinarse y reajustar su relaci\u00f3n con Dios.  M\u00e1s que un libro doctrinal, \"Guarda tu coraz\u00f3n\" es una herramienta espiritual para el crecimiento personal y comunitario. Su mensaje, aunque escrito en el siglo XVII, sigue siendo profundamente relevante en la actualidad. La sociedad moderna, con sus m\u00faltiples distracciones, presiones emocionales y tentaciones sutiles, hace a\u00fan m\u00e1s necesario este tipo de ense\u00f1anza.  Este cl\u00e1sico no solo ayuda al creyente a comprender la importancia de vigilar su coraz\u00f3n, sino que tambi\u00e9n provee medios pr\u00e1cticos para lograrlo. Es un recurso invaluable tanto para pastores como para cristianos comunes que desean vivir una vida de fidelidad, integridad y amor hacia Dios. Leerlo con atenci\u00f3n y aplicarlo con humildad puede marcar una diferencia significativa en la vida espiritual de cualquier persona.  En resumen, \"Guarda tu coraz\u00f3n\" no es solamente un libro que invita a la reflexi\u00f3n, sino un llamado urgente a la santidad pr\u00e1ctica, a la vigilancia interior y al cuidado diario de aquello que determina nuestro andar cristiano: el coraz\u00f3n.  &nbsp;","og_url":"https:\/\/publicacionesaquila.com\/en\/product\/guarda-tu-corazon\/","og_site_name":"Publicaciones Aquila","article_modified_time":"2025-07-14T23:57:43+00:00","og_image":[{"width":1080,"height":1080,"url":"https:\/\/publicacionesaquila.com\/wp-content\/uploads\/2025\/06\/13.jpg","type":"image\/jpeg"}],"twitter_card":"summary_large_image","twitter_misc":{"Est. reading time":"1 minute"},"schema":{"@context":"https:\/\/schema.org","@graph":[{"@type":"WebPage","@id":"https:\/\/publicacionesaquila.com\/producto\/guarda-tu-corazon\/","url":"https:\/\/publicacionesaquila.com\/producto\/guarda-tu-corazon\/","name":"Guarda tu coraz\u00f3n - Publicaciones Aquila","isPartOf":{"@id":"https:\/\/publicacionesaquila.com\/#website"},"primaryImageOfPage":{"@id":"https:\/\/publicacionesaquila.com\/producto\/guarda-tu-corazon\/#primaryimage"},"image":{"@id":"https:\/\/publicacionesaquila.com\/producto\/guarda-tu-corazon\/#primaryimage"},"thumbnailUrl":"https:\/\/publicacionesaquila.com\/wp-content\/uploads\/2025\/06\/13.jpg","datePublished":"2025-06-24T19:10:53+00:00","dateModified":"2025-07-14T23:57:43+00:00","breadcrumb":{"@id":"https:\/\/publicacionesaquila.com\/producto\/guarda-tu-corazon\/#breadcrumb"},"inLanguage":"en-US","potentialAction":[{"@type":"ReadAction","target":["https:\/\/publicacionesaquila.com\/producto\/guarda-tu-corazon\/"]}]},{"@type":"ImageObject","inLanguage":"en-US","@id":"https:\/\/publicacionesaquila.com\/producto\/guarda-tu-corazon\/#primaryimage","url":"https:\/\/publicacionesaquila.com\/wp-content\/uploads\/2025\/06\/13.jpg","contentUrl":"https:\/\/publicacionesaquila.com\/wp-content\/uploads\/2025\/06\/13.jpg","width":1080,"height":1080},{"@type":"BreadcrumbList","@id":"https:\/\/publicacionesaquila.com\/producto\/guarda-tu-corazon\/#breadcrumb","itemListElement":[{"@type":"ListItem","position":1,"name":"Portada","item":"https:\/\/publicacionesaquila.com\/"},{"@type":"ListItem","position":2,"name":"Publicaciones","item":"https:\/\/publicacionesaquila.com\/publicaciones\/"},{"@type":"ListItem","position":3,"name":"Guarda tu coraz\u00f3n"}]},{"@type":"WebSite","@id":"https:\/\/publicacionesaquila.com\/#website","url":"https:\/\/publicacionesaquila.com\/","name":"Aquila Publications","description":"Cat\u00e1logo de Libros","potentialAction":[{"@type":"SearchAction","target":{"@type":"EntryPoint","urlTemplate":"https:\/\/publicacionesaquila.com\/?s={search_term_string}"},"query-input":{"@type":"PropertyValueSpecification","valueRequired":true,"valueName":"search_term_string"}}],"inLanguage":"en-US"}]}},"_links":{"self":[{"href":"https:\/\/publicacionesaquila.com\/en\/wp-json\/wp\/v2\/product\/2802","targetHints":{"allow":["GET"]}}],"collection":[{"href":"https:\/\/publicacionesaquila.com\/en\/wp-json\/wp\/v2\/product"}],"about":[{"href":"https:\/\/publicacionesaquila.com\/en\/wp-json\/wp\/v2\/types\/product"}],"replies":[{"embeddable":true,"href":"https:\/\/publicacionesaquila.com\/en\/wp-json\/wp\/v2\/comments?post=2802"}],"wp:featuredmedia":[{"embeddable":true,"href":"https:\/\/publicacionesaquila.com\/en\/wp-json\/wp\/v2\/media\/4629"}],"wp:attachment":[{"href":"https:\/\/publicacionesaquila.com\/en\/wp-json\/wp\/v2\/media?parent=2802"}],"wp:term":[{"taxonomy":"product_brand","embeddable":true,"href":"https:\/\/publicacionesaquila.com\/en\/wp-json\/wp\/v2\/product_brand?post=2802"},{"taxonomy":"product_cat","embeddable":true,"href":"https:\/\/publicacionesaquila.com\/en\/wp-json\/wp\/v2\/product_cat?post=2802"},{"taxonomy":"product_tag","embeddable":true,"href":"https:\/\/publicacionesaquila.com\/en\/wp-json\/wp\/v2\/product_tag?post=2802"}],"curies":[{"name":"wp","href":"https:\/\/api.w.org\/{rel}","templated":true}]}}