{"id":2800,"date":"2025-06-24T18:56:21","date_gmt":"2025-06-24T18:56:21","guid":{"rendered":"https:\/\/publicacionesaquila.com\/?post_type=product&#038;p=2800"},"modified":"2025-07-14T23:59:09","modified_gmt":"2025-07-14T23:59:09","slug":"la-verdad-sobre-el-infierno","status":"publish","type":"product","link":"https:\/\/publicacionesaquila.com\/en\/product\/la-verdad-sobre-el-infierno\/","title":{"rendered":"The Truth About Hell"},"content":{"rendered":"","protected":false},"excerpt":{"rendered":"<p>&nbsp;<\/p>\n<p><a style=\"display: inline-block; padding: 12px 24px; font-size: 14px; color: black; background-color: white; border: 2px solid #000; border-radius: 5px; text-decoration: none; transition: all 0.3s ease; cursor: pointer;\" href=\"https:\/\/www.cristianismohist.com\/la-verdad-sobre-el-infierno\/\" target=\"_blank\" rel=\"noopener\">Order this book<br \/>\n<\/a><\/p>\n<p>&nbsp;<\/p>\n<p class=\" translation-block\">\"The Truth About Hell\" is not just a book about doctrine\u2014it is an urgent call to face a reality that many would rather ignore. Written by the renowned Christian apologist John Blanchard , this work addresses one of the most sensitive yet vital subjects in the Christian faith: the eternal reality of hell .<\/p>\n<div class=\"my-2\"><\/div>\n<p class=\" translation-block\">Blanchard begins by pointing out an interesting paradox: the word \u201chell\u201d is commonly used in our everyday culture\u2014in phrases like \u201crun like you\u2019re escaping from hell\u201d or \u201cgo through hell\u201d\u2014but its true meaning is rarely discussed. Does hell really exist? What does the Bible say about it? And why should we care?<\/p>\n<div class=\"my-2\"><\/div>\n<p>This short book not only answers these questions, but does so with clear biblical grounding\u2014avoiding unnecessary dogmatism and manipulative fear-mongering. Rather than simply stating facts, Blanchard invites the reader to examine what God\u2019s Word teaches about this crucial topic, and how that truth should impact our lives, decisions, and commitment to the gospel.<\/p>\n<div class=\"my-2\"><\/div>\n<p>The author goes beyond defining what hell is, and also explains:<\/p>\n<div class=\"my-2\"><\/div>\n<ul>\n<li>Why hell was created.<\/li>\n<li>Who will ultimately experience it.<\/li>\n<li>How God\u2019s love relates to eternal judgment.<\/li>\n<li>And how this subject must be understood in light of the message of salvation found in Jesus Christ.<\/li>\n<\/ul>\n<p>&nbsp;<\/p>\n<p>Although the topic may feel uncomfortable, Blanchard presents it with balance, respect, and a sincere desire to help readers understand the truth\u2014not only for their own sake, but so they can warn and guide others as well.<\/p>\n<div class=\"my-2\"><\/div>\n<p class=\" translation-block\">\"The Truth About Hell\" is ideal for both personal study and sharing with those seeking honest answers about man\u2019s eternal destiny. Its accessible style and evangelistic focus make this book a powerful tool for evangelism and spiritual growth.<\/p>\n<div class=\"my-2\"><\/div>\n<p class=\" translation-block\">As Rico Tice says in his endorsement: \"To ask this question about this book is more important than asking it about any other book published in the world this year.\"<\/p>\n<div class=\"my-2\"><\/div>\n<p>Reading it won\u2019t take long\u2026 but it could change your life\u2014and perhaps someone else\u2019s\u2014forever.<\/p>\n<p>&nbsp;<\/p>","protected":false},"featured_media":4568,"comment_status":"closed","ping_status":"closed","template":"","meta":[],"product_brand":[134],"product_cat":[797],"product_tag":[354,683,151,681,674,677,671,672,670,483,679,678,462,676,388,675,682,680,673],"class_list":{"0":"post-2800","1":"product","2":"type-product","3":"status-publish","4":"has-post-thumbnail","6":"product_brand-john-blanchard","7":"product_cat-evangelizacion","8":"product_tag-apologetica-cristiana","9":"product_tag-conversion-personal","10":"product_tag-doctrina-biblica","11":"product_tag-doctrina-evangelica","12":"product_tag-evangelizacion","13":"product_tag-fe-y-eternidad","14":"product_tag-infierno","15":"product_tag-juicio-divino","16":"product_tag-la-verdad-sobre-el-infierno","17":"product_tag-libro-cristiano","18":"product_tag-palabra-de-dios","19":"product_tag-realidad-espiritual","20":"product_tag-reflexion-espiritual","21":"product_tag-salvacion-en-cristo","22":"product_tag-temor-de-dios","23":"product_tag-teologia-del-juicio","24":"product_tag-verdades-biblicas","25":"product_tag-vida-despues-de-la-muerte","26":"product_tag-vida-eterna","28":"first","29":"instock","30":"shipping-taxable","31":"product-type-simple"},"yoast_head":"<!-- This site is optimized with the Yoast SEO plugin v27.4 - https:\/\/yoast.com\/product\/yoast-seo-wordpress\/ -->\n<title>La Verdad Sobre el Infierno - Publicaciones Aquila<\/title>\n<meta name=\"robots\" content=\"index, follow, max-snippet:-1, max-image-preview:large, max-video-preview:-1\" \/>\n<link rel=\"canonical\" href=\"https:\/\/publicacionesaquila.com\/en\/product\/la-verdad-sobre-el-infierno\/\" \/>\n<meta property=\"og:locale\" content=\"en_US\" \/>\n<meta property=\"og:type\" content=\"article\" \/>\n<meta property=\"og:title\" content=\"La Verdad Sobre el Infierno - Publicaciones Aquila\" \/>\n<meta property=\"og:description\" content=\"&nbsp;  Ordenar este libro   &nbsp;  &quot;La Verdad Sobre el Infierno&quot; no es solo un libro sobre doctrina, sino una llamada urgente a enfrentar una realidad que muchos prefieren ignorar. Escrito por el reconocido apologista cristiano John Blanchard , esta obra aborda con claridad b\u00edblica y sensibilidad pastoral uno de los temas m\u00e1s delicados pero tambi\u00e9n m\u00e1s importantes de la fe cristiana: la existencia eterna del infierno .  Blanchard comienza se\u00f1alando una paradoja interesante: la palabra \u201cinfierno\u201d es com\u00fanmente usada en nuestra cultura cotidiana \u2014en frases como \u201ccorre como si huyera del infierno\u201d o \u201cpasar por un infierno\u201d \u2014, pero rara vez se habla de su significado real. \u00bfRealmente existe el infierno? \u00bfQu\u00e9 dice la Biblia al respecto? \u00bfPor qu\u00e9 deber\u00eda importarnos?  Este peque\u00f1o librito no solo responde estas preguntas, sino que las aborda desde una perspectiva b\u00edblica clara, sin caer en dogmatismo innecesario ni en miedo manipulador. M\u00e1s bien, Blanchard invita al lector a examinar lo que la Palabra de Dios ense\u00f1a sobre este tema tan importante, y c\u00f3mo esa verdad debe impactar nuestra vida, nuestras decisiones y nuestro compromiso con el evangelio.  El autor no se limita a definir qu\u00e9 es el infierno, sino que tambi\u00e9n explica:    Por qu\u00e9 el infierno fue creado.  Qui\u00e9nes ser\u00e1n destinatarios de ese lugar.  Cu\u00e1l es la relaci\u00f3n entre el amor de Dios y el juicio eterno.  Y c\u00f3mo entender este tema a la luz del mensaje de salvaci\u00f3n en Jesucristo.  &nbsp;  Aunque el tema puede resultar inc\u00f3modo, Blanchard lo presenta con equilibrio, respeto y un claro deseo de ayudar al lector a conocer la verdad, no solo por su propio bien, sino tambi\u00e9n para que pueda advertir y guiar a otros.  &quot;La Verdad Sobre el Infierno&quot; es ideal tanto para estudio personal como para compartir con quienes buscan respuestas sinceras sobre el destino final del hombre. Su estilo accesible y su enfoque evangel\u00edstico hacen de este libro una herramienta poderosa para la evangelizaci\u00f3n y el crecimiento espiritual.  Como dice Rico Tice en su recomendaci\u00f3n: \u00abHacer esta pregunta sobre este libro es m\u00e1s importante que hacerla sobre cualquier otro libro que se haya publicado en el mundo este a\u00f1o\u00bb.  Leerlo no tomar\u00e1 mucho tiempo\u2026 pero podr\u00eda cambiar tu vida \u2014y quiz\u00e1s la de alguien m\u00e1s\u2014 para siempre.  &nbsp;\" \/>\n<meta property=\"og:url\" content=\"https:\/\/publicacionesaquila.com\/en\/product\/la-verdad-sobre-el-infierno\/\" \/>\n<meta property=\"og:site_name\" content=\"Publicaciones Aquila\" \/>\n<meta property=\"article:modified_time\" content=\"2025-07-14T23:59:09+00:00\" \/>\n<meta property=\"og:image\" content=\"https:\/\/publicacionesaquila.com\/wp-content\/uploads\/2025\/06\/74.jpg\" \/>\n\t<meta property=\"og:image:width\" content=\"1080\" \/>\n\t<meta property=\"og:image:height\" content=\"1080\" \/>\n\t<meta property=\"og:image:type\" content=\"image\/jpeg\" \/>\n<meta name=\"twitter:card\" content=\"summary_large_image\" \/>\n<meta name=\"twitter:label1\" content=\"Est. reading time\" \/>\n\t<meta name=\"twitter:data1\" content=\"1 minute\" \/>\n<script type=\"application\/ld+json\" class=\"yoast-schema-graph\">{\"@context\":\"https:\\\/\\\/schema.org\",\"@graph\":[{\"@type\":\"WebPage\",\"@id\":\"https:\\\/\\\/publicacionesaquila.com\\\/producto\\\/la-verdad-sobre-el-infierno\\\/\",\"url\":\"https:\\\/\\\/publicacionesaquila.com\\\/producto\\\/la-verdad-sobre-el-infierno\\\/\",\"name\":\"La Verdad Sobre el Infierno - Publicaciones Aquila\",\"isPartOf\":{\"@id\":\"https:\\\/\\\/publicacionesaquila.com\\\/#website\"},\"primaryImageOfPage\":{\"@id\":\"https:\\\/\\\/publicacionesaquila.com\\\/producto\\\/la-verdad-sobre-el-infierno\\\/#primaryimage\"},\"image\":{\"@id\":\"https:\\\/\\\/publicacionesaquila.com\\\/producto\\\/la-verdad-sobre-el-infierno\\\/#primaryimage\"},\"thumbnailUrl\":\"https:\\\/\\\/publicacionesaquila.com\\\/wp-content\\\/uploads\\\/2025\\\/06\\\/74.jpg\",\"datePublished\":\"2025-06-24T18:56:21+00:00\",\"dateModified\":\"2025-07-14T23:59:09+00:00\",\"breadcrumb\":{\"@id\":\"https:\\\/\\\/publicacionesaquila.com\\\/producto\\\/la-verdad-sobre-el-infierno\\\/#breadcrumb\"},\"inLanguage\":\"en-US\",\"potentialAction\":[{\"@type\":\"ReadAction\",\"target\":[\"https:\\\/\\\/publicacionesaquila.com\\\/producto\\\/la-verdad-sobre-el-infierno\\\/\"]}]},{\"@type\":\"ImageObject\",\"inLanguage\":\"en-US\",\"@id\":\"https:\\\/\\\/publicacionesaquila.com\\\/producto\\\/la-verdad-sobre-el-infierno\\\/#primaryimage\",\"url\":\"https:\\\/\\\/publicacionesaquila.com\\\/wp-content\\\/uploads\\\/2025\\\/06\\\/74.jpg\",\"contentUrl\":\"https:\\\/\\\/publicacionesaquila.com\\\/wp-content\\\/uploads\\\/2025\\\/06\\\/74.jpg\",\"width\":1080,\"height\":1080},{\"@type\":\"BreadcrumbList\",\"@id\":\"https:\\\/\\\/publicacionesaquila.com\\\/producto\\\/la-verdad-sobre-el-infierno\\\/#breadcrumb\",\"itemListElement\":[{\"@type\":\"ListItem\",\"position\":1,\"name\":\"Portada\",\"item\":\"https:\\\/\\\/publicacionesaquila.com\\\/\"},{\"@type\":\"ListItem\",\"position\":2,\"name\":\"Publicaciones\",\"item\":\"https:\\\/\\\/publicacionesaquila.com\\\/publicaciones\\\/\"},{\"@type\":\"ListItem\",\"position\":3,\"name\":\"La Verdad Sobre el Infierno\"}]},{\"@type\":\"WebSite\",\"@id\":\"https:\\\/\\\/publicacionesaquila.com\\\/#website\",\"url\":\"https:\\\/\\\/publicacionesaquila.com\\\/\",\"name\":\"Publicaciones Aquila\",\"description\":\"Cat\u00e1logo de Libros\",\"potentialAction\":[{\"@type\":\"SearchAction\",\"target\":{\"@type\":\"EntryPoint\",\"urlTemplate\":\"https:\\\/\\\/publicacionesaquila.com\\\/?s={search_term_string}\"},\"query-input\":{\"@type\":\"PropertyValueSpecification\",\"valueRequired\":true,\"valueName\":\"search_term_string\"}}],\"inLanguage\":\"en-US\"}]}<\/script>\n<!-- \/ Yoast SEO plugin. -->","yoast_head_json":{"title":"La Verdad Sobre el Infierno - Publicaciones Aquila","robots":{"index":"index","follow":"follow","max-snippet":"max-snippet:-1","max-image-preview":"max-image-preview:large","max-video-preview":"max-video-preview:-1"},"canonical":"https:\/\/publicacionesaquila.com\/en\/product\/la-verdad-sobre-el-infierno\/","og_locale":"en_US","og_type":"article","og_title":"La Verdad Sobre el Infierno - Publicaciones Aquila","og_description":"&nbsp;  Ordenar este libro   &nbsp;  \"La Verdad Sobre el Infierno\" no es solo un libro sobre doctrina, sino una llamada urgente a enfrentar una realidad que muchos prefieren ignorar. Escrito por el reconocido apologista cristiano John Blanchard , esta obra aborda con claridad b\u00edblica y sensibilidad pastoral uno de los temas m\u00e1s delicados pero tambi\u00e9n m\u00e1s importantes de la fe cristiana: la existencia eterna del infierno .  Blanchard comienza se\u00f1alando una paradoja interesante: la palabra \u201cinfierno\u201d es com\u00fanmente usada en nuestra cultura cotidiana \u2014en frases como \u201ccorre como si huyera del infierno\u201d o \u201cpasar por un infierno\u201d \u2014, pero rara vez se habla de su significado real. \u00bfRealmente existe el infierno? \u00bfQu\u00e9 dice la Biblia al respecto? \u00bfPor qu\u00e9 deber\u00eda importarnos?  Este peque\u00f1o librito no solo responde estas preguntas, sino que las aborda desde una perspectiva b\u00edblica clara, sin caer en dogmatismo innecesario ni en miedo manipulador. M\u00e1s bien, Blanchard invita al lector a examinar lo que la Palabra de Dios ense\u00f1a sobre este tema tan importante, y c\u00f3mo esa verdad debe impactar nuestra vida, nuestras decisiones y nuestro compromiso con el evangelio.  El autor no se limita a definir qu\u00e9 es el infierno, sino que tambi\u00e9n explica:    Por qu\u00e9 el infierno fue creado.  Qui\u00e9nes ser\u00e1n destinatarios de ese lugar.  Cu\u00e1l es la relaci\u00f3n entre el amor de Dios y el juicio eterno.  Y c\u00f3mo entender este tema a la luz del mensaje de salvaci\u00f3n en Jesucristo.  &nbsp;  Aunque el tema puede resultar inc\u00f3modo, Blanchard lo presenta con equilibrio, respeto y un claro deseo de ayudar al lector a conocer la verdad, no solo por su propio bien, sino tambi\u00e9n para que pueda advertir y guiar a otros.  \"La Verdad Sobre el Infierno\" es ideal tanto para estudio personal como para compartir con quienes buscan respuestas sinceras sobre el destino final del hombre. Su estilo accesible y su enfoque evangel\u00edstico hacen de este libro una herramienta poderosa para la evangelizaci\u00f3n y el crecimiento espiritual.  Como dice Rico Tice en su recomendaci\u00f3n: \u00abHacer esta pregunta sobre este libro es m\u00e1s importante que hacerla sobre cualquier otro libro que se haya publicado en el mundo este a\u00f1o\u00bb.  Leerlo no tomar\u00e1 mucho tiempo\u2026 pero podr\u00eda cambiar tu vida \u2014y quiz\u00e1s la de alguien m\u00e1s\u2014 para siempre.  &nbsp;","og_url":"https:\/\/publicacionesaquila.com\/en\/product\/la-verdad-sobre-el-infierno\/","og_site_name":"Publicaciones Aquila","article_modified_time":"2025-07-14T23:59:09+00:00","og_image":[{"width":1080,"height":1080,"url":"https:\/\/publicacionesaquila.com\/wp-content\/uploads\/2025\/06\/74.jpg","type":"image\/jpeg"}],"twitter_card":"summary_large_image","twitter_misc":{"Est. reading time":"1 minute"},"schema":{"@context":"https:\/\/schema.org","@graph":[{"@type":"WebPage","@id":"https:\/\/publicacionesaquila.com\/producto\/la-verdad-sobre-el-infierno\/","url":"https:\/\/publicacionesaquila.com\/producto\/la-verdad-sobre-el-infierno\/","name":"La Verdad Sobre el Infierno - Publicaciones Aquila","isPartOf":{"@id":"https:\/\/publicacionesaquila.com\/#website"},"primaryImageOfPage":{"@id":"https:\/\/publicacionesaquila.com\/producto\/la-verdad-sobre-el-infierno\/#primaryimage"},"image":{"@id":"https:\/\/publicacionesaquila.com\/producto\/la-verdad-sobre-el-infierno\/#primaryimage"},"thumbnailUrl":"https:\/\/publicacionesaquila.com\/wp-content\/uploads\/2025\/06\/74.jpg","datePublished":"2025-06-24T18:56:21+00:00","dateModified":"2025-07-14T23:59:09+00:00","breadcrumb":{"@id":"https:\/\/publicacionesaquila.com\/producto\/la-verdad-sobre-el-infierno\/#breadcrumb"},"inLanguage":"en-US","potentialAction":[{"@type":"ReadAction","target":["https:\/\/publicacionesaquila.com\/producto\/la-verdad-sobre-el-infierno\/"]}]},{"@type":"ImageObject","inLanguage":"en-US","@id":"https:\/\/publicacionesaquila.com\/producto\/la-verdad-sobre-el-infierno\/#primaryimage","url":"https:\/\/publicacionesaquila.com\/wp-content\/uploads\/2025\/06\/74.jpg","contentUrl":"https:\/\/publicacionesaquila.com\/wp-content\/uploads\/2025\/06\/74.jpg","width":1080,"height":1080},{"@type":"BreadcrumbList","@id":"https:\/\/publicacionesaquila.com\/producto\/la-verdad-sobre-el-infierno\/#breadcrumb","itemListElement":[{"@type":"ListItem","position":1,"name":"Portada","item":"https:\/\/publicacionesaquila.com\/"},{"@type":"ListItem","position":2,"name":"Publicaciones","item":"https:\/\/publicacionesaquila.com\/publicaciones\/"},{"@type":"ListItem","position":3,"name":"La Verdad Sobre el Infierno"}]},{"@type":"WebSite","@id":"https:\/\/publicacionesaquila.com\/#website","url":"https:\/\/publicacionesaquila.com\/","name":"Aquila Publications","description":"Cat\u00e1logo de Libros","potentialAction":[{"@type":"SearchAction","target":{"@type":"EntryPoint","urlTemplate":"https:\/\/publicacionesaquila.com\/?s={search_term_string}"},"query-input":{"@type":"PropertyValueSpecification","valueRequired":true,"valueName":"search_term_string"}}],"inLanguage":"en-US"}]}},"_links":{"self":[{"href":"https:\/\/publicacionesaquila.com\/en\/wp-json\/wp\/v2\/product\/2800","targetHints":{"allow":["GET"]}}],"collection":[{"href":"https:\/\/publicacionesaquila.com\/en\/wp-json\/wp\/v2\/product"}],"about":[{"href":"https:\/\/publicacionesaquila.com\/en\/wp-json\/wp\/v2\/types\/product"}],"replies":[{"embeddable":true,"href":"https:\/\/publicacionesaquila.com\/en\/wp-json\/wp\/v2\/comments?post=2800"}],"wp:featuredmedia":[{"embeddable":true,"href":"https:\/\/publicacionesaquila.com\/en\/wp-json\/wp\/v2\/media\/4568"}],"wp:attachment":[{"href":"https:\/\/publicacionesaquila.com\/en\/wp-json\/wp\/v2\/media?parent=2800"}],"wp:term":[{"taxonomy":"product_brand","embeddable":true,"href":"https:\/\/publicacionesaquila.com\/en\/wp-json\/wp\/v2\/product_brand?post=2800"},{"taxonomy":"product_cat","embeddable":true,"href":"https:\/\/publicacionesaquila.com\/en\/wp-json\/wp\/v2\/product_cat?post=2800"},{"taxonomy":"product_tag","embeddable":true,"href":"https:\/\/publicacionesaquila.com\/en\/wp-json\/wp\/v2\/product_tag?post=2800"}],"curies":[{"name":"wp","href":"https:\/\/api.w.org\/{rel}","templated":true}]}}