{"id":2795,"date":"2025-06-24T18:16:30","date_gmt":"2025-06-24T18:16:30","guid":{"rendered":"https:\/\/publicacionesaquila.com\/?post_type=product&#038;p=2795"},"modified":"2025-07-15T00:03:17","modified_gmt":"2025-07-15T00:03:17","slug":"por-que-deberias-negarte-a-ti-mismo","status":"publish","type":"product","link":"https:\/\/publicacionesaquila.com\/en\/product\/por-que-deberias-negarte-a-ti-mismo\/","title":{"rendered":"Why should you deny yourself?"},"content":{"rendered":"","protected":false},"excerpt":{"rendered":"<p>&nbsp;<\/p>\n<p><a style=\"display: inline-block; padding: 12px 24px; font-size: 14px; color: black; background-color: white; border: 2px solid #000; border-radius: 5px; text-decoration: none; transition: all 0.3s ease; cursor: pointer;\" href=\"https:\/\/www.cristianismohist.com\/por-que-deberias-negarte-a-ti-mismo-why-should-you-deny-yourself\/\" target=\"_blank\" rel=\"noopener\">Order this book<br \/>\n<\/a><\/p>\n<p>&nbsp;<\/p>\n<p data-spm-anchor-id=\"a2ty_o01.29997173.0.i33.5195c921OxiTpX\" class=\" translation-block\">Self-denial is not a foreign or optional idea in the Christian life; rather, it is one of the foundational principles that define a true disciple of Jesus Christ. As the author states from the very beginning: \u201cSelf-denial is one of the fundamental principles of the Christian life. It is elementary Christianity.\u201d<\/p>\n<div class=\"my-2\"><\/div>\n<p class=\" translation-block\">In this short but profound book, Ryan M. McGraw explores with biblical clarity and pastoral sensitivity what it means to \"deny oneself\" \u2014a command that Jesus Himself gave to His followers when He said, \"If anyone would come after me, let him deny himself and take up his cross daily and follow me\" (Luke 9:23).<\/p>\n<div class=\"my-2\"><\/div>\n<p>This book not only explains the theological meaning of self-denial, but also helps the reader understand:<\/p>\n<ul>\n<li>Why self-denial is central to the Christian life.<\/li>\n<li>How this attitude affects the way we think, feel, and act.<\/li>\n<li>What it means to reject what Christ forbids and obediently follow what He teaches.<\/li>\n<li>How self-denial promotes spiritual growth and strengthens our communion with God.<\/li>\n<\/ul>\n<p>&nbsp;<\/p>\n<p>McGraw does not remain in abstract concepts, but guides the reader toward practical application: What does it mean to give up our desires, ambitions, and sinful pleasures for the sake of God\u2019s kingdom? And how can we live a life centered on Christ rather than ourselves?<\/p>\n<div class=\"my-2\"><\/div>\n<p>Ideal for both personal study and group discussion, this booklet invites believers to reflect on the seriousness of Christian discipleship and to discover how self-denial\u2014though it may seem difficult\u2014is in fact a path of freedom, joy, and faithfulness to Christ.<\/p>\n<p>&nbsp;<\/p>","protected":false},"featured_media":4626,"comment_status":"closed","ping_status":"closed","template":"","meta":[],"product_brand":[121],"product_cat":[73,72,75,76],"product_tag":[327,149,85,330,240,251,254,331,239,329,332,328,288,333,80],"class_list":{"0":"post-2795","1":"product","2":"type-product","3":"status-publish","4":"has-post-thumbnail","6":"product_brand-ryan-m-mcgraw","7":"product_cat-cultivando-la-piedad-biblica","8":"product_cat-folletos","9":"product_cat-jovenes","10":"product_cat-vida-cristiana","11":"product_tag-abnegacion-cristiana","12":"product_tag-crecimiento-espiritual","13":"product_tag-discipulado","14":"product_tag-doctrina-cristiana","15":"product_tag-espiritualidad-reformada","16":"product_tag-libros-cristianos-breves","17":"product_tag-mortificacion-del-pecado","18":"product_tag-negarse-a-si-mismo","19":"product_tag-piedad-biblica","20":"product_tag-renunciar-al-yo","21":"product_tag-santidad-diaria","22":"product_tag-seguir-a-cristo","23":"product_tag-testimonio-cristiano","24":"product_tag-transformacion-por-la-gracia","25":"product_tag-vida-cristiana","27":"first","28":"instock","29":"sale","30":"shipping-taxable","31":"product-type-simple"},"yoast_head":"<!-- This site is optimized with the Yoast SEO plugin v27.4 - https:\/\/yoast.com\/product\/yoast-seo-wordpress\/ -->\n<title>\u00bfPor qu\u00e9 deber\u00edas negarte a ti mismo? - Publicaciones Aquila<\/title>\n<meta name=\"robots\" content=\"index, follow, max-snippet:-1, max-image-preview:large, max-video-preview:-1\" \/>\n<link rel=\"canonical\" href=\"https:\/\/publicacionesaquila.com\/en\/product\/por-que-deberias-negarte-a-ti-mismo\/\" \/>\n<meta property=\"og:locale\" content=\"en_US\" \/>\n<meta property=\"og:type\" content=\"article\" \/>\n<meta property=\"og:title\" content=\"\u00bfPor qu\u00e9 deber\u00edas negarte a ti mismo? - Publicaciones Aquila\" \/>\n<meta property=\"og:description\" content=\"&nbsp;  Ordenar este libro   &nbsp; La abnegaci\u00f3n no es una idea extra\u00f1a ni opcional en la vida cristiana; m\u00e1s bien, es uno de los principios fundamentales que definen al verdadero disc\u00edpulo de Jesucristo. Como afirma el autor desde el inicio: &quot;La abnegaci\u00f3n es uno de los principios fundamentales de la vida cristiana. Es cristianismo elemental.&quot;   En este breve pero profundo libro, Ryan M. McGraw explora con claridad b\u00edblica y sensibilidad pastoral lo que significa &quot;negarse a uno mismo&quot;, un mandato que Jes\u00fas mismo dio a sus seguidores cuando dijo: &quot;Si alguno quiere venir en pos de m\u00ed, ni\u00e9guese a s\u00ed mismo, tome su cruz cada d\u00eda, y s\u00edgame&quot; (Lucas 9:23) .  Este libro no solo explica el significado teol\u00f3gico de la abnegaci\u00f3n, sino que tambi\u00e9n ayuda al lector a comprender:   Por qu\u00e9 la abnegaci\u00f3n es central en la vida cristiana.  C\u00f3mo esta actitud afecta nuestra manera de pensar, sentir y actuar.  Qu\u00e9 implica rechazar lo que Cristo proh\u00edbe y seguir obedientemente lo que \u00c9l ense\u00f1a.  De qu\u00e9 manera la abnegaci\u00f3n promueve nuestro crecimiento espiritual y fortalece nuestra comuni\u00f3n con Dios.  &nbsp;  McGraw no se queda en conceptos abstractos, sino que lleva al lector hacia una aplicaci\u00f3n pr\u00e1ctica: \u00bfqu\u00e9 significa renunciar a nuestros deseos, ambiciones y placeres pecaminosos en aras del Reino de Dios? \u00bfC\u00f3mo vivir una vida centrada en Cristo y no en nosotros mismos?  Ideal tanto para estudio personal como grupal, este librito invita a los creyentes a reflexionar sobre la seriedad del discipulado cristiano y a descubrir c\u00f3mo la abnegaci\u00f3n, aunque parece dif\u00edcil, es en realidad un camino de libertad, gozo y fidelidad a Cristo.  &nbsp;\" \/>\n<meta property=\"og:url\" content=\"https:\/\/publicacionesaquila.com\/en\/product\/por-que-deberias-negarte-a-ti-mismo\/\" \/>\n<meta property=\"og:site_name\" content=\"Publicaciones Aquila\" \/>\n<meta property=\"article:modified_time\" content=\"2025-07-15T00:03:17+00:00\" \/>\n<meta property=\"og:image\" content=\"https:\/\/publicacionesaquila.com\/wp-content\/uploads\/2025\/06\/16.jpg\" \/>\n\t<meta property=\"og:image:width\" content=\"1080\" \/>\n\t<meta property=\"og:image:height\" content=\"1080\" \/>\n\t<meta property=\"og:image:type\" content=\"image\/jpeg\" \/>\n<meta name=\"twitter:card\" content=\"summary_large_image\" \/>\n<meta name=\"twitter:label1\" content=\"Est. reading time\" \/>\n\t<meta name=\"twitter:data1\" content=\"1 minute\" \/>\n<script type=\"application\/ld+json\" class=\"yoast-schema-graph\">{\"@context\":\"https:\\\/\\\/schema.org\",\"@graph\":[{\"@type\":\"WebPage\",\"@id\":\"https:\\\/\\\/publicacionesaquila.com\\\/producto\\\/por-que-deberias-negarte-a-ti-mismo\\\/\",\"url\":\"https:\\\/\\\/publicacionesaquila.com\\\/producto\\\/por-que-deberias-negarte-a-ti-mismo\\\/\",\"name\":\"\u00bfPor qu\u00e9 deber\u00edas negarte a ti mismo? - Publicaciones Aquila\",\"isPartOf\":{\"@id\":\"https:\\\/\\\/publicacionesaquila.com\\\/#website\"},\"primaryImageOfPage\":{\"@id\":\"https:\\\/\\\/publicacionesaquila.com\\\/producto\\\/por-que-deberias-negarte-a-ti-mismo\\\/#primaryimage\"},\"image\":{\"@id\":\"https:\\\/\\\/publicacionesaquila.com\\\/producto\\\/por-que-deberias-negarte-a-ti-mismo\\\/#primaryimage\"},\"thumbnailUrl\":\"https:\\\/\\\/publicacionesaquila.com\\\/wp-content\\\/uploads\\\/2025\\\/06\\\/16.jpg\",\"datePublished\":\"2025-06-24T18:16:30+00:00\",\"dateModified\":\"2025-07-15T00:03:17+00:00\",\"breadcrumb\":{\"@id\":\"https:\\\/\\\/publicacionesaquila.com\\\/producto\\\/por-que-deberias-negarte-a-ti-mismo\\\/#breadcrumb\"},\"inLanguage\":\"en-US\",\"potentialAction\":[{\"@type\":\"ReadAction\",\"target\":[\"https:\\\/\\\/publicacionesaquila.com\\\/producto\\\/por-que-deberias-negarte-a-ti-mismo\\\/\"]}]},{\"@type\":\"ImageObject\",\"inLanguage\":\"en-US\",\"@id\":\"https:\\\/\\\/publicacionesaquila.com\\\/producto\\\/por-que-deberias-negarte-a-ti-mismo\\\/#primaryimage\",\"url\":\"https:\\\/\\\/publicacionesaquila.com\\\/wp-content\\\/uploads\\\/2025\\\/06\\\/16.jpg\",\"contentUrl\":\"https:\\\/\\\/publicacionesaquila.com\\\/wp-content\\\/uploads\\\/2025\\\/06\\\/16.jpg\",\"width\":1080,\"height\":1080},{\"@type\":\"BreadcrumbList\",\"@id\":\"https:\\\/\\\/publicacionesaquila.com\\\/producto\\\/por-que-deberias-negarte-a-ti-mismo\\\/#breadcrumb\",\"itemListElement\":[{\"@type\":\"ListItem\",\"position\":1,\"name\":\"Portada\",\"item\":\"https:\\\/\\\/publicacionesaquila.com\\\/\"},{\"@type\":\"ListItem\",\"position\":2,\"name\":\"Publicaciones\",\"item\":\"https:\\\/\\\/publicacionesaquila.com\\\/publicaciones\\\/\"},{\"@type\":\"ListItem\",\"position\":3,\"name\":\"\u00bfPor qu\u00e9 deber\u00edas negarte a ti mismo?\"}]},{\"@type\":\"WebSite\",\"@id\":\"https:\\\/\\\/publicacionesaquila.com\\\/#website\",\"url\":\"https:\\\/\\\/publicacionesaquila.com\\\/\",\"name\":\"Publicaciones Aquila\",\"description\":\"Cat\u00e1logo de Libros\",\"potentialAction\":[{\"@type\":\"SearchAction\",\"target\":{\"@type\":\"EntryPoint\",\"urlTemplate\":\"https:\\\/\\\/publicacionesaquila.com\\\/?s={search_term_string}\"},\"query-input\":{\"@type\":\"PropertyValueSpecification\",\"valueRequired\":true,\"valueName\":\"search_term_string\"}}],\"inLanguage\":\"en-US\"}]}<\/script>\n<!-- \/ Yoast SEO plugin. -->","yoast_head_json":{"title":"\u00bfPor qu\u00e9 deber\u00edas negarte a ti mismo? - Publicaciones Aquila","robots":{"index":"index","follow":"follow","max-snippet":"max-snippet:-1","max-image-preview":"max-image-preview:large","max-video-preview":"max-video-preview:-1"},"canonical":"https:\/\/publicacionesaquila.com\/en\/product\/por-que-deberias-negarte-a-ti-mismo\/","og_locale":"en_US","og_type":"article","og_title":"\u00bfPor qu\u00e9 deber\u00edas negarte a ti mismo? - Publicaciones Aquila","og_description":"&nbsp;  Ordenar este libro   &nbsp; La abnegaci\u00f3n no es una idea extra\u00f1a ni opcional en la vida cristiana; m\u00e1s bien, es uno de los principios fundamentales que definen al verdadero disc\u00edpulo de Jesucristo. Como afirma el autor desde el inicio: \"La abnegaci\u00f3n es uno de los principios fundamentales de la vida cristiana. Es cristianismo elemental.\"   En este breve pero profundo libro, Ryan M. McGraw explora con claridad b\u00edblica y sensibilidad pastoral lo que significa \"negarse a uno mismo\", un mandato que Jes\u00fas mismo dio a sus seguidores cuando dijo: \"Si alguno quiere venir en pos de m\u00ed, ni\u00e9guese a s\u00ed mismo, tome su cruz cada d\u00eda, y s\u00edgame\" (Lucas 9:23) .  Este libro no solo explica el significado teol\u00f3gico de la abnegaci\u00f3n, sino que tambi\u00e9n ayuda al lector a comprender:   Por qu\u00e9 la abnegaci\u00f3n es central en la vida cristiana.  C\u00f3mo esta actitud afecta nuestra manera de pensar, sentir y actuar.  Qu\u00e9 implica rechazar lo que Cristo proh\u00edbe y seguir obedientemente lo que \u00c9l ense\u00f1a.  De qu\u00e9 manera la abnegaci\u00f3n promueve nuestro crecimiento espiritual y fortalece nuestra comuni\u00f3n con Dios.  &nbsp;  McGraw no se queda en conceptos abstractos, sino que lleva al lector hacia una aplicaci\u00f3n pr\u00e1ctica: \u00bfqu\u00e9 significa renunciar a nuestros deseos, ambiciones y placeres pecaminosos en aras del Reino de Dios? \u00bfC\u00f3mo vivir una vida centrada en Cristo y no en nosotros mismos?  Ideal tanto para estudio personal como grupal, este librito invita a los creyentes a reflexionar sobre la seriedad del discipulado cristiano y a descubrir c\u00f3mo la abnegaci\u00f3n, aunque parece dif\u00edcil, es en realidad un camino de libertad, gozo y fidelidad a Cristo.  &nbsp;","og_url":"https:\/\/publicacionesaquila.com\/en\/product\/por-que-deberias-negarte-a-ti-mismo\/","og_site_name":"Publicaciones Aquila","article_modified_time":"2025-07-15T00:03:17+00:00","og_image":[{"width":1080,"height":1080,"url":"https:\/\/publicacionesaquila.com\/wp-content\/uploads\/2025\/06\/16.jpg","type":"image\/jpeg"}],"twitter_card":"summary_large_image","twitter_misc":{"Est. reading time":"1 minute"},"schema":{"@context":"https:\/\/schema.org","@graph":[{"@type":"WebPage","@id":"https:\/\/publicacionesaquila.com\/producto\/por-que-deberias-negarte-a-ti-mismo\/","url":"https:\/\/publicacionesaquila.com\/producto\/por-que-deberias-negarte-a-ti-mismo\/","name":"\u00bfPor qu\u00e9 deber\u00edas negarte a ti mismo? - Publicaciones Aquila","isPartOf":{"@id":"https:\/\/publicacionesaquila.com\/#website"},"primaryImageOfPage":{"@id":"https:\/\/publicacionesaquila.com\/producto\/por-que-deberias-negarte-a-ti-mismo\/#primaryimage"},"image":{"@id":"https:\/\/publicacionesaquila.com\/producto\/por-que-deberias-negarte-a-ti-mismo\/#primaryimage"},"thumbnailUrl":"https:\/\/publicacionesaquila.com\/wp-content\/uploads\/2025\/06\/16.jpg","datePublished":"2025-06-24T18:16:30+00:00","dateModified":"2025-07-15T00:03:17+00:00","breadcrumb":{"@id":"https:\/\/publicacionesaquila.com\/producto\/por-que-deberias-negarte-a-ti-mismo\/#breadcrumb"},"inLanguage":"en-US","potentialAction":[{"@type":"ReadAction","target":["https:\/\/publicacionesaquila.com\/producto\/por-que-deberias-negarte-a-ti-mismo\/"]}]},{"@type":"ImageObject","inLanguage":"en-US","@id":"https:\/\/publicacionesaquila.com\/producto\/por-que-deberias-negarte-a-ti-mismo\/#primaryimage","url":"https:\/\/publicacionesaquila.com\/wp-content\/uploads\/2025\/06\/16.jpg","contentUrl":"https:\/\/publicacionesaquila.com\/wp-content\/uploads\/2025\/06\/16.jpg","width":1080,"height":1080},{"@type":"BreadcrumbList","@id":"https:\/\/publicacionesaquila.com\/producto\/por-que-deberias-negarte-a-ti-mismo\/#breadcrumb","itemListElement":[{"@type":"ListItem","position":1,"name":"Portada","item":"https:\/\/publicacionesaquila.com\/"},{"@type":"ListItem","position":2,"name":"Publicaciones","item":"https:\/\/publicacionesaquila.com\/publicaciones\/"},{"@type":"ListItem","position":3,"name":"\u00bfPor qu\u00e9 deber\u00edas negarte a ti mismo?"}]},{"@type":"WebSite","@id":"https:\/\/publicacionesaquila.com\/#website","url":"https:\/\/publicacionesaquila.com\/","name":"Aquila Publications","description":"Cat\u00e1logo de Libros","potentialAction":[{"@type":"SearchAction","target":{"@type":"EntryPoint","urlTemplate":"https:\/\/publicacionesaquila.com\/?s={search_term_string}"},"query-input":{"@type":"PropertyValueSpecification","valueRequired":true,"valueName":"search_term_string"}}],"inLanguage":"en-US"}]}},"_links":{"self":[{"href":"https:\/\/publicacionesaquila.com\/en\/wp-json\/wp\/v2\/product\/2795","targetHints":{"allow":["GET"]}}],"collection":[{"href":"https:\/\/publicacionesaquila.com\/en\/wp-json\/wp\/v2\/product"}],"about":[{"href":"https:\/\/publicacionesaquila.com\/en\/wp-json\/wp\/v2\/types\/product"}],"replies":[{"embeddable":true,"href":"https:\/\/publicacionesaquila.com\/en\/wp-json\/wp\/v2\/comments?post=2795"}],"wp:featuredmedia":[{"embeddable":true,"href":"https:\/\/publicacionesaquila.com\/en\/wp-json\/wp\/v2\/media\/4626"}],"wp:attachment":[{"href":"https:\/\/publicacionesaquila.com\/en\/wp-json\/wp\/v2\/media?parent=2795"}],"wp:term":[{"taxonomy":"product_brand","embeddable":true,"href":"https:\/\/publicacionesaquila.com\/en\/wp-json\/wp\/v2\/product_brand?post=2795"},{"taxonomy":"product_cat","embeddable":true,"href":"https:\/\/publicacionesaquila.com\/en\/wp-json\/wp\/v2\/product_cat?post=2795"},{"taxonomy":"product_tag","embeddable":true,"href":"https:\/\/publicacionesaquila.com\/en\/wp-json\/wp\/v2\/product_tag?post=2795"}],"curies":[{"name":"wp","href":"https:\/\/api.w.org\/{rel}","templated":true}]}}