{"id":2792,"date":"2025-06-24T17:45:06","date_gmt":"2025-06-24T17:45:06","guid":{"rendered":"https:\/\/publicacionesaquila.com\/?post_type=product&#038;p=2792"},"modified":"2025-07-15T00:11:48","modified_gmt":"2025-07-15T00:11:48","slug":"llamamiento-a-una-adoracion-pura","status":"publish","type":"product","link":"https:\/\/publicacionesaquila.com\/en\/product\/llamamiento-a-una-adoracion-pura\/","title":{"rendered":"A Call to a Pure Worship"},"content":{"rendered":"","protected":false},"excerpt":{"rendered":"<p>&nbsp;<\/p>\n<p><a style=\"display: inline-block; padding: 12px 24px; font-size: 14px; color: black; background-color: white; border: 2px solid #000; border-radius: 5px; text-decoration: none; transition: all 0.3s ease; cursor: pointer;\" href=\"https:\/\/www.trinitybookservice.com\/a-call-to-pure-worship-by-d-scott-meadows\/\" target=\"_blank\" rel=\"noopener\">Order this book<br \/>\n<\/a><\/p>\n<p>&nbsp;<\/p>\n<p class=\" translation-block\">\"A Call to Pure Worship\" is not just a book about liturgy or worship style; it is a passionate call to return to Scripture as the only authoritative guide for our congregational worship. In an age when many churches are yielding to practices centered on human experience, entertainment, or secular culture, this book rises with firmness and humility to remind us that true worship must be God-centered, guided by His Word, and offered in Spirit and truth (John 4:24).<\/p>\n<div class=\"my-2\"><\/div>\n<p class=\" translation-block\">Written by Pastor D. Scott Meadows, this work gathers together lectures originally delivered to committed believers, leaders, and future elders and deacons, with the clear purpose of forming a biblical and Reformed vision of what it means to gather together to worship the Lord. Far from being an inaccessible academic treatise, Meadows presents his message with clarity, theological depth, and a pastoral heart\u2014making it accessible and applicable even to lay readers.<\/p>\n<div class=\"my-2\"><\/div>\n<p>The book explores crucial topics such as:<\/p>\n<div class=\"my-2\"><\/div>\n<ul>\n<li class=\" translation-block\">The Regulative Principle of Worship : What does God permit us to do in public worship?<\/li>\n<li class=\" translation-block\">The difference between revealed worship and invented worship.<\/li>\n<li>The spiritual consequences of man-centered worship.<\/li>\n<li>How to recover a reverent, biblical, and transformative vision of Christian worship.<\/li>\n<\/ul>\n<p>&nbsp;<\/p>\n<p>With a clear and respectful tone, Meadows also addresses common misunderstandings about the Reformed tradition, challenges modern practices that have shifted focus from God to self, and calls the church to examine whether her worship is truly grounded in Scripture rather than passing trends.<\/p>\n<div class=\"my-2\"><\/div>\n<p class=\" translation-block\">This book does more than invite reflection\u2014it calls for renewal. As affirmed by pastors and theologians who endorse it, \"A Call to Pure Worship\" is an invaluable resource for every believer who longs to see the church give God the glory He deserves\u2014without human additions or worldly distractions.<\/p>\n<p>&nbsp;<\/p>","protected":false},"featured_media":4613,"comment_status":"closed","ping_status":"closed","template":"","meta":[],"product_brand":[117],"product_cat":[74],"product_tag":[643,647,650,149,644,160,569,649,651,483,646,642,652,654,648,645,621,653,655,282,616],"class_list":{"0":"post-2792","1":"product","2":"type-product","3":"status-publish","4":"has-post-thumbnail","6":"product_brand-d-s-meadows","7":"product_cat-iglesia","8":"product_tag-adoracion-biblica","9":"product_tag-adoracion-en-espiritu-y-en-verdad","10":"product_tag-ancianos-y-diaconos","11":"product_tag-crecimiento-espiritual","12":"product_tag-culto-cristiano","13":"product_tag-devocional-cristiano","14":"product_tag-exegesis-biblica","15":"product_tag-formacion-de-lideres","16":"product_tag-guerra-por-la-adoracion","17":"product_tag-libro-cristiano","18":"product_tag-liturgia-cristiana","19":"product_tag-llamamiento-a-una-adoracion-pura","20":"product_tag-oracion-congregacional","21":"product_tag-pastoral-y-adoracion","22":"product_tag-practica-cristiana","23":"product_tag-principio-regulador-de-la-adoracion","24":"product_tag-pureza-doctrinal","25":"product_tag-reflexiones-espirituales","26":"product_tag-restauracion-de-la-fe","27":"product_tag-teologia-reformada","28":"product_tag-vida-de-la-iglesia","30":"first","31":"instock","32":"sale","33":"shipping-taxable","34":"product-type-simple"},"yoast_head":"<!-- This site is optimized with the Yoast SEO plugin v27.4 - https:\/\/yoast.com\/product\/yoast-seo-wordpress\/ -->\n<title>Llamamiento a una adoraci\u00f3n pura - Publicaciones Aquila<\/title>\n<meta name=\"robots\" content=\"index, follow, max-snippet:-1, max-image-preview:large, max-video-preview:-1\" \/>\n<link rel=\"canonical\" href=\"https:\/\/publicacionesaquila.com\/en\/product\/llamamiento-a-una-adoracion-pura\/\" \/>\n<meta property=\"og:locale\" content=\"en_US\" \/>\n<meta property=\"og:type\" content=\"article\" \/>\n<meta property=\"og:title\" content=\"Llamamiento a una adoraci\u00f3n pura - Publicaciones Aquila\" \/>\n<meta property=\"og:description\" content=\"&nbsp;  Ordenar este libro   &nbsp;  &quot;Llamamiento a una adoraci\u00f3n pura&quot; no es solo un libro sobre liturgia o estilo de culto; es un llamado apasionado a regresar a las Escrituras como \u00fanica gu\u00eda autoritativa para nuestra adoraci\u00f3n congregacional. En un momento en el que muchas iglesias est\u00e1n cediendo ante pr\u00e1cticas centradas en la experiencia humana, la entretenimiento o la cultura secular, este libro se levanta con firmeza y humildad para recordarnos que la adoraci\u00f3n verdadera debe estar centrada en Dios, guiada por Su Palabra y ofrecida en Esp\u00edritu y en verdad (Juan 4:24).  Escrito por el pastor D. Scott Meadows , esta obra recoge conferencias impartidas originalmente a creyentes comprometidos, l\u00edderes y futuros ancianos y di\u00e1conos, con el prop\u00f3sito claro de formar una visi\u00f3n b\u00edblica y reformada de lo que significa reunirse para adorar al Se\u00f1or. Lejos de ser un tratado acad\u00e9mico inaccesible, Meadows presenta su mensaje con claridad, profundidad teol\u00f3gica y un coraz\u00f3n pastoral, permitiendo que incluso lectores legos puedan comprender y aplicar sus ense\u00f1anzas.  El libro explora temas cruciales como:    El significado del Principio Regulador de la Adoraci\u00f3n : \u00bfQu\u00e9 nos permite Dios hacer en la adoraci\u00f3n p\u00fablica?  La diferencia entre adoraci\u00f3n revelada y adoraci\u00f3n inventada .  Las consecuencias espirituales de una adoraci\u00f3n centrada en el hombre.  C\u00f3mo recuperar una visi\u00f3n reverente, b\u00edblica y transformadora del culto cristiano.  &nbsp;  Con una postura clara y respetuosa, Meadows tambi\u00e9n responde a malentendidos comunes sobre la tradici\u00f3n reformada, desaf\u00eda pr\u00e1cticas modernas que han desviado la mirada de Dios hacia el yo, y llama a la iglesia a examinar si su adoraci\u00f3n est\u00e1 realmente fundada en la Palabra o en modas pasajeras.  Este libro no solo invita a la reflexi\u00f3n, sino tambi\u00e9n a la renovaci\u00f3n. Como lo se\u00f1alan los pastores y te\u00f3logos que lo respaldan, &quot;Llamamiento a una adoraci\u00f3n pura&quot; es una herramienta invaluable para cualquier creyente que anhele ver a la iglesia rendir a Dios la gloria que \u00c9l merece, sin a\u00f1adiduras humanas ni distracciones mundanas.  &nbsp;\" \/>\n<meta property=\"og:url\" content=\"https:\/\/publicacionesaquila.com\/en\/product\/llamamiento-a-una-adoracion-pura\/\" \/>\n<meta property=\"og:site_name\" content=\"Publicaciones Aquila\" \/>\n<meta property=\"article:modified_time\" content=\"2025-07-15T00:11:48+00:00\" \/>\n<meta property=\"og:image\" content=\"https:\/\/publicacionesaquila.com\/wp-content\/uploads\/2025\/06\/29.jpg\" \/>\n\t<meta property=\"og:image:width\" content=\"1080\" \/>\n\t<meta property=\"og:image:height\" content=\"1080\" \/>\n\t<meta property=\"og:image:type\" content=\"image\/jpeg\" \/>\n<meta name=\"twitter:card\" content=\"summary_large_image\" \/>\n<meta name=\"twitter:label1\" content=\"Est. reading time\" \/>\n\t<meta name=\"twitter:data1\" content=\"1 minute\" \/>\n<script type=\"application\/ld+json\" class=\"yoast-schema-graph\">{\"@context\":\"https:\\\/\\\/schema.org\",\"@graph\":[{\"@type\":\"WebPage\",\"@id\":\"https:\\\/\\\/publicacionesaquila.com\\\/producto\\\/llamamiento-a-una-adoracion-pura\\\/\",\"url\":\"https:\\\/\\\/publicacionesaquila.com\\\/producto\\\/llamamiento-a-una-adoracion-pura\\\/\",\"name\":\"Llamamiento a una adoraci\u00f3n pura - Publicaciones Aquila\",\"isPartOf\":{\"@id\":\"https:\\\/\\\/publicacionesaquila.com\\\/#website\"},\"primaryImageOfPage\":{\"@id\":\"https:\\\/\\\/publicacionesaquila.com\\\/producto\\\/llamamiento-a-una-adoracion-pura\\\/#primaryimage\"},\"image\":{\"@id\":\"https:\\\/\\\/publicacionesaquila.com\\\/producto\\\/llamamiento-a-una-adoracion-pura\\\/#primaryimage\"},\"thumbnailUrl\":\"https:\\\/\\\/publicacionesaquila.com\\\/wp-content\\\/uploads\\\/2025\\\/06\\\/29.jpg\",\"datePublished\":\"2025-06-24T17:45:06+00:00\",\"dateModified\":\"2025-07-15T00:11:48+00:00\",\"breadcrumb\":{\"@id\":\"https:\\\/\\\/publicacionesaquila.com\\\/producto\\\/llamamiento-a-una-adoracion-pura\\\/#breadcrumb\"},\"inLanguage\":\"en-US\",\"potentialAction\":[{\"@type\":\"ReadAction\",\"target\":[\"https:\\\/\\\/publicacionesaquila.com\\\/producto\\\/llamamiento-a-una-adoracion-pura\\\/\"]}]},{\"@type\":\"ImageObject\",\"inLanguage\":\"en-US\",\"@id\":\"https:\\\/\\\/publicacionesaquila.com\\\/producto\\\/llamamiento-a-una-adoracion-pura\\\/#primaryimage\",\"url\":\"https:\\\/\\\/publicacionesaquila.com\\\/wp-content\\\/uploads\\\/2025\\\/06\\\/29.jpg\",\"contentUrl\":\"https:\\\/\\\/publicacionesaquila.com\\\/wp-content\\\/uploads\\\/2025\\\/06\\\/29.jpg\",\"width\":1080,\"height\":1080},{\"@type\":\"BreadcrumbList\",\"@id\":\"https:\\\/\\\/publicacionesaquila.com\\\/producto\\\/llamamiento-a-una-adoracion-pura\\\/#breadcrumb\",\"itemListElement\":[{\"@type\":\"ListItem\",\"position\":1,\"name\":\"Portada\",\"item\":\"https:\\\/\\\/publicacionesaquila.com\\\/\"},{\"@type\":\"ListItem\",\"position\":2,\"name\":\"Publicaciones\",\"item\":\"https:\\\/\\\/publicacionesaquila.com\\\/publicaciones\\\/\"},{\"@type\":\"ListItem\",\"position\":3,\"name\":\"Llamamiento a una adoraci\u00f3n pura\"}]},{\"@type\":\"WebSite\",\"@id\":\"https:\\\/\\\/publicacionesaquila.com\\\/#website\",\"url\":\"https:\\\/\\\/publicacionesaquila.com\\\/\",\"name\":\"Publicaciones Aquila\",\"description\":\"Cat\u00e1logo de Libros\",\"potentialAction\":[{\"@type\":\"SearchAction\",\"target\":{\"@type\":\"EntryPoint\",\"urlTemplate\":\"https:\\\/\\\/publicacionesaquila.com\\\/?s={search_term_string}\"},\"query-input\":{\"@type\":\"PropertyValueSpecification\",\"valueRequired\":true,\"valueName\":\"search_term_string\"}}],\"inLanguage\":\"en-US\"}]}<\/script>\n<!-- \/ Yoast SEO plugin. -->","yoast_head_json":{"title":"Llamamiento a una adoraci\u00f3n pura - Publicaciones Aquila","robots":{"index":"index","follow":"follow","max-snippet":"max-snippet:-1","max-image-preview":"max-image-preview:large","max-video-preview":"max-video-preview:-1"},"canonical":"https:\/\/publicacionesaquila.com\/en\/product\/llamamiento-a-una-adoracion-pura\/","og_locale":"en_US","og_type":"article","og_title":"Llamamiento a una adoraci\u00f3n pura - Publicaciones Aquila","og_description":"&nbsp;  Ordenar este libro   &nbsp;  \"Llamamiento a una adoraci\u00f3n pura\" no es solo un libro sobre liturgia o estilo de culto; es un llamado apasionado a regresar a las Escrituras como \u00fanica gu\u00eda autoritativa para nuestra adoraci\u00f3n congregacional. En un momento en el que muchas iglesias est\u00e1n cediendo ante pr\u00e1cticas centradas en la experiencia humana, la entretenimiento o la cultura secular, este libro se levanta con firmeza y humildad para recordarnos que la adoraci\u00f3n verdadera debe estar centrada en Dios, guiada por Su Palabra y ofrecida en Esp\u00edritu y en verdad (Juan 4:24).  Escrito por el pastor D. Scott Meadows , esta obra recoge conferencias impartidas originalmente a creyentes comprometidos, l\u00edderes y futuros ancianos y di\u00e1conos, con el prop\u00f3sito claro de formar una visi\u00f3n b\u00edblica y reformada de lo que significa reunirse para adorar al Se\u00f1or. Lejos de ser un tratado acad\u00e9mico inaccesible, Meadows presenta su mensaje con claridad, profundidad teol\u00f3gica y un coraz\u00f3n pastoral, permitiendo que incluso lectores legos puedan comprender y aplicar sus ense\u00f1anzas.  El libro explora temas cruciales como:    El significado del Principio Regulador de la Adoraci\u00f3n : \u00bfQu\u00e9 nos permite Dios hacer en la adoraci\u00f3n p\u00fablica?  La diferencia entre adoraci\u00f3n revelada y adoraci\u00f3n inventada .  Las consecuencias espirituales de una adoraci\u00f3n centrada en el hombre.  C\u00f3mo recuperar una visi\u00f3n reverente, b\u00edblica y transformadora del culto cristiano.  &nbsp;  Con una postura clara y respetuosa, Meadows tambi\u00e9n responde a malentendidos comunes sobre la tradici\u00f3n reformada, desaf\u00eda pr\u00e1cticas modernas que han desviado la mirada de Dios hacia el yo, y llama a la iglesia a examinar si su adoraci\u00f3n est\u00e1 realmente fundada en la Palabra o en modas pasajeras.  Este libro no solo invita a la reflexi\u00f3n, sino tambi\u00e9n a la renovaci\u00f3n. Como lo se\u00f1alan los pastores y te\u00f3logos que lo respaldan, \"Llamamiento a una adoraci\u00f3n pura\" es una herramienta invaluable para cualquier creyente que anhele ver a la iglesia rendir a Dios la gloria que \u00c9l merece, sin a\u00f1adiduras humanas ni distracciones mundanas.  &nbsp;","og_url":"https:\/\/publicacionesaquila.com\/en\/product\/llamamiento-a-una-adoracion-pura\/","og_site_name":"Publicaciones Aquila","article_modified_time":"2025-07-15T00:11:48+00:00","og_image":[{"width":1080,"height":1080,"url":"https:\/\/publicacionesaquila.com\/wp-content\/uploads\/2025\/06\/29.jpg","type":"image\/jpeg"}],"twitter_card":"summary_large_image","twitter_misc":{"Est. reading time":"1 minute"},"schema":{"@context":"https:\/\/schema.org","@graph":[{"@type":"WebPage","@id":"https:\/\/publicacionesaquila.com\/producto\/llamamiento-a-una-adoracion-pura\/","url":"https:\/\/publicacionesaquila.com\/producto\/llamamiento-a-una-adoracion-pura\/","name":"Llamamiento a una adoraci\u00f3n pura - Publicaciones Aquila","isPartOf":{"@id":"https:\/\/publicacionesaquila.com\/#website"},"primaryImageOfPage":{"@id":"https:\/\/publicacionesaquila.com\/producto\/llamamiento-a-una-adoracion-pura\/#primaryimage"},"image":{"@id":"https:\/\/publicacionesaquila.com\/producto\/llamamiento-a-una-adoracion-pura\/#primaryimage"},"thumbnailUrl":"https:\/\/publicacionesaquila.com\/wp-content\/uploads\/2025\/06\/29.jpg","datePublished":"2025-06-24T17:45:06+00:00","dateModified":"2025-07-15T00:11:48+00:00","breadcrumb":{"@id":"https:\/\/publicacionesaquila.com\/producto\/llamamiento-a-una-adoracion-pura\/#breadcrumb"},"inLanguage":"en-US","potentialAction":[{"@type":"ReadAction","target":["https:\/\/publicacionesaquila.com\/producto\/llamamiento-a-una-adoracion-pura\/"]}]},{"@type":"ImageObject","inLanguage":"en-US","@id":"https:\/\/publicacionesaquila.com\/producto\/llamamiento-a-una-adoracion-pura\/#primaryimage","url":"https:\/\/publicacionesaquila.com\/wp-content\/uploads\/2025\/06\/29.jpg","contentUrl":"https:\/\/publicacionesaquila.com\/wp-content\/uploads\/2025\/06\/29.jpg","width":1080,"height":1080},{"@type":"BreadcrumbList","@id":"https:\/\/publicacionesaquila.com\/producto\/llamamiento-a-una-adoracion-pura\/#breadcrumb","itemListElement":[{"@type":"ListItem","position":1,"name":"Portada","item":"https:\/\/publicacionesaquila.com\/"},{"@type":"ListItem","position":2,"name":"Publicaciones","item":"https:\/\/publicacionesaquila.com\/publicaciones\/"},{"@type":"ListItem","position":3,"name":"Llamamiento a una adoraci\u00f3n pura"}]},{"@type":"WebSite","@id":"https:\/\/publicacionesaquila.com\/#website","url":"https:\/\/publicacionesaquila.com\/","name":"Aquila Publications","description":"Cat\u00e1logo de Libros","potentialAction":[{"@type":"SearchAction","target":{"@type":"EntryPoint","urlTemplate":"https:\/\/publicacionesaquila.com\/?s={search_term_string}"},"query-input":{"@type":"PropertyValueSpecification","valueRequired":true,"valueName":"search_term_string"}}],"inLanguage":"en-US"}]}},"_links":{"self":[{"href":"https:\/\/publicacionesaquila.com\/en\/wp-json\/wp\/v2\/product\/2792","targetHints":{"allow":["GET"]}}],"collection":[{"href":"https:\/\/publicacionesaquila.com\/en\/wp-json\/wp\/v2\/product"}],"about":[{"href":"https:\/\/publicacionesaquila.com\/en\/wp-json\/wp\/v2\/types\/product"}],"replies":[{"embeddable":true,"href":"https:\/\/publicacionesaquila.com\/en\/wp-json\/wp\/v2\/comments?post=2792"}],"wp:featuredmedia":[{"embeddable":true,"href":"https:\/\/publicacionesaquila.com\/en\/wp-json\/wp\/v2\/media\/4613"}],"wp:attachment":[{"href":"https:\/\/publicacionesaquila.com\/en\/wp-json\/wp\/v2\/media?parent=2792"}],"wp:term":[{"taxonomy":"product_brand","embeddable":true,"href":"https:\/\/publicacionesaquila.com\/en\/wp-json\/wp\/v2\/product_brand?post=2792"},{"taxonomy":"product_cat","embeddable":true,"href":"https:\/\/publicacionesaquila.com\/en\/wp-json\/wp\/v2\/product_cat?post=2792"},{"taxonomy":"product_tag","embeddable":true,"href":"https:\/\/publicacionesaquila.com\/en\/wp-json\/wp\/v2\/product_tag?post=2792"}],"curies":[{"name":"wp","href":"https:\/\/api.w.org\/{rel}","templated":true}]}}