{"id":2784,"date":"2025-06-24T16:34:06","date_gmt":"2025-06-24T16:34:06","guid":{"rendered":"https:\/\/publicacionesaquila.com\/?post_type=product&#038;p=2784"},"modified":"2025-07-15T00:14:57","modified_gmt":"2025-07-15T00:14:57","slug":"el-bautismo-y-lo-que-significa","status":"publish","type":"product","link":"https:\/\/publicacionesaquila.com\/en\/product\/el-bautismo-y-lo-que-significa\/","title":{"rendered":"Baptism"},"content":{"rendered":"","protected":false},"excerpt":{"rendered":"<p>&nbsp;<\/p>\n<p><a style=\"display: inline-block; padding: 12px 24px; font-size: 14px; color: black; background-color: white; border: 2px solid #000; border-radius: 5px; text-decoration: none; transition: all 0.3s ease; cursor: pointer;\" href=\"https:\/\/www.cristianismohist.com\/el-bautismo-y-lo-que-significa-baptism-erroll-hulse\/\" target=\"_blank\" rel=\"noopener\">Order this book<br \/>\n<\/a><\/p>\n<p>&nbsp;<\/p>\n<p data-spm-anchor-id=\"a2ty_o01.29997173.0.i49.5195c921OxiTpX\" class=\" translation-block\">At a time when many professing Christians live a faith that is distant and disconnected from the local community of believers , this book offers an urgent call to reflect on two foundational aspects of the Christian life: believer\u2019s baptism and membership in a local church .<\/p>\n<div class=\"my-2\"><\/div>\n<p class=\" translation-block\">Written by Erroll Hulse , a well-known pastor and writer with a strong Reformed background, this booklet not only explains the biblical meaning of baptism, but also invites the reader to consider their responsibility as an active member of a church. The author highlights how ignoring these commands of Christ can lead to a weak, disordered, and even negligent Christian life\u2014especially in terms of fellowship, prayer, and service.<\/p>\n<div class=\"my-2\"><\/div>\n<p>This book addresses essential questions:<\/p>\n<ul>\n<li>What does it mean to be baptized according to the teachings of Scripture?<\/li>\n<li>Why is baptism more than just a symbolic act\u2014it is a public commitment?<\/li>\n<li>What is the importance of being a member of a local church?<\/li>\n<li>How does our relationship with Christ shape our faithfulness to the congregation?<\/li>\n<\/ul>\n<p>&nbsp;<\/p>\n<p>Hulse reminds us that baptism is not optional or merely a religious formality; it is an ordinance instituted by Jesus Christ Himself and is an integral part of our identity and responsibility as His disciples. To be baptized means to embrace a life of fellowship, obedience, and service within the body of Christ, which is the church.<\/p>\n<div class=\"my-2\"><\/div>\n<p>Ideal for both personal study and group discussion , this booklet is a valuable resource for those who desire to live out their faith with integrity, commitment, and faithfulness to the Lord.<\/p>\n<p>&nbsp;<\/p>","protected":false},"featured_media":4628,"comment_status":"closed","ping_status":"closed","template":"","meta":[],"product_brand":[127],"product_cat":[72,74],"product_tag":[377,380,363,379,149,330,364,335,359,251,360,378,288,80],"class_list":{"0":"post-2784","1":"product","2":"type-product","3":"status-publish","4":"has-post-thumbnail","6":"product_brand-erroll-hulse","7":"product_cat-folletos","8":"product_cat-iglesia","9":"product_tag-bautismo-cristiano","10":"product_tag-bautismo-y-compromiso","11":"product_tag-como-vivir-como-cristiano","12":"product_tag-comunion-cristiana","13":"product_tag-crecimiento-espiritual","14":"product_tag-doctrina-cristiana","15":"product_tag-ensenanza-biblica-sobre-la-iglesia","16":"product_tag-fe-y-obediencia","17":"product_tag-iglesia-local","18":"product_tag-libros-cristianos-breves","19":"product_tag-membresia-eclesiastica","20":"product_tag-sacramentos-cristianos","21":"product_tag-testimonio-cristiano","22":"product_tag-vida-cristiana","24":"first","25":"instock","26":"sale","27":"shipping-taxable","28":"product-type-simple"},"yoast_head":"<!-- This site is optimized with the Yoast SEO plugin v27.4 - https:\/\/yoast.com\/product\/yoast-seo-wordpress\/ -->\n<title>El Bautismo y lo que significa - Publicaciones Aquila<\/title>\n<meta name=\"robots\" content=\"index, follow, max-snippet:-1, max-image-preview:large, max-video-preview:-1\" \/>\n<link rel=\"canonical\" href=\"https:\/\/publicacionesaquila.com\/en\/product\/el-bautismo-y-lo-que-significa\/\" \/>\n<meta property=\"og:locale\" content=\"en_US\" \/>\n<meta property=\"og:type\" content=\"article\" \/>\n<meta property=\"og:title\" content=\"El Bautismo y lo que significa - Publicaciones Aquila\" \/>\n<meta property=\"og:description\" content=\"&nbsp;  Ordenar este libro   &nbsp; En un momento en que muchos cristianos profesantes viven una fe distante, desvinculada de la comunidad local de creyentes, este libro ofrece una llamada urgente a reflexionar sobre dos aspectos fundamentales de la vida cristiana: el bautismo de los creyentes y la membres\u00eda en una iglesia local .   Escrito por Erroll Hulse , conocido pastor y escritor con una s\u00f3lida formaci\u00f3n reformada, este op\u00fasculo no solo explica el significado b\u00edblico del bautismo, sino que tambi\u00e9n invita al lector a considerar su responsabilidad como miembro activo de una iglesia. El autor se\u00f1ala c\u00f3mo ignorar estos mandatos de Cristo puede llevar a una vida cristiana d\u00e9bil, desordenada e incluso negligente en cuanto a la comuni\u00f3n, la oraci\u00f3n y el servicio.  Este libro aborda preguntas esenciales:   \u00bfQu\u00e9 significa ser bautizado seg\u00fan las ense\u00f1anzas de las Escrituras?  \u00bfPor qu\u00e9 el bautismo no es solo un acto simb\u00f3lico, sino un compromiso p\u00fablico?  \u00bfCu\u00e1l es la importancia de ser miembro de una iglesia local?  \u00bfC\u00f3mo afecta nuestra relaci\u00f3n con Cristo nuestra fidelidad a la congregaci\u00f3n?  &nbsp;  Hulse nos recuerda que el bautismo no es opcional ni un mero tr\u00e1mite religioso; es una ordenanza instituida por Jesucristo mismo, y forma parte integral de nuestra identidad y responsabilidad como disc\u00edpulos suyos. Ser bautizado implica asumir una vida de comuni\u00f3n, obediencia y servicio dentro del cuerpo de Cristo, que es la iglesia.  Ideal tanto para estudio personal como grupal, este librito es una herramienta valiosa para quienes desean vivir su fe con coherencia, compromiso y fidelidad al Se\u00f1or.  &nbsp;\" \/>\n<meta property=\"og:url\" content=\"https:\/\/publicacionesaquila.com\/en\/product\/el-bautismo-y-lo-que-significa\/\" \/>\n<meta property=\"og:site_name\" content=\"Publicaciones Aquila\" \/>\n<meta property=\"article:modified_time\" content=\"2025-07-15T00:14:57+00:00\" \/>\n<meta property=\"og:image\" content=\"https:\/\/publicacionesaquila.com\/wp-content\/uploads\/2025\/06\/14.jpg\" \/>\n\t<meta property=\"og:image:width\" content=\"1080\" \/>\n\t<meta property=\"og:image:height\" content=\"1080\" \/>\n\t<meta property=\"og:image:type\" content=\"image\/jpeg\" \/>\n<meta name=\"twitter:card\" content=\"summary_large_image\" \/>\n<meta name=\"twitter:label1\" content=\"Est. reading time\" \/>\n\t<meta name=\"twitter:data1\" content=\"1 minute\" \/>\n<script type=\"application\/ld+json\" class=\"yoast-schema-graph\">{\"@context\":\"https:\\\/\\\/schema.org\",\"@graph\":[{\"@type\":\"WebPage\",\"@id\":\"https:\\\/\\\/publicacionesaquila.com\\\/producto\\\/el-bautismo-y-lo-que-significa\\\/\",\"url\":\"https:\\\/\\\/publicacionesaquila.com\\\/producto\\\/el-bautismo-y-lo-que-significa\\\/\",\"name\":\"El Bautismo y lo que significa - Publicaciones Aquila\",\"isPartOf\":{\"@id\":\"https:\\\/\\\/publicacionesaquila.com\\\/#website\"},\"primaryImageOfPage\":{\"@id\":\"https:\\\/\\\/publicacionesaquila.com\\\/producto\\\/el-bautismo-y-lo-que-significa\\\/#primaryimage\"},\"image\":{\"@id\":\"https:\\\/\\\/publicacionesaquila.com\\\/producto\\\/el-bautismo-y-lo-que-significa\\\/#primaryimage\"},\"thumbnailUrl\":\"https:\\\/\\\/publicacionesaquila.com\\\/wp-content\\\/uploads\\\/2025\\\/06\\\/14.jpg\",\"datePublished\":\"2025-06-24T16:34:06+00:00\",\"dateModified\":\"2025-07-15T00:14:57+00:00\",\"breadcrumb\":{\"@id\":\"https:\\\/\\\/publicacionesaquila.com\\\/producto\\\/el-bautismo-y-lo-que-significa\\\/#breadcrumb\"},\"inLanguage\":\"en-US\",\"potentialAction\":[{\"@type\":\"ReadAction\",\"target\":[\"https:\\\/\\\/publicacionesaquila.com\\\/producto\\\/el-bautismo-y-lo-que-significa\\\/\"]}]},{\"@type\":\"ImageObject\",\"inLanguage\":\"en-US\",\"@id\":\"https:\\\/\\\/publicacionesaquila.com\\\/producto\\\/el-bautismo-y-lo-que-significa\\\/#primaryimage\",\"url\":\"https:\\\/\\\/publicacionesaquila.com\\\/wp-content\\\/uploads\\\/2025\\\/06\\\/14.jpg\",\"contentUrl\":\"https:\\\/\\\/publicacionesaquila.com\\\/wp-content\\\/uploads\\\/2025\\\/06\\\/14.jpg\",\"width\":1080,\"height\":1080},{\"@type\":\"BreadcrumbList\",\"@id\":\"https:\\\/\\\/publicacionesaquila.com\\\/producto\\\/el-bautismo-y-lo-que-significa\\\/#breadcrumb\",\"itemListElement\":[{\"@type\":\"ListItem\",\"position\":1,\"name\":\"Portada\",\"item\":\"https:\\\/\\\/publicacionesaquila.com\\\/\"},{\"@type\":\"ListItem\",\"position\":2,\"name\":\"Publicaciones\",\"item\":\"https:\\\/\\\/publicacionesaquila.com\\\/publicaciones\\\/\"},{\"@type\":\"ListItem\",\"position\":3,\"name\":\"El Bautismo y lo que significa\"}]},{\"@type\":\"WebSite\",\"@id\":\"https:\\\/\\\/publicacionesaquila.com\\\/#website\",\"url\":\"https:\\\/\\\/publicacionesaquila.com\\\/\",\"name\":\"Publicaciones Aquila\",\"description\":\"Cat\u00e1logo de Libros\",\"potentialAction\":[{\"@type\":\"SearchAction\",\"target\":{\"@type\":\"EntryPoint\",\"urlTemplate\":\"https:\\\/\\\/publicacionesaquila.com\\\/?s={search_term_string}\"},\"query-input\":{\"@type\":\"PropertyValueSpecification\",\"valueRequired\":true,\"valueName\":\"search_term_string\"}}],\"inLanguage\":\"en-US\"}]}<\/script>\n<!-- \/ Yoast SEO plugin. -->","yoast_head_json":{"title":"El Bautismo y lo que significa - Publicaciones Aquila","robots":{"index":"index","follow":"follow","max-snippet":"max-snippet:-1","max-image-preview":"max-image-preview:large","max-video-preview":"max-video-preview:-1"},"canonical":"https:\/\/publicacionesaquila.com\/en\/product\/el-bautismo-y-lo-que-significa\/","og_locale":"en_US","og_type":"article","og_title":"El Bautismo y lo que significa - Publicaciones Aquila","og_description":"&nbsp;  Ordenar este libro   &nbsp; En un momento en que muchos cristianos profesantes viven una fe distante, desvinculada de la comunidad local de creyentes, este libro ofrece una llamada urgente a reflexionar sobre dos aspectos fundamentales de la vida cristiana: el bautismo de los creyentes y la membres\u00eda en una iglesia local .   Escrito por Erroll Hulse , conocido pastor y escritor con una s\u00f3lida formaci\u00f3n reformada, este op\u00fasculo no solo explica el significado b\u00edblico del bautismo, sino que tambi\u00e9n invita al lector a considerar su responsabilidad como miembro activo de una iglesia. El autor se\u00f1ala c\u00f3mo ignorar estos mandatos de Cristo puede llevar a una vida cristiana d\u00e9bil, desordenada e incluso negligente en cuanto a la comuni\u00f3n, la oraci\u00f3n y el servicio.  Este libro aborda preguntas esenciales:   \u00bfQu\u00e9 significa ser bautizado seg\u00fan las ense\u00f1anzas de las Escrituras?  \u00bfPor qu\u00e9 el bautismo no es solo un acto simb\u00f3lico, sino un compromiso p\u00fablico?  \u00bfCu\u00e1l es la importancia de ser miembro de una iglesia local?  \u00bfC\u00f3mo afecta nuestra relaci\u00f3n con Cristo nuestra fidelidad a la congregaci\u00f3n?  &nbsp;  Hulse nos recuerda que el bautismo no es opcional ni un mero tr\u00e1mite religioso; es una ordenanza instituida por Jesucristo mismo, y forma parte integral de nuestra identidad y responsabilidad como disc\u00edpulos suyos. Ser bautizado implica asumir una vida de comuni\u00f3n, obediencia y servicio dentro del cuerpo de Cristo, que es la iglesia.  Ideal tanto para estudio personal como grupal, este librito es una herramienta valiosa para quienes desean vivir su fe con coherencia, compromiso y fidelidad al Se\u00f1or.  &nbsp;","og_url":"https:\/\/publicacionesaquila.com\/en\/product\/el-bautismo-y-lo-que-significa\/","og_site_name":"Publicaciones Aquila","article_modified_time":"2025-07-15T00:14:57+00:00","og_image":[{"width":1080,"height":1080,"url":"https:\/\/publicacionesaquila.com\/wp-content\/uploads\/2025\/06\/14.jpg","type":"image\/jpeg"}],"twitter_card":"summary_large_image","twitter_misc":{"Est. reading time":"1 minute"},"schema":{"@context":"https:\/\/schema.org","@graph":[{"@type":"WebPage","@id":"https:\/\/publicacionesaquila.com\/producto\/el-bautismo-y-lo-que-significa\/","url":"https:\/\/publicacionesaquila.com\/producto\/el-bautismo-y-lo-que-significa\/","name":"El Bautismo y lo que significa - Publicaciones Aquila","isPartOf":{"@id":"https:\/\/publicacionesaquila.com\/#website"},"primaryImageOfPage":{"@id":"https:\/\/publicacionesaquila.com\/producto\/el-bautismo-y-lo-que-significa\/#primaryimage"},"image":{"@id":"https:\/\/publicacionesaquila.com\/producto\/el-bautismo-y-lo-que-significa\/#primaryimage"},"thumbnailUrl":"https:\/\/publicacionesaquila.com\/wp-content\/uploads\/2025\/06\/14.jpg","datePublished":"2025-06-24T16:34:06+00:00","dateModified":"2025-07-15T00:14:57+00:00","breadcrumb":{"@id":"https:\/\/publicacionesaquila.com\/producto\/el-bautismo-y-lo-que-significa\/#breadcrumb"},"inLanguage":"en-US","potentialAction":[{"@type":"ReadAction","target":["https:\/\/publicacionesaquila.com\/producto\/el-bautismo-y-lo-que-significa\/"]}]},{"@type":"ImageObject","inLanguage":"en-US","@id":"https:\/\/publicacionesaquila.com\/producto\/el-bautismo-y-lo-que-significa\/#primaryimage","url":"https:\/\/publicacionesaquila.com\/wp-content\/uploads\/2025\/06\/14.jpg","contentUrl":"https:\/\/publicacionesaquila.com\/wp-content\/uploads\/2025\/06\/14.jpg","width":1080,"height":1080},{"@type":"BreadcrumbList","@id":"https:\/\/publicacionesaquila.com\/producto\/el-bautismo-y-lo-que-significa\/#breadcrumb","itemListElement":[{"@type":"ListItem","position":1,"name":"Portada","item":"https:\/\/publicacionesaquila.com\/"},{"@type":"ListItem","position":2,"name":"Publicaciones","item":"https:\/\/publicacionesaquila.com\/publicaciones\/"},{"@type":"ListItem","position":3,"name":"El Bautismo y lo que significa"}]},{"@type":"WebSite","@id":"https:\/\/publicacionesaquila.com\/#website","url":"https:\/\/publicacionesaquila.com\/","name":"Aquila Publications","description":"Cat\u00e1logo de Libros","potentialAction":[{"@type":"SearchAction","target":{"@type":"EntryPoint","urlTemplate":"https:\/\/publicacionesaquila.com\/?s={search_term_string}"},"query-input":{"@type":"PropertyValueSpecification","valueRequired":true,"valueName":"search_term_string"}}],"inLanguage":"en-US"}]}},"_links":{"self":[{"href":"https:\/\/publicacionesaquila.com\/en\/wp-json\/wp\/v2\/product\/2784","targetHints":{"allow":["GET"]}}],"collection":[{"href":"https:\/\/publicacionesaquila.com\/en\/wp-json\/wp\/v2\/product"}],"about":[{"href":"https:\/\/publicacionesaquila.com\/en\/wp-json\/wp\/v2\/types\/product"}],"replies":[{"embeddable":true,"href":"https:\/\/publicacionesaquila.com\/en\/wp-json\/wp\/v2\/comments?post=2784"}],"wp:featuredmedia":[{"embeddable":true,"href":"https:\/\/publicacionesaquila.com\/en\/wp-json\/wp\/v2\/media\/4628"}],"wp:attachment":[{"href":"https:\/\/publicacionesaquila.com\/en\/wp-json\/wp\/v2\/media?parent=2784"}],"wp:term":[{"taxonomy":"product_brand","embeddable":true,"href":"https:\/\/publicacionesaquila.com\/en\/wp-json\/wp\/v2\/product_brand?post=2784"},{"taxonomy":"product_cat","embeddable":true,"href":"https:\/\/publicacionesaquila.com\/en\/wp-json\/wp\/v2\/product_cat?post=2784"},{"taxonomy":"product_tag","embeddable":true,"href":"https:\/\/publicacionesaquila.com\/en\/wp-json\/wp\/v2\/product_tag?post=2784"}],"curies":[{"name":"wp","href":"https:\/\/api.w.org\/{rel}","templated":true}]}}