{"id":2782,"date":"2025-06-24T16:26:13","date_gmt":"2025-06-24T16:26:13","guid":{"rendered":"https:\/\/publicacionesaquila.com\/?post_type=product&#038;p=2782"},"modified":"2025-07-15T00:16:35","modified_gmt":"2025-07-15T00:16:35","slug":"la-importancia-de-la-iglesia-local","status":"publish","type":"product","link":"https:\/\/publicacionesaquila.com\/en\/product\/la-importancia-de-la-iglesia-local\/","title":{"rendered":"The Importance of the Local Church"},"content":{"rendered":"","protected":false},"excerpt":{"rendered":"<p>&nbsp;<\/p>\n<p><a style=\"display: inline-block; padding: 12px 24px; font-size: 14px; color: black; background-color: white; border: 2px solid #000; border-radius: 5px; text-decoration: none; transition: all 0.3s ease; cursor: pointer;\" href=\"https:\/\/www.cristianismohist.com\/la-importancia-de-la-iglesia-local-the-importance-of-the-local-church-daniel-e-wray\/\" target=\"_blank\" rel=\"noopener\">Order this book<br \/>\n<\/a><\/p>\n<p>&nbsp;<\/p>\n<p data-spm-anchor-id=\"a2ty_o01.29997173.0.i44.5195c921OxiTpX\">Is the local church really that important? Could Christians not simply live out their faith individually, without being involved in a community of believers? And does it really matter whether we attend, participate, or commit to a local church?<\/p>\n<div class=\"my-2\"><\/div>\n<p class=\" translation-block\">These are questions many Christians ask today\u2014especially in a cultural context that increasingly values personal autonomy over communal life. In this short but powerful book, Daniel E. Wray addresses these concerns from a biblical, pastoral, and practical perspective.<\/p>\n<div class=\"my-2\"><\/div>\n<p>This booklet not only defends the importance of the local church, but also:<\/p>\n<ul>\n<li>Explains why the church is a divine design , not merely a human institution.<\/li>\n<li>Shows how God has chosen the church as His primary means for building up His children.<\/li>\n<li>Offers a clear vision of what it means to be a member of a local church.<\/li>\n<li>Encourages readers to actively engage in a Christian community, going beyond occasional attendance.<\/li>\n<\/ul>\n<p>&nbsp;<\/p>\n<p>Wray does not remain at the level of abstract ideas. Instead, he invites the reader to examine their relationship with the local church from both a biblical and practical standpoint , reminding us that the Christian life outside the church is not a viable option\u2014it is a form of disobedience to the Word of God.<\/p>\n<div class=\"my-2\"><\/div>\n<p>Ideal for both personal study and group discussion , this booklet is a helpful resource for those seeking to better understand the place the local church should have in the life of every believer.<\/p>\n<p>&nbsp;<\/p>","protected":false},"featured_media":4603,"comment_status":"closed","ping_status":"closed","template":"","meta":[],"product_brand":[126],"product_cat":[72,74],"product_tag":[363,268,149,330,364,276,361,359,362,251,360,288,80,269],"class_list":{"0":"post-2782","1":"product","2":"type-product","3":"status-publish","4":"has-post-thumbnail","6":"product_brand-daniel-e-wray","7":"product_cat-folletos","8":"product_cat-iglesia","9":"product_tag-como-vivir-como-cristiano","10":"product_tag-comunidad-cristiana","11":"product_tag-crecimiento-espiritual","12":"product_tag-doctrina-cristiana","13":"product_tag-ensenanza-biblica-sobre-la-iglesia","14":"product_tag-espiritualidad-comunitaria","15":"product_tag-fe-y-comunion","16":"product_tag-iglesia-local","17":"product_tag-importancia-de-la-iglesia","18":"product_tag-libros-cristianos-breves","19":"product_tag-membresia-eclesiastica","20":"product_tag-testimonio-cristiano","21":"product_tag-vida-cristiana","22":"product_tag-vida-en-la-iglesia","24":"first","25":"instock","26":"sale","27":"shipping-taxable","28":"product-type-simple"},"yoast_head":"<!-- This site is optimized with the Yoast SEO plugin v27.4 - https:\/\/yoast.com\/product\/yoast-seo-wordpress\/ -->\n<title>La importancia de la iglesia local - Publicaciones Aquila<\/title>\n<meta name=\"robots\" content=\"index, follow, max-snippet:-1, max-image-preview:large, max-video-preview:-1\" \/>\n<link rel=\"canonical\" href=\"https:\/\/publicacionesaquila.com\/en\/product\/la-importancia-de-la-iglesia-local\/\" \/>\n<meta property=\"og:locale\" content=\"en_US\" \/>\n<meta property=\"og:type\" content=\"article\" \/>\n<meta property=\"og:title\" content=\"La importancia de la iglesia local - Publicaciones Aquila\" \/>\n<meta property=\"og:description\" content=\"&nbsp;  Ordenar este libro   &nbsp; \u00bfEs realmente importante la iglesia local? \u00bfNo podr\u00edan los cristianos vivir su fe de manera individual, sin necesidad de involucrarse en una comunidad de creyentes? \u00bfImporta si asisto, participo o me comprometo con una iglesia local?   Estas son preguntas que muchos cristianos se hacen hoy en d\u00eda, especialmente en un contexto cultural que valora cada vez m\u00e1s la autonom\u00eda personal y menos la vida comunitaria. En este peque\u00f1o pero poderoso libro, Daniel E. Wray aborda estas inquietudes desde una perspectiva b\u00edblica, pastoral y aplicable a la vida real.  Este op\u00fasculo no solo defiende la importancia de la iglesia local, sino que tambi\u00e9n:   Explica por qu\u00e9 la iglesia es un designio divino, no una instituci\u00f3n humana.  Muestra c\u00f3mo Dios ha elegido a la iglesia como el medio principal para edificar a Sus hijos.  Ofrece una visi\u00f3n clara sobre lo que significa ser miembro de una iglesia local.  Incentiva al lector a involucrarse activamente en una comunidad cristiana, m\u00e1s all\u00e1 de la simple asistencia ocasional.  &nbsp;  Wray no se queda en conceptos abstractos, sino que invita al lector a examinar su relaci\u00f3n con la iglesia local desde una perspectiva b\u00edblica y pr\u00e1ctica, record\u00e1ndonos que la vida cristiana fuera de la iglesia no es una opci\u00f3n viable, sino una forma de desobediencia a la Palabra de Dios.  Ideal tanto para estudio personal como grupal, este librito es una herramienta \u00fatil para quienes buscan comprender mejor el lugar que debe ocupar la iglesia local en la vida del creyente.  &nbsp;\" \/>\n<meta property=\"og:url\" content=\"https:\/\/publicacionesaquila.com\/en\/product\/la-importancia-de-la-iglesia-local\/\" \/>\n<meta property=\"og:site_name\" content=\"Publicaciones Aquila\" \/>\n<meta property=\"article:modified_time\" content=\"2025-07-15T00:16:35+00:00\" \/>\n<meta property=\"og:image\" content=\"https:\/\/publicacionesaquila.com\/wp-content\/uploads\/2025\/06\/39.jpg\" \/>\n\t<meta property=\"og:image:width\" content=\"1080\" \/>\n\t<meta property=\"og:image:height\" content=\"1080\" \/>\n\t<meta property=\"og:image:type\" content=\"image\/jpeg\" \/>\n<meta name=\"twitter:card\" content=\"summary_large_image\" \/>\n<meta name=\"twitter:label1\" content=\"Est. reading time\" \/>\n\t<meta name=\"twitter:data1\" content=\"1 minute\" \/>\n<script type=\"application\/ld+json\" class=\"yoast-schema-graph\">{\"@context\":\"https:\\\/\\\/schema.org\",\"@graph\":[{\"@type\":\"WebPage\",\"@id\":\"https:\\\/\\\/publicacionesaquila.com\\\/producto\\\/la-importancia-de-la-iglesia-local\\\/\",\"url\":\"https:\\\/\\\/publicacionesaquila.com\\\/producto\\\/la-importancia-de-la-iglesia-local\\\/\",\"name\":\"La importancia de la iglesia local - Publicaciones Aquila\",\"isPartOf\":{\"@id\":\"https:\\\/\\\/publicacionesaquila.com\\\/#website\"},\"primaryImageOfPage\":{\"@id\":\"https:\\\/\\\/publicacionesaquila.com\\\/producto\\\/la-importancia-de-la-iglesia-local\\\/#primaryimage\"},\"image\":{\"@id\":\"https:\\\/\\\/publicacionesaquila.com\\\/producto\\\/la-importancia-de-la-iglesia-local\\\/#primaryimage\"},\"thumbnailUrl\":\"https:\\\/\\\/publicacionesaquila.com\\\/wp-content\\\/uploads\\\/2025\\\/06\\\/39.jpg\",\"datePublished\":\"2025-06-24T16:26:13+00:00\",\"dateModified\":\"2025-07-15T00:16:35+00:00\",\"breadcrumb\":{\"@id\":\"https:\\\/\\\/publicacionesaquila.com\\\/producto\\\/la-importancia-de-la-iglesia-local\\\/#breadcrumb\"},\"inLanguage\":\"en-US\",\"potentialAction\":[{\"@type\":\"ReadAction\",\"target\":[\"https:\\\/\\\/publicacionesaquila.com\\\/producto\\\/la-importancia-de-la-iglesia-local\\\/\"]}]},{\"@type\":\"ImageObject\",\"inLanguage\":\"en-US\",\"@id\":\"https:\\\/\\\/publicacionesaquila.com\\\/producto\\\/la-importancia-de-la-iglesia-local\\\/#primaryimage\",\"url\":\"https:\\\/\\\/publicacionesaquila.com\\\/wp-content\\\/uploads\\\/2025\\\/06\\\/39.jpg\",\"contentUrl\":\"https:\\\/\\\/publicacionesaquila.com\\\/wp-content\\\/uploads\\\/2025\\\/06\\\/39.jpg\",\"width\":1080,\"height\":1080},{\"@type\":\"BreadcrumbList\",\"@id\":\"https:\\\/\\\/publicacionesaquila.com\\\/producto\\\/la-importancia-de-la-iglesia-local\\\/#breadcrumb\",\"itemListElement\":[{\"@type\":\"ListItem\",\"position\":1,\"name\":\"Portada\",\"item\":\"https:\\\/\\\/publicacionesaquila.com\\\/\"},{\"@type\":\"ListItem\",\"position\":2,\"name\":\"Publicaciones\",\"item\":\"https:\\\/\\\/publicacionesaquila.com\\\/publicaciones\\\/\"},{\"@type\":\"ListItem\",\"position\":3,\"name\":\"La importancia de la iglesia local\"}]},{\"@type\":\"WebSite\",\"@id\":\"https:\\\/\\\/publicacionesaquila.com\\\/#website\",\"url\":\"https:\\\/\\\/publicacionesaquila.com\\\/\",\"name\":\"Publicaciones Aquila\",\"description\":\"Cat\u00e1logo de Libros\",\"potentialAction\":[{\"@type\":\"SearchAction\",\"target\":{\"@type\":\"EntryPoint\",\"urlTemplate\":\"https:\\\/\\\/publicacionesaquila.com\\\/?s={search_term_string}\"},\"query-input\":{\"@type\":\"PropertyValueSpecification\",\"valueRequired\":true,\"valueName\":\"search_term_string\"}}],\"inLanguage\":\"en-US\"}]}<\/script>\n<!-- \/ Yoast SEO plugin. -->","yoast_head_json":{"title":"La importancia de la iglesia local - Publicaciones Aquila","robots":{"index":"index","follow":"follow","max-snippet":"max-snippet:-1","max-image-preview":"max-image-preview:large","max-video-preview":"max-video-preview:-1"},"canonical":"https:\/\/publicacionesaquila.com\/en\/product\/la-importancia-de-la-iglesia-local\/","og_locale":"en_US","og_type":"article","og_title":"La importancia de la iglesia local - Publicaciones Aquila","og_description":"&nbsp;  Ordenar este libro   &nbsp; \u00bfEs realmente importante la iglesia local? \u00bfNo podr\u00edan los cristianos vivir su fe de manera individual, sin necesidad de involucrarse en una comunidad de creyentes? \u00bfImporta si asisto, participo o me comprometo con una iglesia local?   Estas son preguntas que muchos cristianos se hacen hoy en d\u00eda, especialmente en un contexto cultural que valora cada vez m\u00e1s la autonom\u00eda personal y menos la vida comunitaria. En este peque\u00f1o pero poderoso libro, Daniel E. Wray aborda estas inquietudes desde una perspectiva b\u00edblica, pastoral y aplicable a la vida real.  Este op\u00fasculo no solo defiende la importancia de la iglesia local, sino que tambi\u00e9n:   Explica por qu\u00e9 la iglesia es un designio divino, no una instituci\u00f3n humana.  Muestra c\u00f3mo Dios ha elegido a la iglesia como el medio principal para edificar a Sus hijos.  Ofrece una visi\u00f3n clara sobre lo que significa ser miembro de una iglesia local.  Incentiva al lector a involucrarse activamente en una comunidad cristiana, m\u00e1s all\u00e1 de la simple asistencia ocasional.  &nbsp;  Wray no se queda en conceptos abstractos, sino que invita al lector a examinar su relaci\u00f3n con la iglesia local desde una perspectiva b\u00edblica y pr\u00e1ctica, record\u00e1ndonos que la vida cristiana fuera de la iglesia no es una opci\u00f3n viable, sino una forma de desobediencia a la Palabra de Dios.  Ideal tanto para estudio personal como grupal, este librito es una herramienta \u00fatil para quienes buscan comprender mejor el lugar que debe ocupar la iglesia local en la vida del creyente.  &nbsp;","og_url":"https:\/\/publicacionesaquila.com\/en\/product\/la-importancia-de-la-iglesia-local\/","og_site_name":"Publicaciones Aquila","article_modified_time":"2025-07-15T00:16:35+00:00","og_image":[{"width":1080,"height":1080,"url":"https:\/\/publicacionesaquila.com\/wp-content\/uploads\/2025\/06\/39.jpg","type":"image\/jpeg"}],"twitter_card":"summary_large_image","twitter_misc":{"Est. reading time":"1 minute"},"schema":{"@context":"https:\/\/schema.org","@graph":[{"@type":"WebPage","@id":"https:\/\/publicacionesaquila.com\/producto\/la-importancia-de-la-iglesia-local\/","url":"https:\/\/publicacionesaquila.com\/producto\/la-importancia-de-la-iglesia-local\/","name":"La importancia de la iglesia local - Publicaciones Aquila","isPartOf":{"@id":"https:\/\/publicacionesaquila.com\/#website"},"primaryImageOfPage":{"@id":"https:\/\/publicacionesaquila.com\/producto\/la-importancia-de-la-iglesia-local\/#primaryimage"},"image":{"@id":"https:\/\/publicacionesaquila.com\/producto\/la-importancia-de-la-iglesia-local\/#primaryimage"},"thumbnailUrl":"https:\/\/publicacionesaquila.com\/wp-content\/uploads\/2025\/06\/39.jpg","datePublished":"2025-06-24T16:26:13+00:00","dateModified":"2025-07-15T00:16:35+00:00","breadcrumb":{"@id":"https:\/\/publicacionesaquila.com\/producto\/la-importancia-de-la-iglesia-local\/#breadcrumb"},"inLanguage":"en-US","potentialAction":[{"@type":"ReadAction","target":["https:\/\/publicacionesaquila.com\/producto\/la-importancia-de-la-iglesia-local\/"]}]},{"@type":"ImageObject","inLanguage":"en-US","@id":"https:\/\/publicacionesaquila.com\/producto\/la-importancia-de-la-iglesia-local\/#primaryimage","url":"https:\/\/publicacionesaquila.com\/wp-content\/uploads\/2025\/06\/39.jpg","contentUrl":"https:\/\/publicacionesaquila.com\/wp-content\/uploads\/2025\/06\/39.jpg","width":1080,"height":1080},{"@type":"BreadcrumbList","@id":"https:\/\/publicacionesaquila.com\/producto\/la-importancia-de-la-iglesia-local\/#breadcrumb","itemListElement":[{"@type":"ListItem","position":1,"name":"Portada","item":"https:\/\/publicacionesaquila.com\/"},{"@type":"ListItem","position":2,"name":"Publicaciones","item":"https:\/\/publicacionesaquila.com\/publicaciones\/"},{"@type":"ListItem","position":3,"name":"La importancia de la iglesia local"}]},{"@type":"WebSite","@id":"https:\/\/publicacionesaquila.com\/#website","url":"https:\/\/publicacionesaquila.com\/","name":"Aquila Publications","description":"Cat\u00e1logo de Libros","potentialAction":[{"@type":"SearchAction","target":{"@type":"EntryPoint","urlTemplate":"https:\/\/publicacionesaquila.com\/?s={search_term_string}"},"query-input":{"@type":"PropertyValueSpecification","valueRequired":true,"valueName":"search_term_string"}}],"inLanguage":"en-US"}]}},"_links":{"self":[{"href":"https:\/\/publicacionesaquila.com\/en\/wp-json\/wp\/v2\/product\/2782","targetHints":{"allow":["GET"]}}],"collection":[{"href":"https:\/\/publicacionesaquila.com\/en\/wp-json\/wp\/v2\/product"}],"about":[{"href":"https:\/\/publicacionesaquila.com\/en\/wp-json\/wp\/v2\/types\/product"}],"replies":[{"embeddable":true,"href":"https:\/\/publicacionesaquila.com\/en\/wp-json\/wp\/v2\/comments?post=2782"}],"wp:featuredmedia":[{"embeddable":true,"href":"https:\/\/publicacionesaquila.com\/en\/wp-json\/wp\/v2\/media\/4603"}],"wp:attachment":[{"href":"https:\/\/publicacionesaquila.com\/en\/wp-json\/wp\/v2\/media?parent=2782"}],"wp:term":[{"taxonomy":"product_brand","embeddable":true,"href":"https:\/\/publicacionesaquila.com\/en\/wp-json\/wp\/v2\/product_brand?post=2782"},{"taxonomy":"product_cat","embeddable":true,"href":"https:\/\/publicacionesaquila.com\/en\/wp-json\/wp\/v2\/product_cat?post=2782"},{"taxonomy":"product_tag","embeddable":true,"href":"https:\/\/publicacionesaquila.com\/en\/wp-json\/wp\/v2\/product_tag?post=2782"}],"curies":[{"name":"wp","href":"https:\/\/api.w.org\/{rel}","templated":true}]}}