{"id":2781,"date":"2025-06-24T16:16:50","date_gmt":"2025-06-24T16:16:50","guid":{"rendered":"https:\/\/publicacionesaquila.com\/?post_type=product&#038;p=2781"},"modified":"2025-07-15T00:17:14","modified_gmt":"2025-07-15T00:17:14","slug":"que-es-el-arrepentimiento","status":"publish","type":"product","link":"https:\/\/publicacionesaquila.com\/en\/product\/que-es-el-arrepentimiento\/","title":{"rendered":"What is Repentance?"},"content":{"rendered":"","protected":false},"excerpt":{"rendered":"<p>&nbsp;<\/p>\n<p><a style=\"display: inline-block; padding: 12px 24px; font-size: 14px; color: black; background-color: white; border: 2px solid #000; border-radius: 5px; text-decoration: none; transition: all 0.3s ease; cursor: pointer;\" href=\"https:\/\/www.cristianismohist.com\/que-es-el-arrepentimiento-what-is-repentance-jeremy-walker\/\" target=\"_blank\" rel=\"noopener\">Order this book<br \/>\n<\/a><\/p>\n<p>&nbsp;<\/p>\n<p data-spm-anchor-id=\"a2ty_o01.29997173.0.i36.5195c921OxiTpX\" class=\" translation-block\">In a culture that constantly promotes self-esteem and downplays guilt, the biblical message of repentance can seem uncomfortable\u2014or even unnecessary. Yet, as this short but profound book clearly shows, repentance is an essential part of genuine Christianity .<\/p>\n<div class=\"my-2\"><\/div>\n<p class=\" translation-block\">Written by Jeremy Walker , a pastor and author known for his clear and biblical style, What Is Repentance? offers an accessible yet theologically solid guide to what true repentance means according to Scripture. The author reminds us that repentance is not merely feeling bad about our mistakes, but a deep change of heart: acknowledging our sin with sorrow, turning away from it, and sincerely returning to God in search of forgiveness and transformation .<\/p>\n<div class=\"my-2\"><\/div>\n<p>This book explores key topics such as:<\/p>\n<ul>\n<li>The biblical definition of true repentance .<\/li>\n<li>The difference between saving repentance and temporary remorse .<\/li>\n<li>Biblical examples of people who repented , and how we can learn from them.<\/li>\n<li>Practical steps toward cultivating a life marked by ongoing repentance.<\/li>\n<li>How repentance strengthens our relationship with God and our daily pursuit of holiness.<\/li>\n<\/ul>\n<p>&nbsp;<\/p>\n<p>Walker also emphasizes that repentance is not only something we do at conversion, but an attitude that should characterize every believer throughout their Christian life. It is a divine grace produced in us by the Holy Spirit, keeping us humble, dependent on Christ, and sensitive to God\u2019s will.<\/p>\n<div class=\"my-2\"><\/div>\n<p>Ideal for both personal reading and small groups or pastoral counseling , this booklet invites Christians to recover a biblical and vital view of repentance \u2014necessary for growing in holiness and faithfulness to Christ.<\/p>\n<p>&nbsp;<\/p>","protected":false},"featured_media":4623,"comment_status":"closed","ping_status":"closed","template":"","meta":[],"product_brand":[125],"product_cat":[73,72],"product_tag":[334,337,258,149,336,330,240,335,205,251,254,239,311,288,80],"class_list":{"0":"post-2781","1":"product","2":"type-product","3":"status-publish","4":"has-post-thumbnail","6":"product_brand-jeremy-walker","7":"product_cat-cultivando-la-piedad-biblica","8":"product_cat-folletos","9":"product_tag-arrepentimiento-cristiano","10":"product_tag-como-cambiar-el-corazon","11":"product_tag-conversion-y-transformacion","12":"product_tag-crecimiento-espiritual","13":"product_tag-cuadros-biblicos-de-arrepentimiento","14":"product_tag-doctrina-cristiana","15":"product_tag-espiritualidad-reformada","16":"product_tag-fe-y-obediencia","17":"product_tag-gracia-de-dios","18":"product_tag-libros-cristianos-breves","19":"product_tag-mortificacion-del-pecado","20":"product_tag-piedad-biblica","21":"product_tag-santidad-personal","22":"product_tag-testimonio-cristiano","23":"product_tag-vida-cristiana","25":"first","26":"instock","27":"sale","28":"shipping-taxable","29":"product-type-simple"},"yoast_head":"<!-- This site is optimized with the Yoast SEO plugin v27.4 - https:\/\/yoast.com\/product\/yoast-seo-wordpress\/ -->\n<title>\u00bfQu\u00e9 es el arrepentimiento? - Publicaciones Aquila<\/title>\n<meta name=\"robots\" content=\"index, follow, max-snippet:-1, max-image-preview:large, max-video-preview:-1\" \/>\n<link rel=\"canonical\" href=\"https:\/\/publicacionesaquila.com\/en\/product\/que-es-el-arrepentimiento\/\" \/>\n<meta property=\"og:locale\" content=\"en_US\" \/>\n<meta property=\"og:type\" content=\"article\" \/>\n<meta property=\"og:title\" content=\"\u00bfQu\u00e9 es el arrepentimiento? - Publicaciones Aquila\" \/>\n<meta property=\"og:description\" content=\"&nbsp;  Ordenar este libro   &nbsp; En una cultura que promueve constantemente la autoestima y minimiza la culpa, el mensaje b\u00edblico del arrepentimiento puede parecer inc\u00f3modo o incluso innecesario. Sin embargo, como se\u00f1ala claramente este peque\u00f1o pero profundo libro, el arrepentimiento es una parte esencial del cristianismo genuino .   Escrito por Jeremy Walker, pastor y autor conocido por su estilo claro y b\u00edblico, \u00bfQu\u00e9 es el arrepentimiento? ofrece una gu\u00eda accesible pero teol\u00f3gicamente s\u00f3lida sobre lo que significa verdaderamente arrepentirse seg\u00fan las Escrituras. El autor nos recuerda que el arrepentimiento no es solo sentirse mal por nuestros errores, sino un cambio profundo del coraz\u00f3n: reconocer nuestro pecado con tristeza, abandonarlo y volverse sinceramente hacia Dios en busca de perd\u00f3n y transformaci\u00f3n.  Este libro aborda temas clave como:   La definici\u00f3n b\u00edblica del arrepentimiento aut\u00e9ntico.  La diferencia entre arrepentimiento salv\u00edfico y remordimiento temporal.  Los ejemplos b\u00edblicos de personas que se arrepintieron y c\u00f3mo podemos aprender de ellos.  Pasos pr\u00e1cticos para cultivar una vida marcada por el arrepentimiento continuo.  C\u00f3mo el arrepentimiento fortalece nuestra relaci\u00f3n con Dios y nuestra santidad diaria.  &nbsp;  Walker tambi\u00e9n subraya que el arrepentimiento no es solo algo que hacemos al convertirnos, sino una actitud que debe caracterizar a todo creyente durante toda su vida cristiana. Es una gracia divina que el Esp\u00edritu Santo produce en nosotros para mantenernos humildes, dependientes de Cristo y sensibles a la voluntad de Dios.  Ideal tanto para lectura personal como para grupos peque\u00f1os o consejer\u00eda pastoral, este librito invita a los cristianos a recuperar una visi\u00f3n b\u00edblica y vital del arrepentimiento, necesario para crecer en santidad y fidelidad a Cristo.  &nbsp;\" \/>\n<meta property=\"og:url\" content=\"https:\/\/publicacionesaquila.com\/en\/product\/que-es-el-arrepentimiento\/\" \/>\n<meta property=\"og:site_name\" content=\"Publicaciones Aquila\" \/>\n<meta property=\"article:modified_time\" content=\"2025-07-15T00:17:14+00:00\" \/>\n<meta property=\"og:image\" content=\"https:\/\/publicacionesaquila.com\/wp-content\/uploads\/2025\/06\/19.jpg\" \/>\n\t<meta property=\"og:image:width\" content=\"1080\" \/>\n\t<meta property=\"og:image:height\" content=\"1080\" \/>\n\t<meta property=\"og:image:type\" content=\"image\/jpeg\" \/>\n<meta name=\"twitter:card\" content=\"summary_large_image\" \/>\n<meta name=\"twitter:label1\" content=\"Est. reading time\" \/>\n\t<meta name=\"twitter:data1\" content=\"1 minute\" \/>\n<script type=\"application\/ld+json\" class=\"yoast-schema-graph\">{\"@context\":\"https:\\\/\\\/schema.org\",\"@graph\":[{\"@type\":\"WebPage\",\"@id\":\"https:\\\/\\\/publicacionesaquila.com\\\/producto\\\/que-es-el-arrepentimiento\\\/\",\"url\":\"https:\\\/\\\/publicacionesaquila.com\\\/producto\\\/que-es-el-arrepentimiento\\\/\",\"name\":\"\u00bfQu\u00e9 es el arrepentimiento? - Publicaciones Aquila\",\"isPartOf\":{\"@id\":\"https:\\\/\\\/publicacionesaquila.com\\\/#website\"},\"primaryImageOfPage\":{\"@id\":\"https:\\\/\\\/publicacionesaquila.com\\\/producto\\\/que-es-el-arrepentimiento\\\/#primaryimage\"},\"image\":{\"@id\":\"https:\\\/\\\/publicacionesaquila.com\\\/producto\\\/que-es-el-arrepentimiento\\\/#primaryimage\"},\"thumbnailUrl\":\"https:\\\/\\\/publicacionesaquila.com\\\/wp-content\\\/uploads\\\/2025\\\/06\\\/19.jpg\",\"datePublished\":\"2025-06-24T16:16:50+00:00\",\"dateModified\":\"2025-07-15T00:17:14+00:00\",\"breadcrumb\":{\"@id\":\"https:\\\/\\\/publicacionesaquila.com\\\/producto\\\/que-es-el-arrepentimiento\\\/#breadcrumb\"},\"inLanguage\":\"en-US\",\"potentialAction\":[{\"@type\":\"ReadAction\",\"target\":[\"https:\\\/\\\/publicacionesaquila.com\\\/producto\\\/que-es-el-arrepentimiento\\\/\"]}]},{\"@type\":\"ImageObject\",\"inLanguage\":\"en-US\",\"@id\":\"https:\\\/\\\/publicacionesaquila.com\\\/producto\\\/que-es-el-arrepentimiento\\\/#primaryimage\",\"url\":\"https:\\\/\\\/publicacionesaquila.com\\\/wp-content\\\/uploads\\\/2025\\\/06\\\/19.jpg\",\"contentUrl\":\"https:\\\/\\\/publicacionesaquila.com\\\/wp-content\\\/uploads\\\/2025\\\/06\\\/19.jpg\",\"width\":1080,\"height\":1080},{\"@type\":\"BreadcrumbList\",\"@id\":\"https:\\\/\\\/publicacionesaquila.com\\\/producto\\\/que-es-el-arrepentimiento\\\/#breadcrumb\",\"itemListElement\":[{\"@type\":\"ListItem\",\"position\":1,\"name\":\"Portada\",\"item\":\"https:\\\/\\\/publicacionesaquila.com\\\/\"},{\"@type\":\"ListItem\",\"position\":2,\"name\":\"Publicaciones\",\"item\":\"https:\\\/\\\/publicacionesaquila.com\\\/publicaciones\\\/\"},{\"@type\":\"ListItem\",\"position\":3,\"name\":\"\u00bfQu\u00e9 es el arrepentimiento?\"}]},{\"@type\":\"WebSite\",\"@id\":\"https:\\\/\\\/publicacionesaquila.com\\\/#website\",\"url\":\"https:\\\/\\\/publicacionesaquila.com\\\/\",\"name\":\"Publicaciones Aquila\",\"description\":\"Cat\u00e1logo de Libros\",\"potentialAction\":[{\"@type\":\"SearchAction\",\"target\":{\"@type\":\"EntryPoint\",\"urlTemplate\":\"https:\\\/\\\/publicacionesaquila.com\\\/?s={search_term_string}\"},\"query-input\":{\"@type\":\"PropertyValueSpecification\",\"valueRequired\":true,\"valueName\":\"search_term_string\"}}],\"inLanguage\":\"en-US\"}]}<\/script>\n<!-- \/ Yoast SEO plugin. -->","yoast_head_json":{"title":"\u00bfQu\u00e9 es el arrepentimiento? - Publicaciones Aquila","robots":{"index":"index","follow":"follow","max-snippet":"max-snippet:-1","max-image-preview":"max-image-preview:large","max-video-preview":"max-video-preview:-1"},"canonical":"https:\/\/publicacionesaquila.com\/en\/product\/que-es-el-arrepentimiento\/","og_locale":"en_US","og_type":"article","og_title":"\u00bfQu\u00e9 es el arrepentimiento? - Publicaciones Aquila","og_description":"&nbsp;  Ordenar este libro   &nbsp; En una cultura que promueve constantemente la autoestima y minimiza la culpa, el mensaje b\u00edblico del arrepentimiento puede parecer inc\u00f3modo o incluso innecesario. Sin embargo, como se\u00f1ala claramente este peque\u00f1o pero profundo libro, el arrepentimiento es una parte esencial del cristianismo genuino .   Escrito por Jeremy Walker, pastor y autor conocido por su estilo claro y b\u00edblico, \u00bfQu\u00e9 es el arrepentimiento? ofrece una gu\u00eda accesible pero teol\u00f3gicamente s\u00f3lida sobre lo que significa verdaderamente arrepentirse seg\u00fan las Escrituras. El autor nos recuerda que el arrepentimiento no es solo sentirse mal por nuestros errores, sino un cambio profundo del coraz\u00f3n: reconocer nuestro pecado con tristeza, abandonarlo y volverse sinceramente hacia Dios en busca de perd\u00f3n y transformaci\u00f3n.  Este libro aborda temas clave como:   La definici\u00f3n b\u00edblica del arrepentimiento aut\u00e9ntico.  La diferencia entre arrepentimiento salv\u00edfico y remordimiento temporal.  Los ejemplos b\u00edblicos de personas que se arrepintieron y c\u00f3mo podemos aprender de ellos.  Pasos pr\u00e1cticos para cultivar una vida marcada por el arrepentimiento continuo.  C\u00f3mo el arrepentimiento fortalece nuestra relaci\u00f3n con Dios y nuestra santidad diaria.  &nbsp;  Walker tambi\u00e9n subraya que el arrepentimiento no es solo algo que hacemos al convertirnos, sino una actitud que debe caracterizar a todo creyente durante toda su vida cristiana. Es una gracia divina que el Esp\u00edritu Santo produce en nosotros para mantenernos humildes, dependientes de Cristo y sensibles a la voluntad de Dios.  Ideal tanto para lectura personal como para grupos peque\u00f1os o consejer\u00eda pastoral, este librito invita a los cristianos a recuperar una visi\u00f3n b\u00edblica y vital del arrepentimiento, necesario para crecer en santidad y fidelidad a Cristo.  &nbsp;","og_url":"https:\/\/publicacionesaquila.com\/en\/product\/que-es-el-arrepentimiento\/","og_site_name":"Publicaciones Aquila","article_modified_time":"2025-07-15T00:17:14+00:00","og_image":[{"width":1080,"height":1080,"url":"https:\/\/publicacionesaquila.com\/wp-content\/uploads\/2025\/06\/19.jpg","type":"image\/jpeg"}],"twitter_card":"summary_large_image","twitter_misc":{"Est. reading time":"1 minute"},"schema":{"@context":"https:\/\/schema.org","@graph":[{"@type":"WebPage","@id":"https:\/\/publicacionesaquila.com\/producto\/que-es-el-arrepentimiento\/","url":"https:\/\/publicacionesaquila.com\/producto\/que-es-el-arrepentimiento\/","name":"\u00bfQu\u00e9 es el arrepentimiento? - Publicaciones Aquila","isPartOf":{"@id":"https:\/\/publicacionesaquila.com\/#website"},"primaryImageOfPage":{"@id":"https:\/\/publicacionesaquila.com\/producto\/que-es-el-arrepentimiento\/#primaryimage"},"image":{"@id":"https:\/\/publicacionesaquila.com\/producto\/que-es-el-arrepentimiento\/#primaryimage"},"thumbnailUrl":"https:\/\/publicacionesaquila.com\/wp-content\/uploads\/2025\/06\/19.jpg","datePublished":"2025-06-24T16:16:50+00:00","dateModified":"2025-07-15T00:17:14+00:00","breadcrumb":{"@id":"https:\/\/publicacionesaquila.com\/producto\/que-es-el-arrepentimiento\/#breadcrumb"},"inLanguage":"en-US","potentialAction":[{"@type":"ReadAction","target":["https:\/\/publicacionesaquila.com\/producto\/que-es-el-arrepentimiento\/"]}]},{"@type":"ImageObject","inLanguage":"en-US","@id":"https:\/\/publicacionesaquila.com\/producto\/que-es-el-arrepentimiento\/#primaryimage","url":"https:\/\/publicacionesaquila.com\/wp-content\/uploads\/2025\/06\/19.jpg","contentUrl":"https:\/\/publicacionesaquila.com\/wp-content\/uploads\/2025\/06\/19.jpg","width":1080,"height":1080},{"@type":"BreadcrumbList","@id":"https:\/\/publicacionesaquila.com\/producto\/que-es-el-arrepentimiento\/#breadcrumb","itemListElement":[{"@type":"ListItem","position":1,"name":"Portada","item":"https:\/\/publicacionesaquila.com\/"},{"@type":"ListItem","position":2,"name":"Publicaciones","item":"https:\/\/publicacionesaquila.com\/publicaciones\/"},{"@type":"ListItem","position":3,"name":"\u00bfQu\u00e9 es el arrepentimiento?"}]},{"@type":"WebSite","@id":"https:\/\/publicacionesaquila.com\/#website","url":"https:\/\/publicacionesaquila.com\/","name":"Aquila Publications","description":"Cat\u00e1logo de Libros","potentialAction":[{"@type":"SearchAction","target":{"@type":"EntryPoint","urlTemplate":"https:\/\/publicacionesaquila.com\/?s={search_term_string}"},"query-input":{"@type":"PropertyValueSpecification","valueRequired":true,"valueName":"search_term_string"}}],"inLanguage":"en-US"}]}},"_links":{"self":[{"href":"https:\/\/publicacionesaquila.com\/en\/wp-json\/wp\/v2\/product\/2781","targetHints":{"allow":["GET"]}}],"collection":[{"href":"https:\/\/publicacionesaquila.com\/en\/wp-json\/wp\/v2\/product"}],"about":[{"href":"https:\/\/publicacionesaquila.com\/en\/wp-json\/wp\/v2\/types\/product"}],"replies":[{"embeddable":true,"href":"https:\/\/publicacionesaquila.com\/en\/wp-json\/wp\/v2\/comments?post=2781"}],"wp:featuredmedia":[{"embeddable":true,"href":"https:\/\/publicacionesaquila.com\/en\/wp-json\/wp\/v2\/media\/4623"}],"wp:attachment":[{"href":"https:\/\/publicacionesaquila.com\/en\/wp-json\/wp\/v2\/media?parent=2781"}],"wp:term":[{"taxonomy":"product_brand","embeddable":true,"href":"https:\/\/publicacionesaquila.com\/en\/wp-json\/wp\/v2\/product_brand?post=2781"},{"taxonomy":"product_cat","embeddable":true,"href":"https:\/\/publicacionesaquila.com\/en\/wp-json\/wp\/v2\/product_cat?post=2781"},{"taxonomy":"product_tag","embeddable":true,"href":"https:\/\/publicacionesaquila.com\/en\/wp-json\/wp\/v2\/product_tag?post=2781"}],"curies":[{"name":"wp","href":"https:\/\/api.w.org\/{rel}","templated":true}]}}