{"id":2780,"date":"2025-06-24T16:09:15","date_gmt":"2025-06-24T16:09:15","guid":{"rendered":"https:\/\/publicacionesaquila.com\/?post_type=product&#038;p=2780"},"modified":"2025-07-15T00:17:53","modified_gmt":"2025-07-15T00:17:53","slug":"como-podemos-desarrollar-la-amistad-biblica","status":"publish","type":"product","link":"https:\/\/publicacionesaquila.com\/en\/product\/como-podemos-desarrollar-la-amistad-biblica\/","title":{"rendered":"How Should We Develop Biblical Friendship?"},"content":{"rendered":"","protected":false},"excerpt":{"rendered":"<p>&nbsp;<\/p>\n<p><a style=\"display: inline-block; padding: 12px 24px; font-size: 14px; color: black; background-color: white; border: 2px solid #000; border-radius: 5px; text-decoration: none; transition: all 0.3s ease; cursor: pointer;\" href=\"https:\/\/www.cristianismohist.com\/como-podemos-desarrollar-la-amistad-biblica-how-should-we-develop-biblical-friendship\/\" target=\"_blank\" rel=\"noopener\">Order this book<br \/>\n<\/a><\/p>\n<p>&nbsp;<\/p>\n<p data-spm-anchor-id=\"a2ty_o01.29997173.0.i20.5195c921OxiTpX\" class=\" translation-block\">The verse from Proverbs 27:17 reminds us of a profound truth: \"Iron sharpens iron, and one man sharpens the countenance of his friend.\" This book explores how God uses Christian friendships as a powerful means to strengthen our spiritual growth, faithfulness to Christ, and perseverance in the faith.<\/p>\n<div class=\"my-2\"><\/div>\n<p class=\" translation-block\">In an increasingly individualistic, fast-paced, and self-centered world\u2014such as the Western culture of the 21st century\u2014deep, genuine, and edifying friendships are becoming rare. But this should not be the case among believers. God\u2019s Word calls us to cultivate relationships that go beyond superficiality , toward a biblical friendship that encourages, corrects, supports, and stirs up the heart of a brother or sister in Christ.<\/p>\n<div class=\"my-2\"><\/div>\n<p class=\" translation-block\">In this brief yet meaningful book, respected theologians and pastors Joel R. Beeke and Michael A.G. Haykin explore, from a biblical and historical perspective, what it means to build friendships according to God\u2019s heart. Through inspiring examples from church history and Scripture, the authors identify practical principles to help readers:<\/p>\n<ul>\n<li>Recognize the spiritual value of Christian friendship.<\/li>\n<li>Cultivate deep and lasting relationships in a modern context that often hinders them.<\/li>\n<li>Understand how such friendships can be channels of grace, comfort, and mutual accountability.<\/li>\n<li>Be inspired by biblical and historical models of friendship that endured trials and persecution.<\/li>\n<\/ul>\n<p>&nbsp;<\/p>\n<p>This booklet not only invites reflection on the importance of Christian community, but also encourages a biblical recovery of friendship as a tool for sanctification . It is ideal for both personal reading and small groups, Bible studies, or times of pastoral counseling.<\/p>\n<div class=\"my-2\"><\/div>\n<p class=\" translation-block\">Ultimately, biblical friendship does not only enrich our emotional lives\u2014it also strengthens our walk with Christ in a world that is no friend to grace.<\/p>\n<p>&nbsp;<\/p>","protected":false},"featured_media":4624,"comment_status":"closed","ping_status":"closed","template":"","meta":[],"product_brand":[124],"product_cat":[73,72,76],"product_tag":[270,266,278,279,268,194,271,276,275,251,272,277,267,274,273,269],"class_list":{"0":"post-2780","1":"product","2":"type-product","3":"status-publish","4":"has-post-thumbnail","6":"product_brand-joel-beeke-michael-a-g-haykin","7":"product_cat-cultivando-la-piedad-biblica","8":"product_cat-folletos","9":"product_cat-vida-cristiana","10":"product_tag-amistad-biblica","11":"product_tag-amistad-cristiana","12":"product_tag-amistad-y-fe","13":"product_tag-como-cultivar-amistades-en-cristo","14":"product_tag-comunidad-cristiana","15":"product_tag-crecimiento-en-la-fe","16":"product_tag-desarrollo-espiritual","17":"product_tag-espiritualidad-comunitaria","18":"product_tag-estudio-biblico-sobre-relaciones","19":"product_tag-libros-cristianos-breves","20":"product_tag-modelos-biblicos-de-amistad","21":"product_tag-modelos-historicos-de-fe","22":"product_tag-relacion-entre-creyentes","23":"product_tag-responsabilidad-mutua","24":"product_tag-vida-de-comunion","25":"product_tag-vida-en-la-iglesia","27":"first","28":"instock","29":"sale","30":"shipping-taxable","31":"product-type-simple"},"yoast_head":"<!-- This site is optimized with the Yoast SEO plugin v27.4 - https:\/\/yoast.com\/product\/yoast-seo-wordpress\/ -->\n<title>\u00bfC\u00f3mo podemos desarrollar la amistad b\u00edblica? - Publicaciones Aquila<\/title>\n<meta name=\"robots\" content=\"index, follow, max-snippet:-1, max-image-preview:large, max-video-preview:-1\" \/>\n<link rel=\"canonical\" href=\"https:\/\/publicacionesaquila.com\/en\/product\/como-podemos-desarrollar-la-amistad-biblica\/\" \/>\n<meta property=\"og:locale\" content=\"en_US\" \/>\n<meta property=\"og:type\" content=\"article\" \/>\n<meta property=\"og:title\" content=\"\u00bfC\u00f3mo podemos desarrollar la amistad b\u00edblica? - Publicaciones Aquila\" \/>\n<meta property=\"og:description\" content=\"&nbsp;  Ordenar este libro   &nbsp; El vers\u00edculo de Proverbios 27:17 nos recuerda una verdad profunda: \u00abHierro con hierro se aguza; as\u00ed el hombre aguza el rostro de su amigo\u00bb. Este libro explora c\u00f3mo Dios usa las amistades cristianas como un medio poderoso para fortalecer nuestro crecimiento espiritual, nuestra fidelidad a Cristo y nuestra perseverancia en la fe.   En un mundo cada vez m\u00e1s individualista, acelerado y centrado en el yo \u2014como es el caso de la cultura occidental del siglo XXI\u2014, las amistades profundas, genuinas y edificantes se est\u00e1n volviendo raras. Pero esto no debe ser as\u00ed entre los creyentes. La Palabra de Dios nos llama a cultivar relaciones que vayan m\u00e1s all\u00e1 de lo superficial, hacia una amistad b\u00edblica que anime, corrija, apoye y estimule al coraz\u00f3n del hermano o la hermana en la fe.  En este breve pero significativo libro, los reconocidos te\u00f3logos y pastores Joel R. Beeke y Michael A.G. Haykin exploran desde una perspectiva b\u00edblica e hist\u00f3rica qu\u00e9 significa construir amistades seg\u00fan el coraz\u00f3n de Dios. A trav\u00e9s de ejemplos inspiradores de la historia de la iglesia y de la Palabra de Dios, los autores identifican principios pr\u00e1cticos que ayudar\u00e1n al lector a:   Reconocer el valor espiritual de la amistad cristiana.  Cultivar relaciones profundas y duraderas en un contexto moderno que las dificulta.  Entender c\u00f3mo estas amistades pueden ser canales de gracia, consuelo y responsabilidad mutua.  Inspirarse en modelos b\u00edblicos e hist\u00f3ricos de amistad que trascendieron tiempos de prueba y persecuci\u00f3n.  &nbsp;  Este librito no solo invita a reflexionar sobre la importancia de la comunidad cristiana, sino tambi\u00e9n a recuperar una visi\u00f3n b\u00edblica de la amistad como herramienta de santificaci\u00f3n. Es ideal tanto para lectura personal como para grupos peque\u00f1os, estudios b\u00edblicos o momentos de consejer\u00eda.  Al final, una amistad b\u00edblica no solo enriquece nuestra vida emocional, sino que tambi\u00e9n estimula nuestro caminar cristiano en un mundo que no es amigo de la gracia .  &nbsp;\" \/>\n<meta property=\"og:url\" content=\"https:\/\/publicacionesaquila.com\/en\/product\/como-podemos-desarrollar-la-amistad-biblica\/\" \/>\n<meta property=\"og:site_name\" content=\"Publicaciones Aquila\" \/>\n<meta property=\"article:modified_time\" content=\"2025-07-15T00:17:53+00:00\" \/>\n<meta property=\"og:image\" content=\"https:\/\/publicacionesaquila.com\/wp-content\/uploads\/2025\/06\/18.jpg\" \/>\n\t<meta property=\"og:image:width\" content=\"1080\" \/>\n\t<meta property=\"og:image:height\" content=\"1080\" \/>\n\t<meta property=\"og:image:type\" content=\"image\/jpeg\" \/>\n<meta name=\"twitter:card\" content=\"summary_large_image\" \/>\n<meta name=\"twitter:label1\" content=\"Est. reading time\" \/>\n\t<meta name=\"twitter:data1\" content=\"1 minute\" \/>\n<script type=\"application\/ld+json\" class=\"yoast-schema-graph\">{\"@context\":\"https:\\\/\\\/schema.org\",\"@graph\":[{\"@type\":\"WebPage\",\"@id\":\"https:\\\/\\\/publicacionesaquila.com\\\/producto\\\/como-podemos-desarrollar-la-amistad-biblica\\\/\",\"url\":\"https:\\\/\\\/publicacionesaquila.com\\\/producto\\\/como-podemos-desarrollar-la-amistad-biblica\\\/\",\"name\":\"\u00bfC\u00f3mo podemos desarrollar la amistad b\u00edblica? - Publicaciones Aquila\",\"isPartOf\":{\"@id\":\"https:\\\/\\\/publicacionesaquila.com\\\/#website\"},\"primaryImageOfPage\":{\"@id\":\"https:\\\/\\\/publicacionesaquila.com\\\/producto\\\/como-podemos-desarrollar-la-amistad-biblica\\\/#primaryimage\"},\"image\":{\"@id\":\"https:\\\/\\\/publicacionesaquila.com\\\/producto\\\/como-podemos-desarrollar-la-amistad-biblica\\\/#primaryimage\"},\"thumbnailUrl\":\"https:\\\/\\\/publicacionesaquila.com\\\/wp-content\\\/uploads\\\/2025\\\/06\\\/18.jpg\",\"datePublished\":\"2025-06-24T16:09:15+00:00\",\"dateModified\":\"2025-07-15T00:17:53+00:00\",\"breadcrumb\":{\"@id\":\"https:\\\/\\\/publicacionesaquila.com\\\/producto\\\/como-podemos-desarrollar-la-amistad-biblica\\\/#breadcrumb\"},\"inLanguage\":\"en-US\",\"potentialAction\":[{\"@type\":\"ReadAction\",\"target\":[\"https:\\\/\\\/publicacionesaquila.com\\\/producto\\\/como-podemos-desarrollar-la-amistad-biblica\\\/\"]}]},{\"@type\":\"ImageObject\",\"inLanguage\":\"en-US\",\"@id\":\"https:\\\/\\\/publicacionesaquila.com\\\/producto\\\/como-podemos-desarrollar-la-amistad-biblica\\\/#primaryimage\",\"url\":\"https:\\\/\\\/publicacionesaquila.com\\\/wp-content\\\/uploads\\\/2025\\\/06\\\/18.jpg\",\"contentUrl\":\"https:\\\/\\\/publicacionesaquila.com\\\/wp-content\\\/uploads\\\/2025\\\/06\\\/18.jpg\",\"width\":1080,\"height\":1080},{\"@type\":\"BreadcrumbList\",\"@id\":\"https:\\\/\\\/publicacionesaquila.com\\\/producto\\\/como-podemos-desarrollar-la-amistad-biblica\\\/#breadcrumb\",\"itemListElement\":[{\"@type\":\"ListItem\",\"position\":1,\"name\":\"Portada\",\"item\":\"https:\\\/\\\/publicacionesaquila.com\\\/\"},{\"@type\":\"ListItem\",\"position\":2,\"name\":\"Publicaciones\",\"item\":\"https:\\\/\\\/publicacionesaquila.com\\\/publicaciones\\\/\"},{\"@type\":\"ListItem\",\"position\":3,\"name\":\"\u00bfC\u00f3mo podemos desarrollar la amistad b\u00edblica?\"}]},{\"@type\":\"WebSite\",\"@id\":\"https:\\\/\\\/publicacionesaquila.com\\\/#website\",\"url\":\"https:\\\/\\\/publicacionesaquila.com\\\/\",\"name\":\"Publicaciones Aquila\",\"description\":\"Cat\u00e1logo de Libros\",\"potentialAction\":[{\"@type\":\"SearchAction\",\"target\":{\"@type\":\"EntryPoint\",\"urlTemplate\":\"https:\\\/\\\/publicacionesaquila.com\\\/?s={search_term_string}\"},\"query-input\":{\"@type\":\"PropertyValueSpecification\",\"valueRequired\":true,\"valueName\":\"search_term_string\"}}],\"inLanguage\":\"en-US\"}]}<\/script>\n<!-- \/ Yoast SEO plugin. -->","yoast_head_json":{"title":"\u00bfC\u00f3mo podemos desarrollar la amistad b\u00edblica? - Publicaciones Aquila","robots":{"index":"index","follow":"follow","max-snippet":"max-snippet:-1","max-image-preview":"max-image-preview:large","max-video-preview":"max-video-preview:-1"},"canonical":"https:\/\/publicacionesaquila.com\/en\/product\/como-podemos-desarrollar-la-amistad-biblica\/","og_locale":"en_US","og_type":"article","og_title":"\u00bfC\u00f3mo podemos desarrollar la amistad b\u00edblica? - Publicaciones Aquila","og_description":"&nbsp;  Ordenar este libro   &nbsp; El vers\u00edculo de Proverbios 27:17 nos recuerda una verdad profunda: \u00abHierro con hierro se aguza; as\u00ed el hombre aguza el rostro de su amigo\u00bb. Este libro explora c\u00f3mo Dios usa las amistades cristianas como un medio poderoso para fortalecer nuestro crecimiento espiritual, nuestra fidelidad a Cristo y nuestra perseverancia en la fe.   En un mundo cada vez m\u00e1s individualista, acelerado y centrado en el yo \u2014como es el caso de la cultura occidental del siglo XXI\u2014, las amistades profundas, genuinas y edificantes se est\u00e1n volviendo raras. Pero esto no debe ser as\u00ed entre los creyentes. La Palabra de Dios nos llama a cultivar relaciones que vayan m\u00e1s all\u00e1 de lo superficial, hacia una amistad b\u00edblica que anime, corrija, apoye y estimule al coraz\u00f3n del hermano o la hermana en la fe.  En este breve pero significativo libro, los reconocidos te\u00f3logos y pastores Joel R. Beeke y Michael A.G. Haykin exploran desde una perspectiva b\u00edblica e hist\u00f3rica qu\u00e9 significa construir amistades seg\u00fan el coraz\u00f3n de Dios. A trav\u00e9s de ejemplos inspiradores de la historia de la iglesia y de la Palabra de Dios, los autores identifican principios pr\u00e1cticos que ayudar\u00e1n al lector a:   Reconocer el valor espiritual de la amistad cristiana.  Cultivar relaciones profundas y duraderas en un contexto moderno que las dificulta.  Entender c\u00f3mo estas amistades pueden ser canales de gracia, consuelo y responsabilidad mutua.  Inspirarse en modelos b\u00edblicos e hist\u00f3ricos de amistad que trascendieron tiempos de prueba y persecuci\u00f3n.  &nbsp;  Este librito no solo invita a reflexionar sobre la importancia de la comunidad cristiana, sino tambi\u00e9n a recuperar una visi\u00f3n b\u00edblica de la amistad como herramienta de santificaci\u00f3n. Es ideal tanto para lectura personal como para grupos peque\u00f1os, estudios b\u00edblicos o momentos de consejer\u00eda.  Al final, una amistad b\u00edblica no solo enriquece nuestra vida emocional, sino que tambi\u00e9n estimula nuestro caminar cristiano en un mundo que no es amigo de la gracia .  &nbsp;","og_url":"https:\/\/publicacionesaquila.com\/en\/product\/como-podemos-desarrollar-la-amistad-biblica\/","og_site_name":"Publicaciones Aquila","article_modified_time":"2025-07-15T00:17:53+00:00","og_image":[{"width":1080,"height":1080,"url":"https:\/\/publicacionesaquila.com\/wp-content\/uploads\/2025\/06\/18.jpg","type":"image\/jpeg"}],"twitter_card":"summary_large_image","twitter_misc":{"Est. reading time":"1 minute"},"schema":{"@context":"https:\/\/schema.org","@graph":[{"@type":"WebPage","@id":"https:\/\/publicacionesaquila.com\/producto\/como-podemos-desarrollar-la-amistad-biblica\/","url":"https:\/\/publicacionesaquila.com\/producto\/como-podemos-desarrollar-la-amistad-biblica\/","name":"\u00bfC\u00f3mo podemos desarrollar la amistad b\u00edblica? - Publicaciones Aquila","isPartOf":{"@id":"https:\/\/publicacionesaquila.com\/#website"},"primaryImageOfPage":{"@id":"https:\/\/publicacionesaquila.com\/producto\/como-podemos-desarrollar-la-amistad-biblica\/#primaryimage"},"image":{"@id":"https:\/\/publicacionesaquila.com\/producto\/como-podemos-desarrollar-la-amistad-biblica\/#primaryimage"},"thumbnailUrl":"https:\/\/publicacionesaquila.com\/wp-content\/uploads\/2025\/06\/18.jpg","datePublished":"2025-06-24T16:09:15+00:00","dateModified":"2025-07-15T00:17:53+00:00","breadcrumb":{"@id":"https:\/\/publicacionesaquila.com\/producto\/como-podemos-desarrollar-la-amistad-biblica\/#breadcrumb"},"inLanguage":"en-US","potentialAction":[{"@type":"ReadAction","target":["https:\/\/publicacionesaquila.com\/producto\/como-podemos-desarrollar-la-amistad-biblica\/"]}]},{"@type":"ImageObject","inLanguage":"en-US","@id":"https:\/\/publicacionesaquila.com\/producto\/como-podemos-desarrollar-la-amistad-biblica\/#primaryimage","url":"https:\/\/publicacionesaquila.com\/wp-content\/uploads\/2025\/06\/18.jpg","contentUrl":"https:\/\/publicacionesaquila.com\/wp-content\/uploads\/2025\/06\/18.jpg","width":1080,"height":1080},{"@type":"BreadcrumbList","@id":"https:\/\/publicacionesaquila.com\/producto\/como-podemos-desarrollar-la-amistad-biblica\/#breadcrumb","itemListElement":[{"@type":"ListItem","position":1,"name":"Portada","item":"https:\/\/publicacionesaquila.com\/"},{"@type":"ListItem","position":2,"name":"Publicaciones","item":"https:\/\/publicacionesaquila.com\/publicaciones\/"},{"@type":"ListItem","position":3,"name":"\u00bfC\u00f3mo podemos desarrollar la amistad b\u00edblica?"}]},{"@type":"WebSite","@id":"https:\/\/publicacionesaquila.com\/#website","url":"https:\/\/publicacionesaquila.com\/","name":"Aquila Publications","description":"Cat\u00e1logo de Libros","potentialAction":[{"@type":"SearchAction","target":{"@type":"EntryPoint","urlTemplate":"https:\/\/publicacionesaquila.com\/?s={search_term_string}"},"query-input":{"@type":"PropertyValueSpecification","valueRequired":true,"valueName":"search_term_string"}}],"inLanguage":"en-US"}]}},"_links":{"self":[{"href":"https:\/\/publicacionesaquila.com\/en\/wp-json\/wp\/v2\/product\/2780","targetHints":{"allow":["GET"]}}],"collection":[{"href":"https:\/\/publicacionesaquila.com\/en\/wp-json\/wp\/v2\/product"}],"about":[{"href":"https:\/\/publicacionesaquila.com\/en\/wp-json\/wp\/v2\/types\/product"}],"replies":[{"embeddable":true,"href":"https:\/\/publicacionesaquila.com\/en\/wp-json\/wp\/v2\/comments?post=2780"}],"wp:featuredmedia":[{"embeddable":true,"href":"https:\/\/publicacionesaquila.com\/en\/wp-json\/wp\/v2\/media\/4624"}],"wp:attachment":[{"href":"https:\/\/publicacionesaquila.com\/en\/wp-json\/wp\/v2\/media?parent=2780"}],"wp:term":[{"taxonomy":"product_brand","embeddable":true,"href":"https:\/\/publicacionesaquila.com\/en\/wp-json\/wp\/v2\/product_brand?post=2780"},{"taxonomy":"product_cat","embeddable":true,"href":"https:\/\/publicacionesaquila.com\/en\/wp-json\/wp\/v2\/product_cat?post=2780"},{"taxonomy":"product_tag","embeddable":true,"href":"https:\/\/publicacionesaquila.com\/en\/wp-json\/wp\/v2\/product_tag?post=2780"}],"curies":[{"name":"wp","href":"https:\/\/api.w.org\/{rel}","templated":true}]}}