{"id":2779,"date":"2025-06-24T16:05:28","date_gmt":"2025-06-24T16:05:28","guid":{"rendered":"https:\/\/publicacionesaquila.com\/?post_type=product&#038;p=2779"},"modified":"2025-07-15T00:18:40","modified_gmt":"2025-07-15T00:18:40","slug":"como-puedo-vencer-la-lujuria","status":"publish","type":"product","link":"https:\/\/publicacionesaquila.com\/en\/product\/como-puedo-vencer-la-lujuria\/","title":{"rendered":"How Can I Overcome Lust?"},"content":{"rendered":"","protected":false},"excerpt":{"rendered":"<p>&nbsp;<\/p>\n<p><a style=\"display: inline-block; padding: 12px 24px; font-size: 14px; color: black; background-color: white; border: 2px solid #000; border-radius: 5px; text-decoration: none; transition: all 0.3s ease; cursor: pointer;\" href=\"https:\/\/www.cristianismohist.com\/como-puedo-vencer-la-lujuria-how-can-i-overcome-lust\/\" target=\"_blank\" rel=\"noopener\">Order this book<br \/>\n<\/a><\/p>\n<p>&nbsp;<\/p>\n<p data-spm-anchor-id=\"a2ty_o01.29997173.0.i29.5195c921OxiTpX\" class=\" translation-block\">In a world increasingly flooded with images, messages, and lifestyles that normalize sensuality and disordered desires , this short book offers a biblical, pastoral, and hopeful voice on how Christians can fight one of the most common and persistent sins: lust .<\/p>\n<div class=\"my-2\"><\/div>\n<p class=\" translation-block\">Written by Ryan M. McGraw , a Reformed pastor and theologian, this book not only acknowledges the spiritual and moral seriousness of lust, but also provides readers with a clear, Scripture-based guide for battling it effectively. The author emphasizes that lust is not a minor evil or an insignificant habit, but a spiritual battle that strikes at the very heart of our relationship with God.<\/p>\n<div class=\"my-2\"><\/div>\n<p>McGraw approaches the subject from three foundational angles:<\/p>\n<ol start=\"1\">\n<li class=\" translation-block\">The seriousness of the sin of lust : What it is, why it is dangerous, and how it affects our soul.<\/li>\n<li class=\" translation-block\">Biblical principles for overcoming sin in general : How to identify and combat sinful desires from both a theological and practical perspective.<\/li>\n<li class=\" translation-block\">Specific application to lust: How to make use of the means of grace, depend on the Holy Spirit, and cultivate a life of purity in body and mind.<\/li>\n<\/ol>\n<p>&nbsp;<\/p>\n<p class=\" translation-block\">This booklet goes beyond superficial advice or behavioral techniques. Rather, it reminds us that victory over lust is only possible through our union with Christ . It is in this vital connection to Jesus\u2014nourished by prayer, Scripture, fellowship, and spiritual vigilance\u2014that we find true triumph.<\/p>\n<div class=\"my-2\"><\/div>\n<p>Ideal for both personal study and group discussion , this book is a valuable resource for those who desire to grow in holiness and reflect more clearly the image of Christ in the midst of a culture that often glorifies its opposite.<\/p>\n<p>&nbsp;<\/p>","protected":false},"featured_media":4622,"comment_status":"closed","ping_status":"closed","template":"","meta":[],"product_brand":[121],"product_cat":[73,72,75,76],"product_tag":[312,313,149,314,240,251,308,315,254,239,310,311,288,259,309,262,80],"class_list":{"0":"post-2779","1":"product","2":"type-product","3":"status-publish","4":"has-post-thumbnail","6":"product_brand-ryan-m-mcgraw","7":"product_cat-cultivando-la-piedad-biblica","8":"product_cat-folletos","9":"product_cat-jovenes","10":"product_cat-vida-cristiana","11":"product_tag-batalla-espiritual","12":"product_tag-como-vencer-la-tentacion","13":"product_tag-crecimiento-espiritual","14":"product_tag-dominio-propio","15":"product_tag-espiritualidad-reformada","16":"product_tag-libros-cristianos-breves","17":"product_tag-lujuria-y-fe","18":"product_tag-medios-de-gracia","19":"product_tag-mortificacion-del-pecado","20":"product_tag-piedad-biblica","21":"product_tag-pureza-cristiana","22":"product_tag-santidad-personal","23":"product_tag-testimonio-cristiano","24":"product_tag-union-con-cristo","25":"product_tag-vencer-el-pecado","26":"product_tag-victoria-sobre-el-pecado","27":"product_tag-vida-cristiana","29":"first","30":"instock","31":"sale","32":"shipping-taxable","33":"product-type-simple"},"yoast_head":"<!-- This site is optimized with the Yoast SEO plugin v27.4 - https:\/\/yoast.com\/product\/yoast-seo-wordpress\/ -->\n<title>\u00bfC\u00f3mo puedo vencer la lujuria? - Publicaciones Aquila<\/title>\n<meta name=\"robots\" content=\"index, follow, max-snippet:-1, max-image-preview:large, max-video-preview:-1\" \/>\n<link rel=\"canonical\" href=\"https:\/\/publicacionesaquila.com\/en\/product\/como-puedo-vencer-la-lujuria\/\" \/>\n<meta property=\"og:locale\" content=\"en_US\" \/>\n<meta property=\"og:type\" content=\"article\" \/>\n<meta property=\"og:title\" content=\"\u00bfC\u00f3mo puedo vencer la lujuria? - Publicaciones Aquila\" \/>\n<meta property=\"og:description\" content=\"&nbsp;  Ordenar este libro   &nbsp; En un mundo cada vez m\u00e1s inmerso en im\u00e1genes, mensajes y estilos de vida que normalizan la sensualidad y los deseos desordenados, este peque\u00f1o libro ofrece una voz b\u00edblica, pastoral y esperanzadora sobre c\u00f3mo los cristianos pueden luchar contra uno de los pecados m\u00e1s comunes y persistentes: la lujuria .   Escrito por Ryan M. McGraw , pastor y te\u00f3logo reformado, este libro no solo reconoce la seriedad espiritual y moral de la lujuria, sino que tambi\u00e9n brinda al lector una gu\u00eda clara basada en las Escrituras para combatirla efectivamente. El autor enfatiza que la lujuria no es un mal menor ni un h\u00e1bito insignificante, sino una batalla espiritual que toca el coraz\u00f3n mismo de nuestra relaci\u00f3n con Dios.  McGraw aborda el tema desde tres \u00e1ngulos fundamentales:   La gravedad del pecado de la lujuria : qu\u00e9 es, por qu\u00e9 es peligrosa y c\u00f3mo afecta nuestra alma.  Los principios b\u00edblicos para vencer el pecado en general : c\u00f3mo identificar y combatir los deseos malos desde una perspectiva teol\u00f3gica y pr\u00e1ctica.  La aplicaci\u00f3n espec\u00edfica a la lujuria : c\u00f3mo usar los medios de gracia, depender del Esp\u00edritu Santo y cultivar una vida de pureza en cuerpo y mente.  &nbsp;  Este librito no se queda en consejos superficiales o t\u00e9cnicas conductuales. M\u00e1s bien, nos recuerda que vencer la lujuria solo es posible mediante nuestra uni\u00f3n con Cristo . Es en esa conexi\u00f3n vital con Jes\u00fas, alimentada por la oraci\u00f3n, la Palabra, la comuni\u00f3n y la vigilancia espiritual, donde encontramos verdadera victoria.  Ideal tanto para estudio personal como grupal, este libro es una herramienta valiosa para quienes desean crecer en santidad y reflejar m\u00e1s claramente la imagen de Cristo en medio de una cultura que a menudo glorifica lo contrario.  &nbsp;\" \/>\n<meta property=\"og:url\" content=\"https:\/\/publicacionesaquila.com\/en\/product\/como-puedo-vencer-la-lujuria\/\" \/>\n<meta property=\"og:site_name\" content=\"Publicaciones Aquila\" \/>\n<meta property=\"article:modified_time\" content=\"2025-07-15T00:18:40+00:00\" \/>\n<meta property=\"og:image\" content=\"https:\/\/publicacionesaquila.com\/wp-content\/uploads\/2025\/06\/20.jpg\" \/>\n\t<meta property=\"og:image:width\" content=\"1080\" \/>\n\t<meta property=\"og:image:height\" content=\"1080\" \/>\n\t<meta property=\"og:image:type\" content=\"image\/jpeg\" \/>\n<meta name=\"twitter:card\" content=\"summary_large_image\" \/>\n<meta name=\"twitter:label1\" content=\"Est. reading time\" \/>\n\t<meta name=\"twitter:data1\" content=\"1 minute\" \/>\n<script type=\"application\/ld+json\" class=\"yoast-schema-graph\">{\"@context\":\"https:\\\/\\\/schema.org\",\"@graph\":[{\"@type\":\"WebPage\",\"@id\":\"https:\\\/\\\/publicacionesaquila.com\\\/producto\\\/como-puedo-vencer-la-lujuria\\\/\",\"url\":\"https:\\\/\\\/publicacionesaquila.com\\\/producto\\\/como-puedo-vencer-la-lujuria\\\/\",\"name\":\"\u00bfC\u00f3mo puedo vencer la lujuria? - Publicaciones Aquila\",\"isPartOf\":{\"@id\":\"https:\\\/\\\/publicacionesaquila.com\\\/#website\"},\"primaryImageOfPage\":{\"@id\":\"https:\\\/\\\/publicacionesaquila.com\\\/producto\\\/como-puedo-vencer-la-lujuria\\\/#primaryimage\"},\"image\":{\"@id\":\"https:\\\/\\\/publicacionesaquila.com\\\/producto\\\/como-puedo-vencer-la-lujuria\\\/#primaryimage\"},\"thumbnailUrl\":\"https:\\\/\\\/publicacionesaquila.com\\\/wp-content\\\/uploads\\\/2025\\\/06\\\/20.jpg\",\"datePublished\":\"2025-06-24T16:05:28+00:00\",\"dateModified\":\"2025-07-15T00:18:40+00:00\",\"breadcrumb\":{\"@id\":\"https:\\\/\\\/publicacionesaquila.com\\\/producto\\\/como-puedo-vencer-la-lujuria\\\/#breadcrumb\"},\"inLanguage\":\"en-US\",\"potentialAction\":[{\"@type\":\"ReadAction\",\"target\":[\"https:\\\/\\\/publicacionesaquila.com\\\/producto\\\/como-puedo-vencer-la-lujuria\\\/\"]}]},{\"@type\":\"ImageObject\",\"inLanguage\":\"en-US\",\"@id\":\"https:\\\/\\\/publicacionesaquila.com\\\/producto\\\/como-puedo-vencer-la-lujuria\\\/#primaryimage\",\"url\":\"https:\\\/\\\/publicacionesaquila.com\\\/wp-content\\\/uploads\\\/2025\\\/06\\\/20.jpg\",\"contentUrl\":\"https:\\\/\\\/publicacionesaquila.com\\\/wp-content\\\/uploads\\\/2025\\\/06\\\/20.jpg\",\"width\":1080,\"height\":1080},{\"@type\":\"BreadcrumbList\",\"@id\":\"https:\\\/\\\/publicacionesaquila.com\\\/producto\\\/como-puedo-vencer-la-lujuria\\\/#breadcrumb\",\"itemListElement\":[{\"@type\":\"ListItem\",\"position\":1,\"name\":\"Portada\",\"item\":\"https:\\\/\\\/publicacionesaquila.com\\\/\"},{\"@type\":\"ListItem\",\"position\":2,\"name\":\"Publicaciones\",\"item\":\"https:\\\/\\\/publicacionesaquila.com\\\/publicaciones\\\/\"},{\"@type\":\"ListItem\",\"position\":3,\"name\":\"\u00bfC\u00f3mo puedo vencer la lujuria?\"}]},{\"@type\":\"WebSite\",\"@id\":\"https:\\\/\\\/publicacionesaquila.com\\\/#website\",\"url\":\"https:\\\/\\\/publicacionesaquila.com\\\/\",\"name\":\"Publicaciones Aquila\",\"description\":\"Cat\u00e1logo de Libros\",\"potentialAction\":[{\"@type\":\"SearchAction\",\"target\":{\"@type\":\"EntryPoint\",\"urlTemplate\":\"https:\\\/\\\/publicacionesaquila.com\\\/?s={search_term_string}\"},\"query-input\":{\"@type\":\"PropertyValueSpecification\",\"valueRequired\":true,\"valueName\":\"search_term_string\"}}],\"inLanguage\":\"en-US\"}]}<\/script>\n<!-- \/ Yoast SEO plugin. -->","yoast_head_json":{"title":"\u00bfC\u00f3mo puedo vencer la lujuria? - Publicaciones Aquila","robots":{"index":"index","follow":"follow","max-snippet":"max-snippet:-1","max-image-preview":"max-image-preview:large","max-video-preview":"max-video-preview:-1"},"canonical":"https:\/\/publicacionesaquila.com\/en\/product\/como-puedo-vencer-la-lujuria\/","og_locale":"en_US","og_type":"article","og_title":"\u00bfC\u00f3mo puedo vencer la lujuria? - Publicaciones Aquila","og_description":"&nbsp;  Ordenar este libro   &nbsp; En un mundo cada vez m\u00e1s inmerso en im\u00e1genes, mensajes y estilos de vida que normalizan la sensualidad y los deseos desordenados, este peque\u00f1o libro ofrece una voz b\u00edblica, pastoral y esperanzadora sobre c\u00f3mo los cristianos pueden luchar contra uno de los pecados m\u00e1s comunes y persistentes: la lujuria .   Escrito por Ryan M. McGraw , pastor y te\u00f3logo reformado, este libro no solo reconoce la seriedad espiritual y moral de la lujuria, sino que tambi\u00e9n brinda al lector una gu\u00eda clara basada en las Escrituras para combatirla efectivamente. El autor enfatiza que la lujuria no es un mal menor ni un h\u00e1bito insignificante, sino una batalla espiritual que toca el coraz\u00f3n mismo de nuestra relaci\u00f3n con Dios.  McGraw aborda el tema desde tres \u00e1ngulos fundamentales:   La gravedad del pecado de la lujuria : qu\u00e9 es, por qu\u00e9 es peligrosa y c\u00f3mo afecta nuestra alma.  Los principios b\u00edblicos para vencer el pecado en general : c\u00f3mo identificar y combatir los deseos malos desde una perspectiva teol\u00f3gica y pr\u00e1ctica.  La aplicaci\u00f3n espec\u00edfica a la lujuria : c\u00f3mo usar los medios de gracia, depender del Esp\u00edritu Santo y cultivar una vida de pureza en cuerpo y mente.  &nbsp;  Este librito no se queda en consejos superficiales o t\u00e9cnicas conductuales. M\u00e1s bien, nos recuerda que vencer la lujuria solo es posible mediante nuestra uni\u00f3n con Cristo . Es en esa conexi\u00f3n vital con Jes\u00fas, alimentada por la oraci\u00f3n, la Palabra, la comuni\u00f3n y la vigilancia espiritual, donde encontramos verdadera victoria.  Ideal tanto para estudio personal como grupal, este libro es una herramienta valiosa para quienes desean crecer en santidad y reflejar m\u00e1s claramente la imagen de Cristo en medio de una cultura que a menudo glorifica lo contrario.  &nbsp;","og_url":"https:\/\/publicacionesaquila.com\/en\/product\/como-puedo-vencer-la-lujuria\/","og_site_name":"Publicaciones Aquila","article_modified_time":"2025-07-15T00:18:40+00:00","og_image":[{"width":1080,"height":1080,"url":"https:\/\/publicacionesaquila.com\/wp-content\/uploads\/2025\/06\/20.jpg","type":"image\/jpeg"}],"twitter_card":"summary_large_image","twitter_misc":{"Est. reading time":"1 minute"},"schema":{"@context":"https:\/\/schema.org","@graph":[{"@type":"WebPage","@id":"https:\/\/publicacionesaquila.com\/producto\/como-puedo-vencer-la-lujuria\/","url":"https:\/\/publicacionesaquila.com\/producto\/como-puedo-vencer-la-lujuria\/","name":"\u00bfC\u00f3mo puedo vencer la lujuria? - Publicaciones Aquila","isPartOf":{"@id":"https:\/\/publicacionesaquila.com\/#website"},"primaryImageOfPage":{"@id":"https:\/\/publicacionesaquila.com\/producto\/como-puedo-vencer-la-lujuria\/#primaryimage"},"image":{"@id":"https:\/\/publicacionesaquila.com\/producto\/como-puedo-vencer-la-lujuria\/#primaryimage"},"thumbnailUrl":"https:\/\/publicacionesaquila.com\/wp-content\/uploads\/2025\/06\/20.jpg","datePublished":"2025-06-24T16:05:28+00:00","dateModified":"2025-07-15T00:18:40+00:00","breadcrumb":{"@id":"https:\/\/publicacionesaquila.com\/producto\/como-puedo-vencer-la-lujuria\/#breadcrumb"},"inLanguage":"en-US","potentialAction":[{"@type":"ReadAction","target":["https:\/\/publicacionesaquila.com\/producto\/como-puedo-vencer-la-lujuria\/"]}]},{"@type":"ImageObject","inLanguage":"en-US","@id":"https:\/\/publicacionesaquila.com\/producto\/como-puedo-vencer-la-lujuria\/#primaryimage","url":"https:\/\/publicacionesaquila.com\/wp-content\/uploads\/2025\/06\/20.jpg","contentUrl":"https:\/\/publicacionesaquila.com\/wp-content\/uploads\/2025\/06\/20.jpg","width":1080,"height":1080},{"@type":"BreadcrumbList","@id":"https:\/\/publicacionesaquila.com\/producto\/como-puedo-vencer-la-lujuria\/#breadcrumb","itemListElement":[{"@type":"ListItem","position":1,"name":"Portada","item":"https:\/\/publicacionesaquila.com\/"},{"@type":"ListItem","position":2,"name":"Publicaciones","item":"https:\/\/publicacionesaquila.com\/publicaciones\/"},{"@type":"ListItem","position":3,"name":"\u00bfC\u00f3mo puedo vencer la lujuria?"}]},{"@type":"WebSite","@id":"https:\/\/publicacionesaquila.com\/#website","url":"https:\/\/publicacionesaquila.com\/","name":"Aquila Publications","description":"Cat\u00e1logo de Libros","potentialAction":[{"@type":"SearchAction","target":{"@type":"EntryPoint","urlTemplate":"https:\/\/publicacionesaquila.com\/?s={search_term_string}"},"query-input":{"@type":"PropertyValueSpecification","valueRequired":true,"valueName":"search_term_string"}}],"inLanguage":"en-US"}]}},"_links":{"self":[{"href":"https:\/\/publicacionesaquila.com\/en\/wp-json\/wp\/v2\/product\/2779","targetHints":{"allow":["GET"]}}],"collection":[{"href":"https:\/\/publicacionesaquila.com\/en\/wp-json\/wp\/v2\/product"}],"about":[{"href":"https:\/\/publicacionesaquila.com\/en\/wp-json\/wp\/v2\/types\/product"}],"replies":[{"embeddable":true,"href":"https:\/\/publicacionesaquila.com\/en\/wp-json\/wp\/v2\/comments?post=2779"}],"wp:featuredmedia":[{"embeddable":true,"href":"https:\/\/publicacionesaquila.com\/en\/wp-json\/wp\/v2\/media\/4622"}],"wp:attachment":[{"href":"https:\/\/publicacionesaquila.com\/en\/wp-json\/wp\/v2\/media?parent=2779"}],"wp:term":[{"taxonomy":"product_brand","embeddable":true,"href":"https:\/\/publicacionesaquila.com\/en\/wp-json\/wp\/v2\/product_brand?post=2779"},{"taxonomy":"product_cat","embeddable":true,"href":"https:\/\/publicacionesaquila.com\/en\/wp-json\/wp\/v2\/product_cat?post=2779"},{"taxonomy":"product_tag","embeddable":true,"href":"https:\/\/publicacionesaquila.com\/en\/wp-json\/wp\/v2\/product_tag?post=2779"}],"curies":[{"name":"wp","href":"https:\/\/api.w.org\/{rel}","templated":true}]}}