{"id":2778,"date":"2025-06-24T16:00:06","date_gmt":"2025-06-24T16:00:06","guid":{"rendered":"https:\/\/publicacionesaquila.com\/?post_type=product&#038;p=2778"},"modified":"2025-07-14T22:53:14","modified_gmt":"2025-07-14T22:53:14","slug":"la-oracion-intercesora","status":"publish","type":"product","link":"https:\/\/publicacionesaquila.com\/en\/product\/la-oracion-intercesora\/","title":{"rendered":"Intercessory Prayer"},"content":{"rendered":"","protected":false},"excerpt":{"rendered":"<p>&nbsp;<\/p>\n<p><a style=\"display: inline-block; padding: 12px 24px; font-size: 14px; color: black; background-color: white; border: 2px solid #000; border-radius: 5px; text-decoration: none; transition: all 0.3s ease; cursor: pointer;\" href=\"https:\/\/www.cristianismohist.com\/la-oracion-intercesora-intercessory-prayer\/\" target=\"_blank\" rel=\"noopener\">Order this book<br \/>\n<\/a><\/p>\n<p>&nbsp;<\/p>\n<p data-spm-anchor-id=\"a2ty_o01.29997173.0.i22.2540c921tY8VfB\" class=\" translation-block\">In \"The Intercessory Prayer: A Ministerial Task\" , Eugene Bradford addresses with biblical clarity and pastoral sensitivity one of the most important\u2014and often neglected\u2014aspects of the Christian life: intercessory prayer as a fundamental spiritual ministry .<\/p>\n<div class=\"my-2\"><\/div>\n<p>This book not only defines what intercession is, but also establishes its central place within the body of Christ. Bradford presents a comprehensive biblical vision, showing that intercession is not an optional activity or reserved for a few \u201cspiritual\u201d individuals, but rather a sacred duty and privilege to which all believers are called\u2014especially those who lead or serve in Christian ministry.<\/p>\n<div class=\"my-2\"><\/div>\n<p>The author argues that although many churches are experiencing doctrinal renewal, revival in preaching, worship, and evangelistic outreach, without a parallel renewal in intercessory prayer much of this progress may remain incomplete or bear no lasting fruit. As Bradford himself states:<\/p>\n<div class=\"my-2\"><\/div>\n<blockquote><p><em>\u201cIf these tangible signs of a return to biblical perspectives and practices are not accompanied by an equally visible reform regarding intercessory prayer as a ministerial task and privilege, much of what has been gained will be lost.\u201d <\/em><\/p><\/blockquote>\n<p>Drawing from Scripture, Bradford builds a firm foundation for the duty and importance of interceding for others. He then supports his argument with testimonies and teachings from recognized servants of God throughout Christian history\u2014men and women whose lives were marked by deep communion with the Lord through prayer.<\/p>\n<div class=\"my-2\"><\/div>\n<p class=\" translation-block\">\"The Intercessory Prayer\" is ideal for pastors and church leaders, as well as for any Christian seeking to better understand their role in the body of Christ and how prayer can be the spiritual engine behind every truly meaningful work.<\/p>\n<div class=\"my-2\"><\/div>\n<p class=\" translation-block\">This brief yet powerful treatise invites reflection, repentance, and the restoration of an essential practice in the life of the church: fervent, constant, and God-willed intercession .<\/p>\n<p>&nbsp;<\/p>","protected":false},"featured_media":4631,"comment_status":"closed","ping_status":"closed","template":"","meta":[],"product_brand":[123],"product_cat":[756,61],"product_tag":[595,165,581,596,160,584,307,597,592,586,589,483,590,575,591,598,593,594,464],"class_list":{"0":"post-2778","1":"product","2":"type-product","3":"status-publish","4":"has-post-thumbnail","6":"product_brand-eugene-bradford","7":"product_cat-oracion","8":"product_cat-teologia-pastoral","9":"product_tag-ayuno-y-oracion","10":"product_tag-compromiso-cristiano","11":"product_tag-comunion-con-dios","12":"product_tag-devocion-personal","13":"product_tag-devocional-cristiano","14":"product_tag-espiritualidad-profunda","15":"product_tag-fe-en-accion","16":"product_tag-hermanamiento-espiritual","17":"product_tag-iglesia-y-oracion","18":"product_tag-intercesion-cristiana","19":"product_tag-la-oracion-intercesora","20":"product_tag-libro-cristiano","21":"product_tag-ministerio-espiritual","22":"product_tag-oracion-biblica","23":"product_tag-oracion-y-liderazgo","24":"product_tag-palabras-de-oracion","25":"product_tag-reforma-espiritual","26":"product_tag-teologia-de-la-oracion","27":"product_tag-vida-de-oracion","29":"first","30":"instock","31":"sale","32":"shipping-taxable","33":"product-type-simple"},"yoast_head":"<!-- This site is optimized with the Yoast SEO plugin v27.4 - https:\/\/yoast.com\/product\/yoast-seo-wordpress\/ -->\n<title>La oraci\u00f3n intercesora - Publicaciones Aquila<\/title>\n<meta name=\"robots\" content=\"index, follow, max-snippet:-1, max-image-preview:large, max-video-preview:-1\" \/>\n<link rel=\"canonical\" href=\"https:\/\/publicacionesaquila.com\/en\/product\/la-oracion-intercesora\/\" \/>\n<meta property=\"og:locale\" content=\"en_US\" \/>\n<meta property=\"og:type\" content=\"article\" \/>\n<meta property=\"og:title\" content=\"La oraci\u00f3n intercesora - Publicaciones Aquila\" \/>\n<meta property=\"og:description\" content=\"&nbsp;  Ordenar este libro   &nbsp; En &quot;La Oraci\u00f3n Intercesora: Una tarea ministerial&quot; , Eugene Bradford aborda con claridad b\u00edblica y sensibilidad pastoral uno de los aspectos m\u00e1s importantes \u2014y muchas veces descuidados\u2014 de la vida cristiana: la oraci\u00f3n intercesora como ministerio espiritual fundamental .   Este libro no solo define qu\u00e9 es la intercesi\u00f3n, sino que tambi\u00e9n establece su lugar central dentro del cuerpo de Cristo. Bradford presenta una visi\u00f3n b\u00edblica integral, mostrando c\u00f3mo la intercesi\u00f3n no es una actividad opcional o reservada para unos pocos \u201cespirituales\u201d, sino un deber sagrado y un privilegio al que todos los creyentes est\u00e1n llamados, especialmente aquellos que lideran o sirven en el ministerio cristiano.  El autor argumenta que, aunque muchas iglesias est\u00e1n experimentando avivamientos doctrinales, renovaciones en la predicaci\u00f3n, adoraci\u00f3n y servicio evangel\u00edstico, sin una renovaci\u00f3n paralela en la oraci\u00f3n intercesora, gran parte de ese avance puede quedar truncado o sin fruto duradero. Como dice el propio Bradford:  \u201cSi estas indicaciones tangibles de un regreso a las perspectivas y pr\u00e1cticas b\u00edblicas no est\u00e1n unidas a una reforma igualmente demostrable con respecto a la oraci\u00f3n intercesora como una tarea ministerial y un privilegio, entonces mucho de lo que se ha obtenido quedar\u00e1 abortado.\u201d  Con base en la Palabra de Dios, Bradford construye un fundamento s\u00f3lido sobre el deber y la importancia de interceder por otros. Luego, respalda su argumento con testimonios e instrucciones de siervos de Dios reconocidos en la historia cristiana, cuyas vidas fueron marcadas por una intensa comuni\u00f3n con el Se\u00f1or en la oraci\u00f3n.  &quot;La Oraci\u00f3n Intercesora&quot; es ideal tanto para pastores y l\u00edderes como para cualquier cristiano que desee comprender mejor su papel en el cuerpo de Cristo y c\u00f3mo la oraci\u00f3n puede ser el motor espiritual detr\u00e1s de toda obra verdaderamente significativa.  Este tratado breve pero poderoso invita a la reflexi\u00f3n, al arrepentimiento y a la restauraci\u00f3n de una pr\u00e1ctica esencial en la vida de la iglesia: la intercesi\u00f3n ferviente, constante y centrada en la voluntad de Dios.  &nbsp;\" \/>\n<meta property=\"og:url\" content=\"https:\/\/publicacionesaquila.com\/en\/product\/la-oracion-intercesora\/\" \/>\n<meta property=\"og:site_name\" content=\"Publicaciones Aquila\" \/>\n<meta property=\"article:modified_time\" content=\"2025-07-14T22:53:14+00:00\" \/>\n<meta property=\"og:image\" content=\"https:\/\/publicacionesaquila.com\/wp-content\/uploads\/2025\/06\/11.jpg\" \/>\n\t<meta property=\"og:image:width\" content=\"1080\" \/>\n\t<meta property=\"og:image:height\" content=\"1080\" \/>\n\t<meta property=\"og:image:type\" content=\"image\/jpeg\" \/>\n<meta name=\"twitter:card\" content=\"summary_large_image\" \/>\n<meta name=\"twitter:label1\" content=\"Est. reading time\" \/>\n\t<meta name=\"twitter:data1\" content=\"1 minute\" \/>\n<script type=\"application\/ld+json\" class=\"yoast-schema-graph\">{\"@context\":\"https:\\\/\\\/schema.org\",\"@graph\":[{\"@type\":\"WebPage\",\"@id\":\"https:\\\/\\\/publicacionesaquila.com\\\/producto\\\/la-oracion-intercesora\\\/\",\"url\":\"https:\\\/\\\/publicacionesaquila.com\\\/producto\\\/la-oracion-intercesora\\\/\",\"name\":\"La oraci\u00f3n intercesora - Publicaciones Aquila\",\"isPartOf\":{\"@id\":\"https:\\\/\\\/publicacionesaquila.com\\\/#website\"},\"primaryImageOfPage\":{\"@id\":\"https:\\\/\\\/publicacionesaquila.com\\\/producto\\\/la-oracion-intercesora\\\/#primaryimage\"},\"image\":{\"@id\":\"https:\\\/\\\/publicacionesaquila.com\\\/producto\\\/la-oracion-intercesora\\\/#primaryimage\"},\"thumbnailUrl\":\"https:\\\/\\\/publicacionesaquila.com\\\/wp-content\\\/uploads\\\/2025\\\/06\\\/11.jpg\",\"datePublished\":\"2025-06-24T16:00:06+00:00\",\"dateModified\":\"2025-07-14T22:53:14+00:00\",\"breadcrumb\":{\"@id\":\"https:\\\/\\\/publicacionesaquila.com\\\/producto\\\/la-oracion-intercesora\\\/#breadcrumb\"},\"inLanguage\":\"en-US\",\"potentialAction\":[{\"@type\":\"ReadAction\",\"target\":[\"https:\\\/\\\/publicacionesaquila.com\\\/producto\\\/la-oracion-intercesora\\\/\"]}]},{\"@type\":\"ImageObject\",\"inLanguage\":\"en-US\",\"@id\":\"https:\\\/\\\/publicacionesaquila.com\\\/producto\\\/la-oracion-intercesora\\\/#primaryimage\",\"url\":\"https:\\\/\\\/publicacionesaquila.com\\\/wp-content\\\/uploads\\\/2025\\\/06\\\/11.jpg\",\"contentUrl\":\"https:\\\/\\\/publicacionesaquila.com\\\/wp-content\\\/uploads\\\/2025\\\/06\\\/11.jpg\",\"width\":1080,\"height\":1080},{\"@type\":\"BreadcrumbList\",\"@id\":\"https:\\\/\\\/publicacionesaquila.com\\\/producto\\\/la-oracion-intercesora\\\/#breadcrumb\",\"itemListElement\":[{\"@type\":\"ListItem\",\"position\":1,\"name\":\"Portada\",\"item\":\"https:\\\/\\\/publicacionesaquila.com\\\/\"},{\"@type\":\"ListItem\",\"position\":2,\"name\":\"Publicaciones\",\"item\":\"https:\\\/\\\/publicacionesaquila.com\\\/publicaciones\\\/\"},{\"@type\":\"ListItem\",\"position\":3,\"name\":\"La oraci\u00f3n intercesora\"}]},{\"@type\":\"WebSite\",\"@id\":\"https:\\\/\\\/publicacionesaquila.com\\\/#website\",\"url\":\"https:\\\/\\\/publicacionesaquila.com\\\/\",\"name\":\"Publicaciones Aquila\",\"description\":\"Cat\u00e1logo de Libros\",\"potentialAction\":[{\"@type\":\"SearchAction\",\"target\":{\"@type\":\"EntryPoint\",\"urlTemplate\":\"https:\\\/\\\/publicacionesaquila.com\\\/?s={search_term_string}\"},\"query-input\":{\"@type\":\"PropertyValueSpecification\",\"valueRequired\":true,\"valueName\":\"search_term_string\"}}],\"inLanguage\":\"en-US\"}]}<\/script>\n<!-- \/ Yoast SEO plugin. -->","yoast_head_json":{"title":"La oraci\u00f3n intercesora - Publicaciones Aquila","robots":{"index":"index","follow":"follow","max-snippet":"max-snippet:-1","max-image-preview":"max-image-preview:large","max-video-preview":"max-video-preview:-1"},"canonical":"https:\/\/publicacionesaquila.com\/en\/product\/la-oracion-intercesora\/","og_locale":"en_US","og_type":"article","og_title":"La oraci\u00f3n intercesora - Publicaciones Aquila","og_description":"&nbsp;  Ordenar este libro   &nbsp; En \"La Oraci\u00f3n Intercesora: Una tarea ministerial\" , Eugene Bradford aborda con claridad b\u00edblica y sensibilidad pastoral uno de los aspectos m\u00e1s importantes \u2014y muchas veces descuidados\u2014 de la vida cristiana: la oraci\u00f3n intercesora como ministerio espiritual fundamental .   Este libro no solo define qu\u00e9 es la intercesi\u00f3n, sino que tambi\u00e9n establece su lugar central dentro del cuerpo de Cristo. Bradford presenta una visi\u00f3n b\u00edblica integral, mostrando c\u00f3mo la intercesi\u00f3n no es una actividad opcional o reservada para unos pocos \u201cespirituales\u201d, sino un deber sagrado y un privilegio al que todos los creyentes est\u00e1n llamados, especialmente aquellos que lideran o sirven en el ministerio cristiano.  El autor argumenta que, aunque muchas iglesias est\u00e1n experimentando avivamientos doctrinales, renovaciones en la predicaci\u00f3n, adoraci\u00f3n y servicio evangel\u00edstico, sin una renovaci\u00f3n paralela en la oraci\u00f3n intercesora, gran parte de ese avance puede quedar truncado o sin fruto duradero. Como dice el propio Bradford:  \u201cSi estas indicaciones tangibles de un regreso a las perspectivas y pr\u00e1cticas b\u00edblicas no est\u00e1n unidas a una reforma igualmente demostrable con respecto a la oraci\u00f3n intercesora como una tarea ministerial y un privilegio, entonces mucho de lo que se ha obtenido quedar\u00e1 abortado.\u201d  Con base en la Palabra de Dios, Bradford construye un fundamento s\u00f3lido sobre el deber y la importancia de interceder por otros. Luego, respalda su argumento con testimonios e instrucciones de siervos de Dios reconocidos en la historia cristiana, cuyas vidas fueron marcadas por una intensa comuni\u00f3n con el Se\u00f1or en la oraci\u00f3n.  \"La Oraci\u00f3n Intercesora\" es ideal tanto para pastores y l\u00edderes como para cualquier cristiano que desee comprender mejor su papel en el cuerpo de Cristo y c\u00f3mo la oraci\u00f3n puede ser el motor espiritual detr\u00e1s de toda obra verdaderamente significativa.  Este tratado breve pero poderoso invita a la reflexi\u00f3n, al arrepentimiento y a la restauraci\u00f3n de una pr\u00e1ctica esencial en la vida de la iglesia: la intercesi\u00f3n ferviente, constante y centrada en la voluntad de Dios.  &nbsp;","og_url":"https:\/\/publicacionesaquila.com\/en\/product\/la-oracion-intercesora\/","og_site_name":"Publicaciones Aquila","article_modified_time":"2025-07-14T22:53:14+00:00","og_image":[{"width":1080,"height":1080,"url":"https:\/\/publicacionesaquila.com\/wp-content\/uploads\/2025\/06\/11.jpg","type":"image\/jpeg"}],"twitter_card":"summary_large_image","twitter_misc":{"Est. reading time":"1 minute"},"schema":{"@context":"https:\/\/schema.org","@graph":[{"@type":"WebPage","@id":"https:\/\/publicacionesaquila.com\/producto\/la-oracion-intercesora\/","url":"https:\/\/publicacionesaquila.com\/producto\/la-oracion-intercesora\/","name":"La oraci\u00f3n intercesora - Publicaciones Aquila","isPartOf":{"@id":"https:\/\/publicacionesaquila.com\/#website"},"primaryImageOfPage":{"@id":"https:\/\/publicacionesaquila.com\/producto\/la-oracion-intercesora\/#primaryimage"},"image":{"@id":"https:\/\/publicacionesaquila.com\/producto\/la-oracion-intercesora\/#primaryimage"},"thumbnailUrl":"https:\/\/publicacionesaquila.com\/wp-content\/uploads\/2025\/06\/11.jpg","datePublished":"2025-06-24T16:00:06+00:00","dateModified":"2025-07-14T22:53:14+00:00","breadcrumb":{"@id":"https:\/\/publicacionesaquila.com\/producto\/la-oracion-intercesora\/#breadcrumb"},"inLanguage":"en-US","potentialAction":[{"@type":"ReadAction","target":["https:\/\/publicacionesaquila.com\/producto\/la-oracion-intercesora\/"]}]},{"@type":"ImageObject","inLanguage":"en-US","@id":"https:\/\/publicacionesaquila.com\/producto\/la-oracion-intercesora\/#primaryimage","url":"https:\/\/publicacionesaquila.com\/wp-content\/uploads\/2025\/06\/11.jpg","contentUrl":"https:\/\/publicacionesaquila.com\/wp-content\/uploads\/2025\/06\/11.jpg","width":1080,"height":1080},{"@type":"BreadcrumbList","@id":"https:\/\/publicacionesaquila.com\/producto\/la-oracion-intercesora\/#breadcrumb","itemListElement":[{"@type":"ListItem","position":1,"name":"Portada","item":"https:\/\/publicacionesaquila.com\/"},{"@type":"ListItem","position":2,"name":"Publicaciones","item":"https:\/\/publicacionesaquila.com\/publicaciones\/"},{"@type":"ListItem","position":3,"name":"La oraci\u00f3n intercesora"}]},{"@type":"WebSite","@id":"https:\/\/publicacionesaquila.com\/#website","url":"https:\/\/publicacionesaquila.com\/","name":"Aquila Publications","description":"Cat\u00e1logo de Libros","potentialAction":[{"@type":"SearchAction","target":{"@type":"EntryPoint","urlTemplate":"https:\/\/publicacionesaquila.com\/?s={search_term_string}"},"query-input":{"@type":"PropertyValueSpecification","valueRequired":true,"valueName":"search_term_string"}}],"inLanguage":"en-US"}]}},"_links":{"self":[{"href":"https:\/\/publicacionesaquila.com\/en\/wp-json\/wp\/v2\/product\/2778","targetHints":{"allow":["GET"]}}],"collection":[{"href":"https:\/\/publicacionesaquila.com\/en\/wp-json\/wp\/v2\/product"}],"about":[{"href":"https:\/\/publicacionesaquila.com\/en\/wp-json\/wp\/v2\/types\/product"}],"replies":[{"embeddable":true,"href":"https:\/\/publicacionesaquila.com\/en\/wp-json\/wp\/v2\/comments?post=2778"}],"wp:featuredmedia":[{"embeddable":true,"href":"https:\/\/publicacionesaquila.com\/en\/wp-json\/wp\/v2\/media\/4631"}],"wp:attachment":[{"href":"https:\/\/publicacionesaquila.com\/en\/wp-json\/wp\/v2\/media?parent=2778"}],"wp:term":[{"taxonomy":"product_brand","embeddable":true,"href":"https:\/\/publicacionesaquila.com\/en\/wp-json\/wp\/v2\/product_brand?post=2778"},{"taxonomy":"product_cat","embeddable":true,"href":"https:\/\/publicacionesaquila.com\/en\/wp-json\/wp\/v2\/product_cat?post=2778"},{"taxonomy":"product_tag","embeddable":true,"href":"https:\/\/publicacionesaquila.com\/en\/wp-json\/wp\/v2\/product_tag?post=2778"}],"curies":[{"name":"wp","href":"https:\/\/api.w.org\/{rel}","templated":true}]}}