{"id":2776,"date":"2025-06-24T15:51:59","date_gmt":"2025-06-24T15:51:59","guid":{"rendered":"https:\/\/publicacionesaquila.com\/?post_type=product&#038;p=2776"},"modified":"2025-07-14T22:22:29","modified_gmt":"2025-07-14T22:22:29","slug":"como-deberia-administrar-el-tiempo","status":"publish","type":"product","link":"https:\/\/publicacionesaquila.com\/en\/product\/como-deberia-administrar-el-tiempo\/","title":{"rendered":"How Should I Manage Time?"},"content":{"rendered":"","protected":false},"excerpt":{"rendered":"<p>&nbsp;<\/p>\n<p><a style=\"display: inline-block; padding: 12px 24px; font-size: 14px; color: black; background-color: white; border: 2px solid #000; border-radius: 5px; text-decoration: none; transition: all 0.3s ease; cursor: pointer;\" href=\"https:\/\/www.cristianismohist.com\/como-deberia-administrar-el-tiempo-how-should-i-manage-time\/\" target=\"_blank\" rel=\"noopener\">Order this book<br \/>\n<\/a><\/p>\n<p>&nbsp;<\/p>\n<p data-spm-anchor-id=\"a2ty_o01.29997173.0.i14.5195c921OxiTpX\">As Christians, one of our greatest desires should be that the Holy Spirit cultivates in us a deep and transforming biblical piety, so that we may reflect the beauty of Christ in every area of our lives. This desire is not only spiritual but also practical: How can we live with wisdom and purpose amid our daily responsibilities?<\/p>\n<div class=\"my-2\"><\/div>\n<p class=\" translation-block\">This short book is part of a series designed to address essential themes in the Christian life from a biblical, pastoral, and applicable perspective. Each volume aims to inform the mind, move the heart, and transform the life by the grace of the Holy Spirit. In this case, the author focuses on a foundational and deeply relevant question: How should Christians manage their time?<\/p>\n<div class=\"my-2\"><\/div>\n<p>Ryan M. McGraw, pastor and theologian, invites us to reflect on the use of time from a Reformed and biblical perspective. This is not merely about productivity techniques or efficient task management, but about a heart transformation that sees time as a gift from God to serve and glorify Him. The goal is not simply to \u201cget more done,\u201d but to \u201cdo what truly matters\u201d from an eternal perspective.<\/p>\n<div class=\"my-2\"><\/div>\n<p>Through a devotional and theological approach, this brief yet profound book helps readers:<\/p>\n<ul>\n<li>Understand the value of time from a biblical perspective.<\/li>\n<li>Prioritize what honors God over what is merely urgent.<\/li>\n<li>Cultivate habits of discipline and spiritual dependence.<\/li>\n<li>Live intentionally and purposefully in the midst of a fast-paced and distracting world.<\/li>\n<\/ul>\n<p>&nbsp;<\/p>\n<p class=\" translation-block\">Written with clarity, biblical foundation, and pastoral sensitivity, \"How Should We Manage Our Time?\" is a helpful resource for both personal reading and group study, spiritual retreats, or discipleship.<\/p>\n<div class=\"my-2\"><\/div>\n<p>At the end of the day, learning to use our time well not only improves our productivity, but also enables the church to \u201cadorn the doctrine of God our Savior in every way\u201d (Titus 2:10).<\/p>","protected":false},"featured_media":4625,"comment_status":"closed","ping_status":"closed","template":"","meta":[],"product_brand":[121],"product_cat":[73,72,76],"product_tag":[238,252,243,149,244,249,240,250,253,251,239,242,247,246,248,241,80,245],"class_list":{"0":"post-2776","1":"product","2":"type-product","3":"status-publish","4":"has-post-thumbnail","6":"product_brand-ryan-m-mcgraw","7":"product_cat-cultivando-la-piedad-biblica","8":"product_cat-folletos","9":"product_cat-vida-cristiana","10":"product_tag-administracion-del-tiempo","11":"product_tag-adorar-a-dios-en-la-vida-diaria","12":"product_tag-como-usar-el-tiempo-sabiamente","13":"product_tag-crecimiento-espiritual","14":"product_tag-disciplina-espiritual","15":"product_tag-ensenanzas-cristianas-practicas","16":"product_tag-espiritualidad-reformada","17":"product_tag-formacion-espiritual","18":"product_tag-gloria-de-dios-en-la-cotidianidad","19":"product_tag-libros-cristianos-breves","20":"product_tag-piedad-biblica","21":"product_tag-prioridades-cristianas","22":"product_tag-productividad-desde-la-fe","23":"product_tag-sabiduria-biblica","24":"product_tag-tiempo-como-don-de-dios","25":"product_tag-tiempo-y-fe","26":"product_tag-vida-cristiana","27":"product_tag-vida-devocional","29":"first","30":"instock","31":"sale","32":"shipping-taxable","33":"product-type-simple"},"yoast_head":"<!-- This site is optimized with the Yoast SEO plugin v27.4 - https:\/\/yoast.com\/product\/yoast-seo-wordpress\/ -->\n<title>\u00bfC\u00f3mo deber\u00eda administrar el tiempo? - Publicaciones Aquila<\/title>\n<meta name=\"robots\" content=\"index, follow, max-snippet:-1, max-image-preview:large, max-video-preview:-1\" \/>\n<link rel=\"canonical\" href=\"https:\/\/publicacionesaquila.com\/en\/product\/como-deberia-administrar-el-tiempo\/\" \/>\n<meta property=\"og:locale\" content=\"en_US\" \/>\n<meta property=\"og:type\" content=\"article\" \/>\n<meta property=\"og:title\" content=\"\u00bfC\u00f3mo deber\u00eda administrar el tiempo? - Publicaciones Aquila\" \/>\n<meta property=\"og:description\" content=\"&nbsp;  Ordenar este libro   &nbsp; Como cristianos, uno de nuestros mayores anhelos debe ser que el Esp\u00edritu Santo cultive en nosotros una piedad b\u00edblica profunda y transformadora, a fin de reflejar la belleza de Cristo en cada aspecto de nuestra vida. Este deseo no solo es espiritual, sino tambi\u00e9n pr\u00e1ctico: \u00bfc\u00f3mo vivimos con sabidur\u00eda y prop\u00f3sito en medio de las responsabilidades cotidianas?   Este librito forma parte de una serie dise\u00f1ada para abordar temas esenciales en la vida cristiana desde una perspectiva b\u00edblica, pastoral y aplicable. Cada volumen busca informar la mente, mover el coraz\u00f3n y transformar la vida mediante la gracia del Esp\u00edritu Santo. En este caso, el autor se enfoca en una pregunta fundamental y profundamente relevante: \u00bfc\u00f3mo deber\u00edan los cristianos administrar su tiempo?  Ryan M. McGraw, pastor y te\u00f3logo, nos invita a reflexionar sobre el uso del tiempo desde una visi\u00f3n reformada y b\u00edblica. No se trata solo de t\u00e9cnicas de productividad o manejo eficiente de tareas, sino de una renovaci\u00f3n del coraz\u00f3n que ve el tiempo como un don de Dios para servirle y glorificarle. El objetivo no es simplemente &quot;hacer m\u00e1s&quot;, sino &quot;hacer lo que realmente importa&quot; desde una perspectiva eterna.  A trav\u00e9s de un enfoque devocional y teol\u00f3gico, este peque\u00f1o libro ayuda al lector a:   Entender el valor del tiempo desde la perspectiva b\u00edblica.  Priorizar las cosas que honran a Dios por encima de lo meramente urgente.  Cultivar h\u00e1bitos de disciplina y dependencia espiritual.  Vivir con intencionalidad y prop\u00f3sito en medio de un mundo acelerado y distra\u00eddo.  &nbsp;  Escrito con claridad, fundamento b\u00edblico y sensibilidad pastoral, \u00bfC\u00f3mo deber\u00eda administrar el tiempo? es una herramienta \u00fatil tanto para lectura personal como para grupos de estudio, retiros espirituales o discipulado.  Al final del d\u00eda, aprender a usar bien nuestro tiempo no solo mejora nuestra productividad, sino que tambi\u00e9n permite que la iglesia \u00abadorne la doctrina de Dios nuestro Salvador en todo respecto\u00bb (Tito 2:10).\" \/>\n<meta property=\"og:url\" content=\"https:\/\/publicacionesaquila.com\/en\/product\/como-deberia-administrar-el-tiempo\/\" \/>\n<meta property=\"og:site_name\" content=\"Publicaciones Aquila\" \/>\n<meta property=\"article:modified_time\" content=\"2025-07-14T22:22:29+00:00\" \/>\n<meta property=\"og:image\" content=\"https:\/\/publicacionesaquila.com\/wp-content\/uploads\/2025\/06\/17.jpg\" \/>\n\t<meta property=\"og:image:width\" content=\"1080\" \/>\n\t<meta property=\"og:image:height\" content=\"1080\" \/>\n\t<meta property=\"og:image:type\" content=\"image\/jpeg\" \/>\n<meta name=\"twitter:card\" content=\"summary_large_image\" \/>\n<meta name=\"twitter:label1\" content=\"Est. reading time\" \/>\n\t<meta name=\"twitter:data1\" content=\"1 minute\" \/>\n<script type=\"application\/ld+json\" class=\"yoast-schema-graph\">{\"@context\":\"https:\\\/\\\/schema.org\",\"@graph\":[{\"@type\":\"WebPage\",\"@id\":\"https:\\\/\\\/publicacionesaquila.com\\\/producto\\\/como-deberia-administrar-el-tiempo\\\/\",\"url\":\"https:\\\/\\\/publicacionesaquila.com\\\/producto\\\/como-deberia-administrar-el-tiempo\\\/\",\"name\":\"\u00bfC\u00f3mo deber\u00eda administrar el tiempo? - Publicaciones Aquila\",\"isPartOf\":{\"@id\":\"https:\\\/\\\/publicacionesaquila.com\\\/#website\"},\"primaryImageOfPage\":{\"@id\":\"https:\\\/\\\/publicacionesaquila.com\\\/producto\\\/como-deberia-administrar-el-tiempo\\\/#primaryimage\"},\"image\":{\"@id\":\"https:\\\/\\\/publicacionesaquila.com\\\/producto\\\/como-deberia-administrar-el-tiempo\\\/#primaryimage\"},\"thumbnailUrl\":\"https:\\\/\\\/publicacionesaquila.com\\\/wp-content\\\/uploads\\\/2025\\\/06\\\/17.jpg\",\"datePublished\":\"2025-06-24T15:51:59+00:00\",\"dateModified\":\"2025-07-14T22:22:29+00:00\",\"breadcrumb\":{\"@id\":\"https:\\\/\\\/publicacionesaquila.com\\\/producto\\\/como-deberia-administrar-el-tiempo\\\/#breadcrumb\"},\"inLanguage\":\"en-US\",\"potentialAction\":[{\"@type\":\"ReadAction\",\"target\":[\"https:\\\/\\\/publicacionesaquila.com\\\/producto\\\/como-deberia-administrar-el-tiempo\\\/\"]}]},{\"@type\":\"ImageObject\",\"inLanguage\":\"en-US\",\"@id\":\"https:\\\/\\\/publicacionesaquila.com\\\/producto\\\/como-deberia-administrar-el-tiempo\\\/#primaryimage\",\"url\":\"https:\\\/\\\/publicacionesaquila.com\\\/wp-content\\\/uploads\\\/2025\\\/06\\\/17.jpg\",\"contentUrl\":\"https:\\\/\\\/publicacionesaquila.com\\\/wp-content\\\/uploads\\\/2025\\\/06\\\/17.jpg\",\"width\":1080,\"height\":1080},{\"@type\":\"BreadcrumbList\",\"@id\":\"https:\\\/\\\/publicacionesaquila.com\\\/producto\\\/como-deberia-administrar-el-tiempo\\\/#breadcrumb\",\"itemListElement\":[{\"@type\":\"ListItem\",\"position\":1,\"name\":\"Portada\",\"item\":\"https:\\\/\\\/publicacionesaquila.com\\\/\"},{\"@type\":\"ListItem\",\"position\":2,\"name\":\"Publicaciones\",\"item\":\"https:\\\/\\\/publicacionesaquila.com\\\/publicaciones\\\/\"},{\"@type\":\"ListItem\",\"position\":3,\"name\":\"\u00bfC\u00f3mo deber\u00eda administrar el tiempo?\"}]},{\"@type\":\"WebSite\",\"@id\":\"https:\\\/\\\/publicacionesaquila.com\\\/#website\",\"url\":\"https:\\\/\\\/publicacionesaquila.com\\\/\",\"name\":\"Publicaciones Aquila\",\"description\":\"Cat\u00e1logo de Libros\",\"potentialAction\":[{\"@type\":\"SearchAction\",\"target\":{\"@type\":\"EntryPoint\",\"urlTemplate\":\"https:\\\/\\\/publicacionesaquila.com\\\/?s={search_term_string}\"},\"query-input\":{\"@type\":\"PropertyValueSpecification\",\"valueRequired\":true,\"valueName\":\"search_term_string\"}}],\"inLanguage\":\"en-US\"}]}<\/script>\n<!-- \/ Yoast SEO plugin. -->","yoast_head_json":{"title":"\u00bfC\u00f3mo deber\u00eda administrar el tiempo? - Publicaciones Aquila","robots":{"index":"index","follow":"follow","max-snippet":"max-snippet:-1","max-image-preview":"max-image-preview:large","max-video-preview":"max-video-preview:-1"},"canonical":"https:\/\/publicacionesaquila.com\/en\/product\/como-deberia-administrar-el-tiempo\/","og_locale":"en_US","og_type":"article","og_title":"\u00bfC\u00f3mo deber\u00eda administrar el tiempo? - Publicaciones Aquila","og_description":"&nbsp;  Ordenar este libro   &nbsp; Como cristianos, uno de nuestros mayores anhelos debe ser que el Esp\u00edritu Santo cultive en nosotros una piedad b\u00edblica profunda y transformadora, a fin de reflejar la belleza de Cristo en cada aspecto de nuestra vida. Este deseo no solo es espiritual, sino tambi\u00e9n pr\u00e1ctico: \u00bfc\u00f3mo vivimos con sabidur\u00eda y prop\u00f3sito en medio de las responsabilidades cotidianas?   Este librito forma parte de una serie dise\u00f1ada para abordar temas esenciales en la vida cristiana desde una perspectiva b\u00edblica, pastoral y aplicable. Cada volumen busca informar la mente, mover el coraz\u00f3n y transformar la vida mediante la gracia del Esp\u00edritu Santo. En este caso, el autor se enfoca en una pregunta fundamental y profundamente relevante: \u00bfc\u00f3mo deber\u00edan los cristianos administrar su tiempo?  Ryan M. McGraw, pastor y te\u00f3logo, nos invita a reflexionar sobre el uso del tiempo desde una visi\u00f3n reformada y b\u00edblica. No se trata solo de t\u00e9cnicas de productividad o manejo eficiente de tareas, sino de una renovaci\u00f3n del coraz\u00f3n que ve el tiempo como un don de Dios para servirle y glorificarle. El objetivo no es simplemente \"hacer m\u00e1s\", sino \"hacer lo que realmente importa\" desde una perspectiva eterna.  A trav\u00e9s de un enfoque devocional y teol\u00f3gico, este peque\u00f1o libro ayuda al lector a:   Entender el valor del tiempo desde la perspectiva b\u00edblica.  Priorizar las cosas que honran a Dios por encima de lo meramente urgente.  Cultivar h\u00e1bitos de disciplina y dependencia espiritual.  Vivir con intencionalidad y prop\u00f3sito en medio de un mundo acelerado y distra\u00eddo.  &nbsp;  Escrito con claridad, fundamento b\u00edblico y sensibilidad pastoral, \u00bfC\u00f3mo deber\u00eda administrar el tiempo? es una herramienta \u00fatil tanto para lectura personal como para grupos de estudio, retiros espirituales o discipulado.  Al final del d\u00eda, aprender a usar bien nuestro tiempo no solo mejora nuestra productividad, sino que tambi\u00e9n permite que la iglesia \u00abadorne la doctrina de Dios nuestro Salvador en todo respecto\u00bb (Tito 2:10).","og_url":"https:\/\/publicacionesaquila.com\/en\/product\/como-deberia-administrar-el-tiempo\/","og_site_name":"Publicaciones Aquila","article_modified_time":"2025-07-14T22:22:29+00:00","og_image":[{"width":1080,"height":1080,"url":"https:\/\/publicacionesaquila.com\/wp-content\/uploads\/2025\/06\/17.jpg","type":"image\/jpeg"}],"twitter_card":"summary_large_image","twitter_misc":{"Est. reading time":"1 minute"},"schema":{"@context":"https:\/\/schema.org","@graph":[{"@type":"WebPage","@id":"https:\/\/publicacionesaquila.com\/producto\/como-deberia-administrar-el-tiempo\/","url":"https:\/\/publicacionesaquila.com\/producto\/como-deberia-administrar-el-tiempo\/","name":"\u00bfC\u00f3mo deber\u00eda administrar el tiempo? - Publicaciones Aquila","isPartOf":{"@id":"https:\/\/publicacionesaquila.com\/#website"},"primaryImageOfPage":{"@id":"https:\/\/publicacionesaquila.com\/producto\/como-deberia-administrar-el-tiempo\/#primaryimage"},"image":{"@id":"https:\/\/publicacionesaquila.com\/producto\/como-deberia-administrar-el-tiempo\/#primaryimage"},"thumbnailUrl":"https:\/\/publicacionesaquila.com\/wp-content\/uploads\/2025\/06\/17.jpg","datePublished":"2025-06-24T15:51:59+00:00","dateModified":"2025-07-14T22:22:29+00:00","breadcrumb":{"@id":"https:\/\/publicacionesaquila.com\/producto\/como-deberia-administrar-el-tiempo\/#breadcrumb"},"inLanguage":"en-US","potentialAction":[{"@type":"ReadAction","target":["https:\/\/publicacionesaquila.com\/producto\/como-deberia-administrar-el-tiempo\/"]}]},{"@type":"ImageObject","inLanguage":"en-US","@id":"https:\/\/publicacionesaquila.com\/producto\/como-deberia-administrar-el-tiempo\/#primaryimage","url":"https:\/\/publicacionesaquila.com\/wp-content\/uploads\/2025\/06\/17.jpg","contentUrl":"https:\/\/publicacionesaquila.com\/wp-content\/uploads\/2025\/06\/17.jpg","width":1080,"height":1080},{"@type":"BreadcrumbList","@id":"https:\/\/publicacionesaquila.com\/producto\/como-deberia-administrar-el-tiempo\/#breadcrumb","itemListElement":[{"@type":"ListItem","position":1,"name":"Portada","item":"https:\/\/publicacionesaquila.com\/"},{"@type":"ListItem","position":2,"name":"Publicaciones","item":"https:\/\/publicacionesaquila.com\/publicaciones\/"},{"@type":"ListItem","position":3,"name":"\u00bfC\u00f3mo deber\u00eda administrar el tiempo?"}]},{"@type":"WebSite","@id":"https:\/\/publicacionesaquila.com\/#website","url":"https:\/\/publicacionesaquila.com\/","name":"Aquila Publications","description":"Cat\u00e1logo de Libros","potentialAction":[{"@type":"SearchAction","target":{"@type":"EntryPoint","urlTemplate":"https:\/\/publicacionesaquila.com\/?s={search_term_string}"},"query-input":{"@type":"PropertyValueSpecification","valueRequired":true,"valueName":"search_term_string"}}],"inLanguage":"en-US"}]}},"_links":{"self":[{"href":"https:\/\/publicacionesaquila.com\/en\/wp-json\/wp\/v2\/product\/2776","targetHints":{"allow":["GET"]}}],"collection":[{"href":"https:\/\/publicacionesaquila.com\/en\/wp-json\/wp\/v2\/product"}],"about":[{"href":"https:\/\/publicacionesaquila.com\/en\/wp-json\/wp\/v2\/types\/product"}],"replies":[{"embeddable":true,"href":"https:\/\/publicacionesaquila.com\/en\/wp-json\/wp\/v2\/comments?post=2776"}],"wp:featuredmedia":[{"embeddable":true,"href":"https:\/\/publicacionesaquila.com\/en\/wp-json\/wp\/v2\/media\/4625"}],"wp:attachment":[{"href":"https:\/\/publicacionesaquila.com\/en\/wp-json\/wp\/v2\/media?parent=2776"}],"wp:term":[{"taxonomy":"product_brand","embeddable":true,"href":"https:\/\/publicacionesaquila.com\/en\/wp-json\/wp\/v2\/product_brand?post=2776"},{"taxonomy":"product_cat","embeddable":true,"href":"https:\/\/publicacionesaquila.com\/en\/wp-json\/wp\/v2\/product_cat?post=2776"},{"taxonomy":"product_tag","embeddable":true,"href":"https:\/\/publicacionesaquila.com\/en\/wp-json\/wp\/v2\/product_tag?post=2776"}],"curies":[{"name":"wp","href":"https:\/\/api.w.org\/{rel}","templated":true}]}}