{"id":2775,"date":"2025-06-24T15:36:08","date_gmt":"2025-06-24T15:36:08","guid":{"rendered":"https:\/\/publicacionesaquila.com\/?post_type=product&#038;p=2775"},"modified":"2025-07-14T22:25:23","modified_gmt":"2025-07-14T22:25:23","slug":"como-puedo-servir-a-dios-en-el-trabajo","status":"publish","type":"product","link":"https:\/\/publicacionesaquila.com\/en\/product\/como-puedo-servir-a-dios-en-el-trabajo\/","title":{"rendered":"How Can I serve God at Work?"},"content":{"rendered":"","protected":false},"excerpt":{"rendered":"<p>&nbsp;<\/p>\n<p><a style=\"display: inline-block; padding: 12px 24px; font-size: 14px; color: black; background-color: white; border: 2px solid #000; border-radius: 5px; text-decoration: none; transition: all 0.3s ease; cursor: pointer;\" href=\"https:\/\/www.cristianismohist.com\/como-puedo-servir-a-dios-en-el-trabajo-how-can-i-serve-god-at-work\/\" target=\"_blank\" rel=\"noopener\">Order this book<br \/>\n<\/a><\/p>\n<p>&nbsp;<\/p>\n<p data-spm-anchor-id=\"a2ty_o01.29997173.0.i26.5195c921OxiTpX\" class=\" translation-block\">In a society shaped by secular and often distorted views of work , Christians need to return to the foundational biblical truths that help us think clearly, with integrity and hope, about our daily labor. In this book, Ray Pennings offers a clear, biblical, and practical guide on how believers can serve God even in the midst of their everyday work.<\/p>\n<div class=\"my-2\"><\/div>\n<p>This short but meaningful book addresses an essential question: How can our ordinary work become extraordinary service in the eyes of God? While many people see work merely as an economic obligation or a professional career, Pennings presents a biblical view of vocation that goes beyond material concerns and recovers the spiritual purpose behind every task performed by a Christian.<\/p>\n<div class=\"my-2\"><\/div>\n<p class=\" translation-block\">Through ten biblical principles , the author helps readers:<\/p>\n<ul>\n<li>Understand the value of work from a divine perspective.<\/li>\n<li>Distinguish between a secular and a Christian view of vocation.<\/li>\n<li>Cultivate practical and consistent piety in the workplace.<\/li>\n<li>Recognize that all work done in faith can be a form of worship and service to God.<\/li>\n<\/ul>\n<p>&nbsp;<\/p>\n<p>Pennings also reflects on how this transformative vision impacts our attitude, ethics, and witness in the workplace\u2014especially in a North American cultural context dominated by individualistic, materialistic values that are far removed from the Word of God.<\/p>\n<div class=\"my-2\"><\/div>\n<p>Written with simplicity yet theological depth, this book is ideal for both personal study and group discussion. It is a valuable tool for those seeking to live out their faith with coherence in a complex and challenging work environment.<\/p>\n<div class=\"my-2\"><\/div>\n<p class=\" translation-block\">Ultimately, How Can I serve God at Work? not only seeks to change the way we view our jobs, but also reminds us that everything we do can be done for the glory of God .<\/p>","protected":false},"featured_media":4571,"comment_status":"closed","ping_status":"closed","template":"","meta":[],"product_brand":[120],"product_cat":[73,72,76],"product_tag":[303,305,302,299,295,307,251,297,296,298,301,306,293,80,300,304,294],"class_list":{"0":"post-2775","1":"product","2":"type-product","3":"status-publish","4":"has-post-thumbnail","6":"product_brand-ray-pennings","7":"product_cat-cultivando-la-piedad-biblica","8":"product_cat-folletos","9":"product_cat-vida-cristiana","10":"product_tag-adoracion-en-la-vida-laboral","11":"product_tag-como-glorificar-a-dios-trabajando","12":"product_tag-crecimiento-espiritual-en-la-cotidianidad","13":"product_tag-cristianismo-y-profesion","14":"product_tag-etica-laboral-cristiana","15":"product_tag-fe-en-accion","16":"product_tag-libros-cristianos-breves","17":"product_tag-piedad-cotidiana","18":"product_tag-servicio-a-dios","19":"product_tag-teologia-del-trabajo","20":"product_tag-testimonio-cristiano-en-el-trabajo","21":"product_tag-trabajo-como-servicio","22":"product_tag-trabajo-y-fe","23":"product_tag-vida-cristiana","24":"product_tag-vida-devocional-en-el-trabajo","25":"product_tag-vision-biblica-de-la-vocacion","26":"product_tag-vocacion-cristiana","28":"first","29":"instock","30":"sale","31":"shipping-taxable","32":"product-type-simple"},"yoast_head":"<!-- This site is optimized with the Yoast SEO plugin v27.4 - https:\/\/yoast.com\/product\/yoast-seo-wordpress\/ -->\n<title>\u00bfC\u00f3mo puedo servir a Dios en el Trabajo? - Publicaciones Aquila<\/title>\n<meta name=\"robots\" content=\"index, follow, max-snippet:-1, max-image-preview:large, max-video-preview:-1\" \/>\n<link rel=\"canonical\" href=\"https:\/\/publicacionesaquila.com\/en\/product\/como-puedo-servir-a-dios-en-el-trabajo\/\" \/>\n<meta property=\"og:locale\" content=\"en_US\" \/>\n<meta property=\"og:type\" content=\"article\" \/>\n<meta property=\"og:title\" content=\"\u00bfC\u00f3mo puedo servir a Dios en el Trabajo? - Publicaciones Aquila\" \/>\n<meta property=\"og:description\" content=\"&nbsp;  Ordenar este libro   &nbsp; En una sociedad marcada por visiones seculares y a menudo distorsionadas sobre el trabajo, los cristianos necesitamos volver a las verdades b\u00edblicas fundamentales que nos ayuden a pensar con claridad, integridad y esperanza acerca de nuestra labor diaria. En este libro, Ray Pennings ofrece una gu\u00eda clara, b\u00edblica y aplicable sobre c\u00f3mo los creyentes pueden servir a Dios incluso en medio de su jornada laboral cotidiana.   Este librito aborda una pregunta esencial: \u00bfc\u00f3mo puede nuestro trabajo ordinario convertirse en servicio extraordinario ante los ojos de Dios? Aunque muchas personas ven el trabajo como una simple obligaci\u00f3n econ\u00f3mica o una carrera profesional, Pennings presenta una visi\u00f3n b\u00edblica de la vocaci\u00f3n que trasciende lo material y recupera el prop\u00f3sito espiritual detr\u00e1s de cada tarea realizada por el cristiano.  A trav\u00e9s de diez principios b\u00edblicos , el autor ayuda al lector a:   Entender el valor del trabajo desde la perspectiva divina.  Distinguir entre una visi\u00f3n secular y una visi\u00f3n cristiana de la vocaci\u00f3n.  Cultivar una piedad pr\u00e1ctica y constante en el entorno laboral.  Reconocer que todo trabajo hecho con fe puede ser una forma de adoraci\u00f3n y servicio a Dios.  &nbsp;  Pennings tambi\u00e9n reflexiona sobre c\u00f3mo esta visi\u00f3n transformadora impacta nuestra actitud, \u00e9tica y testimonio en el lugar de trabajo, especialmente en un contexto cultural norteamericano dominado por valores individualistas, materialistas y alejados de la Palabra de Dios.  Escrito con sencillez pero con profundidad teol\u00f3gica, este libro es ideal tanto para estudio personal como grupal. Es una herramienta \u00fatil para quienes buscan vivir con coherencia su fe en medio de un mundo laboral complejo y desafiante.  Al final, \u00bfC\u00f3mo puedo servir a Dios en el trabajo? no solo busca cambiar nuestra manera de ver el empleo, sino tambi\u00e9n recordarnos que todo lo que hacemos puede hacerse para la gloria de Dios .\" \/>\n<meta property=\"og:url\" content=\"https:\/\/publicacionesaquila.com\/en\/product\/como-puedo-servir-a-dios-en-el-trabajo\/\" \/>\n<meta property=\"og:site_name\" content=\"Publicaciones Aquila\" \/>\n<meta property=\"article:modified_time\" content=\"2025-07-14T22:25:23+00:00\" \/>\n<meta property=\"og:image\" content=\"https:\/\/publicacionesaquila.com\/wp-content\/uploads\/2025\/06\/71.jpg\" \/>\n\t<meta property=\"og:image:width\" content=\"1080\" \/>\n\t<meta property=\"og:image:height\" content=\"1080\" \/>\n\t<meta property=\"og:image:type\" content=\"image\/jpeg\" \/>\n<meta name=\"twitter:card\" content=\"summary_large_image\" \/>\n<meta name=\"twitter:label1\" content=\"Est. reading time\" \/>\n\t<meta name=\"twitter:data1\" content=\"1 minute\" \/>\n<script type=\"application\/ld+json\" class=\"yoast-schema-graph\">{\"@context\":\"https:\\\/\\\/schema.org\",\"@graph\":[{\"@type\":\"WebPage\",\"@id\":\"https:\\\/\\\/publicacionesaquila.com\\\/producto\\\/como-puedo-servir-a-dios-en-el-trabajo\\\/\",\"url\":\"https:\\\/\\\/publicacionesaquila.com\\\/producto\\\/como-puedo-servir-a-dios-en-el-trabajo\\\/\",\"name\":\"\u00bfC\u00f3mo puedo servir a Dios en el Trabajo? - Publicaciones Aquila\",\"isPartOf\":{\"@id\":\"https:\\\/\\\/publicacionesaquila.com\\\/#website\"},\"primaryImageOfPage\":{\"@id\":\"https:\\\/\\\/publicacionesaquila.com\\\/producto\\\/como-puedo-servir-a-dios-en-el-trabajo\\\/#primaryimage\"},\"image\":{\"@id\":\"https:\\\/\\\/publicacionesaquila.com\\\/producto\\\/como-puedo-servir-a-dios-en-el-trabajo\\\/#primaryimage\"},\"thumbnailUrl\":\"https:\\\/\\\/publicacionesaquila.com\\\/wp-content\\\/uploads\\\/2025\\\/06\\\/71.jpg\",\"datePublished\":\"2025-06-24T15:36:08+00:00\",\"dateModified\":\"2025-07-14T22:25:23+00:00\",\"breadcrumb\":{\"@id\":\"https:\\\/\\\/publicacionesaquila.com\\\/producto\\\/como-puedo-servir-a-dios-en-el-trabajo\\\/#breadcrumb\"},\"inLanguage\":\"en-US\",\"potentialAction\":[{\"@type\":\"ReadAction\",\"target\":[\"https:\\\/\\\/publicacionesaquila.com\\\/producto\\\/como-puedo-servir-a-dios-en-el-trabajo\\\/\"]}]},{\"@type\":\"ImageObject\",\"inLanguage\":\"en-US\",\"@id\":\"https:\\\/\\\/publicacionesaquila.com\\\/producto\\\/como-puedo-servir-a-dios-en-el-trabajo\\\/#primaryimage\",\"url\":\"https:\\\/\\\/publicacionesaquila.com\\\/wp-content\\\/uploads\\\/2025\\\/06\\\/71.jpg\",\"contentUrl\":\"https:\\\/\\\/publicacionesaquila.com\\\/wp-content\\\/uploads\\\/2025\\\/06\\\/71.jpg\",\"width\":1080,\"height\":1080},{\"@type\":\"BreadcrumbList\",\"@id\":\"https:\\\/\\\/publicacionesaquila.com\\\/producto\\\/como-puedo-servir-a-dios-en-el-trabajo\\\/#breadcrumb\",\"itemListElement\":[{\"@type\":\"ListItem\",\"position\":1,\"name\":\"Portada\",\"item\":\"https:\\\/\\\/publicacionesaquila.com\\\/\"},{\"@type\":\"ListItem\",\"position\":2,\"name\":\"Publicaciones\",\"item\":\"https:\\\/\\\/publicacionesaquila.com\\\/publicaciones\\\/\"},{\"@type\":\"ListItem\",\"position\":3,\"name\":\"\u00bfC\u00f3mo puedo servir a Dios en el Trabajo?\"}]},{\"@type\":\"WebSite\",\"@id\":\"https:\\\/\\\/publicacionesaquila.com\\\/#website\",\"url\":\"https:\\\/\\\/publicacionesaquila.com\\\/\",\"name\":\"Publicaciones Aquila\",\"description\":\"Cat\u00e1logo de Libros\",\"potentialAction\":[{\"@type\":\"SearchAction\",\"target\":{\"@type\":\"EntryPoint\",\"urlTemplate\":\"https:\\\/\\\/publicacionesaquila.com\\\/?s={search_term_string}\"},\"query-input\":{\"@type\":\"PropertyValueSpecification\",\"valueRequired\":true,\"valueName\":\"search_term_string\"}}],\"inLanguage\":\"en-US\"}]}<\/script>\n<!-- \/ Yoast SEO plugin. -->","yoast_head_json":{"title":"\u00bfC\u00f3mo puedo servir a Dios en el Trabajo? - Publicaciones Aquila","robots":{"index":"index","follow":"follow","max-snippet":"max-snippet:-1","max-image-preview":"max-image-preview:large","max-video-preview":"max-video-preview:-1"},"canonical":"https:\/\/publicacionesaquila.com\/en\/product\/como-puedo-servir-a-dios-en-el-trabajo\/","og_locale":"en_US","og_type":"article","og_title":"\u00bfC\u00f3mo puedo servir a Dios en el Trabajo? - Publicaciones Aquila","og_description":"&nbsp;  Ordenar este libro   &nbsp; En una sociedad marcada por visiones seculares y a menudo distorsionadas sobre el trabajo, los cristianos necesitamos volver a las verdades b\u00edblicas fundamentales que nos ayuden a pensar con claridad, integridad y esperanza acerca de nuestra labor diaria. En este libro, Ray Pennings ofrece una gu\u00eda clara, b\u00edblica y aplicable sobre c\u00f3mo los creyentes pueden servir a Dios incluso en medio de su jornada laboral cotidiana.   Este librito aborda una pregunta esencial: \u00bfc\u00f3mo puede nuestro trabajo ordinario convertirse en servicio extraordinario ante los ojos de Dios? Aunque muchas personas ven el trabajo como una simple obligaci\u00f3n econ\u00f3mica o una carrera profesional, Pennings presenta una visi\u00f3n b\u00edblica de la vocaci\u00f3n que trasciende lo material y recupera el prop\u00f3sito espiritual detr\u00e1s de cada tarea realizada por el cristiano.  A trav\u00e9s de diez principios b\u00edblicos , el autor ayuda al lector a:   Entender el valor del trabajo desde la perspectiva divina.  Distinguir entre una visi\u00f3n secular y una visi\u00f3n cristiana de la vocaci\u00f3n.  Cultivar una piedad pr\u00e1ctica y constante en el entorno laboral.  Reconocer que todo trabajo hecho con fe puede ser una forma de adoraci\u00f3n y servicio a Dios.  &nbsp;  Pennings tambi\u00e9n reflexiona sobre c\u00f3mo esta visi\u00f3n transformadora impacta nuestra actitud, \u00e9tica y testimonio en el lugar de trabajo, especialmente en un contexto cultural norteamericano dominado por valores individualistas, materialistas y alejados de la Palabra de Dios.  Escrito con sencillez pero con profundidad teol\u00f3gica, este libro es ideal tanto para estudio personal como grupal. Es una herramienta \u00fatil para quienes buscan vivir con coherencia su fe en medio de un mundo laboral complejo y desafiante.  Al final, \u00bfC\u00f3mo puedo servir a Dios en el trabajo? no solo busca cambiar nuestra manera de ver el empleo, sino tambi\u00e9n recordarnos que todo lo que hacemos puede hacerse para la gloria de Dios .","og_url":"https:\/\/publicacionesaquila.com\/en\/product\/como-puedo-servir-a-dios-en-el-trabajo\/","og_site_name":"Publicaciones Aquila","article_modified_time":"2025-07-14T22:25:23+00:00","og_image":[{"width":1080,"height":1080,"url":"https:\/\/publicacionesaquila.com\/wp-content\/uploads\/2025\/06\/71.jpg","type":"image\/jpeg"}],"twitter_card":"summary_large_image","twitter_misc":{"Est. reading time":"1 minute"},"schema":{"@context":"https:\/\/schema.org","@graph":[{"@type":"WebPage","@id":"https:\/\/publicacionesaquila.com\/producto\/como-puedo-servir-a-dios-en-el-trabajo\/","url":"https:\/\/publicacionesaquila.com\/producto\/como-puedo-servir-a-dios-en-el-trabajo\/","name":"\u00bfC\u00f3mo puedo servir a Dios en el Trabajo? - Publicaciones Aquila","isPartOf":{"@id":"https:\/\/publicacionesaquila.com\/#website"},"primaryImageOfPage":{"@id":"https:\/\/publicacionesaquila.com\/producto\/como-puedo-servir-a-dios-en-el-trabajo\/#primaryimage"},"image":{"@id":"https:\/\/publicacionesaquila.com\/producto\/como-puedo-servir-a-dios-en-el-trabajo\/#primaryimage"},"thumbnailUrl":"https:\/\/publicacionesaquila.com\/wp-content\/uploads\/2025\/06\/71.jpg","datePublished":"2025-06-24T15:36:08+00:00","dateModified":"2025-07-14T22:25:23+00:00","breadcrumb":{"@id":"https:\/\/publicacionesaquila.com\/producto\/como-puedo-servir-a-dios-en-el-trabajo\/#breadcrumb"},"inLanguage":"en-US","potentialAction":[{"@type":"ReadAction","target":["https:\/\/publicacionesaquila.com\/producto\/como-puedo-servir-a-dios-en-el-trabajo\/"]}]},{"@type":"ImageObject","inLanguage":"en-US","@id":"https:\/\/publicacionesaquila.com\/producto\/como-puedo-servir-a-dios-en-el-trabajo\/#primaryimage","url":"https:\/\/publicacionesaquila.com\/wp-content\/uploads\/2025\/06\/71.jpg","contentUrl":"https:\/\/publicacionesaquila.com\/wp-content\/uploads\/2025\/06\/71.jpg","width":1080,"height":1080},{"@type":"BreadcrumbList","@id":"https:\/\/publicacionesaquila.com\/producto\/como-puedo-servir-a-dios-en-el-trabajo\/#breadcrumb","itemListElement":[{"@type":"ListItem","position":1,"name":"Portada","item":"https:\/\/publicacionesaquila.com\/"},{"@type":"ListItem","position":2,"name":"Publicaciones","item":"https:\/\/publicacionesaquila.com\/publicaciones\/"},{"@type":"ListItem","position":3,"name":"\u00bfC\u00f3mo puedo servir a Dios en el Trabajo?"}]},{"@type":"WebSite","@id":"https:\/\/publicacionesaquila.com\/#website","url":"https:\/\/publicacionesaquila.com\/","name":"Aquila Publications","description":"Cat\u00e1logo de Libros","potentialAction":[{"@type":"SearchAction","target":{"@type":"EntryPoint","urlTemplate":"https:\/\/publicacionesaquila.com\/?s={search_term_string}"},"query-input":{"@type":"PropertyValueSpecification","valueRequired":true,"valueName":"search_term_string"}}],"inLanguage":"en-US"}]}},"_links":{"self":[{"href":"https:\/\/publicacionesaquila.com\/en\/wp-json\/wp\/v2\/product\/2775","targetHints":{"allow":["GET"]}}],"collection":[{"href":"https:\/\/publicacionesaquila.com\/en\/wp-json\/wp\/v2\/product"}],"about":[{"href":"https:\/\/publicacionesaquila.com\/en\/wp-json\/wp\/v2\/types\/product"}],"replies":[{"embeddable":true,"href":"https:\/\/publicacionesaquila.com\/en\/wp-json\/wp\/v2\/comments?post=2775"}],"wp:featuredmedia":[{"embeddable":true,"href":"https:\/\/publicacionesaquila.com\/en\/wp-json\/wp\/v2\/media\/4571"}],"wp:attachment":[{"href":"https:\/\/publicacionesaquila.com\/en\/wp-json\/wp\/v2\/media?parent=2775"}],"wp:term":[{"taxonomy":"product_brand","embeddable":true,"href":"https:\/\/publicacionesaquila.com\/en\/wp-json\/wp\/v2\/product_brand?post=2775"},{"taxonomy":"product_cat","embeddable":true,"href":"https:\/\/publicacionesaquila.com\/en\/wp-json\/wp\/v2\/product_cat?post=2775"},{"taxonomy":"product_tag","embeddable":true,"href":"https:\/\/publicacionesaquila.com\/en\/wp-json\/wp\/v2\/product_tag?post=2775"}],"curies":[{"name":"wp","href":"https:\/\/api.w.org\/{rel}","templated":true}]}}