{"id":2774,"date":"2025-06-24T15:32:37","date_gmt":"2025-06-24T15:32:37","guid":{"rendered":"https:\/\/publicacionesaquila.com\/?post_type=product&#038;p=2774"},"modified":"2025-07-14T22:26:04","modified_gmt":"2025-07-14T22:26:04","slug":"como-puedo-hacer-todo-para-la-gloria-de-dios","status":"publish","type":"product","link":"https:\/\/publicacionesaquila.com\/en\/product\/como-puedo-hacer-todo-para-la-gloria-de-dios\/","title":{"rendered":"How Can I Do All Things for God's Glory?"},"content":{"rendered":"","protected":false},"excerpt":{"rendered":"<p>&nbsp;<\/p>\n<p><a style=\"display: inline-block; padding: 12px 24px; font-size: 14px; color: black; background-color: white; border: 2px solid #000; border-radius: 5px; text-decoration: none; transition: all 0.3s ease; cursor: pointer;\" href=\"https:\/\/www.cristianismohist.com\/como-puedo-hacer-todo-para-la-gloria-de-dios\/\" target=\"_blank\" rel=\"noopener\">Order this book<br \/>\n<\/a><\/p>\n<p>&nbsp;<\/p>\n<p data-spm-anchor-id=\"a2ty_o01.29997173.0.i23.5195c921OxiTpX\" class=\" translation-block\">It\u2019s common to hear the phrase \u201cglorify God\u201d among Christians, but has this rich expression lost its depth due to our repetitive and thoughtless use of it? In this brief yet powerful book, Joseph A. Pipa Jr. seeks to recover the biblical, theological, and practical meaning of what it truly means to live a life directed toward the glory of God.<\/p>\n<div class=\"my-2\"><\/div>\n<p>The author invites us to explore foundational questions:<\/p>\n<ul>\n<li>What is the glory of God, really?<\/li>\n<li>How can we glorify Him in every area of our lives?<\/li>\n<li>What biblical principles should guide our daily actions?<\/li>\n<li>What motivations must we cultivate in order to fulfill this central purpose of our existence?<\/li>\n<\/ul>\n<p>&nbsp;<\/p>\n<p>With doctrinal clarity and pastoral sensitivity, Pipa does not remain at the level of abstract concepts. Instead, he offers a practical guide rooted in Scripture and the rich Reformed confessional tradition. His goal is to take theology out of the academic realm and apply it to everyday realities: at home, at work, at school, and in all personal relationships.<\/p>\n<div class=\"my-2\"><\/div>\n<p>This book also addresses how true motivation for glorifying God arises when we are deeply impacted by His majesty, holiness, and grace. To glorify God is not merely a duty\u2014it is the believer\u2019s greatest joy.<\/p>\n<div class=\"my-2\"><\/div>\n<p class=\" translation-block\">As Michael Barrett writes in the foreword, this little book helps believers \u201cfulfill the very purpose of their existence,\u201d reminding us that everything we do\u2014even the simplest and most ordinary things\u2014can become an act of doxology (praise directed toward God) if done by faith, in the name of Christ, and under the guidance of the Holy Spirit.<\/p>\n<div class=\"my-2\"><\/div>\n<p>Ideal for both personal study and group discussion, this book is a valuable resource for those who desire to learn how to live intentionally for the glory of God in the midst of the modern world.<\/p>\n<div class=\"my-2\"><\/div>","protected":false},"featured_media":4570,"comment_status":"closed","ping_status":"closed","template":"","meta":[],"product_brand":[119],"product_cat":[73,72],"product_tag":[291,285,284,286,280,251,283,281,292,289,290,287,282,288,80,245],"class_list":{"0":"post-2774","1":"product","2":"type-product","3":"status-publish","4":"has-post-thumbnail","6":"product_brand-joseph-a-pipa-jr","7":"product_cat-cultivando-la-piedad-biblica","8":"product_cat-folletos","9":"product_tag-adoracion-en-la-vida-cotidiana","10":"product_tag-como-glorificar-a-dios","11":"product_tag-etica-cristiana","12":"product_tag-fe-y-practica-cristiana","13":"product_tag-gloria-de-dios","14":"product_tag-libros-cristianos-breves","15":"product_tag-oracion-y-obediencia","16":"product_tag-proposito-cristiano","17":"product_tag-proposito-de-la-existencia-cristiana","18":"product_tag-santificacion-diaria","19":"product_tag-servicio-cristiano","20":"product_tag-teologia-aplicada","21":"product_tag-teologia-reformada","22":"product_tag-testimonio-cristiano","23":"product_tag-vida-cristiana","24":"product_tag-vida-devocional","26":"first","27":"instock","28":"sale","29":"shipping-taxable","30":"product-type-simple"},"yoast_head":"<!-- This site is optimized with the Yoast SEO plugin v27.4 - https:\/\/yoast.com\/product\/yoast-seo-wordpress\/ -->\n<title>\u00bfC\u00f3mo puedo hacer todo para la gloria de Dios? - Publicaciones Aquila<\/title>\n<meta name=\"robots\" content=\"index, follow, max-snippet:-1, max-image-preview:large, max-video-preview:-1\" \/>\n<link rel=\"canonical\" href=\"https:\/\/publicacionesaquila.com\/en\/product\/como-puedo-hacer-todo-para-la-gloria-de-dios\/\" \/>\n<meta property=\"og:locale\" content=\"en_US\" \/>\n<meta property=\"og:type\" content=\"article\" \/>\n<meta property=\"og:title\" content=\"\u00bfC\u00f3mo puedo hacer todo para la gloria de Dios? - Publicaciones Aquila\" \/>\n<meta property=\"og:description\" content=\"&nbsp;  Ordenar este libro   &nbsp; Es com\u00fan escuchar entre los cristianos la expresi\u00f3n \u201cglorificar a Dios\u201d, pero \u00bfacaso esta frase tan rica ha perdido su profundidad debido al uso repetitivo y poco reflexivo que hacemos de ella? En este breve pero poderoso libro, Joseph A. Pipa Jr. busca recuperar el sentido b\u00edblico, teol\u00f3gico y pr\u00e1ctico de lo que significa vivir una vida orientada hacia la gloria de Dios.   El autor nos invita a explorar preguntas fundamentales:   \u00bfQu\u00e9 es realmente la gloria de Dios?  \u00bfDe qu\u00e9 manera podemos glorificarle en cada aspecto de nuestra vida?  \u00bfCu\u00e1les son los principios b\u00edblicos que deben guiar nuestras acciones cotidianas?  \u00bfQu\u00e9 motivaciones debemos cultivar para cumplir con este prop\u00f3sito central de nuestra existencia?  &nbsp;  Con claridad doctrinal y sensibilidad pastoral, Pipa no se queda en conceptos abstractos, sino que ofrece una gu\u00eda pr\u00e1ctica basada en las Escrituras y en la rica tradici\u00f3n confesional reformada. Su enfoque busca llevar la teolog\u00eda fuera del \u00e1mbito acad\u00e9mico y aplicarla a las realidades diarias: en casa, en el trabajo, en la escuela y en todas las relaciones personales.  Este libro tambi\u00e9n aborda c\u00f3mo la verdadera motivaci\u00f3n para glorificar a Dios surge cuando somos impactados profundamente por Su majestad, Su santidad y Su gracia. Glorificar a Dios no es solo un deber, sino el mayor gozo del creyente.  Como dice Michael Barrett en el pr\u00f3logo, este librito ayuda a los creyentes a &quot;cumplir el prop\u00f3sito de su existencia&quot;, record\u00e1ndonos que todo lo que hacemos \u2014incluso lo m\u00e1s sencillo y ordinario\u2014 puede convertirse en una acci\u00f3n doxol\u00f3gica (dirigida a la alabanza divina) si est\u00e1 hecho por fe, en nombre de Cristo y bajo la direcci\u00f3n del Esp\u00edritu Santo.  Ideal tanto para estudio personal como grupal, este libro es una herramienta valiosa para quienes desean aprender a vivir conscientemente para la gloria de Dios en medio del mundo moderno.\" \/>\n<meta property=\"og:url\" content=\"https:\/\/publicacionesaquila.com\/en\/product\/como-puedo-hacer-todo-para-la-gloria-de-dios\/\" \/>\n<meta property=\"og:site_name\" content=\"Publicaciones Aquila\" \/>\n<meta property=\"article:modified_time\" content=\"2025-07-14T22:26:04+00:00\" \/>\n<meta property=\"og:image\" content=\"https:\/\/publicacionesaquila.com\/wp-content\/uploads\/2025\/06\/72.jpg\" \/>\n\t<meta property=\"og:image:width\" content=\"1080\" \/>\n\t<meta property=\"og:image:height\" content=\"1080\" \/>\n\t<meta property=\"og:image:type\" content=\"image\/jpeg\" \/>\n<meta name=\"twitter:card\" content=\"summary_large_image\" \/>\n<meta name=\"twitter:label1\" content=\"Est. reading time\" \/>\n\t<meta name=\"twitter:data1\" content=\"1 minute\" \/>\n<script type=\"application\/ld+json\" class=\"yoast-schema-graph\">{\"@context\":\"https:\\\/\\\/schema.org\",\"@graph\":[{\"@type\":\"WebPage\",\"@id\":\"https:\\\/\\\/publicacionesaquila.com\\\/producto\\\/como-puedo-hacer-todo-para-la-gloria-de-dios\\\/\",\"url\":\"https:\\\/\\\/publicacionesaquila.com\\\/producto\\\/como-puedo-hacer-todo-para-la-gloria-de-dios\\\/\",\"name\":\"\u00bfC\u00f3mo puedo hacer todo para la gloria de Dios? - Publicaciones Aquila\",\"isPartOf\":{\"@id\":\"https:\\\/\\\/publicacionesaquila.com\\\/#website\"},\"primaryImageOfPage\":{\"@id\":\"https:\\\/\\\/publicacionesaquila.com\\\/producto\\\/como-puedo-hacer-todo-para-la-gloria-de-dios\\\/#primaryimage\"},\"image\":{\"@id\":\"https:\\\/\\\/publicacionesaquila.com\\\/producto\\\/como-puedo-hacer-todo-para-la-gloria-de-dios\\\/#primaryimage\"},\"thumbnailUrl\":\"https:\\\/\\\/publicacionesaquila.com\\\/wp-content\\\/uploads\\\/2025\\\/06\\\/72.jpg\",\"datePublished\":\"2025-06-24T15:32:37+00:00\",\"dateModified\":\"2025-07-14T22:26:04+00:00\",\"breadcrumb\":{\"@id\":\"https:\\\/\\\/publicacionesaquila.com\\\/producto\\\/como-puedo-hacer-todo-para-la-gloria-de-dios\\\/#breadcrumb\"},\"inLanguage\":\"en-US\",\"potentialAction\":[{\"@type\":\"ReadAction\",\"target\":[\"https:\\\/\\\/publicacionesaquila.com\\\/producto\\\/como-puedo-hacer-todo-para-la-gloria-de-dios\\\/\"]}]},{\"@type\":\"ImageObject\",\"inLanguage\":\"en-US\",\"@id\":\"https:\\\/\\\/publicacionesaquila.com\\\/producto\\\/como-puedo-hacer-todo-para-la-gloria-de-dios\\\/#primaryimage\",\"url\":\"https:\\\/\\\/publicacionesaquila.com\\\/wp-content\\\/uploads\\\/2025\\\/06\\\/72.jpg\",\"contentUrl\":\"https:\\\/\\\/publicacionesaquila.com\\\/wp-content\\\/uploads\\\/2025\\\/06\\\/72.jpg\",\"width\":1080,\"height\":1080},{\"@type\":\"BreadcrumbList\",\"@id\":\"https:\\\/\\\/publicacionesaquila.com\\\/producto\\\/como-puedo-hacer-todo-para-la-gloria-de-dios\\\/#breadcrumb\",\"itemListElement\":[{\"@type\":\"ListItem\",\"position\":1,\"name\":\"Portada\",\"item\":\"https:\\\/\\\/publicacionesaquila.com\\\/\"},{\"@type\":\"ListItem\",\"position\":2,\"name\":\"Publicaciones\",\"item\":\"https:\\\/\\\/publicacionesaquila.com\\\/publicaciones\\\/\"},{\"@type\":\"ListItem\",\"position\":3,\"name\":\"\u00bfC\u00f3mo puedo hacer todo para la gloria de Dios?\"}]},{\"@type\":\"WebSite\",\"@id\":\"https:\\\/\\\/publicacionesaquila.com\\\/#website\",\"url\":\"https:\\\/\\\/publicacionesaquila.com\\\/\",\"name\":\"Publicaciones Aquila\",\"description\":\"Cat\u00e1logo de Libros\",\"potentialAction\":[{\"@type\":\"SearchAction\",\"target\":{\"@type\":\"EntryPoint\",\"urlTemplate\":\"https:\\\/\\\/publicacionesaquila.com\\\/?s={search_term_string}\"},\"query-input\":{\"@type\":\"PropertyValueSpecification\",\"valueRequired\":true,\"valueName\":\"search_term_string\"}}],\"inLanguage\":\"en-US\"}]}<\/script>\n<!-- \/ Yoast SEO plugin. -->","yoast_head_json":{"title":"\u00bfC\u00f3mo puedo hacer todo para la gloria de Dios? - Publicaciones Aquila","robots":{"index":"index","follow":"follow","max-snippet":"max-snippet:-1","max-image-preview":"max-image-preview:large","max-video-preview":"max-video-preview:-1"},"canonical":"https:\/\/publicacionesaquila.com\/en\/product\/como-puedo-hacer-todo-para-la-gloria-de-dios\/","og_locale":"en_US","og_type":"article","og_title":"\u00bfC\u00f3mo puedo hacer todo para la gloria de Dios? - Publicaciones Aquila","og_description":"&nbsp;  Ordenar este libro   &nbsp; Es com\u00fan escuchar entre los cristianos la expresi\u00f3n \u201cglorificar a Dios\u201d, pero \u00bfacaso esta frase tan rica ha perdido su profundidad debido al uso repetitivo y poco reflexivo que hacemos de ella? En este breve pero poderoso libro, Joseph A. Pipa Jr. busca recuperar el sentido b\u00edblico, teol\u00f3gico y pr\u00e1ctico de lo que significa vivir una vida orientada hacia la gloria de Dios.   El autor nos invita a explorar preguntas fundamentales:   \u00bfQu\u00e9 es realmente la gloria de Dios?  \u00bfDe qu\u00e9 manera podemos glorificarle en cada aspecto de nuestra vida?  \u00bfCu\u00e1les son los principios b\u00edblicos que deben guiar nuestras acciones cotidianas?  \u00bfQu\u00e9 motivaciones debemos cultivar para cumplir con este prop\u00f3sito central de nuestra existencia?  &nbsp;  Con claridad doctrinal y sensibilidad pastoral, Pipa no se queda en conceptos abstractos, sino que ofrece una gu\u00eda pr\u00e1ctica basada en las Escrituras y en la rica tradici\u00f3n confesional reformada. Su enfoque busca llevar la teolog\u00eda fuera del \u00e1mbito acad\u00e9mico y aplicarla a las realidades diarias: en casa, en el trabajo, en la escuela y en todas las relaciones personales.  Este libro tambi\u00e9n aborda c\u00f3mo la verdadera motivaci\u00f3n para glorificar a Dios surge cuando somos impactados profundamente por Su majestad, Su santidad y Su gracia. Glorificar a Dios no es solo un deber, sino el mayor gozo del creyente.  Como dice Michael Barrett en el pr\u00f3logo, este librito ayuda a los creyentes a \"cumplir el prop\u00f3sito de su existencia\", record\u00e1ndonos que todo lo que hacemos \u2014incluso lo m\u00e1s sencillo y ordinario\u2014 puede convertirse en una acci\u00f3n doxol\u00f3gica (dirigida a la alabanza divina) si est\u00e1 hecho por fe, en nombre de Cristo y bajo la direcci\u00f3n del Esp\u00edritu Santo.  Ideal tanto para estudio personal como grupal, este libro es una herramienta valiosa para quienes desean aprender a vivir conscientemente para la gloria de Dios en medio del mundo moderno.","og_url":"https:\/\/publicacionesaquila.com\/en\/product\/como-puedo-hacer-todo-para-la-gloria-de-dios\/","og_site_name":"Publicaciones Aquila","article_modified_time":"2025-07-14T22:26:04+00:00","og_image":[{"width":1080,"height":1080,"url":"https:\/\/publicacionesaquila.com\/wp-content\/uploads\/2025\/06\/72.jpg","type":"image\/jpeg"}],"twitter_card":"summary_large_image","twitter_misc":{"Est. reading time":"1 minute"},"schema":{"@context":"https:\/\/schema.org","@graph":[{"@type":"WebPage","@id":"https:\/\/publicacionesaquila.com\/producto\/como-puedo-hacer-todo-para-la-gloria-de-dios\/","url":"https:\/\/publicacionesaquila.com\/producto\/como-puedo-hacer-todo-para-la-gloria-de-dios\/","name":"\u00bfC\u00f3mo puedo hacer todo para la gloria de Dios? - Publicaciones Aquila","isPartOf":{"@id":"https:\/\/publicacionesaquila.com\/#website"},"primaryImageOfPage":{"@id":"https:\/\/publicacionesaquila.com\/producto\/como-puedo-hacer-todo-para-la-gloria-de-dios\/#primaryimage"},"image":{"@id":"https:\/\/publicacionesaquila.com\/producto\/como-puedo-hacer-todo-para-la-gloria-de-dios\/#primaryimage"},"thumbnailUrl":"https:\/\/publicacionesaquila.com\/wp-content\/uploads\/2025\/06\/72.jpg","datePublished":"2025-06-24T15:32:37+00:00","dateModified":"2025-07-14T22:26:04+00:00","breadcrumb":{"@id":"https:\/\/publicacionesaquila.com\/producto\/como-puedo-hacer-todo-para-la-gloria-de-dios\/#breadcrumb"},"inLanguage":"en-US","potentialAction":[{"@type":"ReadAction","target":["https:\/\/publicacionesaquila.com\/producto\/como-puedo-hacer-todo-para-la-gloria-de-dios\/"]}]},{"@type":"ImageObject","inLanguage":"en-US","@id":"https:\/\/publicacionesaquila.com\/producto\/como-puedo-hacer-todo-para-la-gloria-de-dios\/#primaryimage","url":"https:\/\/publicacionesaquila.com\/wp-content\/uploads\/2025\/06\/72.jpg","contentUrl":"https:\/\/publicacionesaquila.com\/wp-content\/uploads\/2025\/06\/72.jpg","width":1080,"height":1080},{"@type":"BreadcrumbList","@id":"https:\/\/publicacionesaquila.com\/producto\/como-puedo-hacer-todo-para-la-gloria-de-dios\/#breadcrumb","itemListElement":[{"@type":"ListItem","position":1,"name":"Portada","item":"https:\/\/publicacionesaquila.com\/"},{"@type":"ListItem","position":2,"name":"Publicaciones","item":"https:\/\/publicacionesaquila.com\/publicaciones\/"},{"@type":"ListItem","position":3,"name":"\u00bfC\u00f3mo puedo hacer todo para la gloria de Dios?"}]},{"@type":"WebSite","@id":"https:\/\/publicacionesaquila.com\/#website","url":"https:\/\/publicacionesaquila.com\/","name":"Aquila Publications","description":"Cat\u00e1logo de Libros","potentialAction":[{"@type":"SearchAction","target":{"@type":"EntryPoint","urlTemplate":"https:\/\/publicacionesaquila.com\/?s={search_term_string}"},"query-input":{"@type":"PropertyValueSpecification","valueRequired":true,"valueName":"search_term_string"}}],"inLanguage":"en-US"}]}},"_links":{"self":[{"href":"https:\/\/publicacionesaquila.com\/en\/wp-json\/wp\/v2\/product\/2774","targetHints":{"allow":["GET"]}}],"collection":[{"href":"https:\/\/publicacionesaquila.com\/en\/wp-json\/wp\/v2\/product"}],"about":[{"href":"https:\/\/publicacionesaquila.com\/en\/wp-json\/wp\/v2\/types\/product"}],"replies":[{"embeddable":true,"href":"https:\/\/publicacionesaquila.com\/en\/wp-json\/wp\/v2\/comments?post=2774"}],"wp:featuredmedia":[{"embeddable":true,"href":"https:\/\/publicacionesaquila.com\/en\/wp-json\/wp\/v2\/media\/4570"}],"wp:attachment":[{"href":"https:\/\/publicacionesaquila.com\/en\/wp-json\/wp\/v2\/media?parent=2774"}],"wp:term":[{"taxonomy":"product_brand","embeddable":true,"href":"https:\/\/publicacionesaquila.com\/en\/wp-json\/wp\/v2\/product_brand?post=2774"},{"taxonomy":"product_cat","embeddable":true,"href":"https:\/\/publicacionesaquila.com\/en\/wp-json\/wp\/v2\/product_cat?post=2774"},{"taxonomy":"product_tag","embeddable":true,"href":"https:\/\/publicacionesaquila.com\/en\/wp-json\/wp\/v2\/product_tag?post=2774"}],"curies":[{"name":"wp","href":"https:\/\/api.w.org\/{rel}","templated":true}]}}