{"id":2773,"date":"2025-06-24T15:24:41","date_gmt":"2025-06-24T15:24:41","guid":{"rendered":"https:\/\/publicacionesaquila.com\/?post_type=product&#038;p=2773"},"modified":"2025-07-14T22:33:27","modified_gmt":"2025-07-14T22:33:27","slug":"como-hago-morir-el-pecado-remanente","status":"publish","type":"product","link":"https:\/\/publicacionesaquila.com\/en\/product\/como-hago-morir-el-pecado-remanente\/","title":{"rendered":"How Do I Kill Remaining Sin?"},"content":{"rendered":"","protected":false},"excerpt":{"rendered":"<p>&nbsp;<\/p>\n<p><a style=\"display: inline-block; padding: 12px 24px; font-size: 14px; color: black; background-color: white; border: 2px solid #000; border-radius: 5px; text-decoration: none; transition: all 0.3s ease; cursor: pointer;\" href=\"https:\/\/www.cristianismohist.com\/como-hago-morir-el-pecado-remanente\/\" target=\"_blank\" rel=\"noopener\">Order this book<br \/>\n<\/a><\/p>\n<p>&nbsp;<\/p>\n<p data-spm-anchor-id=\"a2ty_o01.29997173.0.i17.5195c921OxiTpX\" class=\" translation-block\">Are you truly dying to sin each day? If not, this book declares, then you have not yet begun to live fully as a disciple of Christ. This bold statement introduces a powerful work that addresses one of the most crucial aspects of the Christian life: the ongoing battle against indwelling sin.<\/p>\n<div class=\"my-2\"><\/div>\n<p class=\" translation-block\">When God saves a person through the death and resurrection of Jesus Christ, He not only grants forgiveness, but also begins a transformative process within them\u2014a call to die daily to sin and to live in new obedience united with Christ. Although the new birth brings deep changes to the believer\u2019s heart, no Christian is exempt from struggling against remnants of sin. The presence of this sinful inclination\u2014known as \u201cremaining sin\u201d\u2014requires constant vigilance, sincere repentance, and complete dependence on the Holy Spirit.<\/p>\n<div class=\"my-2\"><\/div>\n<p class=\" translation-block\">In this short but profound book, Pastor Geoffrey Thomas, with his clear, biblical, and pastoral style, offers practical and deeply spiritual guidance on how believers can effectively fight sin in their lives. Grounded in Scripture, he explains how we can, by the grace of Christ, overcome sin and grow in holiness, reflecting more and more the image of Jesus.<\/p>\n<div class=\"my-2\"><\/div>\n<p>This book does not remain at the level of abstract concepts, but rather seeks to:<\/p>\n<ul>\n<li>Awaken a biblical awareness of the danger of sin.<\/li>\n<li>Encourage the faithful use of the means of grace: prayer, Scripture, and fellowship.<\/li>\n<li>Help readers cultivate a life of spiritual mortification.<\/li>\n<li>Promote a Christ-centered vision of personal sanctification.<\/li>\n<\/ul>\n<p>&nbsp;<\/p>\n<p>As part of a series designed to strengthen the Christian life from its foundations with biblical depth, this book aims to instruct the mind, move the heart, and transform the life through the work of the Holy Spirit.<\/p>\n<div class=\"my-2\"><\/div>\n<p class=\" translation-block\">Ultimately, all of this serves a greater purpose: that Christians may \u201cadorn the doctrine of God our Savior in every way\u201d (Titus 2:10), showing the world the beauty of Christ through a life of piety and obedience.<\/p>\n<div class=\"my-2\"><\/div>\n<h2><strong>About the Author:<\/strong><\/h2>\n<p class=\" translation-block\">Geoffrey Thomas served for over fifty years as pastor of Alfred Place Baptist Church in Aberystwyth, Wales. His ministry has been marked by biblical faithfulness, theological depth, and evangelistic passion. Though now retired, he continues to serve the Lord and share his spiritual wisdom with new generations of believers.<\/p>\n<p>&nbsp;<\/p>","protected":false},"featured_media":4569,"comment_status":"closed","ping_status":"closed","template":"","meta":[],"product_brand":[118],"product_cat":[73,72],"product_tag":[265,260,264,258,149,261,240,205,251,255,254,256,239,257,259,262,80,263],"class_list":{"0":"post-2773","1":"product","2":"type-product","3":"status-publish","4":"has-post-thumbnail","6":"product_brand-geoffrey-thomas","7":"product_cat-cultivando-la-piedad-biblica","8":"product_cat-folletos","9":"product_tag-adoracion-y-santidad","10":"product_tag-arrepentimiento-diario","11":"product_tag-como-vencer-el-pecado","12":"product_tag-conversion-y-transformacion","13":"product_tag-crecimiento-espiritual","14":"product_tag-ensenanzas-practicas-para-cristianos","15":"product_tag-espiritualidad-reformada","16":"product_tag-gracia-de-dios","17":"product_tag-libros-cristianos-breves","18":"product_tag-lucha-contra-el-pecado","19":"product_tag-mortificacion-del-pecado","20":"product_tag-pecado-remanente","21":"product_tag-piedad-biblica","22":"product_tag-santificacion","23":"product_tag-union-con-cristo","24":"product_tag-victoria-sobre-el-pecado","25":"product_tag-vida-cristiana","26":"product_tag-vida-de-obediencia","28":"first","29":"instock","30":"sale","31":"shipping-taxable","32":"product-type-simple"},"yoast_head":"<!-- This site is optimized with the Yoast SEO plugin v27.4 - https:\/\/yoast.com\/product\/yoast-seo-wordpress\/ -->\n<title>\u00bfC\u00f3mo hago morir el pecado remanente? - Publicaciones Aquila<\/title>\n<meta name=\"robots\" content=\"index, follow, max-snippet:-1, max-image-preview:large, max-video-preview:-1\" \/>\n<link rel=\"canonical\" href=\"https:\/\/publicacionesaquila.com\/en\/product\/como-hago-morir-el-pecado-remanente\/\" \/>\n<meta property=\"og:locale\" content=\"en_US\" \/>\n<meta property=\"og:type\" content=\"article\" \/>\n<meta property=\"og:title\" content=\"\u00bfC\u00f3mo hago morir el pecado remanente? - Publicaciones Aquila\" \/>\n<meta property=\"og:description\" content=\"&nbsp;  Ordenar este libro   &nbsp; \u00bfEst\u00e1s realmente muriendo al pecado cada d\u00eda? Si no es as\u00ed, dice este libro, entonces a\u00fan no has comenzado a vivir plenamente como disc\u00edpulo de Cristo. Esta afirmaci\u00f3n contundente introduce una obra poderosa que aborda uno de los aspectos m\u00e1s cruciales en la vida cristiana: la lucha contra el pecado remanente .   Cuando Dios salva a una persona por medio de la muerte y resurrecci\u00f3n de Jesucristo, no solo le otorga el perd\u00f3n, sino que tambi\u00e9n comienza en ella un proceso transformador: el llamado a morir diariamente al pecado y a vivir en nueva obediencia en uni\u00f3n con Cristo. Aunque el nuevo nacimiento trae cambios profundos en el coraz\u00f3n del creyente, ning\u00fan cristiano est\u00e1 exento de luchar contra residuos de pecado. La presencia de esta inclinaci\u00f3n pecadora \u2014llamada &quot;pecado remanente&quot;\u2014 requiere vigilancia constante, arrepentimiento sincero y dependencia total del Esp\u00edritu Santo.  En este librito, el pastor Geoffrey Thomas , con su estilo claro, b\u00edblico y pastoral, ofrece una gu\u00eda pr\u00e1ctica y profundamente espiritual sobre c\u00f3mo los creyentes pueden combatir efectivamente el pecado en sus vidas. Con fundamento en las Escrituras, explica c\u00f3mo, por la gracia de Cristo, podemos triunfar sobre el pecado y crecer en santidad, reflejando cada vez m\u00e1s la imagen de Jes\u00fas.  Este libro no se queda en conceptos abstractos, sino que busca:   Despertar una conciencia b\u00edblica del peligro del pecado.  Incentivar el uso fiel de los medios de gracia: oraci\u00f3n, Palabra y comuni\u00f3n.  Ayudar al lector a cultivar una vida de mortificaci\u00f3n espiritual.  Promover una visi\u00f3n centrada en Cristo de la santificaci\u00f3n personal.  &nbsp;  Como parte de una serie dise\u00f1ada para fortalecer la vida cristiana desde lo b\u00e1sico pero con profundidad b\u00edblica, este libro busca instruir la mente, mover el coraz\u00f3n y transformar la vida mediante la obra del Esp\u00edritu Santo.  Al final, todo esto tiene un prop\u00f3sito mayor: que los cristianos &quot;adornen la doctrina de Dios nuestro Salvador en todo respecto&quot; (Tito 2:10), mostrando al mundo la belleza de Cristo a trav\u00e9s de una vida de piedad y obediencia.  Sobre el autor: Geoffrey Thomas fue pastor de Alfred Place Baptist Church en Aberystwyth, Gales, durante m\u00e1s de cincuenta a\u00f1os. Su ministerio ha sido reconocido por su fidelidad b\u00edblica, profundidad teol\u00f3gica y pasi\u00f3n evangel\u00edstica. Aunque ya retirado, contin\u00faa sirviendo al Se\u00f1or y compartiendo su conocimiento espiritual con nuevas generaciones de creyentes.  &nbsp;\" \/>\n<meta property=\"og:url\" content=\"https:\/\/publicacionesaquila.com\/en\/product\/como-hago-morir-el-pecado-remanente\/\" \/>\n<meta property=\"og:site_name\" content=\"Publicaciones Aquila\" \/>\n<meta property=\"article:modified_time\" content=\"2025-07-14T22:33:27+00:00\" \/>\n<meta property=\"og:image\" content=\"https:\/\/publicacionesaquila.com\/wp-content\/uploads\/2025\/06\/73.jpg\" \/>\n\t<meta property=\"og:image:width\" content=\"1080\" \/>\n\t<meta property=\"og:image:height\" content=\"1080\" \/>\n\t<meta property=\"og:image:type\" content=\"image\/jpeg\" \/>\n<meta name=\"twitter:card\" content=\"summary_large_image\" \/>\n<meta name=\"twitter:label1\" content=\"Est. reading time\" \/>\n\t<meta name=\"twitter:data1\" content=\"1 minute\" \/>\n<script type=\"application\/ld+json\" class=\"yoast-schema-graph\">{\"@context\":\"https:\\\/\\\/schema.org\",\"@graph\":[{\"@type\":\"WebPage\",\"@id\":\"https:\\\/\\\/publicacionesaquila.com\\\/producto\\\/como-hago-morir-el-pecado-remanente\\\/\",\"url\":\"https:\\\/\\\/publicacionesaquila.com\\\/producto\\\/como-hago-morir-el-pecado-remanente\\\/\",\"name\":\"\u00bfC\u00f3mo hago morir el pecado remanente? - Publicaciones Aquila\",\"isPartOf\":{\"@id\":\"https:\\\/\\\/publicacionesaquila.com\\\/#website\"},\"primaryImageOfPage\":{\"@id\":\"https:\\\/\\\/publicacionesaquila.com\\\/producto\\\/como-hago-morir-el-pecado-remanente\\\/#primaryimage\"},\"image\":{\"@id\":\"https:\\\/\\\/publicacionesaquila.com\\\/producto\\\/como-hago-morir-el-pecado-remanente\\\/#primaryimage\"},\"thumbnailUrl\":\"https:\\\/\\\/publicacionesaquila.com\\\/wp-content\\\/uploads\\\/2025\\\/06\\\/73.jpg\",\"datePublished\":\"2025-06-24T15:24:41+00:00\",\"dateModified\":\"2025-07-14T22:33:27+00:00\",\"breadcrumb\":{\"@id\":\"https:\\\/\\\/publicacionesaquila.com\\\/producto\\\/como-hago-morir-el-pecado-remanente\\\/#breadcrumb\"},\"inLanguage\":\"en-US\",\"potentialAction\":[{\"@type\":\"ReadAction\",\"target\":[\"https:\\\/\\\/publicacionesaquila.com\\\/producto\\\/como-hago-morir-el-pecado-remanente\\\/\"]}]},{\"@type\":\"ImageObject\",\"inLanguage\":\"en-US\",\"@id\":\"https:\\\/\\\/publicacionesaquila.com\\\/producto\\\/como-hago-morir-el-pecado-remanente\\\/#primaryimage\",\"url\":\"https:\\\/\\\/publicacionesaquila.com\\\/wp-content\\\/uploads\\\/2025\\\/06\\\/73.jpg\",\"contentUrl\":\"https:\\\/\\\/publicacionesaquila.com\\\/wp-content\\\/uploads\\\/2025\\\/06\\\/73.jpg\",\"width\":1080,\"height\":1080},{\"@type\":\"BreadcrumbList\",\"@id\":\"https:\\\/\\\/publicacionesaquila.com\\\/producto\\\/como-hago-morir-el-pecado-remanente\\\/#breadcrumb\",\"itemListElement\":[{\"@type\":\"ListItem\",\"position\":1,\"name\":\"Portada\",\"item\":\"https:\\\/\\\/publicacionesaquila.com\\\/\"},{\"@type\":\"ListItem\",\"position\":2,\"name\":\"Publicaciones\",\"item\":\"https:\\\/\\\/publicacionesaquila.com\\\/publicaciones\\\/\"},{\"@type\":\"ListItem\",\"position\":3,\"name\":\"\u00bfC\u00f3mo hago morir el pecado remanente?\"}]},{\"@type\":\"WebSite\",\"@id\":\"https:\\\/\\\/publicacionesaquila.com\\\/#website\",\"url\":\"https:\\\/\\\/publicacionesaquila.com\\\/\",\"name\":\"Publicaciones Aquila\",\"description\":\"Cat\u00e1logo de Libros\",\"potentialAction\":[{\"@type\":\"SearchAction\",\"target\":{\"@type\":\"EntryPoint\",\"urlTemplate\":\"https:\\\/\\\/publicacionesaquila.com\\\/?s={search_term_string}\"},\"query-input\":{\"@type\":\"PropertyValueSpecification\",\"valueRequired\":true,\"valueName\":\"search_term_string\"}}],\"inLanguage\":\"en-US\"}]}<\/script>\n<!-- \/ Yoast SEO plugin. -->","yoast_head_json":{"title":"\u00bfC\u00f3mo hago morir el pecado remanente? - Publicaciones Aquila","robots":{"index":"index","follow":"follow","max-snippet":"max-snippet:-1","max-image-preview":"max-image-preview:large","max-video-preview":"max-video-preview:-1"},"canonical":"https:\/\/publicacionesaquila.com\/en\/product\/como-hago-morir-el-pecado-remanente\/","og_locale":"en_US","og_type":"article","og_title":"\u00bfC\u00f3mo hago morir el pecado remanente? - Publicaciones Aquila","og_description":"&nbsp;  Ordenar este libro   &nbsp; \u00bfEst\u00e1s realmente muriendo al pecado cada d\u00eda? Si no es as\u00ed, dice este libro, entonces a\u00fan no has comenzado a vivir plenamente como disc\u00edpulo de Cristo. Esta afirmaci\u00f3n contundente introduce una obra poderosa que aborda uno de los aspectos m\u00e1s cruciales en la vida cristiana: la lucha contra el pecado remanente .   Cuando Dios salva a una persona por medio de la muerte y resurrecci\u00f3n de Jesucristo, no solo le otorga el perd\u00f3n, sino que tambi\u00e9n comienza en ella un proceso transformador: el llamado a morir diariamente al pecado y a vivir en nueva obediencia en uni\u00f3n con Cristo. Aunque el nuevo nacimiento trae cambios profundos en el coraz\u00f3n del creyente, ning\u00fan cristiano est\u00e1 exento de luchar contra residuos de pecado. La presencia de esta inclinaci\u00f3n pecadora \u2014llamada \"pecado remanente\"\u2014 requiere vigilancia constante, arrepentimiento sincero y dependencia total del Esp\u00edritu Santo.  En este librito, el pastor Geoffrey Thomas , con su estilo claro, b\u00edblico y pastoral, ofrece una gu\u00eda pr\u00e1ctica y profundamente espiritual sobre c\u00f3mo los creyentes pueden combatir efectivamente el pecado en sus vidas. Con fundamento en las Escrituras, explica c\u00f3mo, por la gracia de Cristo, podemos triunfar sobre el pecado y crecer en santidad, reflejando cada vez m\u00e1s la imagen de Jes\u00fas.  Este libro no se queda en conceptos abstractos, sino que busca:   Despertar una conciencia b\u00edblica del peligro del pecado.  Incentivar el uso fiel de los medios de gracia: oraci\u00f3n, Palabra y comuni\u00f3n.  Ayudar al lector a cultivar una vida de mortificaci\u00f3n espiritual.  Promover una visi\u00f3n centrada en Cristo de la santificaci\u00f3n personal.  &nbsp;  Como parte de una serie dise\u00f1ada para fortalecer la vida cristiana desde lo b\u00e1sico pero con profundidad b\u00edblica, este libro busca instruir la mente, mover el coraz\u00f3n y transformar la vida mediante la obra del Esp\u00edritu Santo.  Al final, todo esto tiene un prop\u00f3sito mayor: que los cristianos \"adornen la doctrina de Dios nuestro Salvador en todo respecto\" (Tito 2:10), mostrando al mundo la belleza de Cristo a trav\u00e9s de una vida de piedad y obediencia.  Sobre el autor: Geoffrey Thomas fue pastor de Alfred Place Baptist Church en Aberystwyth, Gales, durante m\u00e1s de cincuenta a\u00f1os. Su ministerio ha sido reconocido por su fidelidad b\u00edblica, profundidad teol\u00f3gica y pasi\u00f3n evangel\u00edstica. Aunque ya retirado, contin\u00faa sirviendo al Se\u00f1or y compartiendo su conocimiento espiritual con nuevas generaciones de creyentes.  &nbsp;","og_url":"https:\/\/publicacionesaquila.com\/en\/product\/como-hago-morir-el-pecado-remanente\/","og_site_name":"Publicaciones Aquila","article_modified_time":"2025-07-14T22:33:27+00:00","og_image":[{"width":1080,"height":1080,"url":"https:\/\/publicacionesaquila.com\/wp-content\/uploads\/2025\/06\/73.jpg","type":"image\/jpeg"}],"twitter_card":"summary_large_image","twitter_misc":{"Est. reading time":"1 minute"},"schema":{"@context":"https:\/\/schema.org","@graph":[{"@type":"WebPage","@id":"https:\/\/publicacionesaquila.com\/producto\/como-hago-morir-el-pecado-remanente\/","url":"https:\/\/publicacionesaquila.com\/producto\/como-hago-morir-el-pecado-remanente\/","name":"\u00bfC\u00f3mo hago morir el pecado remanente? - Publicaciones Aquila","isPartOf":{"@id":"https:\/\/publicacionesaquila.com\/#website"},"primaryImageOfPage":{"@id":"https:\/\/publicacionesaquila.com\/producto\/como-hago-morir-el-pecado-remanente\/#primaryimage"},"image":{"@id":"https:\/\/publicacionesaquila.com\/producto\/como-hago-morir-el-pecado-remanente\/#primaryimage"},"thumbnailUrl":"https:\/\/publicacionesaquila.com\/wp-content\/uploads\/2025\/06\/73.jpg","datePublished":"2025-06-24T15:24:41+00:00","dateModified":"2025-07-14T22:33:27+00:00","breadcrumb":{"@id":"https:\/\/publicacionesaquila.com\/producto\/como-hago-morir-el-pecado-remanente\/#breadcrumb"},"inLanguage":"en-US","potentialAction":[{"@type":"ReadAction","target":["https:\/\/publicacionesaquila.com\/producto\/como-hago-morir-el-pecado-remanente\/"]}]},{"@type":"ImageObject","inLanguage":"en-US","@id":"https:\/\/publicacionesaquila.com\/producto\/como-hago-morir-el-pecado-remanente\/#primaryimage","url":"https:\/\/publicacionesaquila.com\/wp-content\/uploads\/2025\/06\/73.jpg","contentUrl":"https:\/\/publicacionesaquila.com\/wp-content\/uploads\/2025\/06\/73.jpg","width":1080,"height":1080},{"@type":"BreadcrumbList","@id":"https:\/\/publicacionesaquila.com\/producto\/como-hago-morir-el-pecado-remanente\/#breadcrumb","itemListElement":[{"@type":"ListItem","position":1,"name":"Portada","item":"https:\/\/publicacionesaquila.com\/"},{"@type":"ListItem","position":2,"name":"Publicaciones","item":"https:\/\/publicacionesaquila.com\/publicaciones\/"},{"@type":"ListItem","position":3,"name":"\u00bfC\u00f3mo hago morir el pecado remanente?"}]},{"@type":"WebSite","@id":"https:\/\/publicacionesaquila.com\/#website","url":"https:\/\/publicacionesaquila.com\/","name":"Aquila Publications","description":"Cat\u00e1logo de Libros","potentialAction":[{"@type":"SearchAction","target":{"@type":"EntryPoint","urlTemplate":"https:\/\/publicacionesaquila.com\/?s={search_term_string}"},"query-input":{"@type":"PropertyValueSpecification","valueRequired":true,"valueName":"search_term_string"}}],"inLanguage":"en-US"}]}},"_links":{"self":[{"href":"https:\/\/publicacionesaquila.com\/en\/wp-json\/wp\/v2\/product\/2773","targetHints":{"allow":["GET"]}}],"collection":[{"href":"https:\/\/publicacionesaquila.com\/en\/wp-json\/wp\/v2\/product"}],"about":[{"href":"https:\/\/publicacionesaquila.com\/en\/wp-json\/wp\/v2\/types\/product"}],"replies":[{"embeddable":true,"href":"https:\/\/publicacionesaquila.com\/en\/wp-json\/wp\/v2\/comments?post=2773"}],"wp:featuredmedia":[{"embeddable":true,"href":"https:\/\/publicacionesaquila.com\/en\/wp-json\/wp\/v2\/media\/4569"}],"wp:attachment":[{"href":"https:\/\/publicacionesaquila.com\/en\/wp-json\/wp\/v2\/media?parent=2773"}],"wp:term":[{"taxonomy":"product_brand","embeddable":true,"href":"https:\/\/publicacionesaquila.com\/en\/wp-json\/wp\/v2\/product_brand?post=2773"},{"taxonomy":"product_cat","embeddable":true,"href":"https:\/\/publicacionesaquila.com\/en\/wp-json\/wp\/v2\/product_cat?post=2773"},{"taxonomy":"product_tag","embeddable":true,"href":"https:\/\/publicacionesaquila.com\/en\/wp-json\/wp\/v2\/product_tag?post=2773"}],"curies":[{"name":"wp","href":"https:\/\/api.w.org\/{rel}","templated":true}]}}