{"id":2771,"date":"2025-06-24T15:14:09","date_gmt":"2025-06-24T15:14:09","guid":{"rendered":"https:\/\/publicacionesaquila.com\/?post_type=product&#038;p=2771"},"modified":"2025-07-14T22:37:52","modified_gmt":"2025-07-14T22:37:52","slug":"hombres-poderosos","status":"publish","type":"product","link":"https:\/\/publicacionesaquila.com\/en\/product\/hombres-poderosos\/","title":{"rendered":"Mighty Men"},"content":{"rendered":"","protected":false},"excerpt":{"rendered":"<p>&nbsp;<\/p>\n<p><a style=\"display: inline-block; padding: 12px 24px; font-size: 14px; color: black; background-color: white; border: 2px solid #000; border-radius: 5px; text-decoration: none; transition: all 0.3s ease; cursor: pointer;\" href=\"https:\/\/www.cristianismohist.com\/hombres-poderosos-mighty-men-john-crotts\/\" target=\"_blank\" rel=\"noopener\">Order this book<br \/>\n<\/a><\/p>\n<p>&nbsp;<\/p>\n<p data-spm-anchor-id=\"a2ty_o01.29997173.0.i63.5195c921OxiTpX\" class=\" translation-block\">In a time when many Christian men feel overwhelmed by spiritual responsibility in the home , this small book arrives as a biblical, pastoral, and deeply practical help. Written by John Crotts , Powerful Men is specifically designed for those men who, although they desire to lead with wisdom and grace, often feel insecure, fearful, or simply unsure of where to begin.<\/p>\n<div class=\"my-2\"><\/div>\n<p>The author acknowledges a common reality: many believers avoid spiritual leadership in their families not out of indifference or neglect, but out of fear of failure, lack of biblical knowledge, or the feeling of being unprepared to take on that role. This book seeks to change that reality by offering clear, accessible, and Scripture-based tools to help men fulfill their calling as spiritual leaders in the home.<\/p>\n<div class=\"my-2\"><\/div>\n<p>Throughout its pages, Crotts :<\/p>\n<ul>\n<li>Explains what spiritual leadership means from a biblical perspective.<\/li>\n<li>Offers practical advice on how to lead the family in prayer, teaching, and worship.<\/li>\n<li>Shows how Christian leadership is not domination, but loving service in the image of Christ.<\/li>\n<li>Helps readers overcome the fear of failure with biblical encouragement and renewed hope.<\/li>\n<\/ul>\n<p>&nbsp;<\/p>\n<p class=\" translation-block\">This book does not aim to create \"heroes\" or impose unnecessary burdens, but rather to invite men to follow the example of Jesus Christ, who led with love, humility, and sacrifice. The goal is clear: that every man may say, not only with words but with his life, \"As a disciple of Christ, I want to love, serve, and lead my family toward Him.\"<\/p>\n<div class=\"my-2\"><\/div>\n<p class=\" translation-block\">Ideal for both personal study and small groups, Mighty Men is a valuable resource for those seeking to recover the divine purpose of masculine leadership in the home.<\/p>\n<p>&nbsp;<\/p>","protected":false},"featured_media":4630,"comment_status":"closed","ping_status":"closed","template":"","meta":[],"product_brand":[116],"product_cat":[71],"product_tag":[363,149,368,428,366,427,425,251,424,423,164,239,426,288,372],"class_list":{"0":"post-2771","1":"product","2":"type-product","3":"status-publish","4":"has-post-thumbnail","6":"product_brand-john-crotts","7":"product_cat-familia","8":"product_tag-como-vivir-como-cristiano","9":"product_tag-crecimiento-espiritual","10":"product_tag-crianza-cristiana","11":"product_tag-devocional-familiar","12":"product_tag-familia-cristiana","13":"product_tag-fe-en-el-hogar","14":"product_tag-hombre-cristiano","15":"product_tag-libros-cristianos-breves","16":"product_tag-liderazgo-espiritual","17":"product_tag-liderazgo-masculino","18":"product_tag-matrimonio-biblico","19":"product_tag-piedad-biblica","20":"product_tag-roles-biblicos","21":"product_tag-testimonio-cristiano","22":"product_tag-vida-en-el-hogar","24":"first","25":"instock","26":"sale","27":"shipping-taxable","28":"product-type-simple"},"yoast_head":"<!-- This site is optimized with the Yoast SEO plugin v27.4 - https:\/\/yoast.com\/product\/yoast-seo-wordpress\/ -->\n<title>Hombres Poderosos - Publicaciones Aquila<\/title>\n<meta name=\"robots\" content=\"index, follow, max-snippet:-1, max-image-preview:large, max-video-preview:-1\" \/>\n<link rel=\"canonical\" href=\"https:\/\/publicacionesaquila.com\/en\/product\/hombres-poderosos\/\" \/>\n<meta property=\"og:locale\" content=\"en_US\" \/>\n<meta property=\"og:type\" content=\"article\" \/>\n<meta property=\"og:title\" content=\"Hombres Poderosos - Publicaciones Aquila\" \/>\n<meta property=\"og:description\" content=\"&nbsp;  Ordenar este libro   &nbsp; En un momento en que muchos hombres cristianos se sienten abrumados por la responsabilidad espiritual en el hogar, este librito llega como una ayuda b\u00edblica, pastoral y profundamente pr\u00e1ctica. Escrito por John Crotts , Hombres Poderosos est\u00e1 dise\u00f1ado espec\u00edficamente para aquellos hombres que, aunque desean liderar con sabidur\u00eda y gracia, muchas veces se sienten inseguros, temerosos o simplemente sin saber por d\u00f3nde empezar.   El autor reconoce una realidad com\u00fan: muchos creyentes evitan el liderazgo espiritual en sus familias no por indiferencia o negligencia, sino por miedo a fallar, por falta de conocimiento b\u00edblico o por la sensaci\u00f3n de no estar preparados para asumir ese rol. Este libro busca cambiar esa realidad al ofrecer herramientas claras, accesibles y fundamentadas en las Escrituras para ayudar a los hombres a cumplir su llamado como l\u00edderes espirituales en el hogar.  A lo largo de sus p\u00e1ginas, Crotts:   Explica qu\u00e9 significa el liderazgo espiritual desde una perspectiva b\u00edblica.  Ofrece consejos pr\u00e1cticos sobre c\u00f3mo guiar a la familia en oraci\u00f3n, ense\u00f1anza y adoraci\u00f3n.  Muestra c\u00f3mo el liderazgo cristiano no es dominaci\u00f3n, sino servicio amoroso a imagen de Cristo.  Ayuda a vencer el temor al fracaso con \u00e1nimo b\u00edblico y esperanza renovada.  &nbsp;  Este libro no busca crear &quot;h\u00e9roes&quot; ni imponer cargas innecesarias, sino invitar a los hombres a seguir el ejemplo de Jesucristo , quien lider\u00f3 con amor, humildad y sacrificio. El objetivo es claro: que cada hombre pueda decir, no solo con palabras sino con su vida, &quot;Como disc\u00edpulo de Cristo, quiero amar, servir y guiar a mi familia hacia \u00c9l&quot; .  Ideal tanto para estudio personal como para grupos peque\u00f1os, Hombres Poderosos es una herramienta valiosa para quienes buscan recuperar el prop\u00f3sito divino del liderazgo masculino en el hogar.  &nbsp;\" \/>\n<meta property=\"og:url\" content=\"https:\/\/publicacionesaquila.com\/en\/product\/hombres-poderosos\/\" \/>\n<meta property=\"og:site_name\" content=\"Publicaciones Aquila\" \/>\n<meta property=\"article:modified_time\" content=\"2025-07-14T22:37:52+00:00\" \/>\n<meta property=\"og:image\" content=\"https:\/\/publicacionesaquila.com\/wp-content\/uploads\/2025\/06\/12.jpg\" \/>\n\t<meta property=\"og:image:width\" content=\"1080\" \/>\n\t<meta property=\"og:image:height\" content=\"1080\" \/>\n\t<meta property=\"og:image:type\" content=\"image\/jpeg\" \/>\n<meta name=\"twitter:card\" content=\"summary_large_image\" \/>\n<meta name=\"twitter:label1\" content=\"Est. reading time\" \/>\n\t<meta name=\"twitter:data1\" content=\"1 minute\" \/>\n<script type=\"application\/ld+json\" class=\"yoast-schema-graph\">{\"@context\":\"https:\\\/\\\/schema.org\",\"@graph\":[{\"@type\":\"WebPage\",\"@id\":\"https:\\\/\\\/publicacionesaquila.com\\\/producto\\\/hombres-poderosos\\\/\",\"url\":\"https:\\\/\\\/publicacionesaquila.com\\\/producto\\\/hombres-poderosos\\\/\",\"name\":\"Hombres Poderosos - Publicaciones Aquila\",\"isPartOf\":{\"@id\":\"https:\\\/\\\/publicacionesaquila.com\\\/#website\"},\"primaryImageOfPage\":{\"@id\":\"https:\\\/\\\/publicacionesaquila.com\\\/producto\\\/hombres-poderosos\\\/#primaryimage\"},\"image\":{\"@id\":\"https:\\\/\\\/publicacionesaquila.com\\\/producto\\\/hombres-poderosos\\\/#primaryimage\"},\"thumbnailUrl\":\"https:\\\/\\\/publicacionesaquila.com\\\/wp-content\\\/uploads\\\/2025\\\/06\\\/12.jpg\",\"datePublished\":\"2025-06-24T15:14:09+00:00\",\"dateModified\":\"2025-07-14T22:37:52+00:00\",\"breadcrumb\":{\"@id\":\"https:\\\/\\\/publicacionesaquila.com\\\/producto\\\/hombres-poderosos\\\/#breadcrumb\"},\"inLanguage\":\"en-US\",\"potentialAction\":[{\"@type\":\"ReadAction\",\"target\":[\"https:\\\/\\\/publicacionesaquila.com\\\/producto\\\/hombres-poderosos\\\/\"]}]},{\"@type\":\"ImageObject\",\"inLanguage\":\"en-US\",\"@id\":\"https:\\\/\\\/publicacionesaquila.com\\\/producto\\\/hombres-poderosos\\\/#primaryimage\",\"url\":\"https:\\\/\\\/publicacionesaquila.com\\\/wp-content\\\/uploads\\\/2025\\\/06\\\/12.jpg\",\"contentUrl\":\"https:\\\/\\\/publicacionesaquila.com\\\/wp-content\\\/uploads\\\/2025\\\/06\\\/12.jpg\",\"width\":1080,\"height\":1080},{\"@type\":\"BreadcrumbList\",\"@id\":\"https:\\\/\\\/publicacionesaquila.com\\\/producto\\\/hombres-poderosos\\\/#breadcrumb\",\"itemListElement\":[{\"@type\":\"ListItem\",\"position\":1,\"name\":\"Portada\",\"item\":\"https:\\\/\\\/publicacionesaquila.com\\\/\"},{\"@type\":\"ListItem\",\"position\":2,\"name\":\"Publicaciones\",\"item\":\"https:\\\/\\\/publicacionesaquila.com\\\/publicaciones\\\/\"},{\"@type\":\"ListItem\",\"position\":3,\"name\":\"Hombres Poderosos\"}]},{\"@type\":\"WebSite\",\"@id\":\"https:\\\/\\\/publicacionesaquila.com\\\/#website\",\"url\":\"https:\\\/\\\/publicacionesaquila.com\\\/\",\"name\":\"Publicaciones Aquila\",\"description\":\"Cat\u00e1logo de Libros\",\"potentialAction\":[{\"@type\":\"SearchAction\",\"target\":{\"@type\":\"EntryPoint\",\"urlTemplate\":\"https:\\\/\\\/publicacionesaquila.com\\\/?s={search_term_string}\"},\"query-input\":{\"@type\":\"PropertyValueSpecification\",\"valueRequired\":true,\"valueName\":\"search_term_string\"}}],\"inLanguage\":\"en-US\"}]}<\/script>\n<!-- \/ Yoast SEO plugin. -->","yoast_head_json":{"title":"Hombres Poderosos - Publicaciones Aquila","robots":{"index":"index","follow":"follow","max-snippet":"max-snippet:-1","max-image-preview":"max-image-preview:large","max-video-preview":"max-video-preview:-1"},"canonical":"https:\/\/publicacionesaquila.com\/en\/product\/hombres-poderosos\/","og_locale":"en_US","og_type":"article","og_title":"Hombres Poderosos - Publicaciones Aquila","og_description":"&nbsp;  Ordenar este libro   &nbsp; En un momento en que muchos hombres cristianos se sienten abrumados por la responsabilidad espiritual en el hogar, este librito llega como una ayuda b\u00edblica, pastoral y profundamente pr\u00e1ctica. Escrito por John Crotts , Hombres Poderosos est\u00e1 dise\u00f1ado espec\u00edficamente para aquellos hombres que, aunque desean liderar con sabidur\u00eda y gracia, muchas veces se sienten inseguros, temerosos o simplemente sin saber por d\u00f3nde empezar.   El autor reconoce una realidad com\u00fan: muchos creyentes evitan el liderazgo espiritual en sus familias no por indiferencia o negligencia, sino por miedo a fallar, por falta de conocimiento b\u00edblico o por la sensaci\u00f3n de no estar preparados para asumir ese rol. Este libro busca cambiar esa realidad al ofrecer herramientas claras, accesibles y fundamentadas en las Escrituras para ayudar a los hombres a cumplir su llamado como l\u00edderes espirituales en el hogar.  A lo largo de sus p\u00e1ginas, Crotts:   Explica qu\u00e9 significa el liderazgo espiritual desde una perspectiva b\u00edblica.  Ofrece consejos pr\u00e1cticos sobre c\u00f3mo guiar a la familia en oraci\u00f3n, ense\u00f1anza y adoraci\u00f3n.  Muestra c\u00f3mo el liderazgo cristiano no es dominaci\u00f3n, sino servicio amoroso a imagen de Cristo.  Ayuda a vencer el temor al fracaso con \u00e1nimo b\u00edblico y esperanza renovada.  &nbsp;  Este libro no busca crear \"h\u00e9roes\" ni imponer cargas innecesarias, sino invitar a los hombres a seguir el ejemplo de Jesucristo , quien lider\u00f3 con amor, humildad y sacrificio. El objetivo es claro: que cada hombre pueda decir, no solo con palabras sino con su vida, \"Como disc\u00edpulo de Cristo, quiero amar, servir y guiar a mi familia hacia \u00c9l\" .  Ideal tanto para estudio personal como para grupos peque\u00f1os, Hombres Poderosos es una herramienta valiosa para quienes buscan recuperar el prop\u00f3sito divino del liderazgo masculino en el hogar.  &nbsp;","og_url":"https:\/\/publicacionesaquila.com\/en\/product\/hombres-poderosos\/","og_site_name":"Publicaciones Aquila","article_modified_time":"2025-07-14T22:37:52+00:00","og_image":[{"width":1080,"height":1080,"url":"https:\/\/publicacionesaquila.com\/wp-content\/uploads\/2025\/06\/12.jpg","type":"image\/jpeg"}],"twitter_card":"summary_large_image","twitter_misc":{"Est. reading time":"1 minute"},"schema":{"@context":"https:\/\/schema.org","@graph":[{"@type":"WebPage","@id":"https:\/\/publicacionesaquila.com\/producto\/hombres-poderosos\/","url":"https:\/\/publicacionesaquila.com\/producto\/hombres-poderosos\/","name":"Hombres Poderosos - Publicaciones Aquila","isPartOf":{"@id":"https:\/\/publicacionesaquila.com\/#website"},"primaryImageOfPage":{"@id":"https:\/\/publicacionesaquila.com\/producto\/hombres-poderosos\/#primaryimage"},"image":{"@id":"https:\/\/publicacionesaquila.com\/producto\/hombres-poderosos\/#primaryimage"},"thumbnailUrl":"https:\/\/publicacionesaquila.com\/wp-content\/uploads\/2025\/06\/12.jpg","datePublished":"2025-06-24T15:14:09+00:00","dateModified":"2025-07-14T22:37:52+00:00","breadcrumb":{"@id":"https:\/\/publicacionesaquila.com\/producto\/hombres-poderosos\/#breadcrumb"},"inLanguage":"en-US","potentialAction":[{"@type":"ReadAction","target":["https:\/\/publicacionesaquila.com\/producto\/hombres-poderosos\/"]}]},{"@type":"ImageObject","inLanguage":"en-US","@id":"https:\/\/publicacionesaquila.com\/producto\/hombres-poderosos\/#primaryimage","url":"https:\/\/publicacionesaquila.com\/wp-content\/uploads\/2025\/06\/12.jpg","contentUrl":"https:\/\/publicacionesaquila.com\/wp-content\/uploads\/2025\/06\/12.jpg","width":1080,"height":1080},{"@type":"BreadcrumbList","@id":"https:\/\/publicacionesaquila.com\/producto\/hombres-poderosos\/#breadcrumb","itemListElement":[{"@type":"ListItem","position":1,"name":"Portada","item":"https:\/\/publicacionesaquila.com\/"},{"@type":"ListItem","position":2,"name":"Publicaciones","item":"https:\/\/publicacionesaquila.com\/publicaciones\/"},{"@type":"ListItem","position":3,"name":"Hombres Poderosos"}]},{"@type":"WebSite","@id":"https:\/\/publicacionesaquila.com\/#website","url":"https:\/\/publicacionesaquila.com\/","name":"Aquila Publications","description":"Cat\u00e1logo de Libros","potentialAction":[{"@type":"SearchAction","target":{"@type":"EntryPoint","urlTemplate":"https:\/\/publicacionesaquila.com\/?s={search_term_string}"},"query-input":{"@type":"PropertyValueSpecification","valueRequired":true,"valueName":"search_term_string"}}],"inLanguage":"en-US"}]}},"_links":{"self":[{"href":"https:\/\/publicacionesaquila.com\/en\/wp-json\/wp\/v2\/product\/2771","targetHints":{"allow":["GET"]}}],"collection":[{"href":"https:\/\/publicacionesaquila.com\/en\/wp-json\/wp\/v2\/product"}],"about":[{"href":"https:\/\/publicacionesaquila.com\/en\/wp-json\/wp\/v2\/types\/product"}],"replies":[{"embeddable":true,"href":"https:\/\/publicacionesaquila.com\/en\/wp-json\/wp\/v2\/comments?post=2771"}],"wp:featuredmedia":[{"embeddable":true,"href":"https:\/\/publicacionesaquila.com\/en\/wp-json\/wp\/v2\/media\/4630"}],"wp:attachment":[{"href":"https:\/\/publicacionesaquila.com\/en\/wp-json\/wp\/v2\/media?parent=2771"}],"wp:term":[{"taxonomy":"product_brand","embeddable":true,"href":"https:\/\/publicacionesaquila.com\/en\/wp-json\/wp\/v2\/product_brand?post=2771"},{"taxonomy":"product_cat","embeddable":true,"href":"https:\/\/publicacionesaquila.com\/en\/wp-json\/wp\/v2\/product_cat?post=2771"},{"taxonomy":"product_tag","embeddable":true,"href":"https:\/\/publicacionesaquila.com\/en\/wp-json\/wp\/v2\/product_tag?post=2771"}],"curies":[{"name":"wp","href":"https:\/\/api.w.org\/{rel}","templated":true}]}}