{"id":2770,"date":"2025-06-24T15:05:46","date_gmt":"2025-06-24T15:05:46","guid":{"rendered":"https:\/\/publicacionesaquila.com\/?post_type=product&#038;p=2770"},"modified":"2025-07-14T22:40:03","modified_gmt":"2025-07-14T22:40:03","slug":"con-quien-me-casare","status":"publish","type":"product","link":"https:\/\/publicacionesaquila.com\/en\/product\/con-quien-me-casare\/","title":{"rendered":"Whom Shall I Marry?"},"content":{"rendered":"","protected":false},"excerpt":{"rendered":"<p>&nbsp;<\/p>\n<p><a style=\"display: inline-block; padding: 12px 24px; font-size: 14px; color: black; background-color: white; border: 2px solid #000; border-radius: 5px; text-decoration: none; transition: all 0.3s ease; cursor: pointer;\" href=\"https:\/\/www.cristianismohist.com\/con-quien-me-casare-whom-shall-i-marry-andrew-swanson\/\" target=\"_blank\" rel=\"noopener\">Order this book<br \/>\n<\/a><\/p>\n<p>&nbsp;<\/p>\n<p data-spm-anchor-id=\"a2ty_o01.29997173.0.i31.5195c921OxiTpX\" class=\" translation-block\">In an age when romantic relationships are often built on the foundations of attraction, emotional compatibility, or shared interests, this book offers a clear, biblical, and much-needed guide for Christians considering the choice of a spouse. Written by Andrew Swanson, Whom Shall I Marry? presents a solid, realistic, and grace-filled case for the importance of marrying only in the Lord.<\/p>\n<div class=\"my-2\"><\/div>\n<p class=\" translation-block\">Taking key verses such as 1 Corinthians 6:20 and 7:23 \u2014where we are reminded that we are not our own, but were bought at a price\u2014as its starting point, the author explores what it means to honor God through our married lives. The central question guiding this book is: How can a believer make one of life\u2019s most important decisions\u2014marriage\u2014without compromising faithfulness to Christ?<\/p>\n<div class=\"my-2\"><\/div>\n<p>Swanson approaches the subject from a biblical, pastoral, and practical perspective:<\/p>\n<ul>\n<li class=\" translation-block\">First, he establishes the general rule: to marry only in the Lord.<\/li>\n<li>Then, he explains the implications of this teaching and how it affects both the spiritual and emotional lives of those who desire to follow Christ faithfully.<\/li>\n<li class=\" translation-block\">He offers two negative reasons to avoid marriage with unbelievers (such as spiritual division and the danger of drifting away from God) and three positive reasons (unity in faith, shared divine purpose, and mutual strengthening in Christ).<\/li>\n<\/ul>\n<p>&nbsp;<\/p>\n<p>The book concludes with practical advice for those already married to an unbeliever, real-life testimonies of people who have faced these challenges, and suggestions for finding a partner with whom to share not only life, but also faith.<\/p>\n<div class=\"my-2\"><\/div>\n<p>Ideal for young Christians, single believers seeking guidance, youth leaders, or pastors involved in pre-marital counseling, this booklet invites readers to see marriage not merely as a human contract, but as a covenant under God , designed for His glory.<\/p>\n<p>&nbsp;<\/p>","protected":false},"featured_media":4604,"comment_status":"closed","ping_status":"closed","template":"","meta":[],"product_brand":[115],"product_cat":[71,72,75],"product_tag":[323,318,321,325,179,319,177,251,316,317,267,326,324,322,320],"class_list":{"0":"post-2770","1":"product","2":"type-product","3":"status-publish","4":"has-post-thumbnail","6":"product_brand-andrew-swanson","7":"product_cat-familia","8":"product_cat-folletos","9":"product_cat-jovenes","10":"product_tag-batalla-espiritual-en-el-amor","11":"product_tag-casarse-en-el-senor","12":"product_tag-celibes-cristianos","13":"product_tag-como-encontrar-pareja-en-cristo","14":"product_tag-consejeria-prematrimonial","15":"product_tag-eleccion-del-conyuge","16":"product_tag-fe-y-matrimonio","17":"product_tag-libros-cristianos-breves","18":"product_tag-matrimonio-cristiano","19":"product_tag-noviazgo-biblico","20":"product_tag-relacion-entre-creyentes","21":"product_tag-santidad-en-el-romance","22":"product_tag-testimonios-cristianos","23":"product_tag-unidad-en-la-fe","24":"product_tag-vida-cristiana-y-amor","26":"first","27":"instock","28":"sale","29":"shipping-taxable","30":"product-type-simple"},"yoast_head":"<!-- This site is optimized with the Yoast SEO plugin v27.4 - https:\/\/yoast.com\/product\/yoast-seo-wordpress\/ -->\n<title>\u00bfCon Qui\u00e9n Me Casar\u00e9? - Publicaciones Aquila<\/title>\n<meta name=\"robots\" content=\"index, follow, max-snippet:-1, max-image-preview:large, max-video-preview:-1\" \/>\n<link rel=\"canonical\" href=\"https:\/\/publicacionesaquila.com\/en\/product\/con-quien-me-casare\/\" \/>\n<meta property=\"og:locale\" content=\"en_US\" \/>\n<meta property=\"og:type\" content=\"article\" \/>\n<meta property=\"og:title\" content=\"\u00bfCon Qui\u00e9n Me Casar\u00e9? - Publicaciones Aquila\" \/>\n<meta property=\"og:description\" content=\"&nbsp;  Ordenar este libro   &nbsp; En un tiempo en que las relaciones rom\u00e1nticas se suelen construir sobre la base de la atracci\u00f3n, compatibilidad emocional o afinidad de intereses, este libro ofrece una gu\u00eda clara, b\u00edblica y necesaria sobre c\u00f3mo los cristianos deben pensar al momento de elegir a su c\u00f3nyuge. Escrito por Andrew Swanson , \u00bfCon Qui\u00e9n Me Casar\u00e9? presenta un caso s\u00f3lido, realista y lleno de gracia sobre la importancia de casarse solo en el Se\u00f1or.   Tomando como punto de partida vers\u00edculos clave como 1 Corintios 6:20 y 7:23 , donde se nos recuerda que no somos nuestros propios due\u00f1os sino que fuimos comprados por precio, el autor explora lo que significa honrar a Dios con nuestra vida matrimonial. La pregunta fundamental que gu\u00eda este libro es: \u00bfc\u00f3mo puede un creyente tomar una decisi\u00f3n tan importante como el matrimonio sin comprometer su fidelidad a Cristo?  Swanson aborda el tema desde una perspectiva b\u00edblica, pastoral y pr\u00e1ctica:   En primer lugar, establece la regla general: casarse solo en el Se\u00f1or .  Luego, explica las implicaciones de esta ense\u00f1anza y c\u00f3mo afecta tanto la vida espiritual como emocional de quienes desean seguir a Cristo fielmente.  Ofrece dos razones negativas para evitar el matrimonio con incr\u00e9dulos (como la divisi\u00f3n espiritual y el peligro de alejamiento de Dios) y tres razones positivas (unidad en la fe, comuni\u00f3n en el prop\u00f3sito divino y fortalecimiento mutuo en Cristo).  &nbsp;  El libro concluye con consejos pr\u00e1cticos para aquellos que ya est\u00e1n casados con una persona no creyente, testimonios reales de personas que han vivido estos desaf\u00edos, y sugerencias para encontrar un compa\u00f1ero(a) con quien compartir no solo la vida, sino tambi\u00e9n la fe.  Ideal para j\u00f3venes cristianos, solteros que buscan gu\u00eda, l\u00edderes de j\u00f3venes o pastores que trabajan en consejer\u00eda prematrimonial, este librito invita a ver el matrimonio no como un mero contrato humano, sino como una alianza bajo Dios, dise\u00f1ada para Su gloria.  &nbsp;\" \/>\n<meta property=\"og:url\" content=\"https:\/\/publicacionesaquila.com\/en\/product\/con-quien-me-casare\/\" \/>\n<meta property=\"og:site_name\" content=\"Publicaciones Aquila\" \/>\n<meta property=\"article:modified_time\" content=\"2025-07-14T22:40:03+00:00\" \/>\n<meta property=\"og:image\" content=\"https:\/\/publicacionesaquila.com\/wp-content\/uploads\/2025\/06\/38.jpg\" \/>\n\t<meta property=\"og:image:width\" content=\"1080\" \/>\n\t<meta property=\"og:image:height\" content=\"1080\" \/>\n\t<meta property=\"og:image:type\" content=\"image\/jpeg\" \/>\n<meta name=\"twitter:card\" content=\"summary_large_image\" \/>\n<meta name=\"twitter:label1\" content=\"Est. reading time\" \/>\n\t<meta name=\"twitter:data1\" content=\"1 minute\" \/>\n<script type=\"application\/ld+json\" class=\"yoast-schema-graph\">{\"@context\":\"https:\\\/\\\/schema.org\",\"@graph\":[{\"@type\":\"WebPage\",\"@id\":\"https:\\\/\\\/publicacionesaquila.com\\\/producto\\\/con-quien-me-casare\\\/\",\"url\":\"https:\\\/\\\/publicacionesaquila.com\\\/producto\\\/con-quien-me-casare\\\/\",\"name\":\"\u00bfCon Qui\u00e9n Me Casar\u00e9? - Publicaciones Aquila\",\"isPartOf\":{\"@id\":\"https:\\\/\\\/publicacionesaquila.com\\\/#website\"},\"primaryImageOfPage\":{\"@id\":\"https:\\\/\\\/publicacionesaquila.com\\\/producto\\\/con-quien-me-casare\\\/#primaryimage\"},\"image\":{\"@id\":\"https:\\\/\\\/publicacionesaquila.com\\\/producto\\\/con-quien-me-casare\\\/#primaryimage\"},\"thumbnailUrl\":\"https:\\\/\\\/publicacionesaquila.com\\\/wp-content\\\/uploads\\\/2025\\\/06\\\/38.jpg\",\"datePublished\":\"2025-06-24T15:05:46+00:00\",\"dateModified\":\"2025-07-14T22:40:03+00:00\",\"breadcrumb\":{\"@id\":\"https:\\\/\\\/publicacionesaquila.com\\\/producto\\\/con-quien-me-casare\\\/#breadcrumb\"},\"inLanguage\":\"en-US\",\"potentialAction\":[{\"@type\":\"ReadAction\",\"target\":[\"https:\\\/\\\/publicacionesaquila.com\\\/producto\\\/con-quien-me-casare\\\/\"]}]},{\"@type\":\"ImageObject\",\"inLanguage\":\"en-US\",\"@id\":\"https:\\\/\\\/publicacionesaquila.com\\\/producto\\\/con-quien-me-casare\\\/#primaryimage\",\"url\":\"https:\\\/\\\/publicacionesaquila.com\\\/wp-content\\\/uploads\\\/2025\\\/06\\\/38.jpg\",\"contentUrl\":\"https:\\\/\\\/publicacionesaquila.com\\\/wp-content\\\/uploads\\\/2025\\\/06\\\/38.jpg\",\"width\":1080,\"height\":1080},{\"@type\":\"BreadcrumbList\",\"@id\":\"https:\\\/\\\/publicacionesaquila.com\\\/producto\\\/con-quien-me-casare\\\/#breadcrumb\",\"itemListElement\":[{\"@type\":\"ListItem\",\"position\":1,\"name\":\"Portada\",\"item\":\"https:\\\/\\\/publicacionesaquila.com\\\/\"},{\"@type\":\"ListItem\",\"position\":2,\"name\":\"Publicaciones\",\"item\":\"https:\\\/\\\/publicacionesaquila.com\\\/publicaciones\\\/\"},{\"@type\":\"ListItem\",\"position\":3,\"name\":\"\u00bfCon Qui\u00e9n Me Casar\u00e9?\"}]},{\"@type\":\"WebSite\",\"@id\":\"https:\\\/\\\/publicacionesaquila.com\\\/#website\",\"url\":\"https:\\\/\\\/publicacionesaquila.com\\\/\",\"name\":\"Publicaciones Aquila\",\"description\":\"Cat\u00e1logo de Libros\",\"potentialAction\":[{\"@type\":\"SearchAction\",\"target\":{\"@type\":\"EntryPoint\",\"urlTemplate\":\"https:\\\/\\\/publicacionesaquila.com\\\/?s={search_term_string}\"},\"query-input\":{\"@type\":\"PropertyValueSpecification\",\"valueRequired\":true,\"valueName\":\"search_term_string\"}}],\"inLanguage\":\"en-US\"}]}<\/script>\n<!-- \/ Yoast SEO plugin. -->","yoast_head_json":{"title":"\u00bfCon Qui\u00e9n Me Casar\u00e9? - Publicaciones Aquila","robots":{"index":"index","follow":"follow","max-snippet":"max-snippet:-1","max-image-preview":"max-image-preview:large","max-video-preview":"max-video-preview:-1"},"canonical":"https:\/\/publicacionesaquila.com\/en\/product\/con-quien-me-casare\/","og_locale":"en_US","og_type":"article","og_title":"\u00bfCon Qui\u00e9n Me Casar\u00e9? - Publicaciones Aquila","og_description":"&nbsp;  Ordenar este libro   &nbsp; En un tiempo en que las relaciones rom\u00e1nticas se suelen construir sobre la base de la atracci\u00f3n, compatibilidad emocional o afinidad de intereses, este libro ofrece una gu\u00eda clara, b\u00edblica y necesaria sobre c\u00f3mo los cristianos deben pensar al momento de elegir a su c\u00f3nyuge. Escrito por Andrew Swanson , \u00bfCon Qui\u00e9n Me Casar\u00e9? presenta un caso s\u00f3lido, realista y lleno de gracia sobre la importancia de casarse solo en el Se\u00f1or.   Tomando como punto de partida vers\u00edculos clave como 1 Corintios 6:20 y 7:23 , donde se nos recuerda que no somos nuestros propios due\u00f1os sino que fuimos comprados por precio, el autor explora lo que significa honrar a Dios con nuestra vida matrimonial. La pregunta fundamental que gu\u00eda este libro es: \u00bfc\u00f3mo puede un creyente tomar una decisi\u00f3n tan importante como el matrimonio sin comprometer su fidelidad a Cristo?  Swanson aborda el tema desde una perspectiva b\u00edblica, pastoral y pr\u00e1ctica:   En primer lugar, establece la regla general: casarse solo en el Se\u00f1or .  Luego, explica las implicaciones de esta ense\u00f1anza y c\u00f3mo afecta tanto la vida espiritual como emocional de quienes desean seguir a Cristo fielmente.  Ofrece dos razones negativas para evitar el matrimonio con incr\u00e9dulos (como la divisi\u00f3n espiritual y el peligro de alejamiento de Dios) y tres razones positivas (unidad en la fe, comuni\u00f3n en el prop\u00f3sito divino y fortalecimiento mutuo en Cristo).  &nbsp;  El libro concluye con consejos pr\u00e1cticos para aquellos que ya est\u00e1n casados con una persona no creyente, testimonios reales de personas que han vivido estos desaf\u00edos, y sugerencias para encontrar un compa\u00f1ero(a) con quien compartir no solo la vida, sino tambi\u00e9n la fe.  Ideal para j\u00f3venes cristianos, solteros que buscan gu\u00eda, l\u00edderes de j\u00f3venes o pastores que trabajan en consejer\u00eda prematrimonial, este librito invita a ver el matrimonio no como un mero contrato humano, sino como una alianza bajo Dios, dise\u00f1ada para Su gloria.  &nbsp;","og_url":"https:\/\/publicacionesaquila.com\/en\/product\/con-quien-me-casare\/","og_site_name":"Publicaciones Aquila","article_modified_time":"2025-07-14T22:40:03+00:00","og_image":[{"width":1080,"height":1080,"url":"https:\/\/publicacionesaquila.com\/wp-content\/uploads\/2025\/06\/38.jpg","type":"image\/jpeg"}],"twitter_card":"summary_large_image","twitter_misc":{"Est. reading time":"1 minute"},"schema":{"@context":"https:\/\/schema.org","@graph":[{"@type":"WebPage","@id":"https:\/\/publicacionesaquila.com\/producto\/con-quien-me-casare\/","url":"https:\/\/publicacionesaquila.com\/producto\/con-quien-me-casare\/","name":"\u00bfCon Qui\u00e9n Me Casar\u00e9? - Publicaciones Aquila","isPartOf":{"@id":"https:\/\/publicacionesaquila.com\/#website"},"primaryImageOfPage":{"@id":"https:\/\/publicacionesaquila.com\/producto\/con-quien-me-casare\/#primaryimage"},"image":{"@id":"https:\/\/publicacionesaquila.com\/producto\/con-quien-me-casare\/#primaryimage"},"thumbnailUrl":"https:\/\/publicacionesaquila.com\/wp-content\/uploads\/2025\/06\/38.jpg","datePublished":"2025-06-24T15:05:46+00:00","dateModified":"2025-07-14T22:40:03+00:00","breadcrumb":{"@id":"https:\/\/publicacionesaquila.com\/producto\/con-quien-me-casare\/#breadcrumb"},"inLanguage":"en-US","potentialAction":[{"@type":"ReadAction","target":["https:\/\/publicacionesaquila.com\/producto\/con-quien-me-casare\/"]}]},{"@type":"ImageObject","inLanguage":"en-US","@id":"https:\/\/publicacionesaquila.com\/producto\/con-quien-me-casare\/#primaryimage","url":"https:\/\/publicacionesaquila.com\/wp-content\/uploads\/2025\/06\/38.jpg","contentUrl":"https:\/\/publicacionesaquila.com\/wp-content\/uploads\/2025\/06\/38.jpg","width":1080,"height":1080},{"@type":"BreadcrumbList","@id":"https:\/\/publicacionesaquila.com\/producto\/con-quien-me-casare\/#breadcrumb","itemListElement":[{"@type":"ListItem","position":1,"name":"Portada","item":"https:\/\/publicacionesaquila.com\/"},{"@type":"ListItem","position":2,"name":"Publicaciones","item":"https:\/\/publicacionesaquila.com\/publicaciones\/"},{"@type":"ListItem","position":3,"name":"\u00bfCon Qui\u00e9n Me Casar\u00e9?"}]},{"@type":"WebSite","@id":"https:\/\/publicacionesaquila.com\/#website","url":"https:\/\/publicacionesaquila.com\/","name":"Aquila Publications","description":"Cat\u00e1logo de Libros","potentialAction":[{"@type":"SearchAction","target":{"@type":"EntryPoint","urlTemplate":"https:\/\/publicacionesaquila.com\/?s={search_term_string}"},"query-input":{"@type":"PropertyValueSpecification","valueRequired":true,"valueName":"search_term_string"}}],"inLanguage":"en-US"}]}},"_links":{"self":[{"href":"https:\/\/publicacionesaquila.com\/en\/wp-json\/wp\/v2\/product\/2770","targetHints":{"allow":["GET"]}}],"collection":[{"href":"https:\/\/publicacionesaquila.com\/en\/wp-json\/wp\/v2\/product"}],"about":[{"href":"https:\/\/publicacionesaquila.com\/en\/wp-json\/wp\/v2\/types\/product"}],"replies":[{"embeddable":true,"href":"https:\/\/publicacionesaquila.com\/en\/wp-json\/wp\/v2\/comments?post=2770"}],"wp:featuredmedia":[{"embeddable":true,"href":"https:\/\/publicacionesaquila.com\/en\/wp-json\/wp\/v2\/media\/4604"}],"wp:attachment":[{"href":"https:\/\/publicacionesaquila.com\/en\/wp-json\/wp\/v2\/media?parent=2770"}],"wp:term":[{"taxonomy":"product_brand","embeddable":true,"href":"https:\/\/publicacionesaquila.com\/en\/wp-json\/wp\/v2\/product_brand?post=2770"},{"taxonomy":"product_cat","embeddable":true,"href":"https:\/\/publicacionesaquila.com\/en\/wp-json\/wp\/v2\/product_cat?post=2770"},{"taxonomy":"product_tag","embeddable":true,"href":"https:\/\/publicacionesaquila.com\/en\/wp-json\/wp\/v2\/product_tag?post=2770"}],"curies":[{"name":"wp","href":"https:\/\/api.w.org\/{rel}","templated":true}]}}