{"id":2763,"date":"2025-06-24T13:56:34","date_gmt":"2025-06-24T13:56:34","guid":{"rendered":"https:\/\/publicacionesaquila.com\/?post_type=product&#038;p=2763"},"modified":"2025-07-14T22:54:41","modified_gmt":"2025-07-14T22:54:41","slug":"el-guardian-de-mi-hermano","status":"publish","type":"product","link":"https:\/\/publicacionesaquila.com\/en\/product\/el-guardian-de-mi-hermano\/","title":{"rendered":"My Brother's Keeper"},"content":{"rendered":"","protected":false},"excerpt":{"rendered":"<p>&nbsp;<\/p>\n<p><a style=\"display: inline-block; padding: 12px 24px; font-size: 14px; color: black; background-color: white; border: 2px solid #000; border-radius: 5px; text-decoration: none; transition: all 0.3s ease; cursor: pointer;\" href=\"https:\/\/www.cristianismohist.com\/el-guardian-de-mi-hermano-my-brothers-keeper-james-william-alexander\/\" target=\"_blank\" rel=\"noopener\">Order this book<br \/>\n<\/a><\/p>\n<p>&nbsp;<\/p>\n<p class=\" translation-block\">\"My Brother\u2019s Keeper\" is a collection of letters written by the pastor and theologian James Waddel Alexander to his younger brother, with the purpose of guiding him in his Christian walk, moral formation, and faithfulness to the Lord. This book is not only a historical treasure from the Reformed tradition but also a powerful resource for parents, mentors, and leaders who desire to help young people grow in wisdom, the fear of God, and Christian service.<\/p>\n<div class=\"my-2\"><\/div>\n<p>Written in a warm, personal, and deeply biblical tone, these letters go beyond simple practical advice; they are reflections filled with devotion, pastoral experience, and a heart that loves God and longs to see others walking in His ways.<\/p>\n<div class=\"my-2\"><\/div>\n<p>Alexander addresses key topics such as:<\/p>\n<div class=\"my-2\"><\/div>\n<ul>\n<li>The duty of loving and following Christ from one\u2019s youth.<\/li>\n<li>The importance of daily Bible reading.<\/li>\n<li>How to cultivate godly friendships and avoid harmful influences.<\/li>\n<li>Respect and gratitude toward parents.<\/li>\n<li>Moral responsibility before God.<\/li>\n<li data-spm-anchor-id=\"a2ty_o01.29997173.0.i53.2540c921tY8VfB\">And how to live with integrity amid the common temptations of youth.<\/li>\n<\/ul>\n<p>&nbsp;<\/p>\n<p class=\" translation-block\">As noted by several contemporary pastors and theologians\u2014including Joel Beeke and Tom Ascol\u2014this book remains deeply relevant today. Although certain aspects may seem outdated due to its historical context, the moral and spiritual principles it conveys are timeless.<\/p>\n<div class=\"my-2\"><\/div>\n<p data-spm-anchor-id=\"a2ty_o01.29997173.0.i54.2540c921tY8VfB\">This book is not only helpful for teenagers or young people interested in serving the Lord, but also a valuable tool for those who have the privilege and responsibility of guiding others in the path of faith. It is a clear example of how spiritual care among brothers can be a lasting blessing for a lifetime.<\/p>\n<div class=\"my-2\"><\/div>\n<p data-spm-anchor-id=\"a2ty_o01.29997173.0.i55.2540c921tY8VfB\" class=\" translation-block\">\"My Brother\u2019s Keeper\" is ideal for both personal study and spiritual mentorship, and can easily be used in youth discipleship programs or as a resource for family Bible teaching.<\/p>\n<p data-spm-anchor-id=\"a2ty_o01.29997173.0.i55.2540c921tY8VfB\">","protected":false},"featured_media":4575,"comment_status":"closed","ping_status":"closed","template":"","meta":[],"product_brand":[111],"product_cat":[71,75,76],"product_tag":[666,723,658,160,659,722,526,250,724,726,660,725,665,668,565,669,246,388,499,80],"class_list":{"0":"post-2763","1":"product","2":"type-product","3":"status-publish","4":"has-post-thumbnail","6":"product_brand-james-william-alexander","7":"product_cat-familia","8":"product_cat-jovenes","9":"product_cat-vida-cristiana","10":"product_tag-advertencias-espirituales","11":"product_tag-amistades-pias","12":"product_tag-consejos-biblicos-para-jovenes","13":"product_tag-devocional-cristiano","14":"product_tag-discipulado-juvenil","15":"product_tag-el-guardian-de-mi-hermano","16":"product_tag-escuela-de-oracion","17":"product_tag-formacion-espiritual","18":"product_tag-gratitud-familiar","19":"product_tag-guia-para-adolescentes","20":"product_tag-juventud-y-fe","21":"product_tag-lectura-biblica","22":"product_tag-libro-cristiano-clasico","23":"product_tag-mentoria-espiritual","24":"product_tag-padres-cristianos","25":"product_tag-reflexiones-cristianas","26":"product_tag-sabiduria-biblica","27":"product_tag-temor-de-dios","28":"product_tag-teologia-practica","29":"product_tag-vida-cristiana","31":"first","32":"instock","33":"sale","34":"shipping-taxable","35":"product-type-simple"},"yoast_head":"<!-- This site is optimized with the Yoast SEO plugin v27.4 - https:\/\/yoast.com\/product\/yoast-seo-wordpress\/ -->\n<title>El Guardi\u00e1n de Mi Hermano - Publicaciones Aquila<\/title>\n<meta name=\"robots\" content=\"index, follow, max-snippet:-1, max-image-preview:large, max-video-preview:-1\" \/>\n<link rel=\"canonical\" href=\"https:\/\/publicacionesaquila.com\/en\/product\/el-guardian-de-mi-hermano\/\" \/>\n<meta property=\"og:locale\" content=\"en_US\" \/>\n<meta property=\"og:type\" content=\"article\" \/>\n<meta property=\"og:title\" content=\"El Guardi\u00e1n de Mi Hermano - Publicaciones Aquila\" \/>\n<meta property=\"og:description\" content=\"&nbsp;  Ordenar este libro   &nbsp;  &quot;El Guardi\u00e1n de Mi Hermano&quot; es una colecci\u00f3n de cartas escritas por el pastor y te\u00f3logo James Waddel Alexander dirigidas a su hermano menor, con el objetivo de guiarlo en su caminar cristiano, formaci\u00f3n moral y fidelidad al Se\u00f1or. Este libro no solo es una joya hist\u00f3rica del movimiento reformado, sino tambi\u00e9n una herramienta poderosa para padres, mentores y l\u00edderes que desean ayudar a los j\u00f3venes a crecer en sabidur\u00eda, temor de Dios y servicio cristiano.  Escritas en un tono c\u00e1lido, cercano y profundamente b\u00edblico, estas cartas van m\u00e1s all\u00e1 de simples consejos pr\u00e1cticos; son reflexiones cargadas de devoci\u00f3n, experiencia pastoral y un coraz\u00f3n que ama a Dios y desea ver a otros andando en Sus caminos.  Alexander aborda temas clave como:    El deber de amar y seguir a Cristo desde la juventud.  La importancia de la lectura b\u00edblica diaria.  C\u00f3mo cultivar amistades piadosas y evitar influencias da\u00f1inas.  El respeto y gratitud hacia los padres.  La responsabilidad moral ante Dios.  Y c\u00f3mo vivir con integridad en medio de las tentaciones comunes de la juventud.  &nbsp;  Como se\u00f1alan varios pastores y te\u00f3logos contempor\u00e1neos \u2014entre ellos Joel Beeke y Tom Ascol\u2014, este libro sigue siendo profundamente relevante hoy en d\u00eda. Aunque ciertos aspectos pueden parecer anticuados debido al contexto hist\u00f3rico, los principios morales y espirituales que transmite son intemporales .  Este libro no solo es \u00fatil para adolescentes o j\u00f3venes interesados en servir al Se\u00f1or, sino tambi\u00e9n una herramienta valiosa para quienes tienen el privilegio y la responsabilidad de guiar a otros en el camino de la fe. Es una muestra clara de c\u00f3mo el cuidado espiritual entre hermanos puede ser una bendici\u00f3n duradera para toda una vida.   &quot;El Guardi\u00e1n de Mi Hermano&quot; es ideal tanto para estudio personal como para mentor\u00edas espirituales, y puede usarse f\u00e1cilmente en programas de discipulado juvenil o como ayuda en la ense\u00f1anza b\u00edblica familiar.\" \/>\n<meta property=\"og:url\" content=\"https:\/\/publicacionesaquila.com\/en\/product\/el-guardian-de-mi-hermano\/\" \/>\n<meta property=\"og:site_name\" content=\"Publicaciones Aquila\" \/>\n<meta property=\"article:modified_time\" content=\"2025-07-14T22:54:41+00:00\" \/>\n<meta property=\"og:image\" content=\"https:\/\/publicacionesaquila.com\/wp-content\/uploads\/2025\/06\/67.jpg\" \/>\n\t<meta property=\"og:image:width\" content=\"1080\" \/>\n\t<meta property=\"og:image:height\" content=\"1080\" \/>\n\t<meta property=\"og:image:type\" content=\"image\/jpeg\" \/>\n<meta name=\"twitter:card\" content=\"summary_large_image\" \/>\n<meta name=\"twitter:label1\" content=\"Est. reading time\" \/>\n\t<meta name=\"twitter:data1\" content=\"1 minute\" \/>\n<script type=\"application\/ld+json\" class=\"yoast-schema-graph\">{\"@context\":\"https:\\\/\\\/schema.org\",\"@graph\":[{\"@type\":\"WebPage\",\"@id\":\"https:\\\/\\\/publicacionesaquila.com\\\/producto\\\/el-guardian-de-mi-hermano\\\/\",\"url\":\"https:\\\/\\\/publicacionesaquila.com\\\/producto\\\/el-guardian-de-mi-hermano\\\/\",\"name\":\"El Guardi\u00e1n de Mi Hermano - Publicaciones Aquila\",\"isPartOf\":{\"@id\":\"https:\\\/\\\/publicacionesaquila.com\\\/#website\"},\"primaryImageOfPage\":{\"@id\":\"https:\\\/\\\/publicacionesaquila.com\\\/producto\\\/el-guardian-de-mi-hermano\\\/#primaryimage\"},\"image\":{\"@id\":\"https:\\\/\\\/publicacionesaquila.com\\\/producto\\\/el-guardian-de-mi-hermano\\\/#primaryimage\"},\"thumbnailUrl\":\"https:\\\/\\\/publicacionesaquila.com\\\/wp-content\\\/uploads\\\/2025\\\/06\\\/67.jpg\",\"datePublished\":\"2025-06-24T13:56:34+00:00\",\"dateModified\":\"2025-07-14T22:54:41+00:00\",\"breadcrumb\":{\"@id\":\"https:\\\/\\\/publicacionesaquila.com\\\/producto\\\/el-guardian-de-mi-hermano\\\/#breadcrumb\"},\"inLanguage\":\"en-US\",\"potentialAction\":[{\"@type\":\"ReadAction\",\"target\":[\"https:\\\/\\\/publicacionesaquila.com\\\/producto\\\/el-guardian-de-mi-hermano\\\/\"]}]},{\"@type\":\"ImageObject\",\"inLanguage\":\"en-US\",\"@id\":\"https:\\\/\\\/publicacionesaquila.com\\\/producto\\\/el-guardian-de-mi-hermano\\\/#primaryimage\",\"url\":\"https:\\\/\\\/publicacionesaquila.com\\\/wp-content\\\/uploads\\\/2025\\\/06\\\/67.jpg\",\"contentUrl\":\"https:\\\/\\\/publicacionesaquila.com\\\/wp-content\\\/uploads\\\/2025\\\/06\\\/67.jpg\",\"width\":1080,\"height\":1080},{\"@type\":\"BreadcrumbList\",\"@id\":\"https:\\\/\\\/publicacionesaquila.com\\\/producto\\\/el-guardian-de-mi-hermano\\\/#breadcrumb\",\"itemListElement\":[{\"@type\":\"ListItem\",\"position\":1,\"name\":\"Portada\",\"item\":\"https:\\\/\\\/publicacionesaquila.com\\\/\"},{\"@type\":\"ListItem\",\"position\":2,\"name\":\"Publicaciones\",\"item\":\"https:\\\/\\\/publicacionesaquila.com\\\/publicaciones\\\/\"},{\"@type\":\"ListItem\",\"position\":3,\"name\":\"El Guardi\u00e1n de Mi Hermano\"}]},{\"@type\":\"WebSite\",\"@id\":\"https:\\\/\\\/publicacionesaquila.com\\\/#website\",\"url\":\"https:\\\/\\\/publicacionesaquila.com\\\/\",\"name\":\"Publicaciones Aquila\",\"description\":\"Cat\u00e1logo de Libros\",\"potentialAction\":[{\"@type\":\"SearchAction\",\"target\":{\"@type\":\"EntryPoint\",\"urlTemplate\":\"https:\\\/\\\/publicacionesaquila.com\\\/?s={search_term_string}\"},\"query-input\":{\"@type\":\"PropertyValueSpecification\",\"valueRequired\":true,\"valueName\":\"search_term_string\"}}],\"inLanguage\":\"en-US\"}]}<\/script>\n<!-- \/ Yoast SEO plugin. -->","yoast_head_json":{"title":"El Guardi\u00e1n de Mi Hermano - Publicaciones Aquila","robots":{"index":"index","follow":"follow","max-snippet":"max-snippet:-1","max-image-preview":"max-image-preview:large","max-video-preview":"max-video-preview:-1"},"canonical":"https:\/\/publicacionesaquila.com\/en\/product\/el-guardian-de-mi-hermano\/","og_locale":"en_US","og_type":"article","og_title":"El Guardi\u00e1n de Mi Hermano - Publicaciones Aquila","og_description":"&nbsp;  Ordenar este libro   &nbsp;  \"El Guardi\u00e1n de Mi Hermano\" es una colecci\u00f3n de cartas escritas por el pastor y te\u00f3logo James Waddel Alexander dirigidas a su hermano menor, con el objetivo de guiarlo en su caminar cristiano, formaci\u00f3n moral y fidelidad al Se\u00f1or. Este libro no solo es una joya hist\u00f3rica del movimiento reformado, sino tambi\u00e9n una herramienta poderosa para padres, mentores y l\u00edderes que desean ayudar a los j\u00f3venes a crecer en sabidur\u00eda, temor de Dios y servicio cristiano.  Escritas en un tono c\u00e1lido, cercano y profundamente b\u00edblico, estas cartas van m\u00e1s all\u00e1 de simples consejos pr\u00e1cticos; son reflexiones cargadas de devoci\u00f3n, experiencia pastoral y un coraz\u00f3n que ama a Dios y desea ver a otros andando en Sus caminos.  Alexander aborda temas clave como:    El deber de amar y seguir a Cristo desde la juventud.  La importancia de la lectura b\u00edblica diaria.  C\u00f3mo cultivar amistades piadosas y evitar influencias da\u00f1inas.  El respeto y gratitud hacia los padres.  La responsabilidad moral ante Dios.  Y c\u00f3mo vivir con integridad en medio de las tentaciones comunes de la juventud.  &nbsp;  Como se\u00f1alan varios pastores y te\u00f3logos contempor\u00e1neos \u2014entre ellos Joel Beeke y Tom Ascol\u2014, este libro sigue siendo profundamente relevante hoy en d\u00eda. Aunque ciertos aspectos pueden parecer anticuados debido al contexto hist\u00f3rico, los principios morales y espirituales que transmite son intemporales .  Este libro no solo es \u00fatil para adolescentes o j\u00f3venes interesados en servir al Se\u00f1or, sino tambi\u00e9n una herramienta valiosa para quienes tienen el privilegio y la responsabilidad de guiar a otros en el camino de la fe. Es una muestra clara de c\u00f3mo el cuidado espiritual entre hermanos puede ser una bendici\u00f3n duradera para toda una vida.   \"El Guardi\u00e1n de Mi Hermano\" es ideal tanto para estudio personal como para mentor\u00edas espirituales, y puede usarse f\u00e1cilmente en programas de discipulado juvenil o como ayuda en la ense\u00f1anza b\u00edblica familiar.","og_url":"https:\/\/publicacionesaquila.com\/en\/product\/el-guardian-de-mi-hermano\/","og_site_name":"Publicaciones Aquila","article_modified_time":"2025-07-14T22:54:41+00:00","og_image":[{"width":1080,"height":1080,"url":"https:\/\/publicacionesaquila.com\/wp-content\/uploads\/2025\/06\/67.jpg","type":"image\/jpeg"}],"twitter_card":"summary_large_image","twitter_misc":{"Est. reading time":"1 minute"},"schema":{"@context":"https:\/\/schema.org","@graph":[{"@type":"WebPage","@id":"https:\/\/publicacionesaquila.com\/producto\/el-guardian-de-mi-hermano\/","url":"https:\/\/publicacionesaquila.com\/producto\/el-guardian-de-mi-hermano\/","name":"El Guardi\u00e1n de Mi Hermano - Publicaciones Aquila","isPartOf":{"@id":"https:\/\/publicacionesaquila.com\/#website"},"primaryImageOfPage":{"@id":"https:\/\/publicacionesaquila.com\/producto\/el-guardian-de-mi-hermano\/#primaryimage"},"image":{"@id":"https:\/\/publicacionesaquila.com\/producto\/el-guardian-de-mi-hermano\/#primaryimage"},"thumbnailUrl":"https:\/\/publicacionesaquila.com\/wp-content\/uploads\/2025\/06\/67.jpg","datePublished":"2025-06-24T13:56:34+00:00","dateModified":"2025-07-14T22:54:41+00:00","breadcrumb":{"@id":"https:\/\/publicacionesaquila.com\/producto\/el-guardian-de-mi-hermano\/#breadcrumb"},"inLanguage":"en-US","potentialAction":[{"@type":"ReadAction","target":["https:\/\/publicacionesaquila.com\/producto\/el-guardian-de-mi-hermano\/"]}]},{"@type":"ImageObject","inLanguage":"en-US","@id":"https:\/\/publicacionesaquila.com\/producto\/el-guardian-de-mi-hermano\/#primaryimage","url":"https:\/\/publicacionesaquila.com\/wp-content\/uploads\/2025\/06\/67.jpg","contentUrl":"https:\/\/publicacionesaquila.com\/wp-content\/uploads\/2025\/06\/67.jpg","width":1080,"height":1080},{"@type":"BreadcrumbList","@id":"https:\/\/publicacionesaquila.com\/producto\/el-guardian-de-mi-hermano\/#breadcrumb","itemListElement":[{"@type":"ListItem","position":1,"name":"Portada","item":"https:\/\/publicacionesaquila.com\/"},{"@type":"ListItem","position":2,"name":"Publicaciones","item":"https:\/\/publicacionesaquila.com\/publicaciones\/"},{"@type":"ListItem","position":3,"name":"El Guardi\u00e1n de Mi Hermano"}]},{"@type":"WebSite","@id":"https:\/\/publicacionesaquila.com\/#website","url":"https:\/\/publicacionesaquila.com\/","name":"Aquila Publications","description":"Cat\u00e1logo de Libros","potentialAction":[{"@type":"SearchAction","target":{"@type":"EntryPoint","urlTemplate":"https:\/\/publicacionesaquila.com\/?s={search_term_string}"},"query-input":{"@type":"PropertyValueSpecification","valueRequired":true,"valueName":"search_term_string"}}],"inLanguage":"en-US"}]}},"_links":{"self":[{"href":"https:\/\/publicacionesaquila.com\/en\/wp-json\/wp\/v2\/product\/2763","targetHints":{"allow":["GET"]}}],"collection":[{"href":"https:\/\/publicacionesaquila.com\/en\/wp-json\/wp\/v2\/product"}],"about":[{"href":"https:\/\/publicacionesaquila.com\/en\/wp-json\/wp\/v2\/types\/product"}],"replies":[{"embeddable":true,"href":"https:\/\/publicacionesaquila.com\/en\/wp-json\/wp\/v2\/comments?post=2763"}],"wp:featuredmedia":[{"embeddable":true,"href":"https:\/\/publicacionesaquila.com\/en\/wp-json\/wp\/v2\/media\/4575"}],"wp:attachment":[{"href":"https:\/\/publicacionesaquila.com\/en\/wp-json\/wp\/v2\/media?parent=2763"}],"wp:term":[{"taxonomy":"product_brand","embeddable":true,"href":"https:\/\/publicacionesaquila.com\/en\/wp-json\/wp\/v2\/product_brand?post=2763"},{"taxonomy":"product_cat","embeddable":true,"href":"https:\/\/publicacionesaquila.com\/en\/wp-json\/wp\/v2\/product_cat?post=2763"},{"taxonomy":"product_tag","embeddable":true,"href":"https:\/\/publicacionesaquila.com\/en\/wp-json\/wp\/v2\/product_tag?post=2763"}],"curies":[{"name":"wp","href":"https:\/\/api.w.org\/{rel}","templated":true}]}}