{"id":2599,"date":"2025-06-23T16:00:43","date_gmt":"2025-06-23T16:00:43","guid":{"rendered":"https:\/\/publicacionesaquila.com\/?post_type=product&#038;p=2599"},"modified":"2025-07-14T23:46:23","modified_gmt":"2025-07-14T23:46:23","slug":"exposicion-de-la-confesion-bautista-de-fe-de-1689","status":"publish","type":"product","link":"https:\/\/publicacionesaquila.com\/en\/product\/exposicion-de-la-confesion-bautista-de-fe-de-1689\/","title":{"rendered":"Exposition of the Baptist Confession of Faith of 1689"},"content":{"rendered":"","protected":false},"excerpt":{"rendered":"<p>&nbsp;<\/p>\n<p><a style=\"display: inline-block; padding: 12px 24px; font-size: 14px; color: black; background-color: white; border: 2px solid #000; border-radius: 5px; text-decoration: none; transition: all 0.3s ease; cursor: pointer;\" href=\"https:\/\/www.cristianismohist.com\/exposicion-de-la-confesion-bautista-de-fe-de-1689-ebook-a-modern-exposition-of-the-1689-baptist-confession-samuel-e-waldron\/\" target=\"_blank\" rel=\"noopener\">Order this book<br \/>\n<\/a><\/p>\n<p>&nbsp;<\/p>\n<p><em data-spm-anchor-id=\"a2ty_o01.29997173.0.i12.10a1c921v9Iya9\">\"Waldron is an excellent writer, and he has the advantage of being one of our contemporaries. His examples and analysis of topics where the Westminster and London Confessions agree\u2014creation, justification, election, the Sabbath, and others\u2014are outstanding. This book is very clear and extremely well organized.\"<\/em><\/p>\n<div class=\"my-2\"><\/div>\n<p class=\" translation-block\">At a time in history when modern Christianity is flooded by doctrinal relativism, and biblical clarity is threatened by vague and imprecise currents, this book arrives as a firm and necessary lighthouse.<\/p>\n<div class=\"my-2\"><\/div>\n<p class=\" translation-block\">Satan and his hosts know all too well that a church without doctrinal roots is a church easily defeated. That is why they have worked tirelessly to sow confusion, ambiguity, and disdain for the fundamental truths of the faith. As C. H. Spurgeon once said: \u201cThe archenemy of truth has invited us to tear down our walls and abandon our walled cities.\u201d In other words, the devil wants us to stop clearly defending what we believe and why we believe it.<\/p>\n<div class=\"my-2\"><\/div>\n<p class=\" translation-block\">Faced with this avalanche of theological uncertainty, the 1689 Baptist Confession of Faith emerges as an unshakable historical and doctrinal testimony. Originally known as the Second London Baptist Confession, this statement of faith was published in 1689 as a clear and coherent affirmation of Reformed gospel truth from a Baptist perspective.<\/p>\n<div class=\"my-2\"><\/div>\n<p class=\" translation-block\">This book, originally published in 1989 to celebrate the 300th anniversary of the 1689 Confession, is a complete and accessible exposition of each of its chapters, written by pastor and theologian Sam Waldron.<\/p>\n<p>&nbsp;<\/p>\n<h2>Why Read This Exposition?<\/h2>\n<p class=\" translation-block\">Waldron offers not only scholarly insight but also pastoral sensitivity. He shows how the 1689 Confession is not an outdated document, but a faithful and lucid expression of historic Christian belief\u2014one that remains deeply relevant for our times.<\/p>\n<div class=\"my-2\"><\/div>\n<p>With a direct, clear style full of practical applications, Waldron helps readers understand:\nThe authority of Scripture\nThe Trinity\nThe fall of man\nRedemption in Christ\nThe perseverance of the saints<\/p>\n<div class=\"my-2\"><\/div>\n<ul>\n<li>The value of statements of faith in the life of the church.<\/li>\n<li>The biblical fidelity of the Confession on crucial issues such as:\n<ul>\n<li>The authority of Scripture<\/li>\n<li>The Trinity<\/li>\n<li>The fall of man<\/li>\n<li>Redemption in Christ<\/li>\n<li>The perseverance of the saints<\/li>\n<\/ul>\n<\/li>\n<\/ul>\n<p>&nbsp;<\/p>\n<p class=\" translation-block\">His constant comparison with the Westminster Confession and the London Confession allows readers to appreciate both their similarities and the unique theological emphases of the Reformed Baptist tradition.<\/p>\n<p>&nbsp;<\/p>\n<h2>Introduction by Dr. R. P. Martin<\/h2>\n<p class=\" translation-block\">This edition includes a significant introduction written by Dr. R. P. Martin, who served for many years as director and professor of Biblical Theology at Trinity Ministerial Academy in Montville, New Jersey, and later as pastor of the Reformed Baptist Church in Seattle, Washington.<\/p>\n<div class=\"my-2\"><\/div>\n<p class=\" translation-block\">In it, Dr. Martin strongly defends the legitimacy and usefulness of confessions of faith in the life of the local church\u2014especially in an age when many reject any attempt to systematize biblical doctrine.<\/p>\n<p>&nbsp;<\/p>\n<h2>Who Is This Book For?<\/h2>\n<p>This book is an invaluable tool for:<\/p>\n<div class=\"my-2\"><\/div>\n<ul>\n<li>Pastors seeking greater doctrinal clarity<\/li>\n<li>Theology students wanting to understand the historical and biblical background of Reformed faith<\/li>\n<li>Believers eager to learn the doctrinal foundations of historic evangelical churches<\/li>\n<li>Church leaders who desire to strengthen their congregations on solid ground<\/li>\n<\/ul>\n<p>&nbsp;<\/p>\n<p class=\" translation-block\">\"The 1689 Baptist Confession of Faith: A Contemporary Exposition\" is more than just a book on church history or systematic theology. It is an urgent call to return to the roots of the faith\u2014to humbly and convictionally defend what we have always believed\u2014and to stand firm against the pressures of a world that hates the truth.<\/p>\n<div class=\"my-2\"><\/div>\n<p>If you are looking for a book that will help you better understand your faith, equip you to teach and defend it, and connect you with the great cloud of witnesses who came before us, then this book is an essential read.<\/p>","protected":false},"featured_media":4643,"comment_status":"closed","ping_status":"closed","template":"","meta":[],"product_brand":[67],"product_cat":[143],"product_tag":[381,382,385,330,384,386,383,387,338,251,225,282,161,80],"class_list":{"0":"post-2599","1":"product","2":"type-product","3":"status-publish","4":"has-post-thumbnail","6":"product_brand-samuel-e-waldron","7":"product_cat-teologia-sistematica","8":"product_tag-confesion-bautista-de-1689","9":"product_tag-confesiones-cristianas","10":"product_tag-credos-cristianos","11":"product_tag-doctrina-cristiana","12":"product_tag-estudio-biblico","13":"product_tag-exposicion-biblica","14":"product_tag-fe-bautista","15":"product_tag-fundamentos-de-la-fe","16":"product_tag-historia-de-la-iglesia","17":"product_tag-libros-cristianos-breves","18":"product_tag-sana-doctrina","19":"product_tag-teologia-reformada","20":"product_tag-teologia-sistematica","21":"product_tag-vida-cristiana","23":"first","24":"instock","25":"sale","26":"shipping-taxable","27":"product-type-simple"},"yoast_head":"<!-- This site is optimized with the Yoast SEO plugin v27.4 - https:\/\/yoast.com\/product\/yoast-seo-wordpress\/ -->\n<title>Exposici\u00f3n de la Confesi\u00f3n Bautista de Fe de 1689 - Publicaciones Aquila<\/title>\n<meta name=\"robots\" content=\"index, follow, max-snippet:-1, max-image-preview:large, max-video-preview:-1\" \/>\n<link rel=\"canonical\" href=\"https:\/\/publicacionesaquila.com\/en\/product\/exposicion-de-la-confesion-bautista-de-fe-de-1689\/\" \/>\n<meta property=\"og:locale\" content=\"en_US\" \/>\n<meta property=\"og:type\" content=\"article\" \/>\n<meta property=\"og:title\" content=\"Exposici\u00f3n de la Confesi\u00f3n Bautista de Fe de 1689 - Publicaciones Aquila\" \/>\n<meta property=\"og:description\" content=\"&nbsp;  Ordenar este libro   &nbsp;  &quot;Waldron es un excelente escritor, y tiene la ventaja de ser contempor\u00e1neo nuestro. Sus ejemplos y an\u00e1lisis de temas en los que las confesiones de Westminster y de Londres coinciden (la creaci\u00f3n, la justificaci\u00f3n, la elecci\u00f3n, el d\u00eda de reposo, etc.) son excelentes. Este libro es muy claro y est\u00e1 muy bien organizado&quot;.  En un momento hist\u00f3rico en el que el cristianismo moderno sufre una inundaci\u00f3n de relativismo doctrinal, donde la claridad b\u00edblica se ve amenazada por corrientes ambiguas e imprecisas, este libro viene como un faro firme y necesario.  Satan\u00e1s y sus huestes saben bien que una iglesia sin ra\u00edces doctrinales es una iglesia f\u00e1cil de vencer. Por eso, han trabajado incansablemente para sembrar confusi\u00f3n, ambig\u00fcedad y desprecio por las verdades fundamentales de la fe. Como dec\u00eda C. H. Spurgeon: &quot;El archienemigo de la verdad nos ha invitado a allanar nuestros muros y a eliminar nuestras ciudades amuralladas&quot;. En otras palabras, el diablo quiere que dejemos de defender con claridad lo que creemos y por qu\u00e9 lo creemos.  Frente a esta avalancha de indeterminaci\u00f3n teol\u00f3gica, la Confesi\u00f3n Bautista de Fe de 1689 surge como un testimonio hist\u00f3rico y doctrinal inquebrantable. Originalmente conocida como la Segunda Confesi\u00f3n Bautista de Londres, esta declaraci\u00f3n de fe fue publicada en 1689 como una afirmaci\u00f3n clara y coherente del evangelio reformado desde una perspectiva bautista.  Este libro, publicado originalmente en 1989 para celebrar el 300 aniversario de la Confesi\u00f3n de 1689, es una exposici\u00f3n completa y accesible de cada uno de sus cap\u00edtulos, obra del pastor y te\u00f3logo Sam Waldron.  &nbsp; \u00bfPor qu\u00e9 leer esta exposici\u00f3n? Waldron no solo ofrece un comentario erudito, sino tambi\u00e9n pastoral. \u00c9l muestra c\u00f3mo la Confesi\u00f3n de 1689 no es un documento anticuado, sino una expresi\u00f3n fiel y l\u00facida de la fe cristiana hist\u00f3rica, profundamente relevante para nuestra \u00e9poca.  Con un estilo directo, claro y lleno de aplicaciones pr\u00e1cticas, Waldron ayuda al lector a comprender:    El valor de las confesiones de fe en la vida de la iglesia.  La fidelidad b\u00edblica de la Confesi\u00f3n en asuntos tan cruciales como:   La autoridad de la Escritura  La Trinidad  La ca\u00edda del hombre  La redenci\u00f3n en Cristo  La perseverancia de los santos    &nbsp;  Su comparaci\u00f3n constante con la Confesi\u00f3n de Westminster y la Confesi\u00f3n de Londres permite apreciar tanto las similitudes como las particularidades teol\u00f3gicas propias de la tradici\u00f3n bautista reformada.  &nbsp; Introducci\u00f3n del Dr. R. P. Martin Esta edici\u00f3n incluye una introducci\u00f3n significativa escrita por el Dr. R. P. Martin, quien durante muchos a\u00f1os fue director y profesor de Teolog\u00eda B\u00edblica en la Trinity Ministerial Academy en Montville, Nueva Jersey, y posteriormente fue pastor de la Reformed Baptist Church en Seattle, Washington.  En ella, el Dr. Martin defiende con solidez la legitimidad y utilidad de las confesiones de fe en la vida de la iglesia local, especialmente en tiempos donde muchos rechazan cualquier intento de sistematizar la doctrina b\u00edblica.  &nbsp; \u00bfPara qui\u00e9n es este libro? Este libro es una herramienta invaluable para:    Pastores que buscan mayor claridad doctrinal.  Estudiantes de teolog\u00eda que quieren entender el trasfondo hist\u00f3rico y b\u00edblico de la fe reformada.  Creyentes deseosos de conocer cu\u00e1l es la base doctrinal de la iglesia evang\u00e9lica hist\u00f3rica.  L\u00edderes que desean fortalecer a sus congregaciones sobre cimientos s\u00f3lidos.  &nbsp;  &quot;La Confesi\u00f3n Bautista de Fe de 1689: Una exposici\u00f3n contempor\u00e1nea&quot; no es solo un libro sobre historia eclesi\u00e1stica o teolog\u00eda sistem\u00e1tica. Es un llamado urgente a volver a las ra\u00edces de la fe, a defender con humildad y convicci\u00f3n lo que siempre hemos cre\u00eddo, y a no rendirnos ante las presiones de un mundo que odia la verdad.  Si est\u00e1s buscando un libro que te ayude a entender mejor tu fe, que te equipar\u00e1 para ense\u00f1arla y defenderla, y que te conecte con la gran nube de testigos que nos precedi\u00f3, entonces este libro es una lectura indispensable.\" \/>\n<meta property=\"og:url\" content=\"https:\/\/publicacionesaquila.com\/en\/product\/exposicion-de-la-confesion-bautista-de-fe-de-1689\/\" \/>\n<meta property=\"og:site_name\" content=\"Publicaciones Aquila\" \/>\n<meta property=\"article:modified_time\" content=\"2025-07-14T23:46:23+00:00\" \/>\n<meta property=\"og:image\" content=\"https:\/\/publicacionesaquila.com\/wp-content\/uploads\/2025\/06\/75.jpg\" \/>\n\t<meta property=\"og:image:width\" content=\"1080\" \/>\n\t<meta property=\"og:image:height\" content=\"1080\" \/>\n\t<meta property=\"og:image:type\" content=\"image\/jpeg\" \/>\n<meta name=\"twitter:card\" content=\"summary_large_image\" \/>\n<meta name=\"twitter:label1\" content=\"Est. reading time\" \/>\n\t<meta name=\"twitter:data1\" content=\"1 minute\" \/>\n<script type=\"application\/ld+json\" class=\"yoast-schema-graph\">{\"@context\":\"https:\\\/\\\/schema.org\",\"@graph\":[{\"@type\":\"WebPage\",\"@id\":\"https:\\\/\\\/publicacionesaquila.com\\\/producto\\\/exposicion-de-la-confesion-bautista-de-fe-de-1689\\\/\",\"url\":\"https:\\\/\\\/publicacionesaquila.com\\\/producto\\\/exposicion-de-la-confesion-bautista-de-fe-de-1689\\\/\",\"name\":\"Exposici\u00f3n de la Confesi\u00f3n Bautista de Fe de 1689 - Publicaciones Aquila\",\"isPartOf\":{\"@id\":\"https:\\\/\\\/publicacionesaquila.com\\\/#website\"},\"primaryImageOfPage\":{\"@id\":\"https:\\\/\\\/publicacionesaquila.com\\\/producto\\\/exposicion-de-la-confesion-bautista-de-fe-de-1689\\\/#primaryimage\"},\"image\":{\"@id\":\"https:\\\/\\\/publicacionesaquila.com\\\/producto\\\/exposicion-de-la-confesion-bautista-de-fe-de-1689\\\/#primaryimage\"},\"thumbnailUrl\":\"https:\\\/\\\/publicacionesaquila.com\\\/wp-content\\\/uploads\\\/2025\\\/06\\\/75.jpg\",\"datePublished\":\"2025-06-23T16:00:43+00:00\",\"dateModified\":\"2025-07-14T23:46:23+00:00\",\"breadcrumb\":{\"@id\":\"https:\\\/\\\/publicacionesaquila.com\\\/producto\\\/exposicion-de-la-confesion-bautista-de-fe-de-1689\\\/#breadcrumb\"},\"inLanguage\":\"en-US\",\"potentialAction\":[{\"@type\":\"ReadAction\",\"target\":[\"https:\\\/\\\/publicacionesaquila.com\\\/producto\\\/exposicion-de-la-confesion-bautista-de-fe-de-1689\\\/\"]}]},{\"@type\":\"ImageObject\",\"inLanguage\":\"en-US\",\"@id\":\"https:\\\/\\\/publicacionesaquila.com\\\/producto\\\/exposicion-de-la-confesion-bautista-de-fe-de-1689\\\/#primaryimage\",\"url\":\"https:\\\/\\\/publicacionesaquila.com\\\/wp-content\\\/uploads\\\/2025\\\/06\\\/75.jpg\",\"contentUrl\":\"https:\\\/\\\/publicacionesaquila.com\\\/wp-content\\\/uploads\\\/2025\\\/06\\\/75.jpg\",\"width\":1080,\"height\":1080},{\"@type\":\"BreadcrumbList\",\"@id\":\"https:\\\/\\\/publicacionesaquila.com\\\/producto\\\/exposicion-de-la-confesion-bautista-de-fe-de-1689\\\/#breadcrumb\",\"itemListElement\":[{\"@type\":\"ListItem\",\"position\":1,\"name\":\"Portada\",\"item\":\"https:\\\/\\\/publicacionesaquila.com\\\/\"},{\"@type\":\"ListItem\",\"position\":2,\"name\":\"Publicaciones\",\"item\":\"https:\\\/\\\/publicacionesaquila.com\\\/publicaciones\\\/\"},{\"@type\":\"ListItem\",\"position\":3,\"name\":\"Exposici\u00f3n de la Confesi\u00f3n Bautista de Fe de 1689\"}]},{\"@type\":\"WebSite\",\"@id\":\"https:\\\/\\\/publicacionesaquila.com\\\/#website\",\"url\":\"https:\\\/\\\/publicacionesaquila.com\\\/\",\"name\":\"Publicaciones Aquila\",\"description\":\"Cat\u00e1logo de Libros\",\"potentialAction\":[{\"@type\":\"SearchAction\",\"target\":{\"@type\":\"EntryPoint\",\"urlTemplate\":\"https:\\\/\\\/publicacionesaquila.com\\\/?s={search_term_string}\"},\"query-input\":{\"@type\":\"PropertyValueSpecification\",\"valueRequired\":true,\"valueName\":\"search_term_string\"}}],\"inLanguage\":\"en-US\"}]}<\/script>\n<!-- \/ Yoast SEO plugin. -->","yoast_head_json":{"title":"Exposici\u00f3n de la Confesi\u00f3n Bautista de Fe de 1689 - Publicaciones Aquila","robots":{"index":"index","follow":"follow","max-snippet":"max-snippet:-1","max-image-preview":"max-image-preview:large","max-video-preview":"max-video-preview:-1"},"canonical":"https:\/\/publicacionesaquila.com\/en\/product\/exposicion-de-la-confesion-bautista-de-fe-de-1689\/","og_locale":"en_US","og_type":"article","og_title":"Exposici\u00f3n de la Confesi\u00f3n Bautista de Fe de 1689 - Publicaciones Aquila","og_description":"&nbsp;  Ordenar este libro   &nbsp;  \"Waldron es un excelente escritor, y tiene la ventaja de ser contempor\u00e1neo nuestro. Sus ejemplos y an\u00e1lisis de temas en los que las confesiones de Westminster y de Londres coinciden (la creaci\u00f3n, la justificaci\u00f3n, la elecci\u00f3n, el d\u00eda de reposo, etc.) son excelentes. Este libro es muy claro y est\u00e1 muy bien organizado\".  En un momento hist\u00f3rico en el que el cristianismo moderno sufre una inundaci\u00f3n de relativismo doctrinal, donde la claridad b\u00edblica se ve amenazada por corrientes ambiguas e imprecisas, este libro viene como un faro firme y necesario.  Satan\u00e1s y sus huestes saben bien que una iglesia sin ra\u00edces doctrinales es una iglesia f\u00e1cil de vencer. Por eso, han trabajado incansablemente para sembrar confusi\u00f3n, ambig\u00fcedad y desprecio por las verdades fundamentales de la fe. Como dec\u00eda C. H. Spurgeon: \"El archienemigo de la verdad nos ha invitado a allanar nuestros muros y a eliminar nuestras ciudades amuralladas\". En otras palabras, el diablo quiere que dejemos de defender con claridad lo que creemos y por qu\u00e9 lo creemos.  Frente a esta avalancha de indeterminaci\u00f3n teol\u00f3gica, la Confesi\u00f3n Bautista de Fe de 1689 surge como un testimonio hist\u00f3rico y doctrinal inquebrantable. Originalmente conocida como la Segunda Confesi\u00f3n Bautista de Londres, esta declaraci\u00f3n de fe fue publicada en 1689 como una afirmaci\u00f3n clara y coherente del evangelio reformado desde una perspectiva bautista.  Este libro, publicado originalmente en 1989 para celebrar el 300 aniversario de la Confesi\u00f3n de 1689, es una exposici\u00f3n completa y accesible de cada uno de sus cap\u00edtulos, obra del pastor y te\u00f3logo Sam Waldron.  &nbsp; \u00bfPor qu\u00e9 leer esta exposici\u00f3n? Waldron no solo ofrece un comentario erudito, sino tambi\u00e9n pastoral. \u00c9l muestra c\u00f3mo la Confesi\u00f3n de 1689 no es un documento anticuado, sino una expresi\u00f3n fiel y l\u00facida de la fe cristiana hist\u00f3rica, profundamente relevante para nuestra \u00e9poca.  Con un estilo directo, claro y lleno de aplicaciones pr\u00e1cticas, Waldron ayuda al lector a comprender:    El valor de las confesiones de fe en la vida de la iglesia.  La fidelidad b\u00edblica de la Confesi\u00f3n en asuntos tan cruciales como:   La autoridad de la Escritura  La Trinidad  La ca\u00edda del hombre  La redenci\u00f3n en Cristo  La perseverancia de los santos    &nbsp;  Su comparaci\u00f3n constante con la Confesi\u00f3n de Westminster y la Confesi\u00f3n de Londres permite apreciar tanto las similitudes como las particularidades teol\u00f3gicas propias de la tradici\u00f3n bautista reformada.  &nbsp; Introducci\u00f3n del Dr. R. P. Martin Esta edici\u00f3n incluye una introducci\u00f3n significativa escrita por el Dr. R. P. Martin, quien durante muchos a\u00f1os fue director y profesor de Teolog\u00eda B\u00edblica en la Trinity Ministerial Academy en Montville, Nueva Jersey, y posteriormente fue pastor de la Reformed Baptist Church en Seattle, Washington.  En ella, el Dr. Martin defiende con solidez la legitimidad y utilidad de las confesiones de fe en la vida de la iglesia local, especialmente en tiempos donde muchos rechazan cualquier intento de sistematizar la doctrina b\u00edblica.  &nbsp; \u00bfPara qui\u00e9n es este libro? Este libro es una herramienta invaluable para:    Pastores que buscan mayor claridad doctrinal.  Estudiantes de teolog\u00eda que quieren entender el trasfondo hist\u00f3rico y b\u00edblico de la fe reformada.  Creyentes deseosos de conocer cu\u00e1l es la base doctrinal de la iglesia evang\u00e9lica hist\u00f3rica.  L\u00edderes que desean fortalecer a sus congregaciones sobre cimientos s\u00f3lidos.  &nbsp;  \"La Confesi\u00f3n Bautista de Fe de 1689: Una exposici\u00f3n contempor\u00e1nea\" no es solo un libro sobre historia eclesi\u00e1stica o teolog\u00eda sistem\u00e1tica. Es un llamado urgente a volver a las ra\u00edces de la fe, a defender con humildad y convicci\u00f3n lo que siempre hemos cre\u00eddo, y a no rendirnos ante las presiones de un mundo que odia la verdad.  Si est\u00e1s buscando un libro que te ayude a entender mejor tu fe, que te equipar\u00e1 para ense\u00f1arla y defenderla, y que te conecte con la gran nube de testigos que nos precedi\u00f3, entonces este libro es una lectura indispensable.","og_url":"https:\/\/publicacionesaquila.com\/en\/product\/exposicion-de-la-confesion-bautista-de-fe-de-1689\/","og_site_name":"Publicaciones Aquila","article_modified_time":"2025-07-14T23:46:23+00:00","og_image":[{"width":1080,"height":1080,"url":"https:\/\/publicacionesaquila.com\/wp-content\/uploads\/2025\/06\/75.jpg","type":"image\/jpeg"}],"twitter_card":"summary_large_image","twitter_misc":{"Est. reading time":"1 minute"},"schema":{"@context":"https:\/\/schema.org","@graph":[{"@type":"WebPage","@id":"https:\/\/publicacionesaquila.com\/producto\/exposicion-de-la-confesion-bautista-de-fe-de-1689\/","url":"https:\/\/publicacionesaquila.com\/producto\/exposicion-de-la-confesion-bautista-de-fe-de-1689\/","name":"Exposici\u00f3n de la Confesi\u00f3n Bautista de Fe de 1689 - Publicaciones Aquila","isPartOf":{"@id":"https:\/\/publicacionesaquila.com\/#website"},"primaryImageOfPage":{"@id":"https:\/\/publicacionesaquila.com\/producto\/exposicion-de-la-confesion-bautista-de-fe-de-1689\/#primaryimage"},"image":{"@id":"https:\/\/publicacionesaquila.com\/producto\/exposicion-de-la-confesion-bautista-de-fe-de-1689\/#primaryimage"},"thumbnailUrl":"https:\/\/publicacionesaquila.com\/wp-content\/uploads\/2025\/06\/75.jpg","datePublished":"2025-06-23T16:00:43+00:00","dateModified":"2025-07-14T23:46:23+00:00","breadcrumb":{"@id":"https:\/\/publicacionesaquila.com\/producto\/exposicion-de-la-confesion-bautista-de-fe-de-1689\/#breadcrumb"},"inLanguage":"en-US","potentialAction":[{"@type":"ReadAction","target":["https:\/\/publicacionesaquila.com\/producto\/exposicion-de-la-confesion-bautista-de-fe-de-1689\/"]}]},{"@type":"ImageObject","inLanguage":"en-US","@id":"https:\/\/publicacionesaquila.com\/producto\/exposicion-de-la-confesion-bautista-de-fe-de-1689\/#primaryimage","url":"https:\/\/publicacionesaquila.com\/wp-content\/uploads\/2025\/06\/75.jpg","contentUrl":"https:\/\/publicacionesaquila.com\/wp-content\/uploads\/2025\/06\/75.jpg","width":1080,"height":1080},{"@type":"BreadcrumbList","@id":"https:\/\/publicacionesaquila.com\/producto\/exposicion-de-la-confesion-bautista-de-fe-de-1689\/#breadcrumb","itemListElement":[{"@type":"ListItem","position":1,"name":"Portada","item":"https:\/\/publicacionesaquila.com\/"},{"@type":"ListItem","position":2,"name":"Publicaciones","item":"https:\/\/publicacionesaquila.com\/publicaciones\/"},{"@type":"ListItem","position":3,"name":"Exposici\u00f3n de la Confesi\u00f3n Bautista de Fe de 1689"}]},{"@type":"WebSite","@id":"https:\/\/publicacionesaquila.com\/#website","url":"https:\/\/publicacionesaquila.com\/","name":"Aquila Publications","description":"Cat\u00e1logo de Libros","potentialAction":[{"@type":"SearchAction","target":{"@type":"EntryPoint","urlTemplate":"https:\/\/publicacionesaquila.com\/?s={search_term_string}"},"query-input":{"@type":"PropertyValueSpecification","valueRequired":true,"valueName":"search_term_string"}}],"inLanguage":"en-US"}]}},"_links":{"self":[{"href":"https:\/\/publicacionesaquila.com\/en\/wp-json\/wp\/v2\/product\/2599","targetHints":{"allow":["GET"]}}],"collection":[{"href":"https:\/\/publicacionesaquila.com\/en\/wp-json\/wp\/v2\/product"}],"about":[{"href":"https:\/\/publicacionesaquila.com\/en\/wp-json\/wp\/v2\/types\/product"}],"replies":[{"embeddable":true,"href":"https:\/\/publicacionesaquila.com\/en\/wp-json\/wp\/v2\/comments?post=2599"}],"wp:featuredmedia":[{"embeddable":true,"href":"https:\/\/publicacionesaquila.com\/en\/wp-json\/wp\/v2\/media\/4643"}],"wp:attachment":[{"href":"https:\/\/publicacionesaquila.com\/en\/wp-json\/wp\/v2\/media?parent=2599"}],"wp:term":[{"taxonomy":"product_brand","embeddable":true,"href":"https:\/\/publicacionesaquila.com\/en\/wp-json\/wp\/v2\/product_brand?post=2599"},{"taxonomy":"product_cat","embeddable":true,"href":"https:\/\/publicacionesaquila.com\/en\/wp-json\/wp\/v2\/product_cat?post=2599"},{"taxonomy":"product_tag","embeddable":true,"href":"https:\/\/publicacionesaquila.com\/en\/wp-json\/wp\/v2\/product_tag?post=2599"}],"curies":[{"name":"wp","href":"https:\/\/api.w.org\/{rel}","templated":true}]}}