{"id":2548,"date":"2025-06-23T13:35:20","date_gmt":"2025-06-23T13:35:20","guid":{"rendered":"https:\/\/publicacionesaquila.com\/?post_type=product&#038;p=2548"},"modified":"2025-07-14T23:50:15","modified_gmt":"2025-07-14T23:50:15","slug":"la-predicacion-en-el-espiritu-santo","status":"publish","type":"product","link":"https:\/\/publicacionesaquila.com\/en\/product\/la-predicacion-en-el-espiritu-santo\/","title":{"rendered":"Preaching in the Holy Spirit"},"content":{"rendered":"","protected":false},"excerpt":{"rendered":"<p>&nbsp;<\/p>\n<p><a style=\"display: inline-block; padding: 12px 24px; font-size: 14px; color: black; background-color: white; border: 2px solid #000; border-radius: 5px; text-decoration: none; transition: all 0.3s ease; cursor: pointer;\" href=\"https:\/\/www.cristianismohist.com\/la-predicacion-en-el-espiritu-santo-preaching-in-the-holy-spirit-por-albert-n-martin\/\" target=\"_blank\" rel=\"noopener\">Order this book<br \/>\n<\/a><\/p>\n<p>&nbsp;<\/p>\n<p><em>\"Good shepherds pray for the help of the Holy Spirit in preparing biblical sermons that provide sufficient nourishment for the sheep of God.\"<\/em><\/p>\n<p data-spm-anchor-id=\"a2ty_o01.29997173.0.i6.10a1c921v9Iya9\">What really happens when a pastor steps into the pulpit? Is it merely the transmission of knowledge, or is there something supernatural that must occur for God\u2019s Word to penetrate hearts and transform lives?<\/p>\n<p class=\" translation-block\">In this powerful call to spiritual dependence, Albert N. Martin reminds gospel ministers that biblical preaching cannot be separated from the vital ministry of the Holy Spirit\u2014before, during, and after the sermon.<\/p>\n<p class=\" translation-block\">This book does not simply focus on homiletic techniques or rhetorical methods. Rather, it leads us to reflect on a deep and often-neglected truth: apart from the active work of the Holy Spirit, every word spoken\u2014even if biblically accurate\u2014remains empty and lifeless.<\/p>\n<p class=\" translation-block\">With clarity and faithfulness, Martin explores the essential connection between the Word and the Spirit , showing how effective preaching is not merely a matter of academic preparation or personal charisma, but of humble dependence on divine anointing.<\/p>\n<div class=\"my-2\"><\/div>\n<p>Throughout its pages, the author:<\/p>\n<ul>\n<li class=\" translation-block\">Examines the necessity of the Spirit\u2019s work at every stage of preaching.<\/li>\n<li class=\" translation-block\">Describes how the Holy Spirit operates in both the preacher\u2019s and the listener\u2019s heart.<\/li>\n<li class=\" translation-block\">Exposes the ways this work can be hindered or weakened.<\/li>\n<li class=\" translation-block\">Issues a pressing call to prayer, holiness, and total dependence on God in the ministry of the Word.<\/li>\n<\/ul>\n<p>&nbsp;<\/p>\n<p class=\" translation-block\">This book is an indispensable resource for every minister who desires not only to preach well, but to preach in the power of the Spirit , with reverent expectation that God will speak, judge, save, and build His Church through His Word.<\/p>\n<p class=\" translation-block\">If you are a pastor, if you aspire to ministry, or if you simply love faithful preaching, this book invites you to examine your heart and renew your commitment to humble, biblical, and deeply spiritual proclamation.<\/p>\n<p class=\" translation-block\">As Martin Luther once said, \"Preach as if Christ died yesterday, rose this morning, and is coming back this afternoon.\" But Albert N. Martin adds: Preach always conscious that without the Spirit, nothing has life.<\/p>","protected":false},"featured_media":4607,"comment_status":"closed","ping_status":"closed","template":"","meta":[],"product_brand":[66],"product_cat":[61],"product_tag":[581,748,607,691,687,600,747,746,483,617,752,749,750,446,641,499,282,751,601,690],"class_list":{"0":"post-2548","1":"product","2":"type-product","3":"status-publish","4":"has-post-thumbnail","6":"product_brand-albert-n-martin","7":"product_cat-teologia-pastoral","8":"product_tag-comunion-con-dios","9":"product_tag-dependencia-espiritual","10":"product_tag-devocional-para-pastores","11":"product_tag-escuela-de-predicacion","12":"product_tag-espiritu-santo-y-predicacion","13":"product_tag-formacion-ministerial","14":"product_tag-homiletica-cristiana","15":"product_tag-la-predicacion-en-el-espiritu-santo","16":"product_tag-libro-cristiano","17":"product_tag-liderazgo-cristiano","18":"product_tag-ministerio-con-poder","19":"product_tag-oracion-por-los-predicadores","20":"product_tag-palabra-y-espiritu","21":"product_tag-predicacion-biblica","22":"product_tag-sabiduria-pastoral","23":"product_tag-teologia-practica","24":"product_tag-teologia-reformada","25":"product_tag-uncion-ministerial","26":"product_tag-vida-espiritual-del-ministro","27":"product_tag-vocacion-al-ministerio","29":"first","30":"instock","31":"sale","32":"shipping-taxable","33":"product-type-simple"},"yoast_head":"<!-- This site is optimized with the Yoast SEO plugin v27.4 - https:\/\/yoast.com\/product\/yoast-seo-wordpress\/ -->\n<title>La Predicaci\u00f3n en el Esp\u00edritu Santo - Publicaciones Aquila<\/title>\n<meta name=\"robots\" content=\"index, follow, max-snippet:-1, max-image-preview:large, max-video-preview:-1\" \/>\n<link rel=\"canonical\" href=\"https:\/\/publicacionesaquila.com\/en\/product\/la-predicacion-en-el-espiritu-santo\/\" \/>\n<meta property=\"og:locale\" content=\"en_US\" \/>\n<meta property=\"og:type\" content=\"article\" \/>\n<meta property=\"og:title\" content=\"La Predicaci\u00f3n en el Esp\u00edritu Santo - Publicaciones Aquila\" \/>\n<meta property=\"og:description\" content=\"&nbsp;  Ordenar este libro   &nbsp;  &quot;Los buenos pastores oran pidiendo ayuda del Esp\u00edritu Santo en la preparaci\u00f3n de sermones b\u00edblicos que suministren suficiente alimento a las ovejas de Dios&quot;. \u00bfQu\u00e9 ocurre cuando un pastor sube al p\u00falpito? \u00bfEs solo una transmisi\u00f3n de conocimiento, o hay algo sobrenatural que debe suceder para que la Palabra de Dios penetre corazones y transforme vidas? En este poderoso llamado a la dependencia espiritual, Albert N. Martin recuerda a los ministros del evangelio que la predicaci\u00f3n b\u00edblica no puede separarse del ministerio vital del Esp\u00edritu Santo, ni antes, ni durante, ni despu\u00e9s del serm\u00f3n.  Este libro no se limita a hablar sobre t\u00e9cnicas homil\u00e9ticas o m\u00e9todos ret\u00f3ricos. M\u00e1s bien, nos lleva a reflexionar sobre una verdad profunda y a menudo descuidada : que sin la obra activa del Esp\u00edritu Santo, toda palabra pronunciada \u2014aunque sea b\u00edblica\u2014 queda hueca, sin vida.  Martin explora con claridad y fidelidad las necesarias conexiones entre la Palabra y el Esp\u00edritu , mostrando c\u00f3mo la predicaci\u00f3n efectiva no es solo cuesti\u00f3n de preparaci\u00f3n acad\u00e9mica o carisma personal, sino de humilde dependencia de la unci\u00f3n divina .  A lo largo de sus p\u00e1ginas, el autor:   Examina la necesidad de la obra del Esp\u00edritu en cada fase de la predicaci\u00f3n.  Describe c\u00f3mo opera el Esp\u00edritu Santo en el coraz\u00f3n del predicador y del oyente.  Expone las formas en que su obra puede verse restringida o debilitada.  Ofrece un llamado urgente a la oraci\u00f3n, la santidad y la dependencia total de Dios en el ministerio de la Palabra.  &nbsp;  Este libro es una herramienta indispensable para todo ministro que desea no solo predicar bien, sino predicar en el poder del Esp\u00edritu, con la expectativa reverente de que Dios hable, juzgue, salve y edifique a trav\u00e9s de Su Palabra.  Si eres pastor, si aspiras al ministerio, o si simplemente amas la predicaci\u00f3n fiel, esta lectura te invita a examinar tu coraz\u00f3n y renovar tu compromiso con una predicaci\u00f3n humilde, b\u00edblica y profundamente espiritual.  Como dijo Mart\u00edn Lutero: &quot;Predico siempre como si Cristo hubiera muerto ayer, resucitado esta ma\u00f1ana y estuviera por volver esta tarde&quot;. Pero Albert N. Martin a\u00f1ade: Predica siempre consciente de que sin el Esp\u00edritu, nada tiene vida.\" \/>\n<meta property=\"og:url\" content=\"https:\/\/publicacionesaquila.com\/en\/product\/la-predicacion-en-el-espiritu-santo\/\" \/>\n<meta property=\"og:site_name\" content=\"Publicaciones Aquila\" \/>\n<meta property=\"article:modified_time\" content=\"2025-07-14T23:50:15+00:00\" \/>\n<meta property=\"og:image\" content=\"https:\/\/publicacionesaquila.com\/wp-content\/uploads\/2025\/06\/35.jpg\" \/>\n\t<meta property=\"og:image:width\" content=\"1080\" \/>\n\t<meta property=\"og:image:height\" content=\"1080\" \/>\n\t<meta property=\"og:image:type\" content=\"image\/jpeg\" \/>\n<meta name=\"twitter:card\" content=\"summary_large_image\" \/>\n<meta name=\"twitter:label1\" content=\"Est. reading time\" \/>\n\t<meta name=\"twitter:data1\" content=\"1 minute\" \/>\n<script type=\"application\/ld+json\" class=\"yoast-schema-graph\">{\"@context\":\"https:\\\/\\\/schema.org\",\"@graph\":[{\"@type\":\"WebPage\",\"@id\":\"https:\\\/\\\/publicacionesaquila.com\\\/producto\\\/la-predicacion-en-el-espiritu-santo\\\/\",\"url\":\"https:\\\/\\\/publicacionesaquila.com\\\/producto\\\/la-predicacion-en-el-espiritu-santo\\\/\",\"name\":\"La Predicaci\u00f3n en el Esp\u00edritu Santo - Publicaciones Aquila\",\"isPartOf\":{\"@id\":\"https:\\\/\\\/publicacionesaquila.com\\\/#website\"},\"primaryImageOfPage\":{\"@id\":\"https:\\\/\\\/publicacionesaquila.com\\\/producto\\\/la-predicacion-en-el-espiritu-santo\\\/#primaryimage\"},\"image\":{\"@id\":\"https:\\\/\\\/publicacionesaquila.com\\\/producto\\\/la-predicacion-en-el-espiritu-santo\\\/#primaryimage\"},\"thumbnailUrl\":\"https:\\\/\\\/publicacionesaquila.com\\\/wp-content\\\/uploads\\\/2025\\\/06\\\/35.jpg\",\"datePublished\":\"2025-06-23T13:35:20+00:00\",\"dateModified\":\"2025-07-14T23:50:15+00:00\",\"breadcrumb\":{\"@id\":\"https:\\\/\\\/publicacionesaquila.com\\\/producto\\\/la-predicacion-en-el-espiritu-santo\\\/#breadcrumb\"},\"inLanguage\":\"en-US\",\"potentialAction\":[{\"@type\":\"ReadAction\",\"target\":[\"https:\\\/\\\/publicacionesaquila.com\\\/producto\\\/la-predicacion-en-el-espiritu-santo\\\/\"]}]},{\"@type\":\"ImageObject\",\"inLanguage\":\"en-US\",\"@id\":\"https:\\\/\\\/publicacionesaquila.com\\\/producto\\\/la-predicacion-en-el-espiritu-santo\\\/#primaryimage\",\"url\":\"https:\\\/\\\/publicacionesaquila.com\\\/wp-content\\\/uploads\\\/2025\\\/06\\\/35.jpg\",\"contentUrl\":\"https:\\\/\\\/publicacionesaquila.com\\\/wp-content\\\/uploads\\\/2025\\\/06\\\/35.jpg\",\"width\":1080,\"height\":1080},{\"@type\":\"BreadcrumbList\",\"@id\":\"https:\\\/\\\/publicacionesaquila.com\\\/producto\\\/la-predicacion-en-el-espiritu-santo\\\/#breadcrumb\",\"itemListElement\":[{\"@type\":\"ListItem\",\"position\":1,\"name\":\"Portada\",\"item\":\"https:\\\/\\\/publicacionesaquila.com\\\/\"},{\"@type\":\"ListItem\",\"position\":2,\"name\":\"Publicaciones\",\"item\":\"https:\\\/\\\/publicacionesaquila.com\\\/publicaciones\\\/\"},{\"@type\":\"ListItem\",\"position\":3,\"name\":\"La Predicaci\u00f3n en el Esp\u00edritu Santo\"}]},{\"@type\":\"WebSite\",\"@id\":\"https:\\\/\\\/publicacionesaquila.com\\\/#website\",\"url\":\"https:\\\/\\\/publicacionesaquila.com\\\/\",\"name\":\"Publicaciones Aquila\",\"description\":\"Cat\u00e1logo de Libros\",\"potentialAction\":[{\"@type\":\"SearchAction\",\"target\":{\"@type\":\"EntryPoint\",\"urlTemplate\":\"https:\\\/\\\/publicacionesaquila.com\\\/?s={search_term_string}\"},\"query-input\":{\"@type\":\"PropertyValueSpecification\",\"valueRequired\":true,\"valueName\":\"search_term_string\"}}],\"inLanguage\":\"en-US\"}]}<\/script>\n<!-- \/ Yoast SEO plugin. -->","yoast_head_json":{"title":"La Predicaci\u00f3n en el Esp\u00edritu Santo - Publicaciones Aquila","robots":{"index":"index","follow":"follow","max-snippet":"max-snippet:-1","max-image-preview":"max-image-preview:large","max-video-preview":"max-video-preview:-1"},"canonical":"https:\/\/publicacionesaquila.com\/en\/product\/la-predicacion-en-el-espiritu-santo\/","og_locale":"en_US","og_type":"article","og_title":"La Predicaci\u00f3n en el Esp\u00edritu Santo - Publicaciones Aquila","og_description":"&nbsp;  Ordenar este libro   &nbsp;  \"Los buenos pastores oran pidiendo ayuda del Esp\u00edritu Santo en la preparaci\u00f3n de sermones b\u00edblicos que suministren suficiente alimento a las ovejas de Dios\". \u00bfQu\u00e9 ocurre cuando un pastor sube al p\u00falpito? \u00bfEs solo una transmisi\u00f3n de conocimiento, o hay algo sobrenatural que debe suceder para que la Palabra de Dios penetre corazones y transforme vidas? En este poderoso llamado a la dependencia espiritual, Albert N. Martin recuerda a los ministros del evangelio que la predicaci\u00f3n b\u00edblica no puede separarse del ministerio vital del Esp\u00edritu Santo, ni antes, ni durante, ni despu\u00e9s del serm\u00f3n.  Este libro no se limita a hablar sobre t\u00e9cnicas homil\u00e9ticas o m\u00e9todos ret\u00f3ricos. M\u00e1s bien, nos lleva a reflexionar sobre una verdad profunda y a menudo descuidada : que sin la obra activa del Esp\u00edritu Santo, toda palabra pronunciada \u2014aunque sea b\u00edblica\u2014 queda hueca, sin vida.  Martin explora con claridad y fidelidad las necesarias conexiones entre la Palabra y el Esp\u00edritu , mostrando c\u00f3mo la predicaci\u00f3n efectiva no es solo cuesti\u00f3n de preparaci\u00f3n acad\u00e9mica o carisma personal, sino de humilde dependencia de la unci\u00f3n divina .  A lo largo de sus p\u00e1ginas, el autor:   Examina la necesidad de la obra del Esp\u00edritu en cada fase de la predicaci\u00f3n.  Describe c\u00f3mo opera el Esp\u00edritu Santo en el coraz\u00f3n del predicador y del oyente.  Expone las formas en que su obra puede verse restringida o debilitada.  Ofrece un llamado urgente a la oraci\u00f3n, la santidad y la dependencia total de Dios en el ministerio de la Palabra.  &nbsp;  Este libro es una herramienta indispensable para todo ministro que desea no solo predicar bien, sino predicar en el poder del Esp\u00edritu, con la expectativa reverente de que Dios hable, juzgue, salve y edifique a trav\u00e9s de Su Palabra.  Si eres pastor, si aspiras al ministerio, o si simplemente amas la predicaci\u00f3n fiel, esta lectura te invita a examinar tu coraz\u00f3n y renovar tu compromiso con una predicaci\u00f3n humilde, b\u00edblica y profundamente espiritual.  Como dijo Mart\u00edn Lutero: \"Predico siempre como si Cristo hubiera muerto ayer, resucitado esta ma\u00f1ana y estuviera por volver esta tarde\". Pero Albert N. Martin a\u00f1ade: Predica siempre consciente de que sin el Esp\u00edritu, nada tiene vida.","og_url":"https:\/\/publicacionesaquila.com\/en\/product\/la-predicacion-en-el-espiritu-santo\/","og_site_name":"Publicaciones Aquila","article_modified_time":"2025-07-14T23:50:15+00:00","og_image":[{"width":1080,"height":1080,"url":"https:\/\/publicacionesaquila.com\/wp-content\/uploads\/2025\/06\/35.jpg","type":"image\/jpeg"}],"twitter_card":"summary_large_image","twitter_misc":{"Est. reading time":"1 minute"},"schema":{"@context":"https:\/\/schema.org","@graph":[{"@type":"WebPage","@id":"https:\/\/publicacionesaquila.com\/producto\/la-predicacion-en-el-espiritu-santo\/","url":"https:\/\/publicacionesaquila.com\/producto\/la-predicacion-en-el-espiritu-santo\/","name":"La Predicaci\u00f3n en el Esp\u00edritu Santo - Publicaciones Aquila","isPartOf":{"@id":"https:\/\/publicacionesaquila.com\/#website"},"primaryImageOfPage":{"@id":"https:\/\/publicacionesaquila.com\/producto\/la-predicacion-en-el-espiritu-santo\/#primaryimage"},"image":{"@id":"https:\/\/publicacionesaquila.com\/producto\/la-predicacion-en-el-espiritu-santo\/#primaryimage"},"thumbnailUrl":"https:\/\/publicacionesaquila.com\/wp-content\/uploads\/2025\/06\/35.jpg","datePublished":"2025-06-23T13:35:20+00:00","dateModified":"2025-07-14T23:50:15+00:00","breadcrumb":{"@id":"https:\/\/publicacionesaquila.com\/producto\/la-predicacion-en-el-espiritu-santo\/#breadcrumb"},"inLanguage":"en-US","potentialAction":[{"@type":"ReadAction","target":["https:\/\/publicacionesaquila.com\/producto\/la-predicacion-en-el-espiritu-santo\/"]}]},{"@type":"ImageObject","inLanguage":"en-US","@id":"https:\/\/publicacionesaquila.com\/producto\/la-predicacion-en-el-espiritu-santo\/#primaryimage","url":"https:\/\/publicacionesaquila.com\/wp-content\/uploads\/2025\/06\/35.jpg","contentUrl":"https:\/\/publicacionesaquila.com\/wp-content\/uploads\/2025\/06\/35.jpg","width":1080,"height":1080},{"@type":"BreadcrumbList","@id":"https:\/\/publicacionesaquila.com\/producto\/la-predicacion-en-el-espiritu-santo\/#breadcrumb","itemListElement":[{"@type":"ListItem","position":1,"name":"Portada","item":"https:\/\/publicacionesaquila.com\/"},{"@type":"ListItem","position":2,"name":"Publicaciones","item":"https:\/\/publicacionesaquila.com\/publicaciones\/"},{"@type":"ListItem","position":3,"name":"La Predicaci\u00f3n en el Esp\u00edritu Santo"}]},{"@type":"WebSite","@id":"https:\/\/publicacionesaquila.com\/#website","url":"https:\/\/publicacionesaquila.com\/","name":"Aquila Publications","description":"Cat\u00e1logo de Libros","potentialAction":[{"@type":"SearchAction","target":{"@type":"EntryPoint","urlTemplate":"https:\/\/publicacionesaquila.com\/?s={search_term_string}"},"query-input":{"@type":"PropertyValueSpecification","valueRequired":true,"valueName":"search_term_string"}}],"inLanguage":"en-US"}]}},"_links":{"self":[{"href":"https:\/\/publicacionesaquila.com\/en\/wp-json\/wp\/v2\/product\/2548","targetHints":{"allow":["GET"]}}],"collection":[{"href":"https:\/\/publicacionesaquila.com\/en\/wp-json\/wp\/v2\/product"}],"about":[{"href":"https:\/\/publicacionesaquila.com\/en\/wp-json\/wp\/v2\/types\/product"}],"replies":[{"embeddable":true,"href":"https:\/\/publicacionesaquila.com\/en\/wp-json\/wp\/v2\/comments?post=2548"}],"wp:featuredmedia":[{"embeddable":true,"href":"https:\/\/publicacionesaquila.com\/en\/wp-json\/wp\/v2\/media\/4607"}],"wp:attachment":[{"href":"https:\/\/publicacionesaquila.com\/en\/wp-json\/wp\/v2\/media?parent=2548"}],"wp:term":[{"taxonomy":"product_brand","embeddable":true,"href":"https:\/\/publicacionesaquila.com\/en\/wp-json\/wp\/v2\/product_brand?post=2548"},{"taxonomy":"product_cat","embeddable":true,"href":"https:\/\/publicacionesaquila.com\/en\/wp-json\/wp\/v2\/product_cat?post=2548"},{"taxonomy":"product_tag","embeddable":true,"href":"https:\/\/publicacionesaquila.com\/en\/wp-json\/wp\/v2\/product_tag?post=2548"}],"curies":[{"name":"wp","href":"https:\/\/api.w.org\/{rel}","templated":true}]}}