{"id":2547,"date":"2025-06-23T13:20:26","date_gmt":"2025-06-23T13:20:26","guid":{"rendered":"https:\/\/publicacionesaquila.com\/?post_type=product&#038;p=2547"},"modified":"2025-07-14T23:50:48","modified_gmt":"2025-07-14T23:50:48","slug":"alabenla-en-las-puertas","status":"publish","type":"product","link":"https:\/\/publicacionesaquila.com\/en\/product\/alabenla-en-las-puertas\/","title":{"rendered":"Praise Her in the Gates"},"content":{"rendered":"","protected":false},"excerpt":{"rendered":"<p>&nbsp;<\/p>\n<p><a style=\"display: inline-block; padding: 12px 24px; font-size: 14px; color: black; background-color: white; border: 2px solid #000; border-radius: 5px; text-decoration: none; transition: all 0.3s ease; cursor: pointer;\" href=\"https:\/\/www.cristianismohist.com\/alabenla-en-las-puertas-praise-her-in-the-gates\/\" target=\"_blank\" rel=\"noopener\">Order this book<br \/>\n<\/a><\/p>\n<p>&nbsp;<\/p>\n<p>A Help for the Christian Mother Who Desires to Grow in the Subtle Art of Building a Home with Grace<\/p>\n<p class=\" translation-block\">\"The wise woman builds her house, but the foolish one tears it down with her own hands.\"\nProverbs 14:1<\/p>\n<div class=\"my-2\"><\/div>\n<p>Motherhood is much more than a role. It is a divine vocation. A sacred task. A daily ministry filled with small decisions that carry eternal impact.<\/p>\n<div class=\"my-2\"><\/div>\n<p class=\" translation-block\">This book is born as a guide for the Christian mother who desires to learn, mature, and refine the subtle art of building a home with grace. It\u2019s not just about raising children\u2014it\u2019s about constructing a household on the foundation of God\u2019s Word, where every word, every action, every sacrifice has purpose and direction.<\/p>\n<div class=\"my-2\"><\/div>\n<p class=\" translation-block\">From the moment of childbirth to the long nights of prayer for your children\u2019s spiritual well-being, this work invites you to see your maternal calling not as something mundane or repetitive, but as an ongoing act of construction\u2014wrought with love, patience, and wisdom. Because every nail, every lesson, every hug, and every correction helps keep the family home strong amid life\u2019s storms.<\/p>\n<div class=\"my-2\"><\/div>\n<p class=\" translation-block\">Building a house requires holy joy, perseverance, and a heart captivated by the kind of beauty that glorifies God. This book encourages mothers to cultivate such a vision\u2014to pursue what is true, honorable, just, pure, lovely, and praiseworthy (Philippians 4:8), even in the midst of chaos, fatigue, and uncertainty, which are also part of motherhood.<\/p>\n<div class=\"my-2\"><\/div>\n<p class=\" translation-block\">The book addresses deep and practical topics such as the meaning of childbirth, parenting in both sickness and health, biblical approaches to education, and the importance of understanding the differences in raising daughters versus sons. While it does not explicitly focus on the necessity of the gospel in a child\u2019s life or how to clearly present Christ to them, it offers many valuable biblical principles that can support the spiritual work God is already doing in the heart of every mother who seeks Him.<\/p>\n<div class=\"my-2\"><\/div>\n<p>As with any advice material, it should be read with discernment and in community. Therefore, it is strongly recommended that readers also seek guidance from wise and faithful people\u2014such as their husbands, parents, pastors, or other Christian counselors\u2014to apply these principles appropriately within their personal context.<\/p>\n<div class=\"my-2\"><\/div>\n<p class=\" translation-block\">If you are a woman who wants to love your family more deeply, if you desire to be a pillar of strength and grace in your home, and if you long to see your motherhood as a ministry used by God, then this book can be a blessing on your journey.<\/p>\n<div class=\"my-2\"><\/div>\n<p class=\" translation-block\">For the mother who fears the Lord need not fear the future. She trusts in the One who governs all things\u2014and continues to build with faith.<\/p>","protected":false},"featured_media":4605,"comment_status":"closed","ping_status":"closed","template":"","meta":[],"product_brand":[63],"product_cat":[71],"product_tag":[465,468,366,469,473,474,466,471,430,246,470,467,288,148,472],"class_list":{"0":"post-2547","1":"product","2":"type-product","3":"status-publish","4":"has-post-thumbnail","6":"product_brand-nancy-wilson","7":"product_cat-familia","8":"product_tag-alabenla-en-las-puertas","9":"product_tag-devocional-femenino","10":"product_tag-familia-cristiana","11":"product_tag-honor-y-respeto","12":"product_tag-inspiracion-para-mujeres","13":"product_tag-libros","14":"product_tag-liderazgo-femenino","15":"product_tag-matrimonio-y-hogar","16":"product_tag-mujer-cristiana","17":"product_tag-sabiduria-biblica","18":"product_tag-sociedad-cristiana","19":"product_tag-teologia-para-mujeres","20":"product_tag-testimonio-cristiano","21":"product_tag-vida-espiritual","22":"product_tag-virtud-cristiana","24":"first","25":"instock","26":"sale","27":"shipping-taxable","28":"product-type-simple"},"yoast_head":"<!-- This site is optimized with the Yoast SEO plugin v27.4 - https:\/\/yoast.com\/product\/yoast-seo-wordpress\/ -->\n<title>Al\u00e1benla en las puertas - Publicaciones Aquila<\/title>\n<meta name=\"robots\" content=\"index, follow, max-snippet:-1, max-image-preview:large, max-video-preview:-1\" \/>\n<link rel=\"canonical\" href=\"https:\/\/publicacionesaquila.com\/en\/product\/alabenla-en-las-puertas\/\" \/>\n<meta property=\"og:locale\" content=\"en_US\" \/>\n<meta property=\"og:type\" content=\"article\" \/>\n<meta property=\"og:title\" content=\"Al\u00e1benla en las puertas - Publicaciones Aquila\" \/>\n<meta property=\"og:description\" content=\"&nbsp;  Ordenar este libro   &nbsp;  Una ayuda para la madre cristiana que desea crecer en el sutil arte de edificar una casa con gracia.  &quot;La mujer sabia edifica su casa; mas la necia con sus manos la derriba.&quot; Proverbios 14:1  Ser madre es mucho m\u00e1s que un rol. Es una vocaci\u00f3n divina. Una tarea sagrada. Un ministerio cotidiano lleno de peque\u00f1as decisiones que tienen un impacto eterno.  Este libro nace como una gu\u00eda para la madre cristiana que desea aprender, madurar y refinar el sutil arte de edificar una casa con gracia. No se trata solo de criar hijos, sino de construir un hogar sobre los cimientos de la Palabra de Dios, donde cada palabra, cada acci\u00f3n, cada sacrificio tiene prop\u00f3sito y direcci\u00f3n.  Desde el momento del parto hasta las largas noches de oraci\u00f3n por el bienestar espiritual de tus hijos, esta obra te invita a ver tu labor maternal no como algo mundano o repetitivo, sino como una construcci\u00f3n constante, hecha con amor, paciencia y sabidur\u00eda. Porque cada clavo, cada ense\u00f1anza, cada abrazo y cada correcci\u00f3n ayudan a que la casa familiar permanezca firme en medio de la tempestad.  Edificar una casa requiere santo gozo, perseverancia y un coraz\u00f3n enamorado de la belleza que glorifica a Dios. Esta lectura anima a las madres a cultivar esa mirada: a buscar lo verdadero, lo honorable, lo justo, lo puro, lo amable y lo digno de alabanza (Filipenses 4:8) en medio del caos, el cansancio y la incertidumbre que tambi\u00e9n forman parte de la maternidad.  El libro toca temas profundos y pr\u00e1cticos como el significado del parto, la crianza en enfermedad y salud, la educaci\u00f3n desde una perspectiva b\u00edblica y la importancia de entender las diferencias entre criar hijas e hijos. Aunque no aborda expl\u00edcitamente la necesidad del evangelio en la vida de los ni\u00f1os ni c\u00f3mo present\u00e1rselo claramente, s\u00ed ofrece muchos principios b\u00edblicos valiosos que pueden complementar la labor espiritual que Dios ya est\u00e1 haciendo en el coraz\u00f3n de toda madre que le busca.  Como con cualquier material de consejo, es importante leerlo con discernimiento y en comunidad. Por eso, se recomienda encarecidamente que quien lo lea busque tambi\u00e9n la gu\u00eda de personas sabias y fieles: su esposo, padres, pastores u otros consejeros cristianos, para aplicar estos principios de manera adecuada a su contexto personal.  Si eres una mujer que quiere amar a su familia con mayor profundidad, si deseas ser una columna de fortaleza y gracia en tu hogar, y si anhelas ver tu maternidad como un ministerio usado por Dios, entonces este libro puede ser una bendici\u00f3n en tu camino.  Porque la madre que teme al Se\u00f1or no teme al futuro. Conf\u00eda en el que gobierna todas las cosas y sigue edificando con fe.\" \/>\n<meta property=\"og:url\" content=\"https:\/\/publicacionesaquila.com\/en\/product\/alabenla-en-las-puertas\/\" \/>\n<meta property=\"og:site_name\" content=\"Publicaciones Aquila\" \/>\n<meta property=\"article:modified_time\" content=\"2025-07-14T23:50:48+00:00\" \/>\n<meta property=\"og:image\" content=\"https:\/\/publicacionesaquila.com\/wp-content\/uploads\/2025\/06\/37.jpg\" \/>\n\t<meta property=\"og:image:width\" content=\"1080\" \/>\n\t<meta property=\"og:image:height\" content=\"1080\" \/>\n\t<meta property=\"og:image:type\" content=\"image\/jpeg\" \/>\n<meta name=\"twitter:card\" content=\"summary_large_image\" \/>\n<meta name=\"twitter:label1\" content=\"Est. reading time\" \/>\n\t<meta name=\"twitter:data1\" content=\"1 minute\" \/>\n<script type=\"application\/ld+json\" class=\"yoast-schema-graph\">{\"@context\":\"https:\\\/\\\/schema.org\",\"@graph\":[{\"@type\":\"WebPage\",\"@id\":\"https:\\\/\\\/publicacionesaquila.com\\\/producto\\\/alabenla-en-las-puertas\\\/\",\"url\":\"https:\\\/\\\/publicacionesaquila.com\\\/producto\\\/alabenla-en-las-puertas\\\/\",\"name\":\"Al\u00e1benla en las puertas - Publicaciones Aquila\",\"isPartOf\":{\"@id\":\"https:\\\/\\\/publicacionesaquila.com\\\/#website\"},\"primaryImageOfPage\":{\"@id\":\"https:\\\/\\\/publicacionesaquila.com\\\/producto\\\/alabenla-en-las-puertas\\\/#primaryimage\"},\"image\":{\"@id\":\"https:\\\/\\\/publicacionesaquila.com\\\/producto\\\/alabenla-en-las-puertas\\\/#primaryimage\"},\"thumbnailUrl\":\"https:\\\/\\\/publicacionesaquila.com\\\/wp-content\\\/uploads\\\/2025\\\/06\\\/37.jpg\",\"datePublished\":\"2025-06-23T13:20:26+00:00\",\"dateModified\":\"2025-07-14T23:50:48+00:00\",\"breadcrumb\":{\"@id\":\"https:\\\/\\\/publicacionesaquila.com\\\/producto\\\/alabenla-en-las-puertas\\\/#breadcrumb\"},\"inLanguage\":\"en-US\",\"potentialAction\":[{\"@type\":\"ReadAction\",\"target\":[\"https:\\\/\\\/publicacionesaquila.com\\\/producto\\\/alabenla-en-las-puertas\\\/\"]}]},{\"@type\":\"ImageObject\",\"inLanguage\":\"en-US\",\"@id\":\"https:\\\/\\\/publicacionesaquila.com\\\/producto\\\/alabenla-en-las-puertas\\\/#primaryimage\",\"url\":\"https:\\\/\\\/publicacionesaquila.com\\\/wp-content\\\/uploads\\\/2025\\\/06\\\/37.jpg\",\"contentUrl\":\"https:\\\/\\\/publicacionesaquila.com\\\/wp-content\\\/uploads\\\/2025\\\/06\\\/37.jpg\",\"width\":1080,\"height\":1080},{\"@type\":\"BreadcrumbList\",\"@id\":\"https:\\\/\\\/publicacionesaquila.com\\\/producto\\\/alabenla-en-las-puertas\\\/#breadcrumb\",\"itemListElement\":[{\"@type\":\"ListItem\",\"position\":1,\"name\":\"Portada\",\"item\":\"https:\\\/\\\/publicacionesaquila.com\\\/\"},{\"@type\":\"ListItem\",\"position\":2,\"name\":\"Publicaciones\",\"item\":\"https:\\\/\\\/publicacionesaquila.com\\\/publicaciones\\\/\"},{\"@type\":\"ListItem\",\"position\":3,\"name\":\"Al\u00e1benla en las puertas\"}]},{\"@type\":\"WebSite\",\"@id\":\"https:\\\/\\\/publicacionesaquila.com\\\/#website\",\"url\":\"https:\\\/\\\/publicacionesaquila.com\\\/\",\"name\":\"Publicaciones Aquila\",\"description\":\"Cat\u00e1logo de Libros\",\"potentialAction\":[{\"@type\":\"SearchAction\",\"target\":{\"@type\":\"EntryPoint\",\"urlTemplate\":\"https:\\\/\\\/publicacionesaquila.com\\\/?s={search_term_string}\"},\"query-input\":{\"@type\":\"PropertyValueSpecification\",\"valueRequired\":true,\"valueName\":\"search_term_string\"}}],\"inLanguage\":\"en-US\"}]}<\/script>\n<!-- \/ Yoast SEO plugin. -->","yoast_head_json":{"title":"Al\u00e1benla en las puertas - Publicaciones Aquila","robots":{"index":"index","follow":"follow","max-snippet":"max-snippet:-1","max-image-preview":"max-image-preview:large","max-video-preview":"max-video-preview:-1"},"canonical":"https:\/\/publicacionesaquila.com\/en\/product\/alabenla-en-las-puertas\/","og_locale":"en_US","og_type":"article","og_title":"Al\u00e1benla en las puertas - Publicaciones Aquila","og_description":"&nbsp;  Ordenar este libro   &nbsp;  Una ayuda para la madre cristiana que desea crecer en el sutil arte de edificar una casa con gracia.  \"La mujer sabia edifica su casa; mas la necia con sus manos la derriba.\" Proverbios 14:1  Ser madre es mucho m\u00e1s que un rol. Es una vocaci\u00f3n divina. Una tarea sagrada. Un ministerio cotidiano lleno de peque\u00f1as decisiones que tienen un impacto eterno.  Este libro nace como una gu\u00eda para la madre cristiana que desea aprender, madurar y refinar el sutil arte de edificar una casa con gracia. No se trata solo de criar hijos, sino de construir un hogar sobre los cimientos de la Palabra de Dios, donde cada palabra, cada acci\u00f3n, cada sacrificio tiene prop\u00f3sito y direcci\u00f3n.  Desde el momento del parto hasta las largas noches de oraci\u00f3n por el bienestar espiritual de tus hijos, esta obra te invita a ver tu labor maternal no como algo mundano o repetitivo, sino como una construcci\u00f3n constante, hecha con amor, paciencia y sabidur\u00eda. Porque cada clavo, cada ense\u00f1anza, cada abrazo y cada correcci\u00f3n ayudan a que la casa familiar permanezca firme en medio de la tempestad.  Edificar una casa requiere santo gozo, perseverancia y un coraz\u00f3n enamorado de la belleza que glorifica a Dios. Esta lectura anima a las madres a cultivar esa mirada: a buscar lo verdadero, lo honorable, lo justo, lo puro, lo amable y lo digno de alabanza (Filipenses 4:8) en medio del caos, el cansancio y la incertidumbre que tambi\u00e9n forman parte de la maternidad.  El libro toca temas profundos y pr\u00e1cticos como el significado del parto, la crianza en enfermedad y salud, la educaci\u00f3n desde una perspectiva b\u00edblica y la importancia de entender las diferencias entre criar hijas e hijos. Aunque no aborda expl\u00edcitamente la necesidad del evangelio en la vida de los ni\u00f1os ni c\u00f3mo present\u00e1rselo claramente, s\u00ed ofrece muchos principios b\u00edblicos valiosos que pueden complementar la labor espiritual que Dios ya est\u00e1 haciendo en el coraz\u00f3n de toda madre que le busca.  Como con cualquier material de consejo, es importante leerlo con discernimiento y en comunidad. Por eso, se recomienda encarecidamente que quien lo lea busque tambi\u00e9n la gu\u00eda de personas sabias y fieles: su esposo, padres, pastores u otros consejeros cristianos, para aplicar estos principios de manera adecuada a su contexto personal.  Si eres una mujer que quiere amar a su familia con mayor profundidad, si deseas ser una columna de fortaleza y gracia en tu hogar, y si anhelas ver tu maternidad como un ministerio usado por Dios, entonces este libro puede ser una bendici\u00f3n en tu camino.  Porque la madre que teme al Se\u00f1or no teme al futuro. Conf\u00eda en el que gobierna todas las cosas y sigue edificando con fe.","og_url":"https:\/\/publicacionesaquila.com\/en\/product\/alabenla-en-las-puertas\/","og_site_name":"Publicaciones Aquila","article_modified_time":"2025-07-14T23:50:48+00:00","og_image":[{"width":1080,"height":1080,"url":"https:\/\/publicacionesaquila.com\/wp-content\/uploads\/2025\/06\/37.jpg","type":"image\/jpeg"}],"twitter_card":"summary_large_image","twitter_misc":{"Est. reading time":"1 minute"},"schema":{"@context":"https:\/\/schema.org","@graph":[{"@type":"WebPage","@id":"https:\/\/publicacionesaquila.com\/producto\/alabenla-en-las-puertas\/","url":"https:\/\/publicacionesaquila.com\/producto\/alabenla-en-las-puertas\/","name":"Al\u00e1benla en las puertas - Publicaciones Aquila","isPartOf":{"@id":"https:\/\/publicacionesaquila.com\/#website"},"primaryImageOfPage":{"@id":"https:\/\/publicacionesaquila.com\/producto\/alabenla-en-las-puertas\/#primaryimage"},"image":{"@id":"https:\/\/publicacionesaquila.com\/producto\/alabenla-en-las-puertas\/#primaryimage"},"thumbnailUrl":"https:\/\/publicacionesaquila.com\/wp-content\/uploads\/2025\/06\/37.jpg","datePublished":"2025-06-23T13:20:26+00:00","dateModified":"2025-07-14T23:50:48+00:00","breadcrumb":{"@id":"https:\/\/publicacionesaquila.com\/producto\/alabenla-en-las-puertas\/#breadcrumb"},"inLanguage":"en-US","potentialAction":[{"@type":"ReadAction","target":["https:\/\/publicacionesaquila.com\/producto\/alabenla-en-las-puertas\/"]}]},{"@type":"ImageObject","inLanguage":"en-US","@id":"https:\/\/publicacionesaquila.com\/producto\/alabenla-en-las-puertas\/#primaryimage","url":"https:\/\/publicacionesaquila.com\/wp-content\/uploads\/2025\/06\/37.jpg","contentUrl":"https:\/\/publicacionesaquila.com\/wp-content\/uploads\/2025\/06\/37.jpg","width":1080,"height":1080},{"@type":"BreadcrumbList","@id":"https:\/\/publicacionesaquila.com\/producto\/alabenla-en-las-puertas\/#breadcrumb","itemListElement":[{"@type":"ListItem","position":1,"name":"Portada","item":"https:\/\/publicacionesaquila.com\/"},{"@type":"ListItem","position":2,"name":"Publicaciones","item":"https:\/\/publicacionesaquila.com\/publicaciones\/"},{"@type":"ListItem","position":3,"name":"Al\u00e1benla en las puertas"}]},{"@type":"WebSite","@id":"https:\/\/publicacionesaquila.com\/#website","url":"https:\/\/publicacionesaquila.com\/","name":"Aquila Publications","description":"Cat\u00e1logo de Libros","potentialAction":[{"@type":"SearchAction","target":{"@type":"EntryPoint","urlTemplate":"https:\/\/publicacionesaquila.com\/?s={search_term_string}"},"query-input":{"@type":"PropertyValueSpecification","valueRequired":true,"valueName":"search_term_string"}}],"inLanguage":"en-US"}]}},"_links":{"self":[{"href":"https:\/\/publicacionesaquila.com\/en\/wp-json\/wp\/v2\/product\/2547","targetHints":{"allow":["GET"]}}],"collection":[{"href":"https:\/\/publicacionesaquila.com\/en\/wp-json\/wp\/v2\/product"}],"about":[{"href":"https:\/\/publicacionesaquila.com\/en\/wp-json\/wp\/v2\/types\/product"}],"replies":[{"embeddable":true,"href":"https:\/\/publicacionesaquila.com\/en\/wp-json\/wp\/v2\/comments?post=2547"}],"wp:featuredmedia":[{"embeddable":true,"href":"https:\/\/publicacionesaquila.com\/en\/wp-json\/wp\/v2\/media\/4605"}],"wp:attachment":[{"href":"https:\/\/publicacionesaquila.com\/en\/wp-json\/wp\/v2\/media?parent=2547"}],"wp:term":[{"taxonomy":"product_brand","embeddable":true,"href":"https:\/\/publicacionesaquila.com\/en\/wp-json\/wp\/v2\/product_brand?post=2547"},{"taxonomy":"product_cat","embeddable":true,"href":"https:\/\/publicacionesaquila.com\/en\/wp-json\/wp\/v2\/product_cat?post=2547"},{"taxonomy":"product_tag","embeddable":true,"href":"https:\/\/publicacionesaquila.com\/en\/wp-json\/wp\/v2\/product_tag?post=2547"}],"curies":[{"name":"wp","href":"https:\/\/api.w.org\/{rel}","templated":true}]}}