{"id":2545,"date":"2025-06-23T12:51:45","date_gmt":"2025-06-23T12:51:45","guid":{"rendered":"https:\/\/publicacionesaquila.com\/?post_type=product&#038;p=2545"},"modified":"2025-07-14T23:51:26","modified_gmt":"2025-07-14T23:51:26","slug":"el-fruto-de-sus-manos","status":"publish","type":"product","link":"https:\/\/publicacionesaquila.com\/en\/product\/el-fruto-de-sus-manos\/","title":{"rendered":"The Fruit of Her Hands"},"content":{"rendered":"","protected":false},"excerpt":{"rendered":"<p>&nbsp;<\/p>\n<p><a style=\"display: inline-block; padding: 12px 24px; font-size: 14px; color: black; background-color: white; border: 2px solid #000; border-radius: 5px; text-decoration: none; transition: all 0.3s ease; cursor: pointer;\" href=\"https:\/\/www.cristianismohist.com\/el-fruto-de-sus-manos-the-fruit-of-her-hands-nancy-wilson\/\" target=\"_blank\" rel=\"noopener\">Order this book<br \/>\n<\/a><\/p>\n<p>&nbsp;<\/p>\n<p>A Call for Wives to Respect and Help Their Husbands in a Biblical Way<\/p>\n<p class=\" translation-block\">\"Give her of the fruit of her hands, and let her works praise her in the gates.\"\nProverbs 31:31<\/p>\n<div class=\"my-2\"><\/div>\n<p>In a world where roles and expectations within marriage are increasingly shaped by shifting ideologies and conflicting messages, this book seeks to restore the Christian woman to her biblical identity: a companion, a suitable helper, and a spiritual pillar in the home.<\/p>\n<div class=\"my-2\"><\/div>\n<p class=\" translation-block\">\"Respect and the Christian Woman\" is not merely a call to obedience, but a deep invitation to love, support, and honor your husband from a heart transformed by Christ. Have you ever considered how respect can be a powerful force\u2014not only to build up the man God has given you, but also to strengthen your own relationship with Him?<\/p>\n<div class=\"my-2\"><\/div>\n<p>This book challenges wives to move beyond critical, resentful, or manipulative attitudes that may have quietly taken root in the heart, and to embrace a biblical posture of active support, feminine wisdom, and genuine respect. This is not about passive submission, but about a loving surrender guided by the Word of God\u2014with the purpose of glorifying Him in the most intimate sphere of life: the home.<\/p>\n<div class=\"my-2\"><\/div>\n<p>Just imagine what God could do if Christian men were truly respected and supported by their wives. What blessings, healing, and anointing might the Lord pour out on families, churches, and even nations, if women took seriously their role as \u201ca helper fit for him\u201d (Genesis 2:18)?<\/p>\n<div class=\"my-2\"><\/div>\n<p>Through deep reflections, key Bible passages, and practical applications, this book helps wives examine their hearts, renew their minds, and transform the way they see and treat their husbands. How do you view your husband? Do you see him as \u201cthe apple tree among the trees of the forest\u201d \u2014unique and worthy of your admiration and respect? Or are you viewing him through lenses distorted by modern culture?<\/p>\n<div class=\"my-2\"><\/div>\n<p>Ideal for women who desire to live their marriage with divine purpose, grow emotionally and spiritually, and become instruments of peace, growth, and anointing in their homes, this book is a valuable resource for both those newly married and those who have walked with their husbands for many years and seek to renew their commitment from a biblical perspective.<\/p>\n<div class=\"my-2\"><\/div>\n<p>If you are a wife who longs to discover how your respect can become a powerful tool in God\u2019s hands for transforming lives, this book is for you .<\/p>","protected":false},"featured_media":4600,"comment_status":"closed","ping_status":"closed","template":"","meta":[],"product_brand":[63],"product_cat":[71],"product_tag":[432,434,187,366,193,251,316,430,435,429,431,433,288,372],"class_list":{"0":"post-2545","1":"product","2":"type-product","3":"status-publish","4":"has-post-thumbnail","6":"product_brand-nancy-wilson","7":"product_cat-familia","8":"product_tag-ayuda-idonea","9":"product_tag-crecimiento-espiritual-femenino","10":"product_tag-devocional-para-esposas","11":"product_tag-familia-cristiana","12":"product_tag-fortaleza-espiritual-femenina","13":"product_tag-libros-cristianos-breves","14":"product_tag-matrimonio-cristiano","15":"product_tag-mujer-cristiana","16":"product_tag-piedad-femenina","17":"product_tag-respeto-en-el-matrimonio","18":"product_tag-rol-biblico-de-la-esposa","19":"product_tag-sumision-biblica","20":"product_tag-testimonio-cristiano","21":"product_tag-vida-en-el-hogar","23":"first","24":"instock","25":"sale","26":"shipping-taxable","27":"product-type-simple"},"yoast_head":"<!-- This site is optimized with the Yoast SEO plugin v27.4 - https:\/\/yoast.com\/product\/yoast-seo-wordpress\/ -->\n<title>El fruto de sus manos - Publicaciones Aquila<\/title>\n<meta name=\"robots\" content=\"index, follow, max-snippet:-1, max-image-preview:large, max-video-preview:-1\" \/>\n<link rel=\"canonical\" href=\"https:\/\/publicacionesaquila.com\/en\/product\/el-fruto-de-sus-manos\/\" \/>\n<meta property=\"og:locale\" content=\"en_US\" \/>\n<meta property=\"og:type\" content=\"article\" \/>\n<meta property=\"og:title\" content=\"El fruto de sus manos - Publicaciones Aquila\" \/>\n<meta property=\"og:description\" content=\"&nbsp;  Ordenar este libro   &nbsp;  Un llamado a las esposas a respetar y ayudar a sus esposos de una manera b\u00edblica.  &quot;Dadle del fruto de sus manos, y al\u00e1benla en las puertas sus hechos.&quot; Proverbios 31:31  En un mundo donde los roles y expectativas dentro del matrimonio est\u00e1n cada vez m\u00e1s influenciados por ideolog\u00edas cambiantes y mensajes contradictorios, este libro busca devolver a la mujer cristiana su identidad b\u00edblica como compa\u00f1era, ayuda id\u00f3nea y sost\u00e9n espiritual en el hogar.  &quot;El respeto y la mujer cristiana&quot; no es solo un llamado a obedecer, sino una invitaci\u00f3n profunda a amar, apoyar y honrar a tu marido desde una perspectiva transformada por Cristo. \u00bfAlguna vez has pensado en c\u00f3mo el respeto puede ser una fuerza poderosa para edificar no solo al hombre que Dios te ha dado, sino tambi\u00e9n para fortalecer tu relaci\u00f3n con \u00c9l?  Este libro desaf\u00eda a las esposas a dejar atr\u00e1s las actitudes cr\u00edticas, resentidas o manipuladoras que pueden haberse infiltrado en el coraz\u00f3n sin darse cuenta, y a asumir una postura b\u00edblica de apoyo activo, sabidur\u00eda femenina y respeto genuino. No se trata de una sumisi\u00f3n pasiva, sino de una entrega amorosa guiada por la Palabra de Dios, con el prop\u00f3sito de glorificarle en el \u00e1mbito m\u00e1s \u00edntimo de la vida: el hogar.  Imag\u00ednate lo que podr\u00eda hacer Dios si los hombres cristianos fuesen verdaderamente respetados y apoyados por sus esposas. \u00bfQu\u00e9 bendiciones, sanidad y unci\u00f3n podr\u00eda derramar el Se\u00f1or sobre familias, iglesias y naciones si las mujeres tomaran seriamente su rol como ayuda id\u00f3nea seg\u00fan G\u00e9nesis 2:18?  A trav\u00e9s de reflexiones profundas, vers\u00edculos clave y aplicaciones pr\u00e1cticas, este libro ayuda a las esposas a examinar su coraz\u00f3n, renovar su mente y transformar su manera de ver y tratar a su marido. \u00bfC\u00f3mo contemplas t\u00fa a tu esposo? \u00bfLo ves como &quot;el manzano entre los \u00e1rboles silvestres&quot;, \u00fanico y digno de tu admiraci\u00f3n y respeto? \u00bfO tal vez est\u00e1s viendo a trav\u00e9s de lentes distorsionados por la cultura moderna?  Este libro es ideal para mujeres que desean vivir su matrimonio con prop\u00f3sito divino, madurar emocional y espiritualmente, y ser instrumentos de paz, crecimiento y unci\u00f3n en sus hogares. Es un recurso valioso tanto para quienes reci\u00e9n inician en el matrimonio como para aquellas que llevan a\u00f1os caminando junto a su esposo y desean renovar su compromiso desde una visi\u00f3n b\u00edblica.  Si eres esposa y deseas descubrir c\u00f3mo tu respeto puede ser una herramienta poderosa en las manos de Dios para transformar vidas, este libro es para ti.\" \/>\n<meta property=\"og:url\" content=\"https:\/\/publicacionesaquila.com\/en\/product\/el-fruto-de-sus-manos\/\" \/>\n<meta property=\"og:site_name\" content=\"Publicaciones Aquila\" \/>\n<meta property=\"article:modified_time\" content=\"2025-07-14T23:51:26+00:00\" \/>\n<meta property=\"og:image\" content=\"https:\/\/publicacionesaquila.com\/wp-content\/uploads\/2025\/06\/42.jpg\" \/>\n\t<meta property=\"og:image:width\" content=\"1080\" \/>\n\t<meta property=\"og:image:height\" content=\"1080\" \/>\n\t<meta property=\"og:image:type\" content=\"image\/jpeg\" \/>\n<meta name=\"twitter:card\" content=\"summary_large_image\" \/>\n<meta name=\"twitter:label1\" content=\"Est. reading time\" \/>\n\t<meta name=\"twitter:data1\" content=\"1 minute\" \/>\n<script type=\"application\/ld+json\" class=\"yoast-schema-graph\">{\"@context\":\"https:\\\/\\\/schema.org\",\"@graph\":[{\"@type\":\"WebPage\",\"@id\":\"https:\\\/\\\/publicacionesaquila.com\\\/producto\\\/el-fruto-de-sus-manos\\\/\",\"url\":\"https:\\\/\\\/publicacionesaquila.com\\\/producto\\\/el-fruto-de-sus-manos\\\/\",\"name\":\"El fruto de sus manos - Publicaciones Aquila\",\"isPartOf\":{\"@id\":\"https:\\\/\\\/publicacionesaquila.com\\\/#website\"},\"primaryImageOfPage\":{\"@id\":\"https:\\\/\\\/publicacionesaquila.com\\\/producto\\\/el-fruto-de-sus-manos\\\/#primaryimage\"},\"image\":{\"@id\":\"https:\\\/\\\/publicacionesaquila.com\\\/producto\\\/el-fruto-de-sus-manos\\\/#primaryimage\"},\"thumbnailUrl\":\"https:\\\/\\\/publicacionesaquila.com\\\/wp-content\\\/uploads\\\/2025\\\/06\\\/42.jpg\",\"datePublished\":\"2025-06-23T12:51:45+00:00\",\"dateModified\":\"2025-07-14T23:51:26+00:00\",\"breadcrumb\":{\"@id\":\"https:\\\/\\\/publicacionesaquila.com\\\/producto\\\/el-fruto-de-sus-manos\\\/#breadcrumb\"},\"inLanguage\":\"en-US\",\"potentialAction\":[{\"@type\":\"ReadAction\",\"target\":[\"https:\\\/\\\/publicacionesaquila.com\\\/producto\\\/el-fruto-de-sus-manos\\\/\"]}]},{\"@type\":\"ImageObject\",\"inLanguage\":\"en-US\",\"@id\":\"https:\\\/\\\/publicacionesaquila.com\\\/producto\\\/el-fruto-de-sus-manos\\\/#primaryimage\",\"url\":\"https:\\\/\\\/publicacionesaquila.com\\\/wp-content\\\/uploads\\\/2025\\\/06\\\/42.jpg\",\"contentUrl\":\"https:\\\/\\\/publicacionesaquila.com\\\/wp-content\\\/uploads\\\/2025\\\/06\\\/42.jpg\",\"width\":1080,\"height\":1080},{\"@type\":\"BreadcrumbList\",\"@id\":\"https:\\\/\\\/publicacionesaquila.com\\\/producto\\\/el-fruto-de-sus-manos\\\/#breadcrumb\",\"itemListElement\":[{\"@type\":\"ListItem\",\"position\":1,\"name\":\"Portada\",\"item\":\"https:\\\/\\\/publicacionesaquila.com\\\/\"},{\"@type\":\"ListItem\",\"position\":2,\"name\":\"Publicaciones\",\"item\":\"https:\\\/\\\/publicacionesaquila.com\\\/publicaciones\\\/\"},{\"@type\":\"ListItem\",\"position\":3,\"name\":\"El fruto de sus manos\"}]},{\"@type\":\"WebSite\",\"@id\":\"https:\\\/\\\/publicacionesaquila.com\\\/#website\",\"url\":\"https:\\\/\\\/publicacionesaquila.com\\\/\",\"name\":\"Publicaciones Aquila\",\"description\":\"Cat\u00e1logo de Libros\",\"potentialAction\":[{\"@type\":\"SearchAction\",\"target\":{\"@type\":\"EntryPoint\",\"urlTemplate\":\"https:\\\/\\\/publicacionesaquila.com\\\/?s={search_term_string}\"},\"query-input\":{\"@type\":\"PropertyValueSpecification\",\"valueRequired\":true,\"valueName\":\"search_term_string\"}}],\"inLanguage\":\"en-US\"}]}<\/script>\n<!-- \/ Yoast SEO plugin. -->","yoast_head_json":{"title":"El fruto de sus manos - Publicaciones Aquila","robots":{"index":"index","follow":"follow","max-snippet":"max-snippet:-1","max-image-preview":"max-image-preview:large","max-video-preview":"max-video-preview:-1"},"canonical":"https:\/\/publicacionesaquila.com\/en\/product\/el-fruto-de-sus-manos\/","og_locale":"en_US","og_type":"article","og_title":"El fruto de sus manos - Publicaciones Aquila","og_description":"&nbsp;  Ordenar este libro   &nbsp;  Un llamado a las esposas a respetar y ayudar a sus esposos de una manera b\u00edblica.  \"Dadle del fruto de sus manos, y al\u00e1benla en las puertas sus hechos.\" Proverbios 31:31  En un mundo donde los roles y expectativas dentro del matrimonio est\u00e1n cada vez m\u00e1s influenciados por ideolog\u00edas cambiantes y mensajes contradictorios, este libro busca devolver a la mujer cristiana su identidad b\u00edblica como compa\u00f1era, ayuda id\u00f3nea y sost\u00e9n espiritual en el hogar.  \"El respeto y la mujer cristiana\" no es solo un llamado a obedecer, sino una invitaci\u00f3n profunda a amar, apoyar y honrar a tu marido desde una perspectiva transformada por Cristo. \u00bfAlguna vez has pensado en c\u00f3mo el respeto puede ser una fuerza poderosa para edificar no solo al hombre que Dios te ha dado, sino tambi\u00e9n para fortalecer tu relaci\u00f3n con \u00c9l?  Este libro desaf\u00eda a las esposas a dejar atr\u00e1s las actitudes cr\u00edticas, resentidas o manipuladoras que pueden haberse infiltrado en el coraz\u00f3n sin darse cuenta, y a asumir una postura b\u00edblica de apoyo activo, sabidur\u00eda femenina y respeto genuino. No se trata de una sumisi\u00f3n pasiva, sino de una entrega amorosa guiada por la Palabra de Dios, con el prop\u00f3sito de glorificarle en el \u00e1mbito m\u00e1s \u00edntimo de la vida: el hogar.  Imag\u00ednate lo que podr\u00eda hacer Dios si los hombres cristianos fuesen verdaderamente respetados y apoyados por sus esposas. \u00bfQu\u00e9 bendiciones, sanidad y unci\u00f3n podr\u00eda derramar el Se\u00f1or sobre familias, iglesias y naciones si las mujeres tomaran seriamente su rol como ayuda id\u00f3nea seg\u00fan G\u00e9nesis 2:18?  A trav\u00e9s de reflexiones profundas, vers\u00edculos clave y aplicaciones pr\u00e1cticas, este libro ayuda a las esposas a examinar su coraz\u00f3n, renovar su mente y transformar su manera de ver y tratar a su marido. \u00bfC\u00f3mo contemplas t\u00fa a tu esposo? \u00bfLo ves como \"el manzano entre los \u00e1rboles silvestres\", \u00fanico y digno de tu admiraci\u00f3n y respeto? \u00bfO tal vez est\u00e1s viendo a trav\u00e9s de lentes distorsionados por la cultura moderna?  Este libro es ideal para mujeres que desean vivir su matrimonio con prop\u00f3sito divino, madurar emocional y espiritualmente, y ser instrumentos de paz, crecimiento y unci\u00f3n en sus hogares. Es un recurso valioso tanto para quienes reci\u00e9n inician en el matrimonio como para aquellas que llevan a\u00f1os caminando junto a su esposo y desean renovar su compromiso desde una visi\u00f3n b\u00edblica.  Si eres esposa y deseas descubrir c\u00f3mo tu respeto puede ser una herramienta poderosa en las manos de Dios para transformar vidas, este libro es para ti.","og_url":"https:\/\/publicacionesaquila.com\/en\/product\/el-fruto-de-sus-manos\/","og_site_name":"Publicaciones Aquila","article_modified_time":"2025-07-14T23:51:26+00:00","og_image":[{"width":1080,"height":1080,"url":"https:\/\/publicacionesaquila.com\/wp-content\/uploads\/2025\/06\/42.jpg","type":"image\/jpeg"}],"twitter_card":"summary_large_image","twitter_misc":{"Est. reading time":"1 minute"},"schema":{"@context":"https:\/\/schema.org","@graph":[{"@type":"WebPage","@id":"https:\/\/publicacionesaquila.com\/producto\/el-fruto-de-sus-manos\/","url":"https:\/\/publicacionesaquila.com\/producto\/el-fruto-de-sus-manos\/","name":"El fruto de sus manos - Publicaciones Aquila","isPartOf":{"@id":"https:\/\/publicacionesaquila.com\/#website"},"primaryImageOfPage":{"@id":"https:\/\/publicacionesaquila.com\/producto\/el-fruto-de-sus-manos\/#primaryimage"},"image":{"@id":"https:\/\/publicacionesaquila.com\/producto\/el-fruto-de-sus-manos\/#primaryimage"},"thumbnailUrl":"https:\/\/publicacionesaquila.com\/wp-content\/uploads\/2025\/06\/42.jpg","datePublished":"2025-06-23T12:51:45+00:00","dateModified":"2025-07-14T23:51:26+00:00","breadcrumb":{"@id":"https:\/\/publicacionesaquila.com\/producto\/el-fruto-de-sus-manos\/#breadcrumb"},"inLanguage":"en-US","potentialAction":[{"@type":"ReadAction","target":["https:\/\/publicacionesaquila.com\/producto\/el-fruto-de-sus-manos\/"]}]},{"@type":"ImageObject","inLanguage":"en-US","@id":"https:\/\/publicacionesaquila.com\/producto\/el-fruto-de-sus-manos\/#primaryimage","url":"https:\/\/publicacionesaquila.com\/wp-content\/uploads\/2025\/06\/42.jpg","contentUrl":"https:\/\/publicacionesaquila.com\/wp-content\/uploads\/2025\/06\/42.jpg","width":1080,"height":1080},{"@type":"BreadcrumbList","@id":"https:\/\/publicacionesaquila.com\/producto\/el-fruto-de-sus-manos\/#breadcrumb","itemListElement":[{"@type":"ListItem","position":1,"name":"Portada","item":"https:\/\/publicacionesaquila.com\/"},{"@type":"ListItem","position":2,"name":"Publicaciones","item":"https:\/\/publicacionesaquila.com\/publicaciones\/"},{"@type":"ListItem","position":3,"name":"El fruto de sus manos"}]},{"@type":"WebSite","@id":"https:\/\/publicacionesaquila.com\/#website","url":"https:\/\/publicacionesaquila.com\/","name":"Aquila Publications","description":"Cat\u00e1logo de Libros","potentialAction":[{"@type":"SearchAction","target":{"@type":"EntryPoint","urlTemplate":"https:\/\/publicacionesaquila.com\/?s={search_term_string}"},"query-input":{"@type":"PropertyValueSpecification","valueRequired":true,"valueName":"search_term_string"}}],"inLanguage":"en-US"}]}},"_links":{"self":[{"href":"https:\/\/publicacionesaquila.com\/en\/wp-json\/wp\/v2\/product\/2545","targetHints":{"allow":["GET"]}}],"collection":[{"href":"https:\/\/publicacionesaquila.com\/en\/wp-json\/wp\/v2\/product"}],"about":[{"href":"https:\/\/publicacionesaquila.com\/en\/wp-json\/wp\/v2\/types\/product"}],"replies":[{"embeddable":true,"href":"https:\/\/publicacionesaquila.com\/en\/wp-json\/wp\/v2\/comments?post=2545"}],"wp:featuredmedia":[{"embeddable":true,"href":"https:\/\/publicacionesaquila.com\/en\/wp-json\/wp\/v2\/media\/4600"}],"wp:attachment":[{"href":"https:\/\/publicacionesaquila.com\/en\/wp-json\/wp\/v2\/media?parent=2545"}],"wp:term":[{"taxonomy":"product_brand","embeddable":true,"href":"https:\/\/publicacionesaquila.com\/en\/wp-json\/wp\/v2\/product_brand?post=2545"},{"taxonomy":"product_cat","embeddable":true,"href":"https:\/\/publicacionesaquila.com\/en\/wp-json\/wp\/v2\/product_cat?post=2545"},{"taxonomy":"product_tag","embeddable":true,"href":"https:\/\/publicacionesaquila.com\/en\/wp-json\/wp\/v2\/product_tag?post=2545"}],"curies":[{"name":"wp","href":"https:\/\/api.w.org\/{rel}","templated":true}]}}