{"id":2342,"date":"2025-06-22T20:28:42","date_gmt":"2025-06-22T20:28:42","guid":{"rendered":"https:\/\/publicacionesaquila.com\/?post_type=product&#038;p=2342"},"modified":"2025-07-14T23:52:04","modified_gmt":"2025-07-14T23:52:04","slug":"una-teologia-de-la-familia","status":"publish","type":"product","link":"https:\/\/publicacionesaquila.com\/en\/product\/una-teologia-de-la-familia\/","title":{"rendered":"A theology of the family"},"content":{"rendered":"","protected":false},"excerpt":{"rendered":"<p>&nbsp;<\/p>\n<p><a style=\"display: inline-block; padding: 12px 24px; font-size: 14px; color: black; background-color: white; border: 2px solid #000; border-radius: 5px; text-decoration: none; transition: all 0.3s ease; cursor: pointer;\" href=\"https:\/\/www.cristianismohist.com\/una-teologia-de-la-familia-a-theology-of-the-family\/\" target=\"_blank\" rel=\"noopener\">Order this book<br \/>\n<\/a><\/p>\n<p>&nbsp;<\/p>\n<p data-spm-anchor-id=\"a2ty_o01.29997173.0.i46.5195c921OxiTpX\" class=\" translation-block\">In an era marked by profound cultural, moral, and social changes, this book offers a clear, biblical, and much-needed voice on the subject of family. Written by Jeff Pollard and Scott T. Brown, A Theology of the Family presents a vision that has been ignored or even rejected by many in the modern church: the family is not merely a social institution, but a divine design established by God from the very beginning of creation.<\/p>\n<div class=\"my-2\"><\/div>\n<p class=\" translation-block\">The author explores how the family is a fundamental part of God\u2019s redemptive purpose, showing that it is not simply a traditional structure that can be reshaped to fit the preferences of each generation, but a spiritual reality ordained by God to reflect His character, promote holiness, and pass the faith from one generation to the next.<\/p>\n<div class=\"my-2\"><\/div>\n<p>From the union of Adam and Eve to Paul\u2019s teaching on the roles of parents and children in Ephesians 6, this book helps the reader:<\/p>\n<ul>\n<li>Recognize the importance of the family according to God\u2019s original plan.<\/li>\n<li>Understand why marriage between a man and a woman is the foundation of family life.<\/li>\n<li>Restore biblical roles such as the father\u2019s responsible leadership, the mother\u2019s dignity and support, and the godly upbringing of children.<\/li>\n<li>Resist cultural influences that seek to distort or replace God\u2019s model for the family.<\/li>\n<\/ul>\n<p>&nbsp;<\/p>\n<p>Rooted in Scripture and written with pastoral insight, this work invites readers to recover the biblical vision of the family as a privileged space for worship, spiritual formation, and Christian witness in the world.<\/p>\n<div class=\"my-2\"><\/div>\n<p class=\" translation-block\">Ideal for both personal study and group discussion, A Theology of the Family not only challenges the reader to rethink their view of the home, but also offers hope, guidance, and encouragement for restoring the family as a powerful tool in God\u2019s hands.<\/p>\n<div class=\"my-2\"><\/div>\n<p>May the Holy Spirit use these pages to awaken in many hearts a genuine hunger to live according to God\u2019s design for the family, so that through consecrated homes, the name of the Lord may be glorified.<\/p>\n<p>&nbsp;<\/p>\n<p>&nbsp;<\/p>","protected":false},"featured_media":4610,"comment_status":"closed","ping_status":"closed","template":"","meta":[],"product_brand":[64],"product_cat":[71],"product_tag":[376,368,284,366,251,369,164,374,370,367,365,371,373,375,372],"class_list":{"0":"post-2342","1":"product","2":"type-product","3":"status-publish","4":"has-post-thumbnail","6":"product_brand-jeff-pollard-scott-t-brown","7":"product_cat-familia","8":"product_tag-adoracion-familiar","9":"product_tag-crianza-cristiana","10":"product_tag-etica-cristiana","11":"product_tag-familia-cristiana","12":"product_tag-libros-cristianos-breves","13":"product_tag-liderazgo-paterno","14":"product_tag-matrimonio-biblico","15":"product_tag-restauracion-familiar","16":"product_tag-rol-de-la-madre-cristiana","17":"product_tag-roles-en-la-familia","18":"product_tag-teologia-de-la-familia","19":"product_tag-transmision-de-la-fe","20":"product_tag-valores-biblicos-en-la-familia","21":"product_tag-vida-cristiana-en-el-hogar","22":"product_tag-vida-en-el-hogar","24":"first","25":"instock","26":"sale","27":"shipping-taxable","28":"product-type-simple"},"yoast_head":"<!-- This site is optimized with the Yoast SEO plugin v27.4 - https:\/\/yoast.com\/product\/yoast-seo-wordpress\/ -->\n<title>Una teolog\u00eda de la familia - Publicaciones Aquila<\/title>\n<meta name=\"robots\" content=\"index, follow, max-snippet:-1, max-image-preview:large, max-video-preview:-1\" \/>\n<link rel=\"canonical\" href=\"https:\/\/publicacionesaquila.com\/en\/product\/una-teologia-de-la-familia\/\" \/>\n<meta property=\"og:locale\" content=\"en_US\" \/>\n<meta property=\"og:type\" content=\"article\" \/>\n<meta property=\"og:title\" content=\"Una teolog\u00eda de la familia - Publicaciones Aquila\" \/>\n<meta property=\"og:description\" content=\"&nbsp;  Ordenar este libro   &nbsp; En un tiempo marcado por profundos cambios culturales, morales y sociales, este libro ofrece una voz clara, b\u00edblica y necesaria sobre el tema de la familia. Escrito por Jeff Pollard y Scott T. Brown , Una teolog\u00eda de la familia presenta una visi\u00f3n que ha sido ignorada o incluso rechazada por muchos en la iglesia moderna: la familia no es solo una instituci\u00f3n social, sino un dise\u00f1o divino establecido por Dios desde la creaci\u00f3n.   El autor explora c\u00f3mo la familia es parte fundamental del prop\u00f3sito redentor de Dios , mostrando que no se trata simplemente de una estructura tradicional que puede ser adaptada a los gustos de cada \u00e9poca, sino de una realidad espiritual, ordenada por Dios para reflejar Su car\u00e1cter, promover la santidad y transmitir la fe de generaci\u00f3n en generaci\u00f3n.  Desde la uni\u00f3n de Ad\u00e1n y Eva hasta la ense\u00f1anza de Pablo sobre el rol de padres e hijos en Efesios 6, este libro ayuda al lector a:   Reconocer la importancia de la familia seg\u00fan el plan original de Dios.  Entender por qu\u00e9 el matrimonio entre hombre y mujer es el fundamento de la vida familiar.  Restaurar roles b\u00edblicos como el liderazgo responsable del padre, la dignidad y apoyo de la madre, y la educaci\u00f3n piadosa de los hijos.  Combatir las influencias culturales que buscan distorsionar o reemplazar el modelo divino de la familia.  &nbsp;  Con base en las Escrituras y una mirada pastoral, esta obra invita a recuperar la visi\u00f3n b\u00edblica de la familia como espacio privilegiado para la adoraci\u00f3n, la formaci\u00f3n espiritual y el testimonio cristiano en el mundo.  Ideal tanto para estudio personal como grupal, Una teolog\u00eda de la familia no solo desaf\u00eda al lector a reconsiderar su visi\u00f3n sobre el hogar, sino que tambi\u00e9n ofrece esperanza, direcci\u00f3n y \u00e1nimo para restaurar la familia como una herramienta poderosa en manos de Dios.  Que el Esp\u00edritu Santo use estas p\u00e1ginas para despertar en muchos corazones un hambre genuina por vivir conforme al designio de Dios para la familia, y que as\u00ed, por medio de hogares consagrados, se glorifique el nombre del Se\u00f1or.  &nbsp;  &nbsp;\" \/>\n<meta property=\"og:url\" content=\"https:\/\/publicacionesaquila.com\/en\/product\/una-teologia-de-la-familia\/\" \/>\n<meta property=\"og:site_name\" content=\"Publicaciones Aquila\" \/>\n<meta property=\"article:modified_time\" content=\"2025-07-14T23:52:04+00:00\" \/>\n<meta property=\"og:image\" content=\"https:\/\/publicacionesaquila.com\/wp-content\/uploads\/2025\/06\/32.jpg\" \/>\n\t<meta property=\"og:image:width\" content=\"1080\" \/>\n\t<meta property=\"og:image:height\" content=\"1080\" \/>\n\t<meta property=\"og:image:type\" content=\"image\/jpeg\" \/>\n<meta name=\"twitter:card\" content=\"summary_large_image\" \/>\n<meta name=\"twitter:label1\" content=\"Est. reading time\" \/>\n\t<meta name=\"twitter:data1\" content=\"1 minute\" \/>\n<script type=\"application\/ld+json\" class=\"yoast-schema-graph\">{\"@context\":\"https:\\\/\\\/schema.org\",\"@graph\":[{\"@type\":\"WebPage\",\"@id\":\"https:\\\/\\\/publicacionesaquila.com\\\/producto\\\/una-teologia-de-la-familia\\\/\",\"url\":\"https:\\\/\\\/publicacionesaquila.com\\\/producto\\\/una-teologia-de-la-familia\\\/\",\"name\":\"Una teolog\u00eda de la familia - Publicaciones Aquila\",\"isPartOf\":{\"@id\":\"https:\\\/\\\/publicacionesaquila.com\\\/#website\"},\"primaryImageOfPage\":{\"@id\":\"https:\\\/\\\/publicacionesaquila.com\\\/producto\\\/una-teologia-de-la-familia\\\/#primaryimage\"},\"image\":{\"@id\":\"https:\\\/\\\/publicacionesaquila.com\\\/producto\\\/una-teologia-de-la-familia\\\/#primaryimage\"},\"thumbnailUrl\":\"https:\\\/\\\/publicacionesaquila.com\\\/wp-content\\\/uploads\\\/2025\\\/06\\\/32.jpg\",\"datePublished\":\"2025-06-22T20:28:42+00:00\",\"dateModified\":\"2025-07-14T23:52:04+00:00\",\"breadcrumb\":{\"@id\":\"https:\\\/\\\/publicacionesaquila.com\\\/producto\\\/una-teologia-de-la-familia\\\/#breadcrumb\"},\"inLanguage\":\"en-US\",\"potentialAction\":[{\"@type\":\"ReadAction\",\"target\":[\"https:\\\/\\\/publicacionesaquila.com\\\/producto\\\/una-teologia-de-la-familia\\\/\"]}]},{\"@type\":\"ImageObject\",\"inLanguage\":\"en-US\",\"@id\":\"https:\\\/\\\/publicacionesaquila.com\\\/producto\\\/una-teologia-de-la-familia\\\/#primaryimage\",\"url\":\"https:\\\/\\\/publicacionesaquila.com\\\/wp-content\\\/uploads\\\/2025\\\/06\\\/32.jpg\",\"contentUrl\":\"https:\\\/\\\/publicacionesaquila.com\\\/wp-content\\\/uploads\\\/2025\\\/06\\\/32.jpg\",\"width\":1080,\"height\":1080},{\"@type\":\"BreadcrumbList\",\"@id\":\"https:\\\/\\\/publicacionesaquila.com\\\/producto\\\/una-teologia-de-la-familia\\\/#breadcrumb\",\"itemListElement\":[{\"@type\":\"ListItem\",\"position\":1,\"name\":\"Portada\",\"item\":\"https:\\\/\\\/publicacionesaquila.com\\\/\"},{\"@type\":\"ListItem\",\"position\":2,\"name\":\"Publicaciones\",\"item\":\"https:\\\/\\\/publicacionesaquila.com\\\/publicaciones\\\/\"},{\"@type\":\"ListItem\",\"position\":3,\"name\":\"Una teolog\u00eda de la familia\"}]},{\"@type\":\"WebSite\",\"@id\":\"https:\\\/\\\/publicacionesaquila.com\\\/#website\",\"url\":\"https:\\\/\\\/publicacionesaquila.com\\\/\",\"name\":\"Publicaciones Aquila\",\"description\":\"Cat\u00e1logo de Libros\",\"potentialAction\":[{\"@type\":\"SearchAction\",\"target\":{\"@type\":\"EntryPoint\",\"urlTemplate\":\"https:\\\/\\\/publicacionesaquila.com\\\/?s={search_term_string}\"},\"query-input\":{\"@type\":\"PropertyValueSpecification\",\"valueRequired\":true,\"valueName\":\"search_term_string\"}}],\"inLanguage\":\"en-US\"}]}<\/script>\n<!-- \/ Yoast SEO plugin. -->","yoast_head_json":{"title":"Una teolog\u00eda de la familia - Publicaciones Aquila","robots":{"index":"index","follow":"follow","max-snippet":"max-snippet:-1","max-image-preview":"max-image-preview:large","max-video-preview":"max-video-preview:-1"},"canonical":"https:\/\/publicacionesaquila.com\/en\/product\/una-teologia-de-la-familia\/","og_locale":"en_US","og_type":"article","og_title":"Una teolog\u00eda de la familia - Publicaciones Aquila","og_description":"&nbsp;  Ordenar este libro   &nbsp; En un tiempo marcado por profundos cambios culturales, morales y sociales, este libro ofrece una voz clara, b\u00edblica y necesaria sobre el tema de la familia. Escrito por Jeff Pollard y Scott T. Brown , Una teolog\u00eda de la familia presenta una visi\u00f3n que ha sido ignorada o incluso rechazada por muchos en la iglesia moderna: la familia no es solo una instituci\u00f3n social, sino un dise\u00f1o divino establecido por Dios desde la creaci\u00f3n.   El autor explora c\u00f3mo la familia es parte fundamental del prop\u00f3sito redentor de Dios , mostrando que no se trata simplemente de una estructura tradicional que puede ser adaptada a los gustos de cada \u00e9poca, sino de una realidad espiritual, ordenada por Dios para reflejar Su car\u00e1cter, promover la santidad y transmitir la fe de generaci\u00f3n en generaci\u00f3n.  Desde la uni\u00f3n de Ad\u00e1n y Eva hasta la ense\u00f1anza de Pablo sobre el rol de padres e hijos en Efesios 6, este libro ayuda al lector a:   Reconocer la importancia de la familia seg\u00fan el plan original de Dios.  Entender por qu\u00e9 el matrimonio entre hombre y mujer es el fundamento de la vida familiar.  Restaurar roles b\u00edblicos como el liderazgo responsable del padre, la dignidad y apoyo de la madre, y la educaci\u00f3n piadosa de los hijos.  Combatir las influencias culturales que buscan distorsionar o reemplazar el modelo divino de la familia.  &nbsp;  Con base en las Escrituras y una mirada pastoral, esta obra invita a recuperar la visi\u00f3n b\u00edblica de la familia como espacio privilegiado para la adoraci\u00f3n, la formaci\u00f3n espiritual y el testimonio cristiano en el mundo.  Ideal tanto para estudio personal como grupal, Una teolog\u00eda de la familia no solo desaf\u00eda al lector a reconsiderar su visi\u00f3n sobre el hogar, sino que tambi\u00e9n ofrece esperanza, direcci\u00f3n y \u00e1nimo para restaurar la familia como una herramienta poderosa en manos de Dios.  Que el Esp\u00edritu Santo use estas p\u00e1ginas para despertar en muchos corazones un hambre genuina por vivir conforme al designio de Dios para la familia, y que as\u00ed, por medio de hogares consagrados, se glorifique el nombre del Se\u00f1or.  &nbsp;  &nbsp;","og_url":"https:\/\/publicacionesaquila.com\/en\/product\/una-teologia-de-la-familia\/","og_site_name":"Publicaciones Aquila","article_modified_time":"2025-07-14T23:52:04+00:00","og_image":[{"width":1080,"height":1080,"url":"https:\/\/publicacionesaquila.com\/wp-content\/uploads\/2025\/06\/32.jpg","type":"image\/jpeg"}],"twitter_card":"summary_large_image","twitter_misc":{"Est. reading time":"1 minute"},"schema":{"@context":"https:\/\/schema.org","@graph":[{"@type":"WebPage","@id":"https:\/\/publicacionesaquila.com\/producto\/una-teologia-de-la-familia\/","url":"https:\/\/publicacionesaquila.com\/producto\/una-teologia-de-la-familia\/","name":"Una teolog\u00eda de la familia - Publicaciones Aquila","isPartOf":{"@id":"https:\/\/publicacionesaquila.com\/#website"},"primaryImageOfPage":{"@id":"https:\/\/publicacionesaquila.com\/producto\/una-teologia-de-la-familia\/#primaryimage"},"image":{"@id":"https:\/\/publicacionesaquila.com\/producto\/una-teologia-de-la-familia\/#primaryimage"},"thumbnailUrl":"https:\/\/publicacionesaquila.com\/wp-content\/uploads\/2025\/06\/32.jpg","datePublished":"2025-06-22T20:28:42+00:00","dateModified":"2025-07-14T23:52:04+00:00","breadcrumb":{"@id":"https:\/\/publicacionesaquila.com\/producto\/una-teologia-de-la-familia\/#breadcrumb"},"inLanguage":"en-US","potentialAction":[{"@type":"ReadAction","target":["https:\/\/publicacionesaquila.com\/producto\/una-teologia-de-la-familia\/"]}]},{"@type":"ImageObject","inLanguage":"en-US","@id":"https:\/\/publicacionesaquila.com\/producto\/una-teologia-de-la-familia\/#primaryimage","url":"https:\/\/publicacionesaquila.com\/wp-content\/uploads\/2025\/06\/32.jpg","contentUrl":"https:\/\/publicacionesaquila.com\/wp-content\/uploads\/2025\/06\/32.jpg","width":1080,"height":1080},{"@type":"BreadcrumbList","@id":"https:\/\/publicacionesaquila.com\/producto\/una-teologia-de-la-familia\/#breadcrumb","itemListElement":[{"@type":"ListItem","position":1,"name":"Portada","item":"https:\/\/publicacionesaquila.com\/"},{"@type":"ListItem","position":2,"name":"Publicaciones","item":"https:\/\/publicacionesaquila.com\/publicaciones\/"},{"@type":"ListItem","position":3,"name":"Una teolog\u00eda de la familia"}]},{"@type":"WebSite","@id":"https:\/\/publicacionesaquila.com\/#website","url":"https:\/\/publicacionesaquila.com\/","name":"Aquila Publications","description":"Cat\u00e1logo de Libros","potentialAction":[{"@type":"SearchAction","target":{"@type":"EntryPoint","urlTemplate":"https:\/\/publicacionesaquila.com\/?s={search_term_string}"},"query-input":{"@type":"PropertyValueSpecification","valueRequired":true,"valueName":"search_term_string"}}],"inLanguage":"en-US"}]}},"_links":{"self":[{"href":"https:\/\/publicacionesaquila.com\/en\/wp-json\/wp\/v2\/product\/2342","targetHints":{"allow":["GET"]}}],"collection":[{"href":"https:\/\/publicacionesaquila.com\/en\/wp-json\/wp\/v2\/product"}],"about":[{"href":"https:\/\/publicacionesaquila.com\/en\/wp-json\/wp\/v2\/types\/product"}],"replies":[{"embeddable":true,"href":"https:\/\/publicacionesaquila.com\/en\/wp-json\/wp\/v2\/comments?post=2342"}],"wp:featuredmedia":[{"embeddable":true,"href":"https:\/\/publicacionesaquila.com\/en\/wp-json\/wp\/v2\/media\/4610"}],"wp:attachment":[{"href":"https:\/\/publicacionesaquila.com\/en\/wp-json\/wp\/v2\/media?parent=2342"}],"wp:term":[{"taxonomy":"product_brand","embeddable":true,"href":"https:\/\/publicacionesaquila.com\/en\/wp-json\/wp\/v2\/product_brand?post=2342"},{"taxonomy":"product_cat","embeddable":true,"href":"https:\/\/publicacionesaquila.com\/en\/wp-json\/wp\/v2\/product_cat?post=2342"},{"taxonomy":"product_tag","embeddable":true,"href":"https:\/\/publicacionesaquila.com\/en\/wp-json\/wp\/v2\/product_tag?post=2342"}],"curies":[{"name":"wp","href":"https:\/\/api.w.org\/{rel}","templated":true}]}}