{"id":1158,"date":"2022-06-15T07:41:41","date_gmt":"2022-06-15T07:41:41","guid":{"rendered":"https:\/\/nicktesting.kinsta.cloud\/shopdiko1\/?page_id=1158"},"modified":"2025-07-15T15:37:37","modified_gmt":"2025-07-15T15:37:37","slug":"aquila","status":"publish","type":"page","link":"https:\/\/publicacionesaquila.com\/en\/aquila\/","title":{"rendered":"Aquila"},"content":{"rendered":"<div data-elementor-type=\"wp-page\" data-elementor-id=\"1158\" class=\"elementor elementor-1158\">\n\t\t\t\t<div class=\"elementor-element elementor-element-0b5e3fc e-flex e-con-boxed wpr-particle-no wpr-jarallax-no wpr-parallax-no wpr-sticky-section-no wpr-equal-height-no e-con e-parent\" data-id=\"0b5e3fc\" data-element_type=\"container\" data-e-type=\"container\">\n\t\t\t\t\t<div class=\"e-con-inner\">\n\t\t\t\t<div class=\"elementor-element elementor-element-36f6ada elementor-widget elementor-widget-heading\" data-id=\"36f6ada\" data-element_type=\"widget\" data-e-type=\"widget\" data-widget_type=\"heading.default\">\n\t\t\t\t<div class=\"elementor-widget-container\">\n\t\t\t\t\t<h2 class=\"elementor-heading-title elementor-size-default translation-block\">About <i>Us<\/i><\/h2>\t\t\t\t<\/div>\n\t\t\t\t<\/div>\n\t\t\t\t\t<\/div>\n\t\t\t\t<\/div>\n\t\t\t\t<section class=\"elementor-section elementor-top-section elementor-element elementor-element-240819f5 elementor-section-boxed elementor-section-height-default elementor-section-height-default wpr-particle-no wpr-jarallax-no wpr-parallax-no wpr-sticky-section-no wpr-equal-height-no\" data-id=\"240819f5\" data-element_type=\"section\" data-e-type=\"section\">\n\t\t\t\t\t\t<div class=\"elementor-container elementor-column-gap-default\">\n\t\t\t\t\t<div class=\"elementor-column elementor-col-50 elementor-top-column elementor-element elementor-element-1e17ae07\" data-id=\"1e17ae07\" data-element_type=\"column\" data-e-type=\"column\">\n\t\t\t<div class=\"elementor-widget-wrap elementor-element-populated\">\n\t\t\t\t\t\t<div class=\"elementor-element elementor-element-7891841c elementor-widget elementor-widget-text-editor\" data-id=\"7891841c\" data-element_type=\"widget\" data-e-type=\"widget\" data-widget_type=\"text-editor.default\">\n\t\t\t\t<div class=\"elementor-widget-container\">\n\t\t\t\t\t\t\t\t\t<p><em>Then he came to Ephesus\u2026 Apollos\u2026 and he began to speak boldly in the synagogue. But when Priscilla and Aquila heard him, they took him aside and explained to him the way of God more accurately. And when he wished to cross over to Achaia, the brothers encouraged him\u2026 and when he arrived, he greatly helped those who had believed through grace\u2026<\/em><\/p><p><em>What then is Apollos? What is Paul? Servants through whom you believed\u2026 For who makes you different? What do you have that you did not receive? And if you received it, why do you boast as though you had not received it?<\/em><\/p><p><strong>(Acts 18:24, 26\u201328; 1 Corinthians 3:5\u20136, 4:7 NASB)<\/strong><\/p><p>Before my call to pastoral ministry, I was blessed to be shepherded by a wise man who took me aside and counseled me, explaining to me more accurately the way of God. As part of his counsel, this pastor introduced me\u2014through his writings\u2014to pastors and teachers from the past who had been helpful in his own pastoral ministry.<\/p><p>The help I have received from this modern-day Aquila, and the help I have received from others through their writings, has overflowed to the good of Christ\u2019s sheep among whom I have served the Lord for more than a quarter of a century, as well as to the good of other local flocks of Christ that we have been able to assist.<\/p><p class=\" translation-block\">Aquila Publications was born out of a pastoral burden to share these kinds of books with the many Spanish-speaking pastors and congregations who are unaware of such sources of biblical help.<\/p><p>Pastor Jeff Smith and brother Martin Ram\u00edrez have overseen this ministry with me. We are grateful for the substantial help we have received from members of other local churches.<\/p><p>May the Lord allow the content of books like these to be used by God as an Aquila or a Priscilla\u2014someone who takes us aside and, in the private context of Bible study and meditation, explains to us more accurately the way of God, for the good of many, for the glory of God, and for the advancement of the kingdom of our beloved Lord Jesus Christ.<\/p>\t\t\t\t\t\t\t\t<\/div>\n\t\t\t\t<\/div>\n\t\t\t\t<div class=\"elementor-element elementor-element-2f83a66 elementor-widget elementor-widget-heading\" data-id=\"2f83a66\" data-element_type=\"widget\" data-e-type=\"widget\" data-widget_type=\"heading.default\">\n\t\t\t\t<div class=\"elementor-widget-container\">\n\t\t\t\t\t<h2 class=\"elementor-heading-title elementor-size-default translation-block\">Administrative <i>Staff<\/i><\/h2>\t\t\t\t<\/div>\n\t\t\t\t<\/div>\n\t\t\t\t<div class=\"elementor-element elementor-element-2b5eb96 elementor-widget elementor-widget-text-editor\" data-id=\"2b5eb96\" data-element_type=\"widget\" data-e-type=\"widget\" data-widget_type=\"text-editor.default\">\n\t\t\t\t<div class=\"elementor-widget-container\">\n\t\t\t\t\t\t\t\t\t<p><b>Editor in chief:<\/b> Eugenio Pi\u00f1ero<br \/><b>Trustees:<\/b> Eugenio Pi\u00f1ero, Jeff Smith &amp; Martin Ramirez<br \/><b>Assistant Editor: <\/b>Angelo Mercado<br \/><strong>Administrative Secretary:<\/strong> Miriam Pimentel<br \/><strong>Board member:<\/strong> Melissa Pelletier &amp; Ariel Rodriguez<\/p>\t\t\t\t\t\t\t\t<\/div>\n\t\t\t\t<\/div>\n\t\t\t\t\t<\/div>\n\t\t<\/div>\n\t\t\t\t<div class=\"elementor-column elementor-col-50 elementor-top-column elementor-element elementor-element-185f9abc\" data-id=\"185f9abc\" data-element_type=\"column\" data-e-type=\"column\">\n\t\t\t<div class=\"elementor-widget-wrap elementor-element-populated\">\n\t\t\t\t\t\t<div class=\"elementor-element elementor-element-289c2f4f elementor-widget elementor-widget-image\" data-id=\"289c2f4f\" data-element_type=\"widget\" data-e-type=\"widget\" data-widget_type=\"image.default\">\n\t\t\t\t<div class=\"elementor-widget-container\">\n\t\t\t\t\t\t\t\t\t\t\t\t<figure class=\"wp-caption\">\n\t\t\t\t\t\t\t\t\t\t<img fetchpriority=\"high\" decoding=\"async\" width=\"350\" height=\"350\" src=\"https:\/\/publicacionesaquila.com\/wp-content\/uploads\/2025\/06\/pastor-pinero-2023-1-1-e1750901395491.jpg\" class=\"attachment-large size-large wp-image-2895\" alt=\"\" srcset=\"https:\/\/publicacionesaquila.com\/wp-content\/uploads\/2025\/06\/pastor-pinero-2023-1-1-e1750901395491.jpg 350w, https:\/\/publicacionesaquila.com\/wp-content\/uploads\/2025\/06\/pastor-pinero-2023-1-1-e1750901395491-300x300.jpg 300w, https:\/\/publicacionesaquila.com\/wp-content\/uploads\/2025\/06\/pastor-pinero-2023-1-1-e1750901395491-150x150.jpg 150w, https:\/\/publicacionesaquila.com\/wp-content\/uploads\/2025\/06\/pastor-pinero-2023-1-1-e1750901395491-100x100.jpg 100w\" sizes=\"(max-width: 350px) 100vw, 350px\" \/>\t\t\t\t\t\t\t\t\t\t\t<figcaption class=\"widget-image-caption wp-caption-text translation-block\">Pr. Eugenio Pi\u00f1ero<br>Iglesia Bautista Reformada de North Bergen New Jersey USA<br>Publicaciones Aquila<\/figcaption>\n\t\t\t\t\t\t\t\t\t\t<\/figure>\n\t\t\t\t\t\t\t\t\t<\/div>\n\t\t\t\t<\/div>\n\t\t\t\t\t<\/div>\n\t\t<\/div>\n\t\t\t\t\t<\/div>\n\t\t<\/section>\n\t\t\t\t<section class=\"elementor-section elementor-top-section elementor-element elementor-element-815851a elementor-section-height-min-height elementor-section-boxed elementor-section-height-default elementor-section-items-middle wpr-particle-no wpr-jarallax-no wpr-parallax-no wpr-sticky-section-no wpr-equal-height-no\" data-id=\"815851a\" data-element_type=\"section\" data-e-type=\"section\" data-settings=\"{&quot;background_background&quot;:&quot;classic&quot;}\">\n\t\t\t\t\t\t\t<div class=\"elementor-background-overlay\"><\/div>\n\t\t\t\t\t\t\t<div class=\"elementor-container elementor-column-gap-default\">\n\t\t\t\t\t<div class=\"elementor-column elementor-col-50 elementor-top-column elementor-element elementor-element-39f9b9bd elementor-hidden-tablet elementor-hidden-mobile\" data-id=\"39f9b9bd\" data-element_type=\"column\" data-e-type=\"column\">\n\t\t\t<div class=\"elementor-widget-wrap\">\n\t\t\t\t\t\t\t<\/div>\n\t\t<\/div>\n\t\t\t\t<div class=\"elementor-column elementor-col-50 elementor-top-column elementor-element elementor-element-65fcda6a\" data-id=\"65fcda6a\" data-element_type=\"column\" data-e-type=\"column\">\n\t\t\t<div class=\"elementor-widget-wrap elementor-element-populated\">\n\t\t\t\t\t\t<div class=\"elementor-element elementor-element-7797159b elementor-widget elementor-widget-heading\" data-id=\"7797159b\" data-element_type=\"widget\" data-e-type=\"widget\" data-widget_type=\"heading.default\">\n\t\t\t\t<div class=\"elementor-widget-container\">\n\t\t\t\t\t<h2 class=\"elementor-heading-title elementor-size-default translation-block\">Our <i>Vision<\/i><\/h2>\t\t\t\t<\/div>\n\t\t\t\t<\/div>\n\t\t\t\t<div class=\"elementor-element elementor-element-7d038adc elementor-widget-divider--view-line elementor-widget elementor-widget-divider\" data-id=\"7d038adc\" data-element_type=\"widget\" data-e-type=\"widget\" data-widget_type=\"divider.default\">\n\t\t\t\t<div class=\"elementor-widget-container\">\n\t\t\t\t\t\t\t<div class=\"elementor-divider\">\n\t\t\t<span class=\"elementor-divider-separator\">\n\t\t\t\t\t\t<\/span>\n\t\t<\/div>\n\t\t\t\t\t\t<\/div>\n\t\t\t\t<\/div>\n\t\t\t\t<div class=\"elementor-element elementor-element-7b2e89c2 elementor-widget elementor-widget-text-editor\" data-id=\"7b2e89c2\" data-element_type=\"widget\" data-e-type=\"widget\" data-widget_type=\"text-editor.default\">\n\t\t\t\t<div class=\"elementor-widget-container\">\n\t\t\t\t\t\t\t\t\t<p data-spm-anchor-id=\"a2ty_o01.29997173.0.i51.7d81c921rLWFt0\">That each publication would be a tool used by the Holy Spirit to build up the saints, restore biblical knowledge, and lead many to a life transformed by the gospel of Jesus Christ.<\/p><p>We pray that through these writings, God would raise up churches and families where the Bible is honored as the only infallible rule of faith and practice, for the salvation of souls and the glory of our Triune God.<\/p>\t\t\t\t\t\t\t\t<\/div>\n\t\t\t\t<\/div>\n\t\t\t\t\t<\/div>\n\t\t<\/div>\n\t\t\t\t\t<\/div>\n\t\t<\/section>\n\t\t\t\t<\/div>","protected":false},"excerpt":{"rendered":"<p>Acerca de Nosotros Lleg\u00f3 entonces a Efeso &#8230;Apolos &#8230; Y comenz\u00f3 a hablar con denuedo en la sinagoga. Pero cuando Priscila y Aquila lo oyeron, lo llevaron aparte y le explicaron con mayor exactitud el camino de Dios. Cuando \u00e9l quiso pasar a Acaya, los hermanos lo animaron, &#8230;y cuando lleg\u00f3, ayud\u00f3 mucho a los que por la gracia hab\u00edan cre\u00eddo,&#8230; \u00bfQu\u00e9 es, pues, Apolos? Y \u00bfqu\u00e9 es Pablo? Servidores mediante los cuales vosotros hab\u00e9is cre\u00eddo&#8230; Porque \u00bfqui\u00e9n te distingue? \u00bfQu\u00e9 tienes que no recibiste? Y si lo recibiste, \u00bfpor qu\u00e9 te jactas como si no lo hubieras recibido? (Hechos 18:24, 26-28; 1\u00aa a los Corintios 3:5-6, 4:7 LBLA) Antes de mi llamado al ministerio pastoral, tuve la bendici\u00f3n de ser pastoreado por un hombre sabio que me llev\u00f3 aparte y me aconsej\u00f3, explic\u00e1ndome con mayor exactitud el camino de Dios. Como parte de sus consejos este pastor me introdujo, a trav\u00e9s de sus obras escritas, a pastores y maestros del pasado que le hab\u00edan sido de ayuda en su ministerio pastoral. La ayuda que he recibido de este Aquila moderno, y la ayuda que he recibido de otros a trav\u00e9s de sus escritos, a redundado para el bien de las ovejas de Cristo entre las cuales he servido al Se\u00f1or durante m\u00e1s de un cuarto de siglo, como tambi\u00e9n para el bien de otros reba\u00f1os locales de Cristo que hemos podido ayudar. Publicaciones Aquila naci\u00f3 de una carga pastoral por compartir esta clase de libros con los muchos pastores y reba\u00f1os hispanohablantes que desconocen tales fuentes de ayuda b\u00edblica. El pastor Jeff Smith y el hermano Martin Ram\u00edrez han supervisado este ministerio conmigo.\u00a0Estamos agradecidos por la ayuda sustancial que hemos recibido de miembros de otras iglesias locales. Permita Dios que el contenido de libros como estos sea usado por Dios como un Aquila o una Priscila: que nos lleve aparte y, en un contexto privado de estudio b\u00edblico y meditaci\u00f3n, nos explique con mayor exactitud el camino de Dios, para el bien de muchos, para la gloria de Dios, y para el avance del reino de nuestro amado Se\u00f1or Jesucristo. Personal Administrativo Editor General: Eugenio Pi\u00f1eroS\u00edndicos: Eugenio Pi\u00f1ero, Jeff Smith y Martin RamirezEditor Asistente: Angelo MercadoSecretaria Administrativa: Miriam PimentelVocales: Melissa Pelletier y Ariel Rodriguez Pr. Eugenio Pi\u00f1eroIglesia Bautista Reformada de North Bergen New Jersey USAPublicaciones Aquila Nuestra Visi\u00f3n Que cada publicaci\u00f3n sea una herramienta usada por el Esp\u00edritu Santo para edificar a los santos, restaurar el conocimiento b\u00edblico y llevar a muchos a una vida transformada por el evangelio de Jesucristo. Oramos para que, por medio de estos escritos, Dios levante iglesias y familias donde la Biblia sea honrada como la \u00fanica regla infalible de doctrina y pr\u00e1ctica, para la salvaci\u00f3n de las almas y la gloria de nuestro Dios Trino.<\/p>","protected":false},"author":1,"featured_media":0,"parent":0,"menu_order":0,"comment_status":"closed","ping_status":"closed","template":"elementor_canvas","meta":{"footnotes":""},"class_list":["post-1158","page","type-page","status-publish","hentry"],"yoast_head":"<!-- This site is optimized with the Yoast SEO plugin v27.4 - https:\/\/yoast.com\/product\/yoast-seo-wordpress\/ -->\n<title>Aquila - Publicaciones Aquila<\/title>\n<meta name=\"robots\" content=\"index, follow, max-snippet:-1, max-image-preview:large, max-video-preview:-1\" \/>\n<link rel=\"canonical\" href=\"https:\/\/publicacionesaquila.com\/en\/aquila\/\" \/>\n<meta property=\"og:locale\" content=\"en_US\" \/>\n<meta property=\"og:type\" content=\"article\" \/>\n<meta property=\"og:title\" content=\"Aquila - Publicaciones Aquila\" \/>\n<meta property=\"og:description\" content=\"Acerca de Nosotros Lleg\u00f3 entonces a Efeso &#8230;Apolos &#8230; Y comenz\u00f3 a hablar con denuedo en la sinagoga. Pero cuando Priscila y Aquila lo oyeron, lo llevaron aparte y le explicaron con mayor exactitud el camino de Dios. Cuando \u00e9l quiso pasar a Acaya, los hermanos lo animaron, &#8230;y cuando lleg\u00f3, ayud\u00f3 mucho a los que por la gracia hab\u00edan cre\u00eddo,&#8230; \u00bfQu\u00e9 es, pues, Apolos? Y \u00bfqu\u00e9 es Pablo? Servidores mediante los cuales vosotros hab\u00e9is cre\u00eddo&#8230; Porque \u00bfqui\u00e9n te distingue? \u00bfQu\u00e9 tienes que no recibiste? Y si lo recibiste, \u00bfpor qu\u00e9 te jactas como si no lo hubieras recibido? (Hechos 18:24, 26-28; 1\u00aa a los Corintios 3:5-6, 4:7 LBLA) Antes de mi llamado al ministerio pastoral, tuve la bendici\u00f3n de ser pastoreado por un hombre sabio que me llev\u00f3 aparte y me aconsej\u00f3, explic\u00e1ndome con mayor exactitud el camino de Dios. Como parte de sus consejos este pastor me introdujo, a trav\u00e9s de sus obras escritas, a pastores y maestros del pasado que le hab\u00edan sido de ayuda en su ministerio pastoral. La ayuda que he recibido de este Aquila moderno, y la ayuda que he recibido de otros a trav\u00e9s de sus escritos, a redundado para el bien de las ovejas de Cristo entre las cuales he servido al Se\u00f1or durante m\u00e1s de un cuarto de siglo, como tambi\u00e9n para el bien de otros reba\u00f1os locales de Cristo que hemos podido ayudar. Publicaciones Aquila naci\u00f3 de una carga pastoral por compartir esta clase de libros con los muchos pastores y reba\u00f1os hispanohablantes que desconocen tales fuentes de ayuda b\u00edblica. El pastor Jeff Smith y el hermano Martin Ram\u00edrez han supervisado este ministerio conmigo.\u00a0Estamos agradecidos por la ayuda sustancial que hemos recibido de miembros de otras iglesias locales. Permita Dios que el contenido de libros como estos sea usado por Dios como un Aquila o una Priscila: que nos lleve aparte y, en un contexto privado de estudio b\u00edblico y meditaci\u00f3n, nos explique con mayor exactitud el camino de Dios, para el bien de muchos, para la gloria de Dios, y para el avance del reino de nuestro amado Se\u00f1or Jesucristo. Personal Administrativo Editor General: Eugenio Pi\u00f1eroS\u00edndicos: Eugenio Pi\u00f1ero, Jeff Smith y Martin RamirezEditor Asistente: Angelo MercadoSecretaria Administrativa: Miriam PimentelVocales: Melissa Pelletier y Ariel Rodriguez Pr. Eugenio Pi\u00f1eroIglesia Bautista Reformada de North Bergen New Jersey USAPublicaciones Aquila Nuestra Visi\u00f3n Que cada publicaci\u00f3n sea una herramienta usada por el Esp\u00edritu Santo para edificar a los santos, restaurar el conocimiento b\u00edblico y llevar a muchos a una vida transformada por el evangelio de Jesucristo. Oramos para que, por medio de estos escritos, Dios levante iglesias y familias donde la Biblia sea honrada como la \u00fanica regla infalible de doctrina y pr\u00e1ctica, para la salvaci\u00f3n de las almas y la gloria de nuestro Dios Trino.\" \/>\n<meta property=\"og:url\" content=\"https:\/\/publicacionesaquila.com\/en\/aquila\/\" \/>\n<meta property=\"og:site_name\" content=\"Publicaciones Aquila\" \/>\n<meta property=\"article:modified_time\" content=\"2025-07-15T15:37:37+00:00\" \/>\n<meta property=\"og:image\" content=\"http:\/\/publicacionesaquila.com\/wp-content\/uploads\/2025\/06\/pastor-pinero-2023-1-1-e1750901395491.jpg\" \/>\n<meta name=\"twitter:card\" content=\"summary_large_image\" \/>\n<meta name=\"twitter:label1\" content=\"Est. reading time\" \/>\n\t<meta name=\"twitter:data1\" content=\"3 minutes\" \/>\n<script type=\"application\/ld+json\" class=\"yoast-schema-graph\">{\"@context\":\"https:\\\/\\\/schema.org\",\"@graph\":[{\"@type\":\"WebPage\",\"@id\":\"https:\\\/\\\/publicacionesaquila.com\\\/aquila\\\/\",\"url\":\"https:\\\/\\\/publicacionesaquila.com\\\/aquila\\\/\",\"name\":\"Aquila - Publicaciones Aquila\",\"isPartOf\":{\"@id\":\"https:\\\/\\\/publicacionesaquila.com\\\/#website\"},\"primaryImageOfPage\":{\"@id\":\"https:\\\/\\\/publicacionesaquila.com\\\/aquila\\\/#primaryimage\"},\"image\":{\"@id\":\"https:\\\/\\\/publicacionesaquila.com\\\/aquila\\\/#primaryimage\"},\"thumbnailUrl\":\"http:\\\/\\\/publicacionesaquila.com\\\/wp-content\\\/uploads\\\/2025\\\/06\\\/pastor-pinero-2023-1-1-e1750901395491.jpg\",\"datePublished\":\"2022-06-15T07:41:41+00:00\",\"dateModified\":\"2025-07-15T15:37:37+00:00\",\"breadcrumb\":{\"@id\":\"https:\\\/\\\/publicacionesaquila.com\\\/aquila\\\/#breadcrumb\"},\"inLanguage\":\"en-US\",\"potentialAction\":[{\"@type\":\"ReadAction\",\"target\":[\"https:\\\/\\\/publicacionesaquila.com\\\/aquila\\\/\"]}]},{\"@type\":\"ImageObject\",\"inLanguage\":\"en-US\",\"@id\":\"https:\\\/\\\/publicacionesaquila.com\\\/aquila\\\/#primaryimage\",\"url\":\"http:\\\/\\\/publicacionesaquila.com\\\/wp-content\\\/uploads\\\/2025\\\/06\\\/pastor-pinero-2023-1-1-e1750901395491.jpg\",\"contentUrl\":\"http:\\\/\\\/publicacionesaquila.com\\\/wp-content\\\/uploads\\\/2025\\\/06\\\/pastor-pinero-2023-1-1-e1750901395491.jpg\"},{\"@type\":\"BreadcrumbList\",\"@id\":\"https:\\\/\\\/publicacionesaquila.com\\\/aquila\\\/#breadcrumb\",\"itemListElement\":[{\"@type\":\"ListItem\",\"position\":1,\"name\":\"Portada\",\"item\":\"https:\\\/\\\/publicacionesaquila.com\\\/\"},{\"@type\":\"ListItem\",\"position\":2,\"name\":\"Aquila\"}]},{\"@type\":\"WebSite\",\"@id\":\"https:\\\/\\\/publicacionesaquila.com\\\/#website\",\"url\":\"https:\\\/\\\/publicacionesaquila.com\\\/\",\"name\":\"Publicaciones Aquila\",\"description\":\"Cat\u00e1logo de Libros\",\"potentialAction\":[{\"@type\":\"SearchAction\",\"target\":{\"@type\":\"EntryPoint\",\"urlTemplate\":\"https:\\\/\\\/publicacionesaquila.com\\\/?s={search_term_string}\"},\"query-input\":{\"@type\":\"PropertyValueSpecification\",\"valueRequired\":true,\"valueName\":\"search_term_string\"}}],\"inLanguage\":\"en-US\"}]}<\/script>\n<!-- \/ Yoast SEO plugin. -->","yoast_head_json":{"title":"Aquila - Publicaciones Aquila","robots":{"index":"index","follow":"follow","max-snippet":"max-snippet:-1","max-image-preview":"max-image-preview:large","max-video-preview":"max-video-preview:-1"},"canonical":"https:\/\/publicacionesaquila.com\/en\/aquila\/","og_locale":"en_US","og_type":"article","og_title":"Aquila - Publicaciones Aquila","og_description":"Acerca de Nosotros Lleg\u00f3 entonces a Efeso &#8230;Apolos &#8230; Y comenz\u00f3 a hablar con denuedo en la sinagoga. Pero cuando Priscila y Aquila lo oyeron, lo llevaron aparte y le explicaron con mayor exactitud el camino de Dios. Cuando \u00e9l quiso pasar a Acaya, los hermanos lo animaron, &#8230;y cuando lleg\u00f3, ayud\u00f3 mucho a los que por la gracia hab\u00edan cre\u00eddo,&#8230; \u00bfQu\u00e9 es, pues, Apolos? Y \u00bfqu\u00e9 es Pablo? Servidores mediante los cuales vosotros hab\u00e9is cre\u00eddo&#8230; Porque \u00bfqui\u00e9n te distingue? \u00bfQu\u00e9 tienes que no recibiste? Y si lo recibiste, \u00bfpor qu\u00e9 te jactas como si no lo hubieras recibido? (Hechos 18:24, 26-28; 1\u00aa a los Corintios 3:5-6, 4:7 LBLA) Antes de mi llamado al ministerio pastoral, tuve la bendici\u00f3n de ser pastoreado por un hombre sabio que me llev\u00f3 aparte y me aconsej\u00f3, explic\u00e1ndome con mayor exactitud el camino de Dios. Como parte de sus consejos este pastor me introdujo, a trav\u00e9s de sus obras escritas, a pastores y maestros del pasado que le hab\u00edan sido de ayuda en su ministerio pastoral. La ayuda que he recibido de este Aquila moderno, y la ayuda que he recibido de otros a trav\u00e9s de sus escritos, a redundado para el bien de las ovejas de Cristo entre las cuales he servido al Se\u00f1or durante m\u00e1s de un cuarto de siglo, como tambi\u00e9n para el bien de otros reba\u00f1os locales de Cristo que hemos podido ayudar. Publicaciones Aquila naci\u00f3 de una carga pastoral por compartir esta clase de libros con los muchos pastores y reba\u00f1os hispanohablantes que desconocen tales fuentes de ayuda b\u00edblica. El pastor Jeff Smith y el hermano Martin Ram\u00edrez han supervisado este ministerio conmigo.\u00a0Estamos agradecidos por la ayuda sustancial que hemos recibido de miembros de otras iglesias locales. Permita Dios que el contenido de libros como estos sea usado por Dios como un Aquila o una Priscila: que nos lleve aparte y, en un contexto privado de estudio b\u00edblico y meditaci\u00f3n, nos explique con mayor exactitud el camino de Dios, para el bien de muchos, para la gloria de Dios, y para el avance del reino de nuestro amado Se\u00f1or Jesucristo. Personal Administrativo Editor General: Eugenio Pi\u00f1eroS\u00edndicos: Eugenio Pi\u00f1ero, Jeff Smith y Martin RamirezEditor Asistente: Angelo MercadoSecretaria Administrativa: Miriam PimentelVocales: Melissa Pelletier y Ariel Rodriguez Pr. Eugenio Pi\u00f1eroIglesia Bautista Reformada de North Bergen New Jersey USAPublicaciones Aquila Nuestra Visi\u00f3n Que cada publicaci\u00f3n sea una herramienta usada por el Esp\u00edritu Santo para edificar a los santos, restaurar el conocimiento b\u00edblico y llevar a muchos a una vida transformada por el evangelio de Jesucristo. Oramos para que, por medio de estos escritos, Dios levante iglesias y familias donde la Biblia sea honrada como la \u00fanica regla infalible de doctrina y pr\u00e1ctica, para la salvaci\u00f3n de las almas y la gloria de nuestro Dios Trino.","og_url":"https:\/\/publicacionesaquila.com\/en\/aquila\/","og_site_name":"Publicaciones Aquila","article_modified_time":"2025-07-15T15:37:37+00:00","og_image":[{"url":"http:\/\/publicacionesaquila.com\/wp-content\/uploads\/2025\/06\/pastor-pinero-2023-1-1-e1750901395491.jpg","type":"","width":"","height":""}],"twitter_card":"summary_large_image","twitter_misc":{"Est. reading time":"3 minutes"},"schema":{"@context":"https:\/\/schema.org","@graph":[{"@type":"WebPage","@id":"https:\/\/publicacionesaquila.com\/aquila\/","url":"https:\/\/publicacionesaquila.com\/aquila\/","name":"Aquila - Publicaciones Aquila","isPartOf":{"@id":"https:\/\/publicacionesaquila.com\/#website"},"primaryImageOfPage":{"@id":"https:\/\/publicacionesaquila.com\/aquila\/#primaryimage"},"image":{"@id":"https:\/\/publicacionesaquila.com\/aquila\/#primaryimage"},"thumbnailUrl":"http:\/\/publicacionesaquila.com\/wp-content\/uploads\/2025\/06\/pastor-pinero-2023-1-1-e1750901395491.jpg","datePublished":"2022-06-15T07:41:41+00:00","dateModified":"2025-07-15T15:37:37+00:00","breadcrumb":{"@id":"https:\/\/publicacionesaquila.com\/aquila\/#breadcrumb"},"inLanguage":"en-US","potentialAction":[{"@type":"ReadAction","target":["https:\/\/publicacionesaquila.com\/aquila\/"]}]},{"@type":"ImageObject","inLanguage":"en-US","@id":"https:\/\/publicacionesaquila.com\/aquila\/#primaryimage","url":"http:\/\/publicacionesaquila.com\/wp-content\/uploads\/2025\/06\/pastor-pinero-2023-1-1-e1750901395491.jpg","contentUrl":"http:\/\/publicacionesaquila.com\/wp-content\/uploads\/2025\/06\/pastor-pinero-2023-1-1-e1750901395491.jpg"},{"@type":"BreadcrumbList","@id":"https:\/\/publicacionesaquila.com\/aquila\/#breadcrumb","itemListElement":[{"@type":"ListItem","position":1,"name":"Portada","item":"https:\/\/publicacionesaquila.com\/"},{"@type":"ListItem","position":2,"name":"Aquila"}]},{"@type":"WebSite","@id":"https:\/\/publicacionesaquila.com\/#website","url":"https:\/\/publicacionesaquila.com\/","name":"Aquila Publications","description":"Cat\u00e1logo de Libros","potentialAction":[{"@type":"SearchAction","target":{"@type":"EntryPoint","urlTemplate":"https:\/\/publicacionesaquila.com\/?s={search_term_string}"},"query-input":{"@type":"PropertyValueSpecification","valueRequired":true,"valueName":"search_term_string"}}],"inLanguage":"en-US"}]}},"_links":{"self":[{"href":"https:\/\/publicacionesaquila.com\/en\/wp-json\/wp\/v2\/pages\/1158","targetHints":{"allow":["GET"]}}],"collection":[{"href":"https:\/\/publicacionesaquila.com\/en\/wp-json\/wp\/v2\/pages"}],"about":[{"href":"https:\/\/publicacionesaquila.com\/en\/wp-json\/wp\/v2\/types\/page"}],"author":[{"embeddable":true,"href":"https:\/\/publicacionesaquila.com\/en\/wp-json\/wp\/v2\/users\/1"}],"replies":[{"embeddable":true,"href":"https:\/\/publicacionesaquila.com\/en\/wp-json\/wp\/v2\/comments?post=1158"}],"version-history":[{"count":143,"href":"https:\/\/publicacionesaquila.com\/en\/wp-json\/wp\/v2\/pages\/1158\/revisions"}],"predecessor-version":[{"id":4766,"href":"https:\/\/publicacionesaquila.com\/en\/wp-json\/wp\/v2\/pages\/1158\/revisions\/4766"}],"wp:attachment":[{"href":"https:\/\/publicacionesaquila.com\/en\/wp-json\/wp\/v2\/media?parent=1158"}],"curies":[{"name":"wp","href":"https:\/\/api.w.org\/{rel}","templated":true}]}}